{"id":217779,"date":"2025-09-02T12:02:33","date_gmt":"2025-09-02T12:02:33","guid":{"rendered":"https:\/\/homeofwool.com\/?post_type=product&#038;p=217779"},"modified":"2026-02-09T13:03:12","modified_gmt":"2026-02-09T13:03:12","slug":"chouchou-pour-cheveux","status":"publish","type":"product","link":"https:\/\/homeofwool.com\/fr\/shop\/hair-scrunchie\/","title":{"rendered":"Chouchou pour cheveux"},"content":{"rendered":"<p>Cet \u00e9lastique \u00e0 cheveux \u00e9thique s'inscrit dans notre engagement en faveur d'un design r\u00e9fl\u00e9chi et durable. Pour la cr\u00e9ation de nos \u00e9lastiques, nous utilisons des chutes de soie de m\u00fbrier. Ainsi, rien de ce tissu haut de gamme n'est gaspill\u00e9 et chaque \u00e9lastique trouve une utilit\u00e9. En utilisant des tissus recycl\u00e9s, nous r\u00e9duisons les d\u00e9chets et donnons une seconde vie aux mat\u00e9riaux, faisant de chaque \u00e9lastique un symbole d'un mode de vie conscient.<\/p>\n<p>La soie est naturellement douce et lisse. Le chouchou glisse dans vos cheveux sans les tirer ni les casser. Il offre une tenue douce qui convient \u00e0 de nombreuses coiffures. Que vous attachiez vos cheveux en queue de cheval ou que vous les torsadiez en un chignon l\u00e2che, ce chouchou en soie s'adapte parfaitement. Vous pouvez m\u00eame le porter au poignet, il restera \u00e9l\u00e9gant et naturel. Sans mati\u00e8res synth\u00e9tiques, il est s\u00fbr et doux pour les cheveux fragiles. Les coiffeurs recommandent souvent les accessoires en soie pour les cheveux en raison des acides amin\u00e9s naturels pr\u00e9sents dans la fibre de soie. Ils aident \u00e0 r\u00e9duire les frottements, rendant les cheveux plus brillants et moins cassants.<\/p>","protected":false},"excerpt":{"rendered":"<p>Ajoutez une touche de style durable et de charme \u00e0 vos looks avec cet \u00e9lastique \u00e0 cheveux en tissu recycl\u00e9, issu de notre mission Z\u00e9ro d\u00e9chet. Fabriqu\u00e9 \u00e0 partir de chutes de soie de m\u00fbrier de premi\u00e8re qualit\u00e9, il offre une tenue douce qui emp\u00eache les cassures. Simple et fabriqu\u00e9 avec soin pour vous et l'environnement.<\/p>\n<p><strong>Tissu<\/strong>: 100% Soie de m\u00fbrier (50 momme)<\/p>\n<div class=\"global-icon-set\">\n<div class=\"global-icon-set__items\">\n<div class=\"global-icon-set__item\">\n<div class=\"global-icon-set__image\">\n                                    <img decoding=\"async\" src=\"https:\/\/homeofwool.com\/wp-content\/uploads\/2025\/09\/handmade-icon-300x300.png\" alt=\"ic\u00f4ne artisanale\" \/>\n                                <\/div>\n<div class=\"global-icon-set__title\">Fait \u00e0 la main<\/div>\n<\/p><\/div>\n<div class=\"global-icon-set__item\">\n<div class=\"global-icon-set__image\">\n                                    <img decoding=\"async\" src=\"https:\/\/homeofwool.com\/wp-content\/uploads\/2025\/09\/VOCs-min-300x300.png\" alt=\"vocs libre\" \/>\n                                <\/div>\n<div class=\"global-icon-set__title\">Sans COV<\/div>\n<\/p><\/div>\n<div class=\"global-icon-set__item\">\n<div class=\"global-icon-set__image\">\n                                    <img decoding=\"async\" src=\"https:\/\/homeofwool.com\/wp-content\/uploads\/2025\/09\/FR-min-300x300.png\" alt=\"ic\u00f4ne de r\u00e9sistance au feu\" \/>\n                                <\/div>\n<div class=\"global-icon-set__title\">R\u00e9sistant \u00e0 la flamme<\/div>\n<\/p><\/div>\n<div class=\"global-icon-set__item\">\n<div class=\"global-icon-set__image\">\n                                    <img decoding=\"async\" src=\"https:\/\/homeofwool.com\/wp-content\/uploads\/2025\/09\/Hypoallergenic-min-300x300.png\" alt=\"ic\u00f4ne hypoallerg\u00e9nique\" \/>\n                                <\/div>\n<div class=\"global-icon-set__title\">Hypoallerg\u00e9nique<\/div>\n<\/p><\/div>\n<div class=\"global-icon-set__item\">\n<div class=\"global-icon-set__image\">\n                                    <img decoding=\"async\" src=\"https:\/\/homeofwool.com\/wp-content\/uploads\/2025\/09\/free-of-synthetics-icon-300x300.png\" alt=\"sans mati\u00e8res synth\u00e9tiques ic\u00f4ne\" \/>\n                                <\/div>\n<div class=\"global-icon-set__title\">Sans mati\u00e8res synth\u00e9tiques<\/div>\n<\/p><\/div>\n<div class=\"global-icon-set__item\">\n<div class=\"global-icon-set__image\">\n                                    <img decoding=\"async\" src=\"https:\/\/homeofwool.com\/wp-content\/uploads\/2025\/09\/chemical-free-icon-300x300.png\" alt=\"ic\u00f4ne de l&#039;absence de produits chimiques\" \/>\n                                <\/div>\n<div class=\"global-icon-set__title\">Sans produits chimiques<\/div>\n<\/p><\/div>\n<div class=\"global-icon-set__item\">\n<div class=\"global-icon-set__image\">\n                                    <img decoding=\"async\" src=\"https:\/\/homeofwool.com\/wp-content\/uploads\/2025\/09\/certified-materials-icon-300x300.png\" alt=\"ic\u00f4ne des mat\u00e9riaux certifi\u00e9s\" \/>\n                                <\/div>\n<div class=\"global-icon-set__title\">100% Mat\u00e9riaux certifi\u00e9s purs<\/div>\n<\/p><\/div>\n<\/p><\/div>\n<\/p><\/div>","protected":false},"featured_media":219680,"template":"","meta":{"_acf_changed":false},"product_brand":[],"product_cat":[557,590,174,847],"product_tag":[1370],"class_list":{"0":"post-217779","1":"product","2":"type-product","3":"status-publish","4":"has-post-thumbnail","6":"product_cat-new","7":"product_cat-accessories","8":"product_cat-zero-waste","9":"product_cat-zero-waste-day-2025","10":"product_tag-nosteps","12":"first","13":"instock","14":"shipping-taxable","15":"purchasable","16":"product-type-simple"},"acf":[],"yoast_head":"<!-- This site is optimized with the Yoast SEO Premium plugin v27.3 (Yoast SEO v27.3) - https:\/\/yoast.com\/product\/yoast-seo-premium-wordpress\/ -->\n<title>Scrunchie \u2013 Zero Waste &amp; Gentle on Your Hair | Home of Wool<\/title>\n<meta name=\"description\" content=\"Zero-waste and gentle, the Scrunchie is made from natural fabrics for breathable comfort. Eco-friendly and toxin-free, it protects hair while adding sustainable style to everyday looks.\" \/>\n<meta name=\"robots\" content=\"index, follow, max-snippet:-1, max-image-preview:large, max-video-preview:-1\" \/>\n<link rel=\"canonical\" href=\"https:\/\/homeofwool.com\/fr\/boutique\/chouchou-pour-cheveux\/\" \/>\n<meta property=\"og:locale\" content=\"fr_FR\" \/>\n<meta property=\"og:type\" content=\"article\" \/>\n<meta property=\"og:title\" content=\"Hair Scrunchie\" \/>\n<meta property=\"og:description\" content=\"Zero-waste and gentle, the Scrunchie is made from natural fabrics for breathable comfort. Eco-friendly and toxin-free, it protects hair while adding sustainable style to everyday looks.\" \/>\n<meta property=\"og:url\" content=\"https:\/\/homeofwool.com\/fr\/boutique\/chouchou-pour-cheveux\/\" \/>\n<meta property=\"og:site_name\" content=\"Home of Wool\" \/>\n<meta property=\"article:publisher\" content=\"https:\/\/facebook.com\/HomeOfWoolOfficial\" \/>\n<meta property=\"article:modified_time\" content=\"2026-02-09T13:03:12+00:00\" \/>\n<meta property=\"og:image\" content=\"https:\/\/homeofwool.com\/wp-content\/uploads\/2025\/09\/home-of-wool-wool-scrunchie-1-main.jpg\" \/>\n\t<meta property=\"og:image:width\" content=\"2000\" \/>\n\t<meta property=\"og:image:height\" content=\"1601\" \/>\n\t<meta property=\"og:image:type\" content=\"image\/jpeg\" \/>\n<meta name=\"twitter:card\" content=\"summary_large_image\" \/>\n<meta name=\"twitter:label1\" content=\"Dur\u00e9e de lecture estim\u00e9e\" \/>\n\t<meta name=\"twitter:data1\" content=\"1 minute\" \/>\n<script type=\"application\/ld+json\" class=\"yoast-schema-graph\">{\"@context\":\"https:\\\/\\\/schema.org\",\"@graph\":[{\"@type\":\"WebPage\",\"@id\":\"https:\\\/\\\/homeofwool.com\\\/de\\\/shop\\\/haargummi\\\/\",\"url\":\"https:\\\/\\\/homeofwool.com\\\/de\\\/shop\\\/haargummi\\\/\",\"name\":\"Scrunchie \u2013 Zero Waste & Gentle on Your Hair | Home of Wool\",\"isPartOf\":{\"@id\":\"https:\\\/\\\/homeofwool.com\\\/#website\"},\"primaryImageOfPage\":{\"@id\":\"https:\\\/\\\/homeofwool.com\\\/de\\\/shop\\\/haargummi\\\/#primaryimage\"},\"image\":{\"@id\":\"https:\\\/\\\/homeofwool.com\\\/de\\\/shop\\\/haargummi\\\/#primaryimage\"},\"thumbnailUrl\":\"https:\\\/\\\/homeofwool.com\\\/wp-content\\\/uploads\\\/2025\\\/09\\\/home-of-wool-wool-scrunchie-1-main.jpg\",\"datePublished\":\"2025-09-02T12:02:33+00:00\",\"dateModified\":\"2026-02-09T13:03:12+00:00\",\"description\":\"Zero-waste and gentle, the Scrunchie is made from natural fabrics for breathable comfort. Eco-friendly and toxin-free, it protects hair while adding sustainable style to everyday looks.\",\"breadcrumb\":{\"@id\":\"https:\\\/\\\/homeofwool.com\\\/de\\\/shop\\\/haargummi\\\/#breadcrumb\"},\"inLanguage\":\"fr-FR\",\"potentialAction\":[{\"@type\":\"ReadAction\",\"target\":[\"https:\\\/\\\/homeofwool.com\\\/de\\\/shop\\\/haargummi\\\/\"]}]},{\"@type\":\"ImageObject\",\"inLanguage\":\"fr-FR\",\"@id\":\"https:\\\/\\\/homeofwool.com\\\/de\\\/shop\\\/haargummi\\\/#primaryimage\",\"url\":\"https:\\\/\\\/homeofwool.com\\\/wp-content\\\/uploads\\\/2025\\\/09\\\/home-of-wool-wool-scrunchie-1-main.jpg\",\"contentUrl\":\"https:\\\/\\\/homeofwool.com\\\/wp-content\\\/uploads\\\/2025\\\/09\\\/home-of-wool-wool-scrunchie-1-main.jpg\",\"width\":2000,\"height\":1601,\"caption\":\"Wool Scrunchie\"},{\"@type\":\"BreadcrumbList\",\"@id\":\"https:\\\/\\\/homeofwool.com\\\/de\\\/shop\\\/haargummi\\\/#breadcrumb\",\"itemListElement\":[{\"@type\":\"ListItem\",\"position\":1,\"name\":\"Home\",\"item\":\"https:\\\/\\\/homeofwool.com\\\/\"},{\"@type\":\"ListItem\",\"position\":2,\"name\":\"Products\",\"item\":\"https:\\\/\\\/homeofwool.com\\\/header-search-2\\\/\"},{\"@type\":\"ListItem\",\"position\":3,\"name\":\"Hair Scrunchie\"}]},{\"@type\":\"WebSite\",\"@id\":\"https:\\\/\\\/homeofwool.com\\\/#website\",\"url\":\"https:\\\/\\\/homeofwool.com\\\/\",\"name\":\"Home of Wool\",\"description\":\"\",\"publisher\":{\"@id\":\"https:\\\/\\\/homeofwool.com\\\/#organization\"},\"potentialAction\":[{\"@type\":\"SearchAction\",\"target\":{\"@type\":\"EntryPoint\",\"urlTemplate\":\"https:\\\/\\\/homeofwool.com\\\/?s={search_term_string}\"},\"query-input\":{\"@type\":\"PropertyValueSpecification\",\"valueRequired\":true,\"valueName\":\"search_term_string\"}}],\"inLanguage\":\"fr-FR\"},{\"@type\":\"Organization\",\"@id\":\"https:\\\/\\\/homeofwool.com\\\/#organization\",\"name\":\"Home of Wool\",\"url\":\"https:\\\/\\\/homeofwool.com\\\/\",\"logo\":{\"@type\":\"ImageObject\",\"inLanguage\":\"fr-FR\",\"@id\":\"https:\\\/\\\/homeofwool.com\\\/#\\\/schema\\\/logo\\\/image\\\/\",\"url\":\"https:\\\/\\\/homeofwool.com\\\/wp-content\\\/uploads\\\/2025\\\/09\\\/WhatsApp-Image-2025-12-02-at-16.23.20.jpeg\",\"contentUrl\":\"https:\\\/\\\/homeofwool.com\\\/wp-content\\\/uploads\\\/2025\\\/09\\\/WhatsApp-Image-2025-12-02-at-16.23.20.jpeg\",\"width\":700,\"height\":247,\"caption\":\"Home of Wool\"},\"image\":{\"@id\":\"https:\\\/\\\/homeofwool.com\\\/#\\\/schema\\\/logo\\\/image\\\/\"},\"sameAs\":[\"https:\\\/\\\/facebook.com\\\/HomeOfWoolOfficial\"]}]}<\/script>\n<!-- \/ Yoast SEO Premium plugin. -->","yoast_head_json":{"title":"Chouchou \u2013 Z\u00e9ro d\u00e9chet et doux pour vos cheveux | Home of Wool","description":"Z\u00e9ro d\u00e9chet et doux, le Scrunchie est fabriqu\u00e9 \u00e0 partir de tissus naturels pour un confort respirant. \u00c9cologique et sans toxines, il prot\u00e8ge les cheveux tout en ajoutant une touche de style durable \u00e0 vos tenues quotidiennes.","robots":{"index":"index","follow":"follow","max-snippet":"max-snippet:-1","max-image-preview":"max-image-preview:large","max-video-preview":"max-video-preview:-1"},"canonical":"https:\/\/homeofwool.com\/fr\/boutique\/chouchou-pour-cheveux\/","og_locale":"fr_FR","og_type":"article","og_title":"Hair Scrunchie","og_description":"Zero-waste and gentle, the Scrunchie is made from natural fabrics for breathable comfort. Eco-friendly and toxin-free, it protects hair while adding sustainable style to everyday looks.","og_url":"https:\/\/homeofwool.com\/fr\/boutique\/chouchou-pour-cheveux\/","og_site_name":"Home of Wool","article_publisher":"https:\/\/facebook.com\/HomeOfWoolOfficial","article_modified_time":"2026-02-09T13:03:12+00:00","og_image":[{"width":2000,"height":1601,"url":"https:\/\/homeofwool.com\/wp-content\/uploads\/2025\/09\/home-of-wool-wool-scrunchie-1-main.jpg","type":"image\/jpeg"}],"twitter_card":"summary_large_image","twitter_misc":{"Dur\u00e9e de lecture estim\u00e9e":"1 minute"},"schema":{"@context":"https:\/\/schema.org","@graph":[{"@type":"WebPage","@id":"https:\/\/homeofwool.com\/de\/shop\/haargummi\/","url":"https:\/\/homeofwool.com\/de\/shop\/haargummi\/","name":"Chouchou \u2013 Z\u00e9ro d\u00e9chet et doux pour vos cheveux | Home of Wool","isPartOf":{"@id":"https:\/\/homeofwool.com\/#website"},"primaryImageOfPage":{"@id":"https:\/\/homeofwool.com\/de\/shop\/haargummi\/#primaryimage"},"image":{"@id":"https:\/\/homeofwool.com\/de\/shop\/haargummi\/#primaryimage"},"thumbnailUrl":"https:\/\/homeofwool.com\/wp-content\/uploads\/2025\/09\/home-of-wool-wool-scrunchie-1-main.jpg","datePublished":"2025-09-02T12:02:33+00:00","dateModified":"2026-02-09T13:03:12+00:00","description":"Z\u00e9ro d\u00e9chet et doux, le Scrunchie est fabriqu\u00e9 \u00e0 partir de tissus naturels pour un confort respirant. \u00c9cologique et sans toxines, il prot\u00e8ge les cheveux tout en ajoutant une touche de style durable \u00e0 vos tenues quotidiennes.","breadcrumb":{"@id":"https:\/\/homeofwool.com\/de\/shop\/haargummi\/#breadcrumb"},"inLanguage":"fr-FR","potentialAction":[{"@type":"ReadAction","target":["https:\/\/homeofwool.com\/de\/shop\/haargummi\/"]}]},{"@type":"ImageObject","inLanguage":"fr-FR","@id":"https:\/\/homeofwool.com\/de\/shop\/haargummi\/#primaryimage","url":"https:\/\/homeofwool.com\/wp-content\/uploads\/2025\/09\/home-of-wool-wool-scrunchie-1-main.jpg","contentUrl":"https:\/\/homeofwool.com\/wp-content\/uploads\/2025\/09\/home-of-wool-wool-scrunchie-1-main.jpg","width":2000,"height":1601,"caption":"Wool Scrunchie"},{"@type":"BreadcrumbList","@id":"https:\/\/homeofwool.com\/de\/shop\/haargummi\/#breadcrumb","itemListElement":[{"@type":"ListItem","position":1,"name":"Home","item":"https:\/\/homeofwool.com\/"},{"@type":"ListItem","position":2,"name":"Products","item":"https:\/\/homeofwool.com\/header-search-2\/"},{"@type":"ListItem","position":3,"name":"Hair Scrunchie"}]},{"@type":"WebSite","@id":"https:\/\/homeofwool.com\/#website","url":"https:\/\/homeofwool.com\/","name":"La maison de la laine","description":"","publisher":{"@id":"https:\/\/homeofwool.com\/#organization"},"potentialAction":[{"@type":"SearchAction","target":{"@type":"EntryPoint","urlTemplate":"https:\/\/homeofwool.com\/?s={search_term_string}"},"query-input":{"@type":"PropertyValueSpecification","valueRequired":true,"valueName":"search_term_string"}}],"inLanguage":"fr-FR"},{"@type":"Organization","@id":"https:\/\/homeofwool.com\/#organization","name":"La maison de la laine","url":"https:\/\/homeofwool.com\/","logo":{"@type":"ImageObject","inLanguage":"fr-FR","@id":"https:\/\/homeofwool.com\/#\/schema\/logo\/image\/","url":"https:\/\/homeofwool.com\/wp-content\/uploads\/2025\/09\/WhatsApp-Image-2025-12-02-at-16.23.20.jpeg","contentUrl":"https:\/\/homeofwool.com\/wp-content\/uploads\/2025\/09\/WhatsApp-Image-2025-12-02-at-16.23.20.jpeg","width":700,"height":247,"caption":"Home of Wool"},"image":{"@id":"https:\/\/homeofwool.com\/#\/schema\/logo\/image\/"},"sameAs":["https:\/\/facebook.com\/HomeOfWoolOfficial"]}]}},"_links":{"self":[{"href":"https:\/\/homeofwool.com\/fr\/wp-json\/wp\/v2\/product\/217779","targetHints":{"allow":["GET"]}}],"collection":[{"href":"https:\/\/homeofwool.com\/fr\/wp-json\/wp\/v2\/product"}],"about":[{"href":"https:\/\/homeofwool.com\/fr\/wp-json\/wp\/v2\/types\/product"}],"version-history":[{"count":1,"href":"https:\/\/homeofwool.com\/fr\/wp-json\/wp\/v2\/product\/217779\/revisions"}],"predecessor-version":[{"id":227348,"href":"https:\/\/homeofwool.com\/fr\/wp-json\/wp\/v2\/product\/217779\/revisions\/227348"}],"wp:featuredmedia":[{"embeddable":true,"href":"https:\/\/homeofwool.com\/fr\/wp-json\/wp\/v2\/media\/219680"}],"wp:attachment":[{"href":"https:\/\/homeofwool.com\/fr\/wp-json\/wp\/v2\/media?parent=217779"}],"wp:term":[{"taxonomy":"product_brand","embeddable":true,"href":"https:\/\/homeofwool.com\/fr\/wp-json\/wp\/v2\/product_brand?post=217779"},{"taxonomy":"product_cat","embeddable":true,"href":"https:\/\/homeofwool.com\/fr\/wp-json\/wp\/v2\/product_cat?post=217779"},{"taxonomy":"product_tag","embeddable":true,"href":"https:\/\/homeofwool.com\/fr\/wp-json\/wp\/v2\/product_tag?post=217779"}],"curies":[{"name":"wp","href":"https:\/\/api.w.org\/{rel}","templated":true}]}}