{"id":217767,"date":"2025-09-02T12:02:33","date_gmt":"2025-09-02T12:02:33","guid":{"rendered":"https:\/\/homeofwool.com\/?post_type=product&#038;p=217767"},"modified":"2026-01-27T13:11:08","modified_gmt":"2026-01-27T13:11:08","slug":"couverture-bebe-en-laine-merinos","status":"publish","type":"product","link":"https:\/\/homeofwool.com\/fr\/shop\/baby-merino-blanket\/","title":{"rendered":"Couverture pour b\u00e9b\u00e9 en laine m\u00e9rinos"},"content":{"rendered":"<p>Cette couverture pour b\u00e9b\u00e9 Home of Wool est habilement tiss\u00e9e \u00e0 partir de laine biologique 100% certifi\u00e9e OEKO-TEX. Elle est d\u00e9licate et douce comme la laine m\u00e9rinos. C'est une couverture en laine douce pour b\u00e9b\u00e9s qui procure une sensation de chaleur r\u00e9confortante.<\/p>\n<p>La laine m\u00e9rinos laisse respirer la peau de votre b\u00e9b\u00e9, pour qu'il soit \u00e0 l'aise et dorme mieux. Et comme elle est naturellement hypoallerg\u00e9nique et repousse les acariens, elle convient parfaitement aux tout-petits qui ont des allergies ou la peau sensible. Elle ne contient ni produits chimiques ni colorants. Pas de mati\u00e8res synth\u00e9tiques, z\u00e9ro COV. La couverture naturelle pour b\u00e9b\u00e9 \u00e0 laquelle vous pouvez faire confiance.<\/p>\n<p>Facile \u00e0 transporter et incroyablement douillette, cette couverture en laine m\u00e9rinos biologique est id\u00e9ale pour les berceaux, les poussettes et les d\u00e9placements.<\/p>\n<p>Tiss\u00e9 de mani\u00e8re traditionnelle pour une qualit\u00e9 et une durabilit\u00e9 exceptionnelles, il est destin\u00e9 \u00e0 devenir la couverture pr\u00e9f\u00e9r\u00e9e de votre b\u00e9b\u00e9. Et pourquoi pas un magnifique h\u00e9ritage que votre famille ch\u00e9rira pendant des g\u00e9n\u00e9rations !<\/p>\n<p><strong>TAILLE<\/strong>: 150 cm x 100 cm<br \/>\n<strong>MAT\u00c9RIAU<\/strong>: 100% Laine m\u00e9rinos (certifi\u00e9e Oeko-Tex)<br \/>\n<strong>POIDS<\/strong>: 1,3 lb \/ 0,6 kg<\/p>","protected":false},"excerpt":{"rendered":"<div class=\"ql-block\" data-block-id=\"block-54b5b4ac-847a-4b7d-b222-79f73947fa9e\">Enveloppez votre tout-petit dans un confort absolu gr\u00e2ce \u00e0 notre couverture pour b\u00e9b\u00e9 en laine m\u00e9rinos. Douce pour les peaux sensibles et sans danger pour les tout-petits. Fabriqu\u00e9e \u00e0 partir de laine m\u00e9rinos biologique 100%, cette couverture douce pour b\u00e9b\u00e9 emp\u00eache la surchauffe et garde votre b\u00e9b\u00e9 bien au chaud. Parfaite comme couverture de r\u00e9confort pour des siestes paisibles et des c\u00e2lins heureux.<\/div>\n<div class=\"global-icon-set\">\n<div class=\"global-icon-set__items\">\n<div class=\"global-icon-set__item\">\n<div class=\"global-icon-set__image\">\n                                    <img decoding=\"async\" src=\"https:\/\/homeofwool.com\/wp-content\/uploads\/2025\/09\/handmade-icon-300x300.png\" alt=\"ic\u00f4ne artisanale\" \/>\n                                <\/div>\n<div class=\"global-icon-set__title\">Fait \u00e0 la main<\/div>\n<\/p><\/div>\n<div class=\"global-icon-set__item\">\n<div class=\"global-icon-set__image\">\n                                    <img decoding=\"async\" src=\"https:\/\/homeofwool.com\/wp-content\/uploads\/2025\/09\/VOCs-min-300x300.png\" alt=\"vocs libre\" \/>\n                                <\/div>\n<div class=\"global-icon-set__title\">Sans COV<\/div>\n<\/p><\/div>\n<div class=\"global-icon-set__item\">\n<div class=\"global-icon-set__image\">\n                                    <img decoding=\"async\" src=\"https:\/\/homeofwool.com\/wp-content\/uploads\/2025\/09\/FR-min-300x300.png\" alt=\"ic\u00f4ne de r\u00e9sistance au feu\" \/>\n                                <\/div>\n<div class=\"global-icon-set__title\">R\u00e9sistant \u00e0 la flamme<\/div>\n<\/p><\/div>\n<div class=\"global-icon-set__item\">\n<div class=\"global-icon-set__image\">\n                                    <img decoding=\"async\" src=\"https:\/\/homeofwool.com\/wp-content\/uploads\/2025\/09\/Hypoallergenic-min-300x300.png\" alt=\"ic\u00f4ne hypoallerg\u00e9nique\" \/>\n                                <\/div>\n<div class=\"global-icon-set__title\">Hypoallerg\u00e9nique<\/div>\n<\/p><\/div>\n<div class=\"global-icon-set__item\">\n<div class=\"global-icon-set__image\">\n                                    <img decoding=\"async\" src=\"https:\/\/homeofwool.com\/wp-content\/uploads\/2025\/09\/free-of-synthetics-icon-300x300.png\" alt=\"sans mati\u00e8res synth\u00e9tiques ic\u00f4ne\" \/>\n                                <\/div>\n<div class=\"global-icon-set__title\">Sans mati\u00e8res synth\u00e9tiques<\/div>\n<\/p><\/div>\n<div class=\"global-icon-set__item\">\n<div class=\"global-icon-set__image\">\n                                    <img decoding=\"async\" src=\"https:\/\/homeofwool.com\/wp-content\/uploads\/2025\/09\/chemical-free-icon-300x300.png\" alt=\"ic\u00f4ne de l&#039;absence de produits chimiques\" \/>\n                                <\/div>\n<div class=\"global-icon-set__title\">Sans produits chimiques<\/div>\n<\/p><\/div>\n<div class=\"global-icon-set__item\">\n<div class=\"global-icon-set__image\">\n                                    <img decoding=\"async\" src=\"https:\/\/homeofwool.com\/wp-content\/uploads\/2025\/09\/anti-bacterial-icon-300x300.png\" alt=\"ic\u00f4ne anti-bact\u00e9rien\" \/>\n                                <\/div>\n<div class=\"global-icon-set__title\">Anti-microbien et anti-bact\u00e9rien<\/div>\n<\/p><\/div>\n<div class=\"global-icon-set__item\">\n<div class=\"global-icon-set__image\">\n                                    <img decoding=\"async\" src=\"https:\/\/homeofwool.com\/wp-content\/uploads\/2025\/09\/certified-materials-icon-300x300.png\" alt=\"ic\u00f4ne des mat\u00e9riaux certifi\u00e9s\" \/>\n                                <\/div>\n<div class=\"global-icon-set__title\">100% Mat\u00e9riaux certifi\u00e9s purs<\/div>\n<\/p><\/div>\n<\/p><\/div>\n<\/p><\/div>","protected":false},"featured_media":219339,"template":"","meta":{"_acf_changed":false},"product_brand":[],"product_cat":[557,60],"product_tag":[61,62,63,65,772,773,774,68],"class_list":{"0":"post-217767","1":"product","2":"type-product","3":"status-publish","4":"has-post-thumbnail","6":"product_cat-new","7":"product_cat-blankets-duvets","8":"product_tag-all-natural-wool-blankets","9":"product_tag-chemical-free-wool-blanket","10":"product_tag-handmade-blanket","11":"product_tag-large-wool-blanket","12":"product_tag-merino-travel-blanket","13":"product_tag-merino-wool-blanket","14":"product_tag-organic-merino-wool-blanket","15":"product_tag-throws-for-beds","17":"first","18":"instock","19":"shipping-taxable","20":"purchasable","21":"product-type-variable"},"acf":[],"yoast_head":"<!-- This site is optimized with the Yoast SEO Premium plugin v27.3 (Yoast SEO v27.3) - https:\/\/yoast.com\/product\/yoast-seo-premium-wordpress\/ -->\n<title>Merino Wool Baby Blanket \u2013 Handmade &amp; Personalized | Home of Wool<\/title>\n<meta name=\"description\" content=\"Organic Merino wool baby blanket\u2014soft, breathable, gentle on skin. Prevents overheating, resists allergens, keeps little ones cozy. Perfect comfort blanket for cribs, strollers, snuggles.\" \/>\n<meta name=\"robots\" content=\"index, follow, max-snippet:-1, max-image-preview:large, max-video-preview:-1\" \/>\n<link rel=\"canonical\" href=\"https:\/\/homeofwool.com\/fr\/boutique\/couverture-bebe-en-laine-merinos\/\" \/>\n<meta property=\"og:locale\" content=\"fr_FR\" \/>\n<meta property=\"og:type\" content=\"article\" \/>\n<meta property=\"og:title\" content=\"Merino Wool Baby Blanket\" \/>\n<meta property=\"og:description\" content=\"Organic Merino wool baby blanket\u2014soft, breathable, gentle on skin. Prevents overheating, resists allergens, keeps little ones cozy. Perfect comfort blanket for cribs, strollers, snuggles.\" \/>\n<meta property=\"og:url\" content=\"https:\/\/homeofwool.com\/fr\/boutique\/couverture-bebe-en-laine-merinos\/\" \/>\n<meta property=\"og:site_name\" content=\"Home of Wool\" \/>\n<meta property=\"article:publisher\" content=\"https:\/\/facebook.com\/HomeOfWoolOfficial\" \/>\n<meta property=\"article:modified_time\" content=\"2026-01-27T13:11:08+00:00\" \/>\n<meta property=\"og:image\" content=\"https:\/\/homeofwool.com\/wp-content\/uploads\/2025\/09\/home-of-wool-merino-baby-blanket-1-main.jpg\" \/>\n\t<meta property=\"og:image:width\" content=\"1900\" \/>\n\t<meta property=\"og:image:height\" content=\"1520\" \/>\n\t<meta property=\"og:image:type\" content=\"image\/jpeg\" \/>\n<meta name=\"twitter:card\" content=\"summary_large_image\" \/>\n<meta name=\"twitter:label1\" content=\"Dur\u00e9e de lecture estim\u00e9e\" \/>\n\t<meta name=\"twitter:data1\" content=\"1 minute\" \/>\n<script type=\"application\/ld+json\" class=\"yoast-schema-graph\">{\"@context\":\"https:\\\/\\\/schema.org\",\"@graph\":[{\"@type\":\"WebPage\",\"@id\":\"https:\\\/\\\/homeofwool.com\\\/nb\\\/butikk\\\/baby-merino-teppe\\\/\",\"url\":\"https:\\\/\\\/homeofwool.com\\\/nb\\\/butikk\\\/baby-merino-teppe\\\/\",\"name\":\"Merino Wool Baby Blanket \u2013 Handmade & Personalized | Home of Wool\",\"isPartOf\":{\"@id\":\"https:\\\/\\\/homeofwool.com\\\/#website\"},\"primaryImageOfPage\":{\"@id\":\"https:\\\/\\\/homeofwool.com\\\/nb\\\/butikk\\\/baby-merino-teppe\\\/#primaryimage\"},\"image\":{\"@id\":\"https:\\\/\\\/homeofwool.com\\\/nb\\\/butikk\\\/baby-merino-teppe\\\/#primaryimage\"},\"thumbnailUrl\":\"https:\\\/\\\/homeofwool.com\\\/wp-content\\\/uploads\\\/2025\\\/09\\\/home-of-wool-merino-baby-blanket-1-main.jpg\",\"datePublished\":\"2025-09-02T12:02:33+00:00\",\"dateModified\":\"2026-01-27T13:11:08+00:00\",\"description\":\"Organic Merino wool baby blanket\u2014soft, breathable, gentle on skin. Prevents overheating, resists allergens, keeps little ones cozy. Perfect comfort blanket for cribs, strollers, snuggles.\",\"breadcrumb\":{\"@id\":\"https:\\\/\\\/homeofwool.com\\\/nb\\\/butikk\\\/baby-merino-teppe\\\/#breadcrumb\"},\"inLanguage\":\"fr-FR\",\"potentialAction\":[{\"@type\":\"ReadAction\",\"target\":[\"https:\\\/\\\/homeofwool.com\\\/nb\\\/butikk\\\/baby-merino-teppe\\\/\"]}]},{\"@type\":\"ImageObject\",\"inLanguage\":\"fr-FR\",\"@id\":\"https:\\\/\\\/homeofwool.com\\\/nb\\\/butikk\\\/baby-merino-teppe\\\/#primaryimage\",\"url\":\"https:\\\/\\\/homeofwool.com\\\/wp-content\\\/uploads\\\/2025\\\/09\\\/home-of-wool-merino-baby-blanket-1-main.jpg\",\"contentUrl\":\"https:\\\/\\\/homeofwool.com\\\/wp-content\\\/uploads\\\/2025\\\/09\\\/home-of-wool-merino-baby-blanket-1-main.jpg\",\"width\":1900,\"height\":1520,\"caption\":\"home of wool merino baby blanket\"},{\"@type\":\"BreadcrumbList\",\"@id\":\"https:\\\/\\\/homeofwool.com\\\/nb\\\/butikk\\\/baby-merino-teppe\\\/#breadcrumb\",\"itemListElement\":[{\"@type\":\"ListItem\",\"position\":1,\"name\":\"Home\",\"item\":\"https:\\\/\\\/homeofwool.com\\\/\"},{\"@type\":\"ListItem\",\"position\":2,\"name\":\"Products\",\"item\":\"https:\\\/\\\/homeofwool.com\\\/header-search-2\\\/\"},{\"@type\":\"ListItem\",\"position\":3,\"name\":\"Merino Wool Baby Blanket\"}]},{\"@type\":\"WebSite\",\"@id\":\"https:\\\/\\\/homeofwool.com\\\/#website\",\"url\":\"https:\\\/\\\/homeofwool.com\\\/\",\"name\":\"Home of Wool\",\"description\":\"\",\"publisher\":{\"@id\":\"https:\\\/\\\/homeofwool.com\\\/#organization\"},\"potentialAction\":[{\"@type\":\"SearchAction\",\"target\":{\"@type\":\"EntryPoint\",\"urlTemplate\":\"https:\\\/\\\/homeofwool.com\\\/?s={search_term_string}\"},\"query-input\":{\"@type\":\"PropertyValueSpecification\",\"valueRequired\":true,\"valueName\":\"search_term_string\"}}],\"inLanguage\":\"fr-FR\"},{\"@type\":\"Organization\",\"@id\":\"https:\\\/\\\/homeofwool.com\\\/#organization\",\"name\":\"Home of Wool\",\"url\":\"https:\\\/\\\/homeofwool.com\\\/\",\"logo\":{\"@type\":\"ImageObject\",\"inLanguage\":\"fr-FR\",\"@id\":\"https:\\\/\\\/homeofwool.com\\\/#\\\/schema\\\/logo\\\/image\\\/\",\"url\":\"https:\\\/\\\/homeofwool.com\\\/wp-content\\\/uploads\\\/2025\\\/09\\\/WhatsApp-Image-2025-12-02-at-16.23.20.jpeg\",\"contentUrl\":\"https:\\\/\\\/homeofwool.com\\\/wp-content\\\/uploads\\\/2025\\\/09\\\/WhatsApp-Image-2025-12-02-at-16.23.20.jpeg\",\"width\":700,\"height\":247,\"caption\":\"Home of Wool\"},\"image\":{\"@id\":\"https:\\\/\\\/homeofwool.com\\\/#\\\/schema\\\/logo\\\/image\\\/\"},\"sameAs\":[\"https:\\\/\\\/facebook.com\\\/HomeOfWoolOfficial\"]}]}<\/script>\n<!-- \/ Yoast SEO Premium plugin. -->","yoast_head_json":{"title":"Couverture pour b\u00e9b\u00e9 en laine m\u00e9rinos \u2013 Fait main et personnalis\u00e9e | Home of Wool","description":"Couverture pour b\u00e9b\u00e9 en laine m\u00e9rinos biologique \u2014 douce, respirante, douce pour la peau. Emp\u00eache la surchauffe, r\u00e9siste aux allerg\u00e8nes, garde les tout-petits au chaud. Couverture confortable parfaite pour les berceaux, les poussettes, les c\u00e2lins.","robots":{"index":"index","follow":"follow","max-snippet":"max-snippet:-1","max-image-preview":"max-image-preview:large","max-video-preview":"max-video-preview:-1"},"canonical":"https:\/\/homeofwool.com\/fr\/boutique\/couverture-bebe-en-laine-merinos\/","og_locale":"fr_FR","og_type":"article","og_title":"Merino Wool Baby Blanket","og_description":"Organic Merino wool baby blanket\u2014soft, breathable, gentle on skin. Prevents overheating, resists allergens, keeps little ones cozy. Perfect comfort blanket for cribs, strollers, snuggles.","og_url":"https:\/\/homeofwool.com\/fr\/boutique\/couverture-bebe-en-laine-merinos\/","og_site_name":"Home of Wool","article_publisher":"https:\/\/facebook.com\/HomeOfWoolOfficial","article_modified_time":"2026-01-27T13:11:08+00:00","og_image":[{"width":1900,"height":1520,"url":"https:\/\/homeofwool.com\/wp-content\/uploads\/2025\/09\/home-of-wool-merino-baby-blanket-1-main.jpg","type":"image\/jpeg"}],"twitter_card":"summary_large_image","twitter_misc":{"Dur\u00e9e de lecture estim\u00e9e":"1 minute"},"schema":{"@context":"https:\/\/schema.org","@graph":[{"@type":"WebPage","@id":"https:\/\/homeofwool.com\/nb\/butikk\/baby-merino-teppe\/","url":"https:\/\/homeofwool.com\/nb\/butikk\/baby-merino-teppe\/","name":"Couverture pour b\u00e9b\u00e9 en laine m\u00e9rinos \u2013 Fait main et personnalis\u00e9e | Home of Wool","isPartOf":{"@id":"https:\/\/homeofwool.com\/#website"},"primaryImageOfPage":{"@id":"https:\/\/homeofwool.com\/nb\/butikk\/baby-merino-teppe\/#primaryimage"},"image":{"@id":"https:\/\/homeofwool.com\/nb\/butikk\/baby-merino-teppe\/#primaryimage"},"thumbnailUrl":"https:\/\/homeofwool.com\/wp-content\/uploads\/2025\/09\/home-of-wool-merino-baby-blanket-1-main.jpg","datePublished":"2025-09-02T12:02:33+00:00","dateModified":"2026-01-27T13:11:08+00:00","description":"Couverture pour b\u00e9b\u00e9 en laine m\u00e9rinos biologique \u2014 douce, respirante, douce pour la peau. Emp\u00eache la surchauffe, r\u00e9siste aux allerg\u00e8nes, garde les tout-petits au chaud. Couverture confortable parfaite pour les berceaux, les poussettes, les c\u00e2lins.","breadcrumb":{"@id":"https:\/\/homeofwool.com\/nb\/butikk\/baby-merino-teppe\/#breadcrumb"},"inLanguage":"fr-FR","potentialAction":[{"@type":"ReadAction","target":["https:\/\/homeofwool.com\/nb\/butikk\/baby-merino-teppe\/"]}]},{"@type":"ImageObject","inLanguage":"fr-FR","@id":"https:\/\/homeofwool.com\/nb\/butikk\/baby-merino-teppe\/#primaryimage","url":"https:\/\/homeofwool.com\/wp-content\/uploads\/2025\/09\/home-of-wool-merino-baby-blanket-1-main.jpg","contentUrl":"https:\/\/homeofwool.com\/wp-content\/uploads\/2025\/09\/home-of-wool-merino-baby-blanket-1-main.jpg","width":1900,"height":1520,"caption":"home of wool merino baby blanket"},{"@type":"BreadcrumbList","@id":"https:\/\/homeofwool.com\/nb\/butikk\/baby-merino-teppe\/#breadcrumb","itemListElement":[{"@type":"ListItem","position":1,"name":"Home","item":"https:\/\/homeofwool.com\/"},{"@type":"ListItem","position":2,"name":"Products","item":"https:\/\/homeofwool.com\/header-search-2\/"},{"@type":"ListItem","position":3,"name":"Merino Wool Baby Blanket"}]},{"@type":"WebSite","@id":"https:\/\/homeofwool.com\/#website","url":"https:\/\/homeofwool.com\/","name":"La maison de la laine","description":"","publisher":{"@id":"https:\/\/homeofwool.com\/#organization"},"potentialAction":[{"@type":"SearchAction","target":{"@type":"EntryPoint","urlTemplate":"https:\/\/homeofwool.com\/?s={search_term_string}"},"query-input":{"@type":"PropertyValueSpecification","valueRequired":true,"valueName":"search_term_string"}}],"inLanguage":"fr-FR"},{"@type":"Organization","@id":"https:\/\/homeofwool.com\/#organization","name":"La maison de la laine","url":"https:\/\/homeofwool.com\/","logo":{"@type":"ImageObject","inLanguage":"fr-FR","@id":"https:\/\/homeofwool.com\/#\/schema\/logo\/image\/","url":"https:\/\/homeofwool.com\/wp-content\/uploads\/2025\/09\/WhatsApp-Image-2025-12-02-at-16.23.20.jpeg","contentUrl":"https:\/\/homeofwool.com\/wp-content\/uploads\/2025\/09\/WhatsApp-Image-2025-12-02-at-16.23.20.jpeg","width":700,"height":247,"caption":"Home of Wool"},"image":{"@id":"https:\/\/homeofwool.com\/#\/schema\/logo\/image\/"},"sameAs":["https:\/\/facebook.com\/HomeOfWoolOfficial"]}]}},"_links":{"self":[{"href":"https:\/\/homeofwool.com\/fr\/wp-json\/wp\/v2\/product\/217767","targetHints":{"allow":["GET"]}}],"collection":[{"href":"https:\/\/homeofwool.com\/fr\/wp-json\/wp\/v2\/product"}],"about":[{"href":"https:\/\/homeofwool.com\/fr\/wp-json\/wp\/v2\/types\/product"}],"version-history":[{"count":2,"href":"https:\/\/homeofwool.com\/fr\/wp-json\/wp\/v2\/product\/217767\/revisions"}],"predecessor-version":[{"id":227673,"href":"https:\/\/homeofwool.com\/fr\/wp-json\/wp\/v2\/product\/217767\/revisions\/227673"}],"wp:featuredmedia":[{"embeddable":true,"href":"https:\/\/homeofwool.com\/fr\/wp-json\/wp\/v2\/media\/219339"}],"wp:attachment":[{"href":"https:\/\/homeofwool.com\/fr\/wp-json\/wp\/v2\/media?parent=217767"}],"wp:term":[{"taxonomy":"product_brand","embeddable":true,"href":"https:\/\/homeofwool.com\/fr\/wp-json\/wp\/v2\/product_brand?post=217767"},{"taxonomy":"product_cat","embeddable":true,"href":"https:\/\/homeofwool.com\/fr\/wp-json\/wp\/v2\/product_cat?post=217767"},{"taxonomy":"product_tag","embeddable":true,"href":"https:\/\/homeofwool.com\/fr\/wp-json\/wp\/v2\/product_tag?post=217767"}],"curies":[{"name":"wp","href":"https:\/\/api.w.org\/{rel}","templated":true}]}}