{"id":217748,"date":"2025-09-02T12:02:24","date_gmt":"2025-09-02T12:02:24","guid":{"rendered":"https:\/\/homeofwool.com\/?post_type=product&#038;p=217748"},"modified":"2026-03-20T10:40:22","modified_gmt":"2026-03-20T10:40:22","slug":"vente-de-fauteuils-poires-triangulaires-en-laine","status":"publish","type":"product","link":"https:\/\/homeofwool.com\/fr\/shop\/triangular-wool-bean-bag-chair-sale\/","title":{"rendered":"Fauteuil poire triangulaire en laine | SOLDES"},"content":{"rendered":"<p>Tous nos produits sont fabriqu\u00e9s uniquement \u00e0 partir de mat\u00e9riaux naturels, durables, renouvelables, biod\u00e9gradables et recyclables, SANS PRODUITS CHIMIQUES (y compris les retardateurs de flamme, les colorants, les agents de blanchiment, les COV, les finitions, la laine carbonis\u00e9e) et SANS MAT\u00c9RIAUX SYNTH\u00c9TIQUES (y compris les plastiques, le latex, le vinyle et les ressorts). Certifi\u00e9s dans la cat\u00e9gorie la plus stricte, pour une tranquillit\u00e9 d'esprit suppl\u00e9mentaire.<\/p>\n<p>Nous fabriquons des produits con\u00e7us pour durer, \u00e0 partir de mat\u00e9riaux de haute qualit\u00e9. Cependant, afin de pouvoir en profiter le plus longtemps possible, il convient de respecter certaines bonnes pratiques.<\/p>\n<h3>CARACT\u00c9RISTIQUES :<\/h3>\n<ul>\n<li style=\"text-align: left;\"><strong>Tuft\u00e9 \u00e0 la main<\/strong> avec du fil de lin naturel pour maintenir le rembourrage en place.<\/li>\n<li style=\"text-align: left;\">M\u00e9tal durable <strong>fermeture \u00e9clair<\/strong> au dos pour pouvoir facilement ajuster, ajouter ou retirer de la laine si n\u00e9cessaire (fermetures \u00e9clair en plastique sur demande)<\/li>\n<li style=\"text-align: left;\">Gratuit <strong>trousse de r\u00e9paration<\/strong>.<\/li>\n<\/ul>\n<h3>REMPLISSAGE :<\/h3>\n<p>Moyen : 10,3 kg (22,8 lb) 100% Chutes de rembourrage en laine GOTS<br \/>\nGrand format : 13,9 kg (30,6 lb) 100% Chutes de rembourrage en laine GOTS<\/p>\n<h3>TISSU INT\u00c9RIEUR :<\/h3>\n<p>100% Coton biologique (certifi\u00e9 GOTS)<\/p>\n<h3>FABRICATION ET EXP\u00c9DITION :<\/h3>\n<p>D\u00e9lai de fabrication standard : 1 \u00e0 2 semaines<\/p>\n<p>D\u00e9lai de livraison gratuit :  1 \u00e0 4 semaines<\/p>\n<p>D\u00e9lai de livraison express : 3 \u00e0 4 jours<\/p>\n<p>&nbsp;<\/p>\n<p>*Ces articles sont faits \u00e0 la main. Veuillez noter que les dimensions peuvent varier l\u00e9g\u00e8rement. Tout \u00e9cart inf\u00e9rieur \u00e0 5% est consid\u00e9r\u00e9 comme acceptable.<\/p>\n<p>*Tous les articles rembourr\u00e9s de laine sont soumis \u00e0 un certain degr\u00e9 de compression. Cependant, nous rembourrons les articles de mani\u00e8re dense avec de la laine afin qu'ils soient plus \u00e9pais que ce qui est annonc\u00e9 et qu'ils se compressent au cours des premiers mois d'utilisation jusqu'\u00e0 atteindre environ l'\u00e9paisseur annonc\u00e9e.<\/p>\n<p>*Les fibres de laine pr\u00e9sentent diff\u00e9rentes couleurs naturelles et ont une odeur naturelle de mouton, qui dispara\u00eetra au bout de quelques mois.<\/p>","protected":false},"excerpt":{"rendered":"<p>Totalement exempt de produits chimiques, sans d\u00e9gagement gazeux et sans COV. Hypoallerg\u00e9nique, convient aux personnes sensibles aux produits chimiques, y compris celles souffrant du syndrome de sensibilit\u00e9 chimique multiple (MCS). Naturellement r\u00e9sistant aux acariens et \u00e0 la moisissure, antimicrobien, antibact\u00e9rien et ignifuge.<\/p>\n<p>Disponible en deux tailles :<br \/>\n<strong>Moyen :<\/strong>\u00a070 \u00d7 130 \u00d7 90 cm<br \/>\n<strong>Grand :<\/strong>\u00a080 \u00d7 150 \u00d7 110 cm<\/p>","protected":false},"featured_media":225184,"template":"","meta":{"_acf_changed":false},"product_brand":[],"product_cat":[557,20,174,815],"product_tag":[735,741,212,738,816,740],"class_list":{"0":"post-217748","1":"product","2":"type-product","3":"status-publish","4":"has-post-thumbnail","6":"product_cat-new","7":"product_cat-pillows-poufs","8":"product_cat-zero-waste","9":"product_cat-zero-waste-poufs","10":"product_tag-adult-bean-bag","11":"product_tag-bean-bag-chair","12":"product_tag-custom-pouf","13":"product_tag-eco-beanbag","14":"product_tag-floor-pouf","15":"product_tag-organic-bean-bag","17":"first","18":"outofstock","19":"sale","20":"shipping-taxable","21":"purchasable","22":"product-type-variable"},"acf":[],"yoast_head":"<!-- This site is optimized with the Yoast SEO Premium plugin v27.3 (Yoast SEO v27.3) - https:\/\/yoast.com\/product\/yoast-seo-premium-wordpress\/ -->\n<title>Triangular Wool Bean Bag Chair \u2013 ON SALE | Home of Wool<\/title>\n<meta name=\"description\" content=\"Get our Triangular Wool Bean Bag Chair on sale. Chemical-free, hypoallergenic, resistant to dust mites and mildew, and super comfortable.\" \/>\n<meta name=\"robots\" content=\"index, follow, max-snippet:-1, max-image-preview:large, max-video-preview:-1\" \/>\n<link rel=\"canonical\" href=\"https:\/\/homeofwool.com\/fr\/boutique\/vente-de-fauteuils-poires-triangulaires-en-laine\/\" \/>\n<meta property=\"og:locale\" content=\"fr_FR\" \/>\n<meta property=\"og:type\" content=\"article\" \/>\n<meta property=\"og:title\" content=\"Triangular Wool Bean Bag Chair | SALE\" \/>\n<meta property=\"og:description\" content=\"Get our Triangular Wool Bean Bag Chair on sale. Chemical-free, hypoallergenic, resistant to dust mites and mildew, and super comfortable.\" \/>\n<meta property=\"og:url\" content=\"https:\/\/homeofwool.com\/fr\/boutique\/vente-de-fauteuils-poires-triangulaires-en-laine\/\" \/>\n<meta property=\"og:site_name\" content=\"Home of Wool\" \/>\n<meta property=\"article:publisher\" content=\"https:\/\/facebook.com\/HomeOfWoolOfficial\" \/>\n<meta property=\"article:modified_time\" content=\"2026-03-20T10:40:22+00:00\" \/>\n<meta property=\"og:image\" content=\"https:\/\/homeofwool.com\/wp-content\/uploads\/2025\/09\/home-of-wool-triangular-wool-bean-bag-chair-home-of-wool-listing-1-main-1.jpg\" \/>\n\t<meta property=\"og:image:width\" content=\"2000\" \/>\n\t<meta property=\"og:image:height\" content=\"1600\" \/>\n\t<meta property=\"og:image:type\" content=\"image\/jpeg\" \/>\n<meta name=\"twitter:card\" content=\"summary_large_image\" \/>\n<meta name=\"twitter:label1\" content=\"Dur\u00e9e de lecture estim\u00e9e\" \/>\n\t<meta name=\"twitter:data1\" content=\"2 minutes\" \/>\n<script type=\"application\/ld+json\" class=\"yoast-schema-graph\">{\"@context\":\"https:\\\/\\\/schema.org\",\"@graph\":[{\"@type\":\"WebPage\",\"@id\":\"https:\\\/\\\/homeofwool.com\\\/shop\\\/triangular-wool-bean-bag-chair-sale\\\/\",\"url\":\"https:\\\/\\\/homeofwool.com\\\/shop\\\/triangular-wool-bean-bag-chair-sale\\\/\",\"name\":\"Triangular Wool Bean Bag Chair \u2013 ON SALE | Home of Wool\",\"isPartOf\":{\"@id\":\"https:\\\/\\\/homeofwool.com\\\/#website\"},\"primaryImageOfPage\":{\"@id\":\"https:\\\/\\\/homeofwool.com\\\/shop\\\/triangular-wool-bean-bag-chair-sale\\\/#primaryimage\"},\"image\":{\"@id\":\"https:\\\/\\\/homeofwool.com\\\/shop\\\/triangular-wool-bean-bag-chair-sale\\\/#primaryimage\"},\"thumbnailUrl\":\"https:\\\/\\\/homeofwool.com\\\/wp-content\\\/uploads\\\/2025\\\/09\\\/home-of-wool-triangular-wool-bean-bag-chair-home-of-wool-listing-1-main-1.jpg\",\"datePublished\":\"2025-09-02T12:02:24+00:00\",\"dateModified\":\"2026-03-20T10:40:22+00:00\",\"description\":\"Get our Triangular Wool Bean Bag Chair on sale. Chemical-free, hypoallergenic, resistant to dust mites and mildew, and super comfortable.\",\"breadcrumb\":{\"@id\":\"https:\\\/\\\/homeofwool.com\\\/shop\\\/triangular-wool-bean-bag-chair-sale\\\/#breadcrumb\"},\"inLanguage\":\"fr-FR\",\"potentialAction\":[{\"@type\":\"ReadAction\",\"target\":[\"https:\\\/\\\/homeofwool.com\\\/shop\\\/triangular-wool-bean-bag-chair-sale\\\/\"]}]},{\"@type\":\"ImageObject\",\"inLanguage\":\"fr-FR\",\"@id\":\"https:\\\/\\\/homeofwool.com\\\/shop\\\/triangular-wool-bean-bag-chair-sale\\\/#primaryimage\",\"url\":\"https:\\\/\\\/homeofwool.com\\\/wp-content\\\/uploads\\\/2025\\\/09\\\/home-of-wool-triangular-wool-bean-bag-chair-home-of-wool-listing-1-main-1.jpg\",\"contentUrl\":\"https:\\\/\\\/homeofwool.com\\\/wp-content\\\/uploads\\\/2025\\\/09\\\/home-of-wool-triangular-wool-bean-bag-chair-home-of-wool-listing-1-main-1.jpg\",\"width\":2000,\"height\":1600},{\"@type\":\"BreadcrumbList\",\"@id\":\"https:\\\/\\\/homeofwool.com\\\/shop\\\/triangular-wool-bean-bag-chair-sale\\\/#breadcrumb\",\"itemListElement\":[{\"@type\":\"ListItem\",\"position\":1,\"name\":\"Home\",\"item\":\"https:\\\/\\\/homeofwool.com\\\/\"},{\"@type\":\"ListItem\",\"position\":2,\"name\":\"Products\",\"item\":\"https:\\\/\\\/homeofwool.com\\\/header-search-2\\\/\"},{\"@type\":\"ListItem\",\"position\":3,\"name\":\"Triangular Wool Bean Bag Chair | SALE\"}]},{\"@type\":\"WebSite\",\"@id\":\"https:\\\/\\\/homeofwool.com\\\/#website\",\"url\":\"https:\\\/\\\/homeofwool.com\\\/\",\"name\":\"Home of Wool\",\"description\":\"\",\"publisher\":{\"@id\":\"https:\\\/\\\/homeofwool.com\\\/#organization\"},\"potentialAction\":[{\"@type\":\"SearchAction\",\"target\":{\"@type\":\"EntryPoint\",\"urlTemplate\":\"https:\\\/\\\/homeofwool.com\\\/?s={search_term_string}\"},\"query-input\":{\"@type\":\"PropertyValueSpecification\",\"valueRequired\":true,\"valueName\":\"search_term_string\"}}],\"inLanguage\":\"fr-FR\"},{\"@type\":\"Organization\",\"@id\":\"https:\\\/\\\/homeofwool.com\\\/#organization\",\"name\":\"Home of Wool\",\"url\":\"https:\\\/\\\/homeofwool.com\\\/\",\"logo\":{\"@type\":\"ImageObject\",\"inLanguage\":\"fr-FR\",\"@id\":\"https:\\\/\\\/homeofwool.com\\\/#\\\/schema\\\/logo\\\/image\\\/\",\"url\":\"https:\\\/\\\/homeofwool.com\\\/wp-content\\\/uploads\\\/2025\\\/09\\\/WhatsApp-Image-2025-12-02-at-16.23.20.jpeg\",\"contentUrl\":\"https:\\\/\\\/homeofwool.com\\\/wp-content\\\/uploads\\\/2025\\\/09\\\/WhatsApp-Image-2025-12-02-at-16.23.20.jpeg\",\"width\":700,\"height\":247,\"caption\":\"Home of Wool\"},\"image\":{\"@id\":\"https:\\\/\\\/homeofwool.com\\\/#\\\/schema\\\/logo\\\/image\\\/\"},\"sameAs\":[\"https:\\\/\\\/facebook.com\\\/HomeOfWoolOfficial\"]}]}<\/script>\n<!-- \/ Yoast SEO Premium plugin. -->","yoast_head_json":{"title":"Fauteuil poire triangulaire en laine \u2013 EN PROMOTION | Home of Wool","description":"Profitez de notre fauteuil poire triangulaire en laine en promotion. Sans produits chimiques, hypoallerg\u00e9nique, r\u00e9sistant aux acariens et \u00e0 la moisissure, et ultra confortable.","robots":{"index":"index","follow":"follow","max-snippet":"max-snippet:-1","max-image-preview":"max-image-preview:large","max-video-preview":"max-video-preview:-1"},"canonical":"https:\/\/homeofwool.com\/fr\/boutique\/vente-de-fauteuils-poires-triangulaires-en-laine\/","og_locale":"fr_FR","og_type":"article","og_title":"Triangular Wool Bean Bag Chair | SALE","og_description":"Get our Triangular Wool Bean Bag Chair on sale. Chemical-free, hypoallergenic, resistant to dust mites and mildew, and super comfortable.","og_url":"https:\/\/homeofwool.com\/fr\/boutique\/vente-de-fauteuils-poires-triangulaires-en-laine\/","og_site_name":"Home of Wool","article_publisher":"https:\/\/facebook.com\/HomeOfWoolOfficial","article_modified_time":"2026-03-20T10:40:22+00:00","og_image":[{"width":2000,"height":1600,"url":"https:\/\/homeofwool.com\/wp-content\/uploads\/2025\/09\/home-of-wool-triangular-wool-bean-bag-chair-home-of-wool-listing-1-main-1.jpg","type":"image\/jpeg"}],"twitter_card":"summary_large_image","twitter_misc":{"Dur\u00e9e de lecture estim\u00e9e":"2 minutes"},"schema":{"@context":"https:\/\/schema.org","@graph":[{"@type":"WebPage","@id":"https:\/\/homeofwool.com\/shop\/triangular-wool-bean-bag-chair-sale\/","url":"https:\/\/homeofwool.com\/shop\/triangular-wool-bean-bag-chair-sale\/","name":"Fauteuil poire triangulaire en laine \u2013 EN PROMOTION | Home of Wool","isPartOf":{"@id":"https:\/\/homeofwool.com\/#website"},"primaryImageOfPage":{"@id":"https:\/\/homeofwool.com\/shop\/triangular-wool-bean-bag-chair-sale\/#primaryimage"},"image":{"@id":"https:\/\/homeofwool.com\/shop\/triangular-wool-bean-bag-chair-sale\/#primaryimage"},"thumbnailUrl":"https:\/\/homeofwool.com\/wp-content\/uploads\/2025\/09\/home-of-wool-triangular-wool-bean-bag-chair-home-of-wool-listing-1-main-1.jpg","datePublished":"2025-09-02T12:02:24+00:00","dateModified":"2026-03-20T10:40:22+00:00","description":"Profitez de notre fauteuil poire triangulaire en laine en promotion. Sans produits chimiques, hypoallerg\u00e9nique, r\u00e9sistant aux acariens et \u00e0 la moisissure, et ultra confortable.","breadcrumb":{"@id":"https:\/\/homeofwool.com\/shop\/triangular-wool-bean-bag-chair-sale\/#breadcrumb"},"inLanguage":"fr-FR","potentialAction":[{"@type":"ReadAction","target":["https:\/\/homeofwool.com\/shop\/triangular-wool-bean-bag-chair-sale\/"]}]},{"@type":"ImageObject","inLanguage":"fr-FR","@id":"https:\/\/homeofwool.com\/shop\/triangular-wool-bean-bag-chair-sale\/#primaryimage","url":"https:\/\/homeofwool.com\/wp-content\/uploads\/2025\/09\/home-of-wool-triangular-wool-bean-bag-chair-home-of-wool-listing-1-main-1.jpg","contentUrl":"https:\/\/homeofwool.com\/wp-content\/uploads\/2025\/09\/home-of-wool-triangular-wool-bean-bag-chair-home-of-wool-listing-1-main-1.jpg","width":2000,"height":1600},{"@type":"BreadcrumbList","@id":"https:\/\/homeofwool.com\/shop\/triangular-wool-bean-bag-chair-sale\/#breadcrumb","itemListElement":[{"@type":"ListItem","position":1,"name":"Home","item":"https:\/\/homeofwool.com\/"},{"@type":"ListItem","position":2,"name":"Products","item":"https:\/\/homeofwool.com\/header-search-2\/"},{"@type":"ListItem","position":3,"name":"Triangular Wool Bean Bag Chair | SALE"}]},{"@type":"WebSite","@id":"https:\/\/homeofwool.com\/#website","url":"https:\/\/homeofwool.com\/","name":"La maison de la laine","description":"","publisher":{"@id":"https:\/\/homeofwool.com\/#organization"},"potentialAction":[{"@type":"SearchAction","target":{"@type":"EntryPoint","urlTemplate":"https:\/\/homeofwool.com\/?s={search_term_string}"},"query-input":{"@type":"PropertyValueSpecification","valueRequired":true,"valueName":"search_term_string"}}],"inLanguage":"fr-FR"},{"@type":"Organization","@id":"https:\/\/homeofwool.com\/#organization","name":"La maison de la laine","url":"https:\/\/homeofwool.com\/","logo":{"@type":"ImageObject","inLanguage":"fr-FR","@id":"https:\/\/homeofwool.com\/#\/schema\/logo\/image\/","url":"https:\/\/homeofwool.com\/wp-content\/uploads\/2025\/09\/WhatsApp-Image-2025-12-02-at-16.23.20.jpeg","contentUrl":"https:\/\/homeofwool.com\/wp-content\/uploads\/2025\/09\/WhatsApp-Image-2025-12-02-at-16.23.20.jpeg","width":700,"height":247,"caption":"Home of Wool"},"image":{"@id":"https:\/\/homeofwool.com\/#\/schema\/logo\/image\/"},"sameAs":["https:\/\/facebook.com\/HomeOfWoolOfficial"]}]}},"_links":{"self":[{"href":"https:\/\/homeofwool.com\/fr\/wp-json\/wp\/v2\/product\/217748","targetHints":{"allow":["GET"]}}],"collection":[{"href":"https:\/\/homeofwool.com\/fr\/wp-json\/wp\/v2\/product"}],"about":[{"href":"https:\/\/homeofwool.com\/fr\/wp-json\/wp\/v2\/types\/product"}],"version-history":[{"count":1,"href":"https:\/\/homeofwool.com\/fr\/wp-json\/wp\/v2\/product\/217748\/revisions"}],"predecessor-version":[{"id":227352,"href":"https:\/\/homeofwool.com\/fr\/wp-json\/wp\/v2\/product\/217748\/revisions\/227352"}],"wp:featuredmedia":[{"embeddable":true,"href":"https:\/\/homeofwool.com\/fr\/wp-json\/wp\/v2\/media\/225184"}],"wp:attachment":[{"href":"https:\/\/homeofwool.com\/fr\/wp-json\/wp\/v2\/media?parent=217748"}],"wp:term":[{"taxonomy":"product_brand","embeddable":true,"href":"https:\/\/homeofwool.com\/fr\/wp-json\/wp\/v2\/product_brand?post=217748"},{"taxonomy":"product_cat","embeddable":true,"href":"https:\/\/homeofwool.com\/fr\/wp-json\/wp\/v2\/product_cat?post=217748"},{"taxonomy":"product_tag","embeddable":true,"href":"https:\/\/homeofwool.com\/fr\/wp-json\/wp\/v2\/product_tag?post=217748"}],"curies":[{"name":"wp","href":"https:\/\/api.w.org\/{rel}","templated":true}]}}