{"id":217730,"date":"2025-09-02T12:02:24","date_gmt":"2025-09-02T12:02:24","guid":{"rendered":"https:\/\/homeofwool.com\/?post_type=product&#038;p=217730"},"modified":"2026-01-20T11:03:50","modified_gmt":"2026-01-20T11:03:50","slug":"vente-de-coussins-de-siege-capitonnes","status":"publish","type":"product","link":"https:\/\/homeofwool.com\/fr\/shop\/tufted-seat-cushion-sale\/","title":{"rendered":"Coussin de si\u00e8ge capitonn\u00e9 | Soldes"},"content":{"rendered":"<p>La plupart des coussins pr\u00eats \u00e0 l'emploi sont trop petits, trop grands ou tout simplement de forme inadapt\u00e9e. Le coussin d'assise en laine capitonn\u00e9 r\u00e9sout ce probl\u00e8me en \u00e9tant enti\u00e8rement personnalisable. Que vous ayez besoin d'un simple rectangle ou d'un trap\u00e8ze pour un coin, vous pouvez obtenir la forme parfaite. Si vous avez besoin d'un mod\u00e8le encastr\u00e9 pour un banc int\u00e9gr\u00e9, nous avons \u00e9galement ce qu'il vous faut. Chaque coussin est fabriqu\u00e9 sur commande dans le but de s'adapter parfaitement. Vous choisissez le tissu, le passepoil et le motif de capitonnage. Vous pouvez m\u00eame d\u00e9cider de la finition des capitons. Les d\u00e9tails sont importants et, comme vous utiliserez le coussin pendant de nombreuses ann\u00e9es, il est essentiel pour nous de les adapter \u00e0 vos besoins.<\/p>\n<p>Le coussin est rembourr\u00e9 de pure laine, un mat\u00e9riau appr\u00e9ci\u00e9 par nos clients pour sa respirabilit\u00e9 et son confort. La laine offre un soutien optimal et un confort d'assise exceptionnel. Elle constitue une alternative plus saine aux mousses synth\u00e9tiques. Hypoallerg\u00e9nique, ce coussin r\u00e9siste aux acariens et convient aux personnes asthmatiques ou sensibles. Il est \u00e9galement exempt de tout produit chimique, pour la tranquillit\u00e9 d'esprit de tous les foyers. Le tuftage \u00e0 la main maintient la laine en place de mani\u00e8re uniforme et ajoute au caract\u00e8re intemporel et artisanal de ce coussin moderne en laine.<\/p>\n<p>L'entretien est simple. Il est recommand\u00e9 de nettoyer les taches localis\u00e9es. Pour ce faire, vous pouvez glisser un petit chiffon imperm\u00e9able \u00e0 l'int\u00e9rieur par la fermeture \u00e9clair afin de prot\u00e9ger le rembourrage. Pour rafra\u00eechir votre coussin, exposez-le au soleil et \u00e0 l'air frais pendant une heure ou deux, deux fois par an. En le retournant de temps en temps, votre coussin d'assise en laine conservera sa forme, son confort et sa beaut\u00e9 pendant de nombreuses ann\u00e9es, ce qui en fera un \u00e9l\u00e9ment durable de votre d\u00e9coration int\u00e9rieure \u00e9cologique.<\/p>\n<p>Un seul disponible :<\/p>\n<ul>\n<li><span data-teams=\"true\"><strong>TAILLE :<\/strong> 69 x 28,3 x 3,5\u2033 (175 \u0445 72 \u0445 9 cm)<\/span><\/li>\n<li>Tissu : <span data-teams=\"true\">100% Laine vierge (certifi\u00e9e Oeko-Tex)<\/span><\/li>\n<\/ul>\n<p>&nbsp;<\/p>","protected":false},"excerpt":{"rendered":"<p>Les coussins standard sont rarement parfaitement adapt\u00e9s. C'est pourquoi notre coussin d'assise en laine capitonn\u00e9 est enti\u00e8rement personnalisable. Vous choisissez la taille, la forme, le tissu et les d\u00e9tails de capitonnage de votre coussin d'assise ou de banc naturel. Il est fabriqu\u00e9 sur mesure pour votre espace. Avec sa garniture en pure laine, il est doux et offre un bon soutien, tout en apportant une touche raffin\u00e9e de d\u00e9coration int\u00e9rieure \u00e9cologique \u00e0 votre espace. Sans produits chimiques. Sans mati\u00e8res synth\u00e9tiques. Z\u00e9ro COV. Juste de la laine pure et des tissus naturels.<\/p>\n<div class=\"global-icon-set\">\n<div class=\"global-icon-set__items\">\n<div class=\"global-icon-set__item\">\n<div class=\"global-icon-set__image\">\n                                    <img decoding=\"async\" src=\"https:\/\/homeofwool.com\/wp-content\/uploads\/2025\/09\/handmade-icon-300x300.png\" alt=\"ic\u00f4ne artisanale\" \/>\n                                <\/div>\n<div class=\"global-icon-set__title\">Fait \u00e0 la main<\/div>\n<\/p><\/div>\n<div class=\"global-icon-set__item\">\n<div class=\"global-icon-set__image\">\n                                    <img decoding=\"async\" src=\"https:\/\/homeofwool.com\/wp-content\/uploads\/2025\/09\/wicks-moisture-away-300x300.png\" alt=\"\u00e9vacue l&#039;humidit\u00e9\" \/>\n                                <\/div>\n<div class=\"global-icon-set__title\">Evacue l'humidit\u00e9<\/div>\n<\/p><\/div>\n<div class=\"global-icon-set__item\">\n<div class=\"global-icon-set__image\">\n                                    <img decoding=\"async\" src=\"https:\/\/homeofwool.com\/wp-content\/uploads\/2025\/09\/Hypoallergenic-min-300x300.png\" alt=\"ic\u00f4ne hypoallerg\u00e9nique\" \/>\n                                <\/div>\n<div class=\"global-icon-set__title\">Hypoallerg\u00e9nique<\/div>\n<\/p><\/div>\n<div class=\"global-icon-set__item\">\n<div class=\"global-icon-set__image\">\n                                    <img decoding=\"async\" src=\"https:\/\/homeofwool.com\/wp-content\/uploads\/2025\/09\/FR-min-300x300.png\" alt=\"ic\u00f4ne de r\u00e9sistance au feu\" \/>\n                                <\/div>\n<div class=\"global-icon-set__title\">R\u00e9sistant \u00e0 la flamme<\/div>\n<\/p><\/div>\n<div class=\"global-icon-set__item\">\n<div class=\"global-icon-set__image\">\n                                    <img decoding=\"async\" src=\"https:\/\/homeofwool.com\/wp-content\/uploads\/2025\/09\/free-of-synthetics-icon-300x300.png\" alt=\"sans mati\u00e8res synth\u00e9tiques ic\u00f4ne\" \/>\n                                <\/div>\n<div class=\"global-icon-set__title\">Sans mati\u00e8res synth\u00e9tiques<\/div>\n<\/p><\/div>\n<div class=\"global-icon-set__item\">\n<div class=\"global-icon-set__image\">\n                                    <img decoding=\"async\" src=\"https:\/\/homeofwool.com\/wp-content\/uploads\/2025\/09\/chemical-free-icon-300x300.png\" alt=\"ic\u00f4ne de l&#039;absence de produits chimiques\" \/>\n                                <\/div>\n<div class=\"global-icon-set__title\">Sans produits chimiques<\/div>\n<\/p><\/div>\n<div class=\"global-icon-set__item\">\n<div class=\"global-icon-set__image\">\n                                    <img decoding=\"async\" src=\"https:\/\/homeofwool.com\/wp-content\/uploads\/2025\/09\/anti-bacterial-icon-300x300.png\" alt=\"ic\u00f4ne anti-bact\u00e9rien\" \/>\n                                <\/div>\n<div class=\"global-icon-set__title\">Anti-microbien et anti-bact\u00e9rien<\/div>\n<\/p><\/div>\n<div class=\"global-icon-set__item\">\n<div class=\"global-icon-set__image\">\n                                    <img decoding=\"async\" src=\"https:\/\/homeofwool.com\/wp-content\/uploads\/2025\/09\/certified-materials-icon-300x300.png\" alt=\"ic\u00f4ne des mat\u00e9riaux certifi\u00e9s\" \/>\n                                <\/div>\n<div class=\"global-icon-set__title\">100% Mat\u00e9riaux certifi\u00e9s purs<\/div>\n<\/p><\/div>\n<\/p><\/div>\n<\/p><\/div>","protected":false},"featured_media":226361,"template":"","meta":{"_acf_changed":false},"product_brand":[],"product_cat":[572,557,30],"product_tag":[284,47,286,134,423],"class_list":{"0":"post-217730","1":"product","2":"type-product","3":"status-publish","4":"has-post-thumbnail","6":"product_cat-clearance","7":"product_cat-new","8":"product_cat-cushions","9":"product_tag-bench-cushion","10":"product_tag-chair-cushion","11":"product_tag-custom-bench-cushion","12":"product_tag-daybed-cushion","13":"product_tag-daybed-cushion-cover","15":"first","16":"instock","17":"sale","18":"shipping-taxable","19":"purchasable","20":"product-type-simple"},"acf":[],"yoast_head":"<!-- This site is optimized with the Yoast SEO Premium plugin v27.4 (Yoast SEO v27.4) - https:\/\/yoast.com\/product\/yoast-seo-premium-wordpress\/ -->\n<title>Wool Tufted Seat Cushion | SALE | Home of Wool<\/title>\n<meta name=\"description\" content=\"Get this wool seat cushion on sale. Chemical-free, hypoallergenic, resistant to dust mites. Ultimate comfort and a healthier home. Size: 69 x 28.3 x 3.5\" \/>\n<meta name=\"robots\" content=\"index, follow, max-snippet:-1, max-image-preview:large, max-video-preview:-1\" \/>\n<link rel=\"canonical\" href=\"https:\/\/homeofwool.com\/fr\/boutique\/vente-de-coussins-de-siege-capitonnes\/\" \/>\n<meta property=\"og:locale\" content=\"fr_FR\" \/>\n<meta property=\"og:type\" content=\"article\" \/>\n<meta property=\"og:title\" content=\"Tufted Seat Cushion | Sale\" \/>\n<meta property=\"og:description\" content=\"Get this wool seat cushion on sale. Chemical-free, hypoallergenic, resistant to dust mites. Ultimate comfort and a healthier home. Size: 69 x 28.3 x 3.5\" \/>\n<meta property=\"og:url\" content=\"https:\/\/homeofwool.com\/fr\/boutique\/vente-de-coussins-de-siege-capitonnes\/\" \/>\n<meta property=\"og:site_name\" content=\"Home of Wool\" \/>\n<meta property=\"article:publisher\" content=\"https:\/\/facebook.com\/HomeOfWoolOfficial\" \/>\n<meta property=\"article:modified_time\" content=\"2026-01-20T11:03:50+00:00\" \/>\n<meta property=\"og:image\" content=\"https:\/\/homeofwool.com\/wp-content\/uploads\/2025\/09\/1-Main.jpg\" \/>\n\t<meta property=\"og:image:width\" content=\"2000\" \/>\n\t<meta property=\"og:image:height\" content=\"1600\" \/>\n\t<meta property=\"og:image:type\" content=\"image\/jpeg\" \/>\n<meta name=\"twitter:card\" content=\"summary_large_image\" \/>\n<meta name=\"twitter:label1\" content=\"Dur\u00e9e de lecture estim\u00e9e\" \/>\n\t<meta name=\"twitter:data1\" content=\"2 minutes\" \/>\n<script type=\"application\/ld+json\" class=\"yoast-schema-graph\">{\"@context\":\"https:\\\/\\\/schema.org\",\"@graph\":[{\"@type\":\"WebPage\",\"@id\":\"https:\\\/\\\/homeofwool.com\\\/shop\\\/tufted-seat-cushion-sale\\\/\",\"url\":\"https:\\\/\\\/homeofwool.com\\\/shop\\\/tufted-seat-cushion-sale\\\/\",\"name\":\"Wool Tufted Seat Cushion | SALE | Home of Wool\",\"isPartOf\":{\"@id\":\"https:\\\/\\\/homeofwool.com\\\/#website\"},\"primaryImageOfPage\":{\"@id\":\"https:\\\/\\\/homeofwool.com\\\/shop\\\/tufted-seat-cushion-sale\\\/#primaryimage\"},\"image\":{\"@id\":\"https:\\\/\\\/homeofwool.com\\\/shop\\\/tufted-seat-cushion-sale\\\/#primaryimage\"},\"thumbnailUrl\":\"https:\\\/\\\/homeofwool.com\\\/wp-content\\\/uploads\\\/2025\\\/09\\\/1-Main.jpg\",\"datePublished\":\"2025-09-02T12:02:24+00:00\",\"dateModified\":\"2026-01-20T11:03:50+00:00\",\"description\":\"Get this wool seat cushion on sale. Chemical-free, hypoallergenic, resistant to dust mites. Ultimate comfort and a healthier home. Size: 69 x 28.3 x 3.5\",\"breadcrumb\":{\"@id\":\"https:\\\/\\\/homeofwool.com\\\/shop\\\/tufted-seat-cushion-sale\\\/#breadcrumb\"},\"inLanguage\":\"fr-FR\",\"potentialAction\":[{\"@type\":\"ReadAction\",\"target\":[\"https:\\\/\\\/homeofwool.com\\\/shop\\\/tufted-seat-cushion-sale\\\/\"]}]},{\"@type\":\"ImageObject\",\"inLanguage\":\"fr-FR\",\"@id\":\"https:\\\/\\\/homeofwool.com\\\/shop\\\/tufted-seat-cushion-sale\\\/#primaryimage\",\"url\":\"https:\\\/\\\/homeofwool.com\\\/wp-content\\\/uploads\\\/2025\\\/09\\\/1-Main.jpg\",\"contentUrl\":\"https:\\\/\\\/homeofwool.com\\\/wp-content\\\/uploads\\\/2025\\\/09\\\/1-Main.jpg\",\"width\":2000,\"height\":1600,\"caption\":\"tufted seat cushion on sale\"},{\"@type\":\"BreadcrumbList\",\"@id\":\"https:\\\/\\\/homeofwool.com\\\/shop\\\/tufted-seat-cushion-sale\\\/#breadcrumb\",\"itemListElement\":[{\"@type\":\"ListItem\",\"position\":1,\"name\":\"Home\",\"item\":\"https:\\\/\\\/homeofwool.com\\\/\"},{\"@type\":\"ListItem\",\"position\":2,\"name\":\"Products\",\"item\":\"https:\\\/\\\/homeofwool.com\\\/header-search-2\\\/\"},{\"@type\":\"ListItem\",\"position\":3,\"name\":\"Tufted Seat Cushion | Sale\"}]},{\"@type\":\"WebSite\",\"@id\":\"https:\\\/\\\/homeofwool.com\\\/#website\",\"url\":\"https:\\\/\\\/homeofwool.com\\\/\",\"name\":\"Home of Wool\",\"description\":\"\",\"publisher\":{\"@id\":\"https:\\\/\\\/homeofwool.com\\\/#organization\"},\"potentialAction\":[{\"@type\":\"SearchAction\",\"target\":{\"@type\":\"EntryPoint\",\"urlTemplate\":\"https:\\\/\\\/homeofwool.com\\\/?s={search_term_string}\"},\"query-input\":{\"@type\":\"PropertyValueSpecification\",\"valueRequired\":true,\"valueName\":\"search_term_string\"}}],\"inLanguage\":\"fr-FR\"},{\"@type\":\"Organization\",\"@id\":\"https:\\\/\\\/homeofwool.com\\\/#organization\",\"name\":\"Home of Wool\",\"url\":\"https:\\\/\\\/homeofwool.com\\\/\",\"logo\":{\"@type\":\"ImageObject\",\"inLanguage\":\"fr-FR\",\"@id\":\"https:\\\/\\\/homeofwool.com\\\/#\\\/schema\\\/logo\\\/image\\\/\",\"url\":\"https:\\\/\\\/homeofwool.com\\\/wp-content\\\/uploads\\\/2025\\\/09\\\/WhatsApp-Image-2025-12-02-at-16.23.20.jpeg\",\"contentUrl\":\"https:\\\/\\\/homeofwool.com\\\/wp-content\\\/uploads\\\/2025\\\/09\\\/WhatsApp-Image-2025-12-02-at-16.23.20.jpeg\",\"width\":700,\"height\":247,\"caption\":\"Home of Wool\"},\"image\":{\"@id\":\"https:\\\/\\\/homeofwool.com\\\/#\\\/schema\\\/logo\\\/image\\\/\"},\"sameAs\":[\"https:\\\/\\\/facebook.com\\\/HomeOfWoolOfficial\"]}]}<\/script>\n<!-- \/ Yoast SEO Premium plugin. -->","yoast_head_json":{"title":"Coussin d'assise en laine tuft\u00e9e | SOLDES | Home of Wool","description":"Profitez de cette offre sp\u00e9ciale sur ce coussin d'assise en laine. Sans produits chimiques, hypoallerg\u00e9nique, r\u00e9sistant aux acariens. Un confort ultime et un int\u00e9rieur plus sain. Dimensions : 69 x 28,3 x 3,5","robots":{"index":"index","follow":"follow","max-snippet":"max-snippet:-1","max-image-preview":"max-image-preview:large","max-video-preview":"max-video-preview:-1"},"canonical":"https:\/\/homeofwool.com\/fr\/boutique\/vente-de-coussins-de-siege-capitonnes\/","og_locale":"fr_FR","og_type":"article","og_title":"Tufted Seat Cushion | Sale","og_description":"Get this wool seat cushion on sale. Chemical-free, hypoallergenic, resistant to dust mites. Ultimate comfort and a healthier home. Size: 69 x 28.3 x 3.5","og_url":"https:\/\/homeofwool.com\/fr\/boutique\/vente-de-coussins-de-siege-capitonnes\/","og_site_name":"Home of Wool","article_publisher":"https:\/\/facebook.com\/HomeOfWoolOfficial","article_modified_time":"2026-01-20T11:03:50+00:00","og_image":[{"width":2000,"height":1600,"url":"https:\/\/homeofwool.com\/wp-content\/uploads\/2025\/09\/1-Main.jpg","type":"image\/jpeg"}],"twitter_card":"summary_large_image","twitter_misc":{"Dur\u00e9e de lecture estim\u00e9e":"2 minutes"},"schema":{"@context":"https:\/\/schema.org","@graph":[{"@type":"WebPage","@id":"https:\/\/homeofwool.com\/shop\/tufted-seat-cushion-sale\/","url":"https:\/\/homeofwool.com\/shop\/tufted-seat-cushion-sale\/","name":"Coussin d'assise en laine tuft\u00e9e | SOLDES | Home of Wool","isPartOf":{"@id":"https:\/\/homeofwool.com\/#website"},"primaryImageOfPage":{"@id":"https:\/\/homeofwool.com\/shop\/tufted-seat-cushion-sale\/#primaryimage"},"image":{"@id":"https:\/\/homeofwool.com\/shop\/tufted-seat-cushion-sale\/#primaryimage"},"thumbnailUrl":"https:\/\/homeofwool.com\/wp-content\/uploads\/2025\/09\/1-Main.jpg","datePublished":"2025-09-02T12:02:24+00:00","dateModified":"2026-01-20T11:03:50+00:00","description":"Profitez de cette offre sp\u00e9ciale sur ce coussin d'assise en laine. Sans produits chimiques, hypoallerg\u00e9nique, r\u00e9sistant aux acariens. Un confort ultime et un int\u00e9rieur plus sain. Dimensions : 69 x 28,3 x 3,5","breadcrumb":{"@id":"https:\/\/homeofwool.com\/shop\/tufted-seat-cushion-sale\/#breadcrumb"},"inLanguage":"fr-FR","potentialAction":[{"@type":"ReadAction","target":["https:\/\/homeofwool.com\/shop\/tufted-seat-cushion-sale\/"]}]},{"@type":"ImageObject","inLanguage":"fr-FR","@id":"https:\/\/homeofwool.com\/shop\/tufted-seat-cushion-sale\/#primaryimage","url":"https:\/\/homeofwool.com\/wp-content\/uploads\/2025\/09\/1-Main.jpg","contentUrl":"https:\/\/homeofwool.com\/wp-content\/uploads\/2025\/09\/1-Main.jpg","width":2000,"height":1600,"caption":"tufted seat cushion on sale"},{"@type":"BreadcrumbList","@id":"https:\/\/homeofwool.com\/shop\/tufted-seat-cushion-sale\/#breadcrumb","itemListElement":[{"@type":"ListItem","position":1,"name":"Home","item":"https:\/\/homeofwool.com\/"},{"@type":"ListItem","position":2,"name":"Products","item":"https:\/\/homeofwool.com\/header-search-2\/"},{"@type":"ListItem","position":3,"name":"Tufted Seat Cushion | Sale"}]},{"@type":"WebSite","@id":"https:\/\/homeofwool.com\/#website","url":"https:\/\/homeofwool.com\/","name":"La maison de la laine","description":"","publisher":{"@id":"https:\/\/homeofwool.com\/#organization"},"potentialAction":[{"@type":"SearchAction","target":{"@type":"EntryPoint","urlTemplate":"https:\/\/homeofwool.com\/?s={search_term_string}"},"query-input":{"@type":"PropertyValueSpecification","valueRequired":true,"valueName":"search_term_string"}}],"inLanguage":"fr-FR"},{"@type":"Organization","@id":"https:\/\/homeofwool.com\/#organization","name":"La maison de la laine","url":"https:\/\/homeofwool.com\/","logo":{"@type":"ImageObject","inLanguage":"fr-FR","@id":"https:\/\/homeofwool.com\/#\/schema\/logo\/image\/","url":"https:\/\/homeofwool.com\/wp-content\/uploads\/2025\/09\/WhatsApp-Image-2025-12-02-at-16.23.20.jpeg","contentUrl":"https:\/\/homeofwool.com\/wp-content\/uploads\/2025\/09\/WhatsApp-Image-2025-12-02-at-16.23.20.jpeg","width":700,"height":247,"caption":"Home of Wool"},"image":{"@id":"https:\/\/homeofwool.com\/#\/schema\/logo\/image\/"},"sameAs":["https:\/\/facebook.com\/HomeOfWoolOfficial"]}]}},"_links":{"self":[{"href":"https:\/\/homeofwool.com\/fr\/wp-json\/wp\/v2\/product\/217730","targetHints":{"allow":["GET"]}}],"collection":[{"href":"https:\/\/homeofwool.com\/fr\/wp-json\/wp\/v2\/product"}],"about":[{"href":"https:\/\/homeofwool.com\/fr\/wp-json\/wp\/v2\/types\/product"}],"version-history":[{"count":2,"href":"https:\/\/homeofwool.com\/fr\/wp-json\/wp\/v2\/product\/217730\/revisions"}],"predecessor-version":[{"id":226359,"href":"https:\/\/homeofwool.com\/fr\/wp-json\/wp\/v2\/product\/217730\/revisions\/226359"}],"wp:featuredmedia":[{"embeddable":true,"href":"https:\/\/homeofwool.com\/fr\/wp-json\/wp\/v2\/media\/226361"}],"wp:attachment":[{"href":"https:\/\/homeofwool.com\/fr\/wp-json\/wp\/v2\/media?parent=217730"}],"wp:term":[{"taxonomy":"product_brand","embeddable":true,"href":"https:\/\/homeofwool.com\/fr\/wp-json\/wp\/v2\/product_brand?post=217730"},{"taxonomy":"product_cat","embeddable":true,"href":"https:\/\/homeofwool.com\/fr\/wp-json\/wp\/v2\/product_cat?post=217730"},{"taxonomy":"product_tag","embeddable":true,"href":"https:\/\/homeofwool.com\/fr\/wp-json\/wp\/v2\/product_tag?post=217730"}],"curies":[{"name":"wp","href":"https:\/\/api.w.org\/{rel}","templated":true}]}}