{"id":217709,"date":"2025-09-02T12:02:14","date_gmt":"2025-09-02T12:02:14","guid":{"rendered":"https:\/\/homeofwool.com\/?post_type=product&#038;p=217709"},"modified":"2026-02-11T09:20:44","modified_gmt":"2026-02-11T09:20:44","slug":"tapis-en-chanvre-2","status":"publish","type":"product","link":"https:\/\/homeofwool.com\/fr\/shop\/hemp-rug\/","title":{"rendered":"Tapis de chanvre"},"content":{"rendered":"<p>Le tapis en chanvre Home of Wool est bien plus qu'un simple rev\u00eatement de sol. Fabriqu\u00e9 \u00e0 partir de fibres de chanvre pur, il fait entrer la nature dans votre int\u00e9rieur. Ses tons ocres ne sont pas obtenus par teinture, mais proviennent directement de la plante. Ce sont les couleurs naturelles du chanvre.<\/p>\n<p>Le chanvre \u00e9tant naturellement r\u00e9sistant, le tissage permet d'obtenir un tapis durable qui r\u00e9siste parfaitement \u00e0 l'usage quotidien, qu'il soit plac\u00e9 dans un couloir, un salon ou sous la table \u00e0 manger. \u00c0 c\u00f4t\u00e9 du lit, il rend les premiers pas de la journ\u00e9e plus agr\u00e9ables.<\/p>\n<p>Chaque tapis en chanvre \u00e9cologique est fabriqu\u00e9 sur commande, ce qui vous permet de choisir la taille qui convient le mieux \u00e0 votre espace. La base adh\u00e8re suffisamment pour que le tapis ne glisse pas lorsque vous marchez dessus.<\/p>\n<p>Sa texture organique lui conf\u00e8re un aspect d\u00e9contract\u00e9, rappelant les tapis boh\u00e8mes en chanvre. Avec son aspect massif et ses mat\u00e9riaux purs, ce tapis en chanvre biologique allie confort, sant\u00e9 et durabilit\u00e9 dans une pi\u00e8ce intemporelle.<\/p>","protected":false},"excerpt":{"rendered":"<p>Apportez une touche de charme naturel \u00e0 votre int\u00e9rieur avec ce tapis en chanvre, fabriqu\u00e9 \u00e0 partir de chanvre 100% non teint et non blanchi. Un tapis en chanvre tiss\u00e9 \u00e0 la main qui offre un confort optimal sous les pieds tout en ajoutant une touche boh\u00e8me \u00e0 votre int\u00e9rieur.<\/p>\n<div class=\"global-icon-set\">\n<div class=\"global-icon-set__items\">\n<div class=\"global-icon-set__item\">\n<div class=\"global-icon-set__image\">\n                                    <img decoding=\"async\" src=\"https:\/\/homeofwool.com\/wp-content\/uploads\/2025\/09\/VOCs-min-300x300.png\" alt=\"vocs libre\" \/>\n                                <\/div>\n<div class=\"global-icon-set__title\">Sans COV<\/div>\n<\/p><\/div>\n<div class=\"global-icon-set__item\">\n<div class=\"global-icon-set__image\">\n                                    <img decoding=\"async\" src=\"https:\/\/homeofwool.com\/wp-content\/uploads\/2025\/09\/free-of-synthetics-icon-300x300.png\" alt=\"sans mati\u00e8res synth\u00e9tiques ic\u00f4ne\" \/>\n                                <\/div>\n<div class=\"global-icon-set__title\">Sans mati\u00e8res synth\u00e9tiques<\/div>\n<\/p><\/div>\n<div class=\"global-icon-set__item\">\n<div class=\"global-icon-set__image\">\n                                    <img decoding=\"async\" src=\"https:\/\/homeofwool.com\/wp-content\/uploads\/2025\/09\/chemical-free-icon-300x300.png\" alt=\"ic\u00f4ne de l&#039;absence de produits chimiques\" \/>\n                                <\/div>\n<div class=\"global-icon-set__title\">Sans produits chimiques<\/div>\n<\/p><\/div>\n<div class=\"global-icon-set__item\">\n<div class=\"global-icon-set__image\">\n                                    <img decoding=\"async\" src=\"https:\/\/homeofwool.com\/wp-content\/uploads\/2025\/09\/certified-materials-icon-300x300.png\" alt=\"ic\u00f4ne des mat\u00e9riaux certifi\u00e9s\" \/>\n                                <\/div>\n<div class=\"global-icon-set__title\">100% Mat\u00e9riaux certifi\u00e9s purs<\/div>\n<\/p><\/div>\n<\/p><\/div>\n<\/p><\/div>","protected":false},"featured_media":219290,"template":"","meta":{"_acf_changed":false},"product_brand":[],"product_cat":[557,331],"product_tag":[801,802,803,804,805,806,807,808,149,809],"class_list":{"0":"post-217709","1":"product","2":"type-product","3":"status-publish","4":"has-post-thumbnail","6":"product_cat-new","7":"product_cat-rugs","8":"product_tag-custom-hemp-rugs","9":"product_tag-extra-large-hemp-rug","10":"product_tag-hemp-area-rug","11":"product_tag-hemp-carpet","12":"product_tag-hemp-jute-rug","13":"product_tag-large-hemp-rug","14":"product_tag-natural-hemp-rug","15":"product_tag-round-hemp-rug","16":"product_tag-steps","17":"product_tag-woven-hemp-rug","19":"first","20":"instock","21":"shipping-taxable","22":"purchasable","23":"product-type-simple"},"acf":[],"yoast_head":"<!-- This site is optimized with the Yoast SEO Premium plugin v27.3 (Yoast SEO v27.3) - https:\/\/yoast.com\/product\/yoast-seo-premium-wordpress\/ -->\n<title>Hemp Rug \u2013 100% Natural, Handmade in Custom Sizes | Home of Wool<\/title>\n<meta name=\"description\" content=\"Grounding and timeless, this handwoven hemp rug is eco-friendly, 100% natural, and undyed. Durable yet stylish, it brings boho charm and rich texture to any living space.\" \/>\n<meta name=\"robots\" content=\"index, follow, max-snippet:-1, max-image-preview:large, max-video-preview:-1\" \/>\n<link rel=\"canonical\" href=\"https:\/\/homeofwool.com\/fr\/boutique\/tapis-en-chanvre-2\/\" \/>\n<meta property=\"og:locale\" content=\"fr_FR\" \/>\n<meta property=\"og:type\" content=\"article\" \/>\n<meta property=\"og:title\" content=\"Hemp Rug\" \/>\n<meta property=\"og:description\" content=\"Grounding and timeless, this handwoven hemp rug is eco-friendly, 100% natural, and undyed. Durable yet stylish, it brings boho charm and rich texture to any living space.\" \/>\n<meta property=\"og:url\" content=\"https:\/\/homeofwool.com\/fr\/boutique\/tapis-en-chanvre-2\/\" \/>\n<meta property=\"og:site_name\" content=\"Home of Wool\" \/>\n<meta property=\"article:publisher\" content=\"https:\/\/facebook.com\/HomeOfWoolOfficial\" \/>\n<meta property=\"article:modified_time\" content=\"2026-02-11T09:20:44+00:00\" \/>\n<meta property=\"og:image\" content=\"https:\/\/homeofwool.com\/wp-content\/uploads\/2025\/09\/home-of-wool-hemp-rug-1-main.jpg\" \/>\n\t<meta property=\"og:image:width\" content=\"1041\" \/>\n\t<meta property=\"og:image:height\" content=\"833\" \/>\n\t<meta property=\"og:image:type\" content=\"image\/jpeg\" \/>\n<meta name=\"twitter:card\" content=\"summary_large_image\" \/>\n<meta name=\"twitter:label1\" content=\"Dur\u00e9e de lecture estim\u00e9e\" \/>\n\t<meta name=\"twitter:data1\" content=\"1 minute\" \/>\n<script type=\"application\/ld+json\" class=\"yoast-schema-graph\">{\"@context\":\"https:\\\/\\\/schema.org\",\"@graph\":[{\"@type\":\"WebPage\",\"@id\":\"https:\\\/\\\/homeofwool.com\\\/shop\\\/hemp-rug\\\/\",\"url\":\"https:\\\/\\\/homeofwool.com\\\/shop\\\/hemp-rug\\\/\",\"name\":\"Hemp Rug \u2013 100% Natural, Handmade in Custom Sizes | Home of Wool\",\"isPartOf\":{\"@id\":\"https:\\\/\\\/homeofwool.com\\\/#website\"},\"primaryImageOfPage\":{\"@id\":\"https:\\\/\\\/homeofwool.com\\\/shop\\\/hemp-rug\\\/#primaryimage\"},\"image\":{\"@id\":\"https:\\\/\\\/homeofwool.com\\\/shop\\\/hemp-rug\\\/#primaryimage\"},\"thumbnailUrl\":\"https:\\\/\\\/homeofwool.com\\\/wp-content\\\/uploads\\\/2025\\\/09\\\/home-of-wool-hemp-rug-1-main.jpg\",\"datePublished\":\"2025-09-02T12:02:14+00:00\",\"dateModified\":\"2026-02-11T09:20:44+00:00\",\"description\":\"Grounding and timeless, this handwoven hemp rug is eco-friendly, 100% natural, and undyed. Durable yet stylish, it brings boho charm and rich texture to any living space.\",\"breadcrumb\":{\"@id\":\"https:\\\/\\\/homeofwool.com\\\/shop\\\/hemp-rug\\\/#breadcrumb\"},\"inLanguage\":\"fr-FR\",\"potentialAction\":[{\"@type\":\"ReadAction\",\"target\":[\"https:\\\/\\\/homeofwool.com\\\/shop\\\/hemp-rug\\\/\"]}]},{\"@type\":\"ImageObject\",\"inLanguage\":\"fr-FR\",\"@id\":\"https:\\\/\\\/homeofwool.com\\\/shop\\\/hemp-rug\\\/#primaryimage\",\"url\":\"https:\\\/\\\/homeofwool.com\\\/wp-content\\\/uploads\\\/2025\\\/09\\\/home-of-wool-hemp-rug-1-main.jpg\",\"contentUrl\":\"https:\\\/\\\/homeofwool.com\\\/wp-content\\\/uploads\\\/2025\\\/09\\\/home-of-wool-hemp-rug-1-main.jpg\",\"width\":1041,\"height\":833,\"caption\":\"hemp rug flat on the floor\"},{\"@type\":\"BreadcrumbList\",\"@id\":\"https:\\\/\\\/homeofwool.com\\\/shop\\\/hemp-rug\\\/#breadcrumb\",\"itemListElement\":[{\"@type\":\"ListItem\",\"position\":1,\"name\":\"Home\",\"item\":\"https:\\\/\\\/homeofwool.com\\\/\"},{\"@type\":\"ListItem\",\"position\":2,\"name\":\"Products\",\"item\":\"https:\\\/\\\/homeofwool.com\\\/header-search-2\\\/\"},{\"@type\":\"ListItem\",\"position\":3,\"name\":\"Hemp Rug\"}]},{\"@type\":\"WebSite\",\"@id\":\"https:\\\/\\\/homeofwool.com\\\/#website\",\"url\":\"https:\\\/\\\/homeofwool.com\\\/\",\"name\":\"Home of Wool\",\"description\":\"\",\"publisher\":{\"@id\":\"https:\\\/\\\/homeofwool.com\\\/#organization\"},\"potentialAction\":[{\"@type\":\"SearchAction\",\"target\":{\"@type\":\"EntryPoint\",\"urlTemplate\":\"https:\\\/\\\/homeofwool.com\\\/?s={search_term_string}\"},\"query-input\":{\"@type\":\"PropertyValueSpecification\",\"valueRequired\":true,\"valueName\":\"search_term_string\"}}],\"inLanguage\":\"fr-FR\"},{\"@type\":\"Organization\",\"@id\":\"https:\\\/\\\/homeofwool.com\\\/#organization\",\"name\":\"Home of Wool\",\"url\":\"https:\\\/\\\/homeofwool.com\\\/\",\"logo\":{\"@type\":\"ImageObject\",\"inLanguage\":\"fr-FR\",\"@id\":\"https:\\\/\\\/homeofwool.com\\\/#\\\/schema\\\/logo\\\/image\\\/\",\"url\":\"https:\\\/\\\/homeofwool.com\\\/wp-content\\\/uploads\\\/2025\\\/09\\\/WhatsApp-Image-2025-12-02-at-16.23.20.jpeg\",\"contentUrl\":\"https:\\\/\\\/homeofwool.com\\\/wp-content\\\/uploads\\\/2025\\\/09\\\/WhatsApp-Image-2025-12-02-at-16.23.20.jpeg\",\"width\":700,\"height\":247,\"caption\":\"Home of Wool\"},\"image\":{\"@id\":\"https:\\\/\\\/homeofwool.com\\\/#\\\/schema\\\/logo\\\/image\\\/\"},\"sameAs\":[\"https:\\\/\\\/facebook.com\\\/HomeOfWoolOfficial\"]}]}<\/script>\n<!-- \/ Yoast SEO Premium plugin. -->","yoast_head_json":{"title":"Tapis en chanvre \u2013 100% Naturel, fait main dans des dimensions personnalis\u00e9es | Home of Wool","description":"Ancr\u00e9e et intemporelle, cette tapis en chanvre tiss\u00e9 \u00e0 la main est \u00e9cologique, 100% naturelle et non teinte. Durable et \u00e9l\u00e9gante, elle apporte un charme boh\u00e8me et une texture riche \u00e0 tout espace de vie.","robots":{"index":"index","follow":"follow","max-snippet":"max-snippet:-1","max-image-preview":"max-image-preview:large","max-video-preview":"max-video-preview:-1"},"canonical":"https:\/\/homeofwool.com\/fr\/boutique\/tapis-en-chanvre-2\/","og_locale":"fr_FR","og_type":"article","og_title":"Hemp Rug","og_description":"Grounding and timeless, this handwoven hemp rug is eco-friendly, 100% natural, and undyed. Durable yet stylish, it brings boho charm and rich texture to any living space.","og_url":"https:\/\/homeofwool.com\/fr\/boutique\/tapis-en-chanvre-2\/","og_site_name":"Home of Wool","article_publisher":"https:\/\/facebook.com\/HomeOfWoolOfficial","article_modified_time":"2026-02-11T09:20:44+00:00","og_image":[{"width":1041,"height":833,"url":"https:\/\/homeofwool.com\/wp-content\/uploads\/2025\/09\/home-of-wool-hemp-rug-1-main.jpg","type":"image\/jpeg"}],"twitter_card":"summary_large_image","twitter_misc":{"Dur\u00e9e de lecture estim\u00e9e":"1 minute"},"schema":{"@context":"https:\/\/schema.org","@graph":[{"@type":"WebPage","@id":"https:\/\/homeofwool.com\/shop\/hemp-rug\/","url":"https:\/\/homeofwool.com\/shop\/hemp-rug\/","name":"Tapis en chanvre \u2013 100% Naturel, fait main dans des dimensions personnalis\u00e9es | Home of Wool","isPartOf":{"@id":"https:\/\/homeofwool.com\/#website"},"primaryImageOfPage":{"@id":"https:\/\/homeofwool.com\/shop\/hemp-rug\/#primaryimage"},"image":{"@id":"https:\/\/homeofwool.com\/shop\/hemp-rug\/#primaryimage"},"thumbnailUrl":"https:\/\/homeofwool.com\/wp-content\/uploads\/2025\/09\/home-of-wool-hemp-rug-1-main.jpg","datePublished":"2025-09-02T12:02:14+00:00","dateModified":"2026-02-11T09:20:44+00:00","description":"Ancr\u00e9e et intemporelle, cette tapis en chanvre tiss\u00e9 \u00e0 la main est \u00e9cologique, 100% naturelle et non teinte. Durable et \u00e9l\u00e9gante, elle apporte un charme boh\u00e8me et une texture riche \u00e0 tout espace de vie.","breadcrumb":{"@id":"https:\/\/homeofwool.com\/shop\/hemp-rug\/#breadcrumb"},"inLanguage":"fr-FR","potentialAction":[{"@type":"ReadAction","target":["https:\/\/homeofwool.com\/shop\/hemp-rug\/"]}]},{"@type":"ImageObject","inLanguage":"fr-FR","@id":"https:\/\/homeofwool.com\/shop\/hemp-rug\/#primaryimage","url":"https:\/\/homeofwool.com\/wp-content\/uploads\/2025\/09\/home-of-wool-hemp-rug-1-main.jpg","contentUrl":"https:\/\/homeofwool.com\/wp-content\/uploads\/2025\/09\/home-of-wool-hemp-rug-1-main.jpg","width":1041,"height":833,"caption":"hemp rug flat on the floor"},{"@type":"BreadcrumbList","@id":"https:\/\/homeofwool.com\/shop\/hemp-rug\/#breadcrumb","itemListElement":[{"@type":"ListItem","position":1,"name":"Home","item":"https:\/\/homeofwool.com\/"},{"@type":"ListItem","position":2,"name":"Products","item":"https:\/\/homeofwool.com\/header-search-2\/"},{"@type":"ListItem","position":3,"name":"Hemp Rug"}]},{"@type":"WebSite","@id":"https:\/\/homeofwool.com\/#website","url":"https:\/\/homeofwool.com\/","name":"La maison de la laine","description":"","publisher":{"@id":"https:\/\/homeofwool.com\/#organization"},"potentialAction":[{"@type":"SearchAction","target":{"@type":"EntryPoint","urlTemplate":"https:\/\/homeofwool.com\/?s={search_term_string}"},"query-input":{"@type":"PropertyValueSpecification","valueRequired":true,"valueName":"search_term_string"}}],"inLanguage":"fr-FR"},{"@type":"Organization","@id":"https:\/\/homeofwool.com\/#organization","name":"La maison de la laine","url":"https:\/\/homeofwool.com\/","logo":{"@type":"ImageObject","inLanguage":"fr-FR","@id":"https:\/\/homeofwool.com\/#\/schema\/logo\/image\/","url":"https:\/\/homeofwool.com\/wp-content\/uploads\/2025\/09\/WhatsApp-Image-2025-12-02-at-16.23.20.jpeg","contentUrl":"https:\/\/homeofwool.com\/wp-content\/uploads\/2025\/09\/WhatsApp-Image-2025-12-02-at-16.23.20.jpeg","width":700,"height":247,"caption":"Home of Wool"},"image":{"@id":"https:\/\/homeofwool.com\/#\/schema\/logo\/image\/"},"sameAs":["https:\/\/facebook.com\/HomeOfWoolOfficial"]}]}},"_links":{"self":[{"href":"https:\/\/homeofwool.com\/fr\/wp-json\/wp\/v2\/product\/217709","targetHints":{"allow":["GET"]}}],"collection":[{"href":"https:\/\/homeofwool.com\/fr\/wp-json\/wp\/v2\/product"}],"about":[{"href":"https:\/\/homeofwool.com\/fr\/wp-json\/wp\/v2\/types\/product"}],"version-history":[{"count":1,"href":"https:\/\/homeofwool.com\/fr\/wp-json\/wp\/v2\/product\/217709\/revisions"}],"predecessor-version":[{"id":226687,"href":"https:\/\/homeofwool.com\/fr\/wp-json\/wp\/v2\/product\/217709\/revisions\/226687"}],"wp:featuredmedia":[{"embeddable":true,"href":"https:\/\/homeofwool.com\/fr\/wp-json\/wp\/v2\/media\/219290"}],"wp:attachment":[{"href":"https:\/\/homeofwool.com\/fr\/wp-json\/wp\/v2\/media?parent=217709"}],"wp:term":[{"taxonomy":"product_brand","embeddable":true,"href":"https:\/\/homeofwool.com\/fr\/wp-json\/wp\/v2\/product_brand?post=217709"},{"taxonomy":"product_cat","embeddable":true,"href":"https:\/\/homeofwool.com\/fr\/wp-json\/wp\/v2\/product_cat?post=217709"},{"taxonomy":"product_tag","embeddable":true,"href":"https:\/\/homeofwool.com\/fr\/wp-json\/wp\/v2\/product_tag?post=217709"}],"curies":[{"name":"wp","href":"https:\/\/api.w.org\/{rel}","templated":true}]}}