{"id":217706,"date":"2025-09-02T12:02:14","date_gmt":"2025-09-02T12:02:14","guid":{"rendered":"https:\/\/homeofwool.com\/?post_type=product&#038;p=217706"},"modified":"2026-02-11T09:22:33","modified_gmt":"2026-02-11T09:22:33","slug":"feuille-plate","status":"publish","type":"product","link":"https:\/\/homeofwool.com\/fr\/shop\/flat-sheet\/","title":{"rendered":"Drap plat"},"content":{"rendered":"<p>Le lin, la soie de m\u00fbrier, les m\u00e9langes coton-lin et le jersey de laine m\u00e9rinos sont des classiques dans le domaine de la literie naturelle, des draps plats et des draps de lit. Ce qui distingue nos produits, c'est la fa\u00e7on dont nous les pr\u00e9servons purs. Sans azurants ni colorants. Sans finitions chimiques.<\/p>\n<p>Le lin est initialement craquant, mais s'assouplit \u00e0 chaque lavage. Il est tr\u00e8s appr\u00e9ci\u00e9 pour les nuits d'\u00e9t\u00e9, car il vous garde au frais et vous \u00e9vite de transpirer. La soie de m\u00fbrier est douce au toucher, sans \u00eatre glissante. Elle est appr\u00e9ci\u00e9e pour ses acides amin\u00e9s qui aident \u00e0 garder une peau saine et \u00e9clatante. Le jersey de laine apporte de la chaleur et un peu d'\u00e9lasticit\u00e9. Quel que soit votre choix, tous ces tissus sont respirants et r\u00e9sistants, vous aidant \u00e0 passer des nuits fra\u00eeches, s\u00e8ches et douces.<\/p>\n<p>Hypoallerg\u00e9nique 100%, ce drap-housse est particuli\u00e8rement adapt\u00e9 aux dormeurs sensibles. Notre s\u00e9lection de tissus naturels est douce pour la peau. Disponibles dans leurs couleurs naturelles, nos tissus sont exempts de finitions chimiques qui provoquent g\u00e9n\u00e9ralement des irritations.<\/p>\n<p>Les tailles plus grandes comportent une couture discr\u00e8te, plac\u00e9e de mani\u00e8re \u00e0 se trouver sous votre oreiller ou pr\u00e8s de vos pieds, afin de ne pas vous g\u00eaner. Sur demande, la couture peut \u00eatre r\u00e9alis\u00e9e dans le sens de la longueur plut\u00f4t que dans le sens de la largeur.<\/p>\n<p>Vous pouvez choisir parmi les tailles standard ou faire confectionner le drap sur mesure pour votre lit. Et si vous souhaitez vous assurer du choix du tissu, des \u00e9chantillons sont disponibles afin que vous puissiez toucher et voir les options que nous proposons.<\/p>\n<p>Un drap plat naturel offre un confort et une qualit\u00e9 qui durent des ann\u00e9es. Sa respirabilit\u00e9 et sa puret\u00e9 cr\u00e9ent un environnement de sommeil plus sain, favorisant un meilleur repos.<\/p>","protected":false},"excerpt":{"rendered":"<p>Un drap plat en tissus naturels qui procure une sensation de fra\u00eecheur et de confort nuit apr\u00e8s nuit. Ce drap plat est respirant, sans produits chimiques et doux pour les peaux sensibles. Une couche intemporelle qui embellit le lit et apporte un confort suppl\u00e9mentaire \u00e0 tous, y compris aux personnes qui ont tendance \u00e0 avoir chaud pendant leur sommeil.<\/p>\n<div class=\"global-icon-set\">\n<div class=\"global-icon-set__items\">\n<div class=\"global-icon-set__item\">\n<div class=\"global-icon-set__image\">\n                                    <img decoding=\"async\" src=\"https:\/\/homeofwool.com\/wp-content\/uploads\/2025\/09\/handmade-icon-300x300.png\" alt=\"ic\u00f4ne artisanale\" \/>\n                                <\/div>\n<div class=\"global-icon-set__title\">Fait \u00e0 la main<\/div>\n<\/p><\/div>\n<div class=\"global-icon-set__item\">\n<div class=\"global-icon-set__image\">\n                                    <img decoding=\"async\" src=\"https:\/\/homeofwool.com\/wp-content\/uploads\/2025\/09\/VOCs-min-300x300.png\" alt=\"vocs libre\" \/>\n                                <\/div>\n<div class=\"global-icon-set__title\">Sans COV<\/div>\n<\/p><\/div>\n<div class=\"global-icon-set__item\">\n<div class=\"global-icon-set__image\">\n                                    <img decoding=\"async\" src=\"https:\/\/homeofwool.com\/wp-content\/uploads\/2025\/09\/Hypoallergenic-min-300x300.png\" alt=\"ic\u00f4ne hypoallerg\u00e9nique\" \/>\n                                <\/div>\n<div class=\"global-icon-set__title\">Hypoallerg\u00e9nique<\/div>\n<\/p><\/div>\n<div class=\"global-icon-set__item\">\n<div class=\"global-icon-set__image\">\n                                    <img decoding=\"async\" src=\"https:\/\/homeofwool.com\/wp-content\/uploads\/2025\/09\/free-of-synthetics-icon-300x300.png\" alt=\"sans mati\u00e8res synth\u00e9tiques ic\u00f4ne\" \/>\n                                <\/div>\n<div class=\"global-icon-set__title\">Sans mati\u00e8res synth\u00e9tiques<\/div>\n<\/p><\/div>\n<div class=\"global-icon-set__item\">\n<div class=\"global-icon-set__image\">\n                                    <img decoding=\"async\" src=\"https:\/\/homeofwool.com\/wp-content\/uploads\/2025\/09\/chemical-free-icon-300x300.png\" alt=\"ic\u00f4ne de l&#039;absence de produits chimiques\" \/>\n                                <\/div>\n<div class=\"global-icon-set__title\">Sans produits chimiques<\/div>\n<\/p><\/div>\n<div class=\"global-icon-set__item\">\n<div class=\"global-icon-set__image\">\n                                    <img decoding=\"async\" src=\"https:\/\/homeofwool.com\/wp-content\/uploads\/2025\/09\/certified-materials-icon-300x300.png\" alt=\"ic\u00f4ne des mat\u00e9riaux certifi\u00e9s\" \/>\n                                <\/div>\n<div class=\"global-icon-set__title\">100% Mat\u00e9riaux certifi\u00e9s purs<\/div>\n<\/p><\/div>\n<\/p><\/div>\n<\/p><\/div>","protected":false},"featured_media":219331,"template":"","meta":{"_acf_changed":false},"product_brand":[],"product_cat":[557,406],"product_tag":[412,413,414,415,416,417,418,419,420,787,149],"class_list":{"0":"post-217706","1":"product","2":"type-product","3":"status-publish","4":"has-post-thumbnail","6":"product_cat-new","7":"product_cat-protectors-covers-sheets","8":"product_tag-crib-sheets","9":"product_tag-custom-sheets","10":"product_tag-deep-pocket-sheets","11":"product_tag-extra-deep-sheet","12":"product_tag-fitted-bed-sheets","13":"product_tag-flat-sheet","14":"product_tag-linen-sheets","15":"product_tag-queen-sheets","16":"product_tag-sheets-pillowcases","17":"product_tag-silk-sheets","18":"product_tag-steps","20":"first","21":"instock","22":"shipping-taxable","23":"purchasable","24":"product-type-simple"},"acf":[],"yoast_head":"<!-- This site is optimized with the Yoast SEO Premium plugin v27.3 (Yoast SEO v27.3) - https:\/\/yoast.com\/product\/yoast-seo-premium-wordpress\/ -->\n<title>Flat Sheet \u2013 Natural Fabrics, Handmade Luxury &amp; Comfort | Home of Wool<\/title>\n<meta name=\"description\" content=\"Pure natural flat sheet\u2014hypoallergenic, chemical-free, and long-lasting. Keeps hot sleepers cool, skin comfortable, and beds beautifully layered.\" \/>\n<meta name=\"robots\" content=\"index, follow, max-snippet:-1, max-image-preview:large, max-video-preview:-1\" \/>\n<link rel=\"canonical\" href=\"https:\/\/homeofwool.com\/fr\/boutique\/feuille-plate\/\" \/>\n<meta property=\"og:locale\" content=\"fr_FR\" \/>\n<meta property=\"og:type\" content=\"article\" \/>\n<meta property=\"og:title\" content=\"Flat Sheet\" \/>\n<meta property=\"og:description\" content=\"Pure natural flat sheet\u2014hypoallergenic, chemical-free, and long-lasting. Keeps hot sleepers cool, skin comfortable, and beds beautifully layered.\" \/>\n<meta property=\"og:url\" content=\"https:\/\/homeofwool.com\/fr\/boutique\/feuille-plate\/\" \/>\n<meta property=\"og:site_name\" content=\"Home of Wool\" \/>\n<meta property=\"article:publisher\" content=\"https:\/\/facebook.com\/HomeOfWoolOfficial\" \/>\n<meta property=\"article:modified_time\" content=\"2026-02-11T09:22:33+00:00\" \/>\n<meta property=\"og:image\" content=\"https:\/\/homeofwool.com\/wp-content\/uploads\/2025\/09\/home-of-wool-listing-1-main-1.jpg\" \/>\n\t<meta property=\"og:image:width\" content=\"2000\" \/>\n\t<meta property=\"og:image:height\" content=\"1600\" \/>\n\t<meta property=\"og:image:type\" content=\"image\/jpeg\" \/>\n<meta name=\"twitter:card\" content=\"summary_large_image\" \/>\n<meta name=\"twitter:label1\" content=\"Dur\u00e9e de lecture estim\u00e9e\" \/>\n\t<meta name=\"twitter:data1\" content=\"2 minutes\" \/>\n<script type=\"application\/ld+json\" class=\"yoast-schema-graph\">{\"@context\":\"https:\\\/\\\/schema.org\",\"@graph\":[{\"@type\":\"WebPage\",\"@id\":\"https:\\\/\\\/homeofwool.com\\\/nl\\\/winkelen\\\/vlakke-plaat\\\/\",\"url\":\"https:\\\/\\\/homeofwool.com\\\/nl\\\/winkelen\\\/vlakke-plaat\\\/\",\"name\":\"Flat Sheet \u2013 Natural Fabrics, Handmade Luxury & Comfort | Home of Wool\",\"isPartOf\":{\"@id\":\"https:\\\/\\\/homeofwool.com\\\/#website\"},\"primaryImageOfPage\":{\"@id\":\"https:\\\/\\\/homeofwool.com\\\/nl\\\/winkelen\\\/vlakke-plaat\\\/#primaryimage\"},\"image\":{\"@id\":\"https:\\\/\\\/homeofwool.com\\\/nl\\\/winkelen\\\/vlakke-plaat\\\/#primaryimage\"},\"thumbnailUrl\":\"https:\\\/\\\/homeofwool.com\\\/wp-content\\\/uploads\\\/2025\\\/09\\\/home-of-wool-listing-1-main-1.jpg\",\"datePublished\":\"2025-09-02T12:02:14+00:00\",\"dateModified\":\"2026-02-11T09:22:33+00:00\",\"description\":\"Pure natural flat sheet\u2014hypoallergenic, chemical-free, and long-lasting. Keeps hot sleepers cool, skin comfortable, and beds beautifully layered.\",\"breadcrumb\":{\"@id\":\"https:\\\/\\\/homeofwool.com\\\/nl\\\/winkelen\\\/vlakke-plaat\\\/#breadcrumb\"},\"inLanguage\":\"fr-FR\",\"potentialAction\":[{\"@type\":\"ReadAction\",\"target\":[\"https:\\\/\\\/homeofwool.com\\\/nl\\\/winkelen\\\/vlakke-plaat\\\/\"]}]},{\"@type\":\"ImageObject\",\"inLanguage\":\"fr-FR\",\"@id\":\"https:\\\/\\\/homeofwool.com\\\/nl\\\/winkelen\\\/vlakke-plaat\\\/#primaryimage\",\"url\":\"https:\\\/\\\/homeofwool.com\\\/wp-content\\\/uploads\\\/2025\\\/09\\\/home-of-wool-listing-1-main-1.jpg\",\"contentUrl\":\"https:\\\/\\\/homeofwool.com\\\/wp-content\\\/uploads\\\/2025\\\/09\\\/home-of-wool-listing-1-main-1.jpg\",\"width\":2000,\"height\":1600,\"caption\":\"wool flat sheet on a bed\"},{\"@type\":\"BreadcrumbList\",\"@id\":\"https:\\\/\\\/homeofwool.com\\\/nl\\\/winkelen\\\/vlakke-plaat\\\/#breadcrumb\",\"itemListElement\":[{\"@type\":\"ListItem\",\"position\":1,\"name\":\"Home\",\"item\":\"https:\\\/\\\/homeofwool.com\\\/\"},{\"@type\":\"ListItem\",\"position\":2,\"name\":\"Products\",\"item\":\"https:\\\/\\\/homeofwool.com\\\/header-search-2\\\/\"},{\"@type\":\"ListItem\",\"position\":3,\"name\":\"Flat Sheet\"}]},{\"@type\":\"WebSite\",\"@id\":\"https:\\\/\\\/homeofwool.com\\\/#website\",\"url\":\"https:\\\/\\\/homeofwool.com\\\/\",\"name\":\"Home of Wool\",\"description\":\"\",\"publisher\":{\"@id\":\"https:\\\/\\\/homeofwool.com\\\/#organization\"},\"potentialAction\":[{\"@type\":\"SearchAction\",\"target\":{\"@type\":\"EntryPoint\",\"urlTemplate\":\"https:\\\/\\\/homeofwool.com\\\/?s={search_term_string}\"},\"query-input\":{\"@type\":\"PropertyValueSpecification\",\"valueRequired\":true,\"valueName\":\"search_term_string\"}}],\"inLanguage\":\"fr-FR\"},{\"@type\":\"Organization\",\"@id\":\"https:\\\/\\\/homeofwool.com\\\/#organization\",\"name\":\"Home of Wool\",\"url\":\"https:\\\/\\\/homeofwool.com\\\/\",\"logo\":{\"@type\":\"ImageObject\",\"inLanguage\":\"fr-FR\",\"@id\":\"https:\\\/\\\/homeofwool.com\\\/#\\\/schema\\\/logo\\\/image\\\/\",\"url\":\"https:\\\/\\\/homeofwool.com\\\/wp-content\\\/uploads\\\/2025\\\/09\\\/WhatsApp-Image-2025-12-02-at-16.23.20.jpeg\",\"contentUrl\":\"https:\\\/\\\/homeofwool.com\\\/wp-content\\\/uploads\\\/2025\\\/09\\\/WhatsApp-Image-2025-12-02-at-16.23.20.jpeg\",\"width\":700,\"height\":247,\"caption\":\"Home of Wool\"},\"image\":{\"@id\":\"https:\\\/\\\/homeofwool.com\\\/#\\\/schema\\\/logo\\\/image\\\/\"},\"sameAs\":[\"https:\\\/\\\/facebook.com\\\/HomeOfWoolOfficial\"]}]}<\/script>\n<!-- \/ Yoast SEO Premium plugin. -->","yoast_head_json":{"title":"Drap plat \u2013 Tissus naturels, luxe artisanal et confort | Home of Wool","description":"Drap plat naturel pur \u2014 hypoallerg\u00e9nique, sans produits chimiques et durable. Garde les dormeurs chauds au frais, la peau confortable et les lits magnifiquement superpos\u00e9s.","robots":{"index":"index","follow":"follow","max-snippet":"max-snippet:-1","max-image-preview":"max-image-preview:large","max-video-preview":"max-video-preview:-1"},"canonical":"https:\/\/homeofwool.com\/fr\/boutique\/feuille-plate\/","og_locale":"fr_FR","og_type":"article","og_title":"Flat Sheet","og_description":"Pure natural flat sheet\u2014hypoallergenic, chemical-free, and long-lasting. Keeps hot sleepers cool, skin comfortable, and beds beautifully layered.","og_url":"https:\/\/homeofwool.com\/fr\/boutique\/feuille-plate\/","og_site_name":"Home of Wool","article_publisher":"https:\/\/facebook.com\/HomeOfWoolOfficial","article_modified_time":"2026-02-11T09:22:33+00:00","og_image":[{"width":2000,"height":1600,"url":"https:\/\/homeofwool.com\/wp-content\/uploads\/2025\/09\/home-of-wool-listing-1-main-1.jpg","type":"image\/jpeg"}],"twitter_card":"summary_large_image","twitter_misc":{"Dur\u00e9e de lecture estim\u00e9e":"2 minutes"},"schema":{"@context":"https:\/\/schema.org","@graph":[{"@type":"WebPage","@id":"https:\/\/homeofwool.com\/nl\/winkelen\/vlakke-plaat\/","url":"https:\/\/homeofwool.com\/nl\/winkelen\/vlakke-plaat\/","name":"Drap plat \u2013 Tissus naturels, luxe artisanal et confort | Home of Wool","isPartOf":{"@id":"https:\/\/homeofwool.com\/#website"},"primaryImageOfPage":{"@id":"https:\/\/homeofwool.com\/nl\/winkelen\/vlakke-plaat\/#primaryimage"},"image":{"@id":"https:\/\/homeofwool.com\/nl\/winkelen\/vlakke-plaat\/#primaryimage"},"thumbnailUrl":"https:\/\/homeofwool.com\/wp-content\/uploads\/2025\/09\/home-of-wool-listing-1-main-1.jpg","datePublished":"2025-09-02T12:02:14+00:00","dateModified":"2026-02-11T09:22:33+00:00","description":"Drap plat naturel pur \u2014 hypoallerg\u00e9nique, sans produits chimiques et durable. Garde les dormeurs chauds au frais, la peau confortable et les lits magnifiquement superpos\u00e9s.","breadcrumb":{"@id":"https:\/\/homeofwool.com\/nl\/winkelen\/vlakke-plaat\/#breadcrumb"},"inLanguage":"fr-FR","potentialAction":[{"@type":"ReadAction","target":["https:\/\/homeofwool.com\/nl\/winkelen\/vlakke-plaat\/"]}]},{"@type":"ImageObject","inLanguage":"fr-FR","@id":"https:\/\/homeofwool.com\/nl\/winkelen\/vlakke-plaat\/#primaryimage","url":"https:\/\/homeofwool.com\/wp-content\/uploads\/2025\/09\/home-of-wool-listing-1-main-1.jpg","contentUrl":"https:\/\/homeofwool.com\/wp-content\/uploads\/2025\/09\/home-of-wool-listing-1-main-1.jpg","width":2000,"height":1600,"caption":"wool flat sheet on a bed"},{"@type":"BreadcrumbList","@id":"https:\/\/homeofwool.com\/nl\/winkelen\/vlakke-plaat\/#breadcrumb","itemListElement":[{"@type":"ListItem","position":1,"name":"Home","item":"https:\/\/homeofwool.com\/"},{"@type":"ListItem","position":2,"name":"Products","item":"https:\/\/homeofwool.com\/header-search-2\/"},{"@type":"ListItem","position":3,"name":"Flat Sheet"}]},{"@type":"WebSite","@id":"https:\/\/homeofwool.com\/#website","url":"https:\/\/homeofwool.com\/","name":"La maison de la laine","description":"","publisher":{"@id":"https:\/\/homeofwool.com\/#organization"},"potentialAction":[{"@type":"SearchAction","target":{"@type":"EntryPoint","urlTemplate":"https:\/\/homeofwool.com\/?s={search_term_string}"},"query-input":{"@type":"PropertyValueSpecification","valueRequired":true,"valueName":"search_term_string"}}],"inLanguage":"fr-FR"},{"@type":"Organization","@id":"https:\/\/homeofwool.com\/#organization","name":"La maison de la laine","url":"https:\/\/homeofwool.com\/","logo":{"@type":"ImageObject","inLanguage":"fr-FR","@id":"https:\/\/homeofwool.com\/#\/schema\/logo\/image\/","url":"https:\/\/homeofwool.com\/wp-content\/uploads\/2025\/09\/WhatsApp-Image-2025-12-02-at-16.23.20.jpeg","contentUrl":"https:\/\/homeofwool.com\/wp-content\/uploads\/2025\/09\/WhatsApp-Image-2025-12-02-at-16.23.20.jpeg","width":700,"height":247,"caption":"Home of Wool"},"image":{"@id":"https:\/\/homeofwool.com\/#\/schema\/logo\/image\/"},"sameAs":["https:\/\/facebook.com\/HomeOfWoolOfficial"]}]}},"_links":{"self":[{"href":"https:\/\/homeofwool.com\/fr\/wp-json\/wp\/v2\/product\/217706","targetHints":{"allow":["GET"]}}],"collection":[{"href":"https:\/\/homeofwool.com\/fr\/wp-json\/wp\/v2\/product"}],"about":[{"href":"https:\/\/homeofwool.com\/fr\/wp-json\/wp\/v2\/types\/product"}],"version-history":[{"count":1,"href":"https:\/\/homeofwool.com\/fr\/wp-json\/wp\/v2\/product\/217706\/revisions"}],"predecessor-version":[{"id":226688,"href":"https:\/\/homeofwool.com\/fr\/wp-json\/wp\/v2\/product\/217706\/revisions\/226688"}],"wp:featuredmedia":[{"embeddable":true,"href":"https:\/\/homeofwool.com\/fr\/wp-json\/wp\/v2\/media\/219331"}],"wp:attachment":[{"href":"https:\/\/homeofwool.com\/fr\/wp-json\/wp\/v2\/media?parent=217706"}],"wp:term":[{"taxonomy":"product_brand","embeddable":true,"href":"https:\/\/homeofwool.com\/fr\/wp-json\/wp\/v2\/product_brand?post=217706"},{"taxonomy":"product_cat","embeddable":true,"href":"https:\/\/homeofwool.com\/fr\/wp-json\/wp\/v2\/product_cat?post=217706"},{"taxonomy":"product_tag","embeddable":true,"href":"https:\/\/homeofwool.com\/fr\/wp-json\/wp\/v2\/product_tag?post=217706"}],"curies":[{"name":"wp","href":"https:\/\/api.w.org\/{rel}","templated":true}]}}