{"id":217702,"date":"2025-09-02T12:02:14","date_gmt":"2025-09-02T12:02:14","guid":{"rendered":"https:\/\/homeofwool.com\/?post_type=product&#038;p=217702"},"modified":"2026-02-17T10:35:19","modified_gmt":"2026-02-17T10:35:19","slug":"couette-double-chaleur","status":"publish","type":"product","link":"https:\/\/homeofwool.com\/fr\/shop\/dual-warmth-duvet\/","title":{"rendered":"Couette en laine \u2018 double chaleur \u2019 pour couples"},"content":{"rendered":"<p>Fini les disputes nocturnes pour savoir qui a trop chaud ou trop froid. La couette en laine pour couples est con\u00e7ue pour mettre fin une fois pour toutes aux guerres de couettes, en offrant \u00e0 chaque partenaire exactement la chaleur dont il a besoin. Avec ses deux moiti\u00e9s que vous pouvez adapter \u00e0 diff\u00e9rentes \u00e9paisseurs, elle cr\u00e9e un environnement de sommeil parfaitement \u00e9quilibr\u00e9 o\u00f9 tout le monde se repose facilement. Choisissez parmi des combinaisons telles que \u00c9t\u00e9 | Hiver, \u00c9t\u00e9 | Extra chaud ou Hiver | Extra chaud pour une couette vraiment adapt\u00e9e \u00e0 vos besoins.<\/p>\n<p>Fabriqu\u00e9e avec un rembourrage en pure laine et des tissus naturels, cette couette double \u00e9paisseur est respirante et r\u00e9gule naturellement la temp\u00e9rature. Vous restez ainsi au chaud sans avoir trop chaud et au sec sans vous r\u00e9veiller en sueur. Totalement exempte de mati\u00e8res synth\u00e9tiques, de retardateurs de flamme et de d\u00e9gagements gazeux, cette couette hypoallerg\u00e9nique est id\u00e9ale pour les dormeurs sensibles. Naturellement r\u00e9sistante aux acariens, aux moisissures et aux bact\u00e9ries, elle favorise un sommeil plus sain et plus frais.<\/p>\n<p>Cette literie naturelle pour couples est fabriqu\u00e9e \u00e0 la main \u00e0 partir de mat\u00e9riaux biod\u00e9gradables et renouvelables. Vous pouvez \u00e9galement personnaliser les d\u00e9tails, des housses en tissu aux finitions, pour obtenir une couette sur mesure qui vous correspond vraiment. Dormez mieux \u00e0 deux gr\u00e2ce \u00e0 cette couette en laine pour couples, con\u00e7ue pour le confort et la complicit\u00e9.<\/p>","protected":false},"excerpt":{"rendered":"<p>Mettez fin aux disputes autour de la couette et dormez en harmonie gr\u00e2ce \u00e0 la couette en laine pour couples. Cette couette \u00e0 double chaleur permet \u00e0 chaque partenaire de choisir son niveau de confort id\u00e9al, pour que personne n'ait \u00e0 faire de compromis sur son sommeil. Fabriqu\u00e9e \u00e0 la main \u00e0 partir de laine naturelle, elle vous garantit \u00e0 tous les deux un sommeil douillet et r\u00e9parateur. Deux fois plus de confort, deux fois plus d'amour.<\/p>\n<div class=\"global-icon-set\">\n<div class=\"global-icon-set__items\">\n<div class=\"global-icon-set__item\">\n<div class=\"global-icon-set__image\">\n                                    <img decoding=\"async\" src=\"https:\/\/homeofwool.com\/wp-content\/uploads\/2025\/09\/handmade-icon-300x300.png\" alt=\"ic\u00f4ne artisanale\" \/>\n                                <\/div>\n<div class=\"global-icon-set__title\">Fait \u00e0 la main<\/div>\n<\/p><\/div>\n<div class=\"global-icon-set__item\">\n<div class=\"global-icon-set__image\">\n                                    <img decoding=\"async\" src=\"https:\/\/homeofwool.com\/wp-content\/uploads\/2025\/09\/VOCs-min-300x300.png\" alt=\"vocs libre\" \/>\n                                <\/div>\n<div class=\"global-icon-set__title\">Sans COV<\/div>\n<\/p><\/div>\n<div class=\"global-icon-set__item\">\n<div class=\"global-icon-set__image\">\n                                    <img decoding=\"async\" src=\"https:\/\/homeofwool.com\/wp-content\/uploads\/2025\/09\/FR-min-300x300.png\" alt=\"ic\u00f4ne de r\u00e9sistance au feu\" \/>\n                                <\/div>\n<div class=\"global-icon-set__title\">R\u00e9sistant \u00e0 la flamme<\/div>\n<\/p><\/div>\n<div class=\"global-icon-set__item\">\n<div class=\"global-icon-set__image\">\n                                    <img decoding=\"async\" src=\"https:\/\/homeofwool.com\/wp-content\/uploads\/2025\/09\/Hypoallergenic-min-300x300.png\" alt=\"ic\u00f4ne hypoallerg\u00e9nique\" \/>\n                                <\/div>\n<div class=\"global-icon-set__title\">Hypoallerg\u00e9nique<\/div>\n<\/p><\/div>\n<div class=\"global-icon-set__item\">\n<div class=\"global-icon-set__image\">\n                                    <img decoding=\"async\" src=\"https:\/\/homeofwool.com\/wp-content\/uploads\/2025\/09\/free-of-synthetics-icon-300x300.png\" alt=\"sans mati\u00e8res synth\u00e9tiques ic\u00f4ne\" \/>\n                                <\/div>\n<div class=\"global-icon-set__title\">Sans mati\u00e8res synth\u00e9tiques<\/div>\n<\/p><\/div>\n<div class=\"global-icon-set__item\">\n<div class=\"global-icon-set__image\">\n                                    <img decoding=\"async\" src=\"https:\/\/homeofwool.com\/wp-content\/uploads\/2025\/09\/chemical-free-icon-300x300.png\" alt=\"ic\u00f4ne de l&#039;absence de produits chimiques\" \/>\n                                <\/div>\n<div class=\"global-icon-set__title\">Sans produits chimiques<\/div>\n<\/p><\/div>\n<div class=\"global-icon-set__item\">\n<div class=\"global-icon-set__image\">\n                                    <img decoding=\"async\" src=\"https:\/\/homeofwool.com\/wp-content\/uploads\/2025\/09\/anti-bacterial-icon-300x300.png\" alt=\"ic\u00f4ne anti-bact\u00e9rien\" \/>\n                                <\/div>\n<div class=\"global-icon-set__title\">Anti-microbien et anti-bact\u00e9rien<\/div>\n<\/p><\/div>\n<div class=\"global-icon-set__item\">\n<div class=\"global-icon-set__image\">\n                                    <img decoding=\"async\" src=\"https:\/\/homeofwool.com\/wp-content\/uploads\/2025\/09\/certified-materials-icon-300x300.png\" alt=\"ic\u00f4ne des mat\u00e9riaux certifi\u00e9s\" \/>\n                                <\/div>\n<div class=\"global-icon-set__title\">100% Mat\u00e9riaux certifi\u00e9s purs<\/div>\n<\/p><\/div>\n<\/p><\/div>\n<\/p><\/div>","protected":false},"featured_media":219629,"template":"","meta":{"_acf_changed":false},"product_brand":[],"product_cat":[557,60],"product_tag":[775,776,777,778,779,780,781,782,149],"class_list":{"0":"post-217702","1":"product","2":"type-product","3":"status-publish","4":"has-post-thumbnail","6":"product_cat-new","7":"product_cat-blankets-duvets","8":"product_tag-best-comforters-for-couples","9":"product_tag-best-duvet-for-couples","10":"product_tag-comforters-for-couples","11":"product_tag-dual-zone-comforter-for-couples","12":"product_tag-his-and-hers-comforters","13":"product_tag-his-and-hers-duvet","14":"product_tag-his-and-hers-duvet-king-size","15":"product_tag-split-duvet-for-couples","16":"product_tag-steps","18":"first","19":"instock","20":"shipping-taxable","21":"purchasable","22":"product-type-simple"},"acf":[],"yoast_head":"<!-- This site is optimized with the Yoast SEO Premium plugin v27.3 (Yoast SEO v27.3) - https:\/\/yoast.com\/product\/yoast-seo-premium-wordpress\/ -->\n<title>Dual-Warmth Wool Duvet \u2013 Split Warmth Comforter | Home of Wool<\/title>\n<meta name=\"description\" content=\"Customizable and breathable, the Couples \u2018Dual-Warmth\u2019 Wool Duvet offers split-warmth comfort with organic wool filling. Hypoallergenic and toxin-free, it ensures sustainable rest for both partners.\" \/>\n<meta name=\"robots\" content=\"index, follow, max-snippet:-1, max-image-preview:large, max-video-preview:-1\" \/>\n<link rel=\"canonical\" href=\"https:\/\/homeofwool.com\/fr\/boutique\/couette-double-chaleur\/\" \/>\n<meta property=\"og:locale\" content=\"fr_FR\" \/>\n<meta property=\"og:type\" content=\"article\" \/>\n<meta property=\"og:title\" content=\"Couples \u2018Dual-Warmth\u2019 Wool Duvet\" \/>\n<meta property=\"og:description\" content=\"Customizable and breathable, the Couples \u2018Dual-Warmth\u2019 Wool Duvet offers split-warmth comfort with organic wool filling. Hypoallergenic and toxin-free, it ensures sustainable rest for both partners.\" \/>\n<meta property=\"og:url\" content=\"https:\/\/homeofwool.com\/fr\/boutique\/couette-double-chaleur\/\" \/>\n<meta property=\"og:site_name\" content=\"Home of Wool\" \/>\n<meta property=\"article:publisher\" content=\"https:\/\/facebook.com\/HomeOfWoolOfficial\" \/>\n<meta property=\"article:modified_time\" content=\"2026-02-17T10:35:19+00:00\" \/>\n<meta property=\"og:image\" content=\"https:\/\/homeofwool.com\/wp-content\/uploads\/2025\/09\/home-of-wool-couples-wool-duvet-1-main-scaled.jpg\" \/>\n\t<meta property=\"og:image:width\" content=\"2560\" \/>\n\t<meta property=\"og:image:height\" content=\"1806\" \/>\n\t<meta property=\"og:image:type\" content=\"image\/jpeg\" \/>\n<meta name=\"twitter:card\" content=\"summary_large_image\" \/>\n<meta name=\"twitter:label1\" content=\"Dur\u00e9e de lecture estim\u00e9e\" \/>\n\t<meta name=\"twitter:data1\" content=\"2 minutes\" \/>\n<script type=\"application\/ld+json\" class=\"yoast-schema-graph\">{\"@context\":\"https:\\\/\\\/schema.org\",\"@graph\":[{\"@type\":\"WebPage\",\"@id\":\"https:\\\/\\\/homeofwool.com\\\/shop\\\/dual-warmth-duvet\\\/\",\"url\":\"https:\\\/\\\/homeofwool.com\\\/shop\\\/dual-warmth-duvet\\\/\",\"name\":\"Dual-Warmth Wool Duvet \u2013 Split Warmth Comforter | Home of Wool\",\"isPartOf\":{\"@id\":\"https:\\\/\\\/homeofwool.com\\\/#website\"},\"primaryImageOfPage\":{\"@id\":\"https:\\\/\\\/homeofwool.com\\\/shop\\\/dual-warmth-duvet\\\/#primaryimage\"},\"image\":{\"@id\":\"https:\\\/\\\/homeofwool.com\\\/shop\\\/dual-warmth-duvet\\\/#primaryimage\"},\"thumbnailUrl\":\"https:\\\/\\\/homeofwool.com\\\/wp-content\\\/uploads\\\/2025\\\/09\\\/home-of-wool-couples-wool-duvet-1-main-scaled.jpg\",\"datePublished\":\"2025-09-02T12:02:14+00:00\",\"dateModified\":\"2026-02-17T10:35:19+00:00\",\"description\":\"Customizable and breathable, the Couples \u2018Dual-Warmth\u2019 Wool Duvet offers split-warmth comfort with organic wool filling. Hypoallergenic and toxin-free, it ensures sustainable rest for both partners.\",\"breadcrumb\":{\"@id\":\"https:\\\/\\\/homeofwool.com\\\/shop\\\/dual-warmth-duvet\\\/#breadcrumb\"},\"inLanguage\":\"fr-FR\",\"potentialAction\":[{\"@type\":\"ReadAction\",\"target\":[\"https:\\\/\\\/homeofwool.com\\\/shop\\\/dual-warmth-duvet\\\/\"]}]},{\"@type\":\"ImageObject\",\"inLanguage\":\"fr-FR\",\"@id\":\"https:\\\/\\\/homeofwool.com\\\/shop\\\/dual-warmth-duvet\\\/#primaryimage\",\"url\":\"https:\\\/\\\/homeofwool.com\\\/wp-content\\\/uploads\\\/2025\\\/09\\\/home-of-wool-couples-wool-duvet-1-main-scaled.jpg\",\"contentUrl\":\"https:\\\/\\\/homeofwool.com\\\/wp-content\\\/uploads\\\/2025\\\/09\\\/home-of-wool-couples-wool-duvet-1-main-scaled.jpg\",\"width\":2560,\"height\":1806,\"caption\":\"couples wool duvet\"},{\"@type\":\"BreadcrumbList\",\"@id\":\"https:\\\/\\\/homeofwool.com\\\/shop\\\/dual-warmth-duvet\\\/#breadcrumb\",\"itemListElement\":[{\"@type\":\"ListItem\",\"position\":1,\"name\":\"Home\",\"item\":\"https:\\\/\\\/homeofwool.com\\\/\"},{\"@type\":\"ListItem\",\"position\":2,\"name\":\"Products\",\"item\":\"https:\\\/\\\/homeofwool.com\\\/header-search-2\\\/\"},{\"@type\":\"ListItem\",\"position\":3,\"name\":\"Couples \u2018Dual-Warmth\u2019 Wool Duvet\"}]},{\"@type\":\"WebSite\",\"@id\":\"https:\\\/\\\/homeofwool.com\\\/#website\",\"url\":\"https:\\\/\\\/homeofwool.com\\\/\",\"name\":\"Home of Wool\",\"description\":\"\",\"publisher\":{\"@id\":\"https:\\\/\\\/homeofwool.com\\\/#organization\"},\"potentialAction\":[{\"@type\":\"SearchAction\",\"target\":{\"@type\":\"EntryPoint\",\"urlTemplate\":\"https:\\\/\\\/homeofwool.com\\\/?s={search_term_string}\"},\"query-input\":{\"@type\":\"PropertyValueSpecification\",\"valueRequired\":true,\"valueName\":\"search_term_string\"}}],\"inLanguage\":\"fr-FR\"},{\"@type\":\"Organization\",\"@id\":\"https:\\\/\\\/homeofwool.com\\\/#organization\",\"name\":\"Home of Wool\",\"url\":\"https:\\\/\\\/homeofwool.com\\\/\",\"logo\":{\"@type\":\"ImageObject\",\"inLanguage\":\"fr-FR\",\"@id\":\"https:\\\/\\\/homeofwool.com\\\/#\\\/schema\\\/logo\\\/image\\\/\",\"url\":\"https:\\\/\\\/homeofwool.com\\\/wp-content\\\/uploads\\\/2025\\\/09\\\/WhatsApp-Image-2025-12-02-at-16.23.20.jpeg\",\"contentUrl\":\"https:\\\/\\\/homeofwool.com\\\/wp-content\\\/uploads\\\/2025\\\/09\\\/WhatsApp-Image-2025-12-02-at-16.23.20.jpeg\",\"width\":700,\"height\":247,\"caption\":\"Home of Wool\"},\"image\":{\"@id\":\"https:\\\/\\\/homeofwool.com\\\/#\\\/schema\\\/logo\\\/image\\\/\"},\"sameAs\":[\"https:\\\/\\\/facebook.com\\\/HomeOfWoolOfficial\"]}]}<\/script>\n<!-- \/ Yoast SEO Premium plugin. -->","yoast_head_json":{"title":"Couette en laine \u00e0 double chaleur \u2013 Couette \u00e0 chaleur s\u00e9par\u00e9e | Home of Wool","description":"Personnalisable et respirante, la couette en laine \u2018 Dual-Warmth \u2019 pour couples offre un confort thermique r\u00e9glable gr\u00e2ce \u00e0 son rembourrage en laine biologique. Hypoallerg\u00e9nique et sans toxines, elle garantit un repos durable pour les deux partenaires.","robots":{"index":"index","follow":"follow","max-snippet":"max-snippet:-1","max-image-preview":"max-image-preview:large","max-video-preview":"max-video-preview:-1"},"canonical":"https:\/\/homeofwool.com\/fr\/boutique\/couette-double-chaleur\/","og_locale":"fr_FR","og_type":"article","og_title":"Couples \u2018Dual-Warmth\u2019 Wool Duvet","og_description":"Customizable and breathable, the Couples \u2018Dual-Warmth\u2019 Wool Duvet offers split-warmth comfort with organic wool filling. Hypoallergenic and toxin-free, it ensures sustainable rest for both partners.","og_url":"https:\/\/homeofwool.com\/fr\/boutique\/couette-double-chaleur\/","og_site_name":"Home of Wool","article_publisher":"https:\/\/facebook.com\/HomeOfWoolOfficial","article_modified_time":"2026-02-17T10:35:19+00:00","og_image":[{"width":2560,"height":1806,"url":"https:\/\/homeofwool.com\/wp-content\/uploads\/2025\/09\/home-of-wool-couples-wool-duvet-1-main-scaled.jpg","type":"image\/jpeg"}],"twitter_card":"summary_large_image","twitter_misc":{"Dur\u00e9e de lecture estim\u00e9e":"2 minutes"},"schema":{"@context":"https:\/\/schema.org","@graph":[{"@type":"WebPage","@id":"https:\/\/homeofwool.com\/shop\/dual-warmth-duvet\/","url":"https:\/\/homeofwool.com\/shop\/dual-warmth-duvet\/","name":"Couette en laine \u00e0 double chaleur \u2013 Couette \u00e0 chaleur s\u00e9par\u00e9e | Home of Wool","isPartOf":{"@id":"https:\/\/homeofwool.com\/#website"},"primaryImageOfPage":{"@id":"https:\/\/homeofwool.com\/shop\/dual-warmth-duvet\/#primaryimage"},"image":{"@id":"https:\/\/homeofwool.com\/shop\/dual-warmth-duvet\/#primaryimage"},"thumbnailUrl":"https:\/\/homeofwool.com\/wp-content\/uploads\/2025\/09\/home-of-wool-couples-wool-duvet-1-main-scaled.jpg","datePublished":"2025-09-02T12:02:14+00:00","dateModified":"2026-02-17T10:35:19+00:00","description":"Personnalisable et respirante, la couette en laine \u2018 Dual-Warmth \u2019 pour couples offre un confort thermique r\u00e9glable gr\u00e2ce \u00e0 son rembourrage en laine biologique. Hypoallerg\u00e9nique et sans toxines, elle garantit un repos durable pour les deux partenaires.","breadcrumb":{"@id":"https:\/\/homeofwool.com\/shop\/dual-warmth-duvet\/#breadcrumb"},"inLanguage":"fr-FR","potentialAction":[{"@type":"ReadAction","target":["https:\/\/homeofwool.com\/shop\/dual-warmth-duvet\/"]}]},{"@type":"ImageObject","inLanguage":"fr-FR","@id":"https:\/\/homeofwool.com\/shop\/dual-warmth-duvet\/#primaryimage","url":"https:\/\/homeofwool.com\/wp-content\/uploads\/2025\/09\/home-of-wool-couples-wool-duvet-1-main-scaled.jpg","contentUrl":"https:\/\/homeofwool.com\/wp-content\/uploads\/2025\/09\/home-of-wool-couples-wool-duvet-1-main-scaled.jpg","width":2560,"height":1806,"caption":"couples wool duvet"},{"@type":"BreadcrumbList","@id":"https:\/\/homeofwool.com\/shop\/dual-warmth-duvet\/#breadcrumb","itemListElement":[{"@type":"ListItem","position":1,"name":"Home","item":"https:\/\/homeofwool.com\/"},{"@type":"ListItem","position":2,"name":"Products","item":"https:\/\/homeofwool.com\/header-search-2\/"},{"@type":"ListItem","position":3,"name":"Couples \u2018Dual-Warmth\u2019 Wool Duvet"}]},{"@type":"WebSite","@id":"https:\/\/homeofwool.com\/#website","url":"https:\/\/homeofwool.com\/","name":"La maison de la laine","description":"","publisher":{"@id":"https:\/\/homeofwool.com\/#organization"},"potentialAction":[{"@type":"SearchAction","target":{"@type":"EntryPoint","urlTemplate":"https:\/\/homeofwool.com\/?s={search_term_string}"},"query-input":{"@type":"PropertyValueSpecification","valueRequired":true,"valueName":"search_term_string"}}],"inLanguage":"fr-FR"},{"@type":"Organization","@id":"https:\/\/homeofwool.com\/#organization","name":"La maison de la laine","url":"https:\/\/homeofwool.com\/","logo":{"@type":"ImageObject","inLanguage":"fr-FR","@id":"https:\/\/homeofwool.com\/#\/schema\/logo\/image\/","url":"https:\/\/homeofwool.com\/wp-content\/uploads\/2025\/09\/WhatsApp-Image-2025-12-02-at-16.23.20.jpeg","contentUrl":"https:\/\/homeofwool.com\/wp-content\/uploads\/2025\/09\/WhatsApp-Image-2025-12-02-at-16.23.20.jpeg","width":700,"height":247,"caption":"Home of Wool"},"image":{"@id":"https:\/\/homeofwool.com\/#\/schema\/logo\/image\/"},"sameAs":["https:\/\/facebook.com\/HomeOfWoolOfficial"]}]}},"_links":{"self":[{"href":"https:\/\/homeofwool.com\/fr\/wp-json\/wp\/v2\/product\/217702","targetHints":{"allow":["GET"]}}],"collection":[{"href":"https:\/\/homeofwool.com\/fr\/wp-json\/wp\/v2\/product"}],"about":[{"href":"https:\/\/homeofwool.com\/fr\/wp-json\/wp\/v2\/types\/product"}],"version-history":[{"count":2,"href":"https:\/\/homeofwool.com\/fr\/wp-json\/wp\/v2\/product\/217702\/revisions"}],"predecessor-version":[{"id":227686,"href":"https:\/\/homeofwool.com\/fr\/wp-json\/wp\/v2\/product\/217702\/revisions\/227686"}],"wp:featuredmedia":[{"embeddable":true,"href":"https:\/\/homeofwool.com\/fr\/wp-json\/wp\/v2\/media\/219629"}],"wp:attachment":[{"href":"https:\/\/homeofwool.com\/fr\/wp-json\/wp\/v2\/media?parent=217702"}],"wp:term":[{"taxonomy":"product_brand","embeddable":true,"href":"https:\/\/homeofwool.com\/fr\/wp-json\/wp\/v2\/product_brand?post=217702"},{"taxonomy":"product_cat","embeddable":true,"href":"https:\/\/homeofwool.com\/fr\/wp-json\/wp\/v2\/product_cat?post=217702"},{"taxonomy":"product_tag","embeddable":true,"href":"https:\/\/homeofwool.com\/fr\/wp-json\/wp\/v2\/product_tag?post=217702"}],"curies":[{"name":"wp","href":"https:\/\/api.w.org\/{rel}","templated":true}]}}