{"id":217701,"date":"2025-09-02T12:02:14","date_gmt":"2025-09-02T12:02:14","guid":{"rendered":"https:\/\/homeofwool.com\/?post_type=product&#038;p=217701"},"modified":"2025-10-05T14:31:14","modified_gmt":"2025-10-05T14:31:14","slug":"coussin-de-lecture","status":"publish","type":"product","link":"https:\/\/homeofwool.com\/fr\/shop\/reading-pillow\/","title":{"rendered":"Coussin de lecture en laine"},"content":{"rendered":"<p>Cet oreiller de lecture est con\u00e7u pour vous offrir un confort optimal lorsque vous \u00eates allong\u00e9 sur le ventre. Il soul\u00e8ve votre poitrine et vos bras afin que vous puissiez lire un livre ou un magazine sans effort. Le rembourrage en laine offre un soutien stable mais \u00e9galement respirant. Vous restez ainsi \u00e0 l'aise, m\u00eame si vous passez beaucoup de temps \u00e0 lire. Il ne retient pas la chaleur et ne d\u00e9gage pas de produits chimiques, vous pouvez donc profiter d'un espace plus propre et plus sain. Il est naturellement hypoallerg\u00e9nique et r\u00e9siste aux acariens et aux moisissures. Il est donc particuli\u00e8rement adapt\u00e9 aux personnes souffrant d'allergies ou de sensibilit\u00e9s.<\/p>\n<p>L'insert est en coton biologique et la laine \u00e0 l'int\u00e9rieur est tuft\u00e9e avec un fil de lin r\u00e9sistant. Vous compl\u00e9tez votre oreiller avec une housse amovible en tissus biologiques. Nous avons s\u00e9lectionn\u00e9 de la soie de m\u00fbrier lisse pour une touche de luxe. Le jersey en laine m\u00e9rinos offre une douceur et une chaleur confortables. Le m\u00e9lange coton-lin est parfait pour les chaudes journ\u00e9es d'\u00e9t\u00e9 o\u00f9 vous avez besoin d'une touche de fra\u00eecheur et d'une sensation naturelle. Avec ses dimensions de 25 x 65 x 39 cm, cet oreiller offre un soutien optimal \u00e0 votre corps et vous permet de lire dans le plus grand confort.<\/p>","protected":false},"excerpt":{"rendered":"<p>Profitez de votre livre pr\u00e9f\u00e9r\u00e9 gr\u00e2ce au coussin de lecture Home of Wool, rembourr\u00e9 de laine naturelle. Il soul\u00e8ve d\u00e9licatement votre ventre et votre poitrine pour vous permettre de lire confortablement dans votre lit. Comme il est fabriqu\u00e9 en laine, il reste respirant et confortable jusqu'\u00e0 la derni\u00e8re page. Naturellement hypoallerg\u00e9nique et exempt de tout produit synth\u00e9tique.<\/p>\n<div class=\"global-icon-set\">\n<div class=\"global-icon-set__items\">\n<div class=\"global-icon-set__item\">\n<div class=\"global-icon-set__image\">\n                                    <img decoding=\"async\" src=\"https:\/\/homeofwool.com\/wp-content\/uploads\/2025\/09\/handmade-icon-300x300.png\" alt=\"ic\u00f4ne artisanale\" \/>\n                                <\/div>\n<div class=\"global-icon-set__title\">Fait \u00e0 la main<\/div>\n<\/p><\/div>\n<div class=\"global-icon-set__item\">\n<div class=\"global-icon-set__image\">\n                                    <img decoding=\"async\" src=\"https:\/\/homeofwool.com\/wp-content\/uploads\/2025\/09\/wicks-moisture-away-300x300.png\" alt=\"\u00e9vacue l&#039;humidit\u00e9\" \/>\n                                <\/div>\n<div class=\"global-icon-set__title\">Evacue l'humidit\u00e9<\/div>\n<\/p><\/div>\n<div class=\"global-icon-set__item\">\n<div class=\"global-icon-set__image\">\n                                    <img decoding=\"async\" src=\"https:\/\/homeofwool.com\/wp-content\/uploads\/2025\/09\/VOCs-min-300x300.png\" alt=\"vocs libre\" \/>\n                                <\/div>\n<div class=\"global-icon-set__title\">Sans COV<\/div>\n<\/p><\/div>\n<div class=\"global-icon-set__item\">\n<div class=\"global-icon-set__image\">\n                                    <img decoding=\"async\" src=\"https:\/\/homeofwool.com\/wp-content\/uploads\/2025\/09\/FR-min-300x300.png\" alt=\"ic\u00f4ne de r\u00e9sistance au feu\" \/>\n                                <\/div>\n<div class=\"global-icon-set__title\">R\u00e9sistant \u00e0 la flamme<\/div>\n<\/p><\/div>\n<div class=\"global-icon-set__item\">\n<div class=\"global-icon-set__image\">\n                                    <img decoding=\"async\" src=\"https:\/\/homeofwool.com\/wp-content\/uploads\/2025\/09\/Hypoallergenic-min-300x300.png\" alt=\"ic\u00f4ne hypoallerg\u00e9nique\" \/>\n                                <\/div>\n<div class=\"global-icon-set__title\">Hypoallerg\u00e9nique<\/div>\n<\/p><\/div>\n<div class=\"global-icon-set__item\">\n<div class=\"global-icon-set__image\">\n                                    <img decoding=\"async\" src=\"https:\/\/homeofwool.com\/wp-content\/uploads\/2025\/09\/free-of-synthetics-icon-300x300.png\" alt=\"sans mati\u00e8res synth\u00e9tiques ic\u00f4ne\" \/>\n                                <\/div>\n<div class=\"global-icon-set__title\">Sans mati\u00e8res synth\u00e9tiques<\/div>\n<\/p><\/div>\n<div class=\"global-icon-set__item\">\n<div class=\"global-icon-set__image\">\n                                    <img decoding=\"async\" src=\"https:\/\/homeofwool.com\/wp-content\/uploads\/2025\/09\/chemical-free-icon-300x300.png\" alt=\"ic\u00f4ne de l&#039;absence de produits chimiques\" \/>\n                                <\/div>\n<div class=\"global-icon-set__title\">Sans produits chimiques<\/div>\n<\/p><\/div>\n<div class=\"global-icon-set__item\">\n<div class=\"global-icon-set__image\">\n                                    <img decoding=\"async\" src=\"https:\/\/homeofwool.com\/wp-content\/uploads\/2025\/09\/anti-bacterial-icon-300x300.png\" alt=\"ic\u00f4ne anti-bact\u00e9rien\" \/>\n                                <\/div>\n<div class=\"global-icon-set__title\">Anti-microbien et anti-bact\u00e9rien<\/div>\n<\/p><\/div>\n<div class=\"global-icon-set__item\">\n<div class=\"global-icon-set__image\">\n                                    <img decoding=\"async\" src=\"https:\/\/homeofwool.com\/wp-content\/uploads\/2025\/09\/certified-materials-icon-300x300.png\" alt=\"ic\u00f4ne des mat\u00e9riaux certifi\u00e9s\" \/>\n                                <\/div>\n<div class=\"global-icon-set__title\">100% Mat\u00e9riaux certifi\u00e9s purs<\/div>\n<\/p><\/div>\n<\/p><\/div>\n<\/p><\/div>","protected":false},"featured_media":219768,"template":"","meta":{"_acf_changed":false},"product_brand":[],"product_cat":[316,557,254],"product_tag":[444,665,666,447,452],"class_list":{"0":"post-217701","1":"product","2":"type-product","3":"status-publish","4":"has-post-thumbnail","6":"product_cat-mothers-day","7":"product_cat-new","8":"product_cat-pillows-pillowcases","9":"product_tag-all-natural-pillow","10":"product_tag-inclined-triangle-pillow","11":"product_tag-leg-wedge-pillow","12":"product_tag-organic-pillow","13":"product_tag-wool-pillow","15":"first","16":"instock","17":"shipping-taxable","18":"purchasable","19":"product-type-variable"},"acf":[],"yoast_head":"<!-- This site is optimized with the Yoast SEO Premium plugin v27.4 (Yoast SEO v27.4) - https:\/\/yoast.com\/product\/yoast-seo-premium-wordpress\/ -->\n<title>Wool Reading Pillow \u2013 Cushion for Comfortable Reading | Home of Wool<\/title>\n<meta name=\"description\" content=\"Ergonomic and breathable, the Wool Reading Pillow provides supportive wool filling. Hypoallergenic and toxin-free, it ensures safe, natural relaxation during study, reading, or rest.\" \/>\n<meta name=\"robots\" content=\"index, follow, max-snippet:-1, max-image-preview:large, max-video-preview:-1\" \/>\n<link rel=\"canonical\" href=\"https:\/\/homeofwool.com\/fr\/boutique\/coussin-de-lecture\/\" \/>\n<meta property=\"og:locale\" content=\"fr_FR\" \/>\n<meta property=\"og:type\" content=\"article\" \/>\n<meta property=\"og:title\" content=\"Wool Reading Pillow\" \/>\n<meta property=\"og:description\" content=\"Ergonomic and breathable, the Wool Reading Pillow provides supportive wool filling. Hypoallergenic and toxin-free, it ensures safe, natural relaxation during study, reading, or rest.\" \/>\n<meta property=\"og:url\" content=\"https:\/\/homeofwool.com\/fr\/boutique\/coussin-de-lecture\/\" \/>\n<meta property=\"og:site_name\" content=\"Home of Wool\" \/>\n<meta property=\"article:publisher\" content=\"https:\/\/facebook.com\/HomeOfWoolOfficial\" \/>\n<meta property=\"article:modified_time\" content=\"2025-10-05T14:31:14+00:00\" \/>\n<meta property=\"og:image\" content=\"https:\/\/homeofwool.com\/wp-content\/uploads\/2025\/09\/home-of-wool-wool-reading-pillow-1-main.jpg\" \/>\n\t<meta property=\"og:image:width\" content=\"2000\" \/>\n\t<meta property=\"og:image:height\" content=\"1600\" \/>\n\t<meta property=\"og:image:type\" content=\"image\/jpeg\" \/>\n<meta name=\"twitter:card\" content=\"summary_large_image\" \/>\n<meta name=\"twitter:label1\" content=\"Dur\u00e9e de lecture estim\u00e9e\" \/>\n\t<meta name=\"twitter:data1\" content=\"2 minutes\" \/>\n<script type=\"application\/ld+json\" class=\"yoast-schema-graph\">{\"@context\":\"https:\\\/\\\/schema.org\",\"@graph\":[{\"@type\":\"WebPage\",\"@id\":\"https:\\\/\\\/homeofwool.com\\\/de\\\/shop\\\/lesekissen\\\/\",\"url\":\"https:\\\/\\\/homeofwool.com\\\/de\\\/shop\\\/lesekissen\\\/\",\"name\":\"Wool Reading Pillow \u2013 Cushion for Comfortable Reading | Home of Wool\",\"isPartOf\":{\"@id\":\"https:\\\/\\\/homeofwool.com\\\/#website\"},\"primaryImageOfPage\":{\"@id\":\"https:\\\/\\\/homeofwool.com\\\/de\\\/shop\\\/lesekissen\\\/#primaryimage\"},\"image\":{\"@id\":\"https:\\\/\\\/homeofwool.com\\\/de\\\/shop\\\/lesekissen\\\/#primaryimage\"},\"thumbnailUrl\":\"https:\\\/\\\/homeofwool.com\\\/wp-content\\\/uploads\\\/2025\\\/09\\\/home-of-wool-wool-reading-pillow-1-main.jpg\",\"datePublished\":\"2025-09-02T12:02:14+00:00\",\"dateModified\":\"2025-10-05T14:31:14+00:00\",\"description\":\"Ergonomic and breathable, the Wool Reading Pillow provides supportive wool filling. Hypoallergenic and toxin-free, it ensures safe, natural relaxation during study, reading, or rest.\",\"breadcrumb\":{\"@id\":\"https:\\\/\\\/homeofwool.com\\\/de\\\/shop\\\/lesekissen\\\/#breadcrumb\"},\"inLanguage\":\"fr-FR\",\"potentialAction\":[{\"@type\":\"ReadAction\",\"target\":[\"https:\\\/\\\/homeofwool.com\\\/de\\\/shop\\\/lesekissen\\\/\"]}]},{\"@type\":\"ImageObject\",\"inLanguage\":\"fr-FR\",\"@id\":\"https:\\\/\\\/homeofwool.com\\\/de\\\/shop\\\/lesekissen\\\/#primaryimage\",\"url\":\"https:\\\/\\\/homeofwool.com\\\/wp-content\\\/uploads\\\/2025\\\/09\\\/home-of-wool-wool-reading-pillow-1-main.jpg\",\"contentUrl\":\"https:\\\/\\\/homeofwool.com\\\/wp-content\\\/uploads\\\/2025\\\/09\\\/home-of-wool-wool-reading-pillow-1-main.jpg\",\"width\":2000,\"height\":1600,\"caption\":\"girl reading a magazine using home of wool reading pillow\"},{\"@type\":\"BreadcrumbList\",\"@id\":\"https:\\\/\\\/homeofwool.com\\\/de\\\/shop\\\/lesekissen\\\/#breadcrumb\",\"itemListElement\":[{\"@type\":\"ListItem\",\"position\":1,\"name\":\"Home\",\"item\":\"https:\\\/\\\/homeofwool.com\\\/\"},{\"@type\":\"ListItem\",\"position\":2,\"name\":\"Products\",\"item\":\"https:\\\/\\\/homeofwool.com\\\/header-search-2\\\/\"},{\"@type\":\"ListItem\",\"position\":3,\"name\":\"Wool Reading Pillow\"}]},{\"@type\":\"WebSite\",\"@id\":\"https:\\\/\\\/homeofwool.com\\\/#website\",\"url\":\"https:\\\/\\\/homeofwool.com\\\/\",\"name\":\"Home of Wool\",\"description\":\"\",\"publisher\":{\"@id\":\"https:\\\/\\\/homeofwool.com\\\/#organization\"},\"potentialAction\":[{\"@type\":\"SearchAction\",\"target\":{\"@type\":\"EntryPoint\",\"urlTemplate\":\"https:\\\/\\\/homeofwool.com\\\/?s={search_term_string}\"},\"query-input\":{\"@type\":\"PropertyValueSpecification\",\"valueRequired\":true,\"valueName\":\"search_term_string\"}}],\"inLanguage\":\"fr-FR\"},{\"@type\":\"Organization\",\"@id\":\"https:\\\/\\\/homeofwool.com\\\/#organization\",\"name\":\"Home of Wool\",\"url\":\"https:\\\/\\\/homeofwool.com\\\/\",\"logo\":{\"@type\":\"ImageObject\",\"inLanguage\":\"fr-FR\",\"@id\":\"https:\\\/\\\/homeofwool.com\\\/#\\\/schema\\\/logo\\\/image\\\/\",\"url\":\"https:\\\/\\\/homeofwool.com\\\/wp-content\\\/uploads\\\/2025\\\/09\\\/WhatsApp-Image-2025-12-02-at-16.23.20.jpeg\",\"contentUrl\":\"https:\\\/\\\/homeofwool.com\\\/wp-content\\\/uploads\\\/2025\\\/09\\\/WhatsApp-Image-2025-12-02-at-16.23.20.jpeg\",\"width\":700,\"height\":247,\"caption\":\"Home of Wool\"},\"image\":{\"@id\":\"https:\\\/\\\/homeofwool.com\\\/#\\\/schema\\\/logo\\\/image\\\/\"},\"sameAs\":[\"https:\\\/\\\/facebook.com\\\/HomeOfWoolOfficial\"]}]}<\/script>\n<!-- \/ Yoast SEO Premium plugin. -->","yoast_head_json":{"title":"Coussin de lecture en laine \u2013 Coussin pour une lecture confortable | Home of Wool","description":"Ergonomique et respirant, le coussin de lecture en laine offre un rembourrage en laine qui soutient bien. Hypoallerg\u00e9nique et sans toxines, il garantit une d\u00e9tente naturelle et s\u00e9curitaire pendant les \u00e9tudes, la lecture ou le repos.","robots":{"index":"index","follow":"follow","max-snippet":"max-snippet:-1","max-image-preview":"max-image-preview:large","max-video-preview":"max-video-preview:-1"},"canonical":"https:\/\/homeofwool.com\/fr\/boutique\/coussin-de-lecture\/","og_locale":"fr_FR","og_type":"article","og_title":"Wool Reading Pillow","og_description":"Ergonomic and breathable, the Wool Reading Pillow provides supportive wool filling. Hypoallergenic and toxin-free, it ensures safe, natural relaxation during study, reading, or rest.","og_url":"https:\/\/homeofwool.com\/fr\/boutique\/coussin-de-lecture\/","og_site_name":"Home of Wool","article_publisher":"https:\/\/facebook.com\/HomeOfWoolOfficial","article_modified_time":"2025-10-05T14:31:14+00:00","og_image":[{"width":2000,"height":1600,"url":"https:\/\/homeofwool.com\/wp-content\/uploads\/2025\/09\/home-of-wool-wool-reading-pillow-1-main.jpg","type":"image\/jpeg"}],"twitter_card":"summary_large_image","twitter_misc":{"Dur\u00e9e de lecture estim\u00e9e":"2 minutes"},"schema":{"@context":"https:\/\/schema.org","@graph":[{"@type":"WebPage","@id":"https:\/\/homeofwool.com\/de\/shop\/lesekissen\/","url":"https:\/\/homeofwool.com\/de\/shop\/lesekissen\/","name":"Coussin de lecture en laine \u2013 Coussin pour une lecture confortable | Home of Wool","isPartOf":{"@id":"https:\/\/homeofwool.com\/#website"},"primaryImageOfPage":{"@id":"https:\/\/homeofwool.com\/de\/shop\/lesekissen\/#primaryimage"},"image":{"@id":"https:\/\/homeofwool.com\/de\/shop\/lesekissen\/#primaryimage"},"thumbnailUrl":"https:\/\/homeofwool.com\/wp-content\/uploads\/2025\/09\/home-of-wool-wool-reading-pillow-1-main.jpg","datePublished":"2025-09-02T12:02:14+00:00","dateModified":"2025-10-05T14:31:14+00:00","description":"Ergonomique et respirant, le coussin de lecture en laine offre un rembourrage en laine qui soutient bien. Hypoallerg\u00e9nique et sans toxines, il garantit une d\u00e9tente naturelle et s\u00e9curitaire pendant les \u00e9tudes, la lecture ou le repos.","breadcrumb":{"@id":"https:\/\/homeofwool.com\/de\/shop\/lesekissen\/#breadcrumb"},"inLanguage":"fr-FR","potentialAction":[{"@type":"ReadAction","target":["https:\/\/homeofwool.com\/de\/shop\/lesekissen\/"]}]},{"@type":"ImageObject","inLanguage":"fr-FR","@id":"https:\/\/homeofwool.com\/de\/shop\/lesekissen\/#primaryimage","url":"https:\/\/homeofwool.com\/wp-content\/uploads\/2025\/09\/home-of-wool-wool-reading-pillow-1-main.jpg","contentUrl":"https:\/\/homeofwool.com\/wp-content\/uploads\/2025\/09\/home-of-wool-wool-reading-pillow-1-main.jpg","width":2000,"height":1600,"caption":"girl reading a magazine using home of wool reading pillow"},{"@type":"BreadcrumbList","@id":"https:\/\/homeofwool.com\/de\/shop\/lesekissen\/#breadcrumb","itemListElement":[{"@type":"ListItem","position":1,"name":"Home","item":"https:\/\/homeofwool.com\/"},{"@type":"ListItem","position":2,"name":"Products","item":"https:\/\/homeofwool.com\/header-search-2\/"},{"@type":"ListItem","position":3,"name":"Wool Reading Pillow"}]},{"@type":"WebSite","@id":"https:\/\/homeofwool.com\/#website","url":"https:\/\/homeofwool.com\/","name":"La maison de la laine","description":"","publisher":{"@id":"https:\/\/homeofwool.com\/#organization"},"potentialAction":[{"@type":"SearchAction","target":{"@type":"EntryPoint","urlTemplate":"https:\/\/homeofwool.com\/?s={search_term_string}"},"query-input":{"@type":"PropertyValueSpecification","valueRequired":true,"valueName":"search_term_string"}}],"inLanguage":"fr-FR"},{"@type":"Organization","@id":"https:\/\/homeofwool.com\/#organization","name":"La maison de la laine","url":"https:\/\/homeofwool.com\/","logo":{"@type":"ImageObject","inLanguage":"fr-FR","@id":"https:\/\/homeofwool.com\/#\/schema\/logo\/image\/","url":"https:\/\/homeofwool.com\/wp-content\/uploads\/2025\/09\/WhatsApp-Image-2025-12-02-at-16.23.20.jpeg","contentUrl":"https:\/\/homeofwool.com\/wp-content\/uploads\/2025\/09\/WhatsApp-Image-2025-12-02-at-16.23.20.jpeg","width":700,"height":247,"caption":"Home of Wool"},"image":{"@id":"https:\/\/homeofwool.com\/#\/schema\/logo\/image\/"},"sameAs":["https:\/\/facebook.com\/HomeOfWoolOfficial"]}]}},"_links":{"self":[{"href":"https:\/\/homeofwool.com\/fr\/wp-json\/wp\/v2\/product\/217701","targetHints":{"allow":["GET"]}}],"collection":[{"href":"https:\/\/homeofwool.com\/fr\/wp-json\/wp\/v2\/product"}],"about":[{"href":"https:\/\/homeofwool.com\/fr\/wp-json\/wp\/v2\/types\/product"}],"version-history":[{"count":1,"href":"https:\/\/homeofwool.com\/fr\/wp-json\/wp\/v2\/product\/217701\/revisions"}],"predecessor-version":[{"id":226015,"href":"https:\/\/homeofwool.com\/fr\/wp-json\/wp\/v2\/product\/217701\/revisions\/226015"}],"wp:featuredmedia":[{"embeddable":true,"href":"https:\/\/homeofwool.com\/fr\/wp-json\/wp\/v2\/media\/219768"}],"wp:attachment":[{"href":"https:\/\/homeofwool.com\/fr\/wp-json\/wp\/v2\/media?parent=217701"}],"wp:term":[{"taxonomy":"product_brand","embeddable":true,"href":"https:\/\/homeofwool.com\/fr\/wp-json\/wp\/v2\/product_brand?post=217701"},{"taxonomy":"product_cat","embeddable":true,"href":"https:\/\/homeofwool.com\/fr\/wp-json\/wp\/v2\/product_cat?post=217701"},{"taxonomy":"product_tag","embeddable":true,"href":"https:\/\/homeofwool.com\/fr\/wp-json\/wp\/v2\/product_tag?post=217701"}],"curies":[{"name":"wp","href":"https:\/\/api.w.org\/{rel}","templated":true}]}}