{"id":217700,"date":"2025-09-02T12:02:14","date_gmt":"2025-09-02T12:02:14","guid":{"rendered":"https:\/\/homeofwool.com\/?post_type=product&#038;p=217700"},"modified":"2026-01-27T14:07:26","modified_gmt":"2026-01-27T14:07:26","slug":"couverture-en-laine-merinos","status":"publish","type":"product","link":"https:\/\/homeofwool.com\/fr\/shop\/fine-merino-wool-blanket\/","title":{"rendered":"Couverture en laine m\u00e9rinos"},"content":{"rendered":"<p>La couverture en laine m\u00e9rinos allie la douceur de la nature au savoir-faire artisanal des tisseurs bulgares qui ont perfectionn\u00e9 leur art au fil des g\u00e9n\u00e9rations. Enti\u00e8rement tiss\u00e9e en laine 100%, elle pr\u00e9sente une texture lisse et a\u00e9r\u00e9e. C'est le genre de douceur que l'on remarque tout de suite. Ses fibres naturelles assurent votre confort, que vous dormiez ou que vous vous d\u00e9tendiez. Il est facile de comprendre pourquoi cette couverture en laine m\u00e9rinos douce de Home of Wool est devenue l'une des pr\u00e9f\u00e9r\u00e9es des clients.<\/p>\n<p>Comme il s'agit d'une couverture sans produits chimiques, elle convient parfaitement aux personnes souffrant d'allergies ou de sensibilit\u00e9s. La laine fait tranquillement le travail \u00e0 votre place. Elle \u00e9loigne les acariens de la poussi\u00e8re. Ce faisant, elle aide votre chambre \u00e0 rester fra\u00eeche et saine. Si vous \u00eates \u00e0 la recherche d'une couverture hypoallerg\u00e9nique vraiment pure, c'est peut-\u00eatre celle que vous cherchez.<\/p>\n<p>Tiss\u00e9e pour des ann\u00e9es de confort, cette luxueuse couverture en laine est fabriqu\u00e9e \u00e0 partir de fibres renouvelables et biod\u00e9gradables qui deviennent plus douces et plus soyeuses avec le temps. Que vous vous pr\u00e9lassiez sur le canap\u00e9 ou que vous apportiez une couche de confort \u00e0 votre lit, elle offre la chaleur tranquille et la beaut\u00e9 simple d'une couverture respectueuse de l'environnement et d'une pi\u00e8ce d'h\u00e9ritage que vous appr\u00e9cierez pendant des ann\u00e9es.<\/p>\n<p><strong>TAILLES :<\/strong><\/p>\n<p>Grand format : 150 cm x 200 cm<\/p>\n<p><strong>POIDS :<\/strong> 2,5 lb \/ 1,15 kg<\/p>\n<p>Petit format : 100,1 x 149,9 cm (39,4 x 59 pouces)<\/p>\n<p><strong>POIDS :<\/strong> 1,54 lb \/ 0,70 kg<\/p>","protected":false},"excerpt":{"rendered":"<p>Vous vous demandez \u00e0 quoi ressemble la douceur d'un nuage ? D\u00e9couvrez-le dans les bras de cette couverture en laine 100%, fabriqu\u00e9e \u00e0 partir du m\u00e9rinos le plus fin pour votre confort naturel. Enti\u00e8rement exempte de produits chimiques et respirante, elle offre une chaleur propre qui favorise un meilleur repos lorsque vous dormez ou que vous vous pr\u00e9lassez sur votre canap\u00e9.<\/p>","protected":false},"featured_media":223151,"template":"","meta":{"_acf_changed":false},"product_brand":[],"product_cat":[316,557,1366,60],"product_tag":[61,62,63,65,772,773,774,68],"class_list":{"0":"post-217700","1":"product","2":"type-product","3":"status-publish","4":"has-post-thumbnail","6":"product_cat-mothers-day","7":"product_cat-new","8":"product_cat-womens-day","9":"product_cat-blankets-duvets","10":"product_tag-all-natural-wool-blankets","11":"product_tag-chemical-free-wool-blanket","12":"product_tag-handmade-blanket","13":"product_tag-large-wool-blanket","14":"product_tag-merino-travel-blanket","15":"product_tag-merino-wool-blanket","16":"product_tag-organic-merino-wool-blanket","17":"product_tag-throws-for-beds","19":"first","20":"instock","21":"shipping-taxable","22":"purchasable","23":"product-type-variable"},"acf":[],"yoast_head":"<!-- This site is optimized with the Yoast SEO Premium plugin v27.3 (Yoast SEO v27.3) - https:\/\/yoast.com\/product\/yoast-seo-premium-wordpress\/ -->\n<title>Merino Wool Blanket \u2013 Pure Softness, Lasting Warmth | Home of Wool<\/title>\n<meta name=\"description\" content=\"Breathable and hypoallergenic, the Merino Wool Blanket delivers natural softness. Toxin-free and sustainable, it ensures lasting warmth and organic comfort all season long.\" \/>\n<meta name=\"robots\" content=\"index, follow, max-snippet:-1, max-image-preview:large, max-video-preview:-1\" \/>\n<link rel=\"canonical\" href=\"https:\/\/homeofwool.com\/fr\/boutique\/couverture-en-laine-merinos\/\" \/>\n<meta property=\"og:locale\" content=\"fr_FR\" \/>\n<meta property=\"og:type\" content=\"article\" \/>\n<meta property=\"og:title\" content=\"Merino Wool Blanket\" \/>\n<meta property=\"og:description\" content=\"Breathable and hypoallergenic, the Merino Wool Blanket delivers natural softness. Toxin-free and sustainable, it ensures lasting warmth and organic comfort all season long.\" \/>\n<meta property=\"og:url\" content=\"https:\/\/homeofwool.com\/fr\/boutique\/couverture-en-laine-merinos\/\" \/>\n<meta property=\"og:site_name\" content=\"Home of Wool\" \/>\n<meta property=\"article:publisher\" content=\"https:\/\/facebook.com\/HomeOfWoolOfficial\" \/>\n<meta property=\"article:modified_time\" content=\"2026-01-27T14:07:26+00:00\" \/>\n<meta property=\"og:image\" content=\"https:\/\/homeofwool.com\/wp-content\/uploads\/2025\/09\/home-of-wool-merino-wool-blanket-1-main.jpg\" \/>\n\t<meta property=\"og:image:width\" content=\"1525\" \/>\n\t<meta property=\"og:image:height\" content=\"1220\" \/>\n\t<meta property=\"og:image:type\" content=\"image\/jpeg\" \/>\n<meta name=\"twitter:card\" content=\"summary_large_image\" \/>\n<meta name=\"twitter:label1\" content=\"Dur\u00e9e de lecture estim\u00e9e\" \/>\n\t<meta name=\"twitter:data1\" content=\"2 minutes\" \/>\n<script type=\"application\/ld+json\" class=\"yoast-schema-graph\">{\"@context\":\"https:\\\/\\\/schema.org\",\"@graph\":[{\"@type\":\"WebPage\",\"@id\":\"https:\\\/\\\/homeofwool.com\\\/it\\\/negozio\\\/morbida-coperta-in-lana-merino\\\/\",\"url\":\"https:\\\/\\\/homeofwool.com\\\/it\\\/negozio\\\/morbida-coperta-in-lana-merino\\\/\",\"name\":\"Merino Wool Blanket \u2013 Pure Softness, Lasting Warmth | Home of Wool\",\"isPartOf\":{\"@id\":\"https:\\\/\\\/homeofwool.com\\\/#website\"},\"primaryImageOfPage\":{\"@id\":\"https:\\\/\\\/homeofwool.com\\\/it\\\/negozio\\\/morbida-coperta-in-lana-merino\\\/#primaryimage\"},\"image\":{\"@id\":\"https:\\\/\\\/homeofwool.com\\\/it\\\/negozio\\\/morbida-coperta-in-lana-merino\\\/#primaryimage\"},\"thumbnailUrl\":\"https:\\\/\\\/homeofwool.com\\\/wp-content\\\/uploads\\\/2025\\\/09\\\/home-of-wool-merino-wool-blanket-1-main.jpg\",\"datePublished\":\"2025-09-02T12:02:14+00:00\",\"dateModified\":\"2026-01-27T14:07:26+00:00\",\"description\":\"Breathable and hypoallergenic, the Merino Wool Blanket delivers natural softness. Toxin-free and sustainable, it ensures lasting warmth and organic comfort all season long.\",\"breadcrumb\":{\"@id\":\"https:\\\/\\\/homeofwool.com\\\/it\\\/negozio\\\/morbida-coperta-in-lana-merino\\\/#breadcrumb\"},\"inLanguage\":\"fr-FR\",\"potentialAction\":[{\"@type\":\"ReadAction\",\"target\":[\"https:\\\/\\\/homeofwool.com\\\/it\\\/negozio\\\/morbida-coperta-in-lana-merino\\\/\"]}]},{\"@type\":\"ImageObject\",\"inLanguage\":\"fr-FR\",\"@id\":\"https:\\\/\\\/homeofwool.com\\\/it\\\/negozio\\\/morbida-coperta-in-lana-merino\\\/#primaryimage\",\"url\":\"https:\\\/\\\/homeofwool.com\\\/wp-content\\\/uploads\\\/2025\\\/09\\\/home-of-wool-merino-wool-blanket-1-main.jpg\",\"contentUrl\":\"https:\\\/\\\/homeofwool.com\\\/wp-content\\\/uploads\\\/2025\\\/09\\\/home-of-wool-merino-wool-blanket-1-main.jpg\",\"width\":1525,\"height\":1220,\"caption\":\"Fine merino wool blanket in a home setting on a sofa\"},{\"@type\":\"BreadcrumbList\",\"@id\":\"https:\\\/\\\/homeofwool.com\\\/it\\\/negozio\\\/morbida-coperta-in-lana-merino\\\/#breadcrumb\",\"itemListElement\":[{\"@type\":\"ListItem\",\"position\":1,\"name\":\"Home\",\"item\":\"https:\\\/\\\/homeofwool.com\\\/\"},{\"@type\":\"ListItem\",\"position\":2,\"name\":\"Products\",\"item\":\"https:\\\/\\\/homeofwool.com\\\/header-search-2\\\/\"},{\"@type\":\"ListItem\",\"position\":3,\"name\":\"Merino Wool Blanket\"}]},{\"@type\":\"WebSite\",\"@id\":\"https:\\\/\\\/homeofwool.com\\\/#website\",\"url\":\"https:\\\/\\\/homeofwool.com\\\/\",\"name\":\"Home of Wool\",\"description\":\"\",\"publisher\":{\"@id\":\"https:\\\/\\\/homeofwool.com\\\/#organization\"},\"potentialAction\":[{\"@type\":\"SearchAction\",\"target\":{\"@type\":\"EntryPoint\",\"urlTemplate\":\"https:\\\/\\\/homeofwool.com\\\/?s={search_term_string}\"},\"query-input\":{\"@type\":\"PropertyValueSpecification\",\"valueRequired\":true,\"valueName\":\"search_term_string\"}}],\"inLanguage\":\"fr-FR\"},{\"@type\":\"Organization\",\"@id\":\"https:\\\/\\\/homeofwool.com\\\/#organization\",\"name\":\"Home of Wool\",\"url\":\"https:\\\/\\\/homeofwool.com\\\/\",\"logo\":{\"@type\":\"ImageObject\",\"inLanguage\":\"fr-FR\",\"@id\":\"https:\\\/\\\/homeofwool.com\\\/#\\\/schema\\\/logo\\\/image\\\/\",\"url\":\"https:\\\/\\\/homeofwool.com\\\/wp-content\\\/uploads\\\/2025\\\/09\\\/WhatsApp-Image-2025-12-02-at-16.23.20.jpeg\",\"contentUrl\":\"https:\\\/\\\/homeofwool.com\\\/wp-content\\\/uploads\\\/2025\\\/09\\\/WhatsApp-Image-2025-12-02-at-16.23.20.jpeg\",\"width\":700,\"height\":247,\"caption\":\"Home of Wool\"},\"image\":{\"@id\":\"https:\\\/\\\/homeofwool.com\\\/#\\\/schema\\\/logo\\\/image\\\/\"},\"sameAs\":[\"https:\\\/\\\/facebook.com\\\/HomeOfWoolOfficial\"]}]}<\/script>\n<!-- \/ Yoast SEO Premium plugin. -->","yoast_head_json":{"title":"Couverture en laine m\u00e9rinos - Douceur pure, chaleur durable | Home of Wool","description":"Respirante et hypoallerg\u00e9nique, la couverture en laine m\u00e9rinos offre une douceur naturelle. Sans toxines et durable, elle garantit une chaleur durable et un confort organique tout au long de la saison.","robots":{"index":"index","follow":"follow","max-snippet":"max-snippet:-1","max-image-preview":"max-image-preview:large","max-video-preview":"max-video-preview:-1"},"canonical":"https:\/\/homeofwool.com\/fr\/boutique\/couverture-en-laine-merinos\/","og_locale":"fr_FR","og_type":"article","og_title":"Merino Wool Blanket","og_description":"Breathable and hypoallergenic, the Merino Wool Blanket delivers natural softness. Toxin-free and sustainable, it ensures lasting warmth and organic comfort all season long.","og_url":"https:\/\/homeofwool.com\/fr\/boutique\/couverture-en-laine-merinos\/","og_site_name":"Home of Wool","article_publisher":"https:\/\/facebook.com\/HomeOfWoolOfficial","article_modified_time":"2026-01-27T14:07:26+00:00","og_image":[{"width":1525,"height":1220,"url":"https:\/\/homeofwool.com\/wp-content\/uploads\/2025\/09\/home-of-wool-merino-wool-blanket-1-main.jpg","type":"image\/jpeg"}],"twitter_card":"summary_large_image","twitter_misc":{"Dur\u00e9e de lecture estim\u00e9e":"2 minutes"},"schema":{"@context":"https:\/\/schema.org","@graph":[{"@type":"WebPage","@id":"https:\/\/homeofwool.com\/it\/negozio\/morbida-coperta-in-lana-merino\/","url":"https:\/\/homeofwool.com\/it\/negozio\/morbida-coperta-in-lana-merino\/","name":"Couverture en laine m\u00e9rinos - Douceur pure, chaleur durable | Home of Wool","isPartOf":{"@id":"https:\/\/homeofwool.com\/#website"},"primaryImageOfPage":{"@id":"https:\/\/homeofwool.com\/it\/negozio\/morbida-coperta-in-lana-merino\/#primaryimage"},"image":{"@id":"https:\/\/homeofwool.com\/it\/negozio\/morbida-coperta-in-lana-merino\/#primaryimage"},"thumbnailUrl":"https:\/\/homeofwool.com\/wp-content\/uploads\/2025\/09\/home-of-wool-merino-wool-blanket-1-main.jpg","datePublished":"2025-09-02T12:02:14+00:00","dateModified":"2026-01-27T14:07:26+00:00","description":"Respirante et hypoallerg\u00e9nique, la couverture en laine m\u00e9rinos offre une douceur naturelle. Sans toxines et durable, elle garantit une chaleur durable et un confort organique tout au long de la saison.","breadcrumb":{"@id":"https:\/\/homeofwool.com\/it\/negozio\/morbida-coperta-in-lana-merino\/#breadcrumb"},"inLanguage":"fr-FR","potentialAction":[{"@type":"ReadAction","target":["https:\/\/homeofwool.com\/it\/negozio\/morbida-coperta-in-lana-merino\/"]}]},{"@type":"ImageObject","inLanguage":"fr-FR","@id":"https:\/\/homeofwool.com\/it\/negozio\/morbida-coperta-in-lana-merino\/#primaryimage","url":"https:\/\/homeofwool.com\/wp-content\/uploads\/2025\/09\/home-of-wool-merino-wool-blanket-1-main.jpg","contentUrl":"https:\/\/homeofwool.com\/wp-content\/uploads\/2025\/09\/home-of-wool-merino-wool-blanket-1-main.jpg","width":1525,"height":1220,"caption":"Fine merino wool blanket in a home setting on a sofa"},{"@type":"BreadcrumbList","@id":"https:\/\/homeofwool.com\/it\/negozio\/morbida-coperta-in-lana-merino\/#breadcrumb","itemListElement":[{"@type":"ListItem","position":1,"name":"Home","item":"https:\/\/homeofwool.com\/"},{"@type":"ListItem","position":2,"name":"Products","item":"https:\/\/homeofwool.com\/header-search-2\/"},{"@type":"ListItem","position":3,"name":"Merino Wool Blanket"}]},{"@type":"WebSite","@id":"https:\/\/homeofwool.com\/#website","url":"https:\/\/homeofwool.com\/","name":"La maison de la laine","description":"","publisher":{"@id":"https:\/\/homeofwool.com\/#organization"},"potentialAction":[{"@type":"SearchAction","target":{"@type":"EntryPoint","urlTemplate":"https:\/\/homeofwool.com\/?s={search_term_string}"},"query-input":{"@type":"PropertyValueSpecification","valueRequired":true,"valueName":"search_term_string"}}],"inLanguage":"fr-FR"},{"@type":"Organization","@id":"https:\/\/homeofwool.com\/#organization","name":"La maison de la laine","url":"https:\/\/homeofwool.com\/","logo":{"@type":"ImageObject","inLanguage":"fr-FR","@id":"https:\/\/homeofwool.com\/#\/schema\/logo\/image\/","url":"https:\/\/homeofwool.com\/wp-content\/uploads\/2025\/09\/WhatsApp-Image-2025-12-02-at-16.23.20.jpeg","contentUrl":"https:\/\/homeofwool.com\/wp-content\/uploads\/2025\/09\/WhatsApp-Image-2025-12-02-at-16.23.20.jpeg","width":700,"height":247,"caption":"Home of Wool"},"image":{"@id":"https:\/\/homeofwool.com\/#\/schema\/logo\/image\/"},"sameAs":["https:\/\/facebook.com\/HomeOfWoolOfficial"]}]}},"_links":{"self":[{"href":"https:\/\/homeofwool.com\/fr\/wp-json\/wp\/v2\/product\/217700","targetHints":{"allow":["GET"]}}],"collection":[{"href":"https:\/\/homeofwool.com\/fr\/wp-json\/wp\/v2\/product"}],"about":[{"href":"https:\/\/homeofwool.com\/fr\/wp-json\/wp\/v2\/types\/product"}],"version-history":[{"count":2,"href":"https:\/\/homeofwool.com\/fr\/wp-json\/wp\/v2\/product\/217700\/revisions"}],"predecessor-version":[{"id":226108,"href":"https:\/\/homeofwool.com\/fr\/wp-json\/wp\/v2\/product\/217700\/revisions\/226108"}],"wp:featuredmedia":[{"embeddable":true,"href":"https:\/\/homeofwool.com\/fr\/wp-json\/wp\/v2\/media\/223151"}],"wp:attachment":[{"href":"https:\/\/homeofwool.com\/fr\/wp-json\/wp\/v2\/media?parent=217700"}],"wp:term":[{"taxonomy":"product_brand","embeddable":true,"href":"https:\/\/homeofwool.com\/fr\/wp-json\/wp\/v2\/product_brand?post=217700"},{"taxonomy":"product_cat","embeddable":true,"href":"https:\/\/homeofwool.com\/fr\/wp-json\/wp\/v2\/product_cat?post=217700"},{"taxonomy":"product_tag","embeddable":true,"href":"https:\/\/homeofwool.com\/fr\/wp-json\/wp\/v2\/product_tag?post=217700"}],"curies":[{"name":"wp","href":"https:\/\/api.w.org\/{rel}","templated":true}]}}