{"id":217697,"date":"2025-09-02T12:02:14","date_gmt":"2025-09-02T12:02:14","guid":{"rendered":"https:\/\/homeofwool.com\/?post_type=product&#038;p=217697"},"modified":"2026-02-10T15:41:08","modified_gmt":"2026-02-10T15:41:08","slug":"lit-pour-chien-en-forme-de-grotte","status":"publish","type":"product","link":"https:\/\/homeofwool.com\/fr\/shop\/dog-cave-bed\/","title":{"rendered":"Lit pour chien en laine avec housse"},"content":{"rendered":"<p>Ce lit pour chien avec housse est fabriqu\u00e9 \u00e0 la main \u00e0 partir de pure laine biologique, ce qui en fait une alternative naturelle et saine aux options synth\u00e9tiques. La laine permet au lit de respirer, afin que votre chien ne souffre pas de la chaleur. Voici un petit bonus qui vous plaira ! Saviez-vous que la laine est naturellement r\u00e9sistante aux odeurs ? Cela signifie que m\u00eame si votre chiot se blottit chaque jour au m\u00eame endroit confortable, le lit reste frais beaucoup plus longtemps. Un avantage pour votre chien et pour tous les membres de votre foyer.<\/p>\n<p>La conception en forme de grotte cr\u00e9e un endroit douillet qui aide les animaux \u00e0 se sentir en s\u00e9curit\u00e9 et prot\u00e9g\u00e9s. Le coussin de base et la housse confortable apportent \u00e0 la fois confort et s\u00e9curit\u00e9, tandis que la conception bien pens\u00e9e de la grotte aide \u00e0 soulager le stress des animaux qui aiment se terrer ou se cacher.<\/p>\n<p>Con\u00e7u pour un usage quotidien, ce lit est non toxique et hypoallerg\u00e9nique. Il ne contient aucun produit chimique cach\u00e9, donc m\u00eame si votre chien souffre d'allergies ou de sensibilit\u00e9s, vous pouvez \u00eatre tranquille en sachant qu'il est totalement s\u00fbr. Apr\u00e8s tout, leur lit ne devrait-il pas \u00eatre aussi pur que celui que vous choisissez pour vous-m\u00eame ?<\/p>\n<p>Durable et facile \u00e0 entretenir, il est disponible en plusieurs tailles, id\u00e9ales pour les chiens de petite et moyenne taille, avec des options personnalis\u00e9es en termes de taille, de tissu et de d\u00e9tails. Offrez \u00e0 votre chien un lit durable et sans produits chimiques o\u00f9 il pourra se reposer paisiblement et se sentir prot\u00e9g\u00e9.<\/p>","protected":false},"excerpt":{"rendered":"<p>Un lit pour chien con\u00e7u pour les animaux qui aiment se blottir, se pelotonner et ceux qui sont anxieux. Naturellement respirant et thermor\u00e9gulateur, ce lit pour chien avec housse offre un confort tout au long de l'ann\u00e9e et un nid s\u00fbr et douillet que votre compagnon \u00e0 quatre pattes adorera.<\/p>\n<div class=\"global-icon-set\">\n<div class=\"global-icon-set__items\">\n<div class=\"global-icon-set__item\">\n<div class=\"global-icon-set__image\">\n                                    <img decoding=\"async\" src=\"https:\/\/homeofwool.com\/wp-content\/uploads\/2025\/09\/handmade-icon-300x300.png\" alt=\"ic\u00f4ne artisanale\" \/>\n                                <\/div>\n<div class=\"global-icon-set__title\">Fait \u00e0 la main<\/div>\n<\/p><\/div>\n<div class=\"global-icon-set__item\">\n<div class=\"global-icon-set__image\">\n                                    <img decoding=\"async\" src=\"https:\/\/homeofwool.com\/wp-content\/uploads\/2025\/09\/VOCs-min-300x300.png\" alt=\"vocs libre\" \/>\n                                <\/div>\n<div class=\"global-icon-set__title\">Sans COV<\/div>\n<\/p><\/div>\n<div class=\"global-icon-set__item\">\n<div class=\"global-icon-set__image\">\n                                    <img decoding=\"async\" src=\"https:\/\/homeofwool.com\/wp-content\/uploads\/2025\/09\/FR-min-300x300.png\" alt=\"ic\u00f4ne de r\u00e9sistance au feu\" \/>\n                                <\/div>\n<div class=\"global-icon-set__title\">R\u00e9sistant \u00e0 la flamme<\/div>\n<\/p><\/div>\n<div class=\"global-icon-set__item\">\n<div class=\"global-icon-set__image\">\n                                    <img decoding=\"async\" src=\"https:\/\/homeofwool.com\/wp-content\/uploads\/2025\/09\/Hypoallergenic-min-300x300.png\" alt=\"ic\u00f4ne hypoallerg\u00e9nique\" \/>\n                                <\/div>\n<div class=\"global-icon-set__title\">Hypoallerg\u00e9nique<\/div>\n<\/p><\/div>\n<div class=\"global-icon-set__item\">\n<div class=\"global-icon-set__image\">\n                                    <img decoding=\"async\" src=\"https:\/\/homeofwool.com\/wp-content\/uploads\/2025\/09\/free-of-synthetics-icon-300x300.png\" alt=\"sans mati\u00e8res synth\u00e9tiques ic\u00f4ne\" \/>\n                                <\/div>\n<div class=\"global-icon-set__title\">Sans mati\u00e8res synth\u00e9tiques<\/div>\n<\/p><\/div>\n<div class=\"global-icon-set__item\">\n<div class=\"global-icon-set__image\">\n                                    <img decoding=\"async\" src=\"https:\/\/homeofwool.com\/wp-content\/uploads\/2025\/09\/chemical-free-icon-300x300.png\" alt=\"ic\u00f4ne de l&#039;absence de produits chimiques\" \/>\n                                <\/div>\n<div class=\"global-icon-set__title\">Sans produits chimiques<\/div>\n<\/p><\/div>\n<div class=\"global-icon-set__item\">\n<div class=\"global-icon-set__image\">\n                                    <img decoding=\"async\" src=\"https:\/\/homeofwool.com\/wp-content\/uploads\/2025\/09\/anti-bacterial-icon-300x300.png\" alt=\"ic\u00f4ne anti-bact\u00e9rien\" \/>\n                                <\/div>\n<div class=\"global-icon-set__title\">Anti-microbien et anti-bact\u00e9rien<\/div>\n<\/p><\/div>\n<div class=\"global-icon-set__item\">\n<div class=\"global-icon-set__image\">\n                                    <img decoding=\"async\" src=\"https:\/\/homeofwool.com\/wp-content\/uploads\/2025\/09\/certified-materials-icon-300x300.png\" alt=\"ic\u00f4ne des mat\u00e9riaux certifi\u00e9s\" \/>\n                                <\/div>\n<div class=\"global-icon-set__title\">100% Mat\u00e9riaux certifi\u00e9s purs<\/div>\n<\/p><\/div>\n<\/p><\/div>\n<\/p><\/div>","protected":false},"featured_media":218629,"template":"","meta":{"_acf_changed":false},"product_brand":[],"product_cat":[557,154],"product_tag":[339,156,158,340,159,341,162,164,149,342],"class_list":{"0":"post-217697","1":"product","2":"type-product","3":"status-publish","4":"has-post-thumbnail","6":"product_cat-new","7":"product_cat-pet-beds","8":"product_tag-cat-beds","9":"product_tag-custom-pet-bed","10":"product_tag-kitten-bed","11":"product_tag-large-dog-beds","12":"product_tag-luxury-dog-beds","13":"product_tag-organic-pet-bedding","14":"product_tag-puppy-mattress","15":"product_tag-small-dog-beds","16":"product_tag-steps","17":"product_tag-xl-xxl-dog-bed","19":"first","20":"instock","21":"shipping-taxable","22":"purchasable","23":"product-type-simple"},"acf":[],"yoast_head":"<!-- This site is optimized with the Yoast SEO Premium plugin v27.3 (Yoast SEO v27.3) - https:\/\/yoast.com\/product\/yoast-seo-premium-wordpress\/ -->\n<title>Dog Bed with Cover \u2013 Dog Cave Bed | Home of Wool<\/title>\n<meta name=\"description\" content=\"Cozy and washable, the Dog Bed with Cover uses breathable wool filling. Hypoallergenic and toxin-free, it provides safe, sustainable comfort and eco-friendly rest for pets.\" \/>\n<meta name=\"robots\" content=\"index, follow, max-snippet:-1, max-image-preview:large, max-video-preview:-1\" \/>\n<link rel=\"canonical\" href=\"https:\/\/homeofwool.com\/fr\/boutique\/lit-pour-chien-en-forme-de-grotte\/\" \/>\n<meta property=\"og:locale\" content=\"fr_FR\" \/>\n<meta property=\"og:type\" content=\"article\" \/>\n<meta property=\"og:title\" content=\"Wool Dog Bed with Cover\" \/>\n<meta property=\"og:description\" content=\"Cozy and washable, the Dog Bed with Cover uses breathable wool filling. Hypoallergenic and toxin-free, it provides safe, sustainable comfort and eco-friendly rest for pets.\" \/>\n<meta property=\"og:url\" content=\"https:\/\/homeofwool.com\/fr\/boutique\/lit-pour-chien-en-forme-de-grotte\/\" \/>\n<meta property=\"og:site_name\" content=\"Home of Wool\" \/>\n<meta property=\"article:publisher\" content=\"https:\/\/facebook.com\/HomeOfWoolOfficial\" \/>\n<meta property=\"article:modified_time\" content=\"2026-02-10T15:41:08+00:00\" \/>\n<meta property=\"og:image\" content=\"https:\/\/homeofwool.com\/wp-content\/uploads\/2025\/09\/home-of-wool-wool-dog-bed-with-cover-1-main.jpg\" \/>\n\t<meta property=\"og:image:width\" content=\"1900\" \/>\n\t<meta property=\"og:image:height\" content=\"1520\" \/>\n\t<meta property=\"og:image:type\" content=\"image\/jpeg\" \/>\n<meta name=\"twitter:card\" content=\"summary_large_image\" \/>\n<meta name=\"twitter:label1\" content=\"Dur\u00e9e de lecture estim\u00e9e\" \/>\n\t<meta name=\"twitter:data1\" content=\"2 minutes\" \/>\n<script type=\"application\/ld+json\" class=\"yoast-schema-graph\">{\"@context\":\"https:\\\/\\\/schema.org\",\"@graph\":[{\"@type\":\"WebPage\",\"@id\":\"https:\\\/\\\/homeofwool.com\\\/fi\\\/shop\\\/koiran-luolavuode\\\/\",\"url\":\"https:\\\/\\\/homeofwool.com\\\/fi\\\/shop\\\/koiran-luolavuode\\\/\",\"name\":\"Dog Bed with Cover \u2013 Dog Cave Bed | Home of Wool\",\"isPartOf\":{\"@id\":\"https:\\\/\\\/homeofwool.com\\\/#website\"},\"primaryImageOfPage\":{\"@id\":\"https:\\\/\\\/homeofwool.com\\\/fi\\\/shop\\\/koiran-luolavuode\\\/#primaryimage\"},\"image\":{\"@id\":\"https:\\\/\\\/homeofwool.com\\\/fi\\\/shop\\\/koiran-luolavuode\\\/#primaryimage\"},\"thumbnailUrl\":\"https:\\\/\\\/homeofwool.com\\\/wp-content\\\/uploads\\\/2025\\\/09\\\/home-of-wool-wool-dog-bed-with-cover-1-main.jpg\",\"datePublished\":\"2025-09-02T12:02:14+00:00\",\"dateModified\":\"2026-02-10T15:41:08+00:00\",\"description\":\"Cozy and washable, the Dog Bed with Cover uses breathable wool filling. Hypoallergenic and toxin-free, it provides safe, sustainable comfort and eco-friendly rest for pets.\",\"breadcrumb\":{\"@id\":\"https:\\\/\\\/homeofwool.com\\\/fi\\\/shop\\\/koiran-luolavuode\\\/#breadcrumb\"},\"inLanguage\":\"fr-FR\",\"potentialAction\":[{\"@type\":\"ReadAction\",\"target\":[\"https:\\\/\\\/homeofwool.com\\\/fi\\\/shop\\\/koiran-luolavuode\\\/\"]}]},{\"@type\":\"ImageObject\",\"inLanguage\":\"fr-FR\",\"@id\":\"https:\\\/\\\/homeofwool.com\\\/fi\\\/shop\\\/koiran-luolavuode\\\/#primaryimage\",\"url\":\"https:\\\/\\\/homeofwool.com\\\/wp-content\\\/uploads\\\/2025\\\/09\\\/home-of-wool-wool-dog-bed-with-cover-1-main.jpg\",\"contentUrl\":\"https:\\\/\\\/homeofwool.com\\\/wp-content\\\/uploads\\\/2025\\\/09\\\/home-of-wool-wool-dog-bed-with-cover-1-main.jpg\",\"width\":1900,\"height\":1520,\"caption\":\"wool round dog bed with cover and a dog inside\"},{\"@type\":\"BreadcrumbList\",\"@id\":\"https:\\\/\\\/homeofwool.com\\\/fi\\\/shop\\\/koiran-luolavuode\\\/#breadcrumb\",\"itemListElement\":[{\"@type\":\"ListItem\",\"position\":1,\"name\":\"Home\",\"item\":\"https:\\\/\\\/homeofwool.com\\\/\"},{\"@type\":\"ListItem\",\"position\":2,\"name\":\"Products\",\"item\":\"https:\\\/\\\/homeofwool.com\\\/header-search-2\\\/\"},{\"@type\":\"ListItem\",\"position\":3,\"name\":\"Wool Dog Bed with Cover\"}]},{\"@type\":\"WebSite\",\"@id\":\"https:\\\/\\\/homeofwool.com\\\/#website\",\"url\":\"https:\\\/\\\/homeofwool.com\\\/\",\"name\":\"Home of Wool\",\"description\":\"\",\"publisher\":{\"@id\":\"https:\\\/\\\/homeofwool.com\\\/#organization\"},\"potentialAction\":[{\"@type\":\"SearchAction\",\"target\":{\"@type\":\"EntryPoint\",\"urlTemplate\":\"https:\\\/\\\/homeofwool.com\\\/?s={search_term_string}\"},\"query-input\":{\"@type\":\"PropertyValueSpecification\",\"valueRequired\":true,\"valueName\":\"search_term_string\"}}],\"inLanguage\":\"fr-FR\"},{\"@type\":\"Organization\",\"@id\":\"https:\\\/\\\/homeofwool.com\\\/#organization\",\"name\":\"Home of Wool\",\"url\":\"https:\\\/\\\/homeofwool.com\\\/\",\"logo\":{\"@type\":\"ImageObject\",\"inLanguage\":\"fr-FR\",\"@id\":\"https:\\\/\\\/homeofwool.com\\\/#\\\/schema\\\/logo\\\/image\\\/\",\"url\":\"https:\\\/\\\/homeofwool.com\\\/wp-content\\\/uploads\\\/2025\\\/09\\\/WhatsApp-Image-2025-12-02-at-16.23.20.jpeg\",\"contentUrl\":\"https:\\\/\\\/homeofwool.com\\\/wp-content\\\/uploads\\\/2025\\\/09\\\/WhatsApp-Image-2025-12-02-at-16.23.20.jpeg\",\"width\":700,\"height\":247,\"caption\":\"Home of Wool\"},\"image\":{\"@id\":\"https:\\\/\\\/homeofwool.com\\\/#\\\/schema\\\/logo\\\/image\\\/\"},\"sameAs\":[\"https:\\\/\\\/facebook.com\\\/HomeOfWoolOfficial\"]}]}<\/script>\n<!-- \/ Yoast SEO Premium plugin. -->","yoast_head_json":{"title":"Lit pour chien avec housse \u2013 Lit grotte pour chien | Home of Wool","description":"Confortable et lavable, le lit pour chien avec housse est rembourr\u00e9 de laine respirante. Hypoallerg\u00e9nique et sans toxines, il offre un confort s\u00fbr et durable ainsi qu'un repos \u00e9cologique pour les animaux de compagnie.","robots":{"index":"index","follow":"follow","max-snippet":"max-snippet:-1","max-image-preview":"max-image-preview:large","max-video-preview":"max-video-preview:-1"},"canonical":"https:\/\/homeofwool.com\/fr\/boutique\/lit-pour-chien-en-forme-de-grotte\/","og_locale":"fr_FR","og_type":"article","og_title":"Wool Dog Bed with Cover","og_description":"Cozy and washable, the Dog Bed with Cover uses breathable wool filling. Hypoallergenic and toxin-free, it provides safe, sustainable comfort and eco-friendly rest for pets.","og_url":"https:\/\/homeofwool.com\/fr\/boutique\/lit-pour-chien-en-forme-de-grotte\/","og_site_name":"Home of Wool","article_publisher":"https:\/\/facebook.com\/HomeOfWoolOfficial","article_modified_time":"2026-02-10T15:41:08+00:00","og_image":[{"width":1900,"height":1520,"url":"https:\/\/homeofwool.com\/wp-content\/uploads\/2025\/09\/home-of-wool-wool-dog-bed-with-cover-1-main.jpg","type":"image\/jpeg"}],"twitter_card":"summary_large_image","twitter_misc":{"Dur\u00e9e de lecture estim\u00e9e":"2 minutes"},"schema":{"@context":"https:\/\/schema.org","@graph":[{"@type":"WebPage","@id":"https:\/\/homeofwool.com\/fi\/shop\/koiran-luolavuode\/","url":"https:\/\/homeofwool.com\/fi\/shop\/koiran-luolavuode\/","name":"Lit pour chien avec housse \u2013 Lit grotte pour chien | Home of Wool","isPartOf":{"@id":"https:\/\/homeofwool.com\/#website"},"primaryImageOfPage":{"@id":"https:\/\/homeofwool.com\/fi\/shop\/koiran-luolavuode\/#primaryimage"},"image":{"@id":"https:\/\/homeofwool.com\/fi\/shop\/koiran-luolavuode\/#primaryimage"},"thumbnailUrl":"https:\/\/homeofwool.com\/wp-content\/uploads\/2025\/09\/home-of-wool-wool-dog-bed-with-cover-1-main.jpg","datePublished":"2025-09-02T12:02:14+00:00","dateModified":"2026-02-10T15:41:08+00:00","description":"Confortable et lavable, le lit pour chien avec housse est rembourr\u00e9 de laine respirante. Hypoallerg\u00e9nique et sans toxines, il offre un confort s\u00fbr et durable ainsi qu'un repos \u00e9cologique pour les animaux de compagnie.","breadcrumb":{"@id":"https:\/\/homeofwool.com\/fi\/shop\/koiran-luolavuode\/#breadcrumb"},"inLanguage":"fr-FR","potentialAction":[{"@type":"ReadAction","target":["https:\/\/homeofwool.com\/fi\/shop\/koiran-luolavuode\/"]}]},{"@type":"ImageObject","inLanguage":"fr-FR","@id":"https:\/\/homeofwool.com\/fi\/shop\/koiran-luolavuode\/#primaryimage","url":"https:\/\/homeofwool.com\/wp-content\/uploads\/2025\/09\/home-of-wool-wool-dog-bed-with-cover-1-main.jpg","contentUrl":"https:\/\/homeofwool.com\/wp-content\/uploads\/2025\/09\/home-of-wool-wool-dog-bed-with-cover-1-main.jpg","width":1900,"height":1520,"caption":"wool round dog bed with cover and a dog inside"},{"@type":"BreadcrumbList","@id":"https:\/\/homeofwool.com\/fi\/shop\/koiran-luolavuode\/#breadcrumb","itemListElement":[{"@type":"ListItem","position":1,"name":"Home","item":"https:\/\/homeofwool.com\/"},{"@type":"ListItem","position":2,"name":"Products","item":"https:\/\/homeofwool.com\/header-search-2\/"},{"@type":"ListItem","position":3,"name":"Wool Dog Bed with Cover"}]},{"@type":"WebSite","@id":"https:\/\/homeofwool.com\/#website","url":"https:\/\/homeofwool.com\/","name":"La maison de la laine","description":"","publisher":{"@id":"https:\/\/homeofwool.com\/#organization"},"potentialAction":[{"@type":"SearchAction","target":{"@type":"EntryPoint","urlTemplate":"https:\/\/homeofwool.com\/?s={search_term_string}"},"query-input":{"@type":"PropertyValueSpecification","valueRequired":true,"valueName":"search_term_string"}}],"inLanguage":"fr-FR"},{"@type":"Organization","@id":"https:\/\/homeofwool.com\/#organization","name":"La maison de la laine","url":"https:\/\/homeofwool.com\/","logo":{"@type":"ImageObject","inLanguage":"fr-FR","@id":"https:\/\/homeofwool.com\/#\/schema\/logo\/image\/","url":"https:\/\/homeofwool.com\/wp-content\/uploads\/2025\/09\/WhatsApp-Image-2025-12-02-at-16.23.20.jpeg","contentUrl":"https:\/\/homeofwool.com\/wp-content\/uploads\/2025\/09\/WhatsApp-Image-2025-12-02-at-16.23.20.jpeg","width":700,"height":247,"caption":"Home of Wool"},"image":{"@id":"https:\/\/homeofwool.com\/#\/schema\/logo\/image\/"},"sameAs":["https:\/\/facebook.com\/HomeOfWoolOfficial"]}]}},"_links":{"self":[{"href":"https:\/\/homeofwool.com\/fr\/wp-json\/wp\/v2\/product\/217697","targetHints":{"allow":["GET"]}}],"collection":[{"href":"https:\/\/homeofwool.com\/fr\/wp-json\/wp\/v2\/product"}],"about":[{"href":"https:\/\/homeofwool.com\/fr\/wp-json\/wp\/v2\/types\/product"}],"version-history":[{"count":2,"href":"https:\/\/homeofwool.com\/fr\/wp-json\/wp\/v2\/product\/217697\/revisions"}],"predecessor-version":[{"id":226026,"href":"https:\/\/homeofwool.com\/fr\/wp-json\/wp\/v2\/product\/217697\/revisions\/226026"}],"wp:featuredmedia":[{"embeddable":true,"href":"https:\/\/homeofwool.com\/fr\/wp-json\/wp\/v2\/media\/218629"}],"wp:attachment":[{"href":"https:\/\/homeofwool.com\/fr\/wp-json\/wp\/v2\/media?parent=217697"}],"wp:term":[{"taxonomy":"product_brand","embeddable":true,"href":"https:\/\/homeofwool.com\/fr\/wp-json\/wp\/v2\/product_brand?post=217697"},{"taxonomy":"product_cat","embeddable":true,"href":"https:\/\/homeofwool.com\/fr\/wp-json\/wp\/v2\/product_cat?post=217697"},{"taxonomy":"product_tag","embeddable":true,"href":"https:\/\/homeofwool.com\/fr\/wp-json\/wp\/v2\/product_tag?post=217697"}],"curies":[{"name":"wp","href":"https:\/\/api.w.org\/{rel}","templated":true}]}}