{"id":217694,"date":"2025-09-02T12:02:14","date_gmt":"2025-09-02T12:02:14","guid":{"rendered":"https:\/\/homeofwool.com\/?post_type=product&#038;p=217694"},"modified":"2026-02-10T16:06:08","modified_gmt":"2026-02-10T16:06:08","slug":"topponcino-en-laine","status":"publish","type":"product","link":"https:\/\/homeofwool.com\/fr\/shop\/wool-topponcino\/","title":{"rendered":"Laine Topponcino"},"content":{"rendered":"<p>Au tout d\u00e9but, votre b\u00e9b\u00e9 ne souhaite rien d'autre que se sentir proche, en s\u00e9curit\u00e9 et r\u00e9confort\u00e9. Un Topponchino en laine cr\u00e9e un environnement familier et douillet que votre b\u00e9b\u00e9 peut emporter avec lui, de vos bras \u00e0 son berceau, de ses parents \u00e0 ses grands-parents ou \u00e0 ses fr\u00e8res et s\u0153urs, et m\u00eame lorsqu'il est d\u00e9licatement d\u00e9pos\u00e9 sur un tapis de jeu.<\/p>\n<p>Fabriqu\u00e9 \u00e0 partir de rembourrage en pure laine recouvert de coton biologique, il est exempt de toxines et ne contient aucun produit synth\u00e9tique, retardateur de flamme, colle ou produit chimique d'aucune sorte. Cela le rend non seulement hypoallerg\u00e9nique, mais \u00e9galement sans danger pour les b\u00e9b\u00e9s et les familles sensibles. La laine \u00e9tant tr\u00e8s respirante, votre b\u00e9b\u00e9 reste au chaud et \u00e0 l'aise sans avoir trop chaud. La housse s'enl\u00e8ve facilement pour \u00eatre lav\u00e9e, ce qui facilite l'entretien quotidien.<\/p>\n<p>L\u00e9ger et facile \u00e0 transporter, il deviendra rapidement l'accessoire pr\u00e9f\u00e9r\u00e9 de votre b\u00e9b\u00e9 pendant ses premiers mois. Avec la possibilit\u00e9 d'ajouter une broderie personnalis\u00e9e, il constitue \u00e9galement un cadeau significatif et durable.<\/p>\n<p>Avec ses dimensions de 37 x 67 cm (14,5 x 26,5 pouces), il est id\u00e9al pour garder votre nouveau-n\u00e9 bien au chaud, en s\u00e9curit\u00e9 et entour\u00e9 de l'odeur et du confort qu'il conna\u00eet le mieux. Beaucoup de m\u00e8res aiment garder le topponchino pr\u00e8s d'elles avant la naissance afin qu'il garde leur odeur famili\u00e8re pour le b\u00e9b\u00e9 lorsqu'il sera utilis\u00e9 plus tard.<\/p>","protected":false},"excerpt":{"rendered":"<p>Un nid naturel, sans toxines et tout en douceur qui aide votre nouveau-n\u00e9 \u00e0 se sentir en s\u00e9curit\u00e9 \u00e0 chaque transition. Fabriqu\u00e9 \u00e0 la main \u00e0 partir de laine pure et de coton biologique, il offre un confort tout en douceur tout en \u00e9tant hypoallerg\u00e9nique et sans danger pour les tout-petits les plus sensibles.<\/p>\n<div class=\"global-icon-set\">\n<div class=\"global-icon-set__items\">\n<div class=\"global-icon-set__item\">\n<div class=\"global-icon-set__image\">\n                                    <img decoding=\"async\" src=\"https:\/\/homeofwool.com\/wp-content\/uploads\/2025\/09\/handmade-icon-300x300.png\" alt=\"ic\u00f4ne artisanale\" \/>\n                                <\/div>\n<div class=\"global-icon-set__title\">Fait \u00e0 la main<\/div>\n<\/p><\/div>\n<div class=\"global-icon-set__item\">\n<div class=\"global-icon-set__image\">\n                                    <img decoding=\"async\" src=\"https:\/\/homeofwool.com\/wp-content\/uploads\/2025\/09\/VOCs-min-300x300.png\" alt=\"vocs libre\" \/>\n                                <\/div>\n<div class=\"global-icon-set__title\">Sans COV<\/div>\n<\/p><\/div>\n<div class=\"global-icon-set__item\">\n<div class=\"global-icon-set__image\">\n                                    <img decoding=\"async\" src=\"https:\/\/homeofwool.com\/wp-content\/uploads\/2025\/09\/FR-min-300x300.png\" alt=\"ic\u00f4ne de r\u00e9sistance au feu\" \/>\n                                <\/div>\n<div class=\"global-icon-set__title\">R\u00e9sistant \u00e0 la flamme<\/div>\n<\/p><\/div>\n<div class=\"global-icon-set__item\">\n<div class=\"global-icon-set__image\">\n                                    <img decoding=\"async\" src=\"https:\/\/homeofwool.com\/wp-content\/uploads\/2025\/09\/Hypoallergenic-min-300x300.png\" alt=\"ic\u00f4ne hypoallerg\u00e9nique\" \/>\n                                <\/div>\n<div class=\"global-icon-set__title\">Hypoallerg\u00e9nique<\/div>\n<\/p><\/div>\n<div class=\"global-icon-set__item\">\n<div class=\"global-icon-set__image\">\n                                    <img decoding=\"async\" src=\"https:\/\/homeofwool.com\/wp-content\/uploads\/2025\/09\/free-of-synthetics-icon-300x300.png\" alt=\"sans mati\u00e8res synth\u00e9tiques ic\u00f4ne\" \/>\n                                <\/div>\n<div class=\"global-icon-set__title\">Sans mati\u00e8res synth\u00e9tiques<\/div>\n<\/p><\/div>\n<div class=\"global-icon-set__item\">\n<div class=\"global-icon-set__image\">\n                                    <img decoding=\"async\" src=\"https:\/\/homeofwool.com\/wp-content\/uploads\/2025\/09\/chemical-free-icon-300x300.png\" alt=\"ic\u00f4ne de l&#039;absence de produits chimiques\" \/>\n                                <\/div>\n<div class=\"global-icon-set__title\">Sans produits chimiques<\/div>\n<\/p><\/div>\n<div class=\"global-icon-set__item\">\n<div class=\"global-icon-set__image\">\n                                    <img decoding=\"async\" src=\"https:\/\/homeofwool.com\/wp-content\/uploads\/2025\/09\/anti-bacterial-icon-300x300.png\" alt=\"ic\u00f4ne anti-bact\u00e9rien\" \/>\n                                <\/div>\n<div class=\"global-icon-set__title\">Anti-microbien et anti-bact\u00e9rien<\/div>\n<\/p><\/div>\n<div class=\"global-icon-set__item\">\n<div class=\"global-icon-set__image\">\n                                    <img decoding=\"async\" src=\"https:\/\/homeofwool.com\/wp-content\/uploads\/2025\/09\/certified-materials-icon-300x300.png\" alt=\"ic\u00f4ne des mat\u00e9riaux certifi\u00e9s\" \/>\n                                <\/div>\n<div class=\"global-icon-set__title\">100% Mat\u00e9riaux certifi\u00e9s purs<\/div>\n<\/p><\/div>\n<\/p><\/div>\n<\/p><\/div>","protected":false},"featured_media":227624,"template":"","meta":{"_acf_changed":false},"product_brand":[],"product_cat":[266,267],"product_tag":[511,754,755,756,757,149,758],"class_list":{"0":"post-217694","1":"product","2":"type-product","3":"status-publish","4":"has-post-thumbnail","6":"product_cat-baby-sleep-products","7":"product_cat-nursery","8":"product_tag-baby-gym","9":"product_tag-infant-pad","10":"product_tag-montessori","11":"product_tag-montessori-infant-pillow","12":"product_tag-moses-basket","13":"product_tag-steps","14":"product_tag-wool-topponcino","16":"first","17":"instock","18":"shipping-taxable","19":"purchasable","20":"product-type-simple"},"acf":[],"yoast_head":"<!-- This site is optimized with the Yoast SEO Premium plugin v27.3 (Yoast SEO v27.3) - https:\/\/yoast.com\/product\/yoast-seo-premium-wordpress\/ -->\n<title>Wool Topponcino \u2013 Natural, Toxin-Free Baby Comfort | Home of Wool<\/title>\n<meta name=\"description\" content=\"Gentle and safe, the Wool Topponcino is a breathable comfort mat made with wool. Hypoallergenic and toxin-free, it offers snuggly, organic protection for newborn carrying and rest.\" \/>\n<meta name=\"robots\" content=\"index, follow, max-snippet:-1, max-image-preview:large, max-video-preview:-1\" \/>\n<link rel=\"canonical\" href=\"https:\/\/homeofwool.com\/fr\/boutique\/topponcino-en-laine\/\" \/>\n<meta property=\"og:locale\" content=\"fr_FR\" \/>\n<meta property=\"og:type\" content=\"article\" \/>\n<meta property=\"og:title\" content=\"Wool Topponcino\" \/>\n<meta property=\"og:description\" content=\"Gentle and safe, the Wool Topponcino is a breathable comfort mat made with wool. Hypoallergenic and toxin-free, it offers snuggly, organic protection for newborn carrying and rest.\" \/>\n<meta property=\"og:url\" content=\"https:\/\/homeofwool.com\/fr\/boutique\/topponcino-en-laine\/\" \/>\n<meta property=\"og:site_name\" content=\"Home of Wool\" \/>\n<meta property=\"article:publisher\" content=\"https:\/\/facebook.com\/HomeOfWoolOfficial\" \/>\n<meta property=\"article:modified_time\" content=\"2026-02-10T16:06:08+00:00\" \/>\n<meta property=\"og:image\" content=\"https:\/\/homeofwool.com\/wp-content\/uploads\/2025\/09\/home-of-wool-wool-topponcino-main.jpg\" \/>\n\t<meta property=\"og:image:width\" content=\"1920\" \/>\n\t<meta property=\"og:image:height\" content=\"1536\" \/>\n\t<meta property=\"og:image:type\" content=\"image\/jpeg\" \/>\n<meta name=\"twitter:card\" content=\"summary_large_image\" \/>\n<meta name=\"twitter:label1\" content=\"Dur\u00e9e de lecture estim\u00e9e\" \/>\n\t<meta name=\"twitter:data1\" content=\"2 minutes\" \/>\n<script type=\"application\/ld+json\" class=\"yoast-schema-graph\">{\"@context\":\"https:\\\/\\\/schema.org\",\"@graph\":[{\"@type\":\"WebPage\",\"@id\":\"https:\\\/\\\/homeofwool.com\\\/shop\\\/wool-topponcino\\\/\",\"url\":\"https:\\\/\\\/homeofwool.com\\\/shop\\\/wool-topponcino\\\/\",\"name\":\"Wool Topponcino \u2013 Natural, Toxin-Free Baby Comfort | Home of Wool\",\"isPartOf\":{\"@id\":\"https:\\\/\\\/homeofwool.com\\\/#website\"},\"primaryImageOfPage\":{\"@id\":\"https:\\\/\\\/homeofwool.com\\\/shop\\\/wool-topponcino\\\/#primaryimage\"},\"image\":{\"@id\":\"https:\\\/\\\/homeofwool.com\\\/shop\\\/wool-topponcino\\\/#primaryimage\"},\"thumbnailUrl\":\"https:\\\/\\\/homeofwool.com\\\/wp-content\\\/uploads\\\/2025\\\/09\\\/home-of-wool-wool-topponcino-main.jpg\",\"datePublished\":\"2025-09-02T12:02:14+00:00\",\"dateModified\":\"2026-02-10T16:06:08+00:00\",\"description\":\"Gentle and safe, the Wool Topponcino is a breathable comfort mat made with wool. Hypoallergenic and toxin-free, it offers snuggly, organic protection for newborn carrying and rest.\",\"breadcrumb\":{\"@id\":\"https:\\\/\\\/homeofwool.com\\\/shop\\\/wool-topponcino\\\/#breadcrumb\"},\"inLanguage\":\"fr-FR\",\"potentialAction\":[{\"@type\":\"ReadAction\",\"target\":[\"https:\\\/\\\/homeofwool.com\\\/shop\\\/wool-topponcino\\\/\"]}]},{\"@type\":\"ImageObject\",\"inLanguage\":\"fr-FR\",\"@id\":\"https:\\\/\\\/homeofwool.com\\\/shop\\\/wool-topponcino\\\/#primaryimage\",\"url\":\"https:\\\/\\\/homeofwool.com\\\/wp-content\\\/uploads\\\/2025\\\/09\\\/home-of-wool-wool-topponcino-main.jpg\",\"contentUrl\":\"https:\\\/\\\/homeofwool.com\\\/wp-content\\\/uploads\\\/2025\\\/09\\\/home-of-wool-wool-topponcino-main.jpg\",\"width\":1920,\"height\":1536,\"caption\":\"wool topponcino full view\"},{\"@type\":\"BreadcrumbList\",\"@id\":\"https:\\\/\\\/homeofwool.com\\\/shop\\\/wool-topponcino\\\/#breadcrumb\",\"itemListElement\":[{\"@type\":\"ListItem\",\"position\":1,\"name\":\"Home\",\"item\":\"https:\\\/\\\/homeofwool.com\\\/\"},{\"@type\":\"ListItem\",\"position\":2,\"name\":\"Products\",\"item\":\"https:\\\/\\\/homeofwool.com\\\/header-search-2\\\/\"},{\"@type\":\"ListItem\",\"position\":3,\"name\":\"Wool Topponcino\"}]},{\"@type\":\"WebSite\",\"@id\":\"https:\\\/\\\/homeofwool.com\\\/#website\",\"url\":\"https:\\\/\\\/homeofwool.com\\\/\",\"name\":\"Home of Wool\",\"description\":\"\",\"publisher\":{\"@id\":\"https:\\\/\\\/homeofwool.com\\\/#organization\"},\"potentialAction\":[{\"@type\":\"SearchAction\",\"target\":{\"@type\":\"EntryPoint\",\"urlTemplate\":\"https:\\\/\\\/homeofwool.com\\\/?s={search_term_string}\"},\"query-input\":{\"@type\":\"PropertyValueSpecification\",\"valueRequired\":true,\"valueName\":\"search_term_string\"}}],\"inLanguage\":\"fr-FR\"},{\"@type\":\"Organization\",\"@id\":\"https:\\\/\\\/homeofwool.com\\\/#organization\",\"name\":\"Home of Wool\",\"url\":\"https:\\\/\\\/homeofwool.com\\\/\",\"logo\":{\"@type\":\"ImageObject\",\"inLanguage\":\"fr-FR\",\"@id\":\"https:\\\/\\\/homeofwool.com\\\/#\\\/schema\\\/logo\\\/image\\\/\",\"url\":\"https:\\\/\\\/homeofwool.com\\\/wp-content\\\/uploads\\\/2025\\\/09\\\/WhatsApp-Image-2025-12-02-at-16.23.20.jpeg\",\"contentUrl\":\"https:\\\/\\\/homeofwool.com\\\/wp-content\\\/uploads\\\/2025\\\/09\\\/WhatsApp-Image-2025-12-02-at-16.23.20.jpeg\",\"width\":700,\"height\":247,\"caption\":\"Home of Wool\"},\"image\":{\"@id\":\"https:\\\/\\\/homeofwool.com\\\/#\\\/schema\\\/logo\\\/image\\\/\"},\"sameAs\":[\"https:\\\/\\\/facebook.com\\\/HomeOfWoolOfficial\"]}]}<\/script>\n<!-- \/ Yoast SEO Premium plugin. -->","yoast_head_json":{"title":"Topponcino en laine \u2013 Confort naturel et sans toxines pour b\u00e9b\u00e9 | Home of Wool","description":"Doux et s\u00fbr, le Wool Topponcino est un matelas confortable et respirant fabriqu\u00e9 en laine. Hypoallerg\u00e9nique et sans toxines, il offre une protection douillette et biologique pour porter et coucher les nouveau-n\u00e9s.","robots":{"index":"index","follow":"follow","max-snippet":"max-snippet:-1","max-image-preview":"max-image-preview:large","max-video-preview":"max-video-preview:-1"},"canonical":"https:\/\/homeofwool.com\/fr\/boutique\/topponcino-en-laine\/","og_locale":"fr_FR","og_type":"article","og_title":"Wool Topponcino","og_description":"Gentle and safe, the Wool Topponcino is a breathable comfort mat made with wool. Hypoallergenic and toxin-free, it offers snuggly, organic protection for newborn carrying and rest.","og_url":"https:\/\/homeofwool.com\/fr\/boutique\/topponcino-en-laine\/","og_site_name":"Home of Wool","article_publisher":"https:\/\/facebook.com\/HomeOfWoolOfficial","article_modified_time":"2026-02-10T16:06:08+00:00","og_image":[{"width":1920,"height":1536,"url":"https:\/\/homeofwool.com\/wp-content\/uploads\/2025\/09\/home-of-wool-wool-topponcino-main.jpg","type":"image\/jpeg"}],"twitter_card":"summary_large_image","twitter_misc":{"Dur\u00e9e de lecture estim\u00e9e":"2 minutes"},"schema":{"@context":"https:\/\/schema.org","@graph":[{"@type":"WebPage","@id":"https:\/\/homeofwool.com\/shop\/wool-topponcino\/","url":"https:\/\/homeofwool.com\/shop\/wool-topponcino\/","name":"Topponcino en laine \u2013 Confort naturel et sans toxines pour b\u00e9b\u00e9 | Home of Wool","isPartOf":{"@id":"https:\/\/homeofwool.com\/#website"},"primaryImageOfPage":{"@id":"https:\/\/homeofwool.com\/shop\/wool-topponcino\/#primaryimage"},"image":{"@id":"https:\/\/homeofwool.com\/shop\/wool-topponcino\/#primaryimage"},"thumbnailUrl":"https:\/\/homeofwool.com\/wp-content\/uploads\/2025\/09\/home-of-wool-wool-topponcino-main.jpg","datePublished":"2025-09-02T12:02:14+00:00","dateModified":"2026-02-10T16:06:08+00:00","description":"Doux et s\u00fbr, le Wool Topponcino est un matelas confortable et respirant fabriqu\u00e9 en laine. Hypoallerg\u00e9nique et sans toxines, il offre une protection douillette et biologique pour porter et coucher les nouveau-n\u00e9s.","breadcrumb":{"@id":"https:\/\/homeofwool.com\/shop\/wool-topponcino\/#breadcrumb"},"inLanguage":"fr-FR","potentialAction":[{"@type":"ReadAction","target":["https:\/\/homeofwool.com\/shop\/wool-topponcino\/"]}]},{"@type":"ImageObject","inLanguage":"fr-FR","@id":"https:\/\/homeofwool.com\/shop\/wool-topponcino\/#primaryimage","url":"https:\/\/homeofwool.com\/wp-content\/uploads\/2025\/09\/home-of-wool-wool-topponcino-main.jpg","contentUrl":"https:\/\/homeofwool.com\/wp-content\/uploads\/2025\/09\/home-of-wool-wool-topponcino-main.jpg","width":1920,"height":1536,"caption":"wool topponcino full view"},{"@type":"BreadcrumbList","@id":"https:\/\/homeofwool.com\/shop\/wool-topponcino\/#breadcrumb","itemListElement":[{"@type":"ListItem","position":1,"name":"Home","item":"https:\/\/homeofwool.com\/"},{"@type":"ListItem","position":2,"name":"Products","item":"https:\/\/homeofwool.com\/header-search-2\/"},{"@type":"ListItem","position":3,"name":"Wool Topponcino"}]},{"@type":"WebSite","@id":"https:\/\/homeofwool.com\/#website","url":"https:\/\/homeofwool.com\/","name":"La maison de la laine","description":"","publisher":{"@id":"https:\/\/homeofwool.com\/#organization"},"potentialAction":[{"@type":"SearchAction","target":{"@type":"EntryPoint","urlTemplate":"https:\/\/homeofwool.com\/?s={search_term_string}"},"query-input":{"@type":"PropertyValueSpecification","valueRequired":true,"valueName":"search_term_string"}}],"inLanguage":"fr-FR"},{"@type":"Organization","@id":"https:\/\/homeofwool.com\/#organization","name":"La maison de la laine","url":"https:\/\/homeofwool.com\/","logo":{"@type":"ImageObject","inLanguage":"fr-FR","@id":"https:\/\/homeofwool.com\/#\/schema\/logo\/image\/","url":"https:\/\/homeofwool.com\/wp-content\/uploads\/2025\/09\/WhatsApp-Image-2025-12-02-at-16.23.20.jpeg","contentUrl":"https:\/\/homeofwool.com\/wp-content\/uploads\/2025\/09\/WhatsApp-Image-2025-12-02-at-16.23.20.jpeg","width":700,"height":247,"caption":"Home of Wool"},"image":{"@id":"https:\/\/homeofwool.com\/#\/schema\/logo\/image\/"},"sameAs":["https:\/\/facebook.com\/HomeOfWoolOfficial"]}]}},"_links":{"self":[{"href":"https:\/\/homeofwool.com\/fr\/wp-json\/wp\/v2\/product\/217694","targetHints":{"allow":["GET"]}}],"collection":[{"href":"https:\/\/homeofwool.com\/fr\/wp-json\/wp\/v2\/product"}],"about":[{"href":"https:\/\/homeofwool.com\/fr\/wp-json\/wp\/v2\/types\/product"}],"version-history":[{"count":2,"href":"https:\/\/homeofwool.com\/fr\/wp-json\/wp\/v2\/product\/217694\/revisions"}],"predecessor-version":[{"id":226010,"href":"https:\/\/homeofwool.com\/fr\/wp-json\/wp\/v2\/product\/217694\/revisions\/226010"}],"wp:featuredmedia":[{"embeddable":true,"href":"https:\/\/homeofwool.com\/fr\/wp-json\/wp\/v2\/media\/227624"}],"wp:attachment":[{"href":"https:\/\/homeofwool.com\/fr\/wp-json\/wp\/v2\/media?parent=217694"}],"wp:term":[{"taxonomy":"product_brand","embeddable":true,"href":"https:\/\/homeofwool.com\/fr\/wp-json\/wp\/v2\/product_brand?post=217694"},{"taxonomy":"product_cat","embeddable":true,"href":"https:\/\/homeofwool.com\/fr\/wp-json\/wp\/v2\/product_cat?post=217694"},{"taxonomy":"product_tag","embeddable":true,"href":"https:\/\/homeofwool.com\/fr\/wp-json\/wp\/v2\/product_tag?post=217694"}],"curies":[{"name":"wp","href":"https:\/\/api.w.org\/{rel}","templated":true}]}}