{"id":217691,"date":"2025-09-02T12:02:14","date_gmt":"2025-09-02T12:02:14","guid":{"rendered":"https:\/\/homeofwool.com\/?post_type=product&#038;p=217691"},"modified":"2026-02-11T09:08:08","modified_gmt":"2026-02-11T09:08:08","slug":"coussin-de-yoga","status":"publish","type":"product","link":"https:\/\/homeofwool.com\/fr\/shop\/yoga-bolster\/","title":{"rendered":"Traversin de yoga en laine"},"content":{"rendered":"<p>Notre traversin de yoga en laine offre une base stable et un soutien optimal pour votre pratique. Rempli de pure laine et recouvert de tissus naturels, il est con\u00e7u pour soutenir votre corps lors des flexions arri\u00e8re, des \u00e9tirements profonds ou de toute posture r\u00e9paratrice.<\/p>\n<p>Sans produits chimiques et hypoallerg\u00e9nique, ce coussin de yoga est un choix s\u00fbr et sain pour les personnes sensibles, y compris celles souffrant du syndrome de sensibilit\u00e9 chimique multiple (MCS). La laine est tr\u00e8s respirante et aide votre corps \u00e0 r\u00e9guler sa temp\u00e9rature afin que vous restiez \u00e0 l'aise dans toutes les postures et pendant toute la dur\u00e9e de votre entra\u00eenement. Elle r\u00e9siste aux acariens et aux moisissures sans aucun traitement suppl\u00e9mentaire.<\/p>\n<p>Vous pouvez participer au processus de conception en choisissant tous les d\u00e9tails de votre coussin ! Chaque traversin est disponible en commande personnalis\u00e9e. Cela vous permet de choisir la taille, les tissus et les d\u00e9tails de conception qui correspondent le mieux \u00e0 vos pr\u00e9f\u00e9rences.<\/p>\n<p>Fabriqu\u00e9s \u00e0 partir de mat\u00e9riaux biod\u00e9gradables, renouvelables et durables, nos traversins de yoga allient un savoir-faire artisanal intemporel \u00e0 une durabilit\u00e9 exceptionnelle. Une housse amovible et lavable facilite l'entretien de votre traversin de yoga, le gardant frais et propre apr\u00e8s chaque s\u00e9ance.<\/p>","protected":false},"excerpt":{"rendered":"<p>Vous recherchez un confort naturel pour vos rituels quotidiens ? Un traversin de yoga rempli de pure laine offre un confort constant et un soutien stable pour votre pratique. Ce coussin de m\u00e9ditation vous aide \u00e0 vous d\u00e9tendre dans les postures, \u00e0 approfondir vos \u00e9tirements et \u00e0 retrouver votre \u00e9quilibre tout en gardant votre corps naturellement frais et confortable.<\/p>\n<div class=\"global-icon-set\">\n<div class=\"global-icon-set__items\">\n<div class=\"global-icon-set__item\">\n<div class=\"global-icon-set__image\">\n                                    <img decoding=\"async\" src=\"https:\/\/homeofwool.com\/wp-content\/uploads\/2025\/09\/handmade-icon-300x300.png\" alt=\"ic\u00f4ne artisanale\" \/>\n                                <\/div>\n<div class=\"global-icon-set__title\">Fait \u00e0 la main<\/div>\n<\/p><\/div>\n<div class=\"global-icon-set__item\">\n<div class=\"global-icon-set__image\">\n                                    <img decoding=\"async\" src=\"https:\/\/homeofwool.com\/wp-content\/uploads\/2025\/09\/VOCs-min-300x300.png\" alt=\"vocs libre\" \/>\n                                <\/div>\n<div class=\"global-icon-set__title\">Sans COV<\/div>\n<\/p><\/div>\n<div class=\"global-icon-set__item\">\n<div class=\"global-icon-set__image\">\n                                    <img decoding=\"async\" src=\"https:\/\/homeofwool.com\/wp-content\/uploads\/2025\/09\/FR-min-300x300.png\" alt=\"ic\u00f4ne de r\u00e9sistance au feu\" \/>\n                                <\/div>\n<div class=\"global-icon-set__title\">R\u00e9sistant \u00e0 la flamme<\/div>\n<\/p><\/div>\n<div class=\"global-icon-set__item\">\n<div class=\"global-icon-set__image\">\n                                    <img decoding=\"async\" src=\"https:\/\/homeofwool.com\/wp-content\/uploads\/2025\/09\/Hypoallergenic-min-300x300.png\" alt=\"ic\u00f4ne hypoallerg\u00e9nique\" \/>\n                                <\/div>\n<div class=\"global-icon-set__title\">Hypoallerg\u00e9nique<\/div>\n<\/p><\/div>\n<div class=\"global-icon-set__item\">\n<div class=\"global-icon-set__image\">\n                                    <img decoding=\"async\" src=\"https:\/\/homeofwool.com\/wp-content\/uploads\/2025\/09\/free-of-synthetics-icon-300x300.png\" alt=\"sans mati\u00e8res synth\u00e9tiques ic\u00f4ne\" \/>\n                                <\/div>\n<div class=\"global-icon-set__title\">Sans mati\u00e8res synth\u00e9tiques<\/div>\n<\/p><\/div>\n<div class=\"global-icon-set__item\">\n<div class=\"global-icon-set__image\">\n                                    <img decoding=\"async\" src=\"https:\/\/homeofwool.com\/wp-content\/uploads\/2025\/09\/chemical-free-icon-300x300.png\" alt=\"ic\u00f4ne de l&#039;absence de produits chimiques\" \/>\n                                <\/div>\n<div class=\"global-icon-set__title\">Sans produits chimiques<\/div>\n<\/p><\/div>\n<div class=\"global-icon-set__item\">\n<div class=\"global-icon-set__image\">\n                                    <img decoding=\"async\" src=\"https:\/\/homeofwool.com\/wp-content\/uploads\/2025\/09\/anti-bacterial-icon-300x300.png\" alt=\"ic\u00f4ne anti-bact\u00e9rien\" \/>\n                                <\/div>\n<div class=\"global-icon-set__title\">Anti-microbien et anti-bact\u00e9rien<\/div>\n<\/p><\/div>\n<div class=\"global-icon-set__item\">\n<div class=\"global-icon-set__image\">\n                                    <img decoding=\"async\" src=\"https:\/\/homeofwool.com\/wp-content\/uploads\/2025\/09\/certified-materials-icon-300x300.png\" alt=\"ic\u00f4ne des mat\u00e9riaux certifi\u00e9s\" \/>\n                                <\/div>\n<div class=\"global-icon-set__title\">100% Mat\u00e9riaux certifi\u00e9s purs<\/div>\n<\/p><\/div>\n<\/p><\/div>\n<\/p><\/div>","protected":false},"featured_media":219549,"template":"","meta":{"_acf_changed":false},"product_brand":[],"product_cat":[302],"product_tag":[744,745,149,384,746],"class_list":{"0":"post-217691","1":"product","2":"type-product","3":"status-publish","4":"has-post-thumbnail","6":"product_cat-yoga-and-exercise","7":"product_tag-best-yoga-bolster","8":"product_tag-round-yoga-bolster","9":"product_tag-steps","10":"product_tag-yoga-bolster-pillow","11":"product_tag-yoga-pillow-bolster","13":"first","14":"instock","15":"shipping-taxable","16":"purchasable","17":"product-type-simple"},"acf":[],"yoast_head":"<!-- This site is optimized with the Yoast SEO Premium plugin v27.3 (Yoast SEO v27.3) - https:\/\/yoast.com\/product\/yoast-seo-premium-wordpress\/ -->\n<title>Wool Yoga Bolster | Natural Support for Your Rituals<\/title>\n<meta name=\"description\" content=\"Supporting yoga and meditation, the Yoga Bolster features breathable, natural wool filling for toxin-free comfort. Hypoallergenic and supportive, it ensures mindful practice every time.\" \/>\n<meta name=\"robots\" content=\"index, follow, max-snippet:-1, max-image-preview:large, max-video-preview:-1\" \/>\n<link rel=\"canonical\" href=\"https:\/\/homeofwool.com\/fr\/boutique\/coussin-de-yoga\/\" \/>\n<meta property=\"og:locale\" content=\"fr_FR\" \/>\n<meta property=\"og:type\" content=\"article\" \/>\n<meta property=\"og:title\" content=\"Wool Yoga Bolster\" \/>\n<meta property=\"og:description\" content=\"Supporting yoga and meditation, the Yoga Bolster features breathable, natural wool filling for toxin-free comfort. Hypoallergenic and supportive, it ensures mindful practice every time.\" \/>\n<meta property=\"og:url\" content=\"https:\/\/homeofwool.com\/fr\/boutique\/coussin-de-yoga\/\" \/>\n<meta property=\"og:site_name\" content=\"Home of Wool\" \/>\n<meta property=\"article:publisher\" content=\"https:\/\/facebook.com\/HomeOfWoolOfficial\" \/>\n<meta property=\"article:modified_time\" content=\"2026-02-11T09:08:08+00:00\" \/>\n<meta property=\"og:image\" content=\"https:\/\/homeofwool.com\/wp-content\/uploads\/2025\/09\/home-of-wool-wool-yoga-bolster-1-main.jpg\" \/>\n\t<meta property=\"og:image:width\" content=\"2000\" \/>\n\t<meta property=\"og:image:height\" content=\"1600\" \/>\n\t<meta property=\"og:image:type\" content=\"image\/jpeg\" \/>\n<meta name=\"twitter:card\" content=\"summary_large_image\" \/>\n<meta name=\"twitter:label1\" content=\"Dur\u00e9e de lecture estim\u00e9e\" \/>\n\t<meta name=\"twitter:data1\" content=\"1 minute\" \/>\n<script type=\"application\/ld+json\" class=\"yoast-schema-graph\">{\"@context\":\"https:\\\/\\\/schema.org\",\"@graph\":[{\"@type\":\"WebPage\",\"@id\":\"https:\\\/\\\/homeofwool.com\\\/shop\\\/yoga-bolster\\\/\",\"url\":\"https:\\\/\\\/homeofwool.com\\\/shop\\\/yoga-bolster\\\/\",\"name\":\"Wool Yoga Bolster | Natural Support for Your Rituals\",\"isPartOf\":{\"@id\":\"https:\\\/\\\/homeofwool.com\\\/#website\"},\"primaryImageOfPage\":{\"@id\":\"https:\\\/\\\/homeofwool.com\\\/shop\\\/yoga-bolster\\\/#primaryimage\"},\"image\":{\"@id\":\"https:\\\/\\\/homeofwool.com\\\/shop\\\/yoga-bolster\\\/#primaryimage\"},\"thumbnailUrl\":\"https:\\\/\\\/homeofwool.com\\\/wp-content\\\/uploads\\\/2025\\\/09\\\/home-of-wool-wool-yoga-bolster-1-main.jpg\",\"datePublished\":\"2025-09-02T12:02:14+00:00\",\"dateModified\":\"2026-02-11T09:08:08+00:00\",\"description\":\"Supporting yoga and meditation, the Yoga Bolster features breathable, natural wool filling for toxin-free comfort. Hypoallergenic and supportive, it ensures mindful practice every time.\",\"breadcrumb\":{\"@id\":\"https:\\\/\\\/homeofwool.com\\\/shop\\\/yoga-bolster\\\/#breadcrumb\"},\"inLanguage\":\"fr-FR\",\"potentialAction\":[{\"@type\":\"ReadAction\",\"target\":[\"https:\\\/\\\/homeofwool.com\\\/shop\\\/yoga-bolster\\\/\"]}]},{\"@type\":\"ImageObject\",\"inLanguage\":\"fr-FR\",\"@id\":\"https:\\\/\\\/homeofwool.com\\\/shop\\\/yoga-bolster\\\/#primaryimage\",\"url\":\"https:\\\/\\\/homeofwool.com\\\/wp-content\\\/uploads\\\/2025\\\/09\\\/home-of-wool-wool-yoga-bolster-1-main.jpg\",\"contentUrl\":\"https:\\\/\\\/homeofwool.com\\\/wp-content\\\/uploads\\\/2025\\\/09\\\/home-of-wool-wool-yoga-bolster-1-main.jpg\",\"width\":2000,\"height\":1600,\"caption\":\"Wool yoga bolster\"},{\"@type\":\"BreadcrumbList\",\"@id\":\"https:\\\/\\\/homeofwool.com\\\/shop\\\/yoga-bolster\\\/#breadcrumb\",\"itemListElement\":[{\"@type\":\"ListItem\",\"position\":1,\"name\":\"Home\",\"item\":\"https:\\\/\\\/homeofwool.com\\\/\"},{\"@type\":\"ListItem\",\"position\":2,\"name\":\"Products\",\"item\":\"https:\\\/\\\/homeofwool.com\\\/header-search-2\\\/\"},{\"@type\":\"ListItem\",\"position\":3,\"name\":\"Wool Yoga Bolster\"}]},{\"@type\":\"WebSite\",\"@id\":\"https:\\\/\\\/homeofwool.com\\\/#website\",\"url\":\"https:\\\/\\\/homeofwool.com\\\/\",\"name\":\"Home of Wool\",\"description\":\"\",\"publisher\":{\"@id\":\"https:\\\/\\\/homeofwool.com\\\/#organization\"},\"potentialAction\":[{\"@type\":\"SearchAction\",\"target\":{\"@type\":\"EntryPoint\",\"urlTemplate\":\"https:\\\/\\\/homeofwool.com\\\/?s={search_term_string}\"},\"query-input\":{\"@type\":\"PropertyValueSpecification\",\"valueRequired\":true,\"valueName\":\"search_term_string\"}}],\"inLanguage\":\"fr-FR\"},{\"@type\":\"Organization\",\"@id\":\"https:\\\/\\\/homeofwool.com\\\/#organization\",\"name\":\"Home of Wool\",\"url\":\"https:\\\/\\\/homeofwool.com\\\/\",\"logo\":{\"@type\":\"ImageObject\",\"inLanguage\":\"fr-FR\",\"@id\":\"https:\\\/\\\/homeofwool.com\\\/#\\\/schema\\\/logo\\\/image\\\/\",\"url\":\"https:\\\/\\\/homeofwool.com\\\/wp-content\\\/uploads\\\/2025\\\/09\\\/WhatsApp-Image-2025-12-02-at-16.23.20.jpeg\",\"contentUrl\":\"https:\\\/\\\/homeofwool.com\\\/wp-content\\\/uploads\\\/2025\\\/09\\\/WhatsApp-Image-2025-12-02-at-16.23.20.jpeg\",\"width\":700,\"height\":247,\"caption\":\"Home of Wool\"},\"image\":{\"@id\":\"https:\\\/\\\/homeofwool.com\\\/#\\\/schema\\\/logo\\\/image\\\/\"},\"sameAs\":[\"https:\\\/\\\/facebook.com\\\/HomeOfWoolOfficial\"]}]}<\/script>\n<!-- \/ Yoast SEO Premium plugin. -->","yoast_head_json":{"title":"Coussin de yoga en laine | Un soutien naturel pour vos rituels","description":"Con\u00e7u pour le yoga et la m\u00e9ditation, le traversin Yoga Bolster est rembourr\u00e9 de laine naturelle respirante pour un confort sans toxines. Hypoallerg\u00e9nique et offrant un bon soutien, il garantit une pratique consciente \u00e0 chaque fois.","robots":{"index":"index","follow":"follow","max-snippet":"max-snippet:-1","max-image-preview":"max-image-preview:large","max-video-preview":"max-video-preview:-1"},"canonical":"https:\/\/homeofwool.com\/fr\/boutique\/coussin-de-yoga\/","og_locale":"fr_FR","og_type":"article","og_title":"Wool Yoga Bolster","og_description":"Supporting yoga and meditation, the Yoga Bolster features breathable, natural wool filling for toxin-free comfort. Hypoallergenic and supportive, it ensures mindful practice every time.","og_url":"https:\/\/homeofwool.com\/fr\/boutique\/coussin-de-yoga\/","og_site_name":"Home of Wool","article_publisher":"https:\/\/facebook.com\/HomeOfWoolOfficial","article_modified_time":"2026-02-11T09:08:08+00:00","og_image":[{"width":2000,"height":1600,"url":"https:\/\/homeofwool.com\/wp-content\/uploads\/2025\/09\/home-of-wool-wool-yoga-bolster-1-main.jpg","type":"image\/jpeg"}],"twitter_card":"summary_large_image","twitter_misc":{"Dur\u00e9e de lecture estim\u00e9e":"1 minute"},"schema":{"@context":"https:\/\/schema.org","@graph":[{"@type":"WebPage","@id":"https:\/\/homeofwool.com\/shop\/yoga-bolster\/","url":"https:\/\/homeofwool.com\/shop\/yoga-bolster\/","name":"Coussin de yoga en laine | Un soutien naturel pour vos rituels","isPartOf":{"@id":"https:\/\/homeofwool.com\/#website"},"primaryImageOfPage":{"@id":"https:\/\/homeofwool.com\/shop\/yoga-bolster\/#primaryimage"},"image":{"@id":"https:\/\/homeofwool.com\/shop\/yoga-bolster\/#primaryimage"},"thumbnailUrl":"https:\/\/homeofwool.com\/wp-content\/uploads\/2025\/09\/home-of-wool-wool-yoga-bolster-1-main.jpg","datePublished":"2025-09-02T12:02:14+00:00","dateModified":"2026-02-11T09:08:08+00:00","description":"Con\u00e7u pour le yoga et la m\u00e9ditation, le traversin Yoga Bolster est rembourr\u00e9 de laine naturelle respirante pour un confort sans toxines. Hypoallerg\u00e9nique et offrant un bon soutien, il garantit une pratique consciente \u00e0 chaque fois.","breadcrumb":{"@id":"https:\/\/homeofwool.com\/shop\/yoga-bolster\/#breadcrumb"},"inLanguage":"fr-FR","potentialAction":[{"@type":"ReadAction","target":["https:\/\/homeofwool.com\/shop\/yoga-bolster\/"]}]},{"@type":"ImageObject","inLanguage":"fr-FR","@id":"https:\/\/homeofwool.com\/shop\/yoga-bolster\/#primaryimage","url":"https:\/\/homeofwool.com\/wp-content\/uploads\/2025\/09\/home-of-wool-wool-yoga-bolster-1-main.jpg","contentUrl":"https:\/\/homeofwool.com\/wp-content\/uploads\/2025\/09\/home-of-wool-wool-yoga-bolster-1-main.jpg","width":2000,"height":1600,"caption":"Wool yoga bolster"},{"@type":"BreadcrumbList","@id":"https:\/\/homeofwool.com\/shop\/yoga-bolster\/#breadcrumb","itemListElement":[{"@type":"ListItem","position":1,"name":"Home","item":"https:\/\/homeofwool.com\/"},{"@type":"ListItem","position":2,"name":"Products","item":"https:\/\/homeofwool.com\/header-search-2\/"},{"@type":"ListItem","position":3,"name":"Wool Yoga Bolster"}]},{"@type":"WebSite","@id":"https:\/\/homeofwool.com\/#website","url":"https:\/\/homeofwool.com\/","name":"La maison de la laine","description":"","publisher":{"@id":"https:\/\/homeofwool.com\/#organization"},"potentialAction":[{"@type":"SearchAction","target":{"@type":"EntryPoint","urlTemplate":"https:\/\/homeofwool.com\/?s={search_term_string}"},"query-input":{"@type":"PropertyValueSpecification","valueRequired":true,"valueName":"search_term_string"}}],"inLanguage":"fr-FR"},{"@type":"Organization","@id":"https:\/\/homeofwool.com\/#organization","name":"La maison de la laine","url":"https:\/\/homeofwool.com\/","logo":{"@type":"ImageObject","inLanguage":"fr-FR","@id":"https:\/\/homeofwool.com\/#\/schema\/logo\/image\/","url":"https:\/\/homeofwool.com\/wp-content\/uploads\/2025\/09\/WhatsApp-Image-2025-12-02-at-16.23.20.jpeg","contentUrl":"https:\/\/homeofwool.com\/wp-content\/uploads\/2025\/09\/WhatsApp-Image-2025-12-02-at-16.23.20.jpeg","width":700,"height":247,"caption":"Home of Wool"},"image":{"@id":"https:\/\/homeofwool.com\/#\/schema\/logo\/image\/"},"sameAs":["https:\/\/facebook.com\/HomeOfWoolOfficial"]}]}},"_links":{"self":[{"href":"https:\/\/homeofwool.com\/fr\/wp-json\/wp\/v2\/product\/217691","targetHints":{"allow":["GET"]}}],"collection":[{"href":"https:\/\/homeofwool.com\/fr\/wp-json\/wp\/v2\/product"}],"about":[{"href":"https:\/\/homeofwool.com\/fr\/wp-json\/wp\/v2\/types\/product"}],"version-history":[{"count":1,"href":"https:\/\/homeofwool.com\/fr\/wp-json\/wp\/v2\/product\/217691\/revisions"}],"predecessor-version":[{"id":226666,"href":"https:\/\/homeofwool.com\/fr\/wp-json\/wp\/v2\/product\/217691\/revisions\/226666"}],"wp:featuredmedia":[{"embeddable":true,"href":"https:\/\/homeofwool.com\/fr\/wp-json\/wp\/v2\/media\/219549"}],"wp:attachment":[{"href":"https:\/\/homeofwool.com\/fr\/wp-json\/wp\/v2\/media?parent=217691"}],"wp:term":[{"taxonomy":"product_brand","embeddable":true,"href":"https:\/\/homeofwool.com\/fr\/wp-json\/wp\/v2\/product_brand?post=217691"},{"taxonomy":"product_cat","embeddable":true,"href":"https:\/\/homeofwool.com\/fr\/wp-json\/wp\/v2\/product_cat?post=217691"},{"taxonomy":"product_tag","embeddable":true,"href":"https:\/\/homeofwool.com\/fr\/wp-json\/wp\/v2\/product_tag?post=217691"}],"curies":[{"name":"wp","href":"https:\/\/api.w.org\/{rel}","templated":true}]}}