{"id":217688,"date":"2025-09-02T12:02:14","date_gmt":"2025-09-02T12:02:14","guid":{"rendered":"https:\/\/homeofwool.com\/?post_type=product&#038;p=217688"},"modified":"2026-02-11T09:01:30","modified_gmt":"2026-02-11T09:01:30","slug":"fauteuil-poire-en-laine","status":"publish","type":"product","link":"https:\/\/homeofwool.com\/fr\/shop\/wool-bean-bag-chair\/","title":{"rendered":"Grand fauteuil poire en laine"},"content":{"rendered":"<p>Il y a quelque chose de diff\u00e9rent dans le fait de s'asseoir dans un grand pouf en laine fabriqu\u00e9 \u00e0 la main. Il semble vivant. Con\u00e7u avec soin et rempli de laine naturelle qui \u00e9pouse votre silhouette, il vous offre le soutien dont vous avez besoin. Vous pouvez vous y adosser, vous y \u00e9tirer, vous y recroqueviller ou y faire une sieste. Il bouge avec vous et ne vous r\u00e9siste presque jamais.<\/p>\n<p>Chaque pouf fait main est fabriqu\u00e9 \u00e0 partir de laine pure et de coton biologique. Sans produits chimiques, sans rev\u00eatements cach\u00e9s, sans odeurs \u00e9tranges. La laine reste fra\u00eeche lorsque la temp\u00e9rature ambiante est \u00e9lev\u00e9e et parfaitement chaude pendant les mois les plus froids. C'est ce qui en fait un si\u00e8ge de bien-\u00eatre id\u00e9al pour une utilisation tout au long de l'ann\u00e9e.<\/p>\n<p>Les gens demandent souvent si ce type de pouf \u00e9cologique est durable. Oui, il l'est. Vous pouvez d\u00e9zipper la housse ext\u00e9rieure, disponible dans le tissu de votre choix, la laver et m\u00eame ajuster le rembourrage. Un fauteuil en laine personnalisable qui dure et reste beau m\u00eame apr\u00e8s des ann\u00e9es d'utilisation quotidienne.<\/p>\n<p>Un meuble sain qui s'int\u00e8gre parfaitement \u00e0 votre int\u00e9rieur. Des contours doux, une texture discr\u00e8te, un confort profond... Un fauteuil en laine confortable pour la vie.<\/p>\n<p><strong>TAILLE :<\/strong> Diam\u00e8tre 130 cm (51 po) x Hauteur 40 cm (15,7 po)<br \/>\n<strong>REMPLISSAGE :<\/strong> 15,2 kg<\/p>","protected":false},"excerpt":{"rendered":"<p>Vous avez toujours r\u00eav\u00e9 que vos meubles vous aident \u00e0 ralentir le rythme ? Ce grand pouf en laine est fait pour vous. Un pouf fait main qui vous invite \u00e0 vous y enfoncer, \u00e0 respirer et \u00e0 vous y attarder. Doux, confortable et naturellement apaisant.<\/p>\n<div class=\"global-icon-set\">\n<div class=\"global-icon-set__items\">\n<div class=\"global-icon-set__item\">\n<div class=\"global-icon-set__image\">\n                                    <img decoding=\"async\" src=\"https:\/\/homeofwool.com\/wp-content\/uploads\/2025\/09\/VOCs-min-300x300.png\" alt=\"vocs libre\" \/>\n                                <\/div>\n<div class=\"global-icon-set__title\">Sans COV<\/div>\n<\/p><\/div>\n<div class=\"global-icon-set__item\">\n<div class=\"global-icon-set__image\">\n                                    <img decoding=\"async\" src=\"https:\/\/homeofwool.com\/wp-content\/uploads\/2025\/09\/FR-min-300x300.png\" alt=\"ic\u00f4ne de r\u00e9sistance au feu\" \/>\n                                <\/div>\n<div class=\"global-icon-set__title\">R\u00e9sistant \u00e0 la flamme<\/div>\n<\/p><\/div>\n<div class=\"global-icon-set__item\">\n<div class=\"global-icon-set__image\">\n                                    <img decoding=\"async\" src=\"https:\/\/homeofwool.com\/wp-content\/uploads\/2025\/09\/Hypoallergenic-min-300x300.png\" alt=\"ic\u00f4ne hypoallerg\u00e9nique\" \/>\n                                <\/div>\n<div class=\"global-icon-set__title\">Hypoallerg\u00e9nique<\/div>\n<\/p><\/div>\n<div class=\"global-icon-set__item\">\n<div class=\"global-icon-set__image\">\n                                    <img decoding=\"async\" src=\"https:\/\/homeofwool.com\/wp-content\/uploads\/2025\/09\/free-of-synthetics-icon-300x300.png\" alt=\"sans mati\u00e8res synth\u00e9tiques ic\u00f4ne\" \/>\n                                <\/div>\n<div class=\"global-icon-set__title\">Sans mati\u00e8res synth\u00e9tiques<\/div>\n<\/p><\/div>\n<div class=\"global-icon-set__item\">\n<div class=\"global-icon-set__image\">\n                                    <img decoding=\"async\" src=\"https:\/\/homeofwool.com\/wp-content\/uploads\/2025\/09\/chemical-free-icon-300x300.png\" alt=\"ic\u00f4ne de l&#039;absence de produits chimiques\" \/>\n                                <\/div>\n<div class=\"global-icon-set__title\">Sans produits chimiques<\/div>\n<\/p><\/div>\n<div class=\"global-icon-set__item\">\n<div class=\"global-icon-set__image\">\n                                    <img decoding=\"async\" src=\"https:\/\/homeofwool.com\/wp-content\/uploads\/2025\/09\/anti-bacterial-icon-300x300.png\" alt=\"ic\u00f4ne anti-bact\u00e9rien\" \/>\n                                <\/div>\n<div class=\"global-icon-set__title\">Anti-microbien et anti-bact\u00e9rien<\/div>\n<\/p><\/div>\n<div class=\"global-icon-set__item\">\n<div class=\"global-icon-set__image\">\n                                    <img decoding=\"async\" src=\"https:\/\/homeofwool.com\/wp-content\/uploads\/2025\/09\/certified-materials-icon-300x300.png\" alt=\"ic\u00f4ne des mat\u00e9riaux certifi\u00e9s\" \/>\n                                <\/div>\n<div class=\"global-icon-set__title\">100% Mat\u00e9riaux certifi\u00e9s purs<\/div>\n<\/p><\/div>\n<\/p><\/div>\n<\/p><\/div>","protected":false},"featured_media":221193,"template":"","meta":{"_acf_changed":false},"product_brand":[],"product_cat":[20],"product_tag":[735,737,741,742,739,740,149,743],"class_list":{"0":"post-217688","1":"product","2":"type-product","3":"status-publish","4":"has-post-thumbnail","6":"product_cat-pillows-poufs","7":"product_tag-adult-bean-bag","8":"product_tag-adult-lounger-pouf","9":"product_tag-bean-bag-chair","10":"product_tag-kids-room-chair","11":"product_tag-natural-pouf","12":"product_tag-organic-bean-bag","13":"product_tag-steps","14":"product_tag-teen-bean-bag","16":"first","17":"instock","18":"shipping-taxable","19":"purchasable","20":"product-type-simple"},"acf":[],"yoast_head":"<!-- This site is optimized with the Yoast SEO Premium plugin v27.5 (Yoast SEO v27.5) - https:\/\/yoast.com\/product\/yoast-seo-premium-wordpress\/ -->\n<title>Large Bean Bag Chair \u2013 Customizable, Healthy Home Seating | Home of Wool<\/title>\n<meta name=\"description\" content=\"The Large Bean Bag Chair is customizable and filled with breathable wool for healthy home seating. Hypoallergenic, toxin-free, and sustainable, it offers natural comfort and timeless style.\" \/>\n<meta name=\"robots\" content=\"index, follow, max-snippet:-1, max-image-preview:large, max-video-preview:-1\" \/>\n<link rel=\"canonical\" href=\"https:\/\/homeofwool.com\/fr\/boutique\/fauteuil-poire-en-laine\/\" \/>\n<meta property=\"og:locale\" content=\"fr_FR\" \/>\n<meta property=\"og:type\" content=\"article\" \/>\n<meta property=\"og:title\" content=\"Large Wool Bean Bag Chair\" \/>\n<meta property=\"og:description\" content=\"The Large Bean Bag Chair is customizable and filled with breathable wool for healthy home seating. Hypoallergenic, toxin-free, and sustainable, it offers natural comfort and timeless style.\" \/>\n<meta property=\"og:url\" content=\"https:\/\/homeofwool.com\/fr\/boutique\/fauteuil-poire-en-laine\/\" \/>\n<meta property=\"og:site_name\" content=\"Home of Wool\" \/>\n<meta property=\"article:publisher\" content=\"https:\/\/facebook.com\/HomeOfWoolOfficial\" \/>\n<meta property=\"article:modified_time\" content=\"2026-02-11T09:01:30+00:00\" \/>\n<meta property=\"og:image\" content=\"https:\/\/homeofwool.com\/wp-content\/uploads\/2025\/09\/home-of-wool-large-wool-bean-bag-chair-1-main-en.jpg\" \/>\n\t<meta property=\"og:image:width\" content=\"2000\" \/>\n\t<meta property=\"og:image:height\" content=\"1600\" \/>\n\t<meta property=\"og:image:type\" content=\"image\/jpeg\" \/>\n<meta name=\"twitter:card\" content=\"summary_large_image\" \/>\n<meta name=\"twitter:label1\" content=\"Dur\u00e9e de lecture estim\u00e9e\" \/>\n\t<meta name=\"twitter:data1\" content=\"2 minutes\" \/>\n<script type=\"application\/ld+json\" class=\"yoast-schema-graph\">{\"@context\":\"https:\\\/\\\/schema.org\",\"@graph\":[{\"@type\":\"WebPage\",\"@id\":\"https:\\\/\\\/homeofwool.com\\\/fr\\\/boutique\\\/fauteuil-poire-en-laine\\\/\",\"url\":\"https:\\\/\\\/homeofwool.com\\\/fr\\\/boutique\\\/fauteuil-poire-en-laine\\\/\",\"name\":\"Large Bean Bag Chair \u2013 Customizable, Healthy Home Seating | Home of Wool\",\"isPartOf\":{\"@id\":\"https:\\\/\\\/homeofwool.com\\\/#website\"},\"primaryImageOfPage\":{\"@id\":\"https:\\\/\\\/homeofwool.com\\\/fr\\\/boutique\\\/fauteuil-poire-en-laine\\\/#primaryimage\"},\"image\":{\"@id\":\"https:\\\/\\\/homeofwool.com\\\/fr\\\/boutique\\\/fauteuil-poire-en-laine\\\/#primaryimage\"},\"thumbnailUrl\":\"https:\\\/\\\/homeofwool.com\\\/wp-content\\\/uploads\\\/2025\\\/09\\\/home-of-wool-large-wool-bean-bag-chair-1-main-en.jpg\",\"datePublished\":\"2025-09-02T12:02:14+00:00\",\"dateModified\":\"2026-02-11T09:01:30+00:00\",\"description\":\"The Large Bean Bag Chair is customizable and filled with breathable wool for healthy home seating. Hypoallergenic, toxin-free, and sustainable, it offers natural comfort and timeless style.\",\"breadcrumb\":{\"@id\":\"https:\\\/\\\/homeofwool.com\\\/fr\\\/boutique\\\/fauteuil-poire-en-laine\\\/#breadcrumb\"},\"inLanguage\":\"fr-FR\",\"potentialAction\":[{\"@type\":\"ReadAction\",\"target\":[\"https:\\\/\\\/homeofwool.com\\\/fr\\\/boutique\\\/fauteuil-poire-en-laine\\\/\"]}]},{\"@type\":\"ImageObject\",\"inLanguage\":\"fr-FR\",\"@id\":\"https:\\\/\\\/homeofwool.com\\\/fr\\\/boutique\\\/fauteuil-poire-en-laine\\\/#primaryimage\",\"url\":\"https:\\\/\\\/homeofwool.com\\\/wp-content\\\/uploads\\\/2025\\\/09\\\/home-of-wool-large-wool-bean-bag-chair-1-main-en.jpg\",\"contentUrl\":\"https:\\\/\\\/homeofwool.com\\\/wp-content\\\/uploads\\\/2025\\\/09\\\/home-of-wool-large-wool-bean-bag-chair-1-main-en.jpg\",\"width\":2000,\"height\":1600,\"caption\":\"large wool bean bag with a woman sitting on it\"},{\"@type\":\"BreadcrumbList\",\"@id\":\"https:\\\/\\\/homeofwool.com\\\/fr\\\/boutique\\\/fauteuil-poire-en-laine\\\/#breadcrumb\",\"itemListElement\":[{\"@type\":\"ListItem\",\"position\":1,\"name\":\"Home\",\"item\":\"https:\\\/\\\/homeofwool.com\\\/\"},{\"@type\":\"ListItem\",\"position\":2,\"name\":\"Products\",\"item\":\"https:\\\/\\\/homeofwool.com\\\/header-search-2\\\/\"},{\"@type\":\"ListItem\",\"position\":3,\"name\":\"Large Wool Bean Bag Chair\"}]},{\"@type\":\"WebSite\",\"@id\":\"https:\\\/\\\/homeofwool.com\\\/#website\",\"url\":\"https:\\\/\\\/homeofwool.com\\\/\",\"name\":\"Home of Wool\",\"description\":\"\",\"publisher\":{\"@id\":\"https:\\\/\\\/homeofwool.com\\\/#organization\"},\"potentialAction\":[{\"@type\":\"SearchAction\",\"target\":{\"@type\":\"EntryPoint\",\"urlTemplate\":\"https:\\\/\\\/homeofwool.com\\\/?s={search_term_string}\"},\"query-input\":{\"@type\":\"PropertyValueSpecification\",\"valueRequired\":true,\"valueName\":\"search_term_string\"}}],\"inLanguage\":\"fr-FR\"},{\"@type\":\"Organization\",\"@id\":\"https:\\\/\\\/homeofwool.com\\\/#organization\",\"name\":\"Home of Wool\",\"url\":\"https:\\\/\\\/homeofwool.com\\\/\",\"logo\":{\"@type\":\"ImageObject\",\"inLanguage\":\"fr-FR\",\"@id\":\"https:\\\/\\\/homeofwool.com\\\/#\\\/schema\\\/logo\\\/image\\\/\",\"url\":\"https:\\\/\\\/homeofwool.com\\\/wp-content\\\/uploads\\\/2025\\\/09\\\/WhatsApp-Image-2025-12-02-at-16.23.20.jpeg\",\"contentUrl\":\"https:\\\/\\\/homeofwool.com\\\/wp-content\\\/uploads\\\/2025\\\/09\\\/WhatsApp-Image-2025-12-02-at-16.23.20.jpeg\",\"width\":700,\"height\":247,\"caption\":\"Home of Wool\"},\"image\":{\"@id\":\"https:\\\/\\\/homeofwool.com\\\/#\\\/schema\\\/logo\\\/image\\\/\"},\"sameAs\":[\"https:\\\/\\\/facebook.com\\\/HomeOfWoolOfficial\"]}]}<\/script>\n<!-- \/ Yoast SEO Premium plugin. -->","yoast_head_json":{"title":"Grand fauteuil poire \u2013 Si\u00e8ge personnalisable et sain pour la maison | Home of Wool","description":"Le grand pouf est personnalisable et rembourr\u00e9 de laine respirante pour un confort optimal \u00e0 la maison. Hypoallerg\u00e9nique, sans toxines et durable, il offre un confort naturel et un style intemporel.","robots":{"index":"index","follow":"follow","max-snippet":"max-snippet:-1","max-image-preview":"max-image-preview:large","max-video-preview":"max-video-preview:-1"},"canonical":"https:\/\/homeofwool.com\/fr\/boutique\/fauteuil-poire-en-laine\/","og_locale":"fr_FR","og_type":"article","og_title":"Large Wool Bean Bag Chair","og_description":"The Large Bean Bag Chair is customizable and filled with breathable wool for healthy home seating. Hypoallergenic, toxin-free, and sustainable, it offers natural comfort and timeless style.","og_url":"https:\/\/homeofwool.com\/fr\/boutique\/fauteuil-poire-en-laine\/","og_site_name":"Home of Wool","article_publisher":"https:\/\/facebook.com\/HomeOfWoolOfficial","article_modified_time":"2026-02-11T09:01:30+00:00","og_image":[{"width":2000,"height":1600,"url":"https:\/\/homeofwool.com\/wp-content\/uploads\/2025\/09\/home-of-wool-large-wool-bean-bag-chair-1-main-en.jpg","type":"image\/jpeg"}],"twitter_card":"summary_large_image","twitter_misc":{"Dur\u00e9e de lecture estim\u00e9e":"2 minutes"},"schema":{"@context":"https:\/\/schema.org","@graph":[{"@type":"WebPage","@id":"https:\/\/homeofwool.com\/fr\/boutique\/fauteuil-poire-en-laine\/","url":"https:\/\/homeofwool.com\/fr\/boutique\/fauteuil-poire-en-laine\/","name":"Grand fauteuil poire \u2013 Si\u00e8ge personnalisable et sain pour la maison | Home of Wool","isPartOf":{"@id":"https:\/\/homeofwool.com\/#website"},"primaryImageOfPage":{"@id":"https:\/\/homeofwool.com\/fr\/boutique\/fauteuil-poire-en-laine\/#primaryimage"},"image":{"@id":"https:\/\/homeofwool.com\/fr\/boutique\/fauteuil-poire-en-laine\/#primaryimage"},"thumbnailUrl":"https:\/\/homeofwool.com\/wp-content\/uploads\/2025\/09\/home-of-wool-large-wool-bean-bag-chair-1-main-en.jpg","datePublished":"2025-09-02T12:02:14+00:00","dateModified":"2026-02-11T09:01:30+00:00","description":"Le grand pouf est personnalisable et rembourr\u00e9 de laine respirante pour un confort optimal \u00e0 la maison. Hypoallerg\u00e9nique, sans toxines et durable, il offre un confort naturel et un style intemporel.","breadcrumb":{"@id":"https:\/\/homeofwool.com\/fr\/boutique\/fauteuil-poire-en-laine\/#breadcrumb"},"inLanguage":"fr-FR","potentialAction":[{"@type":"ReadAction","target":["https:\/\/homeofwool.com\/fr\/boutique\/fauteuil-poire-en-laine\/"]}]},{"@type":"ImageObject","inLanguage":"fr-FR","@id":"https:\/\/homeofwool.com\/fr\/boutique\/fauteuil-poire-en-laine\/#primaryimage","url":"https:\/\/homeofwool.com\/wp-content\/uploads\/2025\/09\/home-of-wool-large-wool-bean-bag-chair-1-main-en.jpg","contentUrl":"https:\/\/homeofwool.com\/wp-content\/uploads\/2025\/09\/home-of-wool-large-wool-bean-bag-chair-1-main-en.jpg","width":2000,"height":1600,"caption":"large wool bean bag with a woman sitting on it"},{"@type":"BreadcrumbList","@id":"https:\/\/homeofwool.com\/fr\/boutique\/fauteuil-poire-en-laine\/#breadcrumb","itemListElement":[{"@type":"ListItem","position":1,"name":"Home","item":"https:\/\/homeofwool.com\/"},{"@type":"ListItem","position":2,"name":"Products","item":"https:\/\/homeofwool.com\/header-search-2\/"},{"@type":"ListItem","position":3,"name":"Large Wool Bean Bag Chair"}]},{"@type":"WebSite","@id":"https:\/\/homeofwool.com\/#website","url":"https:\/\/homeofwool.com\/","name":"La maison de la laine","description":"","publisher":{"@id":"https:\/\/homeofwool.com\/#organization"},"potentialAction":[{"@type":"SearchAction","target":{"@type":"EntryPoint","urlTemplate":"https:\/\/homeofwool.com\/?s={search_term_string}"},"query-input":{"@type":"PropertyValueSpecification","valueRequired":true,"valueName":"search_term_string"}}],"inLanguage":"fr-FR"},{"@type":"Organization","@id":"https:\/\/homeofwool.com\/#organization","name":"La maison de la laine","url":"https:\/\/homeofwool.com\/","logo":{"@type":"ImageObject","inLanguage":"fr-FR","@id":"https:\/\/homeofwool.com\/#\/schema\/logo\/image\/","url":"https:\/\/homeofwool.com\/wp-content\/uploads\/2025\/09\/WhatsApp-Image-2025-12-02-at-16.23.20.jpeg","contentUrl":"https:\/\/homeofwool.com\/wp-content\/uploads\/2025\/09\/WhatsApp-Image-2025-12-02-at-16.23.20.jpeg","width":700,"height":247,"caption":"Home of Wool"},"image":{"@id":"https:\/\/homeofwool.com\/#\/schema\/logo\/image\/"},"sameAs":["https:\/\/facebook.com\/HomeOfWoolOfficial"]}]}},"_links":{"self":[{"href":"https:\/\/homeofwool.com\/fr\/wp-json\/wp\/v2\/product\/217688","targetHints":{"allow":["GET"]}}],"collection":[{"href":"https:\/\/homeofwool.com\/fr\/wp-json\/wp\/v2\/product"}],"about":[{"href":"https:\/\/homeofwool.com\/fr\/wp-json\/wp\/v2\/types\/product"}],"version-history":[{"count":2,"href":"https:\/\/homeofwool.com\/fr\/wp-json\/wp\/v2\/product\/217688\/revisions"}],"predecessor-version":[{"id":226682,"href":"https:\/\/homeofwool.com\/fr\/wp-json\/wp\/v2\/product\/217688\/revisions\/226682"}],"wp:featuredmedia":[{"embeddable":true,"href":"https:\/\/homeofwool.com\/fr\/wp-json\/wp\/v2\/media\/221193"}],"wp:attachment":[{"href":"https:\/\/homeofwool.com\/fr\/wp-json\/wp\/v2\/media?parent=217688"}],"wp:term":[{"taxonomy":"product_brand","embeddable":true,"href":"https:\/\/homeofwool.com\/fr\/wp-json\/wp\/v2\/product_brand?post=217688"},{"taxonomy":"product_cat","embeddable":true,"href":"https:\/\/homeofwool.com\/fr\/wp-json\/wp\/v2\/product_cat?post=217688"},{"taxonomy":"product_tag","embeddable":true,"href":"https:\/\/homeofwool.com\/fr\/wp-json\/wp\/v2\/product_tag?post=217688"}],"curies":[{"name":"wp","href":"https:\/\/api.w.org\/{rel}","templated":true}]}}