{"id":217687,"date":"2025-09-02T12:02:13","date_gmt":"2025-09-02T12:02:13","guid":{"rendered":"https:\/\/homeofwool.com\/?post_type=product&#038;p=217687"},"modified":"2026-02-11T09:55:36","modified_gmt":"2026-02-11T09:55:36","slug":"fauteuil-poire-rond","status":"publish","type":"product","link":"https:\/\/homeofwool.com\/fr\/shop\/round-bean-bag-chair\/","title":{"rendered":"Fauteuil poire rond en laine"},"content":{"rendered":"<p>Ce n'est pas une chaise sur laquelle on s'assoit simplement. C'est une chaise dans laquelle on s'enfonce. Le pouf rond en laine est fabriqu\u00e9 \u00e0 la main, chacun \u00e9tant soigneusement fa\u00e7onn\u00e9 pour s'adapter naturellement \u00e0 votre corps. Vous pouvez changer le tissu et la taille. Vous pouvez choisir tous les d\u00e9tails et personnaliser votre pouf. \u00c0 l'int\u00e9rieur, la pure laine fait le reste. Elle bouge doucement, vous soutient l\u00e0 o\u00f9 vous en avez besoin et maintient l'air autour de vous frais pour une assise vraiment ergonomique.<\/p>\n<p>Sans produits chimiques ni mousse \u00e0 l'int\u00e9rieur. Juste de la laine naturelle et propre. Le pouf en laine naturelle est hypoallerg\u00e9nique et adapt\u00e9 aux personnes sensibles. La laine \u00e9loigne naturellement les acariens, la moisissure et les bact\u00e9ries. Vous pouvez choisir entre de la laine en vrac ou nos chutes de laine, qui s'inscrivent dans le cadre de notre mission z\u00e9ro d\u00e9chet.<\/p>\n<p>La housse est amovible et lavable. La fermeture \u00e9clair est solide et con\u00e7ue pour durer. Vous pouvez ajuster le rembourrage \u00e0 tout moment. Au fil des ans, il s'assouplit l\u00e9g\u00e8rement et s'adapte mieux \u00e0 votre morphologie. Un pouf personnalisable qui vous procure une sensation de paix et de chaleur, un fauteuil en laine douce qui ajoute une touche de confort \u00e0 chaque pi\u00e8ce. Un pouf simple et \u00e9l\u00e9gant qui ne se d\u00e9mode jamais.<\/p>\n<p><strong>TAILLE :<\/strong>\u00a0Diam\u00e8tre 89 cm \u00d7 Hauteur 63 cm (environ)<br \/>\n<strong>INS\u00c9RER LE TISSU :<\/strong>\u00a0100% Coton biologique<br \/>\n<strong>LAINE \u00c0 L'INT\u00c9RIEUR :<\/strong>\u00a012,9 kg<\/p>","protected":false},"excerpt":{"rendered":"<p>Vous ne pourrez pas vous emp\u00eacher de vous enfoncer dans ce pouf rond en laine et de vous sentir imm\u00e9diatement \u00e0 l'aise. Ce pouf fait main est doux, con\u00e7u pour vous accueillir parfaitement et naturellement esth\u00e9tique. Un meuble de relaxation discret en forme de petit pouf luxueux pour votre int\u00e9rieur.<\/p>\n<div class=\"global-icon-set\">\n<div class=\"global-icon-set__items\">\n<div class=\"global-icon-set__item\">\n<div class=\"global-icon-set__image\">\n                                    <img decoding=\"async\" src=\"https:\/\/homeofwool.com\/wp-content\/uploads\/2025\/09\/VOCs-min-300x300.png\" alt=\"vocs libre\" \/>\n                                <\/div>\n<div class=\"global-icon-set__title\">Sans COV<\/div>\n<\/p><\/div>\n<div class=\"global-icon-set__item\">\n<div class=\"global-icon-set__image\">\n                                    <img decoding=\"async\" src=\"https:\/\/homeofwool.com\/wp-content\/uploads\/2025\/09\/FR-min-300x300.png\" alt=\"ic\u00f4ne de r\u00e9sistance au feu\" \/>\n                                <\/div>\n<div class=\"global-icon-set__title\">R\u00e9sistant \u00e0 la flamme<\/div>\n<\/p><\/div>\n<div class=\"global-icon-set__item\">\n<div class=\"global-icon-set__image\">\n                                    <img decoding=\"async\" src=\"https:\/\/homeofwool.com\/wp-content\/uploads\/2025\/09\/Hypoallergenic-min-300x300.png\" alt=\"ic\u00f4ne hypoallerg\u00e9nique\" \/>\n                                <\/div>\n<div class=\"global-icon-set__title\">Hypoallerg\u00e9nique<\/div>\n<\/p><\/div>\n<div class=\"global-icon-set__item\">\n<div class=\"global-icon-set__image\">\n                                    <img decoding=\"async\" src=\"https:\/\/homeofwool.com\/wp-content\/uploads\/2025\/09\/free-of-synthetics-icon-300x300.png\" alt=\"sans mati\u00e8res synth\u00e9tiques ic\u00f4ne\" \/>\n                                <\/div>\n<div class=\"global-icon-set__title\">Sans mati\u00e8res synth\u00e9tiques<\/div>\n<\/p><\/div>\n<div class=\"global-icon-set__item\">\n<div class=\"global-icon-set__image\">\n                                    <img decoding=\"async\" src=\"https:\/\/homeofwool.com\/wp-content\/uploads\/2025\/09\/chemical-free-icon-300x300.png\" alt=\"ic\u00f4ne de l&#039;absence de produits chimiques\" \/>\n                                <\/div>\n<div class=\"global-icon-set__title\">Sans produits chimiques<\/div>\n<\/p><\/div>\n<div class=\"global-icon-set__item\">\n<div class=\"global-icon-set__image\">\n                                    <img decoding=\"async\" src=\"https:\/\/homeofwool.com\/wp-content\/uploads\/2025\/09\/anti-bacterial-icon-300x300.png\" alt=\"ic\u00f4ne anti-bact\u00e9rien\" \/>\n                                <\/div>\n<div class=\"global-icon-set__title\">Anti-microbien et anti-bact\u00e9rien<\/div>\n<\/p><\/div>\n<div class=\"global-icon-set__item\">\n<div class=\"global-icon-set__image\">\n                                    <img decoding=\"async\" src=\"https:\/\/homeofwool.com\/wp-content\/uploads\/2025\/09\/certified-materials-icon-300x300.png\" alt=\"ic\u00f4ne des mat\u00e9riaux certifi\u00e9s\" \/>\n                                <\/div>\n<div class=\"global-icon-set__title\">100% Mat\u00e9riaux certifi\u00e9s purs<\/div>\n<\/p><\/div>\n<\/p><\/div>\n<\/p><\/div>","protected":false},"featured_media":221202,"template":"","meta":{"_acf_changed":false},"product_brand":[],"product_cat":[20],"product_tag":[735,737,741,742,739,740,149,743],"class_list":{"0":"post-217687","1":"product","2":"type-product","3":"status-publish","4":"has-post-thumbnail","6":"product_cat-pillows-poufs","7":"product_tag-adult-bean-bag","8":"product_tag-adult-lounger-pouf","9":"product_tag-bean-bag-chair","10":"product_tag-kids-room-chair","11":"product_tag-natural-pouf","12":"product_tag-organic-bean-bag","13":"product_tag-steps","14":"product_tag-teen-bean-bag","16":"first","17":"instock","18":"shipping-taxable","19":"purchasable","20":"product-type-simple"},"acf":[],"yoast_head":"<!-- This site is optimized with the Yoast SEO Premium plugin v27.4 (Yoast SEO v27.4) - https:\/\/yoast.com\/product\/yoast-seo-premium-wordpress\/ -->\n<title>Round Bean Bag Chair \u2013 Customizable, Handmade Comfort | Home of Wool<\/title>\n<meta name=\"description\" content=\"The Round Bean Bag Chair is handmade with breathable wool filling. Customizable, toxin-free, and sustainable, it offers natural comfort and timeless eco-friendly style for any space.\" \/>\n<meta name=\"robots\" content=\"index, follow, max-snippet:-1, max-image-preview:large, max-video-preview:-1\" \/>\n<link rel=\"canonical\" href=\"https:\/\/homeofwool.com\/fr\/boutique\/fauteuil-poire-rond\/\" \/>\n<meta property=\"og:locale\" content=\"fr_FR\" \/>\n<meta property=\"og:type\" content=\"article\" \/>\n<meta property=\"og:title\" content=\"Round Wool Bean Bag Chair\" \/>\n<meta property=\"og:description\" content=\"The Round Bean Bag Chair is handmade with breathable wool filling. Customizable, toxin-free, and sustainable, it offers natural comfort and timeless eco-friendly style for any space.\" \/>\n<meta property=\"og:url\" content=\"https:\/\/homeofwool.com\/fr\/boutique\/fauteuil-poire-rond\/\" \/>\n<meta property=\"og:site_name\" content=\"Home of Wool\" \/>\n<meta property=\"article:publisher\" content=\"https:\/\/facebook.com\/HomeOfWoolOfficial\" \/>\n<meta property=\"article:modified_time\" content=\"2026-02-11T09:55:36+00:00\" \/>\n<meta property=\"og:image\" content=\"https:\/\/homeofwool.com\/wp-content\/uploads\/2025\/09\/home-of-wool-round-wool-bean-bag-chair-1-main.jpg\" \/>\n\t<meta property=\"og:image:width\" content=\"1645\" \/>\n\t<meta property=\"og:image:height\" content=\"1316\" \/>\n\t<meta property=\"og:image:type\" content=\"image\/jpeg\" \/>\n<meta name=\"twitter:card\" content=\"summary_large_image\" \/>\n<meta name=\"twitter:label1\" content=\"Dur\u00e9e de lecture estim\u00e9e\" \/>\n\t<meta name=\"twitter:data1\" content=\"2 minutes\" \/>\n<script type=\"application\/ld+json\" class=\"yoast-schema-graph\">{\"@context\":\"https:\\\/\\\/schema.org\",\"@graph\":[{\"@type\":\"WebPage\",\"@id\":\"https:\\\/\\\/homeofwool.com\\\/nb\\\/butikk\\\/rund-bonnesekkstol\\\/\",\"url\":\"https:\\\/\\\/homeofwool.com\\\/nb\\\/butikk\\\/rund-bonnesekkstol\\\/\",\"name\":\"Round Bean Bag Chair \u2013 Customizable, Handmade Comfort | Home of Wool\",\"isPartOf\":{\"@id\":\"https:\\\/\\\/homeofwool.com\\\/#website\"},\"primaryImageOfPage\":{\"@id\":\"https:\\\/\\\/homeofwool.com\\\/nb\\\/butikk\\\/rund-bonnesekkstol\\\/#primaryimage\"},\"image\":{\"@id\":\"https:\\\/\\\/homeofwool.com\\\/nb\\\/butikk\\\/rund-bonnesekkstol\\\/#primaryimage\"},\"thumbnailUrl\":\"https:\\\/\\\/homeofwool.com\\\/wp-content\\\/uploads\\\/2025\\\/09\\\/home-of-wool-round-wool-bean-bag-chair-1-main.jpg\",\"datePublished\":\"2025-09-02T12:02:13+00:00\",\"dateModified\":\"2026-02-11T09:55:36+00:00\",\"description\":\"The Round Bean Bag Chair is handmade with breathable wool filling. Customizable, toxin-free, and sustainable, it offers natural comfort and timeless eco-friendly style for any space.\",\"breadcrumb\":{\"@id\":\"https:\\\/\\\/homeofwool.com\\\/nb\\\/butikk\\\/rund-bonnesekkstol\\\/#breadcrumb\"},\"inLanguage\":\"fr-FR\",\"potentialAction\":[{\"@type\":\"ReadAction\",\"target\":[\"https:\\\/\\\/homeofwool.com\\\/nb\\\/butikk\\\/rund-bonnesekkstol\\\/\"]}]},{\"@type\":\"ImageObject\",\"inLanguage\":\"fr-FR\",\"@id\":\"https:\\\/\\\/homeofwool.com\\\/nb\\\/butikk\\\/rund-bonnesekkstol\\\/#primaryimage\",\"url\":\"https:\\\/\\\/homeofwool.com\\\/wp-content\\\/uploads\\\/2025\\\/09\\\/home-of-wool-round-wool-bean-bag-chair-1-main.jpg\",\"contentUrl\":\"https:\\\/\\\/homeofwool.com\\\/wp-content\\\/uploads\\\/2025\\\/09\\\/home-of-wool-round-wool-bean-bag-chair-1-main.jpg\",\"width\":1645,\"height\":1316,\"caption\":\"round wool bean bag chair with a woman sitting in it reading a book\"},{\"@type\":\"BreadcrumbList\",\"@id\":\"https:\\\/\\\/homeofwool.com\\\/nb\\\/butikk\\\/rund-bonnesekkstol\\\/#breadcrumb\",\"itemListElement\":[{\"@type\":\"ListItem\",\"position\":1,\"name\":\"Home\",\"item\":\"https:\\\/\\\/homeofwool.com\\\/\"},{\"@type\":\"ListItem\",\"position\":2,\"name\":\"Products\",\"item\":\"https:\\\/\\\/homeofwool.com\\\/header-search-2\\\/\"},{\"@type\":\"ListItem\",\"position\":3,\"name\":\"Round Wool Bean Bag Chair\"}]},{\"@type\":\"WebSite\",\"@id\":\"https:\\\/\\\/homeofwool.com\\\/#website\",\"url\":\"https:\\\/\\\/homeofwool.com\\\/\",\"name\":\"Home of Wool\",\"description\":\"\",\"publisher\":{\"@id\":\"https:\\\/\\\/homeofwool.com\\\/#organization\"},\"potentialAction\":[{\"@type\":\"SearchAction\",\"target\":{\"@type\":\"EntryPoint\",\"urlTemplate\":\"https:\\\/\\\/homeofwool.com\\\/?s={search_term_string}\"},\"query-input\":{\"@type\":\"PropertyValueSpecification\",\"valueRequired\":true,\"valueName\":\"search_term_string\"}}],\"inLanguage\":\"fr-FR\"},{\"@type\":\"Organization\",\"@id\":\"https:\\\/\\\/homeofwool.com\\\/#organization\",\"name\":\"Home of Wool\",\"url\":\"https:\\\/\\\/homeofwool.com\\\/\",\"logo\":{\"@type\":\"ImageObject\",\"inLanguage\":\"fr-FR\",\"@id\":\"https:\\\/\\\/homeofwool.com\\\/#\\\/schema\\\/logo\\\/image\\\/\",\"url\":\"https:\\\/\\\/homeofwool.com\\\/wp-content\\\/uploads\\\/2025\\\/09\\\/WhatsApp-Image-2025-12-02-at-16.23.20.jpeg\",\"contentUrl\":\"https:\\\/\\\/homeofwool.com\\\/wp-content\\\/uploads\\\/2025\\\/09\\\/WhatsApp-Image-2025-12-02-at-16.23.20.jpeg\",\"width\":700,\"height\":247,\"caption\":\"Home of Wool\"},\"image\":{\"@id\":\"https:\\\/\\\/homeofwool.com\\\/#\\\/schema\\\/logo\\\/image\\\/\"},\"sameAs\":[\"https:\\\/\\\/facebook.com\\\/HomeOfWoolOfficial\"]}]}<\/script>\n<!-- \/ Yoast SEO Premium plugin. -->","yoast_head_json":{"title":"Fauteuil poire rond \u2013 Personnalisable, confort artisanal | Home of Wool","description":"Le fauteuil poire rond est fabriqu\u00e9 \u00e0 la main avec un rembourrage en laine respirante. Personnalisable, sans toxines et durable, il offre un confort naturel et un style \u00e9cologique intemporel pour tous les espaces.","robots":{"index":"index","follow":"follow","max-snippet":"max-snippet:-1","max-image-preview":"max-image-preview:large","max-video-preview":"max-video-preview:-1"},"canonical":"https:\/\/homeofwool.com\/fr\/boutique\/fauteuil-poire-rond\/","og_locale":"fr_FR","og_type":"article","og_title":"Round Wool Bean Bag Chair","og_description":"The Round Bean Bag Chair is handmade with breathable wool filling. Customizable, toxin-free, and sustainable, it offers natural comfort and timeless eco-friendly style for any space.","og_url":"https:\/\/homeofwool.com\/fr\/boutique\/fauteuil-poire-rond\/","og_site_name":"Home of Wool","article_publisher":"https:\/\/facebook.com\/HomeOfWoolOfficial","article_modified_time":"2026-02-11T09:55:36+00:00","og_image":[{"width":1645,"height":1316,"url":"https:\/\/homeofwool.com\/wp-content\/uploads\/2025\/09\/home-of-wool-round-wool-bean-bag-chair-1-main.jpg","type":"image\/jpeg"}],"twitter_card":"summary_large_image","twitter_misc":{"Dur\u00e9e de lecture estim\u00e9e":"2 minutes"},"schema":{"@context":"https:\/\/schema.org","@graph":[{"@type":"WebPage","@id":"https:\/\/homeofwool.com\/nb\/butikk\/rund-bonnesekkstol\/","url":"https:\/\/homeofwool.com\/nb\/butikk\/rund-bonnesekkstol\/","name":"Fauteuil poire rond \u2013 Personnalisable, confort artisanal | Home of Wool","isPartOf":{"@id":"https:\/\/homeofwool.com\/#website"},"primaryImageOfPage":{"@id":"https:\/\/homeofwool.com\/nb\/butikk\/rund-bonnesekkstol\/#primaryimage"},"image":{"@id":"https:\/\/homeofwool.com\/nb\/butikk\/rund-bonnesekkstol\/#primaryimage"},"thumbnailUrl":"https:\/\/homeofwool.com\/wp-content\/uploads\/2025\/09\/home-of-wool-round-wool-bean-bag-chair-1-main.jpg","datePublished":"2025-09-02T12:02:13+00:00","dateModified":"2026-02-11T09:55:36+00:00","description":"Le fauteuil poire rond est fabriqu\u00e9 \u00e0 la main avec un rembourrage en laine respirante. Personnalisable, sans toxines et durable, il offre un confort naturel et un style \u00e9cologique intemporel pour tous les espaces.","breadcrumb":{"@id":"https:\/\/homeofwool.com\/nb\/butikk\/rund-bonnesekkstol\/#breadcrumb"},"inLanguage":"fr-FR","potentialAction":[{"@type":"ReadAction","target":["https:\/\/homeofwool.com\/nb\/butikk\/rund-bonnesekkstol\/"]}]},{"@type":"ImageObject","inLanguage":"fr-FR","@id":"https:\/\/homeofwool.com\/nb\/butikk\/rund-bonnesekkstol\/#primaryimage","url":"https:\/\/homeofwool.com\/wp-content\/uploads\/2025\/09\/home-of-wool-round-wool-bean-bag-chair-1-main.jpg","contentUrl":"https:\/\/homeofwool.com\/wp-content\/uploads\/2025\/09\/home-of-wool-round-wool-bean-bag-chair-1-main.jpg","width":1645,"height":1316,"caption":"round wool bean bag chair with a woman sitting in it reading a book"},{"@type":"BreadcrumbList","@id":"https:\/\/homeofwool.com\/nb\/butikk\/rund-bonnesekkstol\/#breadcrumb","itemListElement":[{"@type":"ListItem","position":1,"name":"Home","item":"https:\/\/homeofwool.com\/"},{"@type":"ListItem","position":2,"name":"Products","item":"https:\/\/homeofwool.com\/header-search-2\/"},{"@type":"ListItem","position":3,"name":"Round Wool Bean Bag Chair"}]},{"@type":"WebSite","@id":"https:\/\/homeofwool.com\/#website","url":"https:\/\/homeofwool.com\/","name":"La maison de la laine","description":"","publisher":{"@id":"https:\/\/homeofwool.com\/#organization"},"potentialAction":[{"@type":"SearchAction","target":{"@type":"EntryPoint","urlTemplate":"https:\/\/homeofwool.com\/?s={search_term_string}"},"query-input":{"@type":"PropertyValueSpecification","valueRequired":true,"valueName":"search_term_string"}}],"inLanguage":"fr-FR"},{"@type":"Organization","@id":"https:\/\/homeofwool.com\/#organization","name":"La maison de la laine","url":"https:\/\/homeofwool.com\/","logo":{"@type":"ImageObject","inLanguage":"fr-FR","@id":"https:\/\/homeofwool.com\/#\/schema\/logo\/image\/","url":"https:\/\/homeofwool.com\/wp-content\/uploads\/2025\/09\/WhatsApp-Image-2025-12-02-at-16.23.20.jpeg","contentUrl":"https:\/\/homeofwool.com\/wp-content\/uploads\/2025\/09\/WhatsApp-Image-2025-12-02-at-16.23.20.jpeg","width":700,"height":247,"caption":"Home of Wool"},"image":{"@id":"https:\/\/homeofwool.com\/#\/schema\/logo\/image\/"},"sameAs":["https:\/\/facebook.com\/HomeOfWoolOfficial"]}]}},"_links":{"self":[{"href":"https:\/\/homeofwool.com\/fr\/wp-json\/wp\/v2\/product\/217687","targetHints":{"allow":["GET"]}}],"collection":[{"href":"https:\/\/homeofwool.com\/fr\/wp-json\/wp\/v2\/product"}],"about":[{"href":"https:\/\/homeofwool.com\/fr\/wp-json\/wp\/v2\/types\/product"}],"version-history":[{"count":1,"href":"https:\/\/homeofwool.com\/fr\/wp-json\/wp\/v2\/product\/217687\/revisions"}],"predecessor-version":[{"id":226689,"href":"https:\/\/homeofwool.com\/fr\/wp-json\/wp\/v2\/product\/217687\/revisions\/226689"}],"wp:featuredmedia":[{"embeddable":true,"href":"https:\/\/homeofwool.com\/fr\/wp-json\/wp\/v2\/media\/221202"}],"wp:attachment":[{"href":"https:\/\/homeofwool.com\/fr\/wp-json\/wp\/v2\/media?parent=217687"}],"wp:term":[{"taxonomy":"product_brand","embeddable":true,"href":"https:\/\/homeofwool.com\/fr\/wp-json\/wp\/v2\/product_brand?post=217687"},{"taxonomy":"product_cat","embeddable":true,"href":"https:\/\/homeofwool.com\/fr\/wp-json\/wp\/v2\/product_cat?post=217687"},{"taxonomy":"product_tag","embeddable":true,"href":"https:\/\/homeofwool.com\/fr\/wp-json\/wp\/v2\/product_tag?post=217687"}],"curies":[{"name":"wp","href":"https:\/\/api.w.org\/{rel}","templated":true}]}}