{"id":217680,"date":"2025-09-02T12:02:06","date_gmt":"2025-09-02T12:02:06","guid":{"rendered":"https:\/\/homeofwool.com\/?post_type=product&#038;p=217680"},"modified":"2026-02-11T09:55:51","modified_gmt":"2026-02-11T09:55:51","slug":"matelas-pour-berceau-halo","status":"publish","type":"product","link":"https:\/\/homeofwool.com\/fr\/shop\/halo-bassinet-mattress\/","title":{"rendered":"Matelas pour berceau Wool HALO"},"content":{"rendered":"<p>Fabriqu\u00e9 avec soin, notre matelas halo pour berceau, rempli de laine, allie confort, s\u00e9curit\u00e9 et conception durable. Chaque matelas pour berceau est fabriqu\u00e9 \u00e0 la main \u00e0 partir de couches de laine pure, offrant ainsi une surface de sommeil naturellement r\u00e9sistante aux flammes, sans utilisation de produits chimiques. Pas de mati\u00e8res synth\u00e9tiques ni de colles.<\/p>\n<p>La laine permet \u00e0 votre b\u00e9b\u00e9 de rester \u00e0 l'aise en toute saison, en restant bien au chaud quand il fait froid et au frais quand il fait chaud. Sa nature a\u00e9r\u00e9e permet \u00e9galement de conserver la fra\u00eecheur du matelas. La laine emp\u00eache les acariens et les moisissures de s'installer.<\/p>\n<p>Avec un rembourrage peu profond pour une surface lisse et plate et une sensation de soutien et de douceur, ce matelas de couffin allie s\u00e9curit\u00e9 et confort durable. Deux tailles sont disponibles et s'adaptent parfaitement aux versions pivotantes et jumelles du couffin.<\/p>\n<p>Une fois le couffin termin\u00e9, le matelas peut \u00eatre utilis\u00e9 comme petit coussin de sol ou de banc, ce qui lui donne une seconde vie dans votre maison. V\u00e9ritable exemple de luxe durable, le matelas halo Home of Wool est con\u00e7u pour nourrir \u00e0 la fois votre enfant et votre environnement domestique.<\/p>","protected":false},"excerpt":{"rendered":"<p>Cr\u00e9ez un espace de sommeil calme et sans toxines avec notre matelas Halo rempli de laine. Con\u00e7u pour le lit Halo Bassinest, ce matelas de couffin naturellement respirant permet \u00e0 votre enfant de rester bien au chaud et en s\u00e9curit\u00e9 en toute saison. Fabriqu\u00e9 sans toxines ni d\u00e9gagements gazeux, il contribue \u00e0 pr\u00e9server la fra\u00eecheur et la s\u00e9curit\u00e9 de l'espace de sommeil de votre b\u00e9b\u00e9.<\/p>\n<p><strong>OPTIONS DE TAILLE<\/strong>:<br \/>\n<strong>Pivot<\/strong>: 30 x 18 x 2\u201d (76,2 x 45,7 x 5 cm) en forme de sablier<br \/>\n<strong>Jumeau<\/strong>: 33.5\u2033 x 22 x 2\u2033 (85 x 56 x 5 cm) en forme de sablier<\/p>\n<div class=\"global-icon-set\">\n<div class=\"global-icon-set__items\">\n<div class=\"global-icon-set__item\">\n<div class=\"global-icon-set__image\">\n                                    <img decoding=\"async\" src=\"https:\/\/homeofwool.com\/wp-content\/uploads\/2025\/09\/handmade-icon-300x300.png\" alt=\"ic\u00f4ne artisanale\" \/>\n                                <\/div>\n<div class=\"global-icon-set__title\">Fait \u00e0 la main<\/div>\n<\/p><\/div>\n<div class=\"global-icon-set__item\">\n<div class=\"global-icon-set__image\">\n                                    <img decoding=\"async\" src=\"https:\/\/homeofwool.com\/wp-content\/uploads\/2025\/09\/Exceptionally-Supportive-min-300x300.png\" alt=\"ic\u00f4ne exceptionnellement encourageante\" \/>\n                                <\/div>\n<div class=\"global-icon-set__title\">Soutien exceptionnel<\/div>\n<\/p><\/div>\n<div class=\"global-icon-set__item\">\n<div class=\"global-icon-set__image\">\n                                    <img decoding=\"async\" src=\"https:\/\/homeofwool.com\/wp-content\/uploads\/2025\/09\/wicks-moisture-away-300x300.png\" alt=\"\u00e9vacue l&#039;humidit\u00e9\" \/>\n                                <\/div>\n<div class=\"global-icon-set__title\">Evacue l'humidit\u00e9<\/div>\n<\/p><\/div>\n<div class=\"global-icon-set__item\">\n<div class=\"global-icon-set__image\">\n                                    <img decoding=\"async\" src=\"https:\/\/homeofwool.com\/wp-content\/uploads\/2025\/09\/VOCs-min-300x300.png\" alt=\"vocs libre\" \/>\n                                <\/div>\n<div class=\"global-icon-set__title\">Sans COV<\/div>\n<\/p><\/div>\n<div class=\"global-icon-set__item\">\n<div class=\"global-icon-set__image\">\n                                    <img decoding=\"async\" src=\"https:\/\/homeofwool.com\/wp-content\/uploads\/2025\/09\/FR-min-300x300.png\" alt=\"ic\u00f4ne de r\u00e9sistance au feu\" \/>\n                                <\/div>\n<div class=\"global-icon-set__title\">R\u00e9sistant \u00e0 la flamme<\/div>\n<\/p><\/div>\n<div class=\"global-icon-set__item\">\n<div class=\"global-icon-set__image\">\n                                    <img decoding=\"async\" src=\"https:\/\/homeofwool.com\/wp-content\/uploads\/2025\/09\/Hypoallergenic-min-300x300.png\" alt=\"ic\u00f4ne hypoallerg\u00e9nique\" \/>\n                                <\/div>\n<div class=\"global-icon-set__title\">Hypoallerg\u00e9nique<\/div>\n<\/p><\/div>\n<div class=\"global-icon-set__item\">\n<div class=\"global-icon-set__image\">\n                                    <img decoding=\"async\" src=\"https:\/\/homeofwool.com\/wp-content\/uploads\/2025\/09\/free-of-synthetics-icon-300x300.png\" alt=\"sans mati\u00e8res synth\u00e9tiques ic\u00f4ne\" \/>\n                                <\/div>\n<div class=\"global-icon-set__title\">Sans mati\u00e8res synth\u00e9tiques<\/div>\n<\/p><\/div>\n<div class=\"global-icon-set__item\">\n<div class=\"global-icon-set__image\">\n                                    <img decoding=\"async\" src=\"https:\/\/homeofwool.com\/wp-content\/uploads\/2025\/09\/chemical-free-icon-300x300.png\" alt=\"ic\u00f4ne de l&#039;absence de produits chimiques\" \/>\n                                <\/div>\n<div class=\"global-icon-set__title\">Sans produits chimiques<\/div>\n<\/p><\/div>\n<div class=\"global-icon-set__item\">\n<div class=\"global-icon-set__image\">\n                                    <img decoding=\"async\" src=\"https:\/\/homeofwool.com\/wp-content\/uploads\/2025\/09\/anti-bacterial-icon-300x300.png\" alt=\"ic\u00f4ne anti-bact\u00e9rien\" \/>\n                                <\/div>\n<div class=\"global-icon-set__title\">Anti-microbien et anti-bact\u00e9rien<\/div>\n<\/p><\/div>\n<div class=\"global-icon-set__item\">\n<div class=\"global-icon-set__image\">\n                                    <img decoding=\"async\" src=\"https:\/\/homeofwool.com\/wp-content\/uploads\/2025\/09\/certified-materials-icon-300x300.png\" alt=\"ic\u00f4ne des mat\u00e9riaux certifi\u00e9s\" \/>\n                                <\/div>\n<div class=\"global-icon-set__title\">100% Mat\u00e9riaux certifi\u00e9s purs<\/div>\n<\/p><\/div>\n<\/p><\/div>\n<\/p><\/div>","protected":false},"featured_media":226050,"template":"","meta":{"_acf_changed":false},"product_brand":[],"product_cat":[266,459],"product_tag":[718,719,720,704,721,722,723,724,725,195,149,726],"class_list":{"0":"post-217680","1":"product","2":"type-product","3":"status-publish","4":"has-post-thumbnail","6":"product_cat-baby-sleep-products","7":"product_cat-mattresses-toppers","8":"product_tag-arms-reach","9":"product_tag-co-sleeper","10":"product_tag-cradle-mattress","11":"product_tag-eco-baby-bedding","12":"product_tag-halo-bassinest-mattress","13":"product_tag-halo-bassinest-mattress-pad","14":"product_tag-halo-breathable-crib-mattress","15":"product_tag-mini-crib-pad","16":"product_tag-newborn-mattress","17":"product_tag-organic-mattress","18":"product_tag-steps","19":"product_tag-swivel-sleeper","21":"first","22":"instock","23":"shipping-taxable","24":"purchasable","25":"product-type-simple"},"acf":[],"yoast_head":"<!-- This site is optimized with the Yoast SEO Premium plugin v27.5 (Yoast SEO v27.5) - https:\/\/yoast.com\/product\/yoast-seo-premium-wordpress\/ -->\n<title>HALO Bassinet Mattress \u2013 Organic, Breathable &amp; Custom | Home of Wool<\/title>\n<meta name=\"description\" content=\"Organic wool bassinet mattress pad, handmade, chemical-free, and flame-resistant. Breathable and hypoallergenic, it keeps newborns cozy and healthy in every season.\" \/>\n<meta name=\"robots\" content=\"index, follow, max-snippet:-1, max-image-preview:large, max-video-preview:-1\" \/>\n<link rel=\"canonical\" href=\"https:\/\/homeofwool.com\/fr\/boutique\/matelas-pour-berceau-halo\/\" \/>\n<meta property=\"og:locale\" content=\"fr_FR\" \/>\n<meta property=\"og:type\" content=\"article\" \/>\n<meta property=\"og:title\" content=\"Wool HALO Bassinet Mattress\" \/>\n<meta property=\"og:description\" content=\"Organic wool bassinet mattress pad, handmade, chemical-free, and flame-resistant. Breathable and hypoallergenic, it keeps newborns cozy and healthy in every season.\" \/>\n<meta property=\"og:url\" content=\"https:\/\/homeofwool.com\/fr\/boutique\/matelas-pour-berceau-halo\/\" \/>\n<meta property=\"og:site_name\" content=\"Home of Wool\" \/>\n<meta property=\"article:publisher\" content=\"https:\/\/facebook.com\/HomeOfWoolOfficial\" \/>\n<meta property=\"article:modified_time\" content=\"2026-02-11T09:55:51+00:00\" \/>\n<meta property=\"og:image\" content=\"https:\/\/homeofwool.com\/wp-content\/uploads\/2025\/09\/home-of-wool-wool-halo-bassinest-mattress-1-main-1.jpg\" \/>\n\t<meta property=\"og:image:width\" content=\"1920\" \/>\n\t<meta property=\"og:image:height\" content=\"1536\" \/>\n\t<meta property=\"og:image:type\" content=\"image\/jpeg\" \/>\n<meta name=\"twitter:card\" content=\"summary_large_image\" \/>\n<meta name=\"twitter:label1\" content=\"Dur\u00e9e de lecture estim\u00e9e\" \/>\n\t<meta name=\"twitter:data1\" content=\"1 minute\" \/>\n<script type=\"application\/ld+json\" class=\"yoast-schema-graph\">{\"@context\":\"https:\\\/\\\/schema.org\",\"@graph\":[{\"@type\":\"WebPage\",\"@id\":\"https:\\\/\\\/homeofwool.com\\\/shop\\\/halo-bassinet-mattress\\\/\",\"url\":\"https:\\\/\\\/homeofwool.com\\\/shop\\\/halo-bassinet-mattress\\\/\",\"name\":\"HALO Bassinet Mattress \u2013 Organic, Breathable & Custom | Home of Wool\",\"isPartOf\":{\"@id\":\"https:\\\/\\\/homeofwool.com\\\/#website\"},\"primaryImageOfPage\":{\"@id\":\"https:\\\/\\\/homeofwool.com\\\/shop\\\/halo-bassinet-mattress\\\/#primaryimage\"},\"image\":{\"@id\":\"https:\\\/\\\/homeofwool.com\\\/shop\\\/halo-bassinet-mattress\\\/#primaryimage\"},\"thumbnailUrl\":\"https:\\\/\\\/homeofwool.com\\\/wp-content\\\/uploads\\\/2025\\\/09\\\/home-of-wool-wool-halo-bassinest-mattress-1-main-1.jpg\",\"datePublished\":\"2025-09-02T12:02:06+00:00\",\"dateModified\":\"2026-02-11T09:55:51+00:00\",\"description\":\"Organic wool bassinet mattress pad, handmade, chemical-free, and flame-resistant. Breathable and hypoallergenic, it keeps newborns cozy and healthy in every season.\",\"breadcrumb\":{\"@id\":\"https:\\\/\\\/homeofwool.com\\\/shop\\\/halo-bassinet-mattress\\\/#breadcrumb\"},\"inLanguage\":\"fr-FR\",\"potentialAction\":[{\"@type\":\"ReadAction\",\"target\":[\"https:\\\/\\\/homeofwool.com\\\/shop\\\/halo-bassinet-mattress\\\/\"]}]},{\"@type\":\"ImageObject\",\"inLanguage\":\"fr-FR\",\"@id\":\"https:\\\/\\\/homeofwool.com\\\/shop\\\/halo-bassinet-mattress\\\/#primaryimage\",\"url\":\"https:\\\/\\\/homeofwool.com\\\/wp-content\\\/uploads\\\/2025\\\/09\\\/home-of-wool-wool-halo-bassinest-mattress-1-main-1.jpg\",\"contentUrl\":\"https:\\\/\\\/homeofwool.com\\\/wp-content\\\/uploads\\\/2025\\\/09\\\/home-of-wool-wool-halo-bassinest-mattress-1-main-1.jpg\",\"width\":1920,\"height\":1536,\"caption\":\"wool halo bassinet mattress\"},{\"@type\":\"BreadcrumbList\",\"@id\":\"https:\\\/\\\/homeofwool.com\\\/shop\\\/halo-bassinet-mattress\\\/#breadcrumb\",\"itemListElement\":[{\"@type\":\"ListItem\",\"position\":1,\"name\":\"Home\",\"item\":\"https:\\\/\\\/homeofwool.com\\\/\"},{\"@type\":\"ListItem\",\"position\":2,\"name\":\"Products\",\"item\":\"https:\\\/\\\/homeofwool.com\\\/header-search-2\\\/\"},{\"@type\":\"ListItem\",\"position\":3,\"name\":\"Wool HALO Bassinet Mattress\"}]},{\"@type\":\"WebSite\",\"@id\":\"https:\\\/\\\/homeofwool.com\\\/#website\",\"url\":\"https:\\\/\\\/homeofwool.com\\\/\",\"name\":\"Home of Wool\",\"description\":\"\",\"publisher\":{\"@id\":\"https:\\\/\\\/homeofwool.com\\\/#organization\"},\"potentialAction\":[{\"@type\":\"SearchAction\",\"target\":{\"@type\":\"EntryPoint\",\"urlTemplate\":\"https:\\\/\\\/homeofwool.com\\\/?s={search_term_string}\"},\"query-input\":{\"@type\":\"PropertyValueSpecification\",\"valueRequired\":true,\"valueName\":\"search_term_string\"}}],\"inLanguage\":\"fr-FR\"},{\"@type\":\"Organization\",\"@id\":\"https:\\\/\\\/homeofwool.com\\\/#organization\",\"name\":\"Home of Wool\",\"url\":\"https:\\\/\\\/homeofwool.com\\\/\",\"logo\":{\"@type\":\"ImageObject\",\"inLanguage\":\"fr-FR\",\"@id\":\"https:\\\/\\\/homeofwool.com\\\/#\\\/schema\\\/logo\\\/image\\\/\",\"url\":\"https:\\\/\\\/homeofwool.com\\\/wp-content\\\/uploads\\\/2025\\\/09\\\/WhatsApp-Image-2025-12-02-at-16.23.20.jpeg\",\"contentUrl\":\"https:\\\/\\\/homeofwool.com\\\/wp-content\\\/uploads\\\/2025\\\/09\\\/WhatsApp-Image-2025-12-02-at-16.23.20.jpeg\",\"width\":700,\"height\":247,\"caption\":\"Home of Wool\"},\"image\":{\"@id\":\"https:\\\/\\\/homeofwool.com\\\/#\\\/schema\\\/logo\\\/image\\\/\"},\"sameAs\":[\"https:\\\/\\\/facebook.com\\\/HomeOfWoolOfficial\"]}]}<\/script>\n<!-- \/ Yoast SEO Premium plugin. -->","yoast_head_json":{"title":"Matelas pour berceau HALO \u2013 Biologique, respirant et personnalis\u00e9 | Home of Wool","description":"Matelas pour berceau en laine biologique, fait main, sans produits chimiques et ignifuge. Respirant et hypoallerg\u00e9nique, il assure le confort et la sant\u00e9 des nouveau-n\u00e9s en toute saison.","robots":{"index":"index","follow":"follow","max-snippet":"max-snippet:-1","max-image-preview":"max-image-preview:large","max-video-preview":"max-video-preview:-1"},"canonical":"https:\/\/homeofwool.com\/fr\/boutique\/matelas-pour-berceau-halo\/","og_locale":"fr_FR","og_type":"article","og_title":"Wool HALO Bassinet Mattress","og_description":"Organic wool bassinet mattress pad, handmade, chemical-free, and flame-resistant. Breathable and hypoallergenic, it keeps newborns cozy and healthy in every season.","og_url":"https:\/\/homeofwool.com\/fr\/boutique\/matelas-pour-berceau-halo\/","og_site_name":"Home of Wool","article_publisher":"https:\/\/facebook.com\/HomeOfWoolOfficial","article_modified_time":"2026-02-11T09:55:51+00:00","og_image":[{"width":1920,"height":1536,"url":"https:\/\/homeofwool.com\/wp-content\/uploads\/2025\/09\/home-of-wool-wool-halo-bassinest-mattress-1-main-1.jpg","type":"image\/jpeg"}],"twitter_card":"summary_large_image","twitter_misc":{"Dur\u00e9e de lecture estim\u00e9e":"1 minute"},"schema":{"@context":"https:\/\/schema.org","@graph":[{"@type":"WebPage","@id":"https:\/\/homeofwool.com\/shop\/halo-bassinet-mattress\/","url":"https:\/\/homeofwool.com\/shop\/halo-bassinet-mattress\/","name":"Matelas pour berceau HALO \u2013 Biologique, respirant et personnalis\u00e9 | Home of Wool","isPartOf":{"@id":"https:\/\/homeofwool.com\/#website"},"primaryImageOfPage":{"@id":"https:\/\/homeofwool.com\/shop\/halo-bassinet-mattress\/#primaryimage"},"image":{"@id":"https:\/\/homeofwool.com\/shop\/halo-bassinet-mattress\/#primaryimage"},"thumbnailUrl":"https:\/\/homeofwool.com\/wp-content\/uploads\/2025\/09\/home-of-wool-wool-halo-bassinest-mattress-1-main-1.jpg","datePublished":"2025-09-02T12:02:06+00:00","dateModified":"2026-02-11T09:55:51+00:00","description":"Matelas pour berceau en laine biologique, fait main, sans produits chimiques et ignifuge. Respirant et hypoallerg\u00e9nique, il assure le confort et la sant\u00e9 des nouveau-n\u00e9s en toute saison.","breadcrumb":{"@id":"https:\/\/homeofwool.com\/shop\/halo-bassinet-mattress\/#breadcrumb"},"inLanguage":"fr-FR","potentialAction":[{"@type":"ReadAction","target":["https:\/\/homeofwool.com\/shop\/halo-bassinet-mattress\/"]}]},{"@type":"ImageObject","inLanguage":"fr-FR","@id":"https:\/\/homeofwool.com\/shop\/halo-bassinet-mattress\/#primaryimage","url":"https:\/\/homeofwool.com\/wp-content\/uploads\/2025\/09\/home-of-wool-wool-halo-bassinest-mattress-1-main-1.jpg","contentUrl":"https:\/\/homeofwool.com\/wp-content\/uploads\/2025\/09\/home-of-wool-wool-halo-bassinest-mattress-1-main-1.jpg","width":1920,"height":1536,"caption":"wool halo bassinet mattress"},{"@type":"BreadcrumbList","@id":"https:\/\/homeofwool.com\/shop\/halo-bassinet-mattress\/#breadcrumb","itemListElement":[{"@type":"ListItem","position":1,"name":"Home","item":"https:\/\/homeofwool.com\/"},{"@type":"ListItem","position":2,"name":"Products","item":"https:\/\/homeofwool.com\/header-search-2\/"},{"@type":"ListItem","position":3,"name":"Wool HALO Bassinet Mattress"}]},{"@type":"WebSite","@id":"https:\/\/homeofwool.com\/#website","url":"https:\/\/homeofwool.com\/","name":"La maison de la laine","description":"","publisher":{"@id":"https:\/\/homeofwool.com\/#organization"},"potentialAction":[{"@type":"SearchAction","target":{"@type":"EntryPoint","urlTemplate":"https:\/\/homeofwool.com\/?s={search_term_string}"},"query-input":{"@type":"PropertyValueSpecification","valueRequired":true,"valueName":"search_term_string"}}],"inLanguage":"fr-FR"},{"@type":"Organization","@id":"https:\/\/homeofwool.com\/#organization","name":"La maison de la laine","url":"https:\/\/homeofwool.com\/","logo":{"@type":"ImageObject","inLanguage":"fr-FR","@id":"https:\/\/homeofwool.com\/#\/schema\/logo\/image\/","url":"https:\/\/homeofwool.com\/wp-content\/uploads\/2025\/09\/WhatsApp-Image-2025-12-02-at-16.23.20.jpeg","contentUrl":"https:\/\/homeofwool.com\/wp-content\/uploads\/2025\/09\/WhatsApp-Image-2025-12-02-at-16.23.20.jpeg","width":700,"height":247,"caption":"Home of Wool"},"image":{"@id":"https:\/\/homeofwool.com\/#\/schema\/logo\/image\/"},"sameAs":["https:\/\/facebook.com\/HomeOfWoolOfficial"]}]}},"_links":{"self":[{"href":"https:\/\/homeofwool.com\/fr\/wp-json\/wp\/v2\/product\/217680","targetHints":{"allow":["GET"]}}],"collection":[{"href":"https:\/\/homeofwool.com\/fr\/wp-json\/wp\/v2\/product"}],"about":[{"href":"https:\/\/homeofwool.com\/fr\/wp-json\/wp\/v2\/types\/product"}],"version-history":[{"count":2,"href":"https:\/\/homeofwool.com\/fr\/wp-json\/wp\/v2\/product\/217680\/revisions"}],"predecessor-version":[{"id":226060,"href":"https:\/\/homeofwool.com\/fr\/wp-json\/wp\/v2\/product\/217680\/revisions\/226060"}],"wp:featuredmedia":[{"embeddable":true,"href":"https:\/\/homeofwool.com\/fr\/wp-json\/wp\/v2\/media\/226050"}],"wp:attachment":[{"href":"https:\/\/homeofwool.com\/fr\/wp-json\/wp\/v2\/media?parent=217680"}],"wp:term":[{"taxonomy":"product_brand","embeddable":true,"href":"https:\/\/homeofwool.com\/fr\/wp-json\/wp\/v2\/product_brand?post=217680"},{"taxonomy":"product_cat","embeddable":true,"href":"https:\/\/homeofwool.com\/fr\/wp-json\/wp\/v2\/product_cat?post=217680"},{"taxonomy":"product_tag","embeddable":true,"href":"https:\/\/homeofwool.com\/fr\/wp-json\/wp\/v2\/product_tag?post=217680"}],"curies":[{"name":"wp","href":"https:\/\/api.w.org\/{rel}","templated":true}]}}