{"id":217666,"date":"2025-09-02T12:02:05","date_gmt":"2025-09-02T12:02:05","guid":{"rendered":"https:\/\/homeofwool.com\/?post_type=product&#038;p=217666"},"modified":"2026-04-03T09:27:12","modified_gmt":"2026-04-03T09:27:12","slug":"coussin-pour-les-jambes","status":"publish","type":"product","link":"https:\/\/homeofwool.com\/fr\/shop\/leg-pillow\/","title":{"rendered":"Oreiller de genou en laine"},"content":{"rendered":"<p>Vous souhaitez profiter d'un sommeil plus profond et plus r\u00e9parateur ? Gr\u00e2ce \u00e0 cet oreiller en laine enti\u00e8rement naturel, con\u00e7u pour les personnes dormant sur le c\u00f4t\u00e9 qui souhaitent am\u00e9liorer leur posture et soulager leurs articulations, vous pourrez enfin vous r\u00e9veiller en pleine forme. Il vous suffit de placer l'oreiller pour les personnes dormant sur le c\u00f4t\u00e9 entre vos jambes pendant votre sommeil. Cela vous permettra d'adopter une posture plus saine. Une meilleure position r\u00e9duit la pression exerc\u00e9e sur vos articulations et, par cons\u00e9quent, diminue les douleurs.<\/p>\n<p>Rempli de pure laine et recouvert de tissus naturels, ce coussin pour les jambes offre une respirabilit\u00e9 in\u00e9gal\u00e9e. Il vous garantit une nuit fra\u00eeche et confortable.<\/p>\n<p>Le rembourrage en laine repousse les acariens. Aucun traitement suppl\u00e9mentaire n'est n\u00e9cessaire. Il emp\u00eache \u00e9galement la formation de moisissures et la prolif\u00e9ration des bact\u00e9ries. Toutes ces caract\u00e9ristiques en font un excellent choix pour les personnes souffrant d'allergies ou de sensibilit\u00e9s. Sans toxines. Sans produits chimiques.<\/p>\n<p>Que vous vous remettiez d'une op\u00e9ration chirurgicale ou que vous cherchiez simplement \u00e0 am\u00e9liorer votre confort, dormir avec un oreiller entre les jambes peut consid\u00e9rablement am\u00e9liorer votre repos. Disponible en deux tailles, notre oreiller en laine pour les genoux est la solution id\u00e9ale pour tous. Des personnes qui dorment sur le c\u00f4t\u00e9 et recherchent un oreiller entre les jambes aux patients postop\u00e9ratoires qui ont besoin d'un soutien th\u00e9rapeutique.<\/p>\n<h3>Coussin pour genoux en laine ordinaire<\/h3>\n<p>Id\u00e9al pour un usage quotidien, cet oreiller pour les jambes destin\u00e9 aux personnes dormant sur le c\u00f4t\u00e9 soulage la pression articulaire, favorise un alignement sain et aide \u00e0 r\u00e9duire les douleurs dorsales et hanches caus\u00e9es par le sommeil sur le c\u00f4t\u00e9. Il est parfait pour tous ceux qui recherchent une meilleure qualit\u00e9 de sommeil. Cet oreiller de soutien pour les genoux fera certainement la diff\u00e9rence.<\/p>\n<h3>Coussin extra large en laine pour les genoux<\/h3>\n<p>Le coussin pour genoux plus grand a \u00e9t\u00e9 con\u00e7u avec l'aide de sp\u00e9cialistes en orthop\u00e9die. Il est recommand\u00e9 pour la convalescence postop\u00e9ratoire, notamment apr\u00e8s une arthroplastie de la hanche, la r\u00e9\u00e9ducation apr\u00e8s une blessure et le soutien th\u00e9rapeutique.<\/p>","protected":false},"excerpt":{"rendered":"<p>Trouvez un confort naturel avec ce coussin pour genoux enti\u00e8rement en laine. Con\u00e7u comme un coussin de soutien pour les genoux des personnes dormant sur le c\u00f4t\u00e9, il aide \u00e0 aligner vos hanches et votre colonne vert\u00e9brale pour r\u00e9duire la douleur et vous offrir un sommeil plus r\u00e9parateur. Disponible en deux tailles, la version plus grande est recommand\u00e9e comme coussin pour genoux apr\u00e8s une op\u00e9ration chirurgicale. Il offre un soutien respirant \u00e0 tous ceux qui recherchent une solution m\u00e9dicale s\u00fbre pour soulager leurs articulations.<\/p>\n<p><strong>R\u00e9gulier<\/strong>: 25 x 17 x 13 cm (10 x 6,7 x 5 pouces)<br \/>\n<strong>Tr\u00e8s grand<\/strong>: 30 x 26 x 26 cm<\/p>\n<div class=\"global-icon-set\">\n<div class=\"global-icon-set__items\">\n<div class=\"global-icon-set__item\">\n<div class=\"global-icon-set__image\">\n                                    <img decoding=\"async\" src=\"https:\/\/homeofwool.com\/wp-content\/uploads\/2025\/09\/handmade-icon-300x300.png\" alt=\"ic\u00f4ne artisanale\" \/>\n                                <\/div>\n<div class=\"global-icon-set__title\">Fait \u00e0 la main<\/div>\n<\/p><\/div>\n<div class=\"global-icon-set__item\">\n<div class=\"global-icon-set__image\">\n                                    <img decoding=\"async\" src=\"https:\/\/homeofwool.com\/wp-content\/uploads\/2025\/09\/Exceptionally-Supportive-min-300x300.png\" alt=\"ic\u00f4ne exceptionnellement encourageante\" \/>\n                                <\/div>\n<div class=\"global-icon-set__title\">Soutien exceptionnel<\/div>\n<\/p><\/div>\n<div class=\"global-icon-set__item\">\n<div class=\"global-icon-set__image\">\n                                    <img decoding=\"async\" src=\"https:\/\/homeofwool.com\/wp-content\/uploads\/2025\/09\/Isolates-Motion-Transfer-min-300x300.png\" alt=\"isole le transfert de mouvement\" \/>\n                                <\/div>\n<div class=\"global-icon-set__title\">Isolation du transfert de mouvement<\/div>\n<\/p><\/div>\n<div class=\"global-icon-set__item\">\n<div class=\"global-icon-set__image\">\n                                    <img decoding=\"async\" src=\"https:\/\/homeofwool.com\/wp-content\/uploads\/2025\/09\/VOCs-min-300x300.png\" alt=\"vocs libre\" \/>\n                                <\/div>\n<div class=\"global-icon-set__title\">Sans COV<\/div>\n<\/p><\/div>\n<div class=\"global-icon-set__item\">\n<div class=\"global-icon-set__image\">\n                                    <img decoding=\"async\" src=\"https:\/\/homeofwool.com\/wp-content\/uploads\/2025\/09\/FR-min-300x300.png\" alt=\"ic\u00f4ne de r\u00e9sistance au feu\" \/>\n                                <\/div>\n<div class=\"global-icon-set__title\">R\u00e9sistant \u00e0 la flamme<\/div>\n<\/p><\/div>\n<div class=\"global-icon-set__item\">\n<div class=\"global-icon-set__image\">\n                                    <img decoding=\"async\" src=\"https:\/\/homeofwool.com\/wp-content\/uploads\/2025\/09\/Hypoallergenic-min-300x300.png\" alt=\"ic\u00f4ne hypoallerg\u00e9nique\" \/>\n                                <\/div>\n<div class=\"global-icon-set__title\">Hypoallerg\u00e9nique<\/div>\n<\/p><\/div>\n<div class=\"global-icon-set__item\">\n<div class=\"global-icon-set__image\">\n                                    <img decoding=\"async\" src=\"https:\/\/homeofwool.com\/wp-content\/uploads\/2025\/09\/free-of-synthetics-icon-300x300.png\" alt=\"sans mati\u00e8res synth\u00e9tiques ic\u00f4ne\" \/>\n                                <\/div>\n<div class=\"global-icon-set__title\">Sans mati\u00e8res synth\u00e9tiques<\/div>\n<\/p><\/div>\n<div class=\"global-icon-set__item\">\n<div class=\"global-icon-set__image\">\n                                    <img decoding=\"async\" src=\"https:\/\/homeofwool.com\/wp-content\/uploads\/2025\/09\/chemical-free-icon-300x300.png\" alt=\"ic\u00f4ne de l&#039;absence de produits chimiques\" \/>\n                                <\/div>\n<div class=\"global-icon-set__title\">Sans produits chimiques<\/div>\n<\/p><\/div>\n<div class=\"global-icon-set__item\">\n<div class=\"global-icon-set__image\">\n                                    <img decoding=\"async\" src=\"https:\/\/homeofwool.com\/wp-content\/uploads\/2025\/09\/anti-bacterial-icon-300x300.png\" alt=\"ic\u00f4ne anti-bact\u00e9rien\" \/>\n                                <\/div>\n<div class=\"global-icon-set__title\">Anti-microbien et anti-bact\u00e9rien<\/div>\n<\/p><\/div>\n<div class=\"global-icon-set__item\">\n<div class=\"global-icon-set__image\">\n                                    <img decoding=\"async\" src=\"https:\/\/homeofwool.com\/wp-content\/uploads\/2025\/09\/certified-materials-icon-300x300.png\" alt=\"ic\u00f4ne des mat\u00e9riaux certifi\u00e9s\" \/>\n                                <\/div>\n<div class=\"global-icon-set__title\">100% Mat\u00e9riaux certifi\u00e9s purs<\/div>\n<\/p><\/div>\n<\/p><\/div>\n<\/p><\/div>","protected":false},"featured_media":219703,"template":"","meta":{"_acf_changed":false},"product_brand":[],"product_cat":[254],"product_tag":[667,668,669,670,671,666,447,672,149,452],"class_list":{"0":"post-217666","1":"product","2":"type-product","3":"status-publish","4":"has-post-thumbnail","6":"product_cat-pillows-pillowcases","7":"product_tag-knee-pillow-for-back-pain","8":"product_tag-knee-pillows-for-sleeping","9":"product_tag-knee-support-cushion","10":"product_tag-leg-pain-relief","11":"product_tag-leg-support-pillow","12":"product_tag-leg-wedge-pillow","13":"product_tag-organic-pillow","14":"product_tag-side-sleeper-cushion","15":"product_tag-steps","16":"product_tag-wool-pillow","18":"first","19":"instock","20":"shipping-taxable","21":"purchasable","22":"product-type-simple"},"acf":[],"yoast_head":"<!-- This site is optimized with the Yoast SEO Premium plugin v27.3 (Yoast SEO v27.3) - https:\/\/yoast.com\/product\/yoast-seo-premium-wordpress\/ -->\n<title>Knee Pillow \u2013 For Side Sleepers | Home of Wool<\/title>\n<meta name=\"description\" content=\"The Knee Pillow for side sleepers supports alignment with breathable wool filling. Hypoallergenic and toxin-free, it offers safe, restorative, and natural rest for a healthier night\u2019s sleep.\" \/>\n<meta name=\"robots\" content=\"index, follow, max-snippet:-1, max-image-preview:large, max-video-preview:-1\" \/>\n<link rel=\"canonical\" href=\"https:\/\/homeofwool.com\/fr\/boutique\/coussin-pour-les-jambes\/\" \/>\n<meta property=\"og:locale\" content=\"fr_FR\" \/>\n<meta property=\"og:type\" content=\"article\" \/>\n<meta property=\"og:title\" content=\"Wool Knee Pillow\" \/>\n<meta property=\"og:description\" content=\"The Knee Pillow for side sleepers supports alignment with breathable wool filling. Hypoallergenic and toxin-free, it offers safe, restorative, and natural rest for a healthier night\u2019s sleep.\" \/>\n<meta property=\"og:url\" content=\"https:\/\/homeofwool.com\/fr\/boutique\/coussin-pour-les-jambes\/\" \/>\n<meta property=\"og:site_name\" content=\"Home of Wool\" \/>\n<meta property=\"article:publisher\" content=\"https:\/\/facebook.com\/HomeOfWoolOfficial\" \/>\n<meta property=\"article:modified_time\" content=\"2026-04-03T09:27:12+00:00\" \/>\n<meta property=\"og:image\" content=\"https:\/\/homeofwool.com\/wp-content\/uploads\/2025\/09\/home-of-wool-wool-knee-pillow-home-of-wool-listing-main.jpg\" \/>\n\t<meta property=\"og:image:width\" content=\"2000\" \/>\n\t<meta property=\"og:image:height\" content=\"1600\" \/>\n\t<meta property=\"og:image:type\" content=\"image\/jpeg\" \/>\n<meta name=\"twitter:card\" content=\"summary_large_image\" \/>\n<meta name=\"twitter:label1\" content=\"Dur\u00e9e de lecture estim\u00e9e\" \/>\n\t<meta name=\"twitter:data1\" content=\"2 minutes\" \/>\n<script type=\"application\/ld+json\" class=\"yoast-schema-graph\">{\"@context\":\"https:\\\/\\\/schema.org\",\"@graph\":[{\"@type\":\"WebPage\",\"@id\":\"https:\\\/\\\/homeofwool.com\\\/shop\\\/leg-pillow\\\/\",\"url\":\"https:\\\/\\\/homeofwool.com\\\/shop\\\/leg-pillow\\\/\",\"name\":\"Knee Pillow \u2013 For Side Sleepers | Home of Wool\",\"isPartOf\":{\"@id\":\"https:\\\/\\\/homeofwool.com\\\/#website\"},\"primaryImageOfPage\":{\"@id\":\"https:\\\/\\\/homeofwool.com\\\/shop\\\/leg-pillow\\\/#primaryimage\"},\"image\":{\"@id\":\"https:\\\/\\\/homeofwool.com\\\/shop\\\/leg-pillow\\\/#primaryimage\"},\"thumbnailUrl\":\"https:\\\/\\\/homeofwool.com\\\/wp-content\\\/uploads\\\/2025\\\/09\\\/home-of-wool-wool-knee-pillow-home-of-wool-listing-main.jpg\",\"datePublished\":\"2025-09-02T12:02:05+00:00\",\"dateModified\":\"2026-04-03T09:27:12+00:00\",\"description\":\"The Knee Pillow for side sleepers supports alignment with breathable wool filling. Hypoallergenic and toxin-free, it offers safe, restorative, and natural rest for a healthier night\u2019s sleep.\",\"breadcrumb\":{\"@id\":\"https:\\\/\\\/homeofwool.com\\\/shop\\\/leg-pillow\\\/#breadcrumb\"},\"inLanguage\":\"fr-FR\",\"potentialAction\":[{\"@type\":\"ReadAction\",\"target\":[\"https:\\\/\\\/homeofwool.com\\\/shop\\\/leg-pillow\\\/\"]}]},{\"@type\":\"ImageObject\",\"inLanguage\":\"fr-FR\",\"@id\":\"https:\\\/\\\/homeofwool.com\\\/shop\\\/leg-pillow\\\/#primaryimage\",\"url\":\"https:\\\/\\\/homeofwool.com\\\/wp-content\\\/uploads\\\/2025\\\/09\\\/home-of-wool-wool-knee-pillow-home-of-wool-listing-main.jpg\",\"contentUrl\":\"https:\\\/\\\/homeofwool.com\\\/wp-content\\\/uploads\\\/2025\\\/09\\\/home-of-wool-wool-knee-pillow-home-of-wool-listing-main.jpg\",\"width\":2000,\"height\":1600,\"caption\":\"Wool knee pillow\"},{\"@type\":\"BreadcrumbList\",\"@id\":\"https:\\\/\\\/homeofwool.com\\\/shop\\\/leg-pillow\\\/#breadcrumb\",\"itemListElement\":[{\"@type\":\"ListItem\",\"position\":1,\"name\":\"Home\",\"item\":\"https:\\\/\\\/homeofwool.com\\\/\"},{\"@type\":\"ListItem\",\"position\":2,\"name\":\"Products\",\"item\":\"https:\\\/\\\/homeofwool.com\\\/header-search-2\\\/\"},{\"@type\":\"ListItem\",\"position\":3,\"name\":\"Wool Knee Pillow\"}]},{\"@type\":\"WebSite\",\"@id\":\"https:\\\/\\\/homeofwool.com\\\/#website\",\"url\":\"https:\\\/\\\/homeofwool.com\\\/\",\"name\":\"Home of Wool\",\"description\":\"\",\"publisher\":{\"@id\":\"https:\\\/\\\/homeofwool.com\\\/#organization\"},\"potentialAction\":[{\"@type\":\"SearchAction\",\"target\":{\"@type\":\"EntryPoint\",\"urlTemplate\":\"https:\\\/\\\/homeofwool.com\\\/?s={search_term_string}\"},\"query-input\":{\"@type\":\"PropertyValueSpecification\",\"valueRequired\":true,\"valueName\":\"search_term_string\"}}],\"inLanguage\":\"fr-FR\"},{\"@type\":\"Organization\",\"@id\":\"https:\\\/\\\/homeofwool.com\\\/#organization\",\"name\":\"Home of Wool\",\"url\":\"https:\\\/\\\/homeofwool.com\\\/\",\"logo\":{\"@type\":\"ImageObject\",\"inLanguage\":\"fr-FR\",\"@id\":\"https:\\\/\\\/homeofwool.com\\\/#\\\/schema\\\/logo\\\/image\\\/\",\"url\":\"https:\\\/\\\/homeofwool.com\\\/wp-content\\\/uploads\\\/2025\\\/09\\\/WhatsApp-Image-2025-12-02-at-16.23.20.jpeg\",\"contentUrl\":\"https:\\\/\\\/homeofwool.com\\\/wp-content\\\/uploads\\\/2025\\\/09\\\/WhatsApp-Image-2025-12-02-at-16.23.20.jpeg\",\"width\":700,\"height\":247,\"caption\":\"Home of Wool\"},\"image\":{\"@id\":\"https:\\\/\\\/homeofwool.com\\\/#\\\/schema\\\/logo\\\/image\\\/\"},\"sameAs\":[\"https:\\\/\\\/facebook.com\\\/HomeOfWoolOfficial\"]}]}<\/script>\n<!-- \/ Yoast SEO Premium plugin. -->","yoast_head_json":{"title":"Oreiller pour les genoux \u2013 Pour les personnes dormant sur le c\u00f4t\u00e9 | Home of Wool","description":"L'oreiller pour genoux destin\u00e9 aux personnes dormant sur le c\u00f4t\u00e9 favorise l'alignement gr\u00e2ce \u00e0 son rembourrage en laine respirante. Hypoallerg\u00e9nique et sans toxines, il offre un repos s\u00fbr, r\u00e9parateur et naturel pour une nuit de sommeil plus saine.","robots":{"index":"index","follow":"follow","max-snippet":"max-snippet:-1","max-image-preview":"max-image-preview:large","max-video-preview":"max-video-preview:-1"},"canonical":"https:\/\/homeofwool.com\/fr\/boutique\/coussin-pour-les-jambes\/","og_locale":"fr_FR","og_type":"article","og_title":"Wool Knee Pillow","og_description":"The Knee Pillow for side sleepers supports alignment with breathable wool filling. Hypoallergenic and toxin-free, it offers safe, restorative, and natural rest for a healthier night\u2019s sleep.","og_url":"https:\/\/homeofwool.com\/fr\/boutique\/coussin-pour-les-jambes\/","og_site_name":"Home of Wool","article_publisher":"https:\/\/facebook.com\/HomeOfWoolOfficial","article_modified_time":"2026-04-03T09:27:12+00:00","og_image":[{"width":2000,"height":1600,"url":"https:\/\/homeofwool.com\/wp-content\/uploads\/2025\/09\/home-of-wool-wool-knee-pillow-home-of-wool-listing-main.jpg","type":"image\/jpeg"}],"twitter_card":"summary_large_image","twitter_misc":{"Dur\u00e9e de lecture estim\u00e9e":"2 minutes"},"schema":{"@context":"https:\/\/schema.org","@graph":[{"@type":"WebPage","@id":"https:\/\/homeofwool.com\/shop\/leg-pillow\/","url":"https:\/\/homeofwool.com\/shop\/leg-pillow\/","name":"Oreiller pour les genoux \u2013 Pour les personnes dormant sur le c\u00f4t\u00e9 | Home of Wool","isPartOf":{"@id":"https:\/\/homeofwool.com\/#website"},"primaryImageOfPage":{"@id":"https:\/\/homeofwool.com\/shop\/leg-pillow\/#primaryimage"},"image":{"@id":"https:\/\/homeofwool.com\/shop\/leg-pillow\/#primaryimage"},"thumbnailUrl":"https:\/\/homeofwool.com\/wp-content\/uploads\/2025\/09\/home-of-wool-wool-knee-pillow-home-of-wool-listing-main.jpg","datePublished":"2025-09-02T12:02:05+00:00","dateModified":"2026-04-03T09:27:12+00:00","description":"L'oreiller pour genoux destin\u00e9 aux personnes dormant sur le c\u00f4t\u00e9 favorise l'alignement gr\u00e2ce \u00e0 son rembourrage en laine respirante. Hypoallerg\u00e9nique et sans toxines, il offre un repos s\u00fbr, r\u00e9parateur et naturel pour une nuit de sommeil plus saine.","breadcrumb":{"@id":"https:\/\/homeofwool.com\/shop\/leg-pillow\/#breadcrumb"},"inLanguage":"fr-FR","potentialAction":[{"@type":"ReadAction","target":["https:\/\/homeofwool.com\/shop\/leg-pillow\/"]}]},{"@type":"ImageObject","inLanguage":"fr-FR","@id":"https:\/\/homeofwool.com\/shop\/leg-pillow\/#primaryimage","url":"https:\/\/homeofwool.com\/wp-content\/uploads\/2025\/09\/home-of-wool-wool-knee-pillow-home-of-wool-listing-main.jpg","contentUrl":"https:\/\/homeofwool.com\/wp-content\/uploads\/2025\/09\/home-of-wool-wool-knee-pillow-home-of-wool-listing-main.jpg","width":2000,"height":1600,"caption":"Wool knee pillow"},{"@type":"BreadcrumbList","@id":"https:\/\/homeofwool.com\/shop\/leg-pillow\/#breadcrumb","itemListElement":[{"@type":"ListItem","position":1,"name":"Home","item":"https:\/\/homeofwool.com\/"},{"@type":"ListItem","position":2,"name":"Products","item":"https:\/\/homeofwool.com\/header-search-2\/"},{"@type":"ListItem","position":3,"name":"Wool Knee Pillow"}]},{"@type":"WebSite","@id":"https:\/\/homeofwool.com\/#website","url":"https:\/\/homeofwool.com\/","name":"La maison de la laine","description":"","publisher":{"@id":"https:\/\/homeofwool.com\/#organization"},"potentialAction":[{"@type":"SearchAction","target":{"@type":"EntryPoint","urlTemplate":"https:\/\/homeofwool.com\/?s={search_term_string}"},"query-input":{"@type":"PropertyValueSpecification","valueRequired":true,"valueName":"search_term_string"}}],"inLanguage":"fr-FR"},{"@type":"Organization","@id":"https:\/\/homeofwool.com\/#organization","name":"La maison de la laine","url":"https:\/\/homeofwool.com\/","logo":{"@type":"ImageObject","inLanguage":"fr-FR","@id":"https:\/\/homeofwool.com\/#\/schema\/logo\/image\/","url":"https:\/\/homeofwool.com\/wp-content\/uploads\/2025\/09\/WhatsApp-Image-2025-12-02-at-16.23.20.jpeg","contentUrl":"https:\/\/homeofwool.com\/wp-content\/uploads\/2025\/09\/WhatsApp-Image-2025-12-02-at-16.23.20.jpeg","width":700,"height":247,"caption":"Home of Wool"},"image":{"@id":"https:\/\/homeofwool.com\/#\/schema\/logo\/image\/"},"sameAs":["https:\/\/facebook.com\/HomeOfWoolOfficial"]}]}},"_links":{"self":[{"href":"https:\/\/homeofwool.com\/fr\/wp-json\/wp\/v2\/product\/217666","targetHints":{"allow":["GET"]}}],"collection":[{"href":"https:\/\/homeofwool.com\/fr\/wp-json\/wp\/v2\/product"}],"about":[{"href":"https:\/\/homeofwool.com\/fr\/wp-json\/wp\/v2\/types\/product"}],"version-history":[{"count":2,"href":"https:\/\/homeofwool.com\/fr\/wp-json\/wp\/v2\/product\/217666\/revisions"}],"predecessor-version":[{"id":226325,"href":"https:\/\/homeofwool.com\/fr\/wp-json\/wp\/v2\/product\/217666\/revisions\/226325"}],"wp:featuredmedia":[{"embeddable":true,"href":"https:\/\/homeofwool.com\/fr\/wp-json\/wp\/v2\/media\/219703"}],"wp:attachment":[{"href":"https:\/\/homeofwool.com\/fr\/wp-json\/wp\/v2\/media?parent=217666"}],"wp:term":[{"taxonomy":"product_brand","embeddable":true,"href":"https:\/\/homeofwool.com\/fr\/wp-json\/wp\/v2\/product_brand?post=217666"},{"taxonomy":"product_cat","embeddable":true,"href":"https:\/\/homeofwool.com\/fr\/wp-json\/wp\/v2\/product_cat?post=217666"},{"taxonomy":"product_tag","embeddable":true,"href":"https:\/\/homeofwool.com\/fr\/wp-json\/wp\/v2\/product_tag?post=217666"}],"curies":[{"name":"wp","href":"https:\/\/api.w.org\/{rel}","templated":true}]}}