{"id":217665,"date":"2025-09-02T12:02:05","date_gmt":"2025-09-02T12:02:05","guid":{"rendered":"https:\/\/homeofwool.com\/?post_type=product&#038;p=217665"},"modified":"2026-04-01T10:09:42","modified_gmt":"2026-04-01T10:09:42","slug":"oreiller-coussin-en-laine","status":"publish","type":"product","link":"https:\/\/homeofwool.com\/fr\/shop\/wool-wedge-pillow\/","title":{"rendered":"Oreiller en laine"},"content":{"rendered":"<p>Notre coussin triangulaire en laine est con\u00e7u pour offrir une posture saine et un confort polyvalent. Que vous ayez besoin de sur\u00e9lever le haut de votre corps ou de relever l\u00e9g\u00e8rement vos jambes, il est l\u00e0 pour vous aider. Le rembourrage en laine offre un soutien optimal et frais pour un sommeil r\u00e9parateur. Beaucoup le trouvent particuli\u00e8rement utile comme coussin de soutien pour les jambes ou pour soulager les jambes sans repos, car il r\u00e9duit la fatigue et apaise les tensions apr\u00e8s de longues journ\u00e9es pass\u00e9es debout ou en voyage.<\/p>\n<p>Respirant et thermor\u00e9gulateur, cet oreiller en pure laine vous garde au frais lorsqu'il fait chaud et au chaud lorsqu'il fait froid. En d'autres termes, la laine cr\u00e9e une surface de sommeil fra\u00eeche et agr\u00e9able. Ses propri\u00e9t\u00e9s r\u00e9gulatrices d'humidit\u00e9 vous permettent de profiter d'un soutien pour vos jambes fatigu\u00e9es sans avoir trop chaud ni vous sentir humide. Enti\u00e8rement exempt de produits chimiques, cet oreiller de soutien fait main est con\u00e7u pour ceux qui appr\u00e9cient la durabilit\u00e9 et le confort simple. Qu'il soit utilis\u00e9 comme oreiller orthop\u00e9dique en laine ou comme oreiller ergonomique pour les jambes, il vous apporte un meilleur alignement et un soulagement naturel.<\/p>\n<p>Des taies d'oreiller et des protections sont disponibles en option pour faciliter l'entretien.<\/p>","protected":false},"excerpt":{"rendered":"<p>L'oreiller triangulaire en laine offre un soutien doux et polyvalent, que ce soit sous la t\u00eate et le dos ou sous les jambes. Fabriqu\u00e9 \u00e0 la main \u00e0 partir de laine pure et de tissus biologiques, il s'agit d'un soutien pour les jambes non toxique qui soulage la pression et apaise l'agitation. Il apporte un peu de confort naturel \u00e0 votre sommeil.<\/p>","protected":false},"featured_media":219502,"template":"","meta":{"_acf_changed":false},"product_brand":[],"product_cat":[316,254],"product_tag":[664,444,445,665,666,447,448,450,149,452],"class_list":{"0":"post-217665","1":"product","2":"type-product","3":"status-publish","4":"has-post-thumbnail","6":"product_cat-mothers-day","7":"product_cat-pillows-pillowcases","8":"product_tag-acid-reflux-pillow","9":"product_tag-all-natural-pillow","10":"product_tag-bed-pillow","11":"product_tag-inclined-triangle-pillow","12":"product_tag-leg-wedge-pillow","13":"product_tag-organic-pillow","14":"product_tag-pillow-inserts","15":"product_tag-sleep-pillow","16":"product_tag-steps","17":"product_tag-wool-pillow","19":"first","20":"instock","21":"shipping-taxable","22":"purchasable","23":"product-type-simple"},"acf":[],"yoast_head":"<!-- This site is optimized with the Yoast SEO Premium plugin v27.3 (Yoast SEO v27.3) - https:\/\/yoast.com\/product\/yoast-seo-premium-wordpress\/ -->\n<title>Wedge Pillow \u2013 Natural Orthopedic Wool Pillow | Home of Wool<\/title>\n<meta name=\"description\" content=\"Orthopedic support comes naturally with the Wedge Pillow, filled with breathable wool for pressure relief. Hypoallergenic and toxin-free, it eases discomfort while supporting restful sleep.\" \/>\n<meta name=\"robots\" content=\"index, follow, max-snippet:-1, max-image-preview:large, max-video-preview:-1\" \/>\n<link rel=\"canonical\" href=\"https:\/\/homeofwool.com\/fr\/boutique\/oreiller-coussin-en-laine\/\" \/>\n<meta property=\"og:locale\" content=\"fr_FR\" \/>\n<meta property=\"og:type\" content=\"article\" \/>\n<meta property=\"og:title\" content=\"Wool Wedge Pillow\" \/>\n<meta property=\"og:description\" content=\"Orthopedic support comes naturally with the Wedge Pillow, filled with breathable wool for pressure relief. Hypoallergenic and toxin-free, it eases discomfort while supporting restful sleep.\" \/>\n<meta property=\"og:url\" content=\"https:\/\/homeofwool.com\/fr\/boutique\/oreiller-coussin-en-laine\/\" \/>\n<meta property=\"og:site_name\" content=\"Home of Wool\" \/>\n<meta property=\"article:publisher\" content=\"https:\/\/facebook.com\/HomeOfWoolOfficial\" \/>\n<meta property=\"article:modified_time\" content=\"2026-04-01T10:09:42+00:00\" \/>\n<meta property=\"og:image\" content=\"https:\/\/homeofwool.com\/wp-content\/uploads\/2025\/09\/home-of-wool-wool-wedge-pillow-1-.jpg\" \/>\n\t<meta property=\"og:image:width\" content=\"2000\" \/>\n\t<meta property=\"og:image:height\" content=\"1600\" \/>\n\t<meta property=\"og:image:type\" content=\"image\/jpeg\" \/>\n<meta name=\"twitter:card\" content=\"summary_large_image\" \/>\n<meta name=\"twitter:label1\" content=\"Dur\u00e9e de lecture estim\u00e9e\" \/>\n\t<meta name=\"twitter:data1\" content=\"1 minute\" \/>\n<script type=\"application\/ld+json\" class=\"yoast-schema-graph\">{\"@context\":\"https:\\\/\\\/schema.org\",\"@graph\":[{\"@type\":\"WebPage\",\"@id\":\"https:\\\/\\\/homeofwool.com\\\/shop\\\/wool-wedge-pillow\\\/\",\"url\":\"https:\\\/\\\/homeofwool.com\\\/shop\\\/wool-wedge-pillow\\\/\",\"name\":\"Wedge Pillow \u2013 Natural Orthopedic Wool Pillow | Home of Wool\",\"isPartOf\":{\"@id\":\"https:\\\/\\\/homeofwool.com\\\/#website\"},\"primaryImageOfPage\":{\"@id\":\"https:\\\/\\\/homeofwool.com\\\/shop\\\/wool-wedge-pillow\\\/#primaryimage\"},\"image\":{\"@id\":\"https:\\\/\\\/homeofwool.com\\\/shop\\\/wool-wedge-pillow\\\/#primaryimage\"},\"thumbnailUrl\":\"https:\\\/\\\/homeofwool.com\\\/wp-content\\\/uploads\\\/2025\\\/09\\\/home-of-wool-wool-wedge-pillow-1-.jpg\",\"datePublished\":\"2025-09-02T12:02:05+00:00\",\"dateModified\":\"2026-04-01T10:09:42+00:00\",\"description\":\"Orthopedic support comes naturally with the Wedge Pillow, filled with breathable wool for pressure relief. Hypoallergenic and toxin-free, it eases discomfort while supporting restful sleep.\",\"breadcrumb\":{\"@id\":\"https:\\\/\\\/homeofwool.com\\\/shop\\\/wool-wedge-pillow\\\/#breadcrumb\"},\"inLanguage\":\"fr-FR\",\"potentialAction\":[{\"@type\":\"ReadAction\",\"target\":[\"https:\\\/\\\/homeofwool.com\\\/shop\\\/wool-wedge-pillow\\\/\"]}]},{\"@type\":\"ImageObject\",\"inLanguage\":\"fr-FR\",\"@id\":\"https:\\\/\\\/homeofwool.com\\\/shop\\\/wool-wedge-pillow\\\/#primaryimage\",\"url\":\"https:\\\/\\\/homeofwool.com\\\/wp-content\\\/uploads\\\/2025\\\/09\\\/home-of-wool-wool-wedge-pillow-1-.jpg\",\"contentUrl\":\"https:\\\/\\\/homeofwool.com\\\/wp-content\\\/uploads\\\/2025\\\/09\\\/home-of-wool-wool-wedge-pillow-1-.jpg\",\"width\":2000,\"height\":1600,\"caption\":\"wool wedge pillow\"},{\"@type\":\"BreadcrumbList\",\"@id\":\"https:\\\/\\\/homeofwool.com\\\/shop\\\/wool-wedge-pillow\\\/#breadcrumb\",\"itemListElement\":[{\"@type\":\"ListItem\",\"position\":1,\"name\":\"Home\",\"item\":\"https:\\\/\\\/homeofwool.com\\\/\"},{\"@type\":\"ListItem\",\"position\":2,\"name\":\"Products\",\"item\":\"https:\\\/\\\/homeofwool.com\\\/header-search-2\\\/\"},{\"@type\":\"ListItem\",\"position\":3,\"name\":\"Wool Wedge Pillow\"}]},{\"@type\":\"WebSite\",\"@id\":\"https:\\\/\\\/homeofwool.com\\\/#website\",\"url\":\"https:\\\/\\\/homeofwool.com\\\/\",\"name\":\"Home of Wool\",\"description\":\"\",\"publisher\":{\"@id\":\"https:\\\/\\\/homeofwool.com\\\/#organization\"},\"potentialAction\":[{\"@type\":\"SearchAction\",\"target\":{\"@type\":\"EntryPoint\",\"urlTemplate\":\"https:\\\/\\\/homeofwool.com\\\/?s={search_term_string}\"},\"query-input\":{\"@type\":\"PropertyValueSpecification\",\"valueRequired\":true,\"valueName\":\"search_term_string\"}}],\"inLanguage\":\"fr-FR\"},{\"@type\":\"Organization\",\"@id\":\"https:\\\/\\\/homeofwool.com\\\/#organization\",\"name\":\"Home of Wool\",\"url\":\"https:\\\/\\\/homeofwool.com\\\/\",\"logo\":{\"@type\":\"ImageObject\",\"inLanguage\":\"fr-FR\",\"@id\":\"https:\\\/\\\/homeofwool.com\\\/#\\\/schema\\\/logo\\\/image\\\/\",\"url\":\"https:\\\/\\\/homeofwool.com\\\/wp-content\\\/uploads\\\/2025\\\/09\\\/WhatsApp-Image-2025-12-02-at-16.23.20.jpeg\",\"contentUrl\":\"https:\\\/\\\/homeofwool.com\\\/wp-content\\\/uploads\\\/2025\\\/09\\\/WhatsApp-Image-2025-12-02-at-16.23.20.jpeg\",\"width\":700,\"height\":247,\"caption\":\"Home of Wool\"},\"image\":{\"@id\":\"https:\\\/\\\/homeofwool.com\\\/#\\\/schema\\\/logo\\\/image\\\/\"},\"sameAs\":[\"https:\\\/\\\/facebook.com\\\/HomeOfWoolOfficial\"]}]}<\/script>\n<!-- \/ Yoast SEO Premium plugin. -->","yoast_head_json":{"title":"Oreiller triangulaire \u2013 Oreiller orthop\u00e9dique en laine naturelle | Home of Wool","description":"Le coussin Wedge offre un soutien orthop\u00e9dique naturel gr\u00e2ce \u00e0 son rembourrage en laine respirante qui soulage la pression. Hypoallerg\u00e9nique et sans toxines, il att\u00e9nue l'inconfort tout en favorisant un sommeil r\u00e9parateur.","robots":{"index":"index","follow":"follow","max-snippet":"max-snippet:-1","max-image-preview":"max-image-preview:large","max-video-preview":"max-video-preview:-1"},"canonical":"https:\/\/homeofwool.com\/fr\/boutique\/oreiller-coussin-en-laine\/","og_locale":"fr_FR","og_type":"article","og_title":"Wool Wedge Pillow","og_description":"Orthopedic support comes naturally with the Wedge Pillow, filled with breathable wool for pressure relief. Hypoallergenic and toxin-free, it eases discomfort while supporting restful sleep.","og_url":"https:\/\/homeofwool.com\/fr\/boutique\/oreiller-coussin-en-laine\/","og_site_name":"Home of Wool","article_publisher":"https:\/\/facebook.com\/HomeOfWoolOfficial","article_modified_time":"2026-04-01T10:09:42+00:00","og_image":[{"width":2000,"height":1600,"url":"https:\/\/homeofwool.com\/wp-content\/uploads\/2025\/09\/home-of-wool-wool-wedge-pillow-1-.jpg","type":"image\/jpeg"}],"twitter_card":"summary_large_image","twitter_misc":{"Dur\u00e9e de lecture estim\u00e9e":"1 minute"},"schema":{"@context":"https:\/\/schema.org","@graph":[{"@type":"WebPage","@id":"https:\/\/homeofwool.com\/shop\/wool-wedge-pillow\/","url":"https:\/\/homeofwool.com\/shop\/wool-wedge-pillow\/","name":"Oreiller triangulaire \u2013 Oreiller orthop\u00e9dique en laine naturelle | Home of Wool","isPartOf":{"@id":"https:\/\/homeofwool.com\/#website"},"primaryImageOfPage":{"@id":"https:\/\/homeofwool.com\/shop\/wool-wedge-pillow\/#primaryimage"},"image":{"@id":"https:\/\/homeofwool.com\/shop\/wool-wedge-pillow\/#primaryimage"},"thumbnailUrl":"https:\/\/homeofwool.com\/wp-content\/uploads\/2025\/09\/home-of-wool-wool-wedge-pillow-1-.jpg","datePublished":"2025-09-02T12:02:05+00:00","dateModified":"2026-04-01T10:09:42+00:00","description":"Le coussin Wedge offre un soutien orthop\u00e9dique naturel gr\u00e2ce \u00e0 son rembourrage en laine respirante qui soulage la pression. Hypoallerg\u00e9nique et sans toxines, il att\u00e9nue l'inconfort tout en favorisant un sommeil r\u00e9parateur.","breadcrumb":{"@id":"https:\/\/homeofwool.com\/shop\/wool-wedge-pillow\/#breadcrumb"},"inLanguage":"fr-FR","potentialAction":[{"@type":"ReadAction","target":["https:\/\/homeofwool.com\/shop\/wool-wedge-pillow\/"]}]},{"@type":"ImageObject","inLanguage":"fr-FR","@id":"https:\/\/homeofwool.com\/shop\/wool-wedge-pillow\/#primaryimage","url":"https:\/\/homeofwool.com\/wp-content\/uploads\/2025\/09\/home-of-wool-wool-wedge-pillow-1-.jpg","contentUrl":"https:\/\/homeofwool.com\/wp-content\/uploads\/2025\/09\/home-of-wool-wool-wedge-pillow-1-.jpg","width":2000,"height":1600,"caption":"wool wedge pillow"},{"@type":"BreadcrumbList","@id":"https:\/\/homeofwool.com\/shop\/wool-wedge-pillow\/#breadcrumb","itemListElement":[{"@type":"ListItem","position":1,"name":"Home","item":"https:\/\/homeofwool.com\/"},{"@type":"ListItem","position":2,"name":"Products","item":"https:\/\/homeofwool.com\/header-search-2\/"},{"@type":"ListItem","position":3,"name":"Wool Wedge Pillow"}]},{"@type":"WebSite","@id":"https:\/\/homeofwool.com\/#website","url":"https:\/\/homeofwool.com\/","name":"La maison de la laine","description":"","publisher":{"@id":"https:\/\/homeofwool.com\/#organization"},"potentialAction":[{"@type":"SearchAction","target":{"@type":"EntryPoint","urlTemplate":"https:\/\/homeofwool.com\/?s={search_term_string}"},"query-input":{"@type":"PropertyValueSpecification","valueRequired":true,"valueName":"search_term_string"}}],"inLanguage":"fr-FR"},{"@type":"Organization","@id":"https:\/\/homeofwool.com\/#organization","name":"La maison de la laine","url":"https:\/\/homeofwool.com\/","logo":{"@type":"ImageObject","inLanguage":"fr-FR","@id":"https:\/\/homeofwool.com\/#\/schema\/logo\/image\/","url":"https:\/\/homeofwool.com\/wp-content\/uploads\/2025\/09\/WhatsApp-Image-2025-12-02-at-16.23.20.jpeg","contentUrl":"https:\/\/homeofwool.com\/wp-content\/uploads\/2025\/09\/WhatsApp-Image-2025-12-02-at-16.23.20.jpeg","width":700,"height":247,"caption":"Home of Wool"},"image":{"@id":"https:\/\/homeofwool.com\/#\/schema\/logo\/image\/"},"sameAs":["https:\/\/facebook.com\/HomeOfWoolOfficial"]}]}},"_links":{"self":[{"href":"https:\/\/homeofwool.com\/fr\/wp-json\/wp\/v2\/product\/217665","targetHints":{"allow":["GET"]}}],"collection":[{"href":"https:\/\/homeofwool.com\/fr\/wp-json\/wp\/v2\/product"}],"about":[{"href":"https:\/\/homeofwool.com\/fr\/wp-json\/wp\/v2\/types\/product"}],"version-history":[{"count":2,"href":"https:\/\/homeofwool.com\/fr\/wp-json\/wp\/v2\/product\/217665\/revisions"}],"predecessor-version":[{"id":226097,"href":"https:\/\/homeofwool.com\/fr\/wp-json\/wp\/v2\/product\/217665\/revisions\/226097"}],"wp:featuredmedia":[{"embeddable":true,"href":"https:\/\/homeofwool.com\/fr\/wp-json\/wp\/v2\/media\/219502"}],"wp:attachment":[{"href":"https:\/\/homeofwool.com\/fr\/wp-json\/wp\/v2\/media?parent=217665"}],"wp:term":[{"taxonomy":"product_brand","embeddable":true,"href":"https:\/\/homeofwool.com\/fr\/wp-json\/wp\/v2\/product_brand?post=217665"},{"taxonomy":"product_cat","embeddable":true,"href":"https:\/\/homeofwool.com\/fr\/wp-json\/wp\/v2\/product_cat?post=217665"},{"taxonomy":"product_tag","embeddable":true,"href":"https:\/\/homeofwool.com\/fr\/wp-json\/wp\/v2\/product_tag?post=217665"}],"curies":[{"name":"wp","href":"https:\/\/api.w.org\/{rel}","templated":true}]}}