{"id":217662,"date":"2025-09-02T12:02:05","date_gmt":"2025-09-02T12:02:05","guid":{"rendered":"https:\/\/homeofwool.com\/?post_type=product&#038;p=217662"},"modified":"2026-03-27T08:37:24","modified_gmt":"2026-03-27T08:37:24","slug":"oreiller-pour-dormir-sur-le-dos","status":"publish","type":"product","link":"https:\/\/homeofwool.com\/fr\/shop\/back-side-sleeper-pillow\/","title":{"rendered":"Oreiller en laine pour dormeurs sur le dos et sur le c\u00f4t\u00e9"},"content":{"rendered":"<p>Profitez d'un sommeil sans douleur gr\u00e2ce \u00e0 notre oreiller en laine pour dormeurs sur le dos et sur le c\u00f4t\u00e9. Un oreiller naturel con\u00e7u pour soutenir les dormeurs sur le dos et sur le c\u00f4t\u00e9. Que vous restiez dans la m\u00eame position ou que vous bougiez pendant la nuit, cet oreiller en laine s'adapte \u00e0 votre morphologie pour soulager la pression sur votre cou, vos \u00e9paules et votre colonne vert\u00e9brale.<\/p>\n<p>Fabriqu\u00e9 \u00e0 la main sur commande avec un rembourrage naturel 100%, cet oreiller en laine offre un confort respirant et \u00e9vacuant l'humidit\u00e9 qui aide \u00e0 r\u00e9guler la temp\u00e9rature de votre corps en toute saison et \u00e0 vous garder parfaitement au sec toute la nuit.<\/p>\n<p>Une fermeture \u00e9clair vous permet d'ajuster le rembourrage afin d'obtenir la hauteur et la fermet\u00e9 souhait\u00e9es pour l'oreiller. La laine \u00e9lastique et le rembourrage offrent un soutien \u00e9quilibr\u00e9, ce qui en fait l'oreiller id\u00e9al pour soulager les douleurs.<\/p>\n<p>Naturellement hypoallerg\u00e9nique, antimicrobien et r\u00e9sistant aux acariens, cet oreiller orthop\u00e9dique est \u00e9galement exempt de produits chimiques. Il ne d\u00e9gage aucun gaz et ne contient aucun COV. Il est sans danger pour les personnes souffrant d'allergies et d'asthme. Il est 100 % biod\u00e9gradable et fabriqu\u00e9 \u00e0 partir de mat\u00e9riaux durables et renouvelables, pour un sommeil de meilleure qualit\u00e9 et un bonus \u00e9cologique.<\/p>","protected":false},"excerpt":{"rendered":"<p>L'oreiller en laine Back &amp; Side Sleeper offre un soutien cibl\u00e9 et un confort durable pour les personnes dormant sur le dos ou sur le c\u00f4t\u00e9. Fabriqu\u00e9 \u00e0 la main \u00e0 partir de laine naturelle 100%, cet oreiller orthop\u00e9dique est enti\u00e8rement r\u00e9glable pour un soulagement personnalis\u00e9 de la douleur, un meilleur alignement et une exp\u00e9rience de sommeil plus saine et hypoallerg\u00e9nique.<\/p>\n<p><strong>TAILLE<\/strong>: 76 x 32 x 13 cm<\/p>\n<div class=\"global-icon-set\">\n<div class=\"global-icon-set__items\">\n<div class=\"global-icon-set__item\">\n<div class=\"global-icon-set__image\">\n                                    <img decoding=\"async\" src=\"https:\/\/homeofwool.com\/wp-content\/uploads\/2025\/09\/handmade-icon-300x300.png\" alt=\"ic\u00f4ne artisanale\" \/>\n                                <\/div>\n<div class=\"global-icon-set__title\">Fait \u00e0 la main<\/div>\n<\/p><\/div>\n<div class=\"global-icon-set__item\">\n<div class=\"global-icon-set__image\">\n                                    <img decoding=\"async\" src=\"https:\/\/homeofwool.com\/wp-content\/uploads\/2025\/09\/Exceptionally-Supportive-min-300x300.png\" alt=\"ic\u00f4ne exceptionnellement encourageante\" \/>\n                                <\/div>\n<div class=\"global-icon-set__title\">Soutien exceptionnel<\/div>\n<\/p><\/div>\n<div class=\"global-icon-set__item\">\n<div class=\"global-icon-set__image\">\n                                    <img decoding=\"async\" src=\"https:\/\/homeofwool.com\/wp-content\/uploads\/2025\/09\/wicks-moisture-away-300x300.png\" alt=\"\u00e9vacue l&#039;humidit\u00e9\" \/>\n                                <\/div>\n<div class=\"global-icon-set__title\">Evacue l'humidit\u00e9<\/div>\n<\/p><\/div>\n<div class=\"global-icon-set__item\">\n<div class=\"global-icon-set__image\">\n                                    <img decoding=\"async\" src=\"https:\/\/homeofwool.com\/wp-content\/uploads\/2025\/09\/VOCs-min-300x300.png\" alt=\"vocs libre\" \/>\n                                <\/div>\n<div class=\"global-icon-set__title\">Sans COV<\/div>\n<\/p><\/div>\n<div class=\"global-icon-set__item\">\n<div class=\"global-icon-set__image\">\n                                    <img decoding=\"async\" src=\"https:\/\/homeofwool.com\/wp-content\/uploads\/2025\/09\/FR-min-300x300.png\" alt=\"ic\u00f4ne de r\u00e9sistance au feu\" \/>\n                                <\/div>\n<div class=\"global-icon-set__title\">R\u00e9sistant \u00e0 la flamme<\/div>\n<\/p><\/div>\n<div class=\"global-icon-set__item\">\n<div class=\"global-icon-set__image\">\n                                    <img decoding=\"async\" src=\"https:\/\/homeofwool.com\/wp-content\/uploads\/2025\/09\/Hypoallergenic-min-300x300.png\" alt=\"ic\u00f4ne hypoallerg\u00e9nique\" \/>\n                                <\/div>\n<div class=\"global-icon-set__title\">Hypoallerg\u00e9nique<\/div>\n<\/p><\/div>\n<div class=\"global-icon-set__item\">\n<div class=\"global-icon-set__image\">\n                                    <img decoding=\"async\" src=\"https:\/\/homeofwool.com\/wp-content\/uploads\/2025\/09\/free-of-synthetics-icon-300x300.png\" alt=\"sans mati\u00e8res synth\u00e9tiques ic\u00f4ne\" \/>\n                                <\/div>\n<div class=\"global-icon-set__title\">Sans mati\u00e8res synth\u00e9tiques<\/div>\n<\/p><\/div>\n<div class=\"global-icon-set__item\">\n<div class=\"global-icon-set__image\">\n                                    <img decoding=\"async\" src=\"https:\/\/homeofwool.com\/wp-content\/uploads\/2025\/09\/chemical-free-icon-300x300.png\" alt=\"ic\u00f4ne de l&#039;absence de produits chimiques\" \/>\n                                <\/div>\n<div class=\"global-icon-set__title\">Sans produits chimiques<\/div>\n<\/p><\/div>\n<div class=\"global-icon-set__item\">\n<div class=\"global-icon-set__image\">\n                                    <img decoding=\"async\" src=\"https:\/\/homeofwool.com\/wp-content\/uploads\/2025\/09\/anti-bacterial-icon-300x300.png\" alt=\"ic\u00f4ne anti-bact\u00e9rien\" \/>\n                                <\/div>\n<div class=\"global-icon-set__title\">Anti-microbien et anti-bact\u00e9rien<\/div>\n<\/p><\/div>\n<div class=\"global-icon-set__item\">\n<div class=\"global-icon-set__image\">\n                                    <img decoding=\"async\" src=\"https:\/\/homeofwool.com\/wp-content\/uploads\/2025\/09\/certified-materials-icon-300x300.png\" alt=\"ic\u00f4ne des mat\u00e9riaux certifi\u00e9s\" \/>\n                                <\/div>\n<div class=\"global-icon-set__title\">100% Mat\u00e9riaux certifi\u00e9s purs<\/div>\n<\/p><\/div>\n<\/p><\/div>\n<\/p><\/div>","protected":false},"featured_media":218497,"template":"","meta":{"_acf_changed":false},"product_brand":[],"product_cat":[254],"product_tag":[444,658,659,445,660,447,661,448,450,149,662],"class_list":{"0":"post-217662","1":"product","2":"type-product","3":"status-publish","4":"has-post-thumbnail","6":"product_cat-pillows-pillowcases","7":"product_tag-all-natural-pillow","8":"product_tag-anti-aging-pillow","9":"product_tag-anti-wrinkle-pillow","10":"product_tag-bed-pillow","11":"product_tag-best-pillow-for-side-and-back-sleepers","12":"product_tag-organic-pillow","13":"product_tag-pillow-for-side-and-back-sleepers","14":"product_tag-pillow-inserts","15":"product_tag-sleep-pillow","16":"product_tag-steps","17":"product_tag-wrinkle-prevention-pillow","19":"first","20":"instock","21":"shipping-taxable","22":"purchasable","23":"product-type-simple"},"acf":[],"yoast_head":"<!-- This site is optimized with the Yoast SEO Premium plugin v27.4 (Yoast SEO v27.4) - https:\/\/yoast.com\/product\/yoast-seo-premium-wordpress\/ -->\n<title>Back &amp; Side Sleeper Wool Pillow \u2013 Sleep Support &amp; Pain Relief | Home of Wool<\/title>\n<meta name=\"description\" content=\"Orthopedic wool pillow\u2014adjustable, breathable, and supportive for back and side sleepers. Relieves neck and shoulder pressure, regulates temperature, and offers a safe, hypoallergenic sleep.\" \/>\n<meta name=\"robots\" content=\"index, follow, max-snippet:-1, max-image-preview:large, max-video-preview:-1\" \/>\n<link rel=\"canonical\" href=\"https:\/\/homeofwool.com\/fr\/boutique\/oreiller-pour-dormir-sur-le-dos\/\" \/>\n<meta property=\"og:locale\" content=\"fr_FR\" \/>\n<meta property=\"og:type\" content=\"article\" \/>\n<meta property=\"og:title\" content=\"Back &amp; Side Sleeper Wool Pillow\" \/>\n<meta property=\"og:description\" content=\"Orthopedic wool pillow\u2014adjustable, breathable, and supportive for back and side sleepers. Relieves neck and shoulder pressure, regulates temperature, and offers a safe, hypoallergenic sleep.\" \/>\n<meta property=\"og:url\" content=\"https:\/\/homeofwool.com\/fr\/boutique\/oreiller-pour-dormir-sur-le-dos\/\" \/>\n<meta property=\"og:site_name\" content=\"Home of Wool\" \/>\n<meta property=\"article:publisher\" content=\"https:\/\/facebook.com\/HomeOfWoolOfficial\" \/>\n<meta property=\"article:modified_time\" content=\"2026-03-27T08:37:24+00:00\" \/>\n<meta property=\"og:image\" content=\"https:\/\/homeofwool.com\/wp-content\/uploads\/2025\/09\/home-of-wool-side-back-sleeper-pillow-1-main.jpg\" \/>\n\t<meta property=\"og:image:width\" content=\"2000\" \/>\n\t<meta property=\"og:image:height\" content=\"1600\" \/>\n\t<meta property=\"og:image:type\" content=\"image\/jpeg\" \/>\n<meta name=\"twitter:card\" content=\"summary_large_image\" \/>\n<meta name=\"twitter:label1\" content=\"Dur\u00e9e de lecture estim\u00e9e\" \/>\n\t<meta name=\"twitter:data1\" content=\"1 minute\" \/>\n<script type=\"application\/ld+json\" class=\"yoast-schema-graph\">{\"@context\":\"https:\\\/\\\/schema.org\",\"@graph\":[{\"@type\":\"WebPage\",\"@id\":\"https:\\\/\\\/homeofwool.com\\\/shop\\\/back-side-sleeper-pillow\\\/\",\"url\":\"https:\\\/\\\/homeofwool.com\\\/shop\\\/back-side-sleeper-pillow\\\/\",\"name\":\"Back & Side Sleeper Wool Pillow \u2013 Sleep Support & Pain Relief | Home of Wool\",\"isPartOf\":{\"@id\":\"https:\\\/\\\/homeofwool.com\\\/#website\"},\"primaryImageOfPage\":{\"@id\":\"https:\\\/\\\/homeofwool.com\\\/shop\\\/back-side-sleeper-pillow\\\/#primaryimage\"},\"image\":{\"@id\":\"https:\\\/\\\/homeofwool.com\\\/shop\\\/back-side-sleeper-pillow\\\/#primaryimage\"},\"thumbnailUrl\":\"https:\\\/\\\/homeofwool.com\\\/wp-content\\\/uploads\\\/2025\\\/09\\\/home-of-wool-side-back-sleeper-pillow-1-main.jpg\",\"datePublished\":\"2025-09-02T12:02:05+00:00\",\"dateModified\":\"2026-03-27T08:37:24+00:00\",\"description\":\"Orthopedic wool pillow\u2014adjustable, breathable, and supportive for back and side sleepers. Relieves neck and shoulder pressure, regulates temperature, and offers a safe, hypoallergenic sleep.\",\"breadcrumb\":{\"@id\":\"https:\\\/\\\/homeofwool.com\\\/shop\\\/back-side-sleeper-pillow\\\/#breadcrumb\"},\"inLanguage\":\"fr-FR\",\"potentialAction\":[{\"@type\":\"ReadAction\",\"target\":[\"https:\\\/\\\/homeofwool.com\\\/shop\\\/back-side-sleeper-pillow\\\/\"]}]},{\"@type\":\"ImageObject\",\"inLanguage\":\"fr-FR\",\"@id\":\"https:\\\/\\\/homeofwool.com\\\/shop\\\/back-side-sleeper-pillow\\\/#primaryimage\",\"url\":\"https:\\\/\\\/homeofwool.com\\\/wp-content\\\/uploads\\\/2025\\\/09\\\/home-of-wool-side-back-sleeper-pillow-1-main.jpg\",\"contentUrl\":\"https:\\\/\\\/homeofwool.com\\\/wp-content\\\/uploads\\\/2025\\\/09\\\/home-of-wool-side-back-sleeper-pillow-1-main.jpg\",\"width\":2000,\"height\":1600,\"caption\":\"girl sleeping on home of wool side and back pillow\"},{\"@type\":\"BreadcrumbList\",\"@id\":\"https:\\\/\\\/homeofwool.com\\\/shop\\\/back-side-sleeper-pillow\\\/#breadcrumb\",\"itemListElement\":[{\"@type\":\"ListItem\",\"position\":1,\"name\":\"Home\",\"item\":\"https:\\\/\\\/homeofwool.com\\\/\"},{\"@type\":\"ListItem\",\"position\":2,\"name\":\"Products\",\"item\":\"https:\\\/\\\/homeofwool.com\\\/header-search-2\\\/\"},{\"@type\":\"ListItem\",\"position\":3,\"name\":\"Back &#038; Side Sleeper Wool Pillow\"}]},{\"@type\":\"WebSite\",\"@id\":\"https:\\\/\\\/homeofwool.com\\\/#website\",\"url\":\"https:\\\/\\\/homeofwool.com\\\/\",\"name\":\"Home of Wool\",\"description\":\"\",\"publisher\":{\"@id\":\"https:\\\/\\\/homeofwool.com\\\/#organization\"},\"potentialAction\":[{\"@type\":\"SearchAction\",\"target\":{\"@type\":\"EntryPoint\",\"urlTemplate\":\"https:\\\/\\\/homeofwool.com\\\/?s={search_term_string}\"},\"query-input\":{\"@type\":\"PropertyValueSpecification\",\"valueRequired\":true,\"valueName\":\"search_term_string\"}}],\"inLanguage\":\"fr-FR\"},{\"@type\":\"Organization\",\"@id\":\"https:\\\/\\\/homeofwool.com\\\/#organization\",\"name\":\"Home of Wool\",\"url\":\"https:\\\/\\\/homeofwool.com\\\/\",\"logo\":{\"@type\":\"ImageObject\",\"inLanguage\":\"fr-FR\",\"@id\":\"https:\\\/\\\/homeofwool.com\\\/#\\\/schema\\\/logo\\\/image\\\/\",\"url\":\"https:\\\/\\\/homeofwool.com\\\/wp-content\\\/uploads\\\/2025\\\/09\\\/WhatsApp-Image-2025-12-02-at-16.23.20.jpeg\",\"contentUrl\":\"https:\\\/\\\/homeofwool.com\\\/wp-content\\\/uploads\\\/2025\\\/09\\\/WhatsApp-Image-2025-12-02-at-16.23.20.jpeg\",\"width\":700,\"height\":247,\"caption\":\"Home of Wool\"},\"image\":{\"@id\":\"https:\\\/\\\/homeofwool.com\\\/#\\\/schema\\\/logo\\\/image\\\/\"},\"sameAs\":[\"https:\\\/\\\/facebook.com\\\/HomeOfWoolOfficial\"]}]}<\/script>\n<!-- \/ Yoast SEO Premium plugin. -->","yoast_head_json":{"title":"Oreiller en laine pour dormeurs sur le dos et sur le c\u00f4t\u00e9 \u2013 Soutien du sommeil et soulagement de la douleur | Home of Wool","description":"Oreiller orthop\u00e9dique en laine \u2014 r\u00e9glable, respirant et offrant un bon soutien pour les personnes dormant sur le dos ou sur le c\u00f4t\u00e9. Soulage la pression au niveau du cou et des \u00e9paules, r\u00e9gule la temp\u00e9rature et offre un sommeil s\u00fbr et hypoallerg\u00e9nique.","robots":{"index":"index","follow":"follow","max-snippet":"max-snippet:-1","max-image-preview":"max-image-preview:large","max-video-preview":"max-video-preview:-1"},"canonical":"https:\/\/homeofwool.com\/fr\/boutique\/oreiller-pour-dormir-sur-le-dos\/","og_locale":"fr_FR","og_type":"article","og_title":"Back & Side Sleeper Wool Pillow","og_description":"Orthopedic wool pillow\u2014adjustable, breathable, and supportive for back and side sleepers. Relieves neck and shoulder pressure, regulates temperature, and offers a safe, hypoallergenic sleep.","og_url":"https:\/\/homeofwool.com\/fr\/boutique\/oreiller-pour-dormir-sur-le-dos\/","og_site_name":"Home of Wool","article_publisher":"https:\/\/facebook.com\/HomeOfWoolOfficial","article_modified_time":"2026-03-27T08:37:24+00:00","og_image":[{"width":2000,"height":1600,"url":"https:\/\/homeofwool.com\/wp-content\/uploads\/2025\/09\/home-of-wool-side-back-sleeper-pillow-1-main.jpg","type":"image\/jpeg"}],"twitter_card":"summary_large_image","twitter_misc":{"Dur\u00e9e de lecture estim\u00e9e":"1 minute"},"schema":{"@context":"https:\/\/schema.org","@graph":[{"@type":"WebPage","@id":"https:\/\/homeofwool.com\/shop\/back-side-sleeper-pillow\/","url":"https:\/\/homeofwool.com\/shop\/back-side-sleeper-pillow\/","name":"Oreiller en laine pour dormeurs sur le dos et sur le c\u00f4t\u00e9 \u2013 Soutien du sommeil et soulagement de la douleur | Home of Wool","isPartOf":{"@id":"https:\/\/homeofwool.com\/#website"},"primaryImageOfPage":{"@id":"https:\/\/homeofwool.com\/shop\/back-side-sleeper-pillow\/#primaryimage"},"image":{"@id":"https:\/\/homeofwool.com\/shop\/back-side-sleeper-pillow\/#primaryimage"},"thumbnailUrl":"https:\/\/homeofwool.com\/wp-content\/uploads\/2025\/09\/home-of-wool-side-back-sleeper-pillow-1-main.jpg","datePublished":"2025-09-02T12:02:05+00:00","dateModified":"2026-03-27T08:37:24+00:00","description":"Oreiller orthop\u00e9dique en laine \u2014 r\u00e9glable, respirant et offrant un bon soutien pour les personnes dormant sur le dos ou sur le c\u00f4t\u00e9. Soulage la pression au niveau du cou et des \u00e9paules, r\u00e9gule la temp\u00e9rature et offre un sommeil s\u00fbr et hypoallerg\u00e9nique.","breadcrumb":{"@id":"https:\/\/homeofwool.com\/shop\/back-side-sleeper-pillow\/#breadcrumb"},"inLanguage":"fr-FR","potentialAction":[{"@type":"ReadAction","target":["https:\/\/homeofwool.com\/shop\/back-side-sleeper-pillow\/"]}]},{"@type":"ImageObject","inLanguage":"fr-FR","@id":"https:\/\/homeofwool.com\/shop\/back-side-sleeper-pillow\/#primaryimage","url":"https:\/\/homeofwool.com\/wp-content\/uploads\/2025\/09\/home-of-wool-side-back-sleeper-pillow-1-main.jpg","contentUrl":"https:\/\/homeofwool.com\/wp-content\/uploads\/2025\/09\/home-of-wool-side-back-sleeper-pillow-1-main.jpg","width":2000,"height":1600,"caption":"girl sleeping on home of wool side and back pillow"},{"@type":"BreadcrumbList","@id":"https:\/\/homeofwool.com\/shop\/back-side-sleeper-pillow\/#breadcrumb","itemListElement":[{"@type":"ListItem","position":1,"name":"Home","item":"https:\/\/homeofwool.com\/"},{"@type":"ListItem","position":2,"name":"Products","item":"https:\/\/homeofwool.com\/header-search-2\/"},{"@type":"ListItem","position":3,"name":"Back &#038; Side Sleeper Wool Pillow"}]},{"@type":"WebSite","@id":"https:\/\/homeofwool.com\/#website","url":"https:\/\/homeofwool.com\/","name":"La maison de la laine","description":"","publisher":{"@id":"https:\/\/homeofwool.com\/#organization"},"potentialAction":[{"@type":"SearchAction","target":{"@type":"EntryPoint","urlTemplate":"https:\/\/homeofwool.com\/?s={search_term_string}"},"query-input":{"@type":"PropertyValueSpecification","valueRequired":true,"valueName":"search_term_string"}}],"inLanguage":"fr-FR"},{"@type":"Organization","@id":"https:\/\/homeofwool.com\/#organization","name":"La maison de la laine","url":"https:\/\/homeofwool.com\/","logo":{"@type":"ImageObject","inLanguage":"fr-FR","@id":"https:\/\/homeofwool.com\/#\/schema\/logo\/image\/","url":"https:\/\/homeofwool.com\/wp-content\/uploads\/2025\/09\/WhatsApp-Image-2025-12-02-at-16.23.20.jpeg","contentUrl":"https:\/\/homeofwool.com\/wp-content\/uploads\/2025\/09\/WhatsApp-Image-2025-12-02-at-16.23.20.jpeg","width":700,"height":247,"caption":"Home of Wool"},"image":{"@id":"https:\/\/homeofwool.com\/#\/schema\/logo\/image\/"},"sameAs":["https:\/\/facebook.com\/HomeOfWoolOfficial"]}]}},"_links":{"self":[{"href":"https:\/\/homeofwool.com\/fr\/wp-json\/wp\/v2\/product\/217662","targetHints":{"allow":["GET"]}}],"collection":[{"href":"https:\/\/homeofwool.com\/fr\/wp-json\/wp\/v2\/product"}],"about":[{"href":"https:\/\/homeofwool.com\/fr\/wp-json\/wp\/v2\/types\/product"}],"version-history":[{"count":2,"href":"https:\/\/homeofwool.com\/fr\/wp-json\/wp\/v2\/product\/217662\/revisions"}],"predecessor-version":[{"id":226290,"href":"https:\/\/homeofwool.com\/fr\/wp-json\/wp\/v2\/product\/217662\/revisions\/226290"}],"wp:featuredmedia":[{"embeddable":true,"href":"https:\/\/homeofwool.com\/fr\/wp-json\/wp\/v2\/media\/218497"}],"wp:attachment":[{"href":"https:\/\/homeofwool.com\/fr\/wp-json\/wp\/v2\/media?parent=217662"}],"wp:term":[{"taxonomy":"product_brand","embeddable":true,"href":"https:\/\/homeofwool.com\/fr\/wp-json\/wp\/v2\/product_brand?post=217662"},{"taxonomy":"product_cat","embeddable":true,"href":"https:\/\/homeofwool.com\/fr\/wp-json\/wp\/v2\/product_cat?post=217662"},{"taxonomy":"product_tag","embeddable":true,"href":"https:\/\/homeofwool.com\/fr\/wp-json\/wp\/v2\/product_tag?post=217662"}],"curies":[{"name":"wp","href":"https:\/\/api.w.org\/{rel}","templated":true}]}}