{"id":217657,"date":"2025-09-02T12:02:05","date_gmt":"2025-09-02T12:02:05","guid":{"rendered":"https:\/\/homeofwool.com\/?post_type=product&#038;p=217657"},"modified":"2026-03-31T07:22:15","modified_gmt":"2026-03-31T07:22:15","slug":"couverture-epaisse","status":"publish","type":"product","link":"https:\/\/homeofwool.com\/fr\/shop\/heavy-blanket\/","title":{"rendered":"Couverture en laine \u00e9paisse"},"content":{"rendered":"<p>Lorsque vous touchez cette lourde couverture en laine, vous avez l'impression qu'elle est r\u00e9elle. Vous pouvez sentir les petites vagues des fibres sous votre main, vivantes et ancr\u00e9es. Certaines personnes remarquent que la surface r\u00e9veille un peu leur peau... c'est une sensation de sant\u00e9, presque comme une brosse douce. Il y a ce doux parfum de la laine propre lorsqu'elle est neuve : naturel, terreux et chaud. Elle s'estompe apr\u00e8s la premi\u00e8re semaine, ne laissant derri\u00e8re elle qu'un confort tranquille et un sentiment de calme.<\/p>\n<p>La couverture en laine lourde repose autour de votre corps avec un poids silencieux. Elle vous tient chaud quand il fait froid et laisse l'air circuler quand il ne fait pas froid. Pas d'enduction, pas de traitement, rien de toxique ajout\u00e9.<\/p>\n<p>C'est l'une de ces couvertures de lit qui s'int\u00e8gre \u00e0 votre espace, ou un plaid en laine qui vous suit du canap\u00e9 \u00e0 la v\u00e9randa. Elle a l'air simple, mais elle semble vivante dans vos mains. C'est peut-\u00eatre la raison pour laquelle les gens la gardent pendant des ann\u00e9es... elle est tout simplement agr\u00e9able \u00e0 porter.<\/p>\n<p>La couverture est disponible en trois tailles :<\/p>\n<p><strong>Petit :<\/strong> 43 x 63\u2033 (110 \u0445 160 cm), 2,9 lbs (1,3 kg)<br \/>\n<strong>Moyen :<\/strong> 59 x 83\u2033 (150 x 220 cm), 5,7 lbs (2,6 kg)<br \/>\n<strong>Grand :<\/strong> 79 x 87\u2033 (200 x 220 cm), 7,3 lbs (3,3 kg)<\/p>","protected":false},"excerpt":{"rendered":"<p>Cette couverture en laine \u00e9paisse donne une impression de calme et de stabilit\u00e9. Elle est brute et naturelle au toucher. Le genre de texture que l'on ne trouve que dans la laine pure. Pas parfaitement lisse, juste naturelle. Un morceau de nature qui vous aide \u00e0 vous endormir plus rapidement et \u00e0 dormir plus profond\u00e9ment et sans interruption.<\/p>\n<p>&nbsp;<\/p>\n<div class=\"global-icon-set\">\n<div class=\"global-icon-set__items\">\n<div class=\"global-icon-set__item\">\n<div class=\"global-icon-set__image\">\n                                    <img decoding=\"async\" src=\"https:\/\/homeofwool.com\/wp-content\/uploads\/2025\/09\/wicks-moisture-away-300x300.png\" alt=\"\u00e9vacue l&#039;humidit\u00e9\" \/>\n                                <\/div>\n<div class=\"global-icon-set__title\">Evacue l'humidit\u00e9<\/div>\n<\/p><\/div>\n<div class=\"global-icon-set__item\">\n<div class=\"global-icon-set__image\">\n                                    <img decoding=\"async\" src=\"https:\/\/homeofwool.com\/wp-content\/uploads\/2025\/09\/VOCs-min-300x300.png\" alt=\"vocs libre\" \/>\n                                <\/div>\n<div class=\"global-icon-set__title\">Sans COV<\/div>\n<\/p><\/div>\n<div class=\"global-icon-set__item\">\n<div class=\"global-icon-set__image\">\n                                    <img decoding=\"async\" src=\"https:\/\/homeofwool.com\/wp-content\/uploads\/2025\/09\/FR-min-300x300.png\" alt=\"ic\u00f4ne de r\u00e9sistance au feu\" \/>\n                                <\/div>\n<div class=\"global-icon-set__title\">R\u00e9sistant \u00e0 la flamme<\/div>\n<\/p><\/div>\n<div class=\"global-icon-set__item\">\n<div class=\"global-icon-set__image\">\n                                    <img decoding=\"async\" src=\"https:\/\/homeofwool.com\/wp-content\/uploads\/2025\/09\/Hypoallergenic-min-300x300.png\" alt=\"ic\u00f4ne hypoallerg\u00e9nique\" \/>\n                                <\/div>\n<div class=\"global-icon-set__title\">Hypoallerg\u00e9nique<\/div>\n<\/p><\/div>\n<div class=\"global-icon-set__item\">\n<div class=\"global-icon-set__image\">\n                                    <img decoding=\"async\" src=\"https:\/\/homeofwool.com\/wp-content\/uploads\/2025\/09\/free-of-synthetics-icon-300x300.png\" alt=\"sans mati\u00e8res synth\u00e9tiques ic\u00f4ne\" \/>\n                                <\/div>\n<div class=\"global-icon-set__title\">Sans mati\u00e8res synth\u00e9tiques<\/div>\n<\/p><\/div>\n<div class=\"global-icon-set__item\">\n<div class=\"global-icon-set__image\">\n                                    <img decoding=\"async\" src=\"https:\/\/homeofwool.com\/wp-content\/uploads\/2025\/09\/chemical-free-icon-300x300.png\" alt=\"ic\u00f4ne de l&#039;absence de produits chimiques\" \/>\n                                <\/div>\n<div class=\"global-icon-set__title\">Sans produits chimiques<\/div>\n<\/p><\/div>\n<div class=\"global-icon-set__item\">\n<div class=\"global-icon-set__image\">\n                                    <img decoding=\"async\" src=\"https:\/\/homeofwool.com\/wp-content\/uploads\/2025\/09\/anti-bacterial-icon-300x300.png\" alt=\"ic\u00f4ne anti-bact\u00e9rien\" \/>\n                                <\/div>\n<div class=\"global-icon-set__title\">Anti-microbien et anti-bact\u00e9rien<\/div>\n<\/p><\/div>\n<div class=\"global-icon-set__item\">\n<div class=\"global-icon-set__image\">\n                                    <img decoding=\"async\" src=\"https:\/\/homeofwool.com\/wp-content\/uploads\/2025\/09\/certified-materials-icon-300x300.png\" alt=\"ic\u00f4ne des mat\u00e9riaux certifi\u00e9s\" \/>\n                                <\/div>\n<div class=\"global-icon-set__title\">100% Mat\u00e9riaux certifi\u00e9s purs<\/div>\n<\/p><\/div>\n<\/p><\/div>\n<\/p><\/div>","protected":false},"featured_media":221187,"template":"","meta":{"_acf_changed":false},"product_brand":[],"product_cat":[60],"product_tag":[],"class_list":{"0":"post-217657","1":"product","2":"type-product","3":"status-publish","4":"has-post-thumbnail","6":"product_cat-blankets-duvets","8":"first","9":"outofstock","10":"shipping-taxable","11":"purchasable","12":"product-type-variable"},"acf":[],"yoast_head":"<!-- This site is optimized with the Yoast SEO Premium plugin v27.3 (Yoast SEO v27.3) - https:\/\/yoast.com\/product\/yoast-seo-premium-wordpress\/ -->\n<title>Heavy Wool Blanket \u2013 Glamping &amp; Outdoor Adventures | Home of Wool<\/title>\n<meta name=\"description\" content=\"Eco-friendly and warm, the Heavy Wool Blanket is made with breathable wool. Hypoallergenic and toxin-free, it delivers safe, sustainable comfort as a throw or bed blanket.\" \/>\n<meta name=\"robots\" content=\"index, follow, max-snippet:-1, max-image-preview:large, max-video-preview:-1\" \/>\n<link rel=\"canonical\" href=\"https:\/\/homeofwool.com\/fr\/boutique\/couverture-epaisse\/\" \/>\n<meta property=\"og:locale\" content=\"fr_FR\" \/>\n<meta property=\"og:type\" content=\"article\" \/>\n<meta property=\"og:title\" content=\"Heavy Wool Blanket\" \/>\n<meta property=\"og:description\" content=\"Eco-friendly and warm, the Heavy Wool Blanket is made with breathable wool. Hypoallergenic and toxin-free, it delivers safe, sustainable comfort as a throw or bed blanket.\" \/>\n<meta property=\"og:url\" content=\"https:\/\/homeofwool.com\/fr\/boutique\/couverture-epaisse\/\" \/>\n<meta property=\"og:site_name\" content=\"Home of Wool\" \/>\n<meta property=\"article:publisher\" content=\"https:\/\/facebook.com\/HomeOfWoolOfficial\" \/>\n<meta property=\"article:modified_time\" content=\"2026-03-31T07:22:15+00:00\" \/>\n<meta property=\"og:image\" content=\"https:\/\/homeofwool.com\/wp-content\/uploads\/2025\/09\/home-of-wool-heavy-wool-blanket-blanket-1-sizes-available-\u0441\u043c\u0435\u043d\u044f\u043c\u0435-\u043f\u044a\u0440\u0432\u0430\u0442\u0430-\u0441\u043d\u0438\u043c\u043a\u0430-\u0432\u044a\u0432-\u0432\u0441\u0438\u0447\u043a\u0438-\u043c\u0430\u0433\u0430\u0437\u0438\u043d\u0438.jpg\" \/>\n\t<meta property=\"og:image:width\" content=\"2400\" \/>\n\t<meta property=\"og:image:height\" content=\"1920\" \/>\n\t<meta property=\"og:image:type\" content=\"image\/jpeg\" \/>\n<meta name=\"twitter:card\" content=\"summary_large_image\" \/>\n<meta name=\"twitter:label1\" content=\"Dur\u00e9e de lecture estim\u00e9e\" \/>\n\t<meta name=\"twitter:data1\" content=\"2 minutes\" \/>\n<script type=\"application\/ld+json\" class=\"yoast-schema-graph\">{\"@context\":\"https:\\\/\\\/schema.org\",\"@graph\":[{\"@type\":\"WebPage\",\"@id\":\"https:\\\/\\\/homeofwool.com\\\/shop\\\/heavy-blanket\\\/\",\"url\":\"https:\\\/\\\/homeofwool.com\\\/shop\\\/heavy-blanket\\\/\",\"name\":\"Heavy Wool Blanket \u2013 Glamping & Outdoor Adventures | Home of Wool\",\"isPartOf\":{\"@id\":\"https:\\\/\\\/homeofwool.com\\\/#website\"},\"primaryImageOfPage\":{\"@id\":\"https:\\\/\\\/homeofwool.com\\\/shop\\\/heavy-blanket\\\/#primaryimage\"},\"image\":{\"@id\":\"https:\\\/\\\/homeofwool.com\\\/shop\\\/heavy-blanket\\\/#primaryimage\"},\"thumbnailUrl\":\"https:\\\/\\\/homeofwool.com\\\/wp-content\\\/uploads\\\/2025\\\/09\\\/home-of-wool-heavy-wool-blanket-blanket-1-sizes-available-\u0441\u043c\u0435\u043d\u044f\u043c\u0435-\u043f\u044a\u0440\u0432\u0430\u0442\u0430-\u0441\u043d\u0438\u043c\u043a\u0430-\u0432\u044a\u0432-\u0432\u0441\u0438\u0447\u043a\u0438-\u043c\u0430\u0433\u0430\u0437\u0438\u043d\u0438.jpg\",\"datePublished\":\"2025-09-02T12:02:05+00:00\",\"dateModified\":\"2026-03-31T07:22:15+00:00\",\"description\":\"Eco-friendly and warm, the Heavy Wool Blanket is made with breathable wool. Hypoallergenic and toxin-free, it delivers safe, sustainable comfort as a throw or bed blanket.\",\"breadcrumb\":{\"@id\":\"https:\\\/\\\/homeofwool.com\\\/shop\\\/heavy-blanket\\\/#breadcrumb\"},\"inLanguage\":\"fr-FR\",\"potentialAction\":[{\"@type\":\"ReadAction\",\"target\":[\"https:\\\/\\\/homeofwool.com\\\/shop\\\/heavy-blanket\\\/\"]}]},{\"@type\":\"ImageObject\",\"inLanguage\":\"fr-FR\",\"@id\":\"https:\\\/\\\/homeofwool.com\\\/shop\\\/heavy-blanket\\\/#primaryimage\",\"url\":\"https:\\\/\\\/homeofwool.com\\\/wp-content\\\/uploads\\\/2025\\\/09\\\/home-of-wool-heavy-wool-blanket-blanket-1-sizes-available-\u0441\u043c\u0435\u043d\u044f\u043c\u0435-\u043f\u044a\u0440\u0432\u0430\u0442\u0430-\u0441\u043d\u0438\u043c\u043a\u0430-\u0432\u044a\u0432-\u0432\u0441\u0438\u0447\u043a\u0438-\u043c\u0430\u0433\u0430\u0437\u0438\u043d\u0438.jpg\",\"contentUrl\":\"https:\\\/\\\/homeofwool.com\\\/wp-content\\\/uploads\\\/2025\\\/09\\\/home-of-wool-heavy-wool-blanket-blanket-1-sizes-available-\u0441\u043c\u0435\u043d\u044f\u043c\u0435-\u043f\u044a\u0440\u0432\u0430\u0442\u0430-\u0441\u043d\u0438\u043c\u043a\u0430-\u0432\u044a\u0432-\u0432\u0441\u0438\u0447\u043a\u0438-\u043c\u0430\u0433\u0430\u0437\u0438\u043d\u0438.jpg\",\"width\":2400,\"height\":1920,\"caption\":\"wool heavy blanket folded over\"},{\"@type\":\"BreadcrumbList\",\"@id\":\"https:\\\/\\\/homeofwool.com\\\/shop\\\/heavy-blanket\\\/#breadcrumb\",\"itemListElement\":[{\"@type\":\"ListItem\",\"position\":1,\"name\":\"Home\",\"item\":\"https:\\\/\\\/homeofwool.com\\\/\"},{\"@type\":\"ListItem\",\"position\":2,\"name\":\"Products\",\"item\":\"https:\\\/\\\/homeofwool.com\\\/header-search-2\\\/\"},{\"@type\":\"ListItem\",\"position\":3,\"name\":\"Heavy Wool Blanket\"}]},{\"@type\":\"WebSite\",\"@id\":\"https:\\\/\\\/homeofwool.com\\\/#website\",\"url\":\"https:\\\/\\\/homeofwool.com\\\/\",\"name\":\"Home of Wool\",\"description\":\"\",\"publisher\":{\"@id\":\"https:\\\/\\\/homeofwool.com\\\/#organization\"},\"potentialAction\":[{\"@type\":\"SearchAction\",\"target\":{\"@type\":\"EntryPoint\",\"urlTemplate\":\"https:\\\/\\\/homeofwool.com\\\/?s={search_term_string}\"},\"query-input\":{\"@type\":\"PropertyValueSpecification\",\"valueRequired\":true,\"valueName\":\"search_term_string\"}}],\"inLanguage\":\"fr-FR\"},{\"@type\":\"Organization\",\"@id\":\"https:\\\/\\\/homeofwool.com\\\/#organization\",\"name\":\"Home of Wool\",\"url\":\"https:\\\/\\\/homeofwool.com\\\/\",\"logo\":{\"@type\":\"ImageObject\",\"inLanguage\":\"fr-FR\",\"@id\":\"https:\\\/\\\/homeofwool.com\\\/#\\\/schema\\\/logo\\\/image\\\/\",\"url\":\"https:\\\/\\\/homeofwool.com\\\/wp-content\\\/uploads\\\/2025\\\/09\\\/WhatsApp-Image-2025-12-02-at-16.23.20.jpeg\",\"contentUrl\":\"https:\\\/\\\/homeofwool.com\\\/wp-content\\\/uploads\\\/2025\\\/09\\\/WhatsApp-Image-2025-12-02-at-16.23.20.jpeg\",\"width\":700,\"height\":247,\"caption\":\"Home of Wool\"},\"image\":{\"@id\":\"https:\\\/\\\/homeofwool.com\\\/#\\\/schema\\\/logo\\\/image\\\/\"},\"sameAs\":[\"https:\\\/\\\/facebook.com\\\/HomeOfWoolOfficial\"]}]}<\/script>\n<!-- \/ Yoast SEO Premium plugin. -->","yoast_head_json":{"title":"Couverture en laine \u00e9paisse - Glamping &amp; Outdoor Adventures | Home of Wool","description":"\u00c9cologique et chaude, la Heavy Wool Blanket est fabriqu\u00e9e en laine respirante. Hypoallerg\u00e9nique et sans toxines, elle offre un confort s\u00fbr et durable en tant que couverture de lit ou de sol.","robots":{"index":"index","follow":"follow","max-snippet":"max-snippet:-1","max-image-preview":"max-image-preview:large","max-video-preview":"max-video-preview:-1"},"canonical":"https:\/\/homeofwool.com\/fr\/boutique\/couverture-epaisse\/","og_locale":"fr_FR","og_type":"article","og_title":"Heavy Wool Blanket","og_description":"Eco-friendly and warm, the Heavy Wool Blanket is made with breathable wool. Hypoallergenic and toxin-free, it delivers safe, sustainable comfort as a throw or bed blanket.","og_url":"https:\/\/homeofwool.com\/fr\/boutique\/couverture-epaisse\/","og_site_name":"Home of Wool","article_publisher":"https:\/\/facebook.com\/HomeOfWoolOfficial","article_modified_time":"2026-03-31T07:22:15+00:00","og_image":[{"width":2400,"height":1920,"url":"https:\/\/homeofwool.com\/wp-content\/uploads\/2025\/09\/home-of-wool-heavy-wool-blanket-blanket-1-sizes-available-\u0441\u043c\u0435\u043d\u044f\u043c\u0435-\u043f\u044a\u0440\u0432\u0430\u0442\u0430-\u0441\u043d\u0438\u043c\u043a\u0430-\u0432\u044a\u0432-\u0432\u0441\u0438\u0447\u043a\u0438-\u043c\u0430\u0433\u0430\u0437\u0438\u043d\u0438.jpg","type":"image\/jpeg"}],"twitter_card":"summary_large_image","twitter_misc":{"Dur\u00e9e de lecture estim\u00e9e":"2 minutes"},"schema":{"@context":"https:\/\/schema.org","@graph":[{"@type":"WebPage","@id":"https:\/\/homeofwool.com\/shop\/heavy-blanket\/","url":"https:\/\/homeofwool.com\/shop\/heavy-blanket\/","name":"Couverture en laine \u00e9paisse - Glamping &amp; Outdoor Adventures | Home of Wool","isPartOf":{"@id":"https:\/\/homeofwool.com\/#website"},"primaryImageOfPage":{"@id":"https:\/\/homeofwool.com\/shop\/heavy-blanket\/#primaryimage"},"image":{"@id":"https:\/\/homeofwool.com\/shop\/heavy-blanket\/#primaryimage"},"thumbnailUrl":"https:\/\/homeofwool.com\/wp-content\/uploads\/2025\/09\/home-of-wool-heavy-wool-blanket-blanket-1-sizes-available-\u0441\u043c\u0435\u043d\u044f\u043c\u0435-\u043f\u044a\u0440\u0432\u0430\u0442\u0430-\u0441\u043d\u0438\u043c\u043a\u0430-\u0432\u044a\u0432-\u0432\u0441\u0438\u0447\u043a\u0438-\u043c\u0430\u0433\u0430\u0437\u0438\u043d\u0438.jpg","datePublished":"2025-09-02T12:02:05+00:00","dateModified":"2026-03-31T07:22:15+00:00","description":"\u00c9cologique et chaude, la Heavy Wool Blanket est fabriqu\u00e9e en laine respirante. Hypoallerg\u00e9nique et sans toxines, elle offre un confort s\u00fbr et durable en tant que couverture de lit ou de sol.","breadcrumb":{"@id":"https:\/\/homeofwool.com\/shop\/heavy-blanket\/#breadcrumb"},"inLanguage":"fr-FR","potentialAction":[{"@type":"ReadAction","target":["https:\/\/homeofwool.com\/shop\/heavy-blanket\/"]}]},{"@type":"ImageObject","inLanguage":"fr-FR","@id":"https:\/\/homeofwool.com\/shop\/heavy-blanket\/#primaryimage","url":"https:\/\/homeofwool.com\/wp-content\/uploads\/2025\/09\/home-of-wool-heavy-wool-blanket-blanket-1-sizes-available-\u0441\u043c\u0435\u043d\u044f\u043c\u0435-\u043f\u044a\u0440\u0432\u0430\u0442\u0430-\u0441\u043d\u0438\u043c\u043a\u0430-\u0432\u044a\u0432-\u0432\u0441\u0438\u0447\u043a\u0438-\u043c\u0430\u0433\u0430\u0437\u0438\u043d\u0438.jpg","contentUrl":"https:\/\/homeofwool.com\/wp-content\/uploads\/2025\/09\/home-of-wool-heavy-wool-blanket-blanket-1-sizes-available-\u0441\u043c\u0435\u043d\u044f\u043c\u0435-\u043f\u044a\u0440\u0432\u0430\u0442\u0430-\u0441\u043d\u0438\u043c\u043a\u0430-\u0432\u044a\u0432-\u0432\u0441\u0438\u0447\u043a\u0438-\u043c\u0430\u0433\u0430\u0437\u0438\u043d\u0438.jpg","width":2400,"height":1920,"caption":"wool heavy blanket folded over"},{"@type":"BreadcrumbList","@id":"https:\/\/homeofwool.com\/shop\/heavy-blanket\/#breadcrumb","itemListElement":[{"@type":"ListItem","position":1,"name":"Home","item":"https:\/\/homeofwool.com\/"},{"@type":"ListItem","position":2,"name":"Products","item":"https:\/\/homeofwool.com\/header-search-2\/"},{"@type":"ListItem","position":3,"name":"Heavy Wool Blanket"}]},{"@type":"WebSite","@id":"https:\/\/homeofwool.com\/#website","url":"https:\/\/homeofwool.com\/","name":"La maison de la laine","description":"","publisher":{"@id":"https:\/\/homeofwool.com\/#organization"},"potentialAction":[{"@type":"SearchAction","target":{"@type":"EntryPoint","urlTemplate":"https:\/\/homeofwool.com\/?s={search_term_string}"},"query-input":{"@type":"PropertyValueSpecification","valueRequired":true,"valueName":"search_term_string"}}],"inLanguage":"fr-FR"},{"@type":"Organization","@id":"https:\/\/homeofwool.com\/#organization","name":"La maison de la laine","url":"https:\/\/homeofwool.com\/","logo":{"@type":"ImageObject","inLanguage":"fr-FR","@id":"https:\/\/homeofwool.com\/#\/schema\/logo\/image\/","url":"https:\/\/homeofwool.com\/wp-content\/uploads\/2025\/09\/WhatsApp-Image-2025-12-02-at-16.23.20.jpeg","contentUrl":"https:\/\/homeofwool.com\/wp-content\/uploads\/2025\/09\/WhatsApp-Image-2025-12-02-at-16.23.20.jpeg","width":700,"height":247,"caption":"Home of Wool"},"image":{"@id":"https:\/\/homeofwool.com\/#\/schema\/logo\/image\/"},"sameAs":["https:\/\/facebook.com\/HomeOfWoolOfficial"]}]}},"_links":{"self":[{"href":"https:\/\/homeofwool.com\/fr\/wp-json\/wp\/v2\/product\/217657","targetHints":{"allow":["GET"]}}],"collection":[{"href":"https:\/\/homeofwool.com\/fr\/wp-json\/wp\/v2\/product"}],"about":[{"href":"https:\/\/homeofwool.com\/fr\/wp-json\/wp\/v2\/types\/product"}],"version-history":[{"count":1,"href":"https:\/\/homeofwool.com\/fr\/wp-json\/wp\/v2\/product\/217657\/revisions"}],"predecessor-version":[{"id":226311,"href":"https:\/\/homeofwool.com\/fr\/wp-json\/wp\/v2\/product\/217657\/revisions\/226311"}],"wp:featuredmedia":[{"embeddable":true,"href":"https:\/\/homeofwool.com\/fr\/wp-json\/wp\/v2\/media\/221187"}],"wp:attachment":[{"href":"https:\/\/homeofwool.com\/fr\/wp-json\/wp\/v2\/media?parent=217657"}],"wp:term":[{"taxonomy":"product_brand","embeddable":true,"href":"https:\/\/homeofwool.com\/fr\/wp-json\/wp\/v2\/product_brand?post=217657"},{"taxonomy":"product_cat","embeddable":true,"href":"https:\/\/homeofwool.com\/fr\/wp-json\/wp\/v2\/product_cat?post=217657"},{"taxonomy":"product_tag","embeddable":true,"href":"https:\/\/homeofwool.com\/fr\/wp-json\/wp\/v2\/product_tag?post=217657"}],"curies":[{"name":"wp","href":"https:\/\/api.w.org\/{rel}","templated":true}]}}