{"id":217656,"date":"2025-09-02T12:02:05","date_gmt":"2025-09-02T12:02:05","guid":{"rendered":"https:\/\/homeofwool.com\/?post_type=product&#038;p=217656"},"modified":"2026-02-11T09:55:52","modified_gmt":"2026-02-11T09:55:52","slug":"kit-matelas-a-monter-soi-meme","status":"publish","type":"product","link":"https:\/\/homeofwool.com\/fr\/shop\/diy-mattress-kit\/","title":{"rendered":"Matelas en laine \u00e0 faire soi-m\u00eame"},"content":{"rendered":"<p>Notre kit de matelas en laine \u00e0 monter soi-m\u00eame vous permet de confectionner un matelas qui correspond \u00e0 vos pr\u00e9f\u00e9rences en mati\u00e8re de confort et \u00e0 vos valeurs en mati\u00e8re de d\u00e9veloppement durable. Le kit comprend un coutil de matelas haut de gamme avec poign\u00e9es, du fil de lin naturel r\u00e9sistant, des fermetures \u00e9clair m\u00e9talliques durables, des n\u0153uds en laine pour une durabilit\u00e9 accrue et une longue aiguille \u00e0 tufter. Le rembourrage n'est pas inclus et vous pouvez choisir exactement ce que vous souhaitez mettre \u00e0 l'int\u00e9rieur. Beaucoup de gens appr\u00e9cient notre laine biologique pour le soutien qu'elle offre, ainsi que pour ses qualit\u00e9s respirantes et hypoallerg\u00e9niques. Vous pouvez \u00e9galement utiliser du coton ou du latex naturel. Vous pouvez m\u00eame cr\u00e9er un m\u00e9lange de fibres, en fonction de la sensation que vous pr\u00e9f\u00e9rez.<\/p>\n<p>Fabriquer votre propre matelas DIY vous permet de contr\u00f4ler chaque d\u00e9tail, de la taille et du tissu \u00e0 l'emplacement de la fermeture \u00e9clair et au design des bords. Cette approche pratique permet d'obtenir une surface de sommeil plus saine et non toxique. Id\u00e9al pour les personnes souffrant d'allergies ou de sensibilit\u00e9s. Parfait pour tous ceux qui recherchent une option naturelle et durable. Des \u00e9chantillons de tissu et de laine sont disponibles dans notre boutique afin que vous puissiez vous rendre compte de la qualit\u00e9 avant de commencer.<\/p>","protected":false},"excerpt":{"rendered":"<p>Cr\u00e9ez votre propre espace de sommeil confortable et sain gr\u00e2ce \u00e0 notre kit de matelas en laine \u00e0 monter soi-m\u00eame. Nous avons con\u00e7u ce kit pour les amateurs d'artisanat et les passionn\u00e9s de bricolage qui appr\u00e9cient les mat\u00e9riaux naturels et de qualit\u00e9. Il comprend tout ce dont vous avez besoin pour assembler un matelas sur mesure avec le rembourrage de votre choix. Quel plaisir de se blottir dans un lit que l'on a assembl\u00e9 de ses propres mains ! Peu de choses surpassent ce sentiment de confort et de fiert\u00e9.<\/p>\n<p><strong>Remplissage vendu s\u00e9par\u00e9ment<\/strong>: <a href=\"https:\/\/homeofwool.com\/fr\/boutique\/rembourrage-en-laine-biologique\/\">Laine biologique<\/a>.<\/p>\n<div class=\"global-icon-set\">\n<div class=\"global-icon-set__items\">\n<div class=\"global-icon-set__item\">\n<div class=\"global-icon-set__image\">\n                                    <img decoding=\"async\" src=\"https:\/\/homeofwool.com\/wp-content\/uploads\/2025\/09\/handmade-icon-300x300.png\" alt=\"ic\u00f4ne artisanale\" \/>\n                                <\/div>\n<div class=\"global-icon-set__title\">Fait \u00e0 la main<\/div>\n<\/p><\/div>\n<div class=\"global-icon-set__item\">\n<div class=\"global-icon-set__image\">\n                                    <img decoding=\"async\" src=\"https:\/\/homeofwool.com\/wp-content\/uploads\/2025\/09\/VOCs-min-300x300.png\" alt=\"vocs libre\" \/>\n                                <\/div>\n<div class=\"global-icon-set__title\">Sans COV<\/div>\n<\/p><\/div>\n<div class=\"global-icon-set__item\">\n<div class=\"global-icon-set__image\">\n                                    <img decoding=\"async\" src=\"https:\/\/homeofwool.com\/wp-content\/uploads\/2025\/09\/FR-min-300x300.png\" alt=\"ic\u00f4ne de r\u00e9sistance au feu\" \/>\n                                <\/div>\n<div class=\"global-icon-set__title\">R\u00e9sistant \u00e0 la flamme<\/div>\n<\/p><\/div>\n<div class=\"global-icon-set__item\">\n<div class=\"global-icon-set__image\">\n                                    <img decoding=\"async\" src=\"https:\/\/homeofwool.com\/wp-content\/uploads\/2025\/09\/Hypoallergenic-min-300x300.png\" alt=\"ic\u00f4ne hypoallerg\u00e9nique\" \/>\n                                <\/div>\n<div class=\"global-icon-set__title\">Hypoallerg\u00e9nique<\/div>\n<\/p><\/div>\n<div class=\"global-icon-set__item\">\n<div class=\"global-icon-set__image\">\n                                    <img decoding=\"async\" src=\"https:\/\/homeofwool.com\/wp-content\/uploads\/2025\/09\/free-of-synthetics-icon-300x300.png\" alt=\"sans mati\u00e8res synth\u00e9tiques ic\u00f4ne\" \/>\n                                <\/div>\n<div class=\"global-icon-set__title\">Sans mati\u00e8res synth\u00e9tiques<\/div>\n<\/p><\/div>\n<div class=\"global-icon-set__item\">\n<div class=\"global-icon-set__image\">\n                                    <img decoding=\"async\" src=\"https:\/\/homeofwool.com\/wp-content\/uploads\/2025\/09\/chemical-free-icon-300x300.png\" alt=\"ic\u00f4ne de l&#039;absence de produits chimiques\" \/>\n                                <\/div>\n<div class=\"global-icon-set__title\">Sans produits chimiques<\/div>\n<\/p><\/div>\n<div class=\"global-icon-set__item\">\n<div class=\"global-icon-set__image\">\n                                    <img decoding=\"async\" src=\"https:\/\/homeofwool.com\/wp-content\/uploads\/2025\/09\/certified-materials-icon-300x300.png\" alt=\"ic\u00f4ne des mat\u00e9riaux certifi\u00e9s\" \/>\n                                <\/div>\n<div class=\"global-icon-set__title\">100% Mat\u00e9riaux certifi\u00e9s purs<\/div>\n<\/p><\/div>\n<\/p><\/div>\n<\/p><\/div>","protected":false},"featured_media":225305,"template":"","meta":{"_acf_changed":false},"product_brand":[],"product_cat":[252],"product_tag":[636,637,638,639,640,641,149,642],"class_list":{"0":"post-217656","1":"product","2":"type-product","3":"status-publish","4":"has-post-thumbnail","6":"product_cat-mattresses","7":"product_tag-arts-and-crafts","8":"product_tag-bio-ethical-ticking","9":"product_tag-diy","10":"product_tag-diy-natural-bedding","11":"product_tag-do-it-yourself-case","12":"product_tag-mattress-kit","13":"product_tag-steps","14":"product_tag-wool-felting","16":"first","17":"instock","18":"shipping-taxable","19":"purchasable","20":"product-type-simple"},"acf":[],"yoast_head":"<!-- This site is optimized with the Yoast SEO Premium plugin v27.3 (Yoast SEO v27.3) - https:\/\/yoast.com\/product\/yoast-seo-premium-wordpress\/ -->\n<title>DIY Mattress \u2013 Create Your Perfect Mattress with Premium Wool<\/title>\n<meta name=\"description\" content=\"Customizable, breathable, and hypoallergenic, the DIY Wool Mattress kit lets you craft a natural, non-toxic sleep surface with everything needed for a personalized mattress.\" \/>\n<meta name=\"robots\" content=\"index, follow, max-snippet:-1, max-image-preview:large, max-video-preview:-1\" \/>\n<link rel=\"canonical\" href=\"https:\/\/homeofwool.com\/fr\/boutique\/kit-matelas-a-monter-soi-meme\/\" \/>\n<meta property=\"og:locale\" content=\"fr_FR\" \/>\n<meta property=\"og:type\" content=\"article\" \/>\n<meta property=\"og:title\" content=\"DIY Wool Mattress\" \/>\n<meta property=\"og:description\" content=\"Customizable, breathable, and hypoallergenic, the DIY Wool Mattress kit lets you craft a natural, non-toxic sleep surface with everything needed for a personalized mattress.\" \/>\n<meta property=\"og:url\" content=\"https:\/\/homeofwool.com\/fr\/boutique\/kit-matelas-a-monter-soi-meme\/\" \/>\n<meta property=\"og:site_name\" content=\"Home of Wool\" \/>\n<meta property=\"article:publisher\" content=\"https:\/\/facebook.com\/HomeOfWoolOfficial\" \/>\n<meta property=\"article:modified_time\" content=\"2026-02-11T09:55:52+00:00\" \/>\n<meta property=\"og:image\" content=\"https:\/\/homeofwool.com\/wp-content\/uploads\/2025\/09\/home-of-wool-diy-mattress-kit-1-main-1.jpg\" \/>\n\t<meta property=\"og:image:width\" content=\"2000\" \/>\n\t<meta property=\"og:image:height\" content=\"1600\" \/>\n\t<meta property=\"og:image:type\" content=\"image\/jpeg\" \/>\n<meta name=\"twitter:card\" content=\"summary_large_image\" \/>\n<meta name=\"twitter:label1\" content=\"Dur\u00e9e de lecture estim\u00e9e\" \/>\n\t<meta name=\"twitter:data1\" content=\"1 minute\" \/>\n<script type=\"application\/ld+json\" class=\"yoast-schema-graph\">{\"@context\":\"https:\\\/\\\/schema.org\",\"@graph\":[{\"@type\":\"WebPage\",\"@id\":\"https:\\\/\\\/homeofwool.com\\\/shop\\\/diy-mattress-kit\\\/\",\"url\":\"https:\\\/\\\/homeofwool.com\\\/shop\\\/diy-mattress-kit\\\/\",\"name\":\"DIY Mattress \u2013 Create Your Perfect Mattress with Premium Wool\",\"isPartOf\":{\"@id\":\"https:\\\/\\\/homeofwool.com\\\/#website\"},\"primaryImageOfPage\":{\"@id\":\"https:\\\/\\\/homeofwool.com\\\/shop\\\/diy-mattress-kit\\\/#primaryimage\"},\"image\":{\"@id\":\"https:\\\/\\\/homeofwool.com\\\/shop\\\/diy-mattress-kit\\\/#primaryimage\"},\"thumbnailUrl\":\"https:\\\/\\\/homeofwool.com\\\/wp-content\\\/uploads\\\/2025\\\/09\\\/home-of-wool-diy-mattress-kit-1-main-1.jpg\",\"datePublished\":\"2025-09-02T12:02:05+00:00\",\"dateModified\":\"2026-02-11T09:55:52+00:00\",\"description\":\"Customizable, breathable, and hypoallergenic, the DIY Wool Mattress kit lets you craft a natural, non-toxic sleep surface with everything needed for a personalized mattress.\",\"breadcrumb\":{\"@id\":\"https:\\\/\\\/homeofwool.com\\\/shop\\\/diy-mattress-kit\\\/#breadcrumb\"},\"inLanguage\":\"fr-FR\",\"potentialAction\":[{\"@type\":\"ReadAction\",\"target\":[\"https:\\\/\\\/homeofwool.com\\\/shop\\\/diy-mattress-kit\\\/\"]}]},{\"@type\":\"ImageObject\",\"inLanguage\":\"fr-FR\",\"@id\":\"https:\\\/\\\/homeofwool.com\\\/shop\\\/diy-mattress-kit\\\/#primaryimage\",\"url\":\"https:\\\/\\\/homeofwool.com\\\/wp-content\\\/uploads\\\/2025\\\/09\\\/home-of-wool-diy-mattress-kit-1-main-1.jpg\",\"contentUrl\":\"https:\\\/\\\/homeofwool.com\\\/wp-content\\\/uploads\\\/2025\\\/09\\\/home-of-wool-diy-mattress-kit-1-main-1.jpg\",\"width\":2000,\"height\":1600,\"caption\":\"DIY mattress kit pieces\"},{\"@type\":\"BreadcrumbList\",\"@id\":\"https:\\\/\\\/homeofwool.com\\\/shop\\\/diy-mattress-kit\\\/#breadcrumb\",\"itemListElement\":[{\"@type\":\"ListItem\",\"position\":1,\"name\":\"Home\",\"item\":\"https:\\\/\\\/homeofwool.com\\\/\"},{\"@type\":\"ListItem\",\"position\":2,\"name\":\"Products\",\"item\":\"https:\\\/\\\/homeofwool.com\\\/header-search-2\\\/\"},{\"@type\":\"ListItem\",\"position\":3,\"name\":\"DIY Wool Mattress\"}]},{\"@type\":\"WebSite\",\"@id\":\"https:\\\/\\\/homeofwool.com\\\/#website\",\"url\":\"https:\\\/\\\/homeofwool.com\\\/\",\"name\":\"Home of Wool\",\"description\":\"\",\"publisher\":{\"@id\":\"https:\\\/\\\/homeofwool.com\\\/#organization\"},\"potentialAction\":[{\"@type\":\"SearchAction\",\"target\":{\"@type\":\"EntryPoint\",\"urlTemplate\":\"https:\\\/\\\/homeofwool.com\\\/?s={search_term_string}\"},\"query-input\":{\"@type\":\"PropertyValueSpecification\",\"valueRequired\":true,\"valueName\":\"search_term_string\"}}],\"inLanguage\":\"fr-FR\"},{\"@type\":\"Organization\",\"@id\":\"https:\\\/\\\/homeofwool.com\\\/#organization\",\"name\":\"Home of Wool\",\"url\":\"https:\\\/\\\/homeofwool.com\\\/\",\"logo\":{\"@type\":\"ImageObject\",\"inLanguage\":\"fr-FR\",\"@id\":\"https:\\\/\\\/homeofwool.com\\\/#\\\/schema\\\/logo\\\/image\\\/\",\"url\":\"https:\\\/\\\/homeofwool.com\\\/wp-content\\\/uploads\\\/2025\\\/09\\\/WhatsApp-Image-2025-12-02-at-16.23.20.jpeg\",\"contentUrl\":\"https:\\\/\\\/homeofwool.com\\\/wp-content\\\/uploads\\\/2025\\\/09\\\/WhatsApp-Image-2025-12-02-at-16.23.20.jpeg\",\"width\":700,\"height\":247,\"caption\":\"Home of Wool\"},\"image\":{\"@id\":\"https:\\\/\\\/homeofwool.com\\\/#\\\/schema\\\/logo\\\/image\\\/\"},\"sameAs\":[\"https:\\\/\\\/facebook.com\\\/HomeOfWoolOfficial\"]}]}<\/script>\n<!-- \/ Yoast SEO Premium plugin. -->","yoast_head_json":{"title":"Matelas DIY \u2013 Cr\u00e9ez votre matelas id\u00e9al avec de la laine haut de gamme","description":"Personnalisable, respirant et hypoallerg\u00e9nique, le kit DIY Wool Mattress vous permet de cr\u00e9er une surface de sommeil naturelle et non toxique avec tout le n\u00e9cessaire pour un matelas personnalis\u00e9.","robots":{"index":"index","follow":"follow","max-snippet":"max-snippet:-1","max-image-preview":"max-image-preview:large","max-video-preview":"max-video-preview:-1"},"canonical":"https:\/\/homeofwool.com\/fr\/boutique\/kit-matelas-a-monter-soi-meme\/","og_locale":"fr_FR","og_type":"article","og_title":"DIY Wool Mattress","og_description":"Customizable, breathable, and hypoallergenic, the DIY Wool Mattress kit lets you craft a natural, non-toxic sleep surface with everything needed for a personalized mattress.","og_url":"https:\/\/homeofwool.com\/fr\/boutique\/kit-matelas-a-monter-soi-meme\/","og_site_name":"Home of Wool","article_publisher":"https:\/\/facebook.com\/HomeOfWoolOfficial","article_modified_time":"2026-02-11T09:55:52+00:00","og_image":[{"width":2000,"height":1600,"url":"https:\/\/homeofwool.com\/wp-content\/uploads\/2025\/09\/home-of-wool-diy-mattress-kit-1-main-1.jpg","type":"image\/jpeg"}],"twitter_card":"summary_large_image","twitter_misc":{"Dur\u00e9e de lecture estim\u00e9e":"1 minute"},"schema":{"@context":"https:\/\/schema.org","@graph":[{"@type":"WebPage","@id":"https:\/\/homeofwool.com\/shop\/diy-mattress-kit\/","url":"https:\/\/homeofwool.com\/shop\/diy-mattress-kit\/","name":"Matelas DIY \u2013 Cr\u00e9ez votre matelas id\u00e9al avec de la laine haut de gamme","isPartOf":{"@id":"https:\/\/homeofwool.com\/#website"},"primaryImageOfPage":{"@id":"https:\/\/homeofwool.com\/shop\/diy-mattress-kit\/#primaryimage"},"image":{"@id":"https:\/\/homeofwool.com\/shop\/diy-mattress-kit\/#primaryimage"},"thumbnailUrl":"https:\/\/homeofwool.com\/wp-content\/uploads\/2025\/09\/home-of-wool-diy-mattress-kit-1-main-1.jpg","datePublished":"2025-09-02T12:02:05+00:00","dateModified":"2026-02-11T09:55:52+00:00","description":"Personnalisable, respirant et hypoallerg\u00e9nique, le kit DIY Wool Mattress vous permet de cr\u00e9er une surface de sommeil naturelle et non toxique avec tout le n\u00e9cessaire pour un matelas personnalis\u00e9.","breadcrumb":{"@id":"https:\/\/homeofwool.com\/shop\/diy-mattress-kit\/#breadcrumb"},"inLanguage":"fr-FR","potentialAction":[{"@type":"ReadAction","target":["https:\/\/homeofwool.com\/shop\/diy-mattress-kit\/"]}]},{"@type":"ImageObject","inLanguage":"fr-FR","@id":"https:\/\/homeofwool.com\/shop\/diy-mattress-kit\/#primaryimage","url":"https:\/\/homeofwool.com\/wp-content\/uploads\/2025\/09\/home-of-wool-diy-mattress-kit-1-main-1.jpg","contentUrl":"https:\/\/homeofwool.com\/wp-content\/uploads\/2025\/09\/home-of-wool-diy-mattress-kit-1-main-1.jpg","width":2000,"height":1600,"caption":"DIY mattress kit pieces"},{"@type":"BreadcrumbList","@id":"https:\/\/homeofwool.com\/shop\/diy-mattress-kit\/#breadcrumb","itemListElement":[{"@type":"ListItem","position":1,"name":"Home","item":"https:\/\/homeofwool.com\/"},{"@type":"ListItem","position":2,"name":"Products","item":"https:\/\/homeofwool.com\/header-search-2\/"},{"@type":"ListItem","position":3,"name":"DIY Wool Mattress"}]},{"@type":"WebSite","@id":"https:\/\/homeofwool.com\/#website","url":"https:\/\/homeofwool.com\/","name":"La maison de la laine","description":"","publisher":{"@id":"https:\/\/homeofwool.com\/#organization"},"potentialAction":[{"@type":"SearchAction","target":{"@type":"EntryPoint","urlTemplate":"https:\/\/homeofwool.com\/?s={search_term_string}"},"query-input":{"@type":"PropertyValueSpecification","valueRequired":true,"valueName":"search_term_string"}}],"inLanguage":"fr-FR"},{"@type":"Organization","@id":"https:\/\/homeofwool.com\/#organization","name":"La maison de la laine","url":"https:\/\/homeofwool.com\/","logo":{"@type":"ImageObject","inLanguage":"fr-FR","@id":"https:\/\/homeofwool.com\/#\/schema\/logo\/image\/","url":"https:\/\/homeofwool.com\/wp-content\/uploads\/2025\/09\/WhatsApp-Image-2025-12-02-at-16.23.20.jpeg","contentUrl":"https:\/\/homeofwool.com\/wp-content\/uploads\/2025\/09\/WhatsApp-Image-2025-12-02-at-16.23.20.jpeg","width":700,"height":247,"caption":"Home of Wool"},"image":{"@id":"https:\/\/homeofwool.com\/#\/schema\/logo\/image\/"},"sameAs":["https:\/\/facebook.com\/HomeOfWoolOfficial"]}]}},"_links":{"self":[{"href":"https:\/\/homeofwool.com\/fr\/wp-json\/wp\/v2\/product\/217656","targetHints":{"allow":["GET"]}}],"collection":[{"href":"https:\/\/homeofwool.com\/fr\/wp-json\/wp\/v2\/product"}],"about":[{"href":"https:\/\/homeofwool.com\/fr\/wp-json\/wp\/v2\/types\/product"}],"version-history":[{"count":1,"href":"https:\/\/homeofwool.com\/fr\/wp-json\/wp\/v2\/product\/217656\/revisions"}],"predecessor-version":[{"id":226695,"href":"https:\/\/homeofwool.com\/fr\/wp-json\/wp\/v2\/product\/217656\/revisions\/226695"}],"wp:featuredmedia":[{"embeddable":true,"href":"https:\/\/homeofwool.com\/fr\/wp-json\/wp\/v2\/media\/225305"}],"wp:attachment":[{"href":"https:\/\/homeofwool.com\/fr\/wp-json\/wp\/v2\/media?parent=217656"}],"wp:term":[{"taxonomy":"product_brand","embeddable":true,"href":"https:\/\/homeofwool.com\/fr\/wp-json\/wp\/v2\/product_brand?post=217656"},{"taxonomy":"product_cat","embeddable":true,"href":"https:\/\/homeofwool.com\/fr\/wp-json\/wp\/v2\/product_cat?post=217656"},{"taxonomy":"product_tag","embeddable":true,"href":"https:\/\/homeofwool.com\/fr\/wp-json\/wp\/v2\/product_tag?post=217656"}],"curies":[{"name":"wp","href":"https:\/\/api.w.org\/{rel}","templated":true}]}}