{"id":217647,"date":"2025-09-02T12:01:59","date_gmt":"2025-09-02T12:01:59","guid":{"rendered":"https:\/\/homeofwool.com\/?post_type=product&#038;p=217647"},"modified":"2026-02-11T10:11:53","modified_gmt":"2026-02-11T10:11:53","slug":"futon-en-laine","status":"publish","type":"product","link":"https:\/\/homeofwool.com\/fr\/shop\/wool-futon\/","title":{"rendered":"Matelas futon en laine"},"content":{"rendered":"<p>La plupart des matelas futons fabriqu\u00e9s en s\u00e9rie sont compos\u00e9s de mousse fine ou de polyester qui semblent confortables au d\u00e9but, mais qui s'aplatissent rapidement et deviennent trop chauds. C'est pourquoi dormir dessus peut vous laisser courbatur\u00e9 et fatigu\u00e9. Un matelas futon en laine est une alternative naturelle. Fabriqu\u00e9 \u00e0 la main \u00e0 partir de laine pure, il soutient votre corps dans une position saine tout au long de la nuit.<\/p>\n<p>La laine est respirante et r\u00e9gule naturellement la temp\u00e9rature, vous ne souffrirez donc pas de la chaleur en \u00e9t\u00e9 ni du froid en hiver. En tant que matelas futon biologique, il ne contient ni colle, ni mousse, ni retardateur de flamme. Un matelas v\u00e9ritablement s\u00fbr et non toxique pour les dormeurs sensibles. Il r\u00e9siste \u00e9galement aux acariens et \u00e0 la moisissure, ce qui permet \u00e0 votre surface de sommeil de rester propre et fra\u00eeche.<\/p>\n<p>Flexible et facile \u00e0 d\u00e9placer, ce matelas en laine portable s'adapte \u00e0 votre style de vie. Utilisez-le au quotidien, gardez-le comme lit d'appoint accueillant ou rangez-le lorsque vous avez besoin d'espace. Un matelas en laine polyvalent comme celui-ci transforme votre futon en un meuble multifonctionnel qui vous offre enfin un sommeil r\u00e9parateur.<\/p>","protected":false},"excerpt":{"rendered":"<p>La plupart des matelas futon fabriqu\u00e9s en s\u00e9rie s'aplatissent rapidement, vous offrant un mauvais soutien et des nuits agit\u00e9es. Un matelas futon en laine offre une r\u00e9silience naturelle, une bonne respirabilit\u00e9 et un confort durable. Fabriqu\u00e9 \u00e0 la main et sans produits chimiques, c'est une solution de sommeil saine qui rend votre futon vraiment digne d'\u00eatre utilis\u00e9.<\/p>\n<div class=\"global-icon-set\">\n<div class=\"global-icon-set__items\">\n<div class=\"global-icon-set__item\">\n<div class=\"global-icon-set__image\">\n                                    <img decoding=\"async\" src=\"https:\/\/homeofwool.com\/wp-content\/uploads\/2025\/09\/handmade-icon-300x300.png\" alt=\"ic\u00f4ne artisanale\" \/>\n                                <\/div>\n<div class=\"global-icon-set__title\">Fait \u00e0 la main<\/div>\n<\/p><\/div>\n<div class=\"global-icon-set__item\">\n<div class=\"global-icon-set__image\">\n                                    <img decoding=\"async\" src=\"https:\/\/homeofwool.com\/wp-content\/uploads\/2025\/09\/Isolates-Motion-Transfer-min-300x300.png\" alt=\"isole le transfert de mouvement\" \/>\n                                <\/div>\n<div class=\"global-icon-set__title\">Isolation du transfert de mouvement<\/div>\n<\/p><\/div>\n<div class=\"global-icon-set__item\">\n<div class=\"global-icon-set__image\">\n                                    <img decoding=\"async\" src=\"https:\/\/homeofwool.com\/wp-content\/uploads\/2025\/09\/Exceptionally-Supportive-min-300x300.png\" alt=\"ic\u00f4ne exceptionnellement encourageante\" \/>\n                                <\/div>\n<div class=\"global-icon-set__title\">Soutien exceptionnel<\/div>\n<\/p><\/div>\n<div class=\"global-icon-set__item\">\n<div class=\"global-icon-set__image\">\n                                    <img decoding=\"async\" src=\"https:\/\/homeofwool.com\/wp-content\/uploads\/2025\/09\/wicks-moisture-away-300x300.png\" alt=\"\u00e9vacue l&#039;humidit\u00e9\" \/>\n                                <\/div>\n<div class=\"global-icon-set__title\">Evacue l'humidit\u00e9<\/div>\n<\/p><\/div>\n<div class=\"global-icon-set__item\">\n<div class=\"global-icon-set__image\">\n                                    <img decoding=\"async\" src=\"https:\/\/homeofwool.com\/wp-content\/uploads\/2025\/09\/VOCs-min-300x300.png\" alt=\"vocs libre\" \/>\n                                <\/div>\n<div class=\"global-icon-set__title\">Sans COV<\/div>\n<\/p><\/div>\n<div class=\"global-icon-set__item\">\n<div class=\"global-icon-set__image\">\n                                    <img decoding=\"async\" src=\"https:\/\/homeofwool.com\/wp-content\/uploads\/2025\/09\/FR-min-300x300.png\" alt=\"ic\u00f4ne de r\u00e9sistance au feu\" \/>\n                                <\/div>\n<div class=\"global-icon-set__title\">R\u00e9sistant \u00e0 la flamme<\/div>\n<\/p><\/div>\n<div class=\"global-icon-set__item\">\n<div class=\"global-icon-set__image\">\n                                    <img decoding=\"async\" src=\"https:\/\/homeofwool.com\/wp-content\/uploads\/2025\/09\/Hypoallergenic-min-300x300.png\" alt=\"ic\u00f4ne hypoallerg\u00e9nique\" \/>\n                                <\/div>\n<div class=\"global-icon-set__title\">Hypoallerg\u00e9nique<\/div>\n<\/p><\/div>\n<div class=\"global-icon-set__item\">\n<div class=\"global-icon-set__image\">\n                                    <img decoding=\"async\" src=\"https:\/\/homeofwool.com\/wp-content\/uploads\/2025\/09\/free-of-synthetics-icon-300x300.png\" alt=\"sans mati\u00e8res synth\u00e9tiques ic\u00f4ne\" \/>\n                                <\/div>\n<div class=\"global-icon-set__title\">Sans mati\u00e8res synth\u00e9tiques<\/div>\n<\/p><\/div>\n<div class=\"global-icon-set__item\">\n<div class=\"global-icon-set__image\">\n                                    <img decoding=\"async\" src=\"https:\/\/homeofwool.com\/wp-content\/uploads\/2025\/09\/chemical-free-icon-300x300.png\" alt=\"ic\u00f4ne de l&#039;absence de produits chimiques\" \/>\n                                <\/div>\n<div class=\"global-icon-set__title\">Sans produits chimiques<\/div>\n<\/p><\/div>\n<div class=\"global-icon-set__item\">\n<div class=\"global-icon-set__image\">\n                                    <img decoding=\"async\" src=\"https:\/\/homeofwool.com\/wp-content\/uploads\/2025\/09\/anti-bacterial-icon-300x300.png\" alt=\"ic\u00f4ne anti-bact\u00e9rien\" \/>\n                                <\/div>\n<div class=\"global-icon-set__title\">Anti-microbien et anti-bact\u00e9rien<\/div>\n<\/p><\/div>\n<div class=\"global-icon-set__item\">\n<div class=\"global-icon-set__image\">\n                                    <img decoding=\"async\" src=\"https:\/\/homeofwool.com\/wp-content\/uploads\/2025\/09\/certified-materials-icon-300x300.png\" alt=\"ic\u00f4ne des mat\u00e9riaux certifi\u00e9s\" \/>\n                                <\/div>\n<div class=\"global-icon-set__title\">100% Mat\u00e9riaux certifi\u00e9s purs<\/div>\n<\/p><\/div>\n<\/p><\/div>\n<\/p><\/div>","protected":false},"featured_media":223006,"template":"","meta":{"_acf_changed":false},"product_brand":[],"product_cat":[30,252],"product_tag":[175,176,385,386,182,604,605,606,607,608,609,553,188,138,192,610,193,611,387,612,197,149,613,614,615],"class_list":{"0":"post-217647","1":"product","2":"type-product","3":"status-publish","4":"has-post-thumbnail","6":"product_cat-cushions","7":"product_cat-mattresses","8":"product_tag-affordable-natural-mattress","9":"product_tag-all-natural-futon","10":"product_tag-co-sleeping","11":"product_tag-family-bed","12":"product_tag-floor-bed-mattress","13":"product_tag-foldable-bed","14":"product_tag-folding-futon-couch","15":"product_tag-futon-frame","16":"product_tag-futon-mattress","17":"product_tag-guest-bed","18":"product_tag-japanese-bed","19":"product_tag-japanese-futon","20":"product_tag-low-voc-mattress","21":"product_tag-made-to-order-daybed","22":"product_tag-mattress-without-flame-retardant","23":"product_tag-natural-floor-bed","24":"product_tag-natural-mattress","25":"product_tag-organic-guests-bed","26":"product_tag-overlanding","27":"product_tag-rollable-guest-bed","28":"product_tag-safe-mattresses","29":"product_tag-steps","30":"product_tag-store-away-bed","31":"product_tag-washable-mattress","32":"product_tag-woolen-shiki-futon","34":"first","35":"instock","36":"shipping-taxable","37":"purchasable","38":"product-type-simple"},"acf":[],"yoast_head":"<!-- This site is optimized with the Yoast SEO Premium plugin v27.3 (Yoast SEO v27.3) - https:\/\/yoast.com\/product\/yoast-seo-premium-wordpress\/ -->\n<title>Futon Mattress \u2013 Natural Futon Sofa Bed | Home of Wool<\/title>\n<meta name=\"description\" content=\"Handmade and toxin-free, the Futon Mattress is filled with breathable wool for sustainable comfort. Hypoallergenic and natural, it offers eco-friendly support as a sofa bed or daily mattress.\" \/>\n<meta name=\"robots\" content=\"index, follow, max-snippet:-1, max-image-preview:large, max-video-preview:-1\" \/>\n<link rel=\"canonical\" href=\"https:\/\/homeofwool.com\/fr\/boutique\/futon-en-laine\/\" \/>\n<meta property=\"og:locale\" content=\"fr_FR\" \/>\n<meta property=\"og:type\" content=\"article\" \/>\n<meta property=\"og:title\" content=\"Wool Futon Mattress\" \/>\n<meta property=\"og:description\" content=\"Handmade and toxin-free, the Futon Mattress is filled with breathable wool for sustainable comfort. Hypoallergenic and natural, it offers eco-friendly support as a sofa bed or daily mattress.\" \/>\n<meta property=\"og:url\" content=\"https:\/\/homeofwool.com\/fr\/boutique\/futon-en-laine\/\" \/>\n<meta property=\"og:site_name\" content=\"Home of Wool\" \/>\n<meta property=\"article:publisher\" content=\"https:\/\/facebook.com\/HomeOfWoolOfficial\" \/>\n<meta property=\"article:modified_time\" content=\"2026-02-11T10:11:53+00:00\" \/>\n<meta property=\"og:image\" content=\"https:\/\/homeofwool.com\/wp-content\/uploads\/2025\/09\/home-of-wool-wool-futon-mattress-1-main.jpg\" \/>\n\t<meta property=\"og:image:width\" content=\"2500\" \/>\n\t<meta property=\"og:image:height\" content=\"2000\" \/>\n\t<meta property=\"og:image:type\" content=\"image\/jpeg\" \/>\n<meta name=\"twitter:card\" content=\"summary_large_image\" \/>\n<meta name=\"twitter:label1\" content=\"Dur\u00e9e de lecture estim\u00e9e\" \/>\n\t<meta name=\"twitter:data1\" content=\"1 minute\" \/>\n<script type=\"application\/ld+json\" class=\"yoast-schema-graph\">{\"@context\":\"https:\\\/\\\/schema.org\",\"@graph\":[{\"@type\":\"WebPage\",\"@id\":\"https:\\\/\\\/homeofwool.com\\\/shop\\\/wool-futon\\\/\",\"url\":\"https:\\\/\\\/homeofwool.com\\\/shop\\\/wool-futon\\\/\",\"name\":\"Futon Mattress \u2013 Natural Futon Sofa Bed | Home of Wool\",\"isPartOf\":{\"@id\":\"https:\\\/\\\/homeofwool.com\\\/#website\"},\"primaryImageOfPage\":{\"@id\":\"https:\\\/\\\/homeofwool.com\\\/shop\\\/wool-futon\\\/#primaryimage\"},\"image\":{\"@id\":\"https:\\\/\\\/homeofwool.com\\\/shop\\\/wool-futon\\\/#primaryimage\"},\"thumbnailUrl\":\"https:\\\/\\\/homeofwool.com\\\/wp-content\\\/uploads\\\/2025\\\/09\\\/home-of-wool-wool-futon-mattress-1-main.jpg\",\"datePublished\":\"2025-09-02T12:01:59+00:00\",\"dateModified\":\"2026-02-11T10:11:53+00:00\",\"description\":\"Handmade and toxin-free, the Futon Mattress is filled with breathable wool for sustainable comfort. Hypoallergenic and natural, it offers eco-friendly support as a sofa bed or daily mattress.\",\"breadcrumb\":{\"@id\":\"https:\\\/\\\/homeofwool.com\\\/shop\\\/wool-futon\\\/#breadcrumb\"},\"inLanguage\":\"fr-FR\",\"potentialAction\":[{\"@type\":\"ReadAction\",\"target\":[\"https:\\\/\\\/homeofwool.com\\\/shop\\\/wool-futon\\\/\"]}]},{\"@type\":\"ImageObject\",\"inLanguage\":\"fr-FR\",\"@id\":\"https:\\\/\\\/homeofwool.com\\\/shop\\\/wool-futon\\\/#primaryimage\",\"url\":\"https:\\\/\\\/homeofwool.com\\\/wp-content\\\/uploads\\\/2025\\\/09\\\/home-of-wool-wool-futon-mattress-1-main.jpg\",\"contentUrl\":\"https:\\\/\\\/homeofwool.com\\\/wp-content\\\/uploads\\\/2025\\\/09\\\/home-of-wool-wool-futon-mattress-1-main.jpg\",\"width\":2500,\"height\":2000,\"caption\":\"wool futon mattress on a sofa\"},{\"@type\":\"BreadcrumbList\",\"@id\":\"https:\\\/\\\/homeofwool.com\\\/shop\\\/wool-futon\\\/#breadcrumb\",\"itemListElement\":[{\"@type\":\"ListItem\",\"position\":1,\"name\":\"Home\",\"item\":\"https:\\\/\\\/homeofwool.com\\\/\"},{\"@type\":\"ListItem\",\"position\":2,\"name\":\"Products\",\"item\":\"https:\\\/\\\/homeofwool.com\\\/header-search-2\\\/\"},{\"@type\":\"ListItem\",\"position\":3,\"name\":\"Wool Futon Mattress\"}]},{\"@type\":\"WebSite\",\"@id\":\"https:\\\/\\\/homeofwool.com\\\/#website\",\"url\":\"https:\\\/\\\/homeofwool.com\\\/\",\"name\":\"Home of Wool\",\"description\":\"\",\"publisher\":{\"@id\":\"https:\\\/\\\/homeofwool.com\\\/#organization\"},\"potentialAction\":[{\"@type\":\"SearchAction\",\"target\":{\"@type\":\"EntryPoint\",\"urlTemplate\":\"https:\\\/\\\/homeofwool.com\\\/?s={search_term_string}\"},\"query-input\":{\"@type\":\"PropertyValueSpecification\",\"valueRequired\":true,\"valueName\":\"search_term_string\"}}],\"inLanguage\":\"fr-FR\"},{\"@type\":\"Organization\",\"@id\":\"https:\\\/\\\/homeofwool.com\\\/#organization\",\"name\":\"Home of Wool\",\"url\":\"https:\\\/\\\/homeofwool.com\\\/\",\"logo\":{\"@type\":\"ImageObject\",\"inLanguage\":\"fr-FR\",\"@id\":\"https:\\\/\\\/homeofwool.com\\\/#\\\/schema\\\/logo\\\/image\\\/\",\"url\":\"https:\\\/\\\/homeofwool.com\\\/wp-content\\\/uploads\\\/2025\\\/09\\\/WhatsApp-Image-2025-12-02-at-16.23.20.jpeg\",\"contentUrl\":\"https:\\\/\\\/homeofwool.com\\\/wp-content\\\/uploads\\\/2025\\\/09\\\/WhatsApp-Image-2025-12-02-at-16.23.20.jpeg\",\"width\":700,\"height\":247,\"caption\":\"Home of Wool\"},\"image\":{\"@id\":\"https:\\\/\\\/homeofwool.com\\\/#\\\/schema\\\/logo\\\/image\\\/\"},\"sameAs\":[\"https:\\\/\\\/facebook.com\\\/HomeOfWoolOfficial\"]}]}<\/script>\n<!-- \/ Yoast SEO Premium plugin. -->","yoast_head_json":{"title":"Matelas futon \u2013 Canap\u00e9-lit futon naturel | Home of Wool","description":"Fabriqu\u00e9 \u00e0 la main et sans toxines, le matelas Futon est rembourr\u00e9 de laine respirante pour un confort durable. Hypoallerg\u00e9nique et naturel, il offre un soutien \u00e9cologique en tant que canap\u00e9-lit ou matelas quotidien.","robots":{"index":"index","follow":"follow","max-snippet":"max-snippet:-1","max-image-preview":"max-image-preview:large","max-video-preview":"max-video-preview:-1"},"canonical":"https:\/\/homeofwool.com\/fr\/boutique\/futon-en-laine\/","og_locale":"fr_FR","og_type":"article","og_title":"Wool Futon Mattress","og_description":"Handmade and toxin-free, the Futon Mattress is filled with breathable wool for sustainable comfort. Hypoallergenic and natural, it offers eco-friendly support as a sofa bed or daily mattress.","og_url":"https:\/\/homeofwool.com\/fr\/boutique\/futon-en-laine\/","og_site_name":"Home of Wool","article_publisher":"https:\/\/facebook.com\/HomeOfWoolOfficial","article_modified_time":"2026-02-11T10:11:53+00:00","og_image":[{"width":2500,"height":2000,"url":"https:\/\/homeofwool.com\/wp-content\/uploads\/2025\/09\/home-of-wool-wool-futon-mattress-1-main.jpg","type":"image\/jpeg"}],"twitter_card":"summary_large_image","twitter_misc":{"Dur\u00e9e de lecture estim\u00e9e":"1 minute"},"schema":{"@context":"https:\/\/schema.org","@graph":[{"@type":"WebPage","@id":"https:\/\/homeofwool.com\/shop\/wool-futon\/","url":"https:\/\/homeofwool.com\/shop\/wool-futon\/","name":"Matelas futon \u2013 Canap\u00e9-lit futon naturel | Home of Wool","isPartOf":{"@id":"https:\/\/homeofwool.com\/#website"},"primaryImageOfPage":{"@id":"https:\/\/homeofwool.com\/shop\/wool-futon\/#primaryimage"},"image":{"@id":"https:\/\/homeofwool.com\/shop\/wool-futon\/#primaryimage"},"thumbnailUrl":"https:\/\/homeofwool.com\/wp-content\/uploads\/2025\/09\/home-of-wool-wool-futon-mattress-1-main.jpg","datePublished":"2025-09-02T12:01:59+00:00","dateModified":"2026-02-11T10:11:53+00:00","description":"Fabriqu\u00e9 \u00e0 la main et sans toxines, le matelas Futon est rembourr\u00e9 de laine respirante pour un confort durable. Hypoallerg\u00e9nique et naturel, il offre un soutien \u00e9cologique en tant que canap\u00e9-lit ou matelas quotidien.","breadcrumb":{"@id":"https:\/\/homeofwool.com\/shop\/wool-futon\/#breadcrumb"},"inLanguage":"fr-FR","potentialAction":[{"@type":"ReadAction","target":["https:\/\/homeofwool.com\/shop\/wool-futon\/"]}]},{"@type":"ImageObject","inLanguage":"fr-FR","@id":"https:\/\/homeofwool.com\/shop\/wool-futon\/#primaryimage","url":"https:\/\/homeofwool.com\/wp-content\/uploads\/2025\/09\/home-of-wool-wool-futon-mattress-1-main.jpg","contentUrl":"https:\/\/homeofwool.com\/wp-content\/uploads\/2025\/09\/home-of-wool-wool-futon-mattress-1-main.jpg","width":2500,"height":2000,"caption":"wool futon mattress on a sofa"},{"@type":"BreadcrumbList","@id":"https:\/\/homeofwool.com\/shop\/wool-futon\/#breadcrumb","itemListElement":[{"@type":"ListItem","position":1,"name":"Home","item":"https:\/\/homeofwool.com\/"},{"@type":"ListItem","position":2,"name":"Products","item":"https:\/\/homeofwool.com\/header-search-2\/"},{"@type":"ListItem","position":3,"name":"Wool Futon Mattress"}]},{"@type":"WebSite","@id":"https:\/\/homeofwool.com\/#website","url":"https:\/\/homeofwool.com\/","name":"La maison de la laine","description":"","publisher":{"@id":"https:\/\/homeofwool.com\/#organization"},"potentialAction":[{"@type":"SearchAction","target":{"@type":"EntryPoint","urlTemplate":"https:\/\/homeofwool.com\/?s={search_term_string}"},"query-input":{"@type":"PropertyValueSpecification","valueRequired":true,"valueName":"search_term_string"}}],"inLanguage":"fr-FR"},{"@type":"Organization","@id":"https:\/\/homeofwool.com\/#organization","name":"La maison de la laine","url":"https:\/\/homeofwool.com\/","logo":{"@type":"ImageObject","inLanguage":"fr-FR","@id":"https:\/\/homeofwool.com\/#\/schema\/logo\/image\/","url":"https:\/\/homeofwool.com\/wp-content\/uploads\/2025\/09\/WhatsApp-Image-2025-12-02-at-16.23.20.jpeg","contentUrl":"https:\/\/homeofwool.com\/wp-content\/uploads\/2025\/09\/WhatsApp-Image-2025-12-02-at-16.23.20.jpeg","width":700,"height":247,"caption":"Home of Wool"},"image":{"@id":"https:\/\/homeofwool.com\/#\/schema\/logo\/image\/"},"sameAs":["https:\/\/facebook.com\/HomeOfWoolOfficial"]}]}},"_links":{"self":[{"href":"https:\/\/homeofwool.com\/fr\/wp-json\/wp\/v2\/product\/217647","targetHints":{"allow":["GET"]}}],"collection":[{"href":"https:\/\/homeofwool.com\/fr\/wp-json\/wp\/v2\/product"}],"about":[{"href":"https:\/\/homeofwool.com\/fr\/wp-json\/wp\/v2\/types\/product"}],"version-history":[{"count":2,"href":"https:\/\/homeofwool.com\/fr\/wp-json\/wp\/v2\/product\/217647\/revisions"}],"predecessor-version":[{"id":226702,"href":"https:\/\/homeofwool.com\/fr\/wp-json\/wp\/v2\/product\/217647\/revisions\/226702"}],"wp:featuredmedia":[{"embeddable":true,"href":"https:\/\/homeofwool.com\/fr\/wp-json\/wp\/v2\/media\/223006"}],"wp:attachment":[{"href":"https:\/\/homeofwool.com\/fr\/wp-json\/wp\/v2\/media?parent=217647"}],"wp:term":[{"taxonomy":"product_brand","embeddable":true,"href":"https:\/\/homeofwool.com\/fr\/wp-json\/wp\/v2\/product_brand?post=217647"},{"taxonomy":"product_cat","embeddable":true,"href":"https:\/\/homeofwool.com\/fr\/wp-json\/wp\/v2\/product_cat?post=217647"},{"taxonomy":"product_tag","embeddable":true,"href":"https:\/\/homeofwool.com\/fr\/wp-json\/wp\/v2\/product_tag?post=217647"}],"curies":[{"name":"wp","href":"https:\/\/api.w.org\/{rel}","templated":true}]}}