{"id":217645,"date":"2025-09-02T12:01:59","date_gmt":"2025-09-02T12:01:59","guid":{"rendered":"https:\/\/homeofwool.com\/?post_type=product&#038;p=217645"},"modified":"2026-03-26T14:45:32","modified_gmt":"2026-03-26T14:45:32","slug":"gant-de-cuisine","status":"publish","type":"product","link":"https:\/\/homeofwool.com\/fr\/shop\/oven-mitt\/","title":{"rendered":"Gants de cuisine en laine"},"content":{"rendered":"<p>Dans la cuisine, il est tr\u00e8s important d'avoir un bon gant de cuisine. Celui-ci est doux au toucher. Il est \u00e9galement suffisamment r\u00e9sistant pour tenir sans crainte des casseroles chaudes. Sa taille est \u00e9galement parfaite. Mesurant environ 13 cm sur 28 cm, il couvre \u00e0 la fois la main et le poignet tout en permettant de bouger facilement.<\/p>\n<p>Chaque mitaine est fabriqu\u00e9e \u00e0 la main \u00e0 partir de chutes de tissu que nous avons soigneusement mises de c\u00f4t\u00e9 pendant notre production. Cela refl\u00e8te notre approche z\u00e9ro d\u00e9chet, qui consiste \u00e0 conserver les chutes de tissu et \u00e0 les transformer en un objet que vous utiliserez pendant des ann\u00e9es.<\/p>\n<p>Ce gant de cuisine ou manique est un excellent ajout \u00e0 votre propre cuisine ou un cadeau attentionn\u00e9 pour quelqu'un qui appr\u00e9cie \u00e0 la fois la durabilit\u00e9 et la praticit\u00e9. Que vous fassiez cuire du pain, r\u00f4tissiez des l\u00e9gumes ou serviez un repas en famille, ce gant de cuisine en laine offre une protection douce et une facilit\u00e9 d'utilisation au quotidien. Il facilite la t\u00e2che simple de d\u00e9placer des ustensiles de cuisine chauds et est fabriqu\u00e9 dans le respect de vous-m\u00eame et de la plan\u00e8te.<\/p>","protected":false},"excerpt":{"rendered":"<p>Prot\u00e9gez vos mains dans la cuisine gr\u00e2ce \u00e0 ce gant de cuisine artisanal en pure laine. La ouate de laine biologique \u00e0 l'int\u00e9rieur offre une protection naturelle, vous permettant de manipuler facilement les casseroles chaudes. Il sert \u00e9galement de manique tout en soutenant notre mission z\u00e9ro d\u00e9chet.<\/p>\n<div class=\"global-icon-set\">\n<div class=\"global-icon-set__items\">\n<div class=\"global-icon-set__item\">\n<div class=\"global-icon-set__image\">\n                                    <img decoding=\"async\" src=\"https:\/\/homeofwool.com\/wp-content\/uploads\/2025\/09\/handmade-icon-300x300.png\" alt=\"ic\u00f4ne artisanale\" \/>\n                                <\/div>\n<div class=\"global-icon-set__title\">Fait \u00e0 la main<\/div>\n<\/p><\/div>\n<div class=\"global-icon-set__item\">\n<div class=\"global-icon-set__image\">\n                                    <img decoding=\"async\" src=\"https:\/\/homeofwool.com\/wp-content\/uploads\/2025\/09\/VOCs-min-300x300.png\" alt=\"vocs libre\" \/>\n                                <\/div>\n<div class=\"global-icon-set__title\">Sans COV<\/div>\n<\/p><\/div>\n<div class=\"global-icon-set__item\">\n<div class=\"global-icon-set__image\">\n                                    <img decoding=\"async\" src=\"https:\/\/homeofwool.com\/wp-content\/uploads\/2025\/09\/free-of-synthetics-icon-300x300.png\" alt=\"sans mati\u00e8res synth\u00e9tiques ic\u00f4ne\" \/>\n                                <\/div>\n<div class=\"global-icon-set__title\">Sans mati\u00e8res synth\u00e9tiques<\/div>\n<\/p><\/div>\n<div class=\"global-icon-set__item\">\n<div class=\"global-icon-set__image\">\n                                    <img decoding=\"async\" src=\"https:\/\/homeofwool.com\/wp-content\/uploads\/2025\/09\/chemical-free-icon-300x300.png\" alt=\"ic\u00f4ne de l&#039;absence de produits chimiques\" \/>\n                                <\/div>\n<div class=\"global-icon-set__title\">Sans produits chimiques<\/div>\n<\/p><\/div>\n<div class=\"global-icon-set__item\">\n<div class=\"global-icon-set__image\">\n                                    <img decoding=\"async\" src=\"https:\/\/homeofwool.com\/wp-content\/uploads\/2025\/09\/certified-materials-icon-300x300.png\" alt=\"ic\u00f4ne des mat\u00e9riaux certifi\u00e9s\" \/>\n                                <\/div>\n<div class=\"global-icon-set__title\">100% Mat\u00e9riaux certifi\u00e9s purs<\/div>\n<\/p><\/div>\n<\/p><\/div>\n<\/p><\/div>","protected":false},"featured_media":226896,"template":"","meta":{"_acf_changed":false},"product_brand":[],"product_cat":[591,1366,590,174,558],"product_tag":[1370,603],"class_list":{"0":"post-217645","1":"product","2":"type-product","3":"status-publish","4":"has-post-thumbnail","6":"product_cat-kitchen-textiles","7":"product_cat-womens-day","8":"product_cat-accessories","9":"product_cat-zero-waste","10":"product_cat-zero-waste-accessories","11":"product_tag-nosteps","12":"product_tag-pot-holder","14":"first","15":"instock","16":"shipping-taxable","17":"purchasable","18":"product-type-simple"},"acf":[],"yoast_head":"<!-- This site is optimized with the Yoast SEO Premium plugin v27.5 (Yoast SEO v27.5) - https:\/\/yoast.com\/product\/yoast-seo-premium-wordpress\/ -->\n<title>Oven Mitt \u2013 Natural Pot Holder | Home of Wool<\/title>\n<meta name=\"description\" content=\"Natural and eco-friendly, the Oven Mitt provides breathable, toxin-free protection. Crafted from pure fabrics, it ensures safe, durable, and sustainable comfort in the kitchen.\" \/>\n<meta name=\"robots\" content=\"index, follow, max-snippet:-1, max-image-preview:large, max-video-preview:-1\" \/>\n<link rel=\"canonical\" href=\"https:\/\/homeofwool.com\/fr\/boutique\/gant-de-cuisine\/\" \/>\n<meta property=\"og:locale\" content=\"fr_FR\" \/>\n<meta property=\"og:type\" content=\"article\" \/>\n<meta property=\"og:title\" content=\"Wool Oven Mitt\" \/>\n<meta property=\"og:description\" content=\"Natural and eco-friendly, the Oven Mitt provides breathable, toxin-free protection. Crafted from pure fabrics, it ensures safe, durable, and sustainable comfort in the kitchen.\" \/>\n<meta property=\"og:url\" content=\"https:\/\/homeofwool.com\/fr\/boutique\/gant-de-cuisine\/\" \/>\n<meta property=\"og:site_name\" content=\"Home of Wool\" \/>\n<meta property=\"article:publisher\" content=\"https:\/\/facebook.com\/HomeOfWoolOfficial\" \/>\n<meta property=\"article:modified_time\" content=\"2026-03-26T14:45:32+00:00\" \/>\n<meta property=\"og:image\" content=\"https:\/\/homeofwool.com\/wp-content\/uploads\/2025\/09\/home-of-wool-wool-oven-mitt-1-main-christmas.jpg\" \/>\n\t<meta property=\"og:image:width\" content=\"1900\" \/>\n\t<meta property=\"og:image:height\" content=\"1520\" \/>\n\t<meta property=\"og:image:type\" content=\"image\/jpeg\" \/>\n<meta name=\"twitter:card\" content=\"summary_large_image\" \/>\n<meta name=\"twitter:label1\" content=\"Dur\u00e9e de lecture estim\u00e9e\" \/>\n\t<meta name=\"twitter:data1\" content=\"1 minute\" \/>\n<script type=\"application\/ld+json\" class=\"yoast-schema-graph\">{\"@context\":\"https:\\\/\\\/schema.org\",\"@graph\":[{\"@type\":\"WebPage\",\"@id\":\"https:\\\/\\\/homeofwool.com\\\/shop\\\/oven-mitt\\\/\",\"url\":\"https:\\\/\\\/homeofwool.com\\\/shop\\\/oven-mitt\\\/\",\"name\":\"Oven Mitt \u2013 Natural Pot Holder | Home of Wool\",\"isPartOf\":{\"@id\":\"https:\\\/\\\/homeofwool.com\\\/#website\"},\"primaryImageOfPage\":{\"@id\":\"https:\\\/\\\/homeofwool.com\\\/shop\\\/oven-mitt\\\/#primaryimage\"},\"image\":{\"@id\":\"https:\\\/\\\/homeofwool.com\\\/shop\\\/oven-mitt\\\/#primaryimage\"},\"thumbnailUrl\":\"https:\\\/\\\/homeofwool.com\\\/wp-content\\\/uploads\\\/2025\\\/09\\\/home-of-wool-wool-oven-mitt-1-main-christmas.jpg\",\"datePublished\":\"2025-09-02T12:01:59+00:00\",\"dateModified\":\"2026-03-26T14:45:32+00:00\",\"description\":\"Natural and eco-friendly, the Oven Mitt provides breathable, toxin-free protection. Crafted from pure fabrics, it ensures safe, durable, and sustainable comfort in the kitchen.\",\"breadcrumb\":{\"@id\":\"https:\\\/\\\/homeofwool.com\\\/shop\\\/oven-mitt\\\/#breadcrumb\"},\"inLanguage\":\"fr-FR\",\"potentialAction\":[{\"@type\":\"ReadAction\",\"target\":[\"https:\\\/\\\/homeofwool.com\\\/shop\\\/oven-mitt\\\/\"]}]},{\"@type\":\"ImageObject\",\"inLanguage\":\"fr-FR\",\"@id\":\"https:\\\/\\\/homeofwool.com\\\/shop\\\/oven-mitt\\\/#primaryimage\",\"url\":\"https:\\\/\\\/homeofwool.com\\\/wp-content\\\/uploads\\\/2025\\\/09\\\/home-of-wool-wool-oven-mitt-1-main-christmas.jpg\",\"contentUrl\":\"https:\\\/\\\/homeofwool.com\\\/wp-content\\\/uploads\\\/2025\\\/09\\\/home-of-wool-wool-oven-mitt-1-main-christmas.jpg\",\"width\":1900,\"height\":1520,\"caption\":\"Christmas oven mit\"},{\"@type\":\"BreadcrumbList\",\"@id\":\"https:\\\/\\\/homeofwool.com\\\/shop\\\/oven-mitt\\\/#breadcrumb\",\"itemListElement\":[{\"@type\":\"ListItem\",\"position\":1,\"name\":\"Home\",\"item\":\"https:\\\/\\\/homeofwool.com\\\/\"},{\"@type\":\"ListItem\",\"position\":2,\"name\":\"Products\",\"item\":\"https:\\\/\\\/homeofwool.com\\\/header-search-2\\\/\"},{\"@type\":\"ListItem\",\"position\":3,\"name\":\"Wool Oven Mitt\"}]},{\"@type\":\"WebSite\",\"@id\":\"https:\\\/\\\/homeofwool.com\\\/#website\",\"url\":\"https:\\\/\\\/homeofwool.com\\\/\",\"name\":\"Home of Wool\",\"description\":\"\",\"publisher\":{\"@id\":\"https:\\\/\\\/homeofwool.com\\\/#organization\"},\"potentialAction\":[{\"@type\":\"SearchAction\",\"target\":{\"@type\":\"EntryPoint\",\"urlTemplate\":\"https:\\\/\\\/homeofwool.com\\\/?s={search_term_string}\"},\"query-input\":{\"@type\":\"PropertyValueSpecification\",\"valueRequired\":true,\"valueName\":\"search_term_string\"}}],\"inLanguage\":\"fr-FR\"},{\"@type\":\"Organization\",\"@id\":\"https:\\\/\\\/homeofwool.com\\\/#organization\",\"name\":\"Home of Wool\",\"url\":\"https:\\\/\\\/homeofwool.com\\\/\",\"logo\":{\"@type\":\"ImageObject\",\"inLanguage\":\"fr-FR\",\"@id\":\"https:\\\/\\\/homeofwool.com\\\/#\\\/schema\\\/logo\\\/image\\\/\",\"url\":\"https:\\\/\\\/homeofwool.com\\\/wp-content\\\/uploads\\\/2025\\\/09\\\/WhatsApp-Image-2025-12-02-at-16.23.20.jpeg\",\"contentUrl\":\"https:\\\/\\\/homeofwool.com\\\/wp-content\\\/uploads\\\/2025\\\/09\\\/WhatsApp-Image-2025-12-02-at-16.23.20.jpeg\",\"width\":700,\"height\":247,\"caption\":\"Home of Wool\"},\"image\":{\"@id\":\"https:\\\/\\\/homeofwool.com\\\/#\\\/schema\\\/logo\\\/image\\\/\"},\"sameAs\":[\"https:\\\/\\\/facebook.com\\\/HomeOfWoolOfficial\"]}]}<\/script>\n<!-- \/ Yoast SEO Premium plugin. -->","yoast_head_json":{"title":"Gant de cuisine \u2013 Manique naturelle | Home of Wool","description":"Naturel et \u00e9cologique, le gant de cuisine offre une protection respirante et sans toxines. Fabriqu\u00e9 \u00e0 partir de tissus purs, il garantit un confort s\u00fbr, durable et \u00e9cologique dans la cuisine.","robots":{"index":"index","follow":"follow","max-snippet":"max-snippet:-1","max-image-preview":"max-image-preview:large","max-video-preview":"max-video-preview:-1"},"canonical":"https:\/\/homeofwool.com\/fr\/boutique\/gant-de-cuisine\/","og_locale":"fr_FR","og_type":"article","og_title":"Wool Oven Mitt","og_description":"Natural and eco-friendly, the Oven Mitt provides breathable, toxin-free protection. Crafted from pure fabrics, it ensures safe, durable, and sustainable comfort in the kitchen.","og_url":"https:\/\/homeofwool.com\/fr\/boutique\/gant-de-cuisine\/","og_site_name":"Home of Wool","article_publisher":"https:\/\/facebook.com\/HomeOfWoolOfficial","article_modified_time":"2026-03-26T14:45:32+00:00","og_image":[{"width":1900,"height":1520,"url":"https:\/\/homeofwool.com\/wp-content\/uploads\/2025\/09\/home-of-wool-wool-oven-mitt-1-main-christmas.jpg","type":"image\/jpeg"}],"twitter_card":"summary_large_image","twitter_misc":{"Dur\u00e9e de lecture estim\u00e9e":"1 minute"},"schema":{"@context":"https:\/\/schema.org","@graph":[{"@type":"WebPage","@id":"https:\/\/homeofwool.com\/shop\/oven-mitt\/","url":"https:\/\/homeofwool.com\/shop\/oven-mitt\/","name":"Gant de cuisine \u2013 Manique naturelle | Home of Wool","isPartOf":{"@id":"https:\/\/homeofwool.com\/#website"},"primaryImageOfPage":{"@id":"https:\/\/homeofwool.com\/shop\/oven-mitt\/#primaryimage"},"image":{"@id":"https:\/\/homeofwool.com\/shop\/oven-mitt\/#primaryimage"},"thumbnailUrl":"https:\/\/homeofwool.com\/wp-content\/uploads\/2025\/09\/home-of-wool-wool-oven-mitt-1-main-christmas.jpg","datePublished":"2025-09-02T12:01:59+00:00","dateModified":"2026-03-26T14:45:32+00:00","description":"Naturel et \u00e9cologique, le gant de cuisine offre une protection respirante et sans toxines. Fabriqu\u00e9 \u00e0 partir de tissus purs, il garantit un confort s\u00fbr, durable et \u00e9cologique dans la cuisine.","breadcrumb":{"@id":"https:\/\/homeofwool.com\/shop\/oven-mitt\/#breadcrumb"},"inLanguage":"fr-FR","potentialAction":[{"@type":"ReadAction","target":["https:\/\/homeofwool.com\/shop\/oven-mitt\/"]}]},{"@type":"ImageObject","inLanguage":"fr-FR","@id":"https:\/\/homeofwool.com\/shop\/oven-mitt\/#primaryimage","url":"https:\/\/homeofwool.com\/wp-content\/uploads\/2025\/09\/home-of-wool-wool-oven-mitt-1-main-christmas.jpg","contentUrl":"https:\/\/homeofwool.com\/wp-content\/uploads\/2025\/09\/home-of-wool-wool-oven-mitt-1-main-christmas.jpg","width":1900,"height":1520,"caption":"Christmas oven mit"},{"@type":"BreadcrumbList","@id":"https:\/\/homeofwool.com\/shop\/oven-mitt\/#breadcrumb","itemListElement":[{"@type":"ListItem","position":1,"name":"Home","item":"https:\/\/homeofwool.com\/"},{"@type":"ListItem","position":2,"name":"Products","item":"https:\/\/homeofwool.com\/header-search-2\/"},{"@type":"ListItem","position":3,"name":"Wool Oven Mitt"}]},{"@type":"WebSite","@id":"https:\/\/homeofwool.com\/#website","url":"https:\/\/homeofwool.com\/","name":"La maison de la laine","description":"","publisher":{"@id":"https:\/\/homeofwool.com\/#organization"},"potentialAction":[{"@type":"SearchAction","target":{"@type":"EntryPoint","urlTemplate":"https:\/\/homeofwool.com\/?s={search_term_string}"},"query-input":{"@type":"PropertyValueSpecification","valueRequired":true,"valueName":"search_term_string"}}],"inLanguage":"fr-FR"},{"@type":"Organization","@id":"https:\/\/homeofwool.com\/#organization","name":"La maison de la laine","url":"https:\/\/homeofwool.com\/","logo":{"@type":"ImageObject","inLanguage":"fr-FR","@id":"https:\/\/homeofwool.com\/#\/schema\/logo\/image\/","url":"https:\/\/homeofwool.com\/wp-content\/uploads\/2025\/09\/WhatsApp-Image-2025-12-02-at-16.23.20.jpeg","contentUrl":"https:\/\/homeofwool.com\/wp-content\/uploads\/2025\/09\/WhatsApp-Image-2025-12-02-at-16.23.20.jpeg","width":700,"height":247,"caption":"Home of Wool"},"image":{"@id":"https:\/\/homeofwool.com\/#\/schema\/logo\/image\/"},"sameAs":["https:\/\/facebook.com\/HomeOfWoolOfficial"]}]}},"_links":{"self":[{"href":"https:\/\/homeofwool.com\/fr\/wp-json\/wp\/v2\/product\/217645","targetHints":{"allow":["GET"]}}],"collection":[{"href":"https:\/\/homeofwool.com\/fr\/wp-json\/wp\/v2\/product"}],"about":[{"href":"https:\/\/homeofwool.com\/fr\/wp-json\/wp\/v2\/types\/product"}],"version-history":[{"count":2,"href":"https:\/\/homeofwool.com\/fr\/wp-json\/wp\/v2\/product\/217645\/revisions"}],"predecessor-version":[{"id":226372,"href":"https:\/\/homeofwool.com\/fr\/wp-json\/wp\/v2\/product\/217645\/revisions\/226372"}],"wp:featuredmedia":[{"embeddable":true,"href":"https:\/\/homeofwool.com\/fr\/wp-json\/wp\/v2\/media\/226896"}],"wp:attachment":[{"href":"https:\/\/homeofwool.com\/fr\/wp-json\/wp\/v2\/media?parent=217645"}],"wp:term":[{"taxonomy":"product_brand","embeddable":true,"href":"https:\/\/homeofwool.com\/fr\/wp-json\/wp\/v2\/product_brand?post=217645"},{"taxonomy":"product_cat","embeddable":true,"href":"https:\/\/homeofwool.com\/fr\/wp-json\/wp\/v2\/product_cat?post=217645"},{"taxonomy":"product_tag","embeddable":true,"href":"https:\/\/homeofwool.com\/fr\/wp-json\/wp\/v2\/product_tag?post=217645"}],"curies":[{"name":"wp","href":"https:\/\/api.w.org\/{rel}","templated":true}]}}