{"id":217644,"date":"2025-09-02T12:01:59","date_gmt":"2025-09-02T12:01:59","guid":{"rendered":"https:\/\/homeofwool.com\/?post_type=product&#038;p=217644"},"modified":"2026-02-11T10:11:52","modified_gmt":"2026-02-11T10:11:52","slug":"matelas-pliable","status":"publish","type":"product","link":"https:\/\/homeofwool.com\/fr\/shop\/foldable-mattress\/","title":{"rendered":"Matelas pliable en laine"},"content":{"rendered":"<p>Le matelas pliable en laine est con\u00e7u pour vous offrir un sommeil r\u00e9parateur, o\u00f9 que vous soyez. Chaque pi\u00e8ce est soigneusement garnie de couches de laine pure et tuft\u00e9e \u00e0 la main afin que le rembourrage reste en place. La laine est connue pour sa respirabilit\u00e9 et son \u00e9lasticit\u00e9. Cela signifie une temp\u00e9rature de sommeil parfaite et un soutien optimal du corps. Le rembourrage en laine soutient votre corps et vous aide \u00e0 garder une posture confortable tout au long de la nuit. Il \u00e9quilibre la temp\u00e9rature et \u00e9vacue l'humidit\u00e9, pour que vous restiez au chaud et au sec. Pas de transpiration, mais pas de pieds froids non plus. Un matelas en laine est toujours frais et vous aide \u00e0 profiter d'un sommeil plus profond et ininterrompu.<\/p>\n<p>Sa conception le rend pratique. Vous pouvez plier le matelas pour le ranger et, lorsque vous le d\u00e9pliez, les fermetures \u00e9clair le maintiennent \u00e0 plat et stable, comme un lit ordinaire. Vous pouvez m\u00eame ajouter une housse en option pour le transformer en canap\u00e9 lorsqu'il est pli\u00e9, ce qui en fait un matelas v\u00e9ritablement polyvalent et peu encombrant.<\/p>\n<p>Le matelas est fabriqu\u00e9 sans produits chimiques ni synth\u00e9tiques. Il n'est pas n\u00e9cessaire d'ajouter des retardateurs de flamme, car la laine est le meilleur retardateur de flamme naturel. Il est hypoallerg\u00e9nique et sans danger pour les personnes sensibles. La laine r\u00e9sistant aux acariens et aux moisissures, vous b\u00e9n\u00e9ficiez d'un espace de sommeil propre, r\u00e9parateur et qui ne d\u00e9clenche aucun sympt\u00f4me d'allergie. Dot\u00e9 d'une housse amovible et lavable et d'un tufting \u00e0 la main durable, ce matelas en laine fait main est \u00e0 la fois fonctionnel et r\u00e9sistant.<\/p>","protected":false},"excerpt":{"rendered":"<p>Notre matelas pliable en laine est con\u00e7u pour offrir confort et praticit\u00e9. Mais surtout, il est con\u00e7u pour vous offrir un sommeil vraiment r\u00e9parateur. Nous le fabriquons \u00e0 la main \u00e0 partir de fibres naturelles pour vous garantir confort et sommeil sain. Son design pliable astucieux vous permet de le ranger facilement, puis de le d\u00e9plier pour obtenir un matelas complet qui soutient votre corps et vous aide \u00e0 vous reposer plus profond\u00e9ment. Un matelas en laine portable qui vous fait gagner de la place sans compromettre votre confort.<\/p>\n<div class=\"global-icon-set\">\n<div class=\"global-icon-set__items\">\n<div class=\"global-icon-set__item\">\n<div class=\"global-icon-set__image\">\n                                    <img decoding=\"async\" src=\"https:\/\/homeofwool.com\/wp-content\/uploads\/2025\/09\/handmade-icon-300x300.png\" alt=\"ic\u00f4ne artisanale\" \/>\n                                <\/div>\n<div class=\"global-icon-set__title\">Fait \u00e0 la main<\/div>\n<\/p><\/div>\n<div class=\"global-icon-set__item\">\n<div class=\"global-icon-set__image\">\n                                    <img decoding=\"async\" src=\"https:\/\/homeofwool.com\/wp-content\/uploads\/2025\/09\/VOCs-min-300x300.png\" alt=\"vocs libre\" \/>\n                                <\/div>\n<div class=\"global-icon-set__title\">Sans COV<\/div>\n<\/p><\/div>\n<div class=\"global-icon-set__item\">\n<div class=\"global-icon-set__image\">\n                                    <img decoding=\"async\" src=\"https:\/\/homeofwool.com\/wp-content\/uploads\/2025\/09\/FR-min-300x300.png\" alt=\"ic\u00f4ne de r\u00e9sistance au feu\" \/>\n                                <\/div>\n<div class=\"global-icon-set__title\">R\u00e9sistant \u00e0 la flamme<\/div>\n<\/p><\/div>\n<div class=\"global-icon-set__item\">\n<div class=\"global-icon-set__image\">\n                                    <img decoding=\"async\" src=\"https:\/\/homeofwool.com\/wp-content\/uploads\/2025\/09\/Hypoallergenic-min-300x300.png\" alt=\"ic\u00f4ne hypoallerg\u00e9nique\" \/>\n                                <\/div>\n<div class=\"global-icon-set__title\">Hypoallerg\u00e9nique<\/div>\n<\/p><\/div>\n<div class=\"global-icon-set__item\">\n<div class=\"global-icon-set__image\">\n                                    <img decoding=\"async\" src=\"https:\/\/homeofwool.com\/wp-content\/uploads\/2025\/09\/free-of-synthetics-icon-300x300.png\" alt=\"sans mati\u00e8res synth\u00e9tiques ic\u00f4ne\" \/>\n                                <\/div>\n<div class=\"global-icon-set__title\">Sans mati\u00e8res synth\u00e9tiques<\/div>\n<\/p><\/div>\n<div class=\"global-icon-set__item\">\n<div class=\"global-icon-set__image\">\n                                    <img decoding=\"async\" src=\"https:\/\/homeofwool.com\/wp-content\/uploads\/2025\/09\/chemical-free-icon-300x300.png\" alt=\"ic\u00f4ne de l&#039;absence de produits chimiques\" \/>\n                                <\/div>\n<div class=\"global-icon-set__title\">Sans produits chimiques<\/div>\n<\/p><\/div>\n<div class=\"global-icon-set__item\">\n<div class=\"global-icon-set__image\">\n                                    <img decoding=\"async\" src=\"https:\/\/homeofwool.com\/wp-content\/uploads\/2025\/09\/anti-bacterial-icon-300x300.png\" alt=\"ic\u00f4ne anti-bact\u00e9rien\" \/>\n                                <\/div>\n<div class=\"global-icon-set__title\">Anti-microbien et anti-bact\u00e9rien<\/div>\n<\/p><\/div>\n<div class=\"global-icon-set__item\">\n<div class=\"global-icon-set__image\">\n                                    <img decoding=\"async\" src=\"https:\/\/homeofwool.com\/wp-content\/uploads\/2025\/09\/certified-materials-icon-300x300.png\" alt=\"ic\u00f4ne des mat\u00e9riaux certifi\u00e9s\" \/>\n                                <\/div>\n<div class=\"global-icon-set__title\">100% Mat\u00e9riaux certifi\u00e9s purs<\/div>\n<\/p><\/div>\n<\/p><\/div>\n<\/p><\/div>","protected":false},"featured_media":226394,"template":"","meta":{"_acf_changed":false},"product_brand":[],"product_cat":[252],"product_tag":[175,176,182,604,605,606,607,608,609,553,188,138,192,610,193,611,387,612,197,149,613,614,615],"class_list":{"0":"post-217644","1":"product","2":"type-product","3":"status-publish","4":"has-post-thumbnail","6":"product_cat-mattresses","7":"product_tag-affordable-natural-mattress","8":"product_tag-all-natural-futon","9":"product_tag-floor-bed-mattress","10":"product_tag-foldable-bed","11":"product_tag-folding-futon-couch","12":"product_tag-futon-frame","13":"product_tag-futon-mattress","14":"product_tag-guest-bed","15":"product_tag-japanese-bed","16":"product_tag-japanese-futon","17":"product_tag-low-voc-mattress","18":"product_tag-made-to-order-daybed","19":"product_tag-mattress-without-flame-retardant","20":"product_tag-natural-floor-bed","21":"product_tag-natural-mattress","22":"product_tag-organic-guests-bed","23":"product_tag-overlanding","24":"product_tag-rollable-guest-bed","25":"product_tag-safe-mattresses","26":"product_tag-steps","27":"product_tag-store-away-bed","28":"product_tag-washable-mattress","29":"product_tag-woolen-shiki-futon","31":"first","32":"instock","33":"shipping-taxable","34":"purchasable","35":"product-type-simple"},"acf":[],"yoast_head":"<!-- This site is optimized with the Yoast SEO Premium plugin v27.4 (Yoast SEO v27.4) - https:\/\/yoast.com\/product\/yoast-seo-premium-wordpress\/ -->\n<title>Foldable Wool Mattress \u2013 Portable, Space-Saving &amp; Handmade | Home of Wool<\/title>\n<meta name=\"description\" content=\"Discover the perfect blend of comfort and convenience with our handmade foldable wool mattress. Space-saving, portable, and easy to store, it offers the healthiest, most restorative sleep for any living space.\" \/>\n<meta name=\"robots\" content=\"index, follow, max-snippet:-1, max-image-preview:large, max-video-preview:-1\" \/>\n<link rel=\"canonical\" href=\"https:\/\/homeofwool.com\/fr\/boutique\/matelas-pliable\/\" \/>\n<meta property=\"og:locale\" content=\"fr_FR\" \/>\n<meta property=\"og:type\" content=\"article\" \/>\n<meta property=\"og:title\" content=\"Foldable Wool Mattress\" \/>\n<meta property=\"og:description\" content=\"Discover the perfect blend of comfort and convenience with our handmade foldable wool mattress. Space-saving, portable, and easy to store, it offers the healthiest, most restorative sleep for any living space.\" \/>\n<meta property=\"og:url\" content=\"https:\/\/homeofwool.com\/fr\/boutique\/matelas-pliable\/\" \/>\n<meta property=\"og:site_name\" content=\"Home of Wool\" \/>\n<meta property=\"article:publisher\" content=\"https:\/\/facebook.com\/HomeOfWoolOfficial\" \/>\n<meta property=\"article:modified_time\" content=\"2026-02-11T10:11:52+00:00\" \/>\n<meta property=\"og:image\" content=\"https:\/\/homeofwool.com\/wp-content\/uploads\/2025\/09\/home-of-wool-foldable-wool-mattress-1-mainn.jpg\" \/>\n\t<meta property=\"og:image:width\" content=\"2000\" \/>\n\t<meta property=\"og:image:height\" content=\"1333\" \/>\n\t<meta property=\"og:image:type\" content=\"image\/jpeg\" \/>\n<meta name=\"twitter:card\" content=\"summary_large_image\" \/>\n<meta name=\"twitter:label1\" content=\"Dur\u00e9e de lecture estim\u00e9e\" \/>\n\t<meta name=\"twitter:data1\" content=\"2 minutes\" \/>\n<script type=\"application\/ld+json\" class=\"yoast-schema-graph\">{\"@context\":\"https:\\\/\\\/schema.org\",\"@graph\":[{\"@type\":\"WebPage\",\"@id\":\"https:\\\/\\\/homeofwool.com\\\/shop\\\/foldable-mattress\\\/\",\"url\":\"https:\\\/\\\/homeofwool.com\\\/shop\\\/foldable-mattress\\\/\",\"name\":\"Foldable Wool Mattress \u2013 Portable, Space-Saving & Handmade | Home of Wool\",\"isPartOf\":{\"@id\":\"https:\\\/\\\/homeofwool.com\\\/#website\"},\"primaryImageOfPage\":{\"@id\":\"https:\\\/\\\/homeofwool.com\\\/shop\\\/foldable-mattress\\\/#primaryimage\"},\"image\":{\"@id\":\"https:\\\/\\\/homeofwool.com\\\/shop\\\/foldable-mattress\\\/#primaryimage\"},\"thumbnailUrl\":\"https:\\\/\\\/homeofwool.com\\\/wp-content\\\/uploads\\\/2025\\\/09\\\/home-of-wool-foldable-wool-mattress-1-mainn.jpg\",\"datePublished\":\"2025-09-02T12:01:59+00:00\",\"dateModified\":\"2026-02-11T10:11:52+00:00\",\"description\":\"Discover the perfect blend of comfort and convenience with our handmade foldable wool mattress. Space-saving, portable, and easy to store, it offers the healthiest, most restorative sleep for any living space.\",\"breadcrumb\":{\"@id\":\"https:\\\/\\\/homeofwool.com\\\/shop\\\/foldable-mattress\\\/#breadcrumb\"},\"inLanguage\":\"fr-FR\",\"potentialAction\":[{\"@type\":\"ReadAction\",\"target\":[\"https:\\\/\\\/homeofwool.com\\\/shop\\\/foldable-mattress\\\/\"]}]},{\"@type\":\"ImageObject\",\"inLanguage\":\"fr-FR\",\"@id\":\"https:\\\/\\\/homeofwool.com\\\/shop\\\/foldable-mattress\\\/#primaryimage\",\"url\":\"https:\\\/\\\/homeofwool.com\\\/wp-content\\\/uploads\\\/2025\\\/09\\\/home-of-wool-foldable-wool-mattress-1-mainn.jpg\",\"contentUrl\":\"https:\\\/\\\/homeofwool.com\\\/wp-content\\\/uploads\\\/2025\\\/09\\\/home-of-wool-foldable-wool-mattress-1-mainn.jpg\",\"width\":2000,\"height\":1333,\"caption\":\"foldable home of wool mattress\"},{\"@type\":\"BreadcrumbList\",\"@id\":\"https:\\\/\\\/homeofwool.com\\\/shop\\\/foldable-mattress\\\/#breadcrumb\",\"itemListElement\":[{\"@type\":\"ListItem\",\"position\":1,\"name\":\"Home\",\"item\":\"https:\\\/\\\/homeofwool.com\\\/\"},{\"@type\":\"ListItem\",\"position\":2,\"name\":\"Products\",\"item\":\"https:\\\/\\\/homeofwool.com\\\/header-search-2\\\/\"},{\"@type\":\"ListItem\",\"position\":3,\"name\":\"Foldable Wool Mattress\"}]},{\"@type\":\"WebSite\",\"@id\":\"https:\\\/\\\/homeofwool.com\\\/#website\",\"url\":\"https:\\\/\\\/homeofwool.com\\\/\",\"name\":\"Home of Wool\",\"description\":\"\",\"publisher\":{\"@id\":\"https:\\\/\\\/homeofwool.com\\\/#organization\"},\"potentialAction\":[{\"@type\":\"SearchAction\",\"target\":{\"@type\":\"EntryPoint\",\"urlTemplate\":\"https:\\\/\\\/homeofwool.com\\\/?s={search_term_string}\"},\"query-input\":{\"@type\":\"PropertyValueSpecification\",\"valueRequired\":true,\"valueName\":\"search_term_string\"}}],\"inLanguage\":\"fr-FR\"},{\"@type\":\"Organization\",\"@id\":\"https:\\\/\\\/homeofwool.com\\\/#organization\",\"name\":\"Home of Wool\",\"url\":\"https:\\\/\\\/homeofwool.com\\\/\",\"logo\":{\"@type\":\"ImageObject\",\"inLanguage\":\"fr-FR\",\"@id\":\"https:\\\/\\\/homeofwool.com\\\/#\\\/schema\\\/logo\\\/image\\\/\",\"url\":\"https:\\\/\\\/homeofwool.com\\\/wp-content\\\/uploads\\\/2025\\\/09\\\/WhatsApp-Image-2025-12-02-at-16.23.20.jpeg\",\"contentUrl\":\"https:\\\/\\\/homeofwool.com\\\/wp-content\\\/uploads\\\/2025\\\/09\\\/WhatsApp-Image-2025-12-02-at-16.23.20.jpeg\",\"width\":700,\"height\":247,\"caption\":\"Home of Wool\"},\"image\":{\"@id\":\"https:\\\/\\\/homeofwool.com\\\/#\\\/schema\\\/logo\\\/image\\\/\"},\"sameAs\":[\"https:\\\/\\\/facebook.com\\\/HomeOfWoolOfficial\"]}]}<\/script>\n<!-- \/ Yoast SEO Premium plugin. -->","yoast_head_json":{"title":"Matelas pliable en laine \u2013 Portable, peu encombrant et fait main | Home of Wool","description":"D\u00e9couvrez le m\u00e9lange parfait entre confort et commodit\u00e9 avec notre matelas pliable en laine fait main. Peu encombrant, portable et facile \u00e0 ranger, il offre le sommeil le plus sain et le plus r\u00e9parateur qui soit, quel que soit votre espace de vie.","robots":{"index":"index","follow":"follow","max-snippet":"max-snippet:-1","max-image-preview":"max-image-preview:large","max-video-preview":"max-video-preview:-1"},"canonical":"https:\/\/homeofwool.com\/fr\/boutique\/matelas-pliable\/","og_locale":"fr_FR","og_type":"article","og_title":"Foldable Wool Mattress","og_description":"Discover the perfect blend of comfort and convenience with our handmade foldable wool mattress. Space-saving, portable, and easy to store, it offers the healthiest, most restorative sleep for any living space.","og_url":"https:\/\/homeofwool.com\/fr\/boutique\/matelas-pliable\/","og_site_name":"Home of Wool","article_publisher":"https:\/\/facebook.com\/HomeOfWoolOfficial","article_modified_time":"2026-02-11T10:11:52+00:00","og_image":[{"width":2000,"height":1333,"url":"https:\/\/homeofwool.com\/wp-content\/uploads\/2025\/09\/home-of-wool-foldable-wool-mattress-1-mainn.jpg","type":"image\/jpeg"}],"twitter_card":"summary_large_image","twitter_misc":{"Dur\u00e9e de lecture estim\u00e9e":"2 minutes"},"schema":{"@context":"https:\/\/schema.org","@graph":[{"@type":"WebPage","@id":"https:\/\/homeofwool.com\/shop\/foldable-mattress\/","url":"https:\/\/homeofwool.com\/shop\/foldable-mattress\/","name":"Matelas pliable en laine \u2013 Portable, peu encombrant et fait main | Home of Wool","isPartOf":{"@id":"https:\/\/homeofwool.com\/#website"},"primaryImageOfPage":{"@id":"https:\/\/homeofwool.com\/shop\/foldable-mattress\/#primaryimage"},"image":{"@id":"https:\/\/homeofwool.com\/shop\/foldable-mattress\/#primaryimage"},"thumbnailUrl":"https:\/\/homeofwool.com\/wp-content\/uploads\/2025\/09\/home-of-wool-foldable-wool-mattress-1-mainn.jpg","datePublished":"2025-09-02T12:01:59+00:00","dateModified":"2026-02-11T10:11:52+00:00","description":"D\u00e9couvrez le m\u00e9lange parfait entre confort et commodit\u00e9 avec notre matelas pliable en laine fait main. Peu encombrant, portable et facile \u00e0 ranger, il offre le sommeil le plus sain et le plus r\u00e9parateur qui soit, quel que soit votre espace de vie.","breadcrumb":{"@id":"https:\/\/homeofwool.com\/shop\/foldable-mattress\/#breadcrumb"},"inLanguage":"fr-FR","potentialAction":[{"@type":"ReadAction","target":["https:\/\/homeofwool.com\/shop\/foldable-mattress\/"]}]},{"@type":"ImageObject","inLanguage":"fr-FR","@id":"https:\/\/homeofwool.com\/shop\/foldable-mattress\/#primaryimage","url":"https:\/\/homeofwool.com\/wp-content\/uploads\/2025\/09\/home-of-wool-foldable-wool-mattress-1-mainn.jpg","contentUrl":"https:\/\/homeofwool.com\/wp-content\/uploads\/2025\/09\/home-of-wool-foldable-wool-mattress-1-mainn.jpg","width":2000,"height":1333,"caption":"foldable home of wool mattress"},{"@type":"BreadcrumbList","@id":"https:\/\/homeofwool.com\/shop\/foldable-mattress\/#breadcrumb","itemListElement":[{"@type":"ListItem","position":1,"name":"Home","item":"https:\/\/homeofwool.com\/"},{"@type":"ListItem","position":2,"name":"Products","item":"https:\/\/homeofwool.com\/header-search-2\/"},{"@type":"ListItem","position":3,"name":"Foldable Wool Mattress"}]},{"@type":"WebSite","@id":"https:\/\/homeofwool.com\/#website","url":"https:\/\/homeofwool.com\/","name":"La maison de la laine","description":"","publisher":{"@id":"https:\/\/homeofwool.com\/#organization"},"potentialAction":[{"@type":"SearchAction","target":{"@type":"EntryPoint","urlTemplate":"https:\/\/homeofwool.com\/?s={search_term_string}"},"query-input":{"@type":"PropertyValueSpecification","valueRequired":true,"valueName":"search_term_string"}}],"inLanguage":"fr-FR"},{"@type":"Organization","@id":"https:\/\/homeofwool.com\/#organization","name":"La maison de la laine","url":"https:\/\/homeofwool.com\/","logo":{"@type":"ImageObject","inLanguage":"fr-FR","@id":"https:\/\/homeofwool.com\/#\/schema\/logo\/image\/","url":"https:\/\/homeofwool.com\/wp-content\/uploads\/2025\/09\/WhatsApp-Image-2025-12-02-at-16.23.20.jpeg","contentUrl":"https:\/\/homeofwool.com\/wp-content\/uploads\/2025\/09\/WhatsApp-Image-2025-12-02-at-16.23.20.jpeg","width":700,"height":247,"caption":"Home of Wool"},"image":{"@id":"https:\/\/homeofwool.com\/#\/schema\/logo\/image\/"},"sameAs":["https:\/\/facebook.com\/HomeOfWoolOfficial"]}]}},"_links":{"self":[{"href":"https:\/\/homeofwool.com\/fr\/wp-json\/wp\/v2\/product\/217644","targetHints":{"allow":["GET"]}}],"collection":[{"href":"https:\/\/homeofwool.com\/fr\/wp-json\/wp\/v2\/product"}],"about":[{"href":"https:\/\/homeofwool.com\/fr\/wp-json\/wp\/v2\/types\/product"}],"version-history":[{"count":2,"href":"https:\/\/homeofwool.com\/fr\/wp-json\/wp\/v2\/product\/217644\/revisions"}],"predecessor-version":[{"id":226367,"href":"https:\/\/homeofwool.com\/fr\/wp-json\/wp\/v2\/product\/217644\/revisions\/226367"}],"wp:featuredmedia":[{"embeddable":true,"href":"https:\/\/homeofwool.com\/fr\/wp-json\/wp\/v2\/media\/226394"}],"wp:attachment":[{"href":"https:\/\/homeofwool.com\/fr\/wp-json\/wp\/v2\/media?parent=217644"}],"wp:term":[{"taxonomy":"product_brand","embeddable":true,"href":"https:\/\/homeofwool.com\/fr\/wp-json\/wp\/v2\/product_brand?post=217644"},{"taxonomy":"product_cat","embeddable":true,"href":"https:\/\/homeofwool.com\/fr\/wp-json\/wp\/v2\/product_cat?post=217644"},{"taxonomy":"product_tag","embeddable":true,"href":"https:\/\/homeofwool.com\/fr\/wp-json\/wp\/v2\/product_tag?post=217644"}],"curies":[{"name":"wp","href":"https:\/\/api.w.org\/{rel}","templated":true}]}}