{"id":217632,"date":"2025-09-02T12:01:58","date_gmt":"2025-09-02T12:01:58","guid":{"rendered":"https:\/\/homeofwool.com\/?post_type=product&#038;p=217632"},"modified":"2025-09-25T13:20:24","modified_gmt":"2025-09-25T13:20:24","slug":"tissu-de-chanvre","status":"publish","type":"product","link":"https:\/\/homeofwool.com\/fr\/shop\/hemp-fabric\/","title":{"rendered":"Tissu de chanvre 100%"},"content":{"rendered":"<p>Apportez texture et authenticit\u00e9 \u00e0 votre int\u00e9rieur avec ce textile en chanvre biologique 100%. Fabriqu\u00e9 \u00e0 partir de fibres pures, ce tissu sans produits chimiques est durable et enti\u00e8rement biod\u00e9gradable. Sa couleur terreuse lui conf\u00e8re un aspect brut. Il s'harmonise parfaitement avec les pi\u00e8ces rustiques et les espaces d'inspiration boh\u00e8me. Que ce soit \u00e0 l'int\u00e9rieur ou \u00e0 l'ext\u00e9rieur.<\/p>\n<p>Solide mais s'assouplissant \u00e0 chaque lavage, ce tissu de chanvre non teint est parfait pour les pi\u00e8ces durables qui offrent une sensation naturelle et apaisante. Les designers utilisent ce tissu de chanvre pour la d\u00e9coration int\u00e9rieure, que ce soit pour les tissus d'ameublement d\u00e9coratifs, les housses de coussins ou les panneaux muraux textur\u00e9s. Son tissage a\u00e9r\u00e9 en fait \u00e9galement un choix id\u00e9al pour les rideaux fluides, les tentures boh\u00e8mes ou les auvents pour le camping et les espaces verts.<\/p>\n<p>Pour les cr\u00e9atifs, c'est un tissu polyvalent et durable pour les projets de bricolage. Ce tissu convient aux articles de tous les jours comme les sacs ou les tabliers. Il peut \u00e9galement devenir un charmant chemin de table.<\/p>\n<p>Ce textile en chanvre biologique p\u00e8se 290 g\/m\u00b2 et mesure 120 cm de large, ce qui le rend polyvalent pour les petits travaux d'artisanat comme pour les projets de d\u00e9coration int\u00e9rieure n\u00e9cessitant de grandes quantit\u00e9s de tissu en chanvre. Chaque commande est coup\u00e9e en un seul morceau, ce qui vous offre une libert\u00e9 totale pour les grands projets.<\/p>\n<p>Intemporel et durable, ce tissu \u00e9cologique vous invite \u00e0 cr\u00e9er avec d\u00e9termination et \u00e0 profiter d'un textile qui allie nature, design et vie quotidienne.<\/p>","protected":false},"excerpt":{"rendered":"<p>Ce tissu en chanvre naturel pr\u00e9sente un tissage rustique ouvert qui apporte une touche de chaleur \u00e0 tous vos projets. Respirant et \u00e9cologique, il constitue un excellent choix pour tous vos projets de tissus boh\u00e8mes. Des rideaux d\u00e9coratifs et tissus d'ameublement aux simples cr\u00e9ations DIY, il vous offre une grande libert\u00e9 cr\u00e9ative.<\/p>\n<p><strong>Poids :<\/strong> 8,5 oz\/yd\u00b2 (290 g\/m\u00b2)<br \/>\n<strong>Largeur<\/strong> : 47 pouces (120 cm)<\/p>\n<div class=\"global-icon-set\">\n<div class=\"global-icon-set__items\">\n<div class=\"global-icon-set__item\">\n<div class=\"global-icon-set__image\">\n                                    <img decoding=\"async\" src=\"https:\/\/homeofwool.com\/wp-content\/uploads\/2025\/09\/VOCs-min-300x300.png\" alt=\"vocs libre\" \/>\n                                <\/div>\n<div class=\"global-icon-set__title\">Sans COV<\/div>\n<\/p><\/div>\n<div class=\"global-icon-set__item\">\n<div class=\"global-icon-set__image\">\n                                    <img decoding=\"async\" src=\"https:\/\/homeofwool.com\/wp-content\/uploads\/2025\/09\/free-of-synthetics-icon-300x300.png\" alt=\"sans mati\u00e8res synth\u00e9tiques ic\u00f4ne\" \/>\n                                <\/div>\n<div class=\"global-icon-set__title\">Sans mati\u00e8res synth\u00e9tiques<\/div>\n<\/p><\/div>\n<div class=\"global-icon-set__item\">\n<div class=\"global-icon-set__image\">\n                                    <img decoding=\"async\" src=\"https:\/\/homeofwool.com\/wp-content\/uploads\/2025\/09\/chemical-free-icon-300x300.png\" alt=\"ic\u00f4ne de l&#039;absence de produits chimiques\" \/>\n                                <\/div>\n<div class=\"global-icon-set__title\">Sans produits chimiques<\/div>\n<\/p><\/div>\n<\/p><\/div>\n<\/p><\/div>","protected":false},"featured_media":219301,"template":"","meta":{"_acf_changed":false},"product_brand":[],"product_cat":[25],"product_tag":[261,262,85,86,263,94,95],"class_list":{"0":"post-217632","1":"product","2":"type-product","3":"status-publish","4":"has-post-thumbnail","6":"product_cat-wool-fabrics-batting","7":"product_tag-cotton-fabric-by-the-yard","8":"product_tag-cotton-fabric-for-applique","9":"product_tag-craft-supplies","10":"product_tag-eco-friendly-textile","11":"product_tag-pure-cotton-fabric","12":"product_tag-sewing-supply","13":"product_tag-undyed-fibers","15":"first","16":"instock","17":"shipping-taxable","18":"purchasable","19":"product-type-variable"},"acf":[],"yoast_head":"<!-- This site is optimized with the Yoast SEO Premium plugin v27.4 (Yoast SEO v27.4) - https:\/\/yoast.com\/product\/yoast-seo-premium-wordpress\/ -->\n<title>Hemp Fabric \u2013 Organic, Eco-friendly &amp; Cut-to-size | Home of Wool<\/title>\n<meta name=\"description\" content=\"Natural hemp textile is durable, breathable, and chemical-free with a rich texture. Perfect for flowing drapes, cushions, table runners, home d\u00e9cor, and creative projects.\" \/>\n<meta name=\"robots\" content=\"index, follow, max-snippet:-1, max-image-preview:large, max-video-preview:-1\" \/>\n<link rel=\"canonical\" href=\"https:\/\/homeofwool.com\/fr\/boutique\/tissu-de-chanvre\/\" \/>\n<meta property=\"og:locale\" content=\"fr_FR\" \/>\n<meta property=\"og:type\" content=\"article\" \/>\n<meta property=\"og:title\" content=\"100% Hemp Fabric\" \/>\n<meta property=\"og:description\" content=\"Natural hemp textile is durable, breathable, and chemical-free with a rich texture. Perfect for flowing drapes, cushions, table runners, home d\u00e9cor, and creative projects.\" \/>\n<meta property=\"og:url\" content=\"https:\/\/homeofwool.com\/fr\/boutique\/tissu-de-chanvre\/\" \/>\n<meta property=\"og:site_name\" content=\"Home of Wool\" \/>\n<meta property=\"article:publisher\" content=\"https:\/\/facebook.com\/HomeOfWoolOfficial\" \/>\n<meta property=\"article:modified_time\" content=\"2025-09-25T13:20:24+00:00\" \/>\n<meta property=\"og:image\" content=\"https:\/\/homeofwool.com\/wp-content\/uploads\/2025\/09\/home-of-wool-100-hemp-fabric-1-main.jpg\" \/>\n\t<meta property=\"og:image:width\" content=\"2000\" \/>\n\t<meta property=\"og:image:height\" content=\"1599\" \/>\n\t<meta property=\"og:image:type\" content=\"image\/jpeg\" \/>\n<meta name=\"twitter:card\" content=\"summary_large_image\" \/>\n<meta name=\"twitter:label1\" content=\"Dur\u00e9e de lecture estim\u00e9e\" \/>\n\t<meta name=\"twitter:data1\" content=\"2 minutes\" \/>\n<script type=\"application\/ld+json\" class=\"yoast-schema-graph\">{\"@context\":\"https:\\\/\\\/schema.org\",\"@graph\":[{\"@type\":\"WebPage\",\"@id\":\"https:\\\/\\\/homeofwool.com\\\/da\\\/butik\\\/hampestof\\\/\",\"url\":\"https:\\\/\\\/homeofwool.com\\\/da\\\/butik\\\/hampestof\\\/\",\"name\":\"Hemp Fabric \u2013 Organic, Eco-friendly & Cut-to-size | Home of Wool\",\"isPartOf\":{\"@id\":\"https:\\\/\\\/homeofwool.com\\\/#website\"},\"primaryImageOfPage\":{\"@id\":\"https:\\\/\\\/homeofwool.com\\\/da\\\/butik\\\/hampestof\\\/#primaryimage\"},\"image\":{\"@id\":\"https:\\\/\\\/homeofwool.com\\\/da\\\/butik\\\/hampestof\\\/#primaryimage\"},\"thumbnailUrl\":\"https:\\\/\\\/homeofwool.com\\\/wp-content\\\/uploads\\\/2025\\\/09\\\/home-of-wool-100-hemp-fabric-1-main.jpg\",\"datePublished\":\"2025-09-02T12:01:58+00:00\",\"dateModified\":\"2025-09-25T13:20:24+00:00\",\"description\":\"Natural hemp textile is durable, breathable, and chemical-free with a rich texture. Perfect for flowing drapes, cushions, table runners, home d\u00e9cor, and creative projects.\",\"breadcrumb\":{\"@id\":\"https:\\\/\\\/homeofwool.com\\\/da\\\/butik\\\/hampestof\\\/#breadcrumb\"},\"inLanguage\":\"fr-FR\",\"potentialAction\":[{\"@type\":\"ReadAction\",\"target\":[\"https:\\\/\\\/homeofwool.com\\\/da\\\/butik\\\/hampestof\\\/\"]}]},{\"@type\":\"ImageObject\",\"inLanguage\":\"fr-FR\",\"@id\":\"https:\\\/\\\/homeofwool.com\\\/da\\\/butik\\\/hampestof\\\/#primaryimage\",\"url\":\"https:\\\/\\\/homeofwool.com\\\/wp-content\\\/uploads\\\/2025\\\/09\\\/home-of-wool-100-hemp-fabric-1-main.jpg\",\"contentUrl\":\"https:\\\/\\\/homeofwool.com\\\/wp-content\\\/uploads\\\/2025\\\/09\\\/home-of-wool-100-hemp-fabric-1-main.jpg\",\"width\":2000,\"height\":1599,\"caption\":\"100% hemp fabric close up\"},{\"@type\":\"BreadcrumbList\",\"@id\":\"https:\\\/\\\/homeofwool.com\\\/da\\\/butik\\\/hampestof\\\/#breadcrumb\",\"itemListElement\":[{\"@type\":\"ListItem\",\"position\":1,\"name\":\"Home\",\"item\":\"https:\\\/\\\/homeofwool.com\\\/\"},{\"@type\":\"ListItem\",\"position\":2,\"name\":\"Products\",\"item\":\"https:\\\/\\\/homeofwool.com\\\/header-search-2\\\/\"},{\"@type\":\"ListItem\",\"position\":3,\"name\":\"100% Hemp Fabric\"}]},{\"@type\":\"WebSite\",\"@id\":\"https:\\\/\\\/homeofwool.com\\\/#website\",\"url\":\"https:\\\/\\\/homeofwool.com\\\/\",\"name\":\"Home of Wool\",\"description\":\"\",\"publisher\":{\"@id\":\"https:\\\/\\\/homeofwool.com\\\/#organization\"},\"potentialAction\":[{\"@type\":\"SearchAction\",\"target\":{\"@type\":\"EntryPoint\",\"urlTemplate\":\"https:\\\/\\\/homeofwool.com\\\/?s={search_term_string}\"},\"query-input\":{\"@type\":\"PropertyValueSpecification\",\"valueRequired\":true,\"valueName\":\"search_term_string\"}}],\"inLanguage\":\"fr-FR\"},{\"@type\":\"Organization\",\"@id\":\"https:\\\/\\\/homeofwool.com\\\/#organization\",\"name\":\"Home of Wool\",\"url\":\"https:\\\/\\\/homeofwool.com\\\/\",\"logo\":{\"@type\":\"ImageObject\",\"inLanguage\":\"fr-FR\",\"@id\":\"https:\\\/\\\/homeofwool.com\\\/#\\\/schema\\\/logo\\\/image\\\/\",\"url\":\"https:\\\/\\\/homeofwool.com\\\/wp-content\\\/uploads\\\/2025\\\/09\\\/WhatsApp-Image-2025-12-02-at-16.23.20.jpeg\",\"contentUrl\":\"https:\\\/\\\/homeofwool.com\\\/wp-content\\\/uploads\\\/2025\\\/09\\\/WhatsApp-Image-2025-12-02-at-16.23.20.jpeg\",\"width\":700,\"height\":247,\"caption\":\"Home of Wool\"},\"image\":{\"@id\":\"https:\\\/\\\/homeofwool.com\\\/#\\\/schema\\\/logo\\\/image\\\/\"},\"sameAs\":[\"https:\\\/\\\/facebook.com\\\/HomeOfWoolOfficial\"]}]}<\/script>\n<!-- \/ Yoast SEO Premium plugin. -->","yoast_head_json":{"title":"Tissu de chanvre \u2013 Biologique, \u00e9cologique et coup\u00e9 sur mesure | Home of Wool","description":"Le textile en chanvre naturel est durable, respirant, sans produits chimiques et dot\u00e9 d'une texture riche. Il est id\u00e9al pour les rideaux fluides, les coussins, les chemins de table, la d\u00e9coration int\u00e9rieure et les projets cr\u00e9atifs.","robots":{"index":"index","follow":"follow","max-snippet":"max-snippet:-1","max-image-preview":"max-image-preview:large","max-video-preview":"max-video-preview:-1"},"canonical":"https:\/\/homeofwool.com\/fr\/boutique\/tissu-de-chanvre\/","og_locale":"fr_FR","og_type":"article","og_title":"100% Hemp Fabric","og_description":"Natural hemp textile is durable, breathable, and chemical-free with a rich texture. Perfect for flowing drapes, cushions, table runners, home d\u00e9cor, and creative projects.","og_url":"https:\/\/homeofwool.com\/fr\/boutique\/tissu-de-chanvre\/","og_site_name":"Home of Wool","article_publisher":"https:\/\/facebook.com\/HomeOfWoolOfficial","article_modified_time":"2025-09-25T13:20:24+00:00","og_image":[{"width":2000,"height":1599,"url":"https:\/\/homeofwool.com\/wp-content\/uploads\/2025\/09\/home-of-wool-100-hemp-fabric-1-main.jpg","type":"image\/jpeg"}],"twitter_card":"summary_large_image","twitter_misc":{"Dur\u00e9e de lecture estim\u00e9e":"2 minutes"},"schema":{"@context":"https:\/\/schema.org","@graph":[{"@type":"WebPage","@id":"https:\/\/homeofwool.com\/da\/butik\/hampestof\/","url":"https:\/\/homeofwool.com\/da\/butik\/hampestof\/","name":"Tissu de chanvre \u2013 Biologique, \u00e9cologique et coup\u00e9 sur mesure | Home of Wool","isPartOf":{"@id":"https:\/\/homeofwool.com\/#website"},"primaryImageOfPage":{"@id":"https:\/\/homeofwool.com\/da\/butik\/hampestof\/#primaryimage"},"image":{"@id":"https:\/\/homeofwool.com\/da\/butik\/hampestof\/#primaryimage"},"thumbnailUrl":"https:\/\/homeofwool.com\/wp-content\/uploads\/2025\/09\/home-of-wool-100-hemp-fabric-1-main.jpg","datePublished":"2025-09-02T12:01:58+00:00","dateModified":"2025-09-25T13:20:24+00:00","description":"Le textile en chanvre naturel est durable, respirant, sans produits chimiques et dot\u00e9 d'une texture riche. Il est id\u00e9al pour les rideaux fluides, les coussins, les chemins de table, la d\u00e9coration int\u00e9rieure et les projets cr\u00e9atifs.","breadcrumb":{"@id":"https:\/\/homeofwool.com\/da\/butik\/hampestof\/#breadcrumb"},"inLanguage":"fr-FR","potentialAction":[{"@type":"ReadAction","target":["https:\/\/homeofwool.com\/da\/butik\/hampestof\/"]}]},{"@type":"ImageObject","inLanguage":"fr-FR","@id":"https:\/\/homeofwool.com\/da\/butik\/hampestof\/#primaryimage","url":"https:\/\/homeofwool.com\/wp-content\/uploads\/2025\/09\/home-of-wool-100-hemp-fabric-1-main.jpg","contentUrl":"https:\/\/homeofwool.com\/wp-content\/uploads\/2025\/09\/home-of-wool-100-hemp-fabric-1-main.jpg","width":2000,"height":1599,"caption":"100% hemp fabric close up"},{"@type":"BreadcrumbList","@id":"https:\/\/homeofwool.com\/da\/butik\/hampestof\/#breadcrumb","itemListElement":[{"@type":"ListItem","position":1,"name":"Home","item":"https:\/\/homeofwool.com\/"},{"@type":"ListItem","position":2,"name":"Products","item":"https:\/\/homeofwool.com\/header-search-2\/"},{"@type":"ListItem","position":3,"name":"100% Hemp Fabric"}]},{"@type":"WebSite","@id":"https:\/\/homeofwool.com\/#website","url":"https:\/\/homeofwool.com\/","name":"La maison de la laine","description":"","publisher":{"@id":"https:\/\/homeofwool.com\/#organization"},"potentialAction":[{"@type":"SearchAction","target":{"@type":"EntryPoint","urlTemplate":"https:\/\/homeofwool.com\/?s={search_term_string}"},"query-input":{"@type":"PropertyValueSpecification","valueRequired":true,"valueName":"search_term_string"}}],"inLanguage":"fr-FR"},{"@type":"Organization","@id":"https:\/\/homeofwool.com\/#organization","name":"La maison de la laine","url":"https:\/\/homeofwool.com\/","logo":{"@type":"ImageObject","inLanguage":"fr-FR","@id":"https:\/\/homeofwool.com\/#\/schema\/logo\/image\/","url":"https:\/\/homeofwool.com\/wp-content\/uploads\/2025\/09\/WhatsApp-Image-2025-12-02-at-16.23.20.jpeg","contentUrl":"https:\/\/homeofwool.com\/wp-content\/uploads\/2025\/09\/WhatsApp-Image-2025-12-02-at-16.23.20.jpeg","width":700,"height":247,"caption":"Home of Wool"},"image":{"@id":"https:\/\/homeofwool.com\/#\/schema\/logo\/image\/"},"sameAs":["https:\/\/facebook.com\/HomeOfWoolOfficial"]}]}},"_links":{"self":[{"href":"https:\/\/homeofwool.com\/fr\/wp-json\/wp\/v2\/product\/217632","targetHints":{"allow":["GET"]}}],"collection":[{"href":"https:\/\/homeofwool.com\/fr\/wp-json\/wp\/v2\/product"}],"about":[{"href":"https:\/\/homeofwool.com\/fr\/wp-json\/wp\/v2\/types\/product"}],"version-history":[{"count":0,"href":"https:\/\/homeofwool.com\/fr\/wp-json\/wp\/v2\/product\/217632\/revisions"}],"wp:featuredmedia":[{"embeddable":true,"href":"https:\/\/homeofwool.com\/fr\/wp-json\/wp\/v2\/media\/219301"}],"wp:attachment":[{"href":"https:\/\/homeofwool.com\/fr\/wp-json\/wp\/v2\/media?parent=217632"}],"wp:term":[{"taxonomy":"product_brand","embeddable":true,"href":"https:\/\/homeofwool.com\/fr\/wp-json\/wp\/v2\/product_brand?post=217632"},{"taxonomy":"product_cat","embeddable":true,"href":"https:\/\/homeofwool.com\/fr\/wp-json\/wp\/v2\/product_cat?post=217632"},{"taxonomy":"product_tag","embeddable":true,"href":"https:\/\/homeofwool.com\/fr\/wp-json\/wp\/v2\/product_tag?post=217632"}],"curies":[{"name":"wp","href":"https:\/\/api.w.org\/{rel}","templated":true}]}}