{"id":217630,"date":"2025-09-02T12:01:58","date_gmt":"2025-09-02T12:01:58","guid":{"rendered":"https:\/\/homeofwool.com\/?post_type=product&#038;p=217630"},"modified":"2026-02-11T10:11:59","modified_gmt":"2026-02-11T10:11:59","slug":"matelas-en-laine-fendue","status":"publish","type":"product","link":"https:\/\/homeofwool.com\/fr\/shop\/split-wool-mattress\/","title":{"rendered":"Matelas en laine fendue"},"content":{"rendered":"<p>Trouver le matelas id\u00e9al pour un couple n'est pas toujours facile. C'est pourquoi le matelas en laine divis\u00e9 Home of Wool a \u00e9t\u00e9 con\u00e7u pour offrir une grande flexibilit\u00e9. Vous pouvez choisir deux matelas simples de fermet\u00e9 ou d'\u00e9paisseur diff\u00e9rentes et les assembler \u00e0 l'aide d'une fermeture \u00e9clair r\u00e9sistante pour cr\u00e9er un matelas double. Ainsi, chaque partenaire peut profiter d'un confort personnalis\u00e9 tout en partageant un lit harmonieux.<\/p>\n<p>Le rembourrage en laine s'adapte \u00e0 votre corps et vous aide \u00e0 conserver une posture saine. Il soutient votre dos pour que vous restiez bien align\u00e9 tout au long de la nuit. La laine laisse l'air circuler librement, ce qui vous permet de rester au chaud en hiver et au frais en \u00e9t\u00e9. Pas de surchauffe, pas de r\u00e9veil en sueur. Et comme elle absorbe les mouvements, cette matelas pour couples permet \u00e0 l'un des partenaires de se retourner sans r\u00e9veiller l'autre. La matelas en laine divis\u00e9e Home of Wool est \u00e9galement hypoallerg\u00e9nique, ce qui en fait un choix s\u00fbr si vous souffrez d'allergies ou de sensibilit\u00e9s.<\/p>\n<p>Comme chaque c\u00f4t\u00e9 du matelas en laine divis\u00e9 Home of Wool peut \u00eatre personnalis\u00e9 diff\u00e9remment, vous devrez peut-\u00eatre \u00e9galement adapter votre cadre de lit. Lorsque les partenaires choisissent des \u00e9paisseurs diff\u00e9rentes, un cadre sur mesure maintiendra les deux matelas \u00e0 niveau au sommet afin qu'ils s'assemblent facilement. C'est le meilleur moyen de profiter de la flexibilit\u00e9 de ce matelas pour couples tout en conservant une surface de couchage uniforme. Si une l\u00e9g\u00e8re diff\u00e9rence de hauteur ne vous d\u00e9range pas, vous pouvez \u00e9galement commander les matelas sans fermeture \u00e9clair. Nous les adapterons \u00e0 la taille de votre cadre de lit et les ajusterons \u00e0 votre confort, afin qu'ils s'adaptent parfaitement.<\/p>\n<p>Chaque matelas est fix\u00e9 \u00e0 l'aide de solides fils de lin et de n\u0153uds en laine qui maintiennent le rembourrage en place, afin que la laine ne se d\u00e9place pas avec le temps. Des poign\u00e9es lat\u00e9rales robustes facilitent le retournement et le d\u00e9placement du matelas lorsque cela est n\u00e9cessaire. Un kit de r\u00e9paration gratuit permet de prolonger encore davantage sa dur\u00e9e de vie. Vous pouvez \u00e9galement demander des \u00e9chantillons de nos tissus naturels et de notre rembourrage en laine avant de prendre votre d\u00e9cision finale.<\/p>\n<p>Besoin d'aide pour choisir votre c\u00f4t\u00e9 du matelas ? <a href=\"https:\/\/homeofwool.com\/fr\/guide-to-choosing-your-wool-mattress\/\" target=\"_blank\" rel=\"noopener noreferrer\">Lisez notre guide<\/a> pour toutes les options.<\/p>","protected":false},"excerpt":{"rendered":"<p>Pour les couples qui n'arrivent pas \u00e0 se mettre d'accord sur un seul matelas, ce matelas en laine fait main permet de partager facilement un lit tout en conservant son propre confort. Chaque partenaire peut profiter de son propre niveau de fermet\u00e9, puis assembler les matelas de mani\u00e8re homog\u00e8ne pour obtenir un lit commun offrant une r\u00e9gulation naturelle de la temp\u00e9rature et un confort hypoallerg\u00e9nique.<\/p>\n<div class=\"global-icon-set\">\n<div class=\"global-icon-set__items\">\n<div class=\"global-icon-set__item\">\n<div class=\"global-icon-set__image\">\n                                    <img decoding=\"async\" src=\"https:\/\/homeofwool.com\/wp-content\/uploads\/2025\/09\/handmade-icon-300x300.png\" alt=\"ic\u00f4ne artisanale\" \/>\n                                <\/div>\n<div class=\"global-icon-set__title\">Fait \u00e0 la main<\/div>\n<\/p><\/div>\n<div class=\"global-icon-set__item\">\n<div class=\"global-icon-set__image\">\n                                    <img decoding=\"async\" src=\"https:\/\/homeofwool.com\/wp-content\/uploads\/2025\/09\/Isolates-Motion-Transfer-min-300x300.png\" alt=\"isole le transfert de mouvement\" \/>\n                                <\/div>\n<div class=\"global-icon-set__title\">Isolation du transfert de mouvement<\/div>\n<\/p><\/div>\n<div class=\"global-icon-set__item\">\n<div class=\"global-icon-set__image\">\n                                    <img decoding=\"async\" src=\"https:\/\/homeofwool.com\/wp-content\/uploads\/2025\/09\/Exceptionally-Supportive-min-300x300.png\" alt=\"ic\u00f4ne exceptionnellement encourageante\" \/>\n                                <\/div>\n<div class=\"global-icon-set__title\">Soutien exceptionnel<\/div>\n<\/p><\/div>\n<div class=\"global-icon-set__item\">\n<div class=\"global-icon-set__image\">\n                                    <img decoding=\"async\" src=\"https:\/\/homeofwool.com\/wp-content\/uploads\/2025\/09\/wicks-moisture-away-300x300.png\" alt=\"\u00e9vacue l&#039;humidit\u00e9\" \/>\n                                <\/div>\n<div class=\"global-icon-set__title\">Evacue l'humidit\u00e9<\/div>\n<\/p><\/div>\n<div class=\"global-icon-set__item\">\n<div class=\"global-icon-set__image\">\n                                    <img decoding=\"async\" src=\"https:\/\/homeofwool.com\/wp-content\/uploads\/2025\/09\/VOCs-min-300x300.png\" alt=\"vocs libre\" \/>\n                                <\/div>\n<div class=\"global-icon-set__title\">Sans COV<\/div>\n<\/p><\/div>\n<div class=\"global-icon-set__item\">\n<div class=\"global-icon-set__image\">\n                                    <img decoding=\"async\" src=\"https:\/\/homeofwool.com\/wp-content\/uploads\/2025\/09\/FR-min-300x300.png\" alt=\"ic\u00f4ne de r\u00e9sistance au feu\" \/>\n                                <\/div>\n<div class=\"global-icon-set__title\">R\u00e9sistant \u00e0 la flamme<\/div>\n<\/p><\/div>\n<div class=\"global-icon-set__item\">\n<div class=\"global-icon-set__image\">\n                                    <img decoding=\"async\" src=\"https:\/\/homeofwool.com\/wp-content\/uploads\/2025\/09\/Hypoallergenic-min-300x300.png\" alt=\"ic\u00f4ne hypoallerg\u00e9nique\" \/>\n                                <\/div>\n<div class=\"global-icon-set__title\">Hypoallerg\u00e9nique<\/div>\n<\/p><\/div>\n<div class=\"global-icon-set__item\">\n<div class=\"global-icon-set__image\">\n                                    <img decoding=\"async\" src=\"https:\/\/homeofwool.com\/wp-content\/uploads\/2025\/09\/free-of-synthetics-icon-300x300.png\" alt=\"sans mati\u00e8res synth\u00e9tiques ic\u00f4ne\" \/>\n                                <\/div>\n<div class=\"global-icon-set__title\">Sans mati\u00e8res synth\u00e9tiques<\/div>\n<\/p><\/div>\n<div class=\"global-icon-set__item\">\n<div class=\"global-icon-set__image\">\n                                    <img decoding=\"async\" src=\"https:\/\/homeofwool.com\/wp-content\/uploads\/2025\/09\/chemical-free-icon-300x300.png\" alt=\"ic\u00f4ne de l&#039;absence de produits chimiques\" \/>\n                                <\/div>\n<div class=\"global-icon-set__title\">Sans produits chimiques<\/div>\n<\/p><\/div>\n<div class=\"global-icon-set__item\">\n<div class=\"global-icon-set__image\">\n                                    <img decoding=\"async\" src=\"https:\/\/homeofwool.com\/wp-content\/uploads\/2025\/09\/anti-bacterial-icon-300x300.png\" alt=\"ic\u00f4ne anti-bact\u00e9rien\" \/>\n                                <\/div>\n<div class=\"global-icon-set__title\">Anti-microbien et anti-bact\u00e9rien<\/div>\n<\/p><\/div>\n<div class=\"global-icon-set__item\">\n<div class=\"global-icon-set__image\">\n                                    <img decoding=\"async\" src=\"https:\/\/homeofwool.com\/wp-content\/uploads\/2025\/09\/certified-materials-icon-300x300.png\" alt=\"ic\u00f4ne des mat\u00e9riaux certifi\u00e9s\" \/>\n                                <\/div>\n<div class=\"global-icon-set__title\">100% Mat\u00e9riaux certifi\u00e9s purs<\/div>\n<\/p><\/div>\n<\/p><\/div>\n<\/p><\/div>","protected":false},"featured_media":221124,"template":"","meta":{"_acf_changed":false},"product_brand":[],"product_cat":[252],"product_tag":[549,175,176,177,385,386,181,182,183,52,184,185,186,187,188,191,192,193,194,195,387,197,550,149,203],"class_list":{"0":"post-217630","1":"product","2":"type-product","3":"status-publish","4":"has-post-thumbnail","6":"product_cat-mattresses","7":"product_tag-2-piece-mattress","8":"product_tag-affordable-natural-mattress","9":"product_tag-all-natural-futon","10":"product_tag-artisanal-mattress","11":"product_tag-co-sleeping","12":"product_tag-family-bed","13":"product_tag-firm-mattress","14":"product_tag-floor-bed-mattress","15":"product_tag-french-antique-bed","16":"product_tag-french-mattress","17":"product_tag-full-size-mattress-set","18":"product_tag-handmade-mattress","19":"product_tag-hard-mattress","20":"product_tag-hypoallergenic-bed","21":"product_tag-low-voc-mattress","22":"product_tag-mattress-sets","23":"product_tag-mattress-without-flame-retardant","24":"product_tag-natural-mattress","25":"product_tag-organic-foldable-bed","26":"product_tag-organic-mattress","27":"product_tag-overlanding","28":"product_tag-safe-mattresses","29":"product_tag-split-king-mattress","30":"product_tag-steps","31":"product_tag-wool-mattress","33":"first","34":"instock","35":"shipping-taxable","36":"purchasable","37":"product-type-simple"},"acf":[],"yoast_head":"<!-- This site is optimized with the Yoast SEO Premium plugin v27.4 (Yoast SEO v27.4) - https:\/\/yoast.com\/product\/yoast-seo-premium-wordpress\/ -->\n<title>Split Wool Mattress \u2013 The Mattress Every Couple Needs | Home of Wool<\/title>\n<meta name=\"description\" content=\"Customizable and breathable, the Split Wool Mattress uses organic wool filling. Hypoallergenic and toxin-free, it delivers sustainable, safe, and supportive comfort for couples.\" \/>\n<meta name=\"robots\" content=\"index, follow, max-snippet:-1, max-image-preview:large, max-video-preview:-1\" \/>\n<link rel=\"canonical\" href=\"https:\/\/homeofwool.com\/fr\/boutique\/matelas-en-laine-fendue\/\" \/>\n<meta property=\"og:locale\" content=\"fr_FR\" \/>\n<meta property=\"og:type\" content=\"article\" \/>\n<meta property=\"og:title\" content=\"Split Wool Mattress\" \/>\n<meta property=\"og:description\" content=\"Customizable and breathable, the Split Wool Mattress uses organic wool filling. Hypoallergenic and toxin-free, it delivers sustainable, safe, and supportive comfort for couples.\" \/>\n<meta property=\"og:url\" content=\"https:\/\/homeofwool.com\/fr\/boutique\/matelas-en-laine-fendue\/\" \/>\n<meta property=\"og:site_name\" content=\"Home of Wool\" \/>\n<meta property=\"article:publisher\" content=\"https:\/\/facebook.com\/HomeOfWoolOfficial\" \/>\n<meta property=\"article:modified_time\" content=\"2026-02-11T10:11:59+00:00\" \/>\n<meta property=\"og:image\" content=\"https:\/\/homeofwool.com\/wp-content\/uploads\/2025\/09\/home-of-wool-split-wool-mattress-1-main.jpg\" \/>\n\t<meta property=\"og:image:width\" content=\"1920\" \/>\n\t<meta property=\"og:image:height\" content=\"1536\" \/>\n\t<meta property=\"og:image:type\" content=\"image\/jpeg\" \/>\n<meta name=\"twitter:card\" content=\"summary_large_image\" \/>\n<meta name=\"twitter:label1\" content=\"Dur\u00e9e de lecture estim\u00e9e\" \/>\n\t<meta name=\"twitter:data1\" content=\"2 minutes\" \/>\n<script type=\"application\/ld+json\" class=\"yoast-schema-graph\">{\"@context\":\"https:\\\/\\\/schema.org\",\"@graph\":[{\"@type\":\"WebPage\",\"@id\":\"https:\\\/\\\/homeofwool.com\\\/shop\\\/split-wool-mattress\\\/\",\"url\":\"https:\\\/\\\/homeofwool.com\\\/shop\\\/split-wool-mattress\\\/\",\"name\":\"Split Wool Mattress \u2013 The Mattress Every Couple Needs | Home of Wool\",\"isPartOf\":{\"@id\":\"https:\\\/\\\/homeofwool.com\\\/#website\"},\"primaryImageOfPage\":{\"@id\":\"https:\\\/\\\/homeofwool.com\\\/shop\\\/split-wool-mattress\\\/#primaryimage\"},\"image\":{\"@id\":\"https:\\\/\\\/homeofwool.com\\\/shop\\\/split-wool-mattress\\\/#primaryimage\"},\"thumbnailUrl\":\"https:\\\/\\\/homeofwool.com\\\/wp-content\\\/uploads\\\/2025\\\/09\\\/home-of-wool-split-wool-mattress-1-main.jpg\",\"datePublished\":\"2025-09-02T12:01:58+00:00\",\"dateModified\":\"2026-02-11T10:11:59+00:00\",\"description\":\"Customizable and breathable, the Split Wool Mattress uses organic wool filling. Hypoallergenic and toxin-free, it delivers sustainable, safe, and supportive comfort for couples.\",\"breadcrumb\":{\"@id\":\"https:\\\/\\\/homeofwool.com\\\/shop\\\/split-wool-mattress\\\/#breadcrumb\"},\"inLanguage\":\"fr-FR\",\"potentialAction\":[{\"@type\":\"ReadAction\",\"target\":[\"https:\\\/\\\/homeofwool.com\\\/shop\\\/split-wool-mattress\\\/\"]}]},{\"@type\":\"ImageObject\",\"inLanguage\":\"fr-FR\",\"@id\":\"https:\\\/\\\/homeofwool.com\\\/shop\\\/split-wool-mattress\\\/#primaryimage\",\"url\":\"https:\\\/\\\/homeofwool.com\\\/wp-content\\\/uploads\\\/2025\\\/09\\\/home-of-wool-split-wool-mattress-1-main.jpg\",\"contentUrl\":\"https:\\\/\\\/homeofwool.com\\\/wp-content\\\/uploads\\\/2025\\\/09\\\/home-of-wool-split-wool-mattress-1-main.jpg\",\"width\":1920,\"height\":1536,\"caption\":\"Wool split mattress full view showing both pieces zipped together\"},{\"@type\":\"BreadcrumbList\",\"@id\":\"https:\\\/\\\/homeofwool.com\\\/shop\\\/split-wool-mattress\\\/#breadcrumb\",\"itemListElement\":[{\"@type\":\"ListItem\",\"position\":1,\"name\":\"Home\",\"item\":\"https:\\\/\\\/homeofwool.com\\\/\"},{\"@type\":\"ListItem\",\"position\":2,\"name\":\"Products\",\"item\":\"https:\\\/\\\/homeofwool.com\\\/header-search-2\\\/\"},{\"@type\":\"ListItem\",\"position\":3,\"name\":\"Split Wool Mattress\"}]},{\"@type\":\"WebSite\",\"@id\":\"https:\\\/\\\/homeofwool.com\\\/#website\",\"url\":\"https:\\\/\\\/homeofwool.com\\\/\",\"name\":\"Home of Wool\",\"description\":\"\",\"publisher\":{\"@id\":\"https:\\\/\\\/homeofwool.com\\\/#organization\"},\"potentialAction\":[{\"@type\":\"SearchAction\",\"target\":{\"@type\":\"EntryPoint\",\"urlTemplate\":\"https:\\\/\\\/homeofwool.com\\\/?s={search_term_string}\"},\"query-input\":{\"@type\":\"PropertyValueSpecification\",\"valueRequired\":true,\"valueName\":\"search_term_string\"}}],\"inLanguage\":\"fr-FR\"},{\"@type\":\"Organization\",\"@id\":\"https:\\\/\\\/homeofwool.com\\\/#organization\",\"name\":\"Home of Wool\",\"url\":\"https:\\\/\\\/homeofwool.com\\\/\",\"logo\":{\"@type\":\"ImageObject\",\"inLanguage\":\"fr-FR\",\"@id\":\"https:\\\/\\\/homeofwool.com\\\/#\\\/schema\\\/logo\\\/image\\\/\",\"url\":\"https:\\\/\\\/homeofwool.com\\\/wp-content\\\/uploads\\\/2025\\\/09\\\/WhatsApp-Image-2025-12-02-at-16.23.20.jpeg\",\"contentUrl\":\"https:\\\/\\\/homeofwool.com\\\/wp-content\\\/uploads\\\/2025\\\/09\\\/WhatsApp-Image-2025-12-02-at-16.23.20.jpeg\",\"width\":700,\"height\":247,\"caption\":\"Home of Wool\"},\"image\":{\"@id\":\"https:\\\/\\\/homeofwool.com\\\/#\\\/schema\\\/logo\\\/image\\\/\"},\"sameAs\":[\"https:\\\/\\\/facebook.com\\\/HomeOfWoolOfficial\"]}]}<\/script>\n<!-- \/ Yoast SEO Premium plugin. -->","yoast_head_json":{"title":"Matelas en laine fendue \u2013 Le matelas dont tous les couples ont besoin | Home of Wool","description":"Personnalisable et respirant, le matelas Split Wool utilise un rembourrage en laine biologique. Hypoallerg\u00e9nique et sans toxines, il offre un confort durable, s\u00fbr et un bon soutien aux couples.","robots":{"index":"index","follow":"follow","max-snippet":"max-snippet:-1","max-image-preview":"max-image-preview:large","max-video-preview":"max-video-preview:-1"},"canonical":"https:\/\/homeofwool.com\/fr\/boutique\/matelas-en-laine-fendue\/","og_locale":"fr_FR","og_type":"article","og_title":"Split Wool Mattress","og_description":"Customizable and breathable, the Split Wool Mattress uses organic wool filling. Hypoallergenic and toxin-free, it delivers sustainable, safe, and supportive comfort for couples.","og_url":"https:\/\/homeofwool.com\/fr\/boutique\/matelas-en-laine-fendue\/","og_site_name":"Home of Wool","article_publisher":"https:\/\/facebook.com\/HomeOfWoolOfficial","article_modified_time":"2026-02-11T10:11:59+00:00","og_image":[{"width":1920,"height":1536,"url":"https:\/\/homeofwool.com\/wp-content\/uploads\/2025\/09\/home-of-wool-split-wool-mattress-1-main.jpg","type":"image\/jpeg"}],"twitter_card":"summary_large_image","twitter_misc":{"Dur\u00e9e de lecture estim\u00e9e":"2 minutes"},"schema":{"@context":"https:\/\/schema.org","@graph":[{"@type":"WebPage","@id":"https:\/\/homeofwool.com\/shop\/split-wool-mattress\/","url":"https:\/\/homeofwool.com\/shop\/split-wool-mattress\/","name":"Matelas en laine fendue \u2013 Le matelas dont tous les couples ont besoin | Home of Wool","isPartOf":{"@id":"https:\/\/homeofwool.com\/#website"},"primaryImageOfPage":{"@id":"https:\/\/homeofwool.com\/shop\/split-wool-mattress\/#primaryimage"},"image":{"@id":"https:\/\/homeofwool.com\/shop\/split-wool-mattress\/#primaryimage"},"thumbnailUrl":"https:\/\/homeofwool.com\/wp-content\/uploads\/2025\/09\/home-of-wool-split-wool-mattress-1-main.jpg","datePublished":"2025-09-02T12:01:58+00:00","dateModified":"2026-02-11T10:11:59+00:00","description":"Personnalisable et respirant, le matelas Split Wool utilise un rembourrage en laine biologique. Hypoallerg\u00e9nique et sans toxines, il offre un confort durable, s\u00fbr et un bon soutien aux couples.","breadcrumb":{"@id":"https:\/\/homeofwool.com\/shop\/split-wool-mattress\/#breadcrumb"},"inLanguage":"fr-FR","potentialAction":[{"@type":"ReadAction","target":["https:\/\/homeofwool.com\/shop\/split-wool-mattress\/"]}]},{"@type":"ImageObject","inLanguage":"fr-FR","@id":"https:\/\/homeofwool.com\/shop\/split-wool-mattress\/#primaryimage","url":"https:\/\/homeofwool.com\/wp-content\/uploads\/2025\/09\/home-of-wool-split-wool-mattress-1-main.jpg","contentUrl":"https:\/\/homeofwool.com\/wp-content\/uploads\/2025\/09\/home-of-wool-split-wool-mattress-1-main.jpg","width":1920,"height":1536,"caption":"Wool split mattress full view showing both pieces zipped together"},{"@type":"BreadcrumbList","@id":"https:\/\/homeofwool.com\/shop\/split-wool-mattress\/#breadcrumb","itemListElement":[{"@type":"ListItem","position":1,"name":"Home","item":"https:\/\/homeofwool.com\/"},{"@type":"ListItem","position":2,"name":"Products","item":"https:\/\/homeofwool.com\/header-search-2\/"},{"@type":"ListItem","position":3,"name":"Split Wool Mattress"}]},{"@type":"WebSite","@id":"https:\/\/homeofwool.com\/#website","url":"https:\/\/homeofwool.com\/","name":"La maison de la laine","description":"","publisher":{"@id":"https:\/\/homeofwool.com\/#organization"},"potentialAction":[{"@type":"SearchAction","target":{"@type":"EntryPoint","urlTemplate":"https:\/\/homeofwool.com\/?s={search_term_string}"},"query-input":{"@type":"PropertyValueSpecification","valueRequired":true,"valueName":"search_term_string"}}],"inLanguage":"fr-FR"},{"@type":"Organization","@id":"https:\/\/homeofwool.com\/#organization","name":"La maison de la laine","url":"https:\/\/homeofwool.com\/","logo":{"@type":"ImageObject","inLanguage":"fr-FR","@id":"https:\/\/homeofwool.com\/#\/schema\/logo\/image\/","url":"https:\/\/homeofwool.com\/wp-content\/uploads\/2025\/09\/WhatsApp-Image-2025-12-02-at-16.23.20.jpeg","contentUrl":"https:\/\/homeofwool.com\/wp-content\/uploads\/2025\/09\/WhatsApp-Image-2025-12-02-at-16.23.20.jpeg","width":700,"height":247,"caption":"Home of Wool"},"image":{"@id":"https:\/\/homeofwool.com\/#\/schema\/logo\/image\/"},"sameAs":["https:\/\/facebook.com\/HomeOfWoolOfficial"]}]}},"_links":{"self":[{"href":"https:\/\/homeofwool.com\/fr\/wp-json\/wp\/v2\/product\/217630","targetHints":{"allow":["GET"]}}],"collection":[{"href":"https:\/\/homeofwool.com\/fr\/wp-json\/wp\/v2\/product"}],"about":[{"href":"https:\/\/homeofwool.com\/fr\/wp-json\/wp\/v2\/types\/product"}],"version-history":[{"count":1,"href":"https:\/\/homeofwool.com\/fr\/wp-json\/wp\/v2\/product\/217630\/revisions"}],"predecessor-version":[{"id":226706,"href":"https:\/\/homeofwool.com\/fr\/wp-json\/wp\/v2\/product\/217630\/revisions\/226706"}],"wp:featuredmedia":[{"embeddable":true,"href":"https:\/\/homeofwool.com\/fr\/wp-json\/wp\/v2\/media\/221124"}],"wp:attachment":[{"href":"https:\/\/homeofwool.com\/fr\/wp-json\/wp\/v2\/media?parent=217630"}],"wp:term":[{"taxonomy":"product_brand","embeddable":true,"href":"https:\/\/homeofwool.com\/fr\/wp-json\/wp\/v2\/product_brand?post=217630"},{"taxonomy":"product_cat","embeddable":true,"href":"https:\/\/homeofwool.com\/fr\/wp-json\/wp\/v2\/product_cat?post=217630"},{"taxonomy":"product_tag","embeddable":true,"href":"https:\/\/homeofwool.com\/fr\/wp-json\/wp\/v2\/product_tag?post=217630"}],"curies":[{"name":"wp","href":"https:\/\/api.w.org\/{rel}","templated":true}]}}