{"id":217619,"date":"2025-09-02T12:01:44","date_gmt":"2025-09-02T12:01:44","guid":{"rendered":"https:\/\/homeofwool.com\/?post_type=product&#038;p=217619"},"modified":"2026-02-11T10:12:00","modified_gmt":"2026-02-11T10:12:00","slug":"lit-rond-pour-chien","status":"publish","type":"product","link":"https:\/\/homeofwool.com\/fr\/shop\/round-dog-bed\/","title":{"rendered":"Lit rond en laine pour chien"},"content":{"rendered":"<p>Certains chiens aiment s'\u00e9tirer, mais la plupart pr\u00e9f\u00e8rent se blottir en boule. Ce lit rond pour chien est con\u00e7u exactement pour cela. Le rembourrage en laine offre un soutien qui s'adapte \u00e0 la morphologie de votre chien et aide \u00e0 soulager la pression sur ses articulations. La laine r\u00e9gulant naturellement la temp\u00e9rature, ce lit sert \u00e0 la fois de lit rafra\u00eechissant en \u00e9t\u00e9 et de refuge chaud lorsque le temps se refroidit.<\/p>\n<p>Les c\u00f4t\u00e9s sur\u00e9lev\u00e9s agissent comme un nid douillet, procurant \u00e0 votre chien un sentiment de s\u00e9curit\u00e9 lorsqu'il se repose. Le coussin ou l'oreiller central pour chien, d'une \u00e9paisseur de 5 \u00e0 8 cm, peut \u00eatre facilement ajust\u00e9 gr\u00e2ce \u00e0 des fermetures \u00e9clair qui vous permettent d'ajouter ou de retirer du rembourrage. La housse ext\u00e9rieure est fabriqu\u00e9e \u00e0 partir de tissus naturels durables et peut \u00eatre facilement retir\u00e9e pour \u00eatre lav\u00e9e. \u00c0 l'int\u00e9rieur, le rembourrage en laine est recouvert d'un tissu respirant, imperm\u00e9able et anti-taches. Il aide \u00e0 prot\u00e9ger le rembourrage en laine et permet de conserver la fra\u00eecheur du lit plus longtemps.<\/p>\n<p>Chaque lit est fabriqu\u00e9 sur commande \u00e0 partir de mat\u00e9riaux naturels uniquement. Vous pouvez demander un lit pour chien dans une taille personnalis\u00e9e. Vous pouvez \u00e9galement commander au pr\u00e9alable un \u00e9chantillon de tissu et de laine afin de pouvoir en appr\u00e9cier la texture. Vous obtiendrez ainsi un lit unique, sp\u00e9cialement con\u00e7u pour votre compagnon \u00e0 quatre pattes.<\/p>","protected":false},"excerpt":{"rendered":"<p>Ce lit rond pour chien est con\u00e7u pour les chiens qui aiment se pelotonner et se sentir prot\u00e9g\u00e9s. Rempli de pure laine, il offre un m\u00e9lange parfait de douceur et de soutien. Les fibres naturelles gardent votre animal au chaud et au frais. Pas de surchauffe, pas d'accumulation d'humidit\u00e9. Chaque lit est fabriqu\u00e9 sur commande, adapt\u00e9 \u00e0 la taille et au confort de votre chien pour un ajustement vraiment personnalis\u00e9.<\/p>\n<div class=\"global-icon-set\">\n<div class=\"global-icon-set__items\">\n<div class=\"global-icon-set__item\">\n<div class=\"global-icon-set__image\">\n                                    <img decoding=\"async\" src=\"https:\/\/homeofwool.com\/wp-content\/uploads\/2025\/09\/handmade-icon-300x300.png\" alt=\"ic\u00f4ne artisanale\" \/>\n                                <\/div>\n<div class=\"global-icon-set__title\">Fait \u00e0 la main<\/div>\n<\/p><\/div>\n<div class=\"global-icon-set__item\">\n<div class=\"global-icon-set__image\">\n                                    <img decoding=\"async\" src=\"https:\/\/homeofwool.com\/wp-content\/uploads\/2025\/09\/VOCs-min-300x300.png\" alt=\"vocs libre\" \/>\n                                <\/div>\n<div class=\"global-icon-set__title\">Sans COV<\/div>\n<\/p><\/div>\n<div class=\"global-icon-set__item\">\n<div class=\"global-icon-set__image\">\n                                    <img decoding=\"async\" src=\"https:\/\/homeofwool.com\/wp-content\/uploads\/2025\/09\/FR-min-300x300.png\" alt=\"ic\u00f4ne de r\u00e9sistance au feu\" \/>\n                                <\/div>\n<div class=\"global-icon-set__title\">R\u00e9sistant \u00e0 la flamme<\/div>\n<\/p><\/div>\n<div class=\"global-icon-set__item\">\n<div class=\"global-icon-set__image\">\n                                    <img decoding=\"async\" src=\"https:\/\/homeofwool.com\/wp-content\/uploads\/2025\/09\/Hypoallergenic-min-300x300.png\" alt=\"ic\u00f4ne hypoallerg\u00e9nique\" \/>\n                                <\/div>\n<div class=\"global-icon-set__title\">Hypoallerg\u00e9nique<\/div>\n<\/p><\/div>\n<div class=\"global-icon-set__item\">\n<div class=\"global-icon-set__image\">\n                                    <img decoding=\"async\" src=\"https:\/\/homeofwool.com\/wp-content\/uploads\/2025\/09\/free-of-synthetics-icon-300x300.png\" alt=\"sans mati\u00e8res synth\u00e9tiques ic\u00f4ne\" \/>\n                                <\/div>\n<div class=\"global-icon-set__title\">Sans mati\u00e8res synth\u00e9tiques<\/div>\n<\/p><\/div>\n<div class=\"global-icon-set__item\">\n<div class=\"global-icon-set__image\">\n                                    <img decoding=\"async\" src=\"https:\/\/homeofwool.com\/wp-content\/uploads\/2025\/09\/chemical-free-icon-300x300.png\" alt=\"ic\u00f4ne de l&#039;absence de produits chimiques\" \/>\n                                <\/div>\n<div class=\"global-icon-set__title\">Sans produits chimiques<\/div>\n<\/p><\/div>\n<div class=\"global-icon-set__item\">\n<div class=\"global-icon-set__image\">\n                                    <img decoding=\"async\" src=\"https:\/\/homeofwool.com\/wp-content\/uploads\/2025\/09\/anti-bacterial-icon-300x300.png\" alt=\"ic\u00f4ne anti-bact\u00e9rien\" \/>\n                                <\/div>\n<div class=\"global-icon-set__title\">Anti-microbien et anti-bact\u00e9rien<\/div>\n<\/p><\/div>\n<div class=\"global-icon-set__item\">\n<div class=\"global-icon-set__image\">\n                                    <img decoding=\"async\" src=\"https:\/\/homeofwool.com\/wp-content\/uploads\/2025\/09\/certified-materials-icon-300x300.png\" alt=\"ic\u00f4ne des mat\u00e9riaux certifi\u00e9s\" \/>\n                                <\/div>\n<div class=\"global-icon-set__title\">100% Mat\u00e9riaux certifi\u00e9s purs<\/div>\n<\/p><\/div>\n<\/p><\/div>\n<\/p><\/div>","protected":false},"featured_media":218580,"template":"","meta":{"_acf_changed":false},"product_brand":[],"product_cat":[154],"product_tag":[339,156,158,340,159,341,162,164,149,342],"class_list":{"0":"post-217619","1":"product","2":"type-product","3":"status-publish","4":"has-post-thumbnail","6":"product_cat-pet-beds","7":"product_tag-cat-beds","8":"product_tag-custom-pet-bed","9":"product_tag-kitten-bed","10":"product_tag-large-dog-beds","11":"product_tag-luxury-dog-beds","12":"product_tag-organic-pet-bedding","13":"product_tag-puppy-mattress","14":"product_tag-small-dog-beds","15":"product_tag-steps","16":"product_tag-xl-xxl-dog-bed","18":"first","19":"instock","20":"shipping-taxable","21":"purchasable","22":"product-type-simple"},"acf":[],"yoast_head":"<!-- This site is optimized with the Yoast SEO Premium plugin v27.3 (Yoast SEO v27.3) - https:\/\/yoast.com\/product\/yoast-seo-premium-wordpress\/ -->\n<title>Round Dog Bed \u2013 Cooling Dog Bed | Home of Wool<\/title>\n<meta name=\"description\" content=\"The Round Dog Bed combines breathable wool filling with toxin-free comfort. Hypoallergenic and natural, it provides sustainable, cooling rest for pets all year.\" \/>\n<meta name=\"robots\" content=\"index, follow, max-snippet:-1, max-image-preview:large, max-video-preview:-1\" \/>\n<link rel=\"canonical\" href=\"https:\/\/homeofwool.com\/fr\/boutique\/lit-rond-pour-chien\/\" \/>\n<meta property=\"og:locale\" content=\"fr_FR\" \/>\n<meta property=\"og:type\" content=\"article\" \/>\n<meta property=\"og:title\" content=\"Round Wool Dog Bed\" \/>\n<meta property=\"og:description\" content=\"The Round Dog Bed combines breathable wool filling with toxin-free comfort. Hypoallergenic and natural, it provides sustainable, cooling rest for pets all year.\" \/>\n<meta property=\"og:url\" content=\"https:\/\/homeofwool.com\/fr\/boutique\/lit-rond-pour-chien\/\" \/>\n<meta property=\"og:site_name\" content=\"Home of Wool\" \/>\n<meta property=\"article:publisher\" content=\"https:\/\/facebook.com\/HomeOfWoolOfficial\" \/>\n<meta property=\"article:modified_time\" content=\"2026-02-11T10:12:00+00:00\" \/>\n<meta property=\"og:image\" content=\"https:\/\/homeofwool.com\/wp-content\/uploads\/2025\/09\/home-of-wool-round-wool-dog-bed-1.main_.jpg\" \/>\n\t<meta property=\"og:image:width\" content=\"1900\" \/>\n\t<meta property=\"og:image:height\" content=\"1520\" \/>\n\t<meta property=\"og:image:type\" content=\"image\/jpeg\" \/>\n<meta name=\"twitter:card\" content=\"summary_large_image\" \/>\n<meta name=\"twitter:label1\" content=\"Dur\u00e9e de lecture estim\u00e9e\" \/>\n\t<meta name=\"twitter:data1\" content=\"2 minutes\" \/>\n<script type=\"application\/ld+json\" class=\"yoast-schema-graph\">{\"@context\":\"https:\\\/\\\/schema.org\",\"@graph\":[{\"@type\":\"WebPage\",\"@id\":\"https:\\\/\\\/homeofwool.com\\\/it\\\/negozio\\\/lettino-rotondo-per-cani\\\/\",\"url\":\"https:\\\/\\\/homeofwool.com\\\/it\\\/negozio\\\/lettino-rotondo-per-cani\\\/\",\"name\":\"Round Dog Bed \u2013 Cooling Dog Bed | Home of Wool\",\"isPartOf\":{\"@id\":\"https:\\\/\\\/homeofwool.com\\\/#website\"},\"primaryImageOfPage\":{\"@id\":\"https:\\\/\\\/homeofwool.com\\\/it\\\/negozio\\\/lettino-rotondo-per-cani\\\/#primaryimage\"},\"image\":{\"@id\":\"https:\\\/\\\/homeofwool.com\\\/it\\\/negozio\\\/lettino-rotondo-per-cani\\\/#primaryimage\"},\"thumbnailUrl\":\"https:\\\/\\\/homeofwool.com\\\/wp-content\\\/uploads\\\/2025\\\/09\\\/home-of-wool-round-wool-dog-bed-1.main_.jpg\",\"datePublished\":\"2025-09-02T12:01:44+00:00\",\"dateModified\":\"2026-02-11T10:12:00+00:00\",\"description\":\"The Round Dog Bed combines breathable wool filling with toxin-free comfort. Hypoallergenic and natural, it provides sustainable, cooling rest for pets all year.\",\"breadcrumb\":{\"@id\":\"https:\\\/\\\/homeofwool.com\\\/it\\\/negozio\\\/lettino-rotondo-per-cani\\\/#breadcrumb\"},\"inLanguage\":\"fr-FR\",\"potentialAction\":[{\"@type\":\"ReadAction\",\"target\":[\"https:\\\/\\\/homeofwool.com\\\/it\\\/negozio\\\/lettino-rotondo-per-cani\\\/\"]}]},{\"@type\":\"ImageObject\",\"inLanguage\":\"fr-FR\",\"@id\":\"https:\\\/\\\/homeofwool.com\\\/it\\\/negozio\\\/lettino-rotondo-per-cani\\\/#primaryimage\",\"url\":\"https:\\\/\\\/homeofwool.com\\\/wp-content\\\/uploads\\\/2025\\\/09\\\/home-of-wool-round-wool-dog-bed-1.main_.jpg\",\"contentUrl\":\"https:\\\/\\\/homeofwool.com\\\/wp-content\\\/uploads\\\/2025\\\/09\\\/home-of-wool-round-wool-dog-bed-1.main_.jpg\",\"width\":1900,\"height\":1520,\"caption\":\"round wool dog bed with a dog lying in it\"},{\"@type\":\"BreadcrumbList\",\"@id\":\"https:\\\/\\\/homeofwool.com\\\/it\\\/negozio\\\/lettino-rotondo-per-cani\\\/#breadcrumb\",\"itemListElement\":[{\"@type\":\"ListItem\",\"position\":1,\"name\":\"Home\",\"item\":\"https:\\\/\\\/homeofwool.com\\\/\"},{\"@type\":\"ListItem\",\"position\":2,\"name\":\"Products\",\"item\":\"https:\\\/\\\/homeofwool.com\\\/header-search-2\\\/\"},{\"@type\":\"ListItem\",\"position\":3,\"name\":\"Round Wool Dog Bed\"}]},{\"@type\":\"WebSite\",\"@id\":\"https:\\\/\\\/homeofwool.com\\\/#website\",\"url\":\"https:\\\/\\\/homeofwool.com\\\/\",\"name\":\"Home of Wool\",\"description\":\"\",\"publisher\":{\"@id\":\"https:\\\/\\\/homeofwool.com\\\/#organization\"},\"potentialAction\":[{\"@type\":\"SearchAction\",\"target\":{\"@type\":\"EntryPoint\",\"urlTemplate\":\"https:\\\/\\\/homeofwool.com\\\/?s={search_term_string}\"},\"query-input\":{\"@type\":\"PropertyValueSpecification\",\"valueRequired\":true,\"valueName\":\"search_term_string\"}}],\"inLanguage\":\"fr-FR\"},{\"@type\":\"Organization\",\"@id\":\"https:\\\/\\\/homeofwool.com\\\/#organization\",\"name\":\"Home of Wool\",\"url\":\"https:\\\/\\\/homeofwool.com\\\/\",\"logo\":{\"@type\":\"ImageObject\",\"inLanguage\":\"fr-FR\",\"@id\":\"https:\\\/\\\/homeofwool.com\\\/#\\\/schema\\\/logo\\\/image\\\/\",\"url\":\"https:\\\/\\\/homeofwool.com\\\/wp-content\\\/uploads\\\/2025\\\/09\\\/WhatsApp-Image-2025-12-02-at-16.23.20.jpeg\",\"contentUrl\":\"https:\\\/\\\/homeofwool.com\\\/wp-content\\\/uploads\\\/2025\\\/09\\\/WhatsApp-Image-2025-12-02-at-16.23.20.jpeg\",\"width\":700,\"height\":247,\"caption\":\"Home of Wool\"},\"image\":{\"@id\":\"https:\\\/\\\/homeofwool.com\\\/#\\\/schema\\\/logo\\\/image\\\/\"},\"sameAs\":[\"https:\\\/\\\/facebook.com\\\/HomeOfWoolOfficial\"]}]}<\/script>\n<!-- \/ Yoast SEO Premium plugin. -->","yoast_head_json":{"title":"Lit rond pour chien \u2013 Lit rafra\u00eechissant pour chien | Home of Wool","description":"Le lit rond pour chien combine un rembourrage en laine respirant et un confort sans toxines. Hypoallerg\u00e9nique et naturel, il offre aux animaux de compagnie un repos durable et rafra\u00eechissant tout au long de l'ann\u00e9e.","robots":{"index":"index","follow":"follow","max-snippet":"max-snippet:-1","max-image-preview":"max-image-preview:large","max-video-preview":"max-video-preview:-1"},"canonical":"https:\/\/homeofwool.com\/fr\/boutique\/lit-rond-pour-chien\/","og_locale":"fr_FR","og_type":"article","og_title":"Round Wool Dog Bed","og_description":"The Round Dog Bed combines breathable wool filling with toxin-free comfort. Hypoallergenic and natural, it provides sustainable, cooling rest for pets all year.","og_url":"https:\/\/homeofwool.com\/fr\/boutique\/lit-rond-pour-chien\/","og_site_name":"Home of Wool","article_publisher":"https:\/\/facebook.com\/HomeOfWoolOfficial","article_modified_time":"2026-02-11T10:12:00+00:00","og_image":[{"width":1900,"height":1520,"url":"https:\/\/homeofwool.com\/wp-content\/uploads\/2025\/09\/home-of-wool-round-wool-dog-bed-1.main_.jpg","type":"image\/jpeg"}],"twitter_card":"summary_large_image","twitter_misc":{"Dur\u00e9e de lecture estim\u00e9e":"2 minutes"},"schema":{"@context":"https:\/\/schema.org","@graph":[{"@type":"WebPage","@id":"https:\/\/homeofwool.com\/it\/negozio\/lettino-rotondo-per-cani\/","url":"https:\/\/homeofwool.com\/it\/negozio\/lettino-rotondo-per-cani\/","name":"Lit rond pour chien \u2013 Lit rafra\u00eechissant pour chien | Home of Wool","isPartOf":{"@id":"https:\/\/homeofwool.com\/#website"},"primaryImageOfPage":{"@id":"https:\/\/homeofwool.com\/it\/negozio\/lettino-rotondo-per-cani\/#primaryimage"},"image":{"@id":"https:\/\/homeofwool.com\/it\/negozio\/lettino-rotondo-per-cani\/#primaryimage"},"thumbnailUrl":"https:\/\/homeofwool.com\/wp-content\/uploads\/2025\/09\/home-of-wool-round-wool-dog-bed-1.main_.jpg","datePublished":"2025-09-02T12:01:44+00:00","dateModified":"2026-02-11T10:12:00+00:00","description":"Le lit rond pour chien combine un rembourrage en laine respirant et un confort sans toxines. Hypoallerg\u00e9nique et naturel, il offre aux animaux de compagnie un repos durable et rafra\u00eechissant tout au long de l'ann\u00e9e.","breadcrumb":{"@id":"https:\/\/homeofwool.com\/it\/negozio\/lettino-rotondo-per-cani\/#breadcrumb"},"inLanguage":"fr-FR","potentialAction":[{"@type":"ReadAction","target":["https:\/\/homeofwool.com\/it\/negozio\/lettino-rotondo-per-cani\/"]}]},{"@type":"ImageObject","inLanguage":"fr-FR","@id":"https:\/\/homeofwool.com\/it\/negozio\/lettino-rotondo-per-cani\/#primaryimage","url":"https:\/\/homeofwool.com\/wp-content\/uploads\/2025\/09\/home-of-wool-round-wool-dog-bed-1.main_.jpg","contentUrl":"https:\/\/homeofwool.com\/wp-content\/uploads\/2025\/09\/home-of-wool-round-wool-dog-bed-1.main_.jpg","width":1900,"height":1520,"caption":"round wool dog bed with a dog lying in it"},{"@type":"BreadcrumbList","@id":"https:\/\/homeofwool.com\/it\/negozio\/lettino-rotondo-per-cani\/#breadcrumb","itemListElement":[{"@type":"ListItem","position":1,"name":"Home","item":"https:\/\/homeofwool.com\/"},{"@type":"ListItem","position":2,"name":"Products","item":"https:\/\/homeofwool.com\/header-search-2\/"},{"@type":"ListItem","position":3,"name":"Round Wool Dog Bed"}]},{"@type":"WebSite","@id":"https:\/\/homeofwool.com\/#website","url":"https:\/\/homeofwool.com\/","name":"La maison de la laine","description":"","publisher":{"@id":"https:\/\/homeofwool.com\/#organization"},"potentialAction":[{"@type":"SearchAction","target":{"@type":"EntryPoint","urlTemplate":"https:\/\/homeofwool.com\/?s={search_term_string}"},"query-input":{"@type":"PropertyValueSpecification","valueRequired":true,"valueName":"search_term_string"}}],"inLanguage":"fr-FR"},{"@type":"Organization","@id":"https:\/\/homeofwool.com\/#organization","name":"La maison de la laine","url":"https:\/\/homeofwool.com\/","logo":{"@type":"ImageObject","inLanguage":"fr-FR","@id":"https:\/\/homeofwool.com\/#\/schema\/logo\/image\/","url":"https:\/\/homeofwool.com\/wp-content\/uploads\/2025\/09\/WhatsApp-Image-2025-12-02-at-16.23.20.jpeg","contentUrl":"https:\/\/homeofwool.com\/wp-content\/uploads\/2025\/09\/WhatsApp-Image-2025-12-02-at-16.23.20.jpeg","width":700,"height":247,"caption":"Home of Wool"},"image":{"@id":"https:\/\/homeofwool.com\/#\/schema\/logo\/image\/"},"sameAs":["https:\/\/facebook.com\/HomeOfWoolOfficial"]}]}},"_links":{"self":[{"href":"https:\/\/homeofwool.com\/fr\/wp-json\/wp\/v2\/product\/217619","targetHints":{"allow":["GET"]}}],"collection":[{"href":"https:\/\/homeofwool.com\/fr\/wp-json\/wp\/v2\/product"}],"about":[{"href":"https:\/\/homeofwool.com\/fr\/wp-json\/wp\/v2\/types\/product"}],"version-history":[{"count":1,"href":"https:\/\/homeofwool.com\/fr\/wp-json\/wp\/v2\/product\/217619\/revisions"}],"predecessor-version":[{"id":226709,"href":"https:\/\/homeofwool.com\/fr\/wp-json\/wp\/v2\/product\/217619\/revisions\/226709"}],"wp:featuredmedia":[{"embeddable":true,"href":"https:\/\/homeofwool.com\/fr\/wp-json\/wp\/v2\/media\/218580"}],"wp:attachment":[{"href":"https:\/\/homeofwool.com\/fr\/wp-json\/wp\/v2\/media?parent=217619"}],"wp:term":[{"taxonomy":"product_brand","embeddable":true,"href":"https:\/\/homeofwool.com\/fr\/wp-json\/wp\/v2\/product_brand?post=217619"},{"taxonomy":"product_cat","embeddable":true,"href":"https:\/\/homeofwool.com\/fr\/wp-json\/wp\/v2\/product_cat?post=217619"},{"taxonomy":"product_tag","embeddable":true,"href":"https:\/\/homeofwool.com\/fr\/wp-json\/wp\/v2\/product_tag?post=217619"}],"curies":[{"name":"wp","href":"https:\/\/api.w.org\/{rel}","templated":true}]}}