{"id":217618,"date":"2025-09-02T12:01:44","date_gmt":"2025-09-02T12:01:44","guid":{"rendered":"https:\/\/homeofwool.com\/?post_type=product&#038;p=217618"},"modified":"2026-02-11T10:47:49","modified_gmt":"2026-02-11T10:47:49","slug":"panier-pour-chien","status":"publish","type":"product","link":"https:\/\/homeofwool.com\/fr\/shop\/dog-bed\/","title":{"rendered":"Lit pour chien en laine"},"content":{"rendered":"<p>Ce lit pour chien allie le confort intemporel de la laine \u00e0 un design pratique. Chaque lit est rembourr\u00e9 de laine pure et non trait\u00e9e. La laine est un r\u00e9gulateur de temp\u00e9rature naturel, ce qui fait de ce lit pour chien un lit rafra\u00eechissant par temps chaud qui garde \u00e9galement votre animal au chaud et \u00e0 l'aise lorsqu'il fait froid. La laine \u00e9vacue l'humidit\u00e9 et r\u00e9siste aux odeurs, cr\u00e9ant ainsi un environnement propre et frais pour votre animal. Si votre chien est sensible ou sujet aux allergies, vous serez heureux d'apprendre que ce coussin pour chien est naturellement hypoallerg\u00e9nique et fabriqu\u00e9 sans produits chimiques nocifs.<\/p>\n<p>La housse ext\u00e9rieure est solide et durable, et vous pouvez facilement la retirer et la laver quand vous le souhaitez. \u00c0 l'int\u00e9rieur, la doublure aide \u00e0 r\u00e9sister aux taches et \u00e0 l'humidit\u00e9. Pour garder l'insert frais, a\u00e9rez-le au soleil de temps en temps.<\/p>\n<p>La conception comprend des planches sur\u00e9lev\u00e9es remplies de laine, cr\u00e9ant ainsi un cadre moelleux mais offrant un bon soutien qui enveloppe d\u00e9licatement votre chien pour lui procurer une sensation de confort et de s\u00e9curit\u00e9. Un coussin de soutien pour chien, d'environ 10 cm d'\u00e9paisseur, situ\u00e9 au centre, offre un confort \u00e9quilibr\u00e9 pour les articulations et les points de pression, aidant votre animal \u00e0 se d\u00e9tendre profond\u00e9ment et \u00e0 bien se reposer. Chaque lit est fabriqu\u00e9 sur commande, ce qui nous permet de l'adapter parfaitement \u00e0 la taille de votre chien. Vous pouvez \u00e9galement y ajouter une broderie pour le personnaliser.<\/p>","protected":false},"excerpt":{"rendered":"<p>Offrez \u00e0 votre chien un endroit naturellement luxueux pour se reposer gr\u00e2ce \u00e0 notre lit pour chien fabriqu\u00e9 \u00e0 la main. Rempli de pure laine, il offre un soutien tout en douceur et sert de lit rafra\u00eechissant en \u00e9t\u00e9 et de refuge douillet en hiver. Doux, respirant et non toxique, c'est le confort Home of Wool que votre animal adorera.<\/p>\n<div class=\"global-icon-set\">\n<div class=\"global-icon-set__items\">\n<div class=\"global-icon-set__item\">\n<div class=\"global-icon-set__image\">\n                                    <img decoding=\"async\" src=\"https:\/\/homeofwool.com\/wp-content\/uploads\/2025\/09\/handmade-icon-300x300.png\" alt=\"ic\u00f4ne artisanale\" \/>\n                                <\/div>\n<div class=\"global-icon-set__title\">Fait \u00e0 la main<\/div>\n<\/p><\/div>\n<div class=\"global-icon-set__item\">\n<div class=\"global-icon-set__image\">\n                                    <img decoding=\"async\" src=\"https:\/\/homeofwool.com\/wp-content\/uploads\/2025\/09\/VOCs-min-300x300.png\" alt=\"vocs libre\" \/>\n                                <\/div>\n<div class=\"global-icon-set__title\">Sans COV<\/div>\n<\/p><\/div>\n<div class=\"global-icon-set__item\">\n<div class=\"global-icon-set__image\">\n                                    <img decoding=\"async\" src=\"https:\/\/homeofwool.com\/wp-content\/uploads\/2025\/09\/FR-min-300x300.png\" alt=\"ic\u00f4ne de r\u00e9sistance au feu\" \/>\n                                <\/div>\n<div class=\"global-icon-set__title\">R\u00e9sistant \u00e0 la flamme<\/div>\n<\/p><\/div>\n<div class=\"global-icon-set__item\">\n<div class=\"global-icon-set__image\">\n                                    <img decoding=\"async\" src=\"https:\/\/homeofwool.com\/wp-content\/uploads\/2025\/09\/Hypoallergenic-min-300x300.png\" alt=\"ic\u00f4ne hypoallerg\u00e9nique\" \/>\n                                <\/div>\n<div class=\"global-icon-set__title\">Hypoallerg\u00e9nique<\/div>\n<\/p><\/div>\n<div class=\"global-icon-set__item\">\n<div class=\"global-icon-set__image\">\n                                    <img decoding=\"async\" src=\"https:\/\/homeofwool.com\/wp-content\/uploads\/2025\/09\/free-of-synthetics-icon-300x300.png\" alt=\"sans mati\u00e8res synth\u00e9tiques ic\u00f4ne\" \/>\n                                <\/div>\n<div class=\"global-icon-set__title\">Sans mati\u00e8res synth\u00e9tiques<\/div>\n<\/p><\/div>\n<div class=\"global-icon-set__item\">\n<div class=\"global-icon-set__image\">\n                                    <img decoding=\"async\" src=\"https:\/\/homeofwool.com\/wp-content\/uploads\/2025\/09\/chemical-free-icon-300x300.png\" alt=\"ic\u00f4ne de l&#039;absence de produits chimiques\" \/>\n                                <\/div>\n<div class=\"global-icon-set__title\">Sans produits chimiques<\/div>\n<\/p><\/div>\n<div class=\"global-icon-set__item\">\n<div class=\"global-icon-set__image\">\n                                    <img decoding=\"async\" src=\"https:\/\/homeofwool.com\/wp-content\/uploads\/2025\/09\/anti-bacterial-icon-300x300.png\" alt=\"ic\u00f4ne anti-bact\u00e9rien\" \/>\n                                <\/div>\n<div class=\"global-icon-set__title\">Anti-microbien et anti-bact\u00e9rien<\/div>\n<\/p><\/div>\n<div class=\"global-icon-set__item\">\n<div class=\"global-icon-set__image\">\n                                    <img decoding=\"async\" src=\"https:\/\/homeofwool.com\/wp-content\/uploads\/2025\/09\/certified-materials-icon-300x300.png\" alt=\"ic\u00f4ne des mat\u00e9riaux certifi\u00e9s\" \/>\n                                <\/div>\n<div class=\"global-icon-set__title\">100% Mat\u00e9riaux certifi\u00e9s purs<\/div>\n<\/p><\/div>\n<\/p><\/div>\n<\/p><\/div>","protected":false},"featured_media":218587,"template":"","meta":{"_acf_changed":false},"product_brand":[],"product_cat":[154],"product_tag":[339,156,158,340,159,341,162,164,149,342],"class_list":{"0":"post-217618","1":"product","2":"type-product","3":"status-publish","4":"has-post-thumbnail","6":"product_cat-pet-beds","7":"product_tag-cat-beds","8":"product_tag-custom-pet-bed","9":"product_tag-kitten-bed","10":"product_tag-large-dog-beds","11":"product_tag-luxury-dog-beds","12":"product_tag-organic-pet-bedding","13":"product_tag-puppy-mattress","14":"product_tag-small-dog-beds","15":"product_tag-steps","16":"product_tag-xl-xxl-dog-bed","18":"first","19":"instock","20":"shipping-taxable","21":"purchasable","22":"product-type-simple"},"acf":[],"yoast_head":"<!-- This site is optimized with the Yoast SEO Premium plugin v27.4 (Yoast SEO v27.4) - https:\/\/yoast.com\/product\/yoast-seo-premium-wordpress\/ -->\n<title>Dog Bed \u2013 Cooling Dog Bed | Home of Wool<\/title>\n<meta name=\"description\" content=\"Breathable and eco-friendly, the Dog Bed is filled with wool for cooling comfort. Hypoallergenic and toxin-free, it provides sustainable, safe rest for pets in every season.\" \/>\n<meta name=\"robots\" content=\"index, follow, max-snippet:-1, max-image-preview:large, max-video-preview:-1\" \/>\n<link rel=\"canonical\" href=\"https:\/\/homeofwool.com\/fr\/boutique\/panier-pour-chien\/\" \/>\n<meta property=\"og:locale\" content=\"fr_FR\" \/>\n<meta property=\"og:type\" content=\"article\" \/>\n<meta property=\"og:title\" content=\"Wool Dog Bed\" \/>\n<meta property=\"og:description\" content=\"Breathable and eco-friendly, the Dog Bed is filled with wool for cooling comfort. Hypoallergenic and toxin-free, it provides sustainable, safe rest for pets in every season.\" \/>\n<meta property=\"og:url\" content=\"https:\/\/homeofwool.com\/fr\/boutique\/panier-pour-chien\/\" \/>\n<meta property=\"og:site_name\" content=\"Home of Wool\" \/>\n<meta property=\"article:publisher\" content=\"https:\/\/facebook.com\/HomeOfWoolOfficial\" \/>\n<meta property=\"article:modified_time\" content=\"2026-02-11T10:47:49+00:00\" \/>\n<meta property=\"og:image\" content=\"https:\/\/homeofwool.com\/wp-content\/uploads\/2025\/09\/home-of-wool-wool-dog-bed-1-main.jpg\" \/>\n\t<meta property=\"og:image:width\" content=\"1900\" \/>\n\t<meta property=\"og:image:height\" content=\"1520\" \/>\n\t<meta property=\"og:image:type\" content=\"image\/jpeg\" \/>\n<meta name=\"twitter:card\" content=\"summary_large_image\" \/>\n<meta name=\"twitter:label1\" content=\"Dur\u00e9e de lecture estim\u00e9e\" \/>\n\t<meta name=\"twitter:data1\" content=\"2 minutes\" \/>\n<script type=\"application\/ld+json\" class=\"yoast-schema-graph\">{\"@context\":\"https:\\\/\\\/schema.org\",\"@graph\":[{\"@type\":\"WebPage\",\"@id\":\"https:\\\/\\\/homeofwool.com\\\/da\\\/butik\\\/hundeseng\\\/\",\"url\":\"https:\\\/\\\/homeofwool.com\\\/da\\\/butik\\\/hundeseng\\\/\",\"name\":\"Dog Bed \u2013 Cooling Dog Bed | Home of Wool\",\"isPartOf\":{\"@id\":\"https:\\\/\\\/homeofwool.com\\\/#website\"},\"primaryImageOfPage\":{\"@id\":\"https:\\\/\\\/homeofwool.com\\\/da\\\/butik\\\/hundeseng\\\/#primaryimage\"},\"image\":{\"@id\":\"https:\\\/\\\/homeofwool.com\\\/da\\\/butik\\\/hundeseng\\\/#primaryimage\"},\"thumbnailUrl\":\"https:\\\/\\\/homeofwool.com\\\/wp-content\\\/uploads\\\/2025\\\/09\\\/home-of-wool-wool-dog-bed-1-main.jpg\",\"datePublished\":\"2025-09-02T12:01:44+00:00\",\"dateModified\":\"2026-02-11T10:47:49+00:00\",\"description\":\"Breathable and eco-friendly, the Dog Bed is filled with wool for cooling comfort. Hypoallergenic and toxin-free, it provides sustainable, safe rest for pets in every season.\",\"breadcrumb\":{\"@id\":\"https:\\\/\\\/homeofwool.com\\\/da\\\/butik\\\/hundeseng\\\/#breadcrumb\"},\"inLanguage\":\"fr-FR\",\"potentialAction\":[{\"@type\":\"ReadAction\",\"target\":[\"https:\\\/\\\/homeofwool.com\\\/da\\\/butik\\\/hundeseng\\\/\"]}]},{\"@type\":\"ImageObject\",\"inLanguage\":\"fr-FR\",\"@id\":\"https:\\\/\\\/homeofwool.com\\\/da\\\/butik\\\/hundeseng\\\/#primaryimage\",\"url\":\"https:\\\/\\\/homeofwool.com\\\/wp-content\\\/uploads\\\/2025\\\/09\\\/home-of-wool-wool-dog-bed-1-main.jpg\",\"contentUrl\":\"https:\\\/\\\/homeofwool.com\\\/wp-content\\\/uploads\\\/2025\\\/09\\\/home-of-wool-wool-dog-bed-1-main.jpg\",\"width\":1900,\"height\":1520,\"caption\":\"wool dog bed with two dogs in it\"},{\"@type\":\"BreadcrumbList\",\"@id\":\"https:\\\/\\\/homeofwool.com\\\/da\\\/butik\\\/hundeseng\\\/#breadcrumb\",\"itemListElement\":[{\"@type\":\"ListItem\",\"position\":1,\"name\":\"Home\",\"item\":\"https:\\\/\\\/homeofwool.com\\\/\"},{\"@type\":\"ListItem\",\"position\":2,\"name\":\"Products\",\"item\":\"https:\\\/\\\/homeofwool.com\\\/header-search-2\\\/\"},{\"@type\":\"ListItem\",\"position\":3,\"name\":\"Wool Dog Bed\"}]},{\"@type\":\"WebSite\",\"@id\":\"https:\\\/\\\/homeofwool.com\\\/#website\",\"url\":\"https:\\\/\\\/homeofwool.com\\\/\",\"name\":\"Home of Wool\",\"description\":\"\",\"publisher\":{\"@id\":\"https:\\\/\\\/homeofwool.com\\\/#organization\"},\"potentialAction\":[{\"@type\":\"SearchAction\",\"target\":{\"@type\":\"EntryPoint\",\"urlTemplate\":\"https:\\\/\\\/homeofwool.com\\\/?s={search_term_string}\"},\"query-input\":{\"@type\":\"PropertyValueSpecification\",\"valueRequired\":true,\"valueName\":\"search_term_string\"}}],\"inLanguage\":\"fr-FR\"},{\"@type\":\"Organization\",\"@id\":\"https:\\\/\\\/homeofwool.com\\\/#organization\",\"name\":\"Home of Wool\",\"url\":\"https:\\\/\\\/homeofwool.com\\\/\",\"logo\":{\"@type\":\"ImageObject\",\"inLanguage\":\"fr-FR\",\"@id\":\"https:\\\/\\\/homeofwool.com\\\/#\\\/schema\\\/logo\\\/image\\\/\",\"url\":\"https:\\\/\\\/homeofwool.com\\\/wp-content\\\/uploads\\\/2025\\\/09\\\/WhatsApp-Image-2025-12-02-at-16.23.20.jpeg\",\"contentUrl\":\"https:\\\/\\\/homeofwool.com\\\/wp-content\\\/uploads\\\/2025\\\/09\\\/WhatsApp-Image-2025-12-02-at-16.23.20.jpeg\",\"width\":700,\"height\":247,\"caption\":\"Home of Wool\"},\"image\":{\"@id\":\"https:\\\/\\\/homeofwool.com\\\/#\\\/schema\\\/logo\\\/image\\\/\"},\"sameAs\":[\"https:\\\/\\\/facebook.com\\\/HomeOfWoolOfficial\"]}]}<\/script>\n<!-- \/ Yoast SEO Premium plugin. -->","yoast_head_json":{"title":"Lit pour chien \u2013 Lit rafra\u00eechissant pour chien | Home of Wool","description":"Respirant et \u00e9cologique, le lit pour chien est rembourr\u00e9 de laine pour un confort rafra\u00eechissant. Hypoallerg\u00e9nique et sans toxines, il offre un repos durable et s\u00fbr aux animaux de compagnie en toute saison.","robots":{"index":"index","follow":"follow","max-snippet":"max-snippet:-1","max-image-preview":"max-image-preview:large","max-video-preview":"max-video-preview:-1"},"canonical":"https:\/\/homeofwool.com\/fr\/boutique\/panier-pour-chien\/","og_locale":"fr_FR","og_type":"article","og_title":"Wool Dog Bed","og_description":"Breathable and eco-friendly, the Dog Bed is filled with wool for cooling comfort. Hypoallergenic and toxin-free, it provides sustainable, safe rest for pets in every season.","og_url":"https:\/\/homeofwool.com\/fr\/boutique\/panier-pour-chien\/","og_site_name":"Home of Wool","article_publisher":"https:\/\/facebook.com\/HomeOfWoolOfficial","article_modified_time":"2026-02-11T10:47:49+00:00","og_image":[{"width":1900,"height":1520,"url":"https:\/\/homeofwool.com\/wp-content\/uploads\/2025\/09\/home-of-wool-wool-dog-bed-1-main.jpg","type":"image\/jpeg"}],"twitter_card":"summary_large_image","twitter_misc":{"Dur\u00e9e de lecture estim\u00e9e":"2 minutes"},"schema":{"@context":"https:\/\/schema.org","@graph":[{"@type":"WebPage","@id":"https:\/\/homeofwool.com\/da\/butik\/hundeseng\/","url":"https:\/\/homeofwool.com\/da\/butik\/hundeseng\/","name":"Lit pour chien \u2013 Lit rafra\u00eechissant pour chien | Home of Wool","isPartOf":{"@id":"https:\/\/homeofwool.com\/#website"},"primaryImageOfPage":{"@id":"https:\/\/homeofwool.com\/da\/butik\/hundeseng\/#primaryimage"},"image":{"@id":"https:\/\/homeofwool.com\/da\/butik\/hundeseng\/#primaryimage"},"thumbnailUrl":"https:\/\/homeofwool.com\/wp-content\/uploads\/2025\/09\/home-of-wool-wool-dog-bed-1-main.jpg","datePublished":"2025-09-02T12:01:44+00:00","dateModified":"2026-02-11T10:47:49+00:00","description":"Respirant et \u00e9cologique, le lit pour chien est rembourr\u00e9 de laine pour un confort rafra\u00eechissant. Hypoallerg\u00e9nique et sans toxines, il offre un repos durable et s\u00fbr aux animaux de compagnie en toute saison.","breadcrumb":{"@id":"https:\/\/homeofwool.com\/da\/butik\/hundeseng\/#breadcrumb"},"inLanguage":"fr-FR","potentialAction":[{"@type":"ReadAction","target":["https:\/\/homeofwool.com\/da\/butik\/hundeseng\/"]}]},{"@type":"ImageObject","inLanguage":"fr-FR","@id":"https:\/\/homeofwool.com\/da\/butik\/hundeseng\/#primaryimage","url":"https:\/\/homeofwool.com\/wp-content\/uploads\/2025\/09\/home-of-wool-wool-dog-bed-1-main.jpg","contentUrl":"https:\/\/homeofwool.com\/wp-content\/uploads\/2025\/09\/home-of-wool-wool-dog-bed-1-main.jpg","width":1900,"height":1520,"caption":"wool dog bed with two dogs in it"},{"@type":"BreadcrumbList","@id":"https:\/\/homeofwool.com\/da\/butik\/hundeseng\/#breadcrumb","itemListElement":[{"@type":"ListItem","position":1,"name":"Home","item":"https:\/\/homeofwool.com\/"},{"@type":"ListItem","position":2,"name":"Products","item":"https:\/\/homeofwool.com\/header-search-2\/"},{"@type":"ListItem","position":3,"name":"Wool Dog Bed"}]},{"@type":"WebSite","@id":"https:\/\/homeofwool.com\/#website","url":"https:\/\/homeofwool.com\/","name":"La maison de la laine","description":"","publisher":{"@id":"https:\/\/homeofwool.com\/#organization"},"potentialAction":[{"@type":"SearchAction","target":{"@type":"EntryPoint","urlTemplate":"https:\/\/homeofwool.com\/?s={search_term_string}"},"query-input":{"@type":"PropertyValueSpecification","valueRequired":true,"valueName":"search_term_string"}}],"inLanguage":"fr-FR"},{"@type":"Organization","@id":"https:\/\/homeofwool.com\/#organization","name":"La maison de la laine","url":"https:\/\/homeofwool.com\/","logo":{"@type":"ImageObject","inLanguage":"fr-FR","@id":"https:\/\/homeofwool.com\/#\/schema\/logo\/image\/","url":"https:\/\/homeofwool.com\/wp-content\/uploads\/2025\/09\/WhatsApp-Image-2025-12-02-at-16.23.20.jpeg","contentUrl":"https:\/\/homeofwool.com\/wp-content\/uploads\/2025\/09\/WhatsApp-Image-2025-12-02-at-16.23.20.jpeg","width":700,"height":247,"caption":"Home of Wool"},"image":{"@id":"https:\/\/homeofwool.com\/#\/schema\/logo\/image\/"},"sameAs":["https:\/\/facebook.com\/HomeOfWoolOfficial"]}]}},"_links":{"self":[{"href":"https:\/\/homeofwool.com\/fr\/wp-json\/wp\/v2\/product\/217618","targetHints":{"allow":["GET"]}}],"collection":[{"href":"https:\/\/homeofwool.com\/fr\/wp-json\/wp\/v2\/product"}],"about":[{"href":"https:\/\/homeofwool.com\/fr\/wp-json\/wp\/v2\/types\/product"}],"version-history":[{"count":1,"href":"https:\/\/homeofwool.com\/fr\/wp-json\/wp\/v2\/product\/217618\/revisions"}],"predecessor-version":[{"id":226708,"href":"https:\/\/homeofwool.com\/fr\/wp-json\/wp\/v2\/product\/217618\/revisions\/226708"}],"wp:featuredmedia":[{"embeddable":true,"href":"https:\/\/homeofwool.com\/fr\/wp-json\/wp\/v2\/media\/218587"}],"wp:attachment":[{"href":"https:\/\/homeofwool.com\/fr\/wp-json\/wp\/v2\/media?parent=217618"}],"wp:term":[{"taxonomy":"product_brand","embeddable":true,"href":"https:\/\/homeofwool.com\/fr\/wp-json\/wp\/v2\/product_brand?post=217618"},{"taxonomy":"product_cat","embeddable":true,"href":"https:\/\/homeofwool.com\/fr\/wp-json\/wp\/v2\/product_cat?post=217618"},{"taxonomy":"product_tag","embeddable":true,"href":"https:\/\/homeofwool.com\/fr\/wp-json\/wp\/v2\/product_tag?post=217618"}],"curies":[{"name":"wp","href":"https:\/\/api.w.org\/{rel}","templated":true}]}}