{"id":217596,"date":"2025-09-02T12:01:16","date_gmt":"2025-09-02T12:01:16","guid":{"rendered":"https:\/\/homeofwool.com\/?post_type=product&#038;p=217596"},"modified":"2026-02-11T10:47:58","modified_gmt":"2026-02-11T10:47:58","slug":"surmatelas-pour-lit-bebe","status":"publish","type":"product","link":"https:\/\/homeofwool.com\/fr\/shop\/crib-mattress-topper\/","title":{"rendered":"Surmatelas en laine pour lit d'enfant"},"content":{"rendered":"<p>Certains accessoires de literie sont choisis pour leur c\u00f4t\u00e9 pratique. D'autres, parce qu'ils semblent tout simplement adapt\u00e9s. Notre surmatelas pour lit b\u00e9b\u00e9 a \u00e9t\u00e9 con\u00e7u pour r\u00e9pondre \u00e0 ces deux crit\u00e8res. Il est rembourr\u00e9 de pure laine, qui forme une couche \u00e0 la fois moelleuse et ferme. Il emp\u00eache votre b\u00e9b\u00e9 de s'enfoncer dans le matelas. La laine garde le corps au chaud pendant les nuits fra\u00eeches et offre un confort optimal lorsque les temp\u00e9ratures remontent.<\/p>\n<p>Ce surmatelas en laine pour lit b\u00e9b\u00e9 ne contient aucun produit synth\u00e9tique ni aucune finition chimique. Il est uniquement compos\u00e9 de laine propre et respirante qui aide \u00e0 \u00e9loigner les acariens. Un surmatelas v\u00e9ritablement hypoallerg\u00e9nique, parfait pour la peau sensible de votre b\u00e9b\u00e9.<\/p>\n<p>Chaque surmatelas est capitonn\u00e9 avec du fil de lin afin que le rembourrage reste bien en place. Des fermetures \u00e9clair lat\u00e9rales permettent d'ajuster ou de rafra\u00eechir facilement la laine \u00e0 l'int\u00e9rieur. Bien qu'il soit con\u00e7u pour s'adapter aux dimensions standard des lits b\u00e9b\u00e9, nous pouvons \u00e9galement fabriquer un surmatelas sur mesure, sp\u00e9cialement pour vous.<\/p>\n<p>Lorsque votre b\u00e9b\u00e9 passe \u00e0 un lit plus grand, le surmatelas peut continuer \u00e0 servir de coussin de sol ou de coussin de lecture. Fabriqu\u00e9 avec une structure durable et des mat\u00e9riaux naturels de premi\u00e8re qualit\u00e9, ce surmatelas biologique pour lit de b\u00e9b\u00e9 t\u00e9moigne d'un savoir-faire artisanal raffin\u00e9 et est con\u00e7u pour durer bien au-del\u00e0 des ann\u00e9es de lit de b\u00e9b\u00e9.<\/p>","protected":false},"excerpt":{"rendered":"<p>Cr\u00e9ez un espace de sommeil naturellement douillet gr\u00e2ce \u00e0 notre surmatelas en laine pour lit b\u00e9b\u00e9. La laine pure offre \u00e0 la fois un soutien tout en douceur et un confort respirant, faisant du lit b\u00e9b\u00e9 un endroit douillet pour votre enfant en toute saison. Sans produits chimiques ni mati\u00e8res synth\u00e9tiques, cette literie s\u00fbre est con\u00e7ue pour favoriser des nuits saines et reposantes, et peut \u00eatre ajust\u00e9e pour s'adapter parfaitement \u00e0 votre lit b\u00e9b\u00e9.<\/p>\n<div class=\"global-icon-set\">\n<div class=\"global-icon-set__items\">\n<div class=\"global-icon-set__item\">\n<div class=\"global-icon-set__image\">\n                                    <img decoding=\"async\" src=\"https:\/\/homeofwool.com\/wp-content\/uploads\/2025\/09\/handmade-icon-300x300.png\" alt=\"ic\u00f4ne artisanale\" \/>\n                                <\/div>\n<div class=\"global-icon-set__title\">Fait \u00e0 la main<\/div>\n<\/p><\/div>\n<div class=\"global-icon-set__item\">\n<div class=\"global-icon-set__image\">\n                                    <img decoding=\"async\" src=\"https:\/\/homeofwool.com\/wp-content\/uploads\/2025\/09\/Isolates-Motion-Transfer-min-300x300.png\" alt=\"isole le transfert de mouvement\" \/>\n                                <\/div>\n<div class=\"global-icon-set__title\">Isolation du transfert de mouvement<\/div>\n<\/p><\/div>\n<div class=\"global-icon-set__item\">\n<div class=\"global-icon-set__image\">\n                                    <img decoding=\"async\" src=\"https:\/\/homeofwool.com\/wp-content\/uploads\/2025\/09\/Exceptionally-Supportive-min-300x300.png\" alt=\"ic\u00f4ne exceptionnellement encourageante\" \/>\n                                <\/div>\n<div class=\"global-icon-set__title\">Soutien exceptionnel<\/div>\n<\/p><\/div>\n<div class=\"global-icon-set__item\">\n<div class=\"global-icon-set__image\">\n                                    <img decoding=\"async\" src=\"https:\/\/homeofwool.com\/wp-content\/uploads\/2025\/09\/wicks-moisture-away-300x300.png\" alt=\"\u00e9vacue l&#039;humidit\u00e9\" \/>\n                                <\/div>\n<div class=\"global-icon-set__title\">Evacue l'humidit\u00e9<\/div>\n<\/p><\/div>\n<div class=\"global-icon-set__item\">\n<div class=\"global-icon-set__image\">\n                                    <img decoding=\"async\" src=\"https:\/\/homeofwool.com\/wp-content\/uploads\/2025\/09\/VOCs-min-300x300.png\" alt=\"vocs libre\" \/>\n                                <\/div>\n<div class=\"global-icon-set__title\">Sans COV<\/div>\n<\/p><\/div>\n<div class=\"global-icon-set__item\">\n<div class=\"global-icon-set__image\">\n                                    <img decoding=\"async\" src=\"https:\/\/homeofwool.com\/wp-content\/uploads\/2025\/09\/FR-min-300x300.png\" alt=\"ic\u00f4ne de r\u00e9sistance au feu\" \/>\n                                <\/div>\n<div class=\"global-icon-set__title\">R\u00e9sistant \u00e0 la flamme<\/div>\n<\/p><\/div>\n<div class=\"global-icon-set__item\">\n<div class=\"global-icon-set__image\">\n                                    <img decoding=\"async\" src=\"https:\/\/homeofwool.com\/wp-content\/uploads\/2025\/09\/Hypoallergenic-min-300x300.png\" alt=\"ic\u00f4ne hypoallerg\u00e9nique\" \/>\n                                <\/div>\n<div class=\"global-icon-set__title\">Hypoallerg\u00e9nique<\/div>\n<\/p><\/div>\n<div class=\"global-icon-set__item\">\n<div class=\"global-icon-set__image\">\n                                    <img decoding=\"async\" src=\"https:\/\/homeofwool.com\/wp-content\/uploads\/2025\/09\/free-of-synthetics-icon-300x300.png\" alt=\"sans mati\u00e8res synth\u00e9tiques ic\u00f4ne\" \/>\n                                <\/div>\n<div class=\"global-icon-set__title\">Sans mati\u00e8res synth\u00e9tiques<\/div>\n<\/p><\/div>\n<div class=\"global-icon-set__item\">\n<div class=\"global-icon-set__image\">\n                                    <img decoding=\"async\" src=\"https:\/\/homeofwool.com\/wp-content\/uploads\/2025\/09\/chemical-free-icon-300x300.png\" alt=\"ic\u00f4ne de l&#039;absence de produits chimiques\" \/>\n                                <\/div>\n<div class=\"global-icon-set__title\">Sans produits chimiques<\/div>\n<\/p><\/div>\n<div class=\"global-icon-set__item\">\n<div class=\"global-icon-set__image\">\n                                    <img decoding=\"async\" src=\"https:\/\/homeofwool.com\/wp-content\/uploads\/2025\/09\/anti-bacterial-icon-300x300.png\" alt=\"ic\u00f4ne anti-bact\u00e9rien\" \/>\n                                <\/div>\n<div class=\"global-icon-set__title\">Anti-microbien et anti-bact\u00e9rien<\/div>\n<\/p><\/div>\n<div class=\"global-icon-set__item\">\n<div class=\"global-icon-set__image\">\n                                    <img decoding=\"async\" src=\"https:\/\/homeofwool.com\/wp-content\/uploads\/2025\/09\/certified-materials-icon-300x300.png\" alt=\"ic\u00f4ne des mat\u00e9riaux certifi\u00e9s\" \/>\n                                <\/div>\n<div class=\"global-icon-set__title\">100% Mat\u00e9riaux certifi\u00e9s purs<\/div>\n<\/p><\/div>\n<\/p><\/div>\n<\/p><\/div>","protected":false},"featured_media":219312,"template":"","meta":{"_acf_changed":false},"product_brand":[],"product_cat":[459],"product_tag":[496,497,498,499,187,410,500,394,195,149,501,502,503],"class_list":{"0":"post-217596","1":"product","2":"type-product","3":"status-publish","4":"has-post-thumbnail","6":"product_cat-mattresses-toppers","7":"product_tag-crib-mattress-topper","8":"product_tag-crib-topper","9":"product_tag-eco-friendly-cot","10":"product_tag-healthy-pillowtop","11":"product_tag-hypoallergenic-bed","12":"product_tag-mattress-protector","13":"product_tag-natural-bedding","14":"product_tag-non-toxic-topper","15":"product_tag-organic-mattress","16":"product_tag-steps","17":"product_tag-wool-futon-top","18":"product_tag-wool-wadded-pad","19":"product_tag-woolen-sheets","21":"first","22":"instock","23":"shipping-taxable","24":"purchasable","25":"product-type-simple"},"acf":[],"yoast_head":"<!-- This site is optimized with the Yoast SEO Premium plugin v27.3 (Yoast SEO v27.3) - https:\/\/yoast.com\/product\/yoast-seo-premium-wordpress\/ -->\n<title>Crib Mattress Topper \u2013 Organic &amp; Safe Baby Bedding | Home of Wool<\/title>\n<meta name=\"description\" content=\"Breathable, hypoallergenic, and supportive, the Wool Crib Mattress Topper adds natural comfort to your baby\u2019s sleep. Pure wool, chemical-free, and customizable for a safe, cozy crib.\" \/>\n<meta name=\"robots\" content=\"index, follow, max-snippet:-1, max-image-preview:large, max-video-preview:-1\" \/>\n<link rel=\"canonical\" href=\"https:\/\/homeofwool.com\/fr\/boutique\/surmatelas-pour-lit-bebe\/\" \/>\n<meta property=\"og:locale\" content=\"fr_FR\" \/>\n<meta property=\"og:type\" content=\"article\" \/>\n<meta property=\"og:title\" content=\"Wool Crib Mattress Topper\" \/>\n<meta property=\"og:description\" content=\"Breathable, hypoallergenic, and supportive, the Wool Crib Mattress Topper adds natural comfort to your baby\u2019s sleep. Pure wool, chemical-free, and customizable for a safe, cozy crib.\" \/>\n<meta property=\"og:url\" content=\"https:\/\/homeofwool.com\/fr\/boutique\/surmatelas-pour-lit-bebe\/\" \/>\n<meta property=\"og:site_name\" content=\"Home of Wool\" \/>\n<meta property=\"article:publisher\" content=\"https:\/\/facebook.com\/HomeOfWoolOfficial\" \/>\n<meta property=\"article:modified_time\" content=\"2026-02-11T10:47:58+00:00\" \/>\n<meta property=\"og:image\" content=\"https:\/\/homeofwool.com\/wp-content\/uploads\/2025\/09\/home-of-wool-wool-crib-topper-1-main.jpg\" \/>\n\t<meta property=\"og:image:width\" content=\"2000\" \/>\n\t<meta property=\"og:image:height\" content=\"1614\" \/>\n\t<meta property=\"og:image:type\" content=\"image\/jpeg\" \/>\n<meta name=\"twitter:card\" content=\"summary_large_image\" \/>\n<meta name=\"twitter:label1\" content=\"Dur\u00e9e de lecture estim\u00e9e\" \/>\n\t<meta name=\"twitter:data1\" content=\"1 minute\" \/>\n<script type=\"application\/ld+json\" class=\"yoast-schema-graph\">{\"@context\":\"https:\\\/\\\/schema.org\",\"@graph\":[{\"@type\":\"WebPage\",\"@id\":\"https:\\\/\\\/homeofwool.com\\\/shop\\\/crib-mattress-topper\\\/\",\"url\":\"https:\\\/\\\/homeofwool.com\\\/shop\\\/crib-mattress-topper\\\/\",\"name\":\"Crib Mattress Topper \u2013 Organic & Safe Baby Bedding | Home of Wool\",\"isPartOf\":{\"@id\":\"https:\\\/\\\/homeofwool.com\\\/#website\"},\"primaryImageOfPage\":{\"@id\":\"https:\\\/\\\/homeofwool.com\\\/shop\\\/crib-mattress-topper\\\/#primaryimage\"},\"image\":{\"@id\":\"https:\\\/\\\/homeofwool.com\\\/shop\\\/crib-mattress-topper\\\/#primaryimage\"},\"thumbnailUrl\":\"https:\\\/\\\/homeofwool.com\\\/wp-content\\\/uploads\\\/2025\\\/09\\\/home-of-wool-wool-crib-topper-1-main.jpg\",\"datePublished\":\"2025-09-02T12:01:16+00:00\",\"dateModified\":\"2026-02-11T10:47:58+00:00\",\"description\":\"Breathable, hypoallergenic, and supportive, the Wool Crib Mattress Topper adds natural comfort to your baby\u2019s sleep. Pure wool, chemical-free, and customizable for a safe, cozy crib.\",\"breadcrumb\":{\"@id\":\"https:\\\/\\\/homeofwool.com\\\/shop\\\/crib-mattress-topper\\\/#breadcrumb\"},\"inLanguage\":\"fr-FR\",\"potentialAction\":[{\"@type\":\"ReadAction\",\"target\":[\"https:\\\/\\\/homeofwool.com\\\/shop\\\/crib-mattress-topper\\\/\"]}]},{\"@type\":\"ImageObject\",\"inLanguage\":\"fr-FR\",\"@id\":\"https:\\\/\\\/homeofwool.com\\\/shop\\\/crib-mattress-topper\\\/#primaryimage\",\"url\":\"https:\\\/\\\/homeofwool.com\\\/wp-content\\\/uploads\\\/2025\\\/09\\\/home-of-wool-wool-crib-topper-1-main.jpg\",\"contentUrl\":\"https:\\\/\\\/homeofwool.com\\\/wp-content\\\/uploads\\\/2025\\\/09\\\/home-of-wool-wool-crib-topper-1-main.jpg\",\"width\":2000,\"height\":1614,\"caption\":\"home of wool crib mattress topper\"},{\"@type\":\"BreadcrumbList\",\"@id\":\"https:\\\/\\\/homeofwool.com\\\/shop\\\/crib-mattress-topper\\\/#breadcrumb\",\"itemListElement\":[{\"@type\":\"ListItem\",\"position\":1,\"name\":\"Home\",\"item\":\"https:\\\/\\\/homeofwool.com\\\/\"},{\"@type\":\"ListItem\",\"position\":2,\"name\":\"Products\",\"item\":\"https:\\\/\\\/homeofwool.com\\\/header-search-2\\\/\"},{\"@type\":\"ListItem\",\"position\":3,\"name\":\"Wool Crib Mattress Topper\"}]},{\"@type\":\"WebSite\",\"@id\":\"https:\\\/\\\/homeofwool.com\\\/#website\",\"url\":\"https:\\\/\\\/homeofwool.com\\\/\",\"name\":\"Home of Wool\",\"description\":\"\",\"publisher\":{\"@id\":\"https:\\\/\\\/homeofwool.com\\\/#organization\"},\"potentialAction\":[{\"@type\":\"SearchAction\",\"target\":{\"@type\":\"EntryPoint\",\"urlTemplate\":\"https:\\\/\\\/homeofwool.com\\\/?s={search_term_string}\"},\"query-input\":{\"@type\":\"PropertyValueSpecification\",\"valueRequired\":true,\"valueName\":\"search_term_string\"}}],\"inLanguage\":\"fr-FR\"},{\"@type\":\"Organization\",\"@id\":\"https:\\\/\\\/homeofwool.com\\\/#organization\",\"name\":\"Home of Wool\",\"url\":\"https:\\\/\\\/homeofwool.com\\\/\",\"logo\":{\"@type\":\"ImageObject\",\"inLanguage\":\"fr-FR\",\"@id\":\"https:\\\/\\\/homeofwool.com\\\/#\\\/schema\\\/logo\\\/image\\\/\",\"url\":\"https:\\\/\\\/homeofwool.com\\\/wp-content\\\/uploads\\\/2025\\\/09\\\/WhatsApp-Image-2025-12-02-at-16.23.20.jpeg\",\"contentUrl\":\"https:\\\/\\\/homeofwool.com\\\/wp-content\\\/uploads\\\/2025\\\/09\\\/WhatsApp-Image-2025-12-02-at-16.23.20.jpeg\",\"width\":700,\"height\":247,\"caption\":\"Home of Wool\"},\"image\":{\"@id\":\"https:\\\/\\\/homeofwool.com\\\/#\\\/schema\\\/logo\\\/image\\\/\"},\"sameAs\":[\"https:\\\/\\\/facebook.com\\\/HomeOfWoolOfficial\"]}]}<\/script>\n<!-- \/ Yoast SEO Premium plugin. -->","yoast_head_json":{"title":"Surmatelas pour lit b\u00e9b\u00e9 \u2013 Literie biologique et s\u00e9curitaire pour b\u00e9b\u00e9s | Home of Wool","description":"Respirant, hypoallerg\u00e9nique et offrant un bon soutien, le surmatelas en laine pour lit b\u00e9b\u00e9 apporte un confort naturel au sommeil de votre enfant. En pure laine, sans produits chimiques et personnalisable, il garantit un lit b\u00e9b\u00e9 s\u00fbr et douillet.","robots":{"index":"index","follow":"follow","max-snippet":"max-snippet:-1","max-image-preview":"max-image-preview:large","max-video-preview":"max-video-preview:-1"},"canonical":"https:\/\/homeofwool.com\/fr\/boutique\/surmatelas-pour-lit-bebe\/","og_locale":"fr_FR","og_type":"article","og_title":"Wool Crib Mattress Topper","og_description":"Breathable, hypoallergenic, and supportive, the Wool Crib Mattress Topper adds natural comfort to your baby\u2019s sleep. Pure wool, chemical-free, and customizable for a safe, cozy crib.","og_url":"https:\/\/homeofwool.com\/fr\/boutique\/surmatelas-pour-lit-bebe\/","og_site_name":"Home of Wool","article_publisher":"https:\/\/facebook.com\/HomeOfWoolOfficial","article_modified_time":"2026-02-11T10:47:58+00:00","og_image":[{"width":2000,"height":1614,"url":"https:\/\/homeofwool.com\/wp-content\/uploads\/2025\/09\/home-of-wool-wool-crib-topper-1-main.jpg","type":"image\/jpeg"}],"twitter_card":"summary_large_image","twitter_misc":{"Dur\u00e9e de lecture estim\u00e9e":"1 minute"},"schema":{"@context":"https:\/\/schema.org","@graph":[{"@type":"WebPage","@id":"https:\/\/homeofwool.com\/shop\/crib-mattress-topper\/","url":"https:\/\/homeofwool.com\/shop\/crib-mattress-topper\/","name":"Surmatelas pour lit b\u00e9b\u00e9 \u2013 Literie biologique et s\u00e9curitaire pour b\u00e9b\u00e9s | Home of Wool","isPartOf":{"@id":"https:\/\/homeofwool.com\/#website"},"primaryImageOfPage":{"@id":"https:\/\/homeofwool.com\/shop\/crib-mattress-topper\/#primaryimage"},"image":{"@id":"https:\/\/homeofwool.com\/shop\/crib-mattress-topper\/#primaryimage"},"thumbnailUrl":"https:\/\/homeofwool.com\/wp-content\/uploads\/2025\/09\/home-of-wool-wool-crib-topper-1-main.jpg","datePublished":"2025-09-02T12:01:16+00:00","dateModified":"2026-02-11T10:47:58+00:00","description":"Respirant, hypoallerg\u00e9nique et offrant un bon soutien, le surmatelas en laine pour lit b\u00e9b\u00e9 apporte un confort naturel au sommeil de votre enfant. En pure laine, sans produits chimiques et personnalisable, il garantit un lit b\u00e9b\u00e9 s\u00fbr et douillet.","breadcrumb":{"@id":"https:\/\/homeofwool.com\/shop\/crib-mattress-topper\/#breadcrumb"},"inLanguage":"fr-FR","potentialAction":[{"@type":"ReadAction","target":["https:\/\/homeofwool.com\/shop\/crib-mattress-topper\/"]}]},{"@type":"ImageObject","inLanguage":"fr-FR","@id":"https:\/\/homeofwool.com\/shop\/crib-mattress-topper\/#primaryimage","url":"https:\/\/homeofwool.com\/wp-content\/uploads\/2025\/09\/home-of-wool-wool-crib-topper-1-main.jpg","contentUrl":"https:\/\/homeofwool.com\/wp-content\/uploads\/2025\/09\/home-of-wool-wool-crib-topper-1-main.jpg","width":2000,"height":1614,"caption":"home of wool crib mattress topper"},{"@type":"BreadcrumbList","@id":"https:\/\/homeofwool.com\/shop\/crib-mattress-topper\/#breadcrumb","itemListElement":[{"@type":"ListItem","position":1,"name":"Home","item":"https:\/\/homeofwool.com\/"},{"@type":"ListItem","position":2,"name":"Products","item":"https:\/\/homeofwool.com\/header-search-2\/"},{"@type":"ListItem","position":3,"name":"Wool Crib Mattress Topper"}]},{"@type":"WebSite","@id":"https:\/\/homeofwool.com\/#website","url":"https:\/\/homeofwool.com\/","name":"La maison de la laine","description":"","publisher":{"@id":"https:\/\/homeofwool.com\/#organization"},"potentialAction":[{"@type":"SearchAction","target":{"@type":"EntryPoint","urlTemplate":"https:\/\/homeofwool.com\/?s={search_term_string}"},"query-input":{"@type":"PropertyValueSpecification","valueRequired":true,"valueName":"search_term_string"}}],"inLanguage":"fr-FR"},{"@type":"Organization","@id":"https:\/\/homeofwool.com\/#organization","name":"La maison de la laine","url":"https:\/\/homeofwool.com\/","logo":{"@type":"ImageObject","inLanguage":"fr-FR","@id":"https:\/\/homeofwool.com\/#\/schema\/logo\/image\/","url":"https:\/\/homeofwool.com\/wp-content\/uploads\/2025\/09\/WhatsApp-Image-2025-12-02-at-16.23.20.jpeg","contentUrl":"https:\/\/homeofwool.com\/wp-content\/uploads\/2025\/09\/WhatsApp-Image-2025-12-02-at-16.23.20.jpeg","width":700,"height":247,"caption":"Home of Wool"},"image":{"@id":"https:\/\/homeofwool.com\/#\/schema\/logo\/image\/"},"sameAs":["https:\/\/facebook.com\/HomeOfWoolOfficial"]}]}},"_links":{"self":[{"href":"https:\/\/homeofwool.com\/fr\/wp-json\/wp\/v2\/product\/217596","targetHints":{"allow":["GET"]}}],"collection":[{"href":"https:\/\/homeofwool.com\/fr\/wp-json\/wp\/v2\/product"}],"about":[{"href":"https:\/\/homeofwool.com\/fr\/wp-json\/wp\/v2\/types\/product"}],"version-history":[{"count":1,"href":"https:\/\/homeofwool.com\/fr\/wp-json\/wp\/v2\/product\/217596\/revisions"}],"predecessor-version":[{"id":226718,"href":"https:\/\/homeofwool.com\/fr\/wp-json\/wp\/v2\/product\/217596\/revisions\/226718"}],"wp:featuredmedia":[{"embeddable":true,"href":"https:\/\/homeofwool.com\/fr\/wp-json\/wp\/v2\/media\/219312"}],"wp:attachment":[{"href":"https:\/\/homeofwool.com\/fr\/wp-json\/wp\/v2\/media?parent=217596"}],"wp:term":[{"taxonomy":"product_brand","embeddable":true,"href":"https:\/\/homeofwool.com\/fr\/wp-json\/wp\/v2\/product_brand?post=217596"},{"taxonomy":"product_cat","embeddable":true,"href":"https:\/\/homeofwool.com\/fr\/wp-json\/wp\/v2\/product_cat?post=217596"},{"taxonomy":"product_tag","embeddable":true,"href":"https:\/\/homeofwool.com\/fr\/wp-json\/wp\/v2\/product_tag?post=217596"}],"curies":[{"name":"wp","href":"https:\/\/api.w.org\/{rel}","templated":true}]}}