{"id":217591,"date":"2025-09-02T12:01:16","date_gmt":"2025-09-02T12:01:16","guid":{"rendered":"https:\/\/homeofwool.com\/?post_type=product&#038;p=217591"},"modified":"2026-01-21T12:20:48","modified_gmt":"2026-01-21T12:20:48","slug":"echantillon-de-couette","status":"publish","type":"product","link":"https:\/\/homeofwool.com\/fr\/shop\/duvet-sample\/","title":{"rendered":"\u00c9chantillon de housse de couette en laine"},"content":{"rendered":"<p>Le choix de la literie id\u00e9ale est une affaire tr\u00e8s personnelle, c'est pourquoi nous avons cr\u00e9\u00e9 l'\u00e9chantillon de couette. Ce carr\u00e9 de 40 x 40 cm vous permet de toucher, voir et dormir avec la qualit\u00e9 de nos couettes en laine fabriqu\u00e9es \u00e0 la main. Rembourr\u00e9e de pure laine et matelass\u00e9e \u00e0 la main pour plus de durabilit\u00e9, elle b\u00e9n\u00e9ficie du m\u00eame souci du d\u00e9tail artisanal que nos couettes grand format.<\/p>\n<p>La laine maintient votre corps \u00e0 la bonne temp\u00e9rature. Lorsque la pi\u00e8ce est chaude, elle vous aide \u00e0 rester au frais. Lorsqu'il fait froid, elle vous garde au chaud sans vous faire transpirer. C'est pourquoi les couettes en laine sont toujours agr\u00e9ables. Elles vous aident \u00e0 trouver un sommeil profond, sans \u00eatre d\u00e9rang\u00e9 par la chaleur ou l'humidit\u00e9.<\/p>\n<p>Une autre caract\u00e9ristique tr\u00e8s appr\u00e9ci\u00e9e de la laine est sa douceur pour les dormeurs sensibles. Si vous ou un membre de votre famille souffrez d'allergies ou d'asthme, c'est un choix s\u00fbr pour plusieurs raisons. Tout d'abord, les acariens et les moisissures n'aiment pas y vivre. Ensuite, la laine ne n\u00e9cessite aucun traitement chimique pour rester fra\u00eeche et merveilleuse. Enfin, \u00e9tant enti\u00e8rement naturelle, la literie en laine ne contient aucun COV. C'est la meilleure solution pour dormir au naturel.<\/p>\n<p>Biod\u00e9gradable et fabriqu\u00e9 \u00e0 partir de mat\u00e9riaux renouvelables, ce petit \u00e9chantillon de couette incarne notre philosophie du luxe durable. Si vous envisagez d'investir dans un sommeil plus sain, cet \u00e9chantillon vous permet de l'essayer avant de vous engager, vous garantissant ainsi d'\u00eatre s\u00fbr de votre choix avant d'introduire de la literie en laine naturelle dans votre maison. Et, fid\u00e8le \u00e0 son aspect pratique, il peut continuer \u00e0 servir longtemps apr\u00e8s avoir \u00e9t\u00e9 test\u00e9 : il peut servir de couette pour poup\u00e9e, de coussin confortable pour chaise, de tapis pratique pour animaux de compagnie ou m\u00eame de petit coussin de voyage.<\/p>","protected":false},"excerpt":{"rendered":"<p>Vous \u00eates curieux de d\u00e9couvrir la literie en laine ? Notre \u00e9chantillon de couette vous permet de tester le confort de la laine naturelle avant d'investir dans une couette pleine grandeur. C'est le moyen id\u00e9al pour essayer avant de vous engager. N'h\u00e9sitez pas \u00e0 d\u00e9couvrir chez vous la respirabilit\u00e9 et la puret\u00e9 d'un luxe durable. Faites le premier pas vers un sommeil de meilleure qualit\u00e9. Vous nous remercierez plus tard.<\/p>","protected":false},"featured_media":218635,"template":"","meta":{"_acf_changed":false},"product_brand":[],"product_cat":[253,60],"product_tag":[428,429,430,431,432,433,434],"class_list":{"0":"post-217591","1":"product","2":"type-product","3":"status-publish","4":"has-post-thumbnail","6":"product_cat-product-samples","7":"product_cat-blankets-duvets","8":"product_tag-custom-comforter","9":"product_tag-down-alternative-comforter","10":"product_tag-duvet-insert","11":"product_tag-duvet-insert-king","12":"product_tag-duvet-insert-queen","13":"product_tag-quilt-covers","14":"product_tag-quilted-comforter","16":"first","17":"instock","18":"shipping-taxable","19":"purchasable","20":"product-type-variable"},"acf":[],"yoast_head":"<!-- This site is optimized with the Yoast SEO Premium plugin v27.3 (Yoast SEO v27.3) - https:\/\/yoast.com\/product\/yoast-seo-premium-wordpress\/ -->\n<title>Wool Duvet Insert Sample \u2013 Try Before Buying | Home of Wool<\/title>\n<meta name=\"description\" content=\"Pure and natural, the Wool Duvet Insert Sample lets you experience breathable wool comfort before you buy. Hypoallergenic and toxin-free, it\u2019s an easy way to test sustainable bedding.\" \/>\n<meta name=\"robots\" content=\"index, follow, max-snippet:-1, max-image-preview:large, max-video-preview:-1\" \/>\n<link rel=\"canonical\" href=\"https:\/\/homeofwool.com\/fr\/boutique\/echantillon-de-couette\/\" \/>\n<meta property=\"og:locale\" content=\"fr_FR\" \/>\n<meta property=\"og:type\" content=\"article\" \/>\n<meta property=\"og:title\" content=\"Wool Duvet Insert Sample\" \/>\n<meta property=\"og:description\" content=\"Pure and natural, the Wool Duvet Insert Sample lets you experience breathable wool comfort before you buy. Hypoallergenic and toxin-free, it\u2019s an easy way to test sustainable bedding.\" \/>\n<meta property=\"og:url\" content=\"https:\/\/homeofwool.com\/fr\/boutique\/echantillon-de-couette\/\" \/>\n<meta property=\"og:site_name\" content=\"Home of Wool\" \/>\n<meta property=\"article:publisher\" content=\"https:\/\/facebook.com\/HomeOfWoolOfficial\" \/>\n<meta property=\"article:modified_time\" content=\"2026-01-21T12:20:48+00:00\" \/>\n<meta property=\"og:image\" content=\"https:\/\/homeofwool.com\/wp-content\/uploads\/2025\/09\/home-of-wool-wool-duvet-insert-sample-1-main.jpg\" \/>\n\t<meta property=\"og:image:width\" content=\"1900\" \/>\n\t<meta property=\"og:image:height\" content=\"1520\" \/>\n\t<meta property=\"og:image:type\" content=\"image\/jpeg\" \/>\n<meta name=\"twitter:card\" content=\"summary_large_image\" \/>\n<meta name=\"twitter:label1\" content=\"Dur\u00e9e de lecture estim\u00e9e\" \/>\n\t<meta name=\"twitter:data1\" content=\"2 minutes\" \/>\n<script type=\"application\/ld+json\" class=\"yoast-schema-graph\">{\"@context\":\"https:\\\/\\\/schema.org\",\"@graph\":[{\"@type\":\"WebPage\",\"@id\":\"https:\\\/\\\/homeofwool.com\\\/shop\\\/duvet-sample\\\/\",\"url\":\"https:\\\/\\\/homeofwool.com\\\/shop\\\/duvet-sample\\\/\",\"name\":\"Wool Duvet Insert Sample \u2013 Try Before Buying | Home of Wool\",\"isPartOf\":{\"@id\":\"https:\\\/\\\/homeofwool.com\\\/#website\"},\"primaryImageOfPage\":{\"@id\":\"https:\\\/\\\/homeofwool.com\\\/shop\\\/duvet-sample\\\/#primaryimage\"},\"image\":{\"@id\":\"https:\\\/\\\/homeofwool.com\\\/shop\\\/duvet-sample\\\/#primaryimage\"},\"thumbnailUrl\":\"https:\\\/\\\/homeofwool.com\\\/wp-content\\\/uploads\\\/2025\\\/09\\\/home-of-wool-wool-duvet-insert-sample-1-main.jpg\",\"datePublished\":\"2025-09-02T12:01:16+00:00\",\"dateModified\":\"2026-01-21T12:20:48+00:00\",\"description\":\"Pure and natural, the Wool Duvet Insert Sample lets you experience breathable wool comfort before you buy. Hypoallergenic and toxin-free, it\u2019s an easy way to test sustainable bedding.\",\"breadcrumb\":{\"@id\":\"https:\\\/\\\/homeofwool.com\\\/shop\\\/duvet-sample\\\/#breadcrumb\"},\"inLanguage\":\"fr-FR\",\"potentialAction\":[{\"@type\":\"ReadAction\",\"target\":[\"https:\\\/\\\/homeofwool.com\\\/shop\\\/duvet-sample\\\/\"]}]},{\"@type\":\"ImageObject\",\"inLanguage\":\"fr-FR\",\"@id\":\"https:\\\/\\\/homeofwool.com\\\/shop\\\/duvet-sample\\\/#primaryimage\",\"url\":\"https:\\\/\\\/homeofwool.com\\\/wp-content\\\/uploads\\\/2025\\\/09\\\/home-of-wool-wool-duvet-insert-sample-1-main.jpg\",\"contentUrl\":\"https:\\\/\\\/homeofwool.com\\\/wp-content\\\/uploads\\\/2025\\\/09\\\/home-of-wool-wool-duvet-insert-sample-1-main.jpg\",\"width\":1900,\"height\":1520,\"caption\":\"wool duvet insert sample with home of wool tag\"},{\"@type\":\"BreadcrumbList\",\"@id\":\"https:\\\/\\\/homeofwool.com\\\/shop\\\/duvet-sample\\\/#breadcrumb\",\"itemListElement\":[{\"@type\":\"ListItem\",\"position\":1,\"name\":\"Home\",\"item\":\"https:\\\/\\\/homeofwool.com\\\/\"},{\"@type\":\"ListItem\",\"position\":2,\"name\":\"Products\",\"item\":\"https:\\\/\\\/homeofwool.com\\\/header-search-2\\\/\"},{\"@type\":\"ListItem\",\"position\":3,\"name\":\"Wool Duvet Insert Sample\"}]},{\"@type\":\"WebSite\",\"@id\":\"https:\\\/\\\/homeofwool.com\\\/#website\",\"url\":\"https:\\\/\\\/homeofwool.com\\\/\",\"name\":\"Home of Wool\",\"description\":\"\",\"publisher\":{\"@id\":\"https:\\\/\\\/homeofwool.com\\\/#organization\"},\"potentialAction\":[{\"@type\":\"SearchAction\",\"target\":{\"@type\":\"EntryPoint\",\"urlTemplate\":\"https:\\\/\\\/homeofwool.com\\\/?s={search_term_string}\"},\"query-input\":{\"@type\":\"PropertyValueSpecification\",\"valueRequired\":true,\"valueName\":\"search_term_string\"}}],\"inLanguage\":\"fr-FR\"},{\"@type\":\"Organization\",\"@id\":\"https:\\\/\\\/homeofwool.com\\\/#organization\",\"name\":\"Home of Wool\",\"url\":\"https:\\\/\\\/homeofwool.com\\\/\",\"logo\":{\"@type\":\"ImageObject\",\"inLanguage\":\"fr-FR\",\"@id\":\"https:\\\/\\\/homeofwool.com\\\/#\\\/schema\\\/logo\\\/image\\\/\",\"url\":\"https:\\\/\\\/homeofwool.com\\\/wp-content\\\/uploads\\\/2025\\\/09\\\/WhatsApp-Image-2025-12-02-at-16.23.20.jpeg\",\"contentUrl\":\"https:\\\/\\\/homeofwool.com\\\/wp-content\\\/uploads\\\/2025\\\/09\\\/WhatsApp-Image-2025-12-02-at-16.23.20.jpeg\",\"width\":700,\"height\":247,\"caption\":\"Home of Wool\"},\"image\":{\"@id\":\"https:\\\/\\\/homeofwool.com\\\/#\\\/schema\\\/logo\\\/image\\\/\"},\"sameAs\":[\"https:\\\/\\\/facebook.com\\\/HomeOfWoolOfficial\"]}]}<\/script>\n<!-- \/ Yoast SEO Premium plugin. -->","yoast_head_json":{"title":"\u00c9chantillon de couette en laine \u2013 Essayez avant d'acheter | Home of Wool","description":"Pure et naturelle, l'\u00e9chantillon de couette en laine vous permet de d\u00e9couvrir le confort respirant de la laine avant de l'acheter. Hypoallerg\u00e9nique et sans toxines, c'est un moyen facile de tester une literie durable.","robots":{"index":"index","follow":"follow","max-snippet":"max-snippet:-1","max-image-preview":"max-image-preview:large","max-video-preview":"max-video-preview:-1"},"canonical":"https:\/\/homeofwool.com\/fr\/boutique\/echantillon-de-couette\/","og_locale":"fr_FR","og_type":"article","og_title":"Wool Duvet Insert Sample","og_description":"Pure and natural, the Wool Duvet Insert Sample lets you experience breathable wool comfort before you buy. Hypoallergenic and toxin-free, it\u2019s an easy way to test sustainable bedding.","og_url":"https:\/\/homeofwool.com\/fr\/boutique\/echantillon-de-couette\/","og_site_name":"Home of Wool","article_publisher":"https:\/\/facebook.com\/HomeOfWoolOfficial","article_modified_time":"2026-01-21T12:20:48+00:00","og_image":[{"width":1900,"height":1520,"url":"https:\/\/homeofwool.com\/wp-content\/uploads\/2025\/09\/home-of-wool-wool-duvet-insert-sample-1-main.jpg","type":"image\/jpeg"}],"twitter_card":"summary_large_image","twitter_misc":{"Dur\u00e9e de lecture estim\u00e9e":"2 minutes"},"schema":{"@context":"https:\/\/schema.org","@graph":[{"@type":"WebPage","@id":"https:\/\/homeofwool.com\/shop\/duvet-sample\/","url":"https:\/\/homeofwool.com\/shop\/duvet-sample\/","name":"\u00c9chantillon de couette en laine \u2013 Essayez avant d'acheter | Home of Wool","isPartOf":{"@id":"https:\/\/homeofwool.com\/#website"},"primaryImageOfPage":{"@id":"https:\/\/homeofwool.com\/shop\/duvet-sample\/#primaryimage"},"image":{"@id":"https:\/\/homeofwool.com\/shop\/duvet-sample\/#primaryimage"},"thumbnailUrl":"https:\/\/homeofwool.com\/wp-content\/uploads\/2025\/09\/home-of-wool-wool-duvet-insert-sample-1-main.jpg","datePublished":"2025-09-02T12:01:16+00:00","dateModified":"2026-01-21T12:20:48+00:00","description":"Pure et naturelle, l'\u00e9chantillon de couette en laine vous permet de d\u00e9couvrir le confort respirant de la laine avant de l'acheter. Hypoallerg\u00e9nique et sans toxines, c'est un moyen facile de tester une literie durable.","breadcrumb":{"@id":"https:\/\/homeofwool.com\/shop\/duvet-sample\/#breadcrumb"},"inLanguage":"fr-FR","potentialAction":[{"@type":"ReadAction","target":["https:\/\/homeofwool.com\/shop\/duvet-sample\/"]}]},{"@type":"ImageObject","inLanguage":"fr-FR","@id":"https:\/\/homeofwool.com\/shop\/duvet-sample\/#primaryimage","url":"https:\/\/homeofwool.com\/wp-content\/uploads\/2025\/09\/home-of-wool-wool-duvet-insert-sample-1-main.jpg","contentUrl":"https:\/\/homeofwool.com\/wp-content\/uploads\/2025\/09\/home-of-wool-wool-duvet-insert-sample-1-main.jpg","width":1900,"height":1520,"caption":"wool duvet insert sample with home of wool tag"},{"@type":"BreadcrumbList","@id":"https:\/\/homeofwool.com\/shop\/duvet-sample\/#breadcrumb","itemListElement":[{"@type":"ListItem","position":1,"name":"Home","item":"https:\/\/homeofwool.com\/"},{"@type":"ListItem","position":2,"name":"Products","item":"https:\/\/homeofwool.com\/header-search-2\/"},{"@type":"ListItem","position":3,"name":"Wool Duvet Insert Sample"}]},{"@type":"WebSite","@id":"https:\/\/homeofwool.com\/#website","url":"https:\/\/homeofwool.com\/","name":"La maison de la laine","description":"","publisher":{"@id":"https:\/\/homeofwool.com\/#organization"},"potentialAction":[{"@type":"SearchAction","target":{"@type":"EntryPoint","urlTemplate":"https:\/\/homeofwool.com\/?s={search_term_string}"},"query-input":{"@type":"PropertyValueSpecification","valueRequired":true,"valueName":"search_term_string"}}],"inLanguage":"fr-FR"},{"@type":"Organization","@id":"https:\/\/homeofwool.com\/#organization","name":"La maison de la laine","url":"https:\/\/homeofwool.com\/","logo":{"@type":"ImageObject","inLanguage":"fr-FR","@id":"https:\/\/homeofwool.com\/#\/schema\/logo\/image\/","url":"https:\/\/homeofwool.com\/wp-content\/uploads\/2025\/09\/WhatsApp-Image-2025-12-02-at-16.23.20.jpeg","contentUrl":"https:\/\/homeofwool.com\/wp-content\/uploads\/2025\/09\/WhatsApp-Image-2025-12-02-at-16.23.20.jpeg","width":700,"height":247,"caption":"Home of Wool"},"image":{"@id":"https:\/\/homeofwool.com\/#\/schema\/logo\/image\/"},"sameAs":["https:\/\/facebook.com\/HomeOfWoolOfficial"]}]}},"_links":{"self":[{"href":"https:\/\/homeofwool.com\/fr\/wp-json\/wp\/v2\/product\/217591","targetHints":{"allow":["GET"]}}],"collection":[{"href":"https:\/\/homeofwool.com\/fr\/wp-json\/wp\/v2\/product"}],"about":[{"href":"https:\/\/homeofwool.com\/fr\/wp-json\/wp\/v2\/types\/product"}],"version-history":[{"count":1,"href":"https:\/\/homeofwool.com\/fr\/wp-json\/wp\/v2\/product\/217591\/revisions"}],"predecessor-version":[{"id":227506,"href":"https:\/\/homeofwool.com\/fr\/wp-json\/wp\/v2\/product\/217591\/revisions\/227506"}],"wp:featuredmedia":[{"embeddable":true,"href":"https:\/\/homeofwool.com\/fr\/wp-json\/wp\/v2\/media\/218635"}],"wp:attachment":[{"href":"https:\/\/homeofwool.com\/fr\/wp-json\/wp\/v2\/media?parent=217591"}],"wp:term":[{"taxonomy":"product_brand","embeddable":true,"href":"https:\/\/homeofwool.com\/fr\/wp-json\/wp\/v2\/product_brand?post=217591"},{"taxonomy":"product_cat","embeddable":true,"href":"https:\/\/homeofwool.com\/fr\/wp-json\/wp\/v2\/product_cat?post=217591"},{"taxonomy":"product_tag","embeddable":true,"href":"https:\/\/homeofwool.com\/fr\/wp-json\/wp\/v2\/product_tag?post=217591"}],"curies":[{"name":"wp","href":"https:\/\/api.w.org\/{rel}","templated":true}]}}