{"id":217587,"date":"2025-09-02T12:01:16","date_gmt":"2025-09-02T12:01:16","guid":{"rendered":"https:\/\/homeofwool.com\/?post_type=product&#038;p=217587"},"modified":"2026-02-11T10:47:55","modified_gmt":"2026-02-11T10:47:55","slug":"coussin-triangulaire-pour-tete-de-lit","status":"publish","type":"product","link":"https:\/\/homeofwool.com\/fr\/shop\/triangular-headboard-cushion\/","title":{"rendered":"Coussin dorsal triangulaire"},"content":{"rendered":"<p>Le coussin dorsal triangulaire est plus qu'un simple \u00e9l\u00e9ment d\u00e9coratif. C'est le coussin sur lequel vous aurez envie de vous allonger \u00e0 la fin de la journ\u00e9e. Suffisamment moelleux pour vous y enfoncer, suffisamment ferme pour vous soutenir lorsque vous vous d\u00e9tendez dans votre lit ou sur votre canap\u00e9.<\/p>\n<p>Il est rembourr\u00e9 de laine biologique. La housse est cousue \u00e0 partir de tissus naturels. Cela signifie qu'il ne contient aucun produit synth\u00e9tique et ne d\u00e9gage aucune odeur chimique \u00e9trange. Aucun produit ne d\u00e9gage de gaz dans votre maison. Z\u00e9ro COV. Juste un confort propre et naturel qui rend votre espace plus sain. La laine est naturellement hypoallerg\u00e9nique, ce qui rend ce coussin particuli\u00e8rement adapt\u00e9 aux personnes souffrant d'allergies.<\/p>\n<p>Chaque pi\u00e8ce est fabriqu\u00e9e sur commande selon vos sp\u00e9cifications, ce qui vous offre la possibilit\u00e9 de concevoir un coussin de dossier personnalis\u00e9 qui correspond parfaitement \u00e0 votre style et \u00e0 la taille de votre lit. Le capitonnage \u00e0 travers l'insert permet de r\u00e9partir la laine de mani\u00e8re uniforme afin que le coussin reste confortable au fil du temps. La housse amovible facilite l'entretien. Il suffit de la laver et de la laisser s\u00e9cher \u00e0 l'air libre.<\/p>\n<p>Aucun montage n'est n\u00e9cessaire. Le coussin repose solidement sur votre matelas. Pr\u00eat \u00e0 compl\u00e9ter votre lit.<\/p>","protected":false},"excerpt":{"rendered":"<p>D\u00e9tendez-vous confortablement gr\u00e2ce \u00e0 ce coussin triangulaire rembourr\u00e9 de laine naturelle et recouvert d'un tissu biologique respirant. Dot\u00e9 d'une housse amovible et lavable et disponible en plusieurs tailles, il apporte une touche \u00e9pur\u00e9e, \u00e9l\u00e9gante et confortable \u00e0 votre lit. Il convient \u00e9galement parfaitement aux divans et aux canap\u00e9s.<\/p>\n<div class=\"global-icon-set\">\n<div class=\"global-icon-set__items\">\n<div class=\"global-icon-set__item\">\n<div class=\"global-icon-set__image\">\n                                    <img decoding=\"async\" src=\"https:\/\/homeofwool.com\/wp-content\/uploads\/2025\/09\/handmade-icon-300x300.png\" alt=\"ic\u00f4ne artisanale\" \/>\n                                <\/div>\n<div class=\"global-icon-set__title\">Fait \u00e0 la main<\/div>\n<\/p><\/div>\n<div class=\"global-icon-set__item\">\n<div class=\"global-icon-set__image\">\n                                    <img decoding=\"async\" src=\"https:\/\/homeofwool.com\/wp-content\/uploads\/2025\/09\/VOCs-min-300x300.png\" alt=\"vocs libre\" \/>\n                                <\/div>\n<div class=\"global-icon-set__title\">Sans COV<\/div>\n<\/p><\/div>\n<div class=\"global-icon-set__item\">\n<div class=\"global-icon-set__image\">\n                                    <img decoding=\"async\" src=\"https:\/\/homeofwool.com\/wp-content\/uploads\/2025\/09\/FR-min-300x300.png\" alt=\"ic\u00f4ne de r\u00e9sistance au feu\" \/>\n                                <\/div>\n<div class=\"global-icon-set__title\">R\u00e9sistant \u00e0 la flamme<\/div>\n<\/p><\/div>\n<div class=\"global-icon-set__item\">\n<div class=\"global-icon-set__image\">\n                                    <img decoding=\"async\" src=\"https:\/\/homeofwool.com\/wp-content\/uploads\/2025\/09\/Hypoallergenic-min-300x300.png\" alt=\"ic\u00f4ne hypoallerg\u00e9nique\" \/>\n                                <\/div>\n<div class=\"global-icon-set__title\">Hypoallerg\u00e9nique<\/div>\n<\/p><\/div>\n<div class=\"global-icon-set__item\">\n<div class=\"global-icon-set__image\">\n                                    <img decoding=\"async\" src=\"https:\/\/homeofwool.com\/wp-content\/uploads\/2025\/09\/free-of-synthetics-icon-300x300.png\" alt=\"sans mati\u00e8res synth\u00e9tiques ic\u00f4ne\" \/>\n                                <\/div>\n<div class=\"global-icon-set__title\">Sans mati\u00e8res synth\u00e9tiques<\/div>\n<\/p><\/div>\n<div class=\"global-icon-set__item\">\n<div class=\"global-icon-set__image\">\n                                    <img decoding=\"async\" src=\"https:\/\/homeofwool.com\/wp-content\/uploads\/2025\/09\/chemical-free-icon-300x300.png\" alt=\"ic\u00f4ne de l&#039;absence de produits chimiques\" \/>\n                                <\/div>\n<div class=\"global-icon-set__title\">Sans produits chimiques<\/div>\n<\/p><\/div>\n<div class=\"global-icon-set__item\">\n<div class=\"global-icon-set__image\">\n                                    <img decoding=\"async\" src=\"https:\/\/homeofwool.com\/wp-content\/uploads\/2025\/09\/anti-bacterial-icon-300x300.png\" alt=\"ic\u00f4ne anti-bact\u00e9rien\" \/>\n                                <\/div>\n<div class=\"global-icon-set__title\">Anti-microbien et anti-bact\u00e9rien<\/div>\n<\/p><\/div>\n<div class=\"global-icon-set__item\">\n<div class=\"global-icon-set__image\">\n                                    <img decoding=\"async\" src=\"https:\/\/homeofwool.com\/wp-content\/uploads\/2025\/09\/certified-materials-icon-300x300.png\" alt=\"ic\u00f4ne des mat\u00e9riaux certifi\u00e9s\" \/>\n                                <\/div>\n<div class=\"global-icon-set__title\">100% Mat\u00e9riaux certifi\u00e9s purs<\/div>\n<\/p><\/div>\n<\/p><\/div>\n<\/p><\/div>","protected":false},"featured_media":223608,"template":"","meta":{"_acf_changed":false},"product_brand":[],"product_cat":[30,396],"product_tag":[149],"class_list":{"0":"post-217587","1":"product","2":"type-product","3":"status-publish","4":"has-post-thumbnail","6":"product_cat-cushions","7":"product_cat-headboard-cushions","8":"product_tag-steps","10":"first","11":"instock","12":"shipping-taxable","13":"purchasable","14":"product-type-simple"},"acf":[],"yoast_head":"<!-- This site is optimized with the Yoast SEO Premium plugin v27.5 (Yoast SEO v27.5) - https:\/\/yoast.com\/product\/yoast-seo-premium-wordpress\/ -->\n<title>Triangular Back Cushion \u2013 Back Pillow with Washable Cover | Home of Wool<\/title>\n<meta name=\"description\" content=\"Supportive and washable, the Triangular Back Cushion features breathable wool filling. Hypoallergenic and toxin-free, it ensures ergonomic, sustainable comfort for long-lasting use.\" \/>\n<meta name=\"robots\" content=\"index, follow, max-snippet:-1, max-image-preview:large, max-video-preview:-1\" \/>\n<link rel=\"canonical\" href=\"https:\/\/homeofwool.com\/fr\/boutique\/coussin-triangulaire-pour-tete-de-lit\/\" \/>\n<meta property=\"og:locale\" content=\"fr_FR\" \/>\n<meta property=\"og:type\" content=\"article\" \/>\n<meta property=\"og:title\" content=\"Triangular Back Cushion\" \/>\n<meta property=\"og:description\" content=\"Supportive and washable, the Triangular Back Cushion features breathable wool filling. Hypoallergenic and toxin-free, it ensures ergonomic, sustainable comfort for long-lasting use.\" \/>\n<meta property=\"og:url\" content=\"https:\/\/homeofwool.com\/fr\/boutique\/coussin-triangulaire-pour-tete-de-lit\/\" \/>\n<meta property=\"og:site_name\" content=\"Home of Wool\" \/>\n<meta property=\"article:publisher\" content=\"https:\/\/facebook.com\/HomeOfWoolOfficial\" \/>\n<meta property=\"article:modified_time\" content=\"2026-02-11T10:47:55+00:00\" \/>\n<meta property=\"og:image\" content=\"https:\/\/homeofwool.com\/wp-content\/uploads\/2025\/09\/home-of-wool-triangular-back-cushion-1-main-3.jpg\" \/>\n\t<meta property=\"og:image:width\" content=\"1600\" \/>\n\t<meta property=\"og:image:height\" content=\"2000\" \/>\n\t<meta property=\"og:image:type\" content=\"image\/jpeg\" \/>\n<meta name=\"twitter:card\" content=\"summary_large_image\" \/>\n<meta name=\"twitter:label1\" content=\"Dur\u00e9e de lecture estim\u00e9e\" \/>\n\t<meta name=\"twitter:data1\" content=\"1 minute\" \/>\n<script type=\"application\/ld+json\" class=\"yoast-schema-graph\">{\"@context\":\"https:\\\/\\\/schema.org\",\"@graph\":[{\"@type\":\"WebPage\",\"@id\":\"https:\\\/\\\/homeofwool.com\\\/shop\\\/triangular-headboard-cushion\\\/\",\"url\":\"https:\\\/\\\/homeofwool.com\\\/shop\\\/triangular-headboard-cushion\\\/\",\"name\":\"Triangular Back Cushion \u2013 Back Pillow with Washable Cover | Home of Wool\",\"isPartOf\":{\"@id\":\"https:\\\/\\\/homeofwool.com\\\/#website\"},\"primaryImageOfPage\":{\"@id\":\"https:\\\/\\\/homeofwool.com\\\/shop\\\/triangular-headboard-cushion\\\/#primaryimage\"},\"image\":{\"@id\":\"https:\\\/\\\/homeofwool.com\\\/shop\\\/triangular-headboard-cushion\\\/#primaryimage\"},\"thumbnailUrl\":\"https:\\\/\\\/homeofwool.com\\\/wp-content\\\/uploads\\\/2025\\\/09\\\/home-of-wool-triangular-back-cushion-1-main-3.jpg\",\"datePublished\":\"2025-09-02T12:01:16+00:00\",\"dateModified\":\"2026-02-11T10:47:55+00:00\",\"description\":\"Supportive and washable, the Triangular Back Cushion features breathable wool filling. Hypoallergenic and toxin-free, it ensures ergonomic, sustainable comfort for long-lasting use.\",\"breadcrumb\":{\"@id\":\"https:\\\/\\\/homeofwool.com\\\/shop\\\/triangular-headboard-cushion\\\/#breadcrumb\"},\"inLanguage\":\"fr-FR\",\"potentialAction\":[{\"@type\":\"ReadAction\",\"target\":[\"https:\\\/\\\/homeofwool.com\\\/shop\\\/triangular-headboard-cushion\\\/\"]}]},{\"@type\":\"ImageObject\",\"inLanguage\":\"fr-FR\",\"@id\":\"https:\\\/\\\/homeofwool.com\\\/shop\\\/triangular-headboard-cushion\\\/#primaryimage\",\"url\":\"https:\\\/\\\/homeofwool.com\\\/wp-content\\\/uploads\\\/2025\\\/09\\\/home-of-wool-triangular-back-cushion-1-main-3.jpg\",\"contentUrl\":\"https:\\\/\\\/homeofwool.com\\\/wp-content\\\/uploads\\\/2025\\\/09\\\/home-of-wool-triangular-back-cushion-1-main-3.jpg\",\"width\":1600,\"height\":2000,\"caption\":\"Triangular back cushion on a sofa against a wall\"},{\"@type\":\"BreadcrumbList\",\"@id\":\"https:\\\/\\\/homeofwool.com\\\/shop\\\/triangular-headboard-cushion\\\/#breadcrumb\",\"itemListElement\":[{\"@type\":\"ListItem\",\"position\":1,\"name\":\"Home\",\"item\":\"https:\\\/\\\/homeofwool.com\\\/\"},{\"@type\":\"ListItem\",\"position\":2,\"name\":\"Products\",\"item\":\"https:\\\/\\\/homeofwool.com\\\/header-search-2\\\/\"},{\"@type\":\"ListItem\",\"position\":3,\"name\":\"Triangular Back Cushion\"}]},{\"@type\":\"WebSite\",\"@id\":\"https:\\\/\\\/homeofwool.com\\\/#website\",\"url\":\"https:\\\/\\\/homeofwool.com\\\/\",\"name\":\"Home of Wool\",\"description\":\"\",\"publisher\":{\"@id\":\"https:\\\/\\\/homeofwool.com\\\/#organization\"},\"potentialAction\":[{\"@type\":\"SearchAction\",\"target\":{\"@type\":\"EntryPoint\",\"urlTemplate\":\"https:\\\/\\\/homeofwool.com\\\/?s={search_term_string}\"},\"query-input\":{\"@type\":\"PropertyValueSpecification\",\"valueRequired\":true,\"valueName\":\"search_term_string\"}}],\"inLanguage\":\"fr-FR\"},{\"@type\":\"Organization\",\"@id\":\"https:\\\/\\\/homeofwool.com\\\/#organization\",\"name\":\"Home of Wool\",\"url\":\"https:\\\/\\\/homeofwool.com\\\/\",\"logo\":{\"@type\":\"ImageObject\",\"inLanguage\":\"fr-FR\",\"@id\":\"https:\\\/\\\/homeofwool.com\\\/#\\\/schema\\\/logo\\\/image\\\/\",\"url\":\"https:\\\/\\\/homeofwool.com\\\/wp-content\\\/uploads\\\/2025\\\/09\\\/WhatsApp-Image-2025-12-02-at-16.23.20.jpeg\",\"contentUrl\":\"https:\\\/\\\/homeofwool.com\\\/wp-content\\\/uploads\\\/2025\\\/09\\\/WhatsApp-Image-2025-12-02-at-16.23.20.jpeg\",\"width\":700,\"height\":247,\"caption\":\"Home of Wool\"},\"image\":{\"@id\":\"https:\\\/\\\/homeofwool.com\\\/#\\\/schema\\\/logo\\\/image\\\/\"},\"sameAs\":[\"https:\\\/\\\/facebook.com\\\/HomeOfWoolOfficial\"]}]}<\/script>\n<!-- \/ Yoast SEO Premium plugin. -->","yoast_head_json":{"title":"Coussin triangulaire pour le dos \u2013 Oreiller pour le dos avec housse lavable | Home of Wool","description":"Soutenant et lavable, le coussin dorsal triangulaire est garni de laine respirante. Hypoallerg\u00e9nique et sans toxines, il assure un confort ergonomique et durable pour une utilisation \u00e0 long terme.","robots":{"index":"index","follow":"follow","max-snippet":"max-snippet:-1","max-image-preview":"max-image-preview:large","max-video-preview":"max-video-preview:-1"},"canonical":"https:\/\/homeofwool.com\/fr\/boutique\/coussin-triangulaire-pour-tete-de-lit\/","og_locale":"fr_FR","og_type":"article","og_title":"Triangular Back Cushion","og_description":"Supportive and washable, the Triangular Back Cushion features breathable wool filling. Hypoallergenic and toxin-free, it ensures ergonomic, sustainable comfort for long-lasting use.","og_url":"https:\/\/homeofwool.com\/fr\/boutique\/coussin-triangulaire-pour-tete-de-lit\/","og_site_name":"Home of Wool","article_publisher":"https:\/\/facebook.com\/HomeOfWoolOfficial","article_modified_time":"2026-02-11T10:47:55+00:00","og_image":[{"width":1600,"height":2000,"url":"https:\/\/homeofwool.com\/wp-content\/uploads\/2025\/09\/home-of-wool-triangular-back-cushion-1-main-3.jpg","type":"image\/jpeg"}],"twitter_card":"summary_large_image","twitter_misc":{"Dur\u00e9e de lecture estim\u00e9e":"1 minute"},"schema":{"@context":"https:\/\/schema.org","@graph":[{"@type":"WebPage","@id":"https:\/\/homeofwool.com\/shop\/triangular-headboard-cushion\/","url":"https:\/\/homeofwool.com\/shop\/triangular-headboard-cushion\/","name":"Coussin triangulaire pour le dos \u2013 Oreiller pour le dos avec housse lavable | Home of Wool","isPartOf":{"@id":"https:\/\/homeofwool.com\/#website"},"primaryImageOfPage":{"@id":"https:\/\/homeofwool.com\/shop\/triangular-headboard-cushion\/#primaryimage"},"image":{"@id":"https:\/\/homeofwool.com\/shop\/triangular-headboard-cushion\/#primaryimage"},"thumbnailUrl":"https:\/\/homeofwool.com\/wp-content\/uploads\/2025\/09\/home-of-wool-triangular-back-cushion-1-main-3.jpg","datePublished":"2025-09-02T12:01:16+00:00","dateModified":"2026-02-11T10:47:55+00:00","description":"Soutenant et lavable, le coussin dorsal triangulaire est garni de laine respirante. Hypoallerg\u00e9nique et sans toxines, il assure un confort ergonomique et durable pour une utilisation \u00e0 long terme.","breadcrumb":{"@id":"https:\/\/homeofwool.com\/shop\/triangular-headboard-cushion\/#breadcrumb"},"inLanguage":"fr-FR","potentialAction":[{"@type":"ReadAction","target":["https:\/\/homeofwool.com\/shop\/triangular-headboard-cushion\/"]}]},{"@type":"ImageObject","inLanguage":"fr-FR","@id":"https:\/\/homeofwool.com\/shop\/triangular-headboard-cushion\/#primaryimage","url":"https:\/\/homeofwool.com\/wp-content\/uploads\/2025\/09\/home-of-wool-triangular-back-cushion-1-main-3.jpg","contentUrl":"https:\/\/homeofwool.com\/wp-content\/uploads\/2025\/09\/home-of-wool-triangular-back-cushion-1-main-3.jpg","width":1600,"height":2000,"caption":"Triangular back cushion on a sofa against a wall"},{"@type":"BreadcrumbList","@id":"https:\/\/homeofwool.com\/shop\/triangular-headboard-cushion\/#breadcrumb","itemListElement":[{"@type":"ListItem","position":1,"name":"Home","item":"https:\/\/homeofwool.com\/"},{"@type":"ListItem","position":2,"name":"Products","item":"https:\/\/homeofwool.com\/header-search-2\/"},{"@type":"ListItem","position":3,"name":"Triangular Back Cushion"}]},{"@type":"WebSite","@id":"https:\/\/homeofwool.com\/#website","url":"https:\/\/homeofwool.com\/","name":"La maison de la laine","description":"","publisher":{"@id":"https:\/\/homeofwool.com\/#organization"},"potentialAction":[{"@type":"SearchAction","target":{"@type":"EntryPoint","urlTemplate":"https:\/\/homeofwool.com\/?s={search_term_string}"},"query-input":{"@type":"PropertyValueSpecification","valueRequired":true,"valueName":"search_term_string"}}],"inLanguage":"fr-FR"},{"@type":"Organization","@id":"https:\/\/homeofwool.com\/#organization","name":"La maison de la laine","url":"https:\/\/homeofwool.com\/","logo":{"@type":"ImageObject","inLanguage":"fr-FR","@id":"https:\/\/homeofwool.com\/#\/schema\/logo\/image\/","url":"https:\/\/homeofwool.com\/wp-content\/uploads\/2025\/09\/WhatsApp-Image-2025-12-02-at-16.23.20.jpeg","contentUrl":"https:\/\/homeofwool.com\/wp-content\/uploads\/2025\/09\/WhatsApp-Image-2025-12-02-at-16.23.20.jpeg","width":700,"height":247,"caption":"Home of Wool"},"image":{"@id":"https:\/\/homeofwool.com\/#\/schema\/logo\/image\/"},"sameAs":["https:\/\/facebook.com\/HomeOfWoolOfficial"]}]}},"_links":{"self":[{"href":"https:\/\/homeofwool.com\/fr\/wp-json\/wp\/v2\/product\/217587","targetHints":{"allow":["GET"]}}],"collection":[{"href":"https:\/\/homeofwool.com\/fr\/wp-json\/wp\/v2\/product"}],"about":[{"href":"https:\/\/homeofwool.com\/fr\/wp-json\/wp\/v2\/types\/product"}],"version-history":[{"count":2,"href":"https:\/\/homeofwool.com\/fr\/wp-json\/wp\/v2\/product\/217587\/revisions"}],"predecessor-version":[{"id":227639,"href":"https:\/\/homeofwool.com\/fr\/wp-json\/wp\/v2\/product\/217587\/revisions\/227639"}],"wp:featuredmedia":[{"embeddable":true,"href":"https:\/\/homeofwool.com\/fr\/wp-json\/wp\/v2\/media\/223608"}],"wp:attachment":[{"href":"https:\/\/homeofwool.com\/fr\/wp-json\/wp\/v2\/media?parent=217587"}],"wp:term":[{"taxonomy":"product_brand","embeddable":true,"href":"https:\/\/homeofwool.com\/fr\/wp-json\/wp\/v2\/product_brand?post=217587"},{"taxonomy":"product_cat","embeddable":true,"href":"https:\/\/homeofwool.com\/fr\/wp-json\/wp\/v2\/product_cat?post=217587"},{"taxonomy":"product_tag","embeddable":true,"href":"https:\/\/homeofwool.com\/fr\/wp-json\/wp\/v2\/product_tag?post=217587"}],"curies":[{"name":"wp","href":"https:\/\/api.w.org\/{rel}","templated":true}]}}