{"id":217585,"date":"2025-09-02T12:01:16","date_gmt":"2025-09-02T12:01:16","guid":{"rendered":"https:\/\/homeofwool.com\/?post_type=product&#038;p=217585"},"modified":"2026-03-10T08:45:32","modified_gmt":"2026-03-10T08:45:32","slug":"coussin-de-tete-de-lit-non-capitonne","status":"publish","type":"product","link":"https:\/\/homeofwool.com\/fr\/shop\/non-tufted-headboard-cushion\/","title":{"rendered":"Oreiller de t\u00eate de lit avec housse amovible"},"content":{"rendered":"<p>Cet oreiller artisanal pour t\u00eate de lit offre une alternative plus douce et plus saine \u00e0 une t\u00eate de lit standard. Rempli de pure laine et recouvert d'un tissu en coton biologique, en lin ou en laine, au choix, il offre un confort respirant en toute saison. Le rembourrage en laine est hypoallerg\u00e9nique et r\u00e9sistant aux acariens et aux bact\u00e9ries. Il est \u00e9galement exempt de produits chimiques. L'option la plus s\u00fbre pour les dormeurs sensibles. Chaque coussin de t\u00eate de lit est enti\u00e8rement personnalis\u00e9, con\u00e7u pour s'adapter \u00e0 la taille de votre lit et \u00e0 vos pr\u00e9f\u00e9rences en mati\u00e8re de fixation.<\/p>\n<p>Les options de fixation vous offrent une grande flexibilit\u00e9 pour am\u00e9nager n'importe quelle chambre \u00e0 coucher :<\/p>\n<p><strong>Poche<\/strong>: Facile \u00e0 glisser sur les t\u00eates de lit rectangulaires. Pour choisir la hauteur du coussin, l'id\u00e9al est de le poser sur le matelas, puis de mesurer la distance entre le matelas et le haut de votre t\u00eate de lit.<\/p>\n<p><strong>Cravates<\/strong>: Facile \u00e0 attacher \u00e0 une barre murale ou \u00e0 une t\u00eate de lit gr\u00e2ce \u00e0 sa conception horizontale sur le dessus. Paires de liens de 20 cm (8 po) de long, plac\u00e9s \u00e0 une distance de 15 \u00e0 20 cm (6 \u00e0 8 po). Crochets non inclus.<\/p>\n<p><strong>Rod<\/strong>: Id\u00e9al pour les lits sans t\u00eate de lit. Il vous suffit d'installer 2 crochets (pour les lits simples) ou 4 crochets (pour les lits doubles) sur votre mur. Nous fournissons la tringle, vous fournissez les crochets, car ceux-ci sont sp\u00e9cifiques au type de mur dont vous disposez. Les crochets doivent pouvoir accueillir une tringle de 12 mm (1\/2\u201d) de diam\u00e8tre.<\/p>\n<p><strong>Petits onglets<\/strong>: Facile \u00e0 enfiler sur tout type de barre, quel que soit son diam\u00e8tre. Tige non incluse.<\/p>\n<p><strong>Grands onglets<\/strong>: Facile \u00e0 enfiler sur tout type de barre, quel que soit son diam\u00e8tre. Tige non incluse.<\/p>\n<p>La housse amovible lavable ajoute \u00e0 la commodit\u00e9 et facilite l'entretien. Fabriqu\u00e9e sans mati\u00e8res synth\u00e9tiques ni retardateurs de flamme, cette t\u00eate de lit rembourr\u00e9e allie confort, fonctionnalit\u00e9 et durabilit\u00e9.<\/p>","protected":false},"excerpt":{"rendered":"<p>Le coussin de t\u00eate de lit artisanal est con\u00e7u pour apporter un confort naturel et un soutien respirant \u00e0 votre lit. Fabriqu\u00e9 \u00e0 partir de tissus biologiques et rembourr\u00e9 de pure laine, il sert de coussin moelleux pour la t\u00eate de lit et est dot\u00e9 d'une housse amovible pour un entretien facile. Chaque pi\u00e8ce est fabriqu\u00e9e sur mesure en fonction de la taille et de la configuration de votre lit.<\/p>\n<div class=\"global-icon-set\">\n<div class=\"global-icon-set__items\">\n<div class=\"global-icon-set__item\">\n<div class=\"global-icon-set__image\">\n                                    <img decoding=\"async\" src=\"https:\/\/homeofwool.com\/wp-content\/uploads\/2025\/09\/handmade-icon-300x300.png\" alt=\"ic\u00f4ne artisanale\" \/>\n                                <\/div>\n<div class=\"global-icon-set__title\">Fait \u00e0 la main<\/div>\n<\/p><\/div>\n<div class=\"global-icon-set__item\">\n<div class=\"global-icon-set__image\">\n                                    <img decoding=\"async\" src=\"https:\/\/homeofwool.com\/wp-content\/uploads\/2025\/09\/VOCs-min-300x300.png\" alt=\"vocs libre\" \/>\n                                <\/div>\n<div class=\"global-icon-set__title\">Sans COV<\/div>\n<\/p><\/div>\n<div class=\"global-icon-set__item\">\n<div class=\"global-icon-set__image\">\n                                    <img decoding=\"async\" src=\"https:\/\/homeofwool.com\/wp-content\/uploads\/2025\/09\/FR-min-300x300.png\" alt=\"ic\u00f4ne de r\u00e9sistance au feu\" \/>\n                                <\/div>\n<div class=\"global-icon-set__title\">R\u00e9sistant \u00e0 la flamme<\/div>\n<\/p><\/div>\n<div class=\"global-icon-set__item\">\n<div class=\"global-icon-set__image\">\n                                    <img decoding=\"async\" src=\"https:\/\/homeofwool.com\/wp-content\/uploads\/2025\/09\/Hypoallergenic-min-300x300.png\" alt=\"ic\u00f4ne hypoallerg\u00e9nique\" \/>\n                                <\/div>\n<div class=\"global-icon-set__title\">Hypoallerg\u00e9nique<\/div>\n<\/p><\/div>\n<div class=\"global-icon-set__item\">\n<div class=\"global-icon-set__image\">\n                                    <img decoding=\"async\" src=\"https:\/\/homeofwool.com\/wp-content\/uploads\/2025\/09\/free-of-synthetics-icon-300x300.png\" alt=\"sans mati\u00e8res synth\u00e9tiques ic\u00f4ne\" \/>\n                                <\/div>\n<div class=\"global-icon-set__title\">Sans mati\u00e8res synth\u00e9tiques<\/div>\n<\/p><\/div>\n<div class=\"global-icon-set__item\">\n<div class=\"global-icon-set__image\">\n                                    <img decoding=\"async\" src=\"https:\/\/homeofwool.com\/wp-content\/uploads\/2025\/09\/chemical-free-icon-300x300.png\" alt=\"ic\u00f4ne de l&#039;absence de produits chimiques\" \/>\n                                <\/div>\n<div class=\"global-icon-set__title\">Sans produits chimiques<\/div>\n<\/p><\/div>\n<div class=\"global-icon-set__item\">\n<div class=\"global-icon-set__image\">\n                                    <img decoding=\"async\" src=\"https:\/\/homeofwool.com\/wp-content\/uploads\/2025\/09\/anti-bacterial-icon-300x300.png\" alt=\"ic\u00f4ne anti-bact\u00e9rien\" \/>\n                                <\/div>\n<div class=\"global-icon-set__title\">Anti-microbien et anti-bact\u00e9rien<\/div>\n<\/p><\/div>\n<div class=\"global-icon-set__item\">\n<div class=\"global-icon-set__image\">\n                                    <img decoding=\"async\" src=\"https:\/\/homeofwool.com\/wp-content\/uploads\/2025\/09\/certified-materials-icon-300x300.png\" alt=\"ic\u00f4ne des mat\u00e9riaux certifi\u00e9s\" \/>\n                                <\/div>\n<div class=\"global-icon-set__title\">100% Mat\u00e9riaux certifi\u00e9s purs<\/div>\n<\/p><\/div>\n<\/p><\/div>\n<\/p><\/div>","protected":false},"featured_media":219731,"template":"","meta":{"_acf_changed":false},"product_brand":[],"product_cat":[30,396],"product_tag":[397,398,399,400,401,405,402,403,149],"class_list":{"0":"post-217585","1":"product","2":"type-product","3":"status-publish","4":"has-post-thumbnail","6":"product_cat-cushions","7":"product_cat-headboard-cushions","8":"product_tag-bed-headrest-pillow","9":"product_tag-buttoned-headboard","10":"product_tag-cushions-for-headboards","11":"product_tag-headboard-cover","12":"product_tag-headboard-cushion-design","13":"product_tag-headboard-cushion-for-wall","14":"product_tag-headboard-cushion-wall-pillow","15":"product_tag-headboard-cushion-with-ties","16":"product_tag-steps","18":"first","19":"instock","20":"shipping-taxable","21":"purchasable","22":"product-type-simple"},"acf":[],"yoast_head":"<!-- This site is optimized with the Yoast SEO Premium plugin v27.3 (Yoast SEO v27.3) - https:\/\/yoast.com\/product\/yoast-seo-premium-wordpress\/ -->\n<title>Headboard Pillow &amp; Cover \u2013 Custom Cushion Headboard | Home of Wool<\/title>\n<meta name=\"description\" content=\"Supportive and stylish, the Headboard Pillow &amp; Cover uses breathable wool filling. Hypoallergenic and toxin-free, it delivers sustainable, customizable comfort for bedroom design.\" \/>\n<meta name=\"robots\" content=\"index, follow, max-snippet:-1, max-image-preview:large, max-video-preview:-1\" \/>\n<link rel=\"canonical\" href=\"https:\/\/homeofwool.com\/fr\/boutique\/coussin-de-tete-de-lit-non-capitonne\/\" \/>\n<meta property=\"og:locale\" content=\"fr_FR\" \/>\n<meta property=\"og:type\" content=\"article\" \/>\n<meta property=\"og:title\" content=\"Headboard Pillow with Removable Cover\" \/>\n<meta property=\"og:description\" content=\"Supportive and stylish, the Headboard Pillow &amp; Cover uses breathable wool filling. Hypoallergenic and toxin-free, it delivers sustainable, customizable comfort for bedroom design.\" \/>\n<meta property=\"og:url\" content=\"https:\/\/homeofwool.com\/fr\/boutique\/coussin-de-tete-de-lit-non-capitonne\/\" \/>\n<meta property=\"og:site_name\" content=\"Home of Wool\" \/>\n<meta property=\"article:publisher\" content=\"https:\/\/facebook.com\/HomeOfWoolOfficial\" \/>\n<meta property=\"article:modified_time\" content=\"2026-03-10T08:45:32+00:00\" \/>\n<meta property=\"og:image\" content=\"https:\/\/homeofwool.com\/wp-content\/uploads\/2025\/09\/home-of-wool-headboard-pillow-with-removable-cover-1-main.jpg\" \/>\n\t<meta property=\"og:image:width\" content=\"2000\" \/>\n\t<meta property=\"og:image:height\" content=\"1600\" \/>\n\t<meta property=\"og:image:type\" content=\"image\/jpeg\" \/>\n<meta name=\"twitter:card\" content=\"summary_large_image\" \/>\n<meta name=\"twitter:label1\" content=\"Dur\u00e9e de lecture estim\u00e9e\" \/>\n\t<meta name=\"twitter:data1\" content=\"2 minutes\" \/>\n<script type=\"application\/ld+json\" class=\"yoast-schema-graph\">{\"@context\":\"https:\\\/\\\/schema.org\",\"@graph\":[{\"@type\":\"WebPage\",\"@id\":\"https:\\\/\\\/homeofwool.com\\\/shop\\\/non-tufted-headboard-cushion\\\/\",\"url\":\"https:\\\/\\\/homeofwool.com\\\/shop\\\/non-tufted-headboard-cushion\\\/\",\"name\":\"Headboard Pillow & Cover \u2013 Custom Cushion Headboard | Home of Wool\",\"isPartOf\":{\"@id\":\"https:\\\/\\\/homeofwool.com\\\/#website\"},\"primaryImageOfPage\":{\"@id\":\"https:\\\/\\\/homeofwool.com\\\/shop\\\/non-tufted-headboard-cushion\\\/#primaryimage\"},\"image\":{\"@id\":\"https:\\\/\\\/homeofwool.com\\\/shop\\\/non-tufted-headboard-cushion\\\/#primaryimage\"},\"thumbnailUrl\":\"https:\\\/\\\/homeofwool.com\\\/wp-content\\\/uploads\\\/2025\\\/09\\\/home-of-wool-headboard-pillow-with-removable-cover-1-main.jpg\",\"datePublished\":\"2025-09-02T12:01:16+00:00\",\"dateModified\":\"2026-03-10T08:45:32+00:00\",\"description\":\"Supportive and stylish, the Headboard Pillow & Cover uses breathable wool filling. Hypoallergenic and toxin-free, it delivers sustainable, customizable comfort for bedroom design.\",\"breadcrumb\":{\"@id\":\"https:\\\/\\\/homeofwool.com\\\/shop\\\/non-tufted-headboard-cushion\\\/#breadcrumb\"},\"inLanguage\":\"fr-FR\",\"potentialAction\":[{\"@type\":\"ReadAction\",\"target\":[\"https:\\\/\\\/homeofwool.com\\\/shop\\\/non-tufted-headboard-cushion\\\/\"]}]},{\"@type\":\"ImageObject\",\"inLanguage\":\"fr-FR\",\"@id\":\"https:\\\/\\\/homeofwool.com\\\/shop\\\/non-tufted-headboard-cushion\\\/#primaryimage\",\"url\":\"https:\\\/\\\/homeofwool.com\\\/wp-content\\\/uploads\\\/2025\\\/09\\\/home-of-wool-headboard-pillow-with-removable-cover-1-main.jpg\",\"contentUrl\":\"https:\\\/\\\/homeofwool.com\\\/wp-content\\\/uploads\\\/2025\\\/09\\\/home-of-wool-headboard-pillow-with-removable-cover-1-main.jpg\",\"width\":2000,\"height\":1600,\"caption\":\"home of wool headboard cushion in a stylish bedroom\"},{\"@type\":\"BreadcrumbList\",\"@id\":\"https:\\\/\\\/homeofwool.com\\\/shop\\\/non-tufted-headboard-cushion\\\/#breadcrumb\",\"itemListElement\":[{\"@type\":\"ListItem\",\"position\":1,\"name\":\"Home\",\"item\":\"https:\\\/\\\/homeofwool.com\\\/\"},{\"@type\":\"ListItem\",\"position\":2,\"name\":\"Products\",\"item\":\"https:\\\/\\\/homeofwool.com\\\/header-search-2\\\/\"},{\"@type\":\"ListItem\",\"position\":3,\"name\":\"Headboard Pillow with Removable Cover\"}]},{\"@type\":\"WebSite\",\"@id\":\"https:\\\/\\\/homeofwool.com\\\/#website\",\"url\":\"https:\\\/\\\/homeofwool.com\\\/\",\"name\":\"Home of Wool\",\"description\":\"\",\"publisher\":{\"@id\":\"https:\\\/\\\/homeofwool.com\\\/#organization\"},\"potentialAction\":[{\"@type\":\"SearchAction\",\"target\":{\"@type\":\"EntryPoint\",\"urlTemplate\":\"https:\\\/\\\/homeofwool.com\\\/?s={search_term_string}\"},\"query-input\":{\"@type\":\"PropertyValueSpecification\",\"valueRequired\":true,\"valueName\":\"search_term_string\"}}],\"inLanguage\":\"fr-FR\"},{\"@type\":\"Organization\",\"@id\":\"https:\\\/\\\/homeofwool.com\\\/#organization\",\"name\":\"Home of Wool\",\"url\":\"https:\\\/\\\/homeofwool.com\\\/\",\"logo\":{\"@type\":\"ImageObject\",\"inLanguage\":\"fr-FR\",\"@id\":\"https:\\\/\\\/homeofwool.com\\\/#\\\/schema\\\/logo\\\/image\\\/\",\"url\":\"https:\\\/\\\/homeofwool.com\\\/wp-content\\\/uploads\\\/2025\\\/09\\\/WhatsApp-Image-2025-12-02-at-16.23.20.jpeg\",\"contentUrl\":\"https:\\\/\\\/homeofwool.com\\\/wp-content\\\/uploads\\\/2025\\\/09\\\/WhatsApp-Image-2025-12-02-at-16.23.20.jpeg\",\"width\":700,\"height\":247,\"caption\":\"Home of Wool\"},\"image\":{\"@id\":\"https:\\\/\\\/homeofwool.com\\\/#\\\/schema\\\/logo\\\/image\\\/\"},\"sameAs\":[\"https:\\\/\\\/facebook.com\\\/HomeOfWoolOfficial\"]}]}<\/script>\n<!-- \/ Yoast SEO Premium plugin. -->","yoast_head_json":{"title":"T\u00eate de lit, coussin et housse \u2013 T\u00eate de lit avec coussin sur mesure | Home of Wool","description":"Confortable et \u00e9l\u00e9gant, le coussin et la housse de t\u00eate de lit sont rembourr\u00e9s de laine respirante. Hypoallerg\u00e9nique et sans toxines, il offre un confort durable et personnalisable pour la d\u00e9coration de votre chambre \u00e0 coucher.","robots":{"index":"index","follow":"follow","max-snippet":"max-snippet:-1","max-image-preview":"max-image-preview:large","max-video-preview":"max-video-preview:-1"},"canonical":"https:\/\/homeofwool.com\/fr\/boutique\/coussin-de-tete-de-lit-non-capitonne\/","og_locale":"fr_FR","og_type":"article","og_title":"Headboard Pillow with Removable Cover","og_description":"Supportive and stylish, the Headboard Pillow & Cover uses breathable wool filling. Hypoallergenic and toxin-free, it delivers sustainable, customizable comfort for bedroom design.","og_url":"https:\/\/homeofwool.com\/fr\/boutique\/coussin-de-tete-de-lit-non-capitonne\/","og_site_name":"Home of Wool","article_publisher":"https:\/\/facebook.com\/HomeOfWoolOfficial","article_modified_time":"2026-03-10T08:45:32+00:00","og_image":[{"width":2000,"height":1600,"url":"https:\/\/homeofwool.com\/wp-content\/uploads\/2025\/09\/home-of-wool-headboard-pillow-with-removable-cover-1-main.jpg","type":"image\/jpeg"}],"twitter_card":"summary_large_image","twitter_misc":{"Dur\u00e9e de lecture estim\u00e9e":"2 minutes"},"schema":{"@context":"https:\/\/schema.org","@graph":[{"@type":"WebPage","@id":"https:\/\/homeofwool.com\/shop\/non-tufted-headboard-cushion\/","url":"https:\/\/homeofwool.com\/shop\/non-tufted-headboard-cushion\/","name":"T\u00eate de lit, coussin et housse \u2013 T\u00eate de lit avec coussin sur mesure | Home of Wool","isPartOf":{"@id":"https:\/\/homeofwool.com\/#website"},"primaryImageOfPage":{"@id":"https:\/\/homeofwool.com\/shop\/non-tufted-headboard-cushion\/#primaryimage"},"image":{"@id":"https:\/\/homeofwool.com\/shop\/non-tufted-headboard-cushion\/#primaryimage"},"thumbnailUrl":"https:\/\/homeofwool.com\/wp-content\/uploads\/2025\/09\/home-of-wool-headboard-pillow-with-removable-cover-1-main.jpg","datePublished":"2025-09-02T12:01:16+00:00","dateModified":"2026-03-10T08:45:32+00:00","description":"Confortable et \u00e9l\u00e9gant, le coussin et la housse de t\u00eate de lit sont rembourr\u00e9s de laine respirante. Hypoallerg\u00e9nique et sans toxines, il offre un confort durable et personnalisable pour la d\u00e9coration de votre chambre \u00e0 coucher.","breadcrumb":{"@id":"https:\/\/homeofwool.com\/shop\/non-tufted-headboard-cushion\/#breadcrumb"},"inLanguage":"fr-FR","potentialAction":[{"@type":"ReadAction","target":["https:\/\/homeofwool.com\/shop\/non-tufted-headboard-cushion\/"]}]},{"@type":"ImageObject","inLanguage":"fr-FR","@id":"https:\/\/homeofwool.com\/shop\/non-tufted-headboard-cushion\/#primaryimage","url":"https:\/\/homeofwool.com\/wp-content\/uploads\/2025\/09\/home-of-wool-headboard-pillow-with-removable-cover-1-main.jpg","contentUrl":"https:\/\/homeofwool.com\/wp-content\/uploads\/2025\/09\/home-of-wool-headboard-pillow-with-removable-cover-1-main.jpg","width":2000,"height":1600,"caption":"home of wool headboard cushion in a stylish bedroom"},{"@type":"BreadcrumbList","@id":"https:\/\/homeofwool.com\/shop\/non-tufted-headboard-cushion\/#breadcrumb","itemListElement":[{"@type":"ListItem","position":1,"name":"Home","item":"https:\/\/homeofwool.com\/"},{"@type":"ListItem","position":2,"name":"Products","item":"https:\/\/homeofwool.com\/header-search-2\/"},{"@type":"ListItem","position":3,"name":"Headboard Pillow with Removable Cover"}]},{"@type":"WebSite","@id":"https:\/\/homeofwool.com\/#website","url":"https:\/\/homeofwool.com\/","name":"La maison de la laine","description":"","publisher":{"@id":"https:\/\/homeofwool.com\/#organization"},"potentialAction":[{"@type":"SearchAction","target":{"@type":"EntryPoint","urlTemplate":"https:\/\/homeofwool.com\/?s={search_term_string}"},"query-input":{"@type":"PropertyValueSpecification","valueRequired":true,"valueName":"search_term_string"}}],"inLanguage":"fr-FR"},{"@type":"Organization","@id":"https:\/\/homeofwool.com\/#organization","name":"La maison de la laine","url":"https:\/\/homeofwool.com\/","logo":{"@type":"ImageObject","inLanguage":"fr-FR","@id":"https:\/\/homeofwool.com\/#\/schema\/logo\/image\/","url":"https:\/\/homeofwool.com\/wp-content\/uploads\/2025\/09\/WhatsApp-Image-2025-12-02-at-16.23.20.jpeg","contentUrl":"https:\/\/homeofwool.com\/wp-content\/uploads\/2025\/09\/WhatsApp-Image-2025-12-02-at-16.23.20.jpeg","width":700,"height":247,"caption":"Home of Wool"},"image":{"@id":"https:\/\/homeofwool.com\/#\/schema\/logo\/image\/"},"sameAs":["https:\/\/facebook.com\/HomeOfWoolOfficial"]}]}},"_links":{"self":[{"href":"https:\/\/homeofwool.com\/fr\/wp-json\/wp\/v2\/product\/217585","targetHints":{"allow":["GET"]}}],"collection":[{"href":"https:\/\/homeofwool.com\/fr\/wp-json\/wp\/v2\/product"}],"about":[{"href":"https:\/\/homeofwool.com\/fr\/wp-json\/wp\/v2\/types\/product"}],"version-history":[{"count":1,"href":"https:\/\/homeofwool.com\/fr\/wp-json\/wp\/v2\/product\/217585\/revisions"}],"predecessor-version":[{"id":226710,"href":"https:\/\/homeofwool.com\/fr\/wp-json\/wp\/v2\/product\/217585\/revisions\/226710"}],"wp:featuredmedia":[{"embeddable":true,"href":"https:\/\/homeofwool.com\/fr\/wp-json\/wp\/v2\/media\/219731"}],"wp:attachment":[{"href":"https:\/\/homeofwool.com\/fr\/wp-json\/wp\/v2\/media?parent=217585"}],"wp:term":[{"taxonomy":"product_brand","embeddable":true,"href":"https:\/\/homeofwool.com\/fr\/wp-json\/wp\/v2\/product_brand?post=217585"},{"taxonomy":"product_cat","embeddable":true,"href":"https:\/\/homeofwool.com\/fr\/wp-json\/wp\/v2\/product_cat?post=217585"},{"taxonomy":"product_tag","embeddable":true,"href":"https:\/\/homeofwool.com\/fr\/wp-json\/wp\/v2\/product_tag?post=217585"}],"curies":[{"name":"wp","href":"https:\/\/api.w.org\/{rel}","templated":true}]}}