{"id":217581,"date":"2025-09-02T12:01:16","date_gmt":"2025-09-02T12:01:16","guid":{"rendered":"https:\/\/homeofwool.com\/?post_type=product&#038;p=217581"},"modified":"2026-02-17T10:35:27","modified_gmt":"2026-02-17T10:35:27","slug":"matelas-en-laine-2","status":"publish","type":"product","link":"https:\/\/homeofwool.com\/fr\/shop\/wool-mattress\/","title":{"rendered":"Matelas en laine"},"content":{"rendered":"<p>Ce matelas en laine fait main offre un confort et un soutien in\u00e9gal\u00e9s gr\u00e2ce \u00e0 ses couches de laine \u00e9lastique et immacul\u00e9e qui favorisent une posture saine et la r\u00e9gulation de la temp\u00e9rature, vous gardant au frais en \u00e9t\u00e9 et au chaud en hiver.<\/p>\n<p>Fabriqu\u00e9 \u00e0 partir de laine naturelle de premi\u00e8re qualit\u00e9, ce matelas offre un confort, une r\u00e9gulation thermique et un soutien exceptionnels. Naturellement hypoallerg\u00e9nique et exempt de produits chimiques synth\u00e9tiques ou de retardateurs de flamme, il constitue une alternative plus saine et plus \u00e9cologique pour un sommeil r\u00e9parateur et sans toxines. Id\u00e9ale en toutes saisons, la laine vous garde au frais en \u00e9t\u00e9 et au chaud en hiver, tout en \u00e9pousant d\u00e9licatement les contours de votre corps.<\/p>\n<p>Con\u00e7ue pour \u00e9pouser d\u00e9licatement les formes de votre corps tout en offrant un soutien ferme, la laine amortit les points de pression et favorise un bon alignement de la colonne vert\u00e9brale. Ses propri\u00e9t\u00e9s d'\u00e9vacuation de l'humidit\u00e9 et de r\u00e9gulation de la temp\u00e9rature garantissent un environnement de sommeil sec et confortable en toute saison, frais en \u00e9t\u00e9 et douillet en hiver. Naturellement hypoallerg\u00e9nique et r\u00e9sistante aux acariens, \u00e0 la moisissure et au mildiou, la laine est un excellent choix pour les personnes sensibles aux allergies ou pour tous ceux qui recherchent un sommeil plus sain et plus \u00e9cologique.<\/p>\n<p>Chaque matelas est fabriqu\u00e9 avec soin et souci du d\u00e9tail, \u00e0 partir de laine issue de sources \u00e9thiques et de mat\u00e9riaux durables. Que vous souhaitiez am\u00e9liorer votre sommeil ou adopter un mode de vie plus respectueux de l'environnement, notre matelas en laine vous offre un confort durable, une grande r\u00e9sistance et une tranquillit\u00e9 d'esprit, nuit apr\u00e8s nuit.<\/p>","protected":false},"excerpt":{"rendered":"<p>Profitez du sommeil que vous m\u00e9ritez sur un matelas en laine de luxe con\u00e7u pour votre sant\u00e9 et votre bien-\u00eatre. Offrant un soutien optimal pour un repos sans tension, un confort naturellement thermor\u00e9gulateur et une composition hypoallerg\u00e9nique sans COV, ce matelas en laine biologique cr\u00e9e une base pure pour un sommeil r\u00e9parateur et ininterrompu. \u00cates-vous pr\u00eat \u00e0 mieux dormir ?<\/p>\n<div class=\"global-icon-set\">\n<div class=\"global-icon-set__items\">\n<div class=\"global-icon-set__item\">\n<div class=\"global-icon-set__image\">\n                                    <img decoding=\"async\" src=\"https:\/\/homeofwool.com\/wp-content\/uploads\/2025\/09\/handmade-icon-300x300.png\" alt=\"ic\u00f4ne artisanale\" \/>\n                                <\/div>\n<div class=\"global-icon-set__title\">Fait \u00e0 la main<\/div>\n<\/p><\/div>\n<div class=\"global-icon-set__item\">\n<div class=\"global-icon-set__image\">\n                                    <img decoding=\"async\" src=\"https:\/\/homeofwool.com\/wp-content\/uploads\/2025\/09\/Isolates-Motion-Transfer-min-300x300.png\" alt=\"isole le transfert de mouvement\" \/>\n                                <\/div>\n<div class=\"global-icon-set__title\">Isolation du transfert de mouvement<\/div>\n<\/p><\/div>\n<div class=\"global-icon-set__item\">\n<div class=\"global-icon-set__image\">\n                                    <img decoding=\"async\" src=\"https:\/\/homeofwool.com\/wp-content\/uploads\/2025\/09\/Exceptionally-Supportive-min-300x300.png\" alt=\"ic\u00f4ne exceptionnellement encourageante\" \/>\n                                <\/div>\n<div class=\"global-icon-set__title\">Soutien exceptionnel<\/div>\n<\/p><\/div>\n<div class=\"global-icon-set__item\">\n<div class=\"global-icon-set__image\">\n                                    <img decoding=\"async\" src=\"https:\/\/homeofwool.com\/wp-content\/uploads\/2025\/09\/wicks-moisture-away-300x300.png\" alt=\"\u00e9vacue l&#039;humidit\u00e9\" \/>\n                                <\/div>\n<div class=\"global-icon-set__title\">Evacue l'humidit\u00e9<\/div>\n<\/p><\/div>\n<div class=\"global-icon-set__item\">\n<div class=\"global-icon-set__image\">\n                                    <img decoding=\"async\" src=\"https:\/\/homeofwool.com\/wp-content\/uploads\/2025\/09\/VOCs-min-300x300.png\" alt=\"vocs libre\" \/>\n                                <\/div>\n<div class=\"global-icon-set__title\">Sans COV<\/div>\n<\/p><\/div>\n<div class=\"global-icon-set__item\">\n<div class=\"global-icon-set__image\">\n                                    <img decoding=\"async\" src=\"https:\/\/homeofwool.com\/wp-content\/uploads\/2025\/09\/FR-min-300x300.png\" alt=\"ic\u00f4ne de r\u00e9sistance au feu\" \/>\n                                <\/div>\n<div class=\"global-icon-set__title\">R\u00e9sistant \u00e0 la flamme<\/div>\n<\/p><\/div>\n<div class=\"global-icon-set__item\">\n<div class=\"global-icon-set__image\">\n                                    <img decoding=\"async\" src=\"https:\/\/homeofwool.com\/wp-content\/uploads\/2025\/09\/Hypoallergenic-min-300x300.png\" alt=\"ic\u00f4ne hypoallerg\u00e9nique\" \/>\n                                <\/div>\n<div class=\"global-icon-set__title\">Hypoallerg\u00e9nique<\/div>\n<\/p><\/div>\n<div class=\"global-icon-set__item\">\n<div class=\"global-icon-set__image\">\n                                    <img decoding=\"async\" src=\"https:\/\/homeofwool.com\/wp-content\/uploads\/2025\/09\/free-of-synthetics-icon-300x300.png\" alt=\"sans mati\u00e8res synth\u00e9tiques ic\u00f4ne\" \/>\n                                <\/div>\n<div class=\"global-icon-set__title\">Sans mati\u00e8res synth\u00e9tiques<\/div>\n<\/p><\/div>\n<div class=\"global-icon-set__item\">\n<div class=\"global-icon-set__image\">\n                                    <img decoding=\"async\" src=\"https:\/\/homeofwool.com\/wp-content\/uploads\/2025\/09\/chemical-free-icon-300x300.png\" alt=\"ic\u00f4ne de l&#039;absence de produits chimiques\" \/>\n                                <\/div>\n<div class=\"global-icon-set__title\">Sans produits chimiques<\/div>\n<\/p><\/div>\n<div class=\"global-icon-set__item\">\n<div class=\"global-icon-set__image\">\n                                    <img decoding=\"async\" src=\"https:\/\/homeofwool.com\/wp-content\/uploads\/2025\/09\/anti-bacterial-icon-300x300.png\" alt=\"ic\u00f4ne anti-bact\u00e9rien\" \/>\n                                <\/div>\n<div class=\"global-icon-set__title\">Anti-microbien et anti-bact\u00e9rien<\/div>\n<\/p><\/div>\n<div class=\"global-icon-set__item\">\n<div class=\"global-icon-set__image\">\n                                    <img decoding=\"async\" src=\"https:\/\/homeofwool.com\/wp-content\/uploads\/2025\/09\/certified-materials-icon-300x300.png\" alt=\"ic\u00f4ne des mat\u00e9riaux certifi\u00e9s\" \/>\n                                <\/div>\n<div class=\"global-icon-set__title\">100% Mat\u00e9riaux certifi\u00e9s purs<\/div>\n<\/p><\/div>\n<\/p><\/div>\n<\/p><\/div>","protected":false},"featured_media":226165,"template":"","meta":{"_acf_changed":false},"product_brand":[],"product_cat":[252],"product_tag":[1371,175,176,177,178,385,179,180,386,181,182,183,52,184,185,186,187,188,189,190,191,192,193,194,195,387,196,197,198,199,149,200,201,202,203],"class_list":{"0":"post-217581","1":"product","2":"type-product","3":"status-publish","4":"has-post-thumbnail","6":"product_cat-mattresses","7":"product_tag-20off","8":"product_tag-affordable-natural-mattress","9":"product_tag-all-natural-futon","10":"product_tag-artisanal-mattress","11":"product_tag-bed-mattress","12":"product_tag-co-sleeping","13":"product_tag-double-mattress","14":"product_tag-extra-long-twin-mattress","15":"product_tag-family-bed","16":"product_tag-firm-mattress","17":"product_tag-floor-bed-mattress","18":"product_tag-french-antique-bed","19":"product_tag-french-mattress","20":"product_tag-full-size-mattress-set","21":"product_tag-handmade-mattress","22":"product_tag-hard-mattress","23":"product_tag-hypoallergenic-bed","24":"product_tag-low-voc-mattress","25":"product_tag-mattress-full","26":"product_tag-mattress-full-size","27":"product_tag-mattress-sets","28":"product_tag-mattress-without-flame-retardant","29":"product_tag-natural-mattress","30":"product_tag-organic-foldable-bed","31":"product_tag-organic-mattress","32":"product_tag-overlanding","33":"product_tag-queen-mattress","34":"product_tag-safe-mattresses","35":"product_tag-short-queen-mattress","36":"product_tag-single-mattress","37":"product_tag-steps","38":"product_tag-twin-bed-mattress","39":"product_tag-twin-mattress","40":"product_tag-twin-xl-mattress","41":"product_tag-wool-mattress","43":"first","44":"instock","45":"featured","46":"shipping-taxable","47":"purchasable","48":"product-type-simple"},"acf":[],"yoast_head":"<!-- This site is optimized with the Yoast SEO Premium plugin v27.3 (Yoast SEO v27.3) - https:\/\/yoast.com\/product\/yoast-seo-premium-wordpress\/ -->\n<title>Organic Wool Mattress \u2013 Hypoallergenic, Luxury Comfort | Home of Wool<\/title>\n<meta name=\"description\" content=\"The Organic Wool Mattress offers breathable, hypoallergenic comfort with toxin-free filling. Handmade with organic materials, it provides sustainable support for long-lasting, restful sleep.\" \/>\n<meta name=\"robots\" content=\"index, follow, max-snippet:-1, max-image-preview:large, max-video-preview:-1\" \/>\n<link rel=\"canonical\" href=\"https:\/\/homeofwool.com\/fr\/boutique\/matelas-en-laine-2\/\" \/>\n<meta property=\"og:locale\" content=\"fr_FR\" \/>\n<meta property=\"og:type\" content=\"article\" \/>\n<meta property=\"og:title\" content=\"Wool Mattress\" \/>\n<meta property=\"og:description\" content=\"The Organic Wool Mattress offers breathable, hypoallergenic comfort with toxin-free filling. Handmade with organic materials, it provides sustainable support for long-lasting, restful sleep.\" \/>\n<meta property=\"og:url\" content=\"https:\/\/homeofwool.com\/fr\/boutique\/matelas-en-laine-2\/\" \/>\n<meta property=\"og:site_name\" content=\"Home of Wool\" \/>\n<meta property=\"article:publisher\" content=\"https:\/\/facebook.com\/HomeOfWoolOfficial\" \/>\n<meta property=\"article:modified_time\" content=\"2026-02-17T10:35:27+00:00\" \/>\n<meta property=\"og:image\" content=\"https:\/\/homeofwool.com\/wp-content\/uploads\/2025\/09\/how-wool-mattress-main.jpg\" \/>\n\t<meta property=\"og:image:width\" content=\"1920\" \/>\n\t<meta property=\"og:image:height\" content=\"1536\" \/>\n\t<meta property=\"og:image:type\" content=\"image\/jpeg\" \/>\n<meta name=\"twitter:card\" content=\"summary_large_image\" \/>\n<meta name=\"twitter:label1\" content=\"Dur\u00e9e de lecture estim\u00e9e\" \/>\n\t<meta name=\"twitter:data1\" content=\"2 minutes\" \/>\n<script type=\"application\/ld+json\" class=\"yoast-schema-graph\">{\"@context\":\"https:\\\/\\\/schema.org\",\"@graph\":[{\"@type\":\"WebPage\",\"@id\":\"https:\\\/\\\/homeofwool.com\\\/shop\\\/wool-mattress\\\/\",\"url\":\"https:\\\/\\\/homeofwool.com\\\/shop\\\/wool-mattress\\\/\",\"name\":\"Organic Wool Mattress \u2013 Hypoallergenic, Luxury Comfort | Home of Wool\",\"isPartOf\":{\"@id\":\"https:\\\/\\\/homeofwool.com\\\/#website\"},\"primaryImageOfPage\":{\"@id\":\"https:\\\/\\\/homeofwool.com\\\/shop\\\/wool-mattress\\\/#primaryimage\"},\"image\":{\"@id\":\"https:\\\/\\\/homeofwool.com\\\/shop\\\/wool-mattress\\\/#primaryimage\"},\"thumbnailUrl\":\"https:\\\/\\\/homeofwool.com\\\/wp-content\\\/uploads\\\/2025\\\/09\\\/how-wool-mattress-main.jpg\",\"datePublished\":\"2025-09-02T12:01:16+00:00\",\"dateModified\":\"2026-02-17T10:35:27+00:00\",\"description\":\"The Organic Wool Mattress offers breathable, hypoallergenic comfort with toxin-free filling. Handmade with organic materials, it provides sustainable support for long-lasting, restful sleep.\",\"breadcrumb\":{\"@id\":\"https:\\\/\\\/homeofwool.com\\\/shop\\\/wool-mattress\\\/#breadcrumb\"},\"inLanguage\":\"fr-FR\",\"potentialAction\":[{\"@type\":\"ReadAction\",\"target\":[\"https:\\\/\\\/homeofwool.com\\\/shop\\\/wool-mattress\\\/\"]}]},{\"@type\":\"ImageObject\",\"inLanguage\":\"fr-FR\",\"@id\":\"https:\\\/\\\/homeofwool.com\\\/shop\\\/wool-mattress\\\/#primaryimage\",\"url\":\"https:\\\/\\\/homeofwool.com\\\/wp-content\\\/uploads\\\/2025\\\/09\\\/how-wool-mattress-main.jpg\",\"contentUrl\":\"https:\\\/\\\/homeofwool.com\\\/wp-content\\\/uploads\\\/2025\\\/09\\\/how-wool-mattress-main.jpg\",\"width\":1920,\"height\":1536,\"caption\":\"home of wool matress in 100% virgin wool fabric\"},{\"@type\":\"BreadcrumbList\",\"@id\":\"https:\\\/\\\/homeofwool.com\\\/shop\\\/wool-mattress\\\/#breadcrumb\",\"itemListElement\":[{\"@type\":\"ListItem\",\"position\":1,\"name\":\"Home\",\"item\":\"https:\\\/\\\/homeofwool.com\\\/\"},{\"@type\":\"ListItem\",\"position\":2,\"name\":\"Products\",\"item\":\"https:\\\/\\\/homeofwool.com\\\/header-search-2\\\/\"},{\"@type\":\"ListItem\",\"position\":3,\"name\":\"Wool Mattress\"}]},{\"@type\":\"WebSite\",\"@id\":\"https:\\\/\\\/homeofwool.com\\\/#website\",\"url\":\"https:\\\/\\\/homeofwool.com\\\/\",\"name\":\"Home of Wool\",\"description\":\"\",\"publisher\":{\"@id\":\"https:\\\/\\\/homeofwool.com\\\/#organization\"},\"potentialAction\":[{\"@type\":\"SearchAction\",\"target\":{\"@type\":\"EntryPoint\",\"urlTemplate\":\"https:\\\/\\\/homeofwool.com\\\/?s={search_term_string}\"},\"query-input\":{\"@type\":\"PropertyValueSpecification\",\"valueRequired\":true,\"valueName\":\"search_term_string\"}}],\"inLanguage\":\"fr-FR\"},{\"@type\":\"Organization\",\"@id\":\"https:\\\/\\\/homeofwool.com\\\/#organization\",\"name\":\"Home of Wool\",\"url\":\"https:\\\/\\\/homeofwool.com\\\/\",\"logo\":{\"@type\":\"ImageObject\",\"inLanguage\":\"fr-FR\",\"@id\":\"https:\\\/\\\/homeofwool.com\\\/#\\\/schema\\\/logo\\\/image\\\/\",\"url\":\"https:\\\/\\\/homeofwool.com\\\/wp-content\\\/uploads\\\/2025\\\/09\\\/WhatsApp-Image-2025-12-02-at-16.23.20.jpeg\",\"contentUrl\":\"https:\\\/\\\/homeofwool.com\\\/wp-content\\\/uploads\\\/2025\\\/09\\\/WhatsApp-Image-2025-12-02-at-16.23.20.jpeg\",\"width\":700,\"height\":247,\"caption\":\"Home of Wool\"},\"image\":{\"@id\":\"https:\\\/\\\/homeofwool.com\\\/#\\\/schema\\\/logo\\\/image\\\/\"},\"sameAs\":[\"https:\\\/\\\/facebook.com\\\/HomeOfWoolOfficial\"]}]}<\/script>\n<!-- \/ Yoast SEO Premium plugin. -->","yoast_head_json":{"title":"Matelas en laine biologique \u2013 Hypoallerg\u00e9nique, confort luxueux | Home of Wool","description":"Le matelas en laine biologique offre un confort respirant et hypoallerg\u00e9nique gr\u00e2ce \u00e0 son rembourrage sans toxines. Fabriqu\u00e9 \u00e0 la main \u00e0 partir de mat\u00e9riaux biologiques, il procure un soutien durable pour un sommeil r\u00e9parateur et durable.","robots":{"index":"index","follow":"follow","max-snippet":"max-snippet:-1","max-image-preview":"max-image-preview:large","max-video-preview":"max-video-preview:-1"},"canonical":"https:\/\/homeofwool.com\/fr\/boutique\/matelas-en-laine-2\/","og_locale":"fr_FR","og_type":"article","og_title":"Wool Mattress","og_description":"The Organic Wool Mattress offers breathable, hypoallergenic comfort with toxin-free filling. Handmade with organic materials, it provides sustainable support for long-lasting, restful sleep.","og_url":"https:\/\/homeofwool.com\/fr\/boutique\/matelas-en-laine-2\/","og_site_name":"Home of Wool","article_publisher":"https:\/\/facebook.com\/HomeOfWoolOfficial","article_modified_time":"2026-02-17T10:35:27+00:00","og_image":[{"width":1920,"height":1536,"url":"https:\/\/homeofwool.com\/wp-content\/uploads\/2025\/09\/how-wool-mattress-main.jpg","type":"image\/jpeg"}],"twitter_card":"summary_large_image","twitter_misc":{"Dur\u00e9e de lecture estim\u00e9e":"2 minutes"},"schema":{"@context":"https:\/\/schema.org","@graph":[{"@type":"WebPage","@id":"https:\/\/homeofwool.com\/shop\/wool-mattress\/","url":"https:\/\/homeofwool.com\/shop\/wool-mattress\/","name":"Matelas en laine biologique \u2013 Hypoallerg\u00e9nique, confort luxueux | Home of Wool","isPartOf":{"@id":"https:\/\/homeofwool.com\/#website"},"primaryImageOfPage":{"@id":"https:\/\/homeofwool.com\/shop\/wool-mattress\/#primaryimage"},"image":{"@id":"https:\/\/homeofwool.com\/shop\/wool-mattress\/#primaryimage"},"thumbnailUrl":"https:\/\/homeofwool.com\/wp-content\/uploads\/2025\/09\/how-wool-mattress-main.jpg","datePublished":"2025-09-02T12:01:16+00:00","dateModified":"2026-02-17T10:35:27+00:00","description":"Le matelas en laine biologique offre un confort respirant et hypoallerg\u00e9nique gr\u00e2ce \u00e0 son rembourrage sans toxines. Fabriqu\u00e9 \u00e0 la main \u00e0 partir de mat\u00e9riaux biologiques, il procure un soutien durable pour un sommeil r\u00e9parateur et durable.","breadcrumb":{"@id":"https:\/\/homeofwool.com\/shop\/wool-mattress\/#breadcrumb"},"inLanguage":"fr-FR","potentialAction":[{"@type":"ReadAction","target":["https:\/\/homeofwool.com\/shop\/wool-mattress\/"]}]},{"@type":"ImageObject","inLanguage":"fr-FR","@id":"https:\/\/homeofwool.com\/shop\/wool-mattress\/#primaryimage","url":"https:\/\/homeofwool.com\/wp-content\/uploads\/2025\/09\/how-wool-mattress-main.jpg","contentUrl":"https:\/\/homeofwool.com\/wp-content\/uploads\/2025\/09\/how-wool-mattress-main.jpg","width":1920,"height":1536,"caption":"home of wool matress in 100% virgin wool fabric"},{"@type":"BreadcrumbList","@id":"https:\/\/homeofwool.com\/shop\/wool-mattress\/#breadcrumb","itemListElement":[{"@type":"ListItem","position":1,"name":"Home","item":"https:\/\/homeofwool.com\/"},{"@type":"ListItem","position":2,"name":"Products","item":"https:\/\/homeofwool.com\/header-search-2\/"},{"@type":"ListItem","position":3,"name":"Wool Mattress"}]},{"@type":"WebSite","@id":"https:\/\/homeofwool.com\/#website","url":"https:\/\/homeofwool.com\/","name":"La maison de la laine","description":"","publisher":{"@id":"https:\/\/homeofwool.com\/#organization"},"potentialAction":[{"@type":"SearchAction","target":{"@type":"EntryPoint","urlTemplate":"https:\/\/homeofwool.com\/?s={search_term_string}"},"query-input":{"@type":"PropertyValueSpecification","valueRequired":true,"valueName":"search_term_string"}}],"inLanguage":"fr-FR"},{"@type":"Organization","@id":"https:\/\/homeofwool.com\/#organization","name":"La maison de la laine","url":"https:\/\/homeofwool.com\/","logo":{"@type":"ImageObject","inLanguage":"fr-FR","@id":"https:\/\/homeofwool.com\/#\/schema\/logo\/image\/","url":"https:\/\/homeofwool.com\/wp-content\/uploads\/2025\/09\/WhatsApp-Image-2025-12-02-at-16.23.20.jpeg","contentUrl":"https:\/\/homeofwool.com\/wp-content\/uploads\/2025\/09\/WhatsApp-Image-2025-12-02-at-16.23.20.jpeg","width":700,"height":247,"caption":"Home of Wool"},"image":{"@id":"https:\/\/homeofwool.com\/#\/schema\/logo\/image\/"},"sameAs":["https:\/\/facebook.com\/HomeOfWoolOfficial"]}]}},"_links":{"self":[{"href":"https:\/\/homeofwool.com\/fr\/wp-json\/wp\/v2\/product\/217581","targetHints":{"allow":["GET"]}}],"collection":[{"href":"https:\/\/homeofwool.com\/fr\/wp-json\/wp\/v2\/product"}],"about":[{"href":"https:\/\/homeofwool.com\/fr\/wp-json\/wp\/v2\/types\/product"}],"version-history":[{"count":2,"href":"https:\/\/homeofwool.com\/fr\/wp-json\/wp\/v2\/product\/217581\/revisions"}],"predecessor-version":[{"id":226152,"href":"https:\/\/homeofwool.com\/fr\/wp-json\/wp\/v2\/product\/217581\/revisions\/226152"}],"wp:featuredmedia":[{"embeddable":true,"href":"https:\/\/homeofwool.com\/fr\/wp-json\/wp\/v2\/media\/226165"}],"wp:attachment":[{"href":"https:\/\/homeofwool.com\/fr\/wp-json\/wp\/v2\/media?parent=217581"}],"wp:term":[{"taxonomy":"product_brand","embeddable":true,"href":"https:\/\/homeofwool.com\/fr\/wp-json\/wp\/v2\/product_brand?post=217581"},{"taxonomy":"product_cat","embeddable":true,"href":"https:\/\/homeofwool.com\/fr\/wp-json\/wp\/v2\/product_cat?post=217581"},{"taxonomy":"product_tag","embeddable":true,"href":"https:\/\/homeofwool.com\/fr\/wp-json\/wp\/v2\/product_tag?post=217581"}],"curies":[{"name":"wp","href":"https:\/\/api.w.org\/{rel}","templated":true}]}}