{"id":217566,"date":"2025-09-02T12:00:58","date_gmt":"2025-09-02T12:00:58","guid":{"rendered":"https:\/\/homeofwool.com\/?post_type=product&#038;p=217566"},"modified":"2026-02-11T10:48:06","modified_gmt":"2026-02-11T10:48:06","slug":"rembourrage-de-remplacement-pour-coussin-de-canape","status":"publish","type":"product","link":"https:\/\/homeofwool.com\/fr\/shop\/replacement-sofa-cushion-insert\/","title":{"rendered":"Remplacement de coussin de canap\u00e9"},"content":{"rendered":"<p>Le coussin de canap\u00e9 de remplacement Home of Wool est con\u00e7u pour offrir \u00e0 la fois confort et long\u00e9vit\u00e9. La laine \u00e0 l'int\u00e9rieur offre un soutien stable et s'adapte \u00e0 votre corps. Il est tr\u00e8s respirant et reste toujours frais et agr\u00e9able, m\u00eame si vous passez de longues heures \u00e0 vous d\u00e9tendre ou \u00e0 faire la sieste sur le canap\u00e9.<\/p>\n<p>Contrairement \u00e0 la mousse, elle ne lib\u00e8re pas de produits chimiques nocifs dans votre maison et ne se d\u00e9forme pas trop rapidement. La laine r\u00e9siste naturellement aux acariens et autres allerg\u00e8nes tels que la moisissure. Cela en fait le meilleur choix pour les personnes souffrant d'allergies. Elle est \u00e9galement parfaite pour les personnes souffrant de sensibilit\u00e9s chimiques multiples. L'insert est soigneusement tuft\u00e9 \u00e0 la main avec du fil de lin afin que le rembourrage reste bien en place, vous offrant un confort constant qui dure ann\u00e9e apr\u00e8s ann\u00e9e. Nous avons inclus un kit de r\u00e9paration gratuit afin que votre coussin puisse rester en service encore plus longtemps.<\/p>\n<p>Chaque coussin de canap\u00e9 est fabriqu\u00e9 \u00e0 la main selon vos mesures exactes, ce qui vous permet de remplacer un seul si\u00e8ge ou de redonner vie \u00e0 tout un canap\u00e9. Chaque rembourrage est fabriqu\u00e9 \u00e0 partir de mat\u00e9riaux renouvelables et biod\u00e9gradables, prouvant ainsi que le v\u00e9ritable confort peut \u00e9galement \u00eatre durable. Avec ce choix enti\u00e8rement naturel, vous apportez \u00e0 la fois confort et nature dans votre espace de vie.<\/p>","protected":false},"excerpt":{"rendered":"<p>Donnez un coup de jeune \u00e0 votre canap\u00e9 avec un coussin de remplacement \u00e0 la fois confortable et naturellement respirant. Chaque coussin est rembourr\u00e9 de pure laine, une alternative naturelle \u00e0 la mousse, plus saine pour vous et plus respectueuse de l'environnement.<\/p>\n<div class=\"global-icon-set\">\n<div class=\"global-icon-set__items\">\n<div class=\"global-icon-set__item\">\n<div class=\"global-icon-set__image\">\n                                    <img decoding=\"async\" src=\"https:\/\/homeofwool.com\/wp-content\/uploads\/2025\/09\/handmade-icon-300x300.png\" alt=\"ic\u00f4ne artisanale\" \/>\n                                <\/div>\n<div class=\"global-icon-set__title\">Fait \u00e0 la main<\/div>\n<\/p><\/div>\n<div class=\"global-icon-set__item\">\n<div class=\"global-icon-set__image\">\n                                    <img decoding=\"async\" src=\"https:\/\/homeofwool.com\/wp-content\/uploads\/2025\/09\/wicks-moisture-away-300x300.png\" alt=\"\u00e9vacue l&#039;humidit\u00e9\" \/>\n                                <\/div>\n<div class=\"global-icon-set__title\">Evacue l'humidit\u00e9<\/div>\n<\/p><\/div>\n<div class=\"global-icon-set__item\">\n<div class=\"global-icon-set__image\">\n                                    <img decoding=\"async\" src=\"https:\/\/homeofwool.com\/wp-content\/uploads\/2025\/09\/VOCs-min-300x300.png\" alt=\"vocs libre\" \/>\n                                <\/div>\n<div class=\"global-icon-set__title\">Sans COV<\/div>\n<\/p><\/div>\n<div class=\"global-icon-set__item\">\n<div class=\"global-icon-set__image\">\n                                    <img decoding=\"async\" src=\"https:\/\/homeofwool.com\/wp-content\/uploads\/2025\/09\/FR-min-300x300.png\" alt=\"ic\u00f4ne de r\u00e9sistance au feu\" \/>\n                                <\/div>\n<div class=\"global-icon-set__title\">R\u00e9sistant \u00e0 la flamme<\/div>\n<\/p><\/div>\n<div class=\"global-icon-set__item\">\n<div class=\"global-icon-set__image\">\n                                    <img decoding=\"async\" src=\"https:\/\/homeofwool.com\/wp-content\/uploads\/2025\/09\/Hypoallergenic-min-300x300.png\" alt=\"ic\u00f4ne hypoallerg\u00e9nique\" \/>\n                                <\/div>\n<div class=\"global-icon-set__title\">Hypoallerg\u00e9nique<\/div>\n<\/p><\/div>\n<div class=\"global-icon-set__item\">\n<div class=\"global-icon-set__image\">\n                                    <img decoding=\"async\" src=\"https:\/\/homeofwool.com\/wp-content\/uploads\/2025\/09\/free-of-synthetics-icon-300x300.png\" alt=\"sans mati\u00e8res synth\u00e9tiques ic\u00f4ne\" \/>\n                                <\/div>\n<div class=\"global-icon-set__title\">Sans mati\u00e8res synth\u00e9tiques<\/div>\n<\/p><\/div>\n<div class=\"global-icon-set__item\">\n<div class=\"global-icon-set__image\">\n                                    <img decoding=\"async\" src=\"https:\/\/homeofwool.com\/wp-content\/uploads\/2025\/09\/chemical-free-icon-300x300.png\" alt=\"ic\u00f4ne de l&#039;absence de produits chimiques\" \/>\n                                <\/div>\n<div class=\"global-icon-set__title\">Sans produits chimiques<\/div>\n<\/p><\/div>\n<div class=\"global-icon-set__item\">\n<div class=\"global-icon-set__image\">\n                                    <img decoding=\"async\" src=\"https:\/\/homeofwool.com\/wp-content\/uploads\/2025\/09\/anti-bacterial-icon-300x300.png\" alt=\"ic\u00f4ne anti-bact\u00e9rien\" \/>\n                                <\/div>\n<div class=\"global-icon-set__title\">Anti-microbien et anti-bact\u00e9rien<\/div>\n<\/p><\/div>\n<div class=\"global-icon-set__item\">\n<div class=\"global-icon-set__image\">\n                                    <img decoding=\"async\" src=\"https:\/\/homeofwool.com\/wp-content\/uploads\/2025\/09\/certified-materials-icon-300x300.png\" alt=\"ic\u00f4ne des mat\u00e9riaux certifi\u00e9s\" \/>\n                                <\/div>\n<div class=\"global-icon-set__title\">100% Mat\u00e9riaux certifi\u00e9s purs<\/div>\n<\/p><\/div>\n<\/p><\/div>\n<\/p><\/div>","protected":false},"featured_media":219775,"template":"","meta":{"_acf_changed":false},"product_brand":[],"product_cat":[30],"product_tag":[356,357,358,359,360,361,348,38,362,363,41,364,149],"class_list":{"0":"post-217566","1":"product","2":"type-product","3":"status-publish","4":"has-post-thumbnail","6":"product_cat-cushions","7":"product_tag-bottom-pillow-insert","8":"product_tag-couch-cushion-insert-banquette-cushion","9":"product_tag-couch-frame-pad","10":"product_tag-custom-kitchen-nook","11":"product_tag-diy-couch-cushion","12":"product_tag-natural-daybed-futon","13":"product_tag-reading-nook","14":"product_tag-replacement-cushions","15":"product_tag-replacement-indoor-couch-cushions","16":"product_tag-replacement-sofa-cushion-inserts","17":"product_tag-settee-cushions","18":"product_tag-sofa-sitting-cushion","19":"product_tag-steps","21":"first","22":"instock","23":"shipping-taxable","24":"purchasable","25":"product-type-simple"},"acf":[],"yoast_head":"<!-- This site is optimized with the Yoast SEO Premium plugin v27.3 (Yoast SEO v27.3) - https:\/\/yoast.com\/product\/yoast-seo-premium-wordpress\/ -->\n<title>Wool Replacement Couch Cushion Insert \u2013 All Natural | Home of Wool<\/title>\n<meta name=\"description\" content=\"Made with organic wool, the Wool Replacement Couch Cushion Insert provides breathable support. Hypoallergenic and toxin-free, it ensures sustainable comfort for everyday seating.\" \/>\n<meta name=\"robots\" content=\"index, follow, max-snippet:-1, max-image-preview:large, max-video-preview:-1\" \/>\n<link rel=\"canonical\" href=\"https:\/\/homeofwool.com\/fr\/boutique\/rembourrage-de-remplacement-pour-coussin-de-canape\/\" \/>\n<meta property=\"og:locale\" content=\"fr_FR\" \/>\n<meta property=\"og:type\" content=\"article\" \/>\n<meta property=\"og:title\" content=\"Replacement Couch Cushion Insert\" \/>\n<meta property=\"og:description\" content=\"Made with organic wool, the Wool Replacement Couch Cushion Insert provides breathable support. Hypoallergenic and toxin-free, it ensures sustainable comfort for everyday seating.\" \/>\n<meta property=\"og:url\" content=\"https:\/\/homeofwool.com\/fr\/boutique\/rembourrage-de-remplacement-pour-coussin-de-canape\/\" \/>\n<meta property=\"og:site_name\" content=\"Home of Wool\" \/>\n<meta property=\"article:publisher\" content=\"https:\/\/facebook.com\/HomeOfWoolOfficial\" \/>\n<meta property=\"article:modified_time\" content=\"2026-02-11T10:48:06+00:00\" \/>\n<meta property=\"og:image\" content=\"https:\/\/homeofwool.com\/wp-content\/uploads\/2025\/09\/home-of-wool-replacement-couch-cushion-insert-1-new.jpg\" \/>\n\t<meta property=\"og:image:width\" content=\"2000\" \/>\n\t<meta property=\"og:image:height\" content=\"1600\" \/>\n\t<meta property=\"og:image:type\" content=\"image\/jpeg\" \/>\n<meta name=\"twitter:card\" content=\"summary_large_image\" \/>\n<meta name=\"twitter:label1\" content=\"Dur\u00e9e de lecture estim\u00e9e\" \/>\n\t<meta name=\"twitter:data1\" content=\"2 minutes\" \/>\n<script type=\"application\/ld+json\" class=\"yoast-schema-graph\">{\"@context\":\"https:\\\/\\\/schema.org\",\"@graph\":[{\"@type\":\"WebPage\",\"@id\":\"https:\\\/\\\/homeofwool.com\\\/shop\\\/replacement-sofa-cushion-insert\\\/\",\"url\":\"https:\\\/\\\/homeofwool.com\\\/shop\\\/replacement-sofa-cushion-insert\\\/\",\"name\":\"Wool Replacement Couch Cushion Insert \u2013 All Natural | Home of Wool\",\"isPartOf\":{\"@id\":\"https:\\\/\\\/homeofwool.com\\\/#website\"},\"primaryImageOfPage\":{\"@id\":\"https:\\\/\\\/homeofwool.com\\\/shop\\\/replacement-sofa-cushion-insert\\\/#primaryimage\"},\"image\":{\"@id\":\"https:\\\/\\\/homeofwool.com\\\/shop\\\/replacement-sofa-cushion-insert\\\/#primaryimage\"},\"thumbnailUrl\":\"https:\\\/\\\/homeofwool.com\\\/wp-content\\\/uploads\\\/2025\\\/09\\\/home-of-wool-replacement-couch-cushion-insert-1-new.jpg\",\"datePublished\":\"2025-09-02T12:00:58+00:00\",\"dateModified\":\"2026-02-11T10:48:06+00:00\",\"description\":\"Made with organic wool, the Wool Replacement Couch Cushion Insert provides breathable support. Hypoallergenic and toxin-free, it ensures sustainable comfort for everyday seating.\",\"breadcrumb\":{\"@id\":\"https:\\\/\\\/homeofwool.com\\\/shop\\\/replacement-sofa-cushion-insert\\\/#breadcrumb\"},\"inLanguage\":\"fr-FR\",\"potentialAction\":[{\"@type\":\"ReadAction\",\"target\":[\"https:\\\/\\\/homeofwool.com\\\/shop\\\/replacement-sofa-cushion-insert\\\/\"]}]},{\"@type\":\"ImageObject\",\"inLanguage\":\"fr-FR\",\"@id\":\"https:\\\/\\\/homeofwool.com\\\/shop\\\/replacement-sofa-cushion-insert\\\/#primaryimage\",\"url\":\"https:\\\/\\\/homeofwool.com\\\/wp-content\\\/uploads\\\/2025\\\/09\\\/home-of-wool-replacement-couch-cushion-insert-1-new.jpg\",\"contentUrl\":\"https:\\\/\\\/homeofwool.com\\\/wp-content\\\/uploads\\\/2025\\\/09\\\/home-of-wool-replacement-couch-cushion-insert-1-new.jpg\",\"width\":2000,\"height\":1600,\"caption\":\"replacement cushion insert with wool filling\"},{\"@type\":\"BreadcrumbList\",\"@id\":\"https:\\\/\\\/homeofwool.com\\\/shop\\\/replacement-sofa-cushion-insert\\\/#breadcrumb\",\"itemListElement\":[{\"@type\":\"ListItem\",\"position\":1,\"name\":\"Home\",\"item\":\"https:\\\/\\\/homeofwool.com\\\/\"},{\"@type\":\"ListItem\",\"position\":2,\"name\":\"Products\",\"item\":\"https:\\\/\\\/homeofwool.com\\\/header-search-2\\\/\"},{\"@type\":\"ListItem\",\"position\":3,\"name\":\"Replacement Couch Cushion Insert\"}]},{\"@type\":\"WebSite\",\"@id\":\"https:\\\/\\\/homeofwool.com\\\/#website\",\"url\":\"https:\\\/\\\/homeofwool.com\\\/\",\"name\":\"Home of Wool\",\"description\":\"\",\"publisher\":{\"@id\":\"https:\\\/\\\/homeofwool.com\\\/#organization\"},\"potentialAction\":[{\"@type\":\"SearchAction\",\"target\":{\"@type\":\"EntryPoint\",\"urlTemplate\":\"https:\\\/\\\/homeofwool.com\\\/?s={search_term_string}\"},\"query-input\":{\"@type\":\"PropertyValueSpecification\",\"valueRequired\":true,\"valueName\":\"search_term_string\"}}],\"inLanguage\":\"fr-FR\"},{\"@type\":\"Organization\",\"@id\":\"https:\\\/\\\/homeofwool.com\\\/#organization\",\"name\":\"Home of Wool\",\"url\":\"https:\\\/\\\/homeofwool.com\\\/\",\"logo\":{\"@type\":\"ImageObject\",\"inLanguage\":\"fr-FR\",\"@id\":\"https:\\\/\\\/homeofwool.com\\\/#\\\/schema\\\/logo\\\/image\\\/\",\"url\":\"https:\\\/\\\/homeofwool.com\\\/wp-content\\\/uploads\\\/2025\\\/09\\\/WhatsApp-Image-2025-12-02-at-16.23.20.jpeg\",\"contentUrl\":\"https:\\\/\\\/homeofwool.com\\\/wp-content\\\/uploads\\\/2025\\\/09\\\/WhatsApp-Image-2025-12-02-at-16.23.20.jpeg\",\"width\":700,\"height\":247,\"caption\":\"Home of Wool\"},\"image\":{\"@id\":\"https:\\\/\\\/homeofwool.com\\\/#\\\/schema\\\/logo\\\/image\\\/\"},\"sameAs\":[\"https:\\\/\\\/facebook.com\\\/HomeOfWoolOfficial\"]}]}<\/script>\n<!-- \/ Yoast SEO Premium plugin. -->","yoast_head_json":{"title":"Remplacement en laine pour coussin de canap\u00e9 \u2013 Enti\u00e8rement naturel | Home of Wool","description":"Fabriqu\u00e9 \u00e0 partir de laine biologique, le coussin de remplacement pour canap\u00e9 offre un soutien respirant. Hypoallerg\u00e9nique et sans toxines, il garantit un confort durable pour un usage quotidien.","robots":{"index":"index","follow":"follow","max-snippet":"max-snippet:-1","max-image-preview":"max-image-preview:large","max-video-preview":"max-video-preview:-1"},"canonical":"https:\/\/homeofwool.com\/fr\/boutique\/rembourrage-de-remplacement-pour-coussin-de-canape\/","og_locale":"fr_FR","og_type":"article","og_title":"Replacement Couch Cushion Insert","og_description":"Made with organic wool, the Wool Replacement Couch Cushion Insert provides breathable support. Hypoallergenic and toxin-free, it ensures sustainable comfort for everyday seating.","og_url":"https:\/\/homeofwool.com\/fr\/boutique\/rembourrage-de-remplacement-pour-coussin-de-canape\/","og_site_name":"Home of Wool","article_publisher":"https:\/\/facebook.com\/HomeOfWoolOfficial","article_modified_time":"2026-02-11T10:48:06+00:00","og_image":[{"width":2000,"height":1600,"url":"https:\/\/homeofwool.com\/wp-content\/uploads\/2025\/09\/home-of-wool-replacement-couch-cushion-insert-1-new.jpg","type":"image\/jpeg"}],"twitter_card":"summary_large_image","twitter_misc":{"Dur\u00e9e de lecture estim\u00e9e":"2 minutes"},"schema":{"@context":"https:\/\/schema.org","@graph":[{"@type":"WebPage","@id":"https:\/\/homeofwool.com\/shop\/replacement-sofa-cushion-insert\/","url":"https:\/\/homeofwool.com\/shop\/replacement-sofa-cushion-insert\/","name":"Remplacement en laine pour coussin de canap\u00e9 \u2013 Enti\u00e8rement naturel | Home of Wool","isPartOf":{"@id":"https:\/\/homeofwool.com\/#website"},"primaryImageOfPage":{"@id":"https:\/\/homeofwool.com\/shop\/replacement-sofa-cushion-insert\/#primaryimage"},"image":{"@id":"https:\/\/homeofwool.com\/shop\/replacement-sofa-cushion-insert\/#primaryimage"},"thumbnailUrl":"https:\/\/homeofwool.com\/wp-content\/uploads\/2025\/09\/home-of-wool-replacement-couch-cushion-insert-1-new.jpg","datePublished":"2025-09-02T12:00:58+00:00","dateModified":"2026-02-11T10:48:06+00:00","description":"Fabriqu\u00e9 \u00e0 partir de laine biologique, le coussin de remplacement pour canap\u00e9 offre un soutien respirant. Hypoallerg\u00e9nique et sans toxines, il garantit un confort durable pour un usage quotidien.","breadcrumb":{"@id":"https:\/\/homeofwool.com\/shop\/replacement-sofa-cushion-insert\/#breadcrumb"},"inLanguage":"fr-FR","potentialAction":[{"@type":"ReadAction","target":["https:\/\/homeofwool.com\/shop\/replacement-sofa-cushion-insert\/"]}]},{"@type":"ImageObject","inLanguage":"fr-FR","@id":"https:\/\/homeofwool.com\/shop\/replacement-sofa-cushion-insert\/#primaryimage","url":"https:\/\/homeofwool.com\/wp-content\/uploads\/2025\/09\/home-of-wool-replacement-couch-cushion-insert-1-new.jpg","contentUrl":"https:\/\/homeofwool.com\/wp-content\/uploads\/2025\/09\/home-of-wool-replacement-couch-cushion-insert-1-new.jpg","width":2000,"height":1600,"caption":"replacement cushion insert with wool filling"},{"@type":"BreadcrumbList","@id":"https:\/\/homeofwool.com\/shop\/replacement-sofa-cushion-insert\/#breadcrumb","itemListElement":[{"@type":"ListItem","position":1,"name":"Home","item":"https:\/\/homeofwool.com\/"},{"@type":"ListItem","position":2,"name":"Products","item":"https:\/\/homeofwool.com\/header-search-2\/"},{"@type":"ListItem","position":3,"name":"Replacement Couch Cushion Insert"}]},{"@type":"WebSite","@id":"https:\/\/homeofwool.com\/#website","url":"https:\/\/homeofwool.com\/","name":"La maison de la laine","description":"","publisher":{"@id":"https:\/\/homeofwool.com\/#organization"},"potentialAction":[{"@type":"SearchAction","target":{"@type":"EntryPoint","urlTemplate":"https:\/\/homeofwool.com\/?s={search_term_string}"},"query-input":{"@type":"PropertyValueSpecification","valueRequired":true,"valueName":"search_term_string"}}],"inLanguage":"fr-FR"},{"@type":"Organization","@id":"https:\/\/homeofwool.com\/#organization","name":"La maison de la laine","url":"https:\/\/homeofwool.com\/","logo":{"@type":"ImageObject","inLanguage":"fr-FR","@id":"https:\/\/homeofwool.com\/#\/schema\/logo\/image\/","url":"https:\/\/homeofwool.com\/wp-content\/uploads\/2025\/09\/WhatsApp-Image-2025-12-02-at-16.23.20.jpeg","contentUrl":"https:\/\/homeofwool.com\/wp-content\/uploads\/2025\/09\/WhatsApp-Image-2025-12-02-at-16.23.20.jpeg","width":700,"height":247,"caption":"Home of Wool"},"image":{"@id":"https:\/\/homeofwool.com\/#\/schema\/logo\/image\/"},"sameAs":["https:\/\/facebook.com\/HomeOfWoolOfficial"]}]}},"_links":{"self":[{"href":"https:\/\/homeofwool.com\/fr\/wp-json\/wp\/v2\/product\/217566","targetHints":{"allow":["GET"]}}],"collection":[{"href":"https:\/\/homeofwool.com\/fr\/wp-json\/wp\/v2\/product"}],"about":[{"href":"https:\/\/homeofwool.com\/fr\/wp-json\/wp\/v2\/types\/product"}],"version-history":[{"count":1,"href":"https:\/\/homeofwool.com\/fr\/wp-json\/wp\/v2\/product\/217566\/revisions"}],"predecessor-version":[{"id":226724,"href":"https:\/\/homeofwool.com\/fr\/wp-json\/wp\/v2\/product\/217566\/revisions\/226724"}],"wp:featuredmedia":[{"embeddable":true,"href":"https:\/\/homeofwool.com\/fr\/wp-json\/wp\/v2\/media\/219775"}],"wp:attachment":[{"href":"https:\/\/homeofwool.com\/fr\/wp-json\/wp\/v2\/media?parent=217566"}],"wp:term":[{"taxonomy":"product_brand","embeddable":true,"href":"https:\/\/homeofwool.com\/fr\/wp-json\/wp\/v2\/product_brand?post=217566"},{"taxonomy":"product_cat","embeddable":true,"href":"https:\/\/homeofwool.com\/fr\/wp-json\/wp\/v2\/product_cat?post=217566"},{"taxonomy":"product_tag","embeddable":true,"href":"https:\/\/homeofwool.com\/fr\/wp-json\/wp\/v2\/product_tag?post=217566"}],"curies":[{"name":"wp","href":"https:\/\/api.w.org\/{rel}","templated":true}]}}