{"id":217563,"date":"2025-09-02T12:00:58","date_gmt":"2025-09-02T12:00:58","guid":{"rendered":"https:\/\/homeofwool.com\/?post_type=product&#038;p=217563"},"modified":"2026-02-11T10:48:04","modified_gmt":"2026-02-11T10:48:04","slug":"coussin-de-siege-capitonne","status":"publish","type":"product","link":"https:\/\/homeofwool.com\/fr\/shop\/tufted-seat-cushion\/","title":{"rendered":"Coussin de si\u00e8ge en laine touffue"},"content":{"rendered":"<p>La plupart des coussins pr\u00eats \u00e0 l'emploi sont trop petits, trop grands ou tout simplement de forme inadapt\u00e9e. Le coussin d'assise en laine capitonn\u00e9 r\u00e9sout ce probl\u00e8me en \u00e9tant enti\u00e8rement personnalisable. Que vous ayez besoin d'un simple rectangle ou d'un trap\u00e8ze pour un coin, vous pouvez obtenir la forme parfaite. Si vous avez besoin d'un mod\u00e8le encastr\u00e9 pour un banc int\u00e9gr\u00e9, nous avons \u00e9galement ce qu'il vous faut. Chaque coussin est fabriqu\u00e9 sur commande dans le but de s'adapter parfaitement. Vous choisissez le tissu, le passepoil et le motif de capitonnage. Vous pouvez m\u00eame d\u00e9cider de la finition des capitons. Les d\u00e9tails sont importants et, comme vous utiliserez le coussin pendant de nombreuses ann\u00e9es, il est essentiel pour nous de les adapter \u00e0 vos besoins.<\/p>\n<p>Le coussin est rembourr\u00e9 de pure laine, un mat\u00e9riau appr\u00e9ci\u00e9 par nos clients pour sa respirabilit\u00e9 et son confort. La laine offre un soutien optimal et un confort d'assise exceptionnel. Elle constitue une alternative plus saine aux mousses synth\u00e9tiques. Hypoallerg\u00e9nique, ce coussin r\u00e9siste aux acariens et convient aux personnes asthmatiques ou sensibles. Il est \u00e9galement exempt de tout produit chimique, pour la tranquillit\u00e9 d'esprit de tous les foyers. Le tuftage \u00e0 la main maintient la laine en place de mani\u00e8re uniforme et ajoute au caract\u00e8re intemporel et artisanal de ce coussin moderne en laine.<\/p>\n<p>L'entretien est simple. Il est recommand\u00e9 de nettoyer les taches localis\u00e9es. Pour ce faire, vous pouvez glisser un petit chiffon imperm\u00e9able \u00e0 l'int\u00e9rieur par la fermeture \u00e9clair afin de prot\u00e9ger le rembourrage. Pour rafra\u00eechir votre coussin, exposez-le au soleil et \u00e0 l'air frais pendant une heure ou deux, deux fois par an. En le retournant de temps en temps, votre coussin d'assise en laine conservera sa forme, son confort et sa beaut\u00e9 pendant de nombreuses ann\u00e9es, ce qui en fera un \u00e9l\u00e9ment durable de votre d\u00e9coration int\u00e9rieure \u00e9cologique.<\/p>","protected":false},"excerpt":{"rendered":"<p>Les coussins standard sont rarement parfaitement adapt\u00e9s. C'est pourquoi notre coussin d'assise en laine capitonn\u00e9 est enti\u00e8rement personnalisable. Vous choisissez la taille, la forme, le tissu et les d\u00e9tails de capitonnage de votre coussin d'assise ou de banc naturel. Il est fabriqu\u00e9 sur mesure pour votre espace. Avec sa garniture en pure laine, il est doux et offre un bon soutien, tout en apportant une touche raffin\u00e9e de d\u00e9coration int\u00e9rieure \u00e9cologique \u00e0 votre espace. Sans produits chimiques. Sans mati\u00e8res synth\u00e9tiques. Z\u00e9ro COV. Juste de la laine pure et des tissus naturels.<\/p>","protected":false},"featured_media":223635,"template":"","meta":{"_acf_changed":false},"product_brand":[],"product_cat":[30],"product_tag":[149],"class_list":{"0":"post-217563","1":"product","2":"type-product","3":"status-publish","4":"has-post-thumbnail","6":"product_cat-cushions","7":"product_tag-steps","9":"first","10":"instock","11":"shipping-taxable","12":"purchasable","13":"product-type-simple"},"acf":[],"yoast_head":"<!-- This site is optimized with the Yoast SEO Premium plugin v27.4 (Yoast SEO v27.4) - https:\/\/yoast.com\/product\/yoast-seo-premium-wordpress\/ -->\n<title>Wool Seat Cushion \u2013 Modern, Breathable &amp; Handmade | Home of Wool<\/title>\n<meta name=\"description\" content=\"Crafted with organic wool, the Wool Seat Cushion offers breathable, modern comfort. Toxin-free and hypoallergenic, it provides safe support and natural style for everyday seating.\" \/>\n<meta name=\"robots\" content=\"index, follow, max-snippet:-1, max-image-preview:large, max-video-preview:-1\" \/>\n<link rel=\"canonical\" href=\"https:\/\/homeofwool.com\/fr\/boutique\/coussin-de-siege-capitonne\/\" \/>\n<meta property=\"og:locale\" content=\"fr_FR\" \/>\n<meta property=\"og:type\" content=\"article\" \/>\n<meta property=\"og:title\" content=\"Tufted Wool Seat Cushion\" \/>\n<meta property=\"og:description\" content=\"Crafted with organic wool, the Wool Seat Cushion offers breathable, modern comfort. Toxin-free and hypoallergenic, it provides safe support and natural style for everyday seating.\" \/>\n<meta property=\"og:url\" content=\"https:\/\/homeofwool.com\/fr\/boutique\/coussin-de-siege-capitonne\/\" \/>\n<meta property=\"og:site_name\" content=\"Home of Wool\" \/>\n<meta property=\"article:publisher\" content=\"https:\/\/facebook.com\/HomeOfWoolOfficial\" \/>\n<meta property=\"article:modified_time\" content=\"2026-02-11T10:48:04+00:00\" \/>\n<meta property=\"og:image\" content=\"https:\/\/homeofwool.com\/wp-content\/uploads\/2025\/09\/home-of-wool-tufted-seat-cushion-1-main-1.jpg\" \/>\n\t<meta property=\"og:image:width\" content=\"1333\" \/>\n\t<meta property=\"og:image:height\" content=\"1066\" \/>\n\t<meta property=\"og:image:type\" content=\"image\/jpeg\" \/>\n<meta name=\"twitter:card\" content=\"summary_large_image\" \/>\n<meta name=\"twitter:label1\" content=\"Dur\u00e9e de lecture estim\u00e9e\" \/>\n\t<meta name=\"twitter:data1\" content=\"2 minutes\" \/>\n<script type=\"application\/ld+json\" class=\"yoast-schema-graph\">{\"@context\":\"https:\\\/\\\/schema.org\",\"@graph\":[{\"@type\":\"WebPage\",\"@id\":\"https:\\\/\\\/homeofwool.com\\\/shop\\\/tufted-seat-cushion\\\/\",\"url\":\"https:\\\/\\\/homeofwool.com\\\/shop\\\/tufted-seat-cushion\\\/\",\"name\":\"Wool Seat Cushion \u2013 Modern, Breathable & Handmade | Home of Wool\",\"isPartOf\":{\"@id\":\"https:\\\/\\\/homeofwool.com\\\/#website\"},\"primaryImageOfPage\":{\"@id\":\"https:\\\/\\\/homeofwool.com\\\/shop\\\/tufted-seat-cushion\\\/#primaryimage\"},\"image\":{\"@id\":\"https:\\\/\\\/homeofwool.com\\\/shop\\\/tufted-seat-cushion\\\/#primaryimage\"},\"thumbnailUrl\":\"https:\\\/\\\/homeofwool.com\\\/wp-content\\\/uploads\\\/2025\\\/09\\\/home-of-wool-tufted-seat-cushion-1-main-1.jpg\",\"datePublished\":\"2025-09-02T12:00:58+00:00\",\"dateModified\":\"2026-02-11T10:48:04+00:00\",\"description\":\"Crafted with organic wool, the Wool Seat Cushion offers breathable, modern comfort. Toxin-free and hypoallergenic, it provides safe support and natural style for everyday seating.\",\"breadcrumb\":{\"@id\":\"https:\\\/\\\/homeofwool.com\\\/shop\\\/tufted-seat-cushion\\\/#breadcrumb\"},\"inLanguage\":\"fr-FR\",\"potentialAction\":[{\"@type\":\"ReadAction\",\"target\":[\"https:\\\/\\\/homeofwool.com\\\/shop\\\/tufted-seat-cushion\\\/\"]}]},{\"@type\":\"ImageObject\",\"inLanguage\":\"fr-FR\",\"@id\":\"https:\\\/\\\/homeofwool.com\\\/shop\\\/tufted-seat-cushion\\\/#primaryimage\",\"url\":\"https:\\\/\\\/homeofwool.com\\\/wp-content\\\/uploads\\\/2025\\\/09\\\/home-of-wool-tufted-seat-cushion-1-main-1.jpg\",\"contentUrl\":\"https:\\\/\\\/homeofwool.com\\\/wp-content\\\/uploads\\\/2025\\\/09\\\/home-of-wool-tufted-seat-cushion-1-main-1.jpg\",\"width\":1333,\"height\":1066,\"caption\":\"wool tufted seat cushion on a bed\"},{\"@type\":\"BreadcrumbList\",\"@id\":\"https:\\\/\\\/homeofwool.com\\\/shop\\\/tufted-seat-cushion\\\/#breadcrumb\",\"itemListElement\":[{\"@type\":\"ListItem\",\"position\":1,\"name\":\"Home\",\"item\":\"https:\\\/\\\/homeofwool.com\\\/\"},{\"@type\":\"ListItem\",\"position\":2,\"name\":\"Products\",\"item\":\"https:\\\/\\\/homeofwool.com\\\/header-search-2\\\/\"},{\"@type\":\"ListItem\",\"position\":3,\"name\":\"Tufted Wool Seat Cushion\"}]},{\"@type\":\"WebSite\",\"@id\":\"https:\\\/\\\/homeofwool.com\\\/#website\",\"url\":\"https:\\\/\\\/homeofwool.com\\\/\",\"name\":\"Home of Wool\",\"description\":\"\",\"publisher\":{\"@id\":\"https:\\\/\\\/homeofwool.com\\\/#organization\"},\"potentialAction\":[{\"@type\":\"SearchAction\",\"target\":{\"@type\":\"EntryPoint\",\"urlTemplate\":\"https:\\\/\\\/homeofwool.com\\\/?s={search_term_string}\"},\"query-input\":{\"@type\":\"PropertyValueSpecification\",\"valueRequired\":true,\"valueName\":\"search_term_string\"}}],\"inLanguage\":\"fr-FR\"},{\"@type\":\"Organization\",\"@id\":\"https:\\\/\\\/homeofwool.com\\\/#organization\",\"name\":\"Home of Wool\",\"url\":\"https:\\\/\\\/homeofwool.com\\\/\",\"logo\":{\"@type\":\"ImageObject\",\"inLanguage\":\"fr-FR\",\"@id\":\"https:\\\/\\\/homeofwool.com\\\/#\\\/schema\\\/logo\\\/image\\\/\",\"url\":\"https:\\\/\\\/homeofwool.com\\\/wp-content\\\/uploads\\\/2025\\\/09\\\/WhatsApp-Image-2025-12-02-at-16.23.20.jpeg\",\"contentUrl\":\"https:\\\/\\\/homeofwool.com\\\/wp-content\\\/uploads\\\/2025\\\/09\\\/WhatsApp-Image-2025-12-02-at-16.23.20.jpeg\",\"width\":700,\"height\":247,\"caption\":\"Home of Wool\"},\"image\":{\"@id\":\"https:\\\/\\\/homeofwool.com\\\/#\\\/schema\\\/logo\\\/image\\\/\"},\"sameAs\":[\"https:\\\/\\\/facebook.com\\\/HomeOfWoolOfficial\"]}]}<\/script>\n<!-- \/ Yoast SEO Premium plugin. -->","yoast_head_json":{"title":"Coussin d'assise en laine \u2013 Moderne, respirant et fait main | Home of Wool","description":"Fabriqu\u00e9 \u00e0 partir de laine biologique, le coussin d'assise en laine offre un confort respirant et moderne. Sans toxines et hypoallerg\u00e9nique, il offre un soutien s\u00fbr et un style naturel pour s'asseoir au quotidien.","robots":{"index":"index","follow":"follow","max-snippet":"max-snippet:-1","max-image-preview":"max-image-preview:large","max-video-preview":"max-video-preview:-1"},"canonical":"https:\/\/homeofwool.com\/fr\/boutique\/coussin-de-siege-capitonne\/","og_locale":"fr_FR","og_type":"article","og_title":"Tufted Wool Seat Cushion","og_description":"Crafted with organic wool, the Wool Seat Cushion offers breathable, modern comfort. Toxin-free and hypoallergenic, it provides safe support and natural style for everyday seating.","og_url":"https:\/\/homeofwool.com\/fr\/boutique\/coussin-de-siege-capitonne\/","og_site_name":"Home of Wool","article_publisher":"https:\/\/facebook.com\/HomeOfWoolOfficial","article_modified_time":"2026-02-11T10:48:04+00:00","og_image":[{"width":1333,"height":1066,"url":"https:\/\/homeofwool.com\/wp-content\/uploads\/2025\/09\/home-of-wool-tufted-seat-cushion-1-main-1.jpg","type":"image\/jpeg"}],"twitter_card":"summary_large_image","twitter_misc":{"Dur\u00e9e de lecture estim\u00e9e":"2 minutes"},"schema":{"@context":"https:\/\/schema.org","@graph":[{"@type":"WebPage","@id":"https:\/\/homeofwool.com\/shop\/tufted-seat-cushion\/","url":"https:\/\/homeofwool.com\/shop\/tufted-seat-cushion\/","name":"Coussin d'assise en laine \u2013 Moderne, respirant et fait main | Home of Wool","isPartOf":{"@id":"https:\/\/homeofwool.com\/#website"},"primaryImageOfPage":{"@id":"https:\/\/homeofwool.com\/shop\/tufted-seat-cushion\/#primaryimage"},"image":{"@id":"https:\/\/homeofwool.com\/shop\/tufted-seat-cushion\/#primaryimage"},"thumbnailUrl":"https:\/\/homeofwool.com\/wp-content\/uploads\/2025\/09\/home-of-wool-tufted-seat-cushion-1-main-1.jpg","datePublished":"2025-09-02T12:00:58+00:00","dateModified":"2026-02-11T10:48:04+00:00","description":"Fabriqu\u00e9 \u00e0 partir de laine biologique, le coussin d'assise en laine offre un confort respirant et moderne. Sans toxines et hypoallerg\u00e9nique, il offre un soutien s\u00fbr et un style naturel pour s'asseoir au quotidien.","breadcrumb":{"@id":"https:\/\/homeofwool.com\/shop\/tufted-seat-cushion\/#breadcrumb"},"inLanguage":"fr-FR","potentialAction":[{"@type":"ReadAction","target":["https:\/\/homeofwool.com\/shop\/tufted-seat-cushion\/"]}]},{"@type":"ImageObject","inLanguage":"fr-FR","@id":"https:\/\/homeofwool.com\/shop\/tufted-seat-cushion\/#primaryimage","url":"https:\/\/homeofwool.com\/wp-content\/uploads\/2025\/09\/home-of-wool-tufted-seat-cushion-1-main-1.jpg","contentUrl":"https:\/\/homeofwool.com\/wp-content\/uploads\/2025\/09\/home-of-wool-tufted-seat-cushion-1-main-1.jpg","width":1333,"height":1066,"caption":"wool tufted seat cushion on a bed"},{"@type":"BreadcrumbList","@id":"https:\/\/homeofwool.com\/shop\/tufted-seat-cushion\/#breadcrumb","itemListElement":[{"@type":"ListItem","position":1,"name":"Home","item":"https:\/\/homeofwool.com\/"},{"@type":"ListItem","position":2,"name":"Products","item":"https:\/\/homeofwool.com\/header-search-2\/"},{"@type":"ListItem","position":3,"name":"Tufted Wool Seat Cushion"}]},{"@type":"WebSite","@id":"https:\/\/homeofwool.com\/#website","url":"https:\/\/homeofwool.com\/","name":"La maison de la laine","description":"","publisher":{"@id":"https:\/\/homeofwool.com\/#organization"},"potentialAction":[{"@type":"SearchAction","target":{"@type":"EntryPoint","urlTemplate":"https:\/\/homeofwool.com\/?s={search_term_string}"},"query-input":{"@type":"PropertyValueSpecification","valueRequired":true,"valueName":"search_term_string"}}],"inLanguage":"fr-FR"},{"@type":"Organization","@id":"https:\/\/homeofwool.com\/#organization","name":"La maison de la laine","url":"https:\/\/homeofwool.com\/","logo":{"@type":"ImageObject","inLanguage":"fr-FR","@id":"https:\/\/homeofwool.com\/#\/schema\/logo\/image\/","url":"https:\/\/homeofwool.com\/wp-content\/uploads\/2025\/09\/WhatsApp-Image-2025-12-02-at-16.23.20.jpeg","contentUrl":"https:\/\/homeofwool.com\/wp-content\/uploads\/2025\/09\/WhatsApp-Image-2025-12-02-at-16.23.20.jpeg","width":700,"height":247,"caption":"Home of Wool"},"image":{"@id":"https:\/\/homeofwool.com\/#\/schema\/logo\/image\/"},"sameAs":["https:\/\/facebook.com\/HomeOfWoolOfficial"]}]}},"_links":{"self":[{"href":"https:\/\/homeofwool.com\/fr\/wp-json\/wp\/v2\/product\/217563","targetHints":{"allow":["GET"]}}],"collection":[{"href":"https:\/\/homeofwool.com\/fr\/wp-json\/wp\/v2\/product"}],"about":[{"href":"https:\/\/homeofwool.com\/fr\/wp-json\/wp\/v2\/types\/product"}],"version-history":[{"count":1,"href":"https:\/\/homeofwool.com\/fr\/wp-json\/wp\/v2\/product\/217563\/revisions"}],"predecessor-version":[{"id":226723,"href":"https:\/\/homeofwool.com\/fr\/wp-json\/wp\/v2\/product\/217563\/revisions\/226723"}],"wp:featuredmedia":[{"embeddable":true,"href":"https:\/\/homeofwool.com\/fr\/wp-json\/wp\/v2\/media\/223635"}],"wp:attachment":[{"href":"https:\/\/homeofwool.com\/fr\/wp-json\/wp\/v2\/media?parent=217563"}],"wp:term":[{"taxonomy":"product_brand","embeddable":true,"href":"https:\/\/homeofwool.com\/fr\/wp-json\/wp\/v2\/product_brand?post=217563"},{"taxonomy":"product_cat","embeddable":true,"href":"https:\/\/homeofwool.com\/fr\/wp-json\/wp\/v2\/product_cat?post=217563"},{"taxonomy":"product_tag","embeddable":true,"href":"https:\/\/homeofwool.com\/fr\/wp-json\/wp\/v2\/product_tag?post=217563"}],"curies":[{"name":"wp","href":"https:\/\/api.w.org\/{rel}","templated":true}]}}