{"id":217556,"date":"2025-09-02T12:00:57","date_gmt":"2025-09-02T12:00:57","guid":{"rendered":"https:\/\/homeofwool.com\/?post_type=product&#038;p=217556"},"modified":"2026-02-09T10:09:23","modified_gmt":"2026-02-09T10:09:23","slug":"sac-de-couchage-en-laine-trek-pro","status":"publish","type":"product","link":"https:\/\/homeofwool.com\/fr\/shop\/wool-sleeping-bag-trek-pro\/","title":{"rendered":"Sac de couchage en laine \u2013 Trek Pro"},"content":{"rendered":"<p>Le sac de couchage Trek Pro allie confort raffin\u00e9 et fonctionnalit\u00e9 outdoor. Fabriqu\u00e9 en pure laine et doubl\u00e9 de soie de m\u00fbrier douce, il s'adapte d\u00e9licatement \u00e0 votre corps. Il vous garde au chaud lorsque l'air se rafra\u00eechit et laisse s'\u00e9chapper l'exc\u00e8s de chaleur lorsque ce n'est pas le cas. Lorsque le temps est plus chaud, vous restez confortablement au frais. Pas de transpiration, pas de surchauffe.<\/p>\n<p>Ce sac \u00e0 temp\u00e9rature r\u00e9gul\u00e9e g\u00e8re sans effort la chaleur et la circulation de l'air, tandis que le rembourrage en laine offre un excellent contr\u00f4le de l'humidit\u00e9 pour vous garder au sec et au frais, m\u00eame lors de longs voyages. Que vous dormiez dans une tente, un camping-car ou \u00e0 la belle \u00e9toile, il vous enveloppe d'un confort naturel qui vous procure une sensation de paix et de s\u00e9curit\u00e9.<\/p>\n<p>Chaque d\u00e9tail est con\u00e7u pour allier confort et fonctionnalit\u00e9 :<\/p>\n<ul>\n<li>Le tissu en soie de m\u00fbrier et la doublure en laine \u00e0 l'int\u00e9rieur de la capuche r\u00e9duisent le bruit et augmentent le confort.<\/li>\n<li>Capot fixe ou amovible en option<\/li>\n<li>Doublure en soie amovible en option pour plus de douceur et un nettoyage facile<\/li>\n<li>Cordon de serrage sur la capuche et col isolant pour un ajustement facile<\/li>\n<li>Poche int\u00e9rieure pour les petits objets essentiels<\/li>\n<li>Poche int\u00e9rieure suppl\u00e9mentaire pour ranger vos objets de valeur<\/li>\n<li>Boucles de suspension pour un s\u00e9chage rapide<\/li>\n<li>Sac de rangement compressible pour un stockage compact<\/li>\n<li>R\u00e9gulation climatique gr\u00e2ce \u00e0 une fermeture \u00e9clair centrale \u00e0 double sens<\/li>\n<li>La fermeture \u00e9clair YKK fluide emp\u00eache tout blocage<\/li>\n<li>Bo\u00eete \u00e0 pieds rectangulaire pour plus de confort sans poids suppl\u00e9mentaire<\/li>\n<\/ul>\n<p>Issu de notre collection camping Nomad Heat, ce sac de couchage hypoallerg\u00e9nique est enti\u00e8rement personnalisable. Chaque Trek Pro est fabriqu\u00e9 avec soin pour vous offrir un repos r\u00e9parateur, que vous campiez en montagne ou que vous vous reposiez dans votre camping-car au bord de la mer.<\/p>","protected":false},"excerpt":{"rendered":"<p>Dormez paisiblement o\u00f9 que vous soyez gr\u00e2ce au sac de couchage en laine Trek Pro. Fabriqu\u00e9 \u00e0 partir de pure laine et de soie de m\u00fbrier, ce sac de couchage en fibres naturelles vous garde au chaud, au sec et vous permet de vous reposer pleinement. Id\u00e9al pour les tentes, les camping-cars ou le camping en plein air avec un sac de bivouac, il allie r\u00e9gulation de la temp\u00e9rature, contr\u00f4le de l'humidit\u00e9 et confort silencieux pour un repos vraiment r\u00e9parateur.<\/p>","protected":false},"featured_media":225377,"template":"","meta":{"_acf_changed":false},"product_brand":[],"product_cat":[315,282],"product_tag":[],"class_list":{"0":"post-217556","1":"product","2":"type-product","3":"status-publish","4":"has-post-thumbnail","6":"product_cat-nomad-heat-sleeping-bags","7":"product_cat-overlanding-camping","9":"first","10":"instock","11":"shipping-taxable","12":"purchasable","13":"product-type-variable"},"acf":[],"yoast_head":"<!-- This site is optimized with the Yoast SEO Premium plugin v27.3 (Yoast SEO v27.3) - https:\/\/yoast.com\/product\/yoast-seo-premium-wordpress\/ -->\n<title>Sleeping Bag \u2013 Trek Pro, Temperature Regulation | Home of Wool<\/title>\n<meta name=\"description\" content=\"Temperature-regulating and hypoallergenic, the Sleeping Bag Trek Pro is filled with breathable wool. Toxin-free and sustainable, it ensures natural comfort during camping and travel.\" \/>\n<meta name=\"robots\" content=\"index, follow, max-snippet:-1, max-image-preview:large, max-video-preview:-1\" \/>\n<link rel=\"canonical\" href=\"https:\/\/homeofwool.com\/fr\/boutique\/sac-de-couchage-en-laine-trek-pro\/\" \/>\n<meta property=\"og:locale\" content=\"fr_FR\" \/>\n<meta property=\"og:type\" content=\"article\" \/>\n<meta property=\"og:title\" content=\"Wool Sleeping Bag \u2013 Trek Pro\" \/>\n<meta property=\"og:description\" content=\"Temperature-regulating and hypoallergenic, the Sleeping Bag Trek Pro is filled with breathable wool. Toxin-free and sustainable, it ensures natural comfort during camping and travel.\" \/>\n<meta property=\"og:url\" content=\"https:\/\/homeofwool.com\/fr\/boutique\/sac-de-couchage-en-laine-trek-pro\/\" \/>\n<meta property=\"og:site_name\" content=\"Home of Wool\" \/>\n<meta property=\"article:publisher\" content=\"https:\/\/facebook.com\/HomeOfWoolOfficial\" \/>\n<meta property=\"article:modified_time\" content=\"2026-02-09T10:09:23+00:00\" \/>\n<meta property=\"og:image\" content=\"https:\/\/homeofwool.com\/wp-content\/uploads\/2025\/09\/home-of-wool-wool-sleeping-bag-\u2013-trek-pro-1-main.jpg\" \/>\n\t<meta property=\"og:image:width\" content=\"1920\" \/>\n\t<meta property=\"og:image:height\" content=\"1536\" \/>\n\t<meta property=\"og:image:type\" content=\"image\/jpeg\" \/>\n<meta name=\"twitter:card\" content=\"summary_large_image\" \/>\n<meta name=\"twitter:label1\" content=\"Dur\u00e9e de lecture estim\u00e9e\" \/>\n\t<meta name=\"twitter:data1\" content=\"2 minutes\" \/>\n<script type=\"application\/ld+json\" class=\"yoast-schema-graph\">{\"@context\":\"https:\\\/\\\/schema.org\",\"@graph\":[{\"@type\":\"WebPage\",\"@id\":\"https:\\\/\\\/homeofwool.com\\\/shop\\\/wool-sleeping-bag-trek-pro\\\/\",\"url\":\"https:\\\/\\\/homeofwool.com\\\/shop\\\/wool-sleeping-bag-trek-pro\\\/\",\"name\":\"Sleeping Bag \u2013 Trek Pro, Temperature Regulation | Home of Wool\",\"isPartOf\":{\"@id\":\"https:\\\/\\\/homeofwool.com\\\/#website\"},\"primaryImageOfPage\":{\"@id\":\"https:\\\/\\\/homeofwool.com\\\/shop\\\/wool-sleeping-bag-trek-pro\\\/#primaryimage\"},\"image\":{\"@id\":\"https:\\\/\\\/homeofwool.com\\\/shop\\\/wool-sleeping-bag-trek-pro\\\/#primaryimage\"},\"thumbnailUrl\":\"https:\\\/\\\/homeofwool.com\\\/wp-content\\\/uploads\\\/2025\\\/09\\\/home-of-wool-wool-sleeping-bag-\u2013-trek-pro-1-main.jpg\",\"datePublished\":\"2025-09-02T12:00:57+00:00\",\"dateModified\":\"2026-02-09T10:09:23+00:00\",\"description\":\"Temperature-regulating and hypoallergenic, the Sleeping Bag Trek Pro is filled with breathable wool. Toxin-free and sustainable, it ensures natural comfort during camping and travel.\",\"breadcrumb\":{\"@id\":\"https:\\\/\\\/homeofwool.com\\\/shop\\\/wool-sleeping-bag-trek-pro\\\/#breadcrumb\"},\"inLanguage\":\"fr-FR\",\"potentialAction\":[{\"@type\":\"ReadAction\",\"target\":[\"https:\\\/\\\/homeofwool.com\\\/shop\\\/wool-sleeping-bag-trek-pro\\\/\"]}]},{\"@type\":\"ImageObject\",\"inLanguage\":\"fr-FR\",\"@id\":\"https:\\\/\\\/homeofwool.com\\\/shop\\\/wool-sleeping-bag-trek-pro\\\/#primaryimage\",\"url\":\"https:\\\/\\\/homeofwool.com\\\/wp-content\\\/uploads\\\/2025\\\/09\\\/home-of-wool-wool-sleeping-bag-\u2013-trek-pro-1-main.jpg\",\"contentUrl\":\"https:\\\/\\\/homeofwool.com\\\/wp-content\\\/uploads\\\/2025\\\/09\\\/home-of-wool-wool-sleeping-bag-\u2013-trek-pro-1-main.jpg\",\"width\":1920,\"height\":1536,\"caption\":\"trek pro sleeping bag with a person inside\"},{\"@type\":\"BreadcrumbList\",\"@id\":\"https:\\\/\\\/homeofwool.com\\\/shop\\\/wool-sleeping-bag-trek-pro\\\/#breadcrumb\",\"itemListElement\":[{\"@type\":\"ListItem\",\"position\":1,\"name\":\"Home\",\"item\":\"https:\\\/\\\/homeofwool.com\\\/\"},{\"@type\":\"ListItem\",\"position\":2,\"name\":\"Products\",\"item\":\"https:\\\/\\\/homeofwool.com\\\/header-search-2\\\/\"},{\"@type\":\"ListItem\",\"position\":3,\"name\":\"Wool Sleeping Bag \u2013 Trek Pro\"}]},{\"@type\":\"WebSite\",\"@id\":\"https:\\\/\\\/homeofwool.com\\\/#website\",\"url\":\"https:\\\/\\\/homeofwool.com\\\/\",\"name\":\"Home of Wool\",\"description\":\"\",\"publisher\":{\"@id\":\"https:\\\/\\\/homeofwool.com\\\/#organization\"},\"potentialAction\":[{\"@type\":\"SearchAction\",\"target\":{\"@type\":\"EntryPoint\",\"urlTemplate\":\"https:\\\/\\\/homeofwool.com\\\/?s={search_term_string}\"},\"query-input\":{\"@type\":\"PropertyValueSpecification\",\"valueRequired\":true,\"valueName\":\"search_term_string\"}}],\"inLanguage\":\"fr-FR\"},{\"@type\":\"Organization\",\"@id\":\"https:\\\/\\\/homeofwool.com\\\/#organization\",\"name\":\"Home of Wool\",\"url\":\"https:\\\/\\\/homeofwool.com\\\/\",\"logo\":{\"@type\":\"ImageObject\",\"inLanguage\":\"fr-FR\",\"@id\":\"https:\\\/\\\/homeofwool.com\\\/#\\\/schema\\\/logo\\\/image\\\/\",\"url\":\"https:\\\/\\\/homeofwool.com\\\/wp-content\\\/uploads\\\/2025\\\/09\\\/WhatsApp-Image-2025-12-02-at-16.23.20.jpeg\",\"contentUrl\":\"https:\\\/\\\/homeofwool.com\\\/wp-content\\\/uploads\\\/2025\\\/09\\\/WhatsApp-Image-2025-12-02-at-16.23.20.jpeg\",\"width\":700,\"height\":247,\"caption\":\"Home of Wool\"},\"image\":{\"@id\":\"https:\\\/\\\/homeofwool.com\\\/#\\\/schema\\\/logo\\\/image\\\/\"},\"sameAs\":[\"https:\\\/\\\/facebook.com\\\/HomeOfWoolOfficial\"]}]}<\/script>\n<!-- \/ Yoast SEO Premium plugin. -->","yoast_head_json":{"title":"Sac de couchage \u2013 Trek Pro, r\u00e9gulation de la temp\u00e9rature | Home of Wool","description":"R\u00e9gulateur de temp\u00e9rature et hypoallerg\u00e9nique, le sac de couchage Trek Pro est rembourr\u00e9 de laine respirante. Sans toxines et durable, il garantit un confort naturel pendant le camping et les voyages.","robots":{"index":"index","follow":"follow","max-snippet":"max-snippet:-1","max-image-preview":"max-image-preview:large","max-video-preview":"max-video-preview:-1"},"canonical":"https:\/\/homeofwool.com\/fr\/boutique\/sac-de-couchage-en-laine-trek-pro\/","og_locale":"fr_FR","og_type":"article","og_title":"Wool Sleeping Bag \u2013 Trek Pro","og_description":"Temperature-regulating and hypoallergenic, the Sleeping Bag Trek Pro is filled with breathable wool. Toxin-free and sustainable, it ensures natural comfort during camping and travel.","og_url":"https:\/\/homeofwool.com\/fr\/boutique\/sac-de-couchage-en-laine-trek-pro\/","og_site_name":"Home of Wool","article_publisher":"https:\/\/facebook.com\/HomeOfWoolOfficial","article_modified_time":"2026-02-09T10:09:23+00:00","og_image":[{"width":1920,"height":1536,"url":"https:\/\/homeofwool.com\/wp-content\/uploads\/2025\/09\/home-of-wool-wool-sleeping-bag-\u2013-trek-pro-1-main.jpg","type":"image\/jpeg"}],"twitter_card":"summary_large_image","twitter_misc":{"Dur\u00e9e de lecture estim\u00e9e":"2 minutes"},"schema":{"@context":"https:\/\/schema.org","@graph":[{"@type":"WebPage","@id":"https:\/\/homeofwool.com\/shop\/wool-sleeping-bag-trek-pro\/","url":"https:\/\/homeofwool.com\/shop\/wool-sleeping-bag-trek-pro\/","name":"Sac de couchage \u2013 Trek Pro, r\u00e9gulation de la temp\u00e9rature | Home of Wool","isPartOf":{"@id":"https:\/\/homeofwool.com\/#website"},"primaryImageOfPage":{"@id":"https:\/\/homeofwool.com\/shop\/wool-sleeping-bag-trek-pro\/#primaryimage"},"image":{"@id":"https:\/\/homeofwool.com\/shop\/wool-sleeping-bag-trek-pro\/#primaryimage"},"thumbnailUrl":"https:\/\/homeofwool.com\/wp-content\/uploads\/2025\/09\/home-of-wool-wool-sleeping-bag-\u2013-trek-pro-1-main.jpg","datePublished":"2025-09-02T12:00:57+00:00","dateModified":"2026-02-09T10:09:23+00:00","description":"R\u00e9gulateur de temp\u00e9rature et hypoallerg\u00e9nique, le sac de couchage Trek Pro est rembourr\u00e9 de laine respirante. Sans toxines et durable, il garantit un confort naturel pendant le camping et les voyages.","breadcrumb":{"@id":"https:\/\/homeofwool.com\/shop\/wool-sleeping-bag-trek-pro\/#breadcrumb"},"inLanguage":"fr-FR","potentialAction":[{"@type":"ReadAction","target":["https:\/\/homeofwool.com\/shop\/wool-sleeping-bag-trek-pro\/"]}]},{"@type":"ImageObject","inLanguage":"fr-FR","@id":"https:\/\/homeofwool.com\/shop\/wool-sleeping-bag-trek-pro\/#primaryimage","url":"https:\/\/homeofwool.com\/wp-content\/uploads\/2025\/09\/home-of-wool-wool-sleeping-bag-\u2013-trek-pro-1-main.jpg","contentUrl":"https:\/\/homeofwool.com\/wp-content\/uploads\/2025\/09\/home-of-wool-wool-sleeping-bag-\u2013-trek-pro-1-main.jpg","width":1920,"height":1536,"caption":"trek pro sleeping bag with a person inside"},{"@type":"BreadcrumbList","@id":"https:\/\/homeofwool.com\/shop\/wool-sleeping-bag-trek-pro\/#breadcrumb","itemListElement":[{"@type":"ListItem","position":1,"name":"Home","item":"https:\/\/homeofwool.com\/"},{"@type":"ListItem","position":2,"name":"Products","item":"https:\/\/homeofwool.com\/header-search-2\/"},{"@type":"ListItem","position":3,"name":"Wool Sleeping Bag \u2013 Trek Pro"}]},{"@type":"WebSite","@id":"https:\/\/homeofwool.com\/#website","url":"https:\/\/homeofwool.com\/","name":"La maison de la laine","description":"","publisher":{"@id":"https:\/\/homeofwool.com\/#organization"},"potentialAction":[{"@type":"SearchAction","target":{"@type":"EntryPoint","urlTemplate":"https:\/\/homeofwool.com\/?s={search_term_string}"},"query-input":{"@type":"PropertyValueSpecification","valueRequired":true,"valueName":"search_term_string"}}],"inLanguage":"fr-FR"},{"@type":"Organization","@id":"https:\/\/homeofwool.com\/#organization","name":"La maison de la laine","url":"https:\/\/homeofwool.com\/","logo":{"@type":"ImageObject","inLanguage":"fr-FR","@id":"https:\/\/homeofwool.com\/#\/schema\/logo\/image\/","url":"https:\/\/homeofwool.com\/wp-content\/uploads\/2025\/09\/WhatsApp-Image-2025-12-02-at-16.23.20.jpeg","contentUrl":"https:\/\/homeofwool.com\/wp-content\/uploads\/2025\/09\/WhatsApp-Image-2025-12-02-at-16.23.20.jpeg","width":700,"height":247,"caption":"Home of Wool"},"image":{"@id":"https:\/\/homeofwool.com\/#\/schema\/logo\/image\/"},"sameAs":["https:\/\/facebook.com\/HomeOfWoolOfficial"]}]}},"_links":{"self":[{"href":"https:\/\/homeofwool.com\/fr\/wp-json\/wp\/v2\/product\/217556","targetHints":{"allow":["GET"]}}],"collection":[{"href":"https:\/\/homeofwool.com\/fr\/wp-json\/wp\/v2\/product"}],"about":[{"href":"https:\/\/homeofwool.com\/fr\/wp-json\/wp\/v2\/types\/product"}],"version-history":[{"count":2,"href":"https:\/\/homeofwool.com\/fr\/wp-json\/wp\/v2\/product\/217556\/revisions"}],"predecessor-version":[{"id":228116,"href":"https:\/\/homeofwool.com\/fr\/wp-json\/wp\/v2\/product\/217556\/revisions\/228116"}],"wp:featuredmedia":[{"embeddable":true,"href":"https:\/\/homeofwool.com\/fr\/wp-json\/wp\/v2\/media\/225377"}],"wp:attachment":[{"href":"https:\/\/homeofwool.com\/fr\/wp-json\/wp\/v2\/media?parent=217556"}],"wp:term":[{"taxonomy":"product_brand","embeddable":true,"href":"https:\/\/homeofwool.com\/fr\/wp-json\/wp\/v2\/product_brand?post=217556"},{"taxonomy":"product_cat","embeddable":true,"href":"https:\/\/homeofwool.com\/fr\/wp-json\/wp\/v2\/product_cat?post=217556"},{"taxonomy":"product_tag","embeddable":true,"href":"https:\/\/homeofwool.com\/fr\/wp-json\/wp\/v2\/product_tag?post=217556"}],"curies":[{"name":"wp","href":"https:\/\/api.w.org\/{rel}","templated":true}]}}