{"id":217555,"date":"2025-09-02T12:00:57","date_gmt":"2025-09-02T12:00:57","guid":{"rendered":"https:\/\/homeofwool.com\/?post_type=product&#038;p=217555"},"modified":"2026-02-17T10:35:21","modified_gmt":"2026-02-17T10:35:21","slug":"sac-de-couchage-en-laine-camp","status":"publish","type":"product","link":"https:\/\/homeofwool.com\/fr\/shop\/wool-sleeping-bag-camp\/","title":{"rendered":"Sac de couchage en laine \u2013 Camp"},"content":{"rendered":"<p>Faites l'exp\u00e9rience d'un v\u00e9ritable confort en plein air avec notre sac de couchage en laine naturelle, con\u00e7u pour un repos paisible et r\u00e9parateur. \u00c0 l'int\u00e9rieur, la laine 100% offre une isolation douce qui s'adapte \u00e0 la temp\u00e9rature de votre corps, ce qui en fait un sac de couchage r\u00e9gulateur de temp\u00e9rature. Les qualit\u00e9s d'\u00e9vacuation de l'humidit\u00e9 et d'hypoallerg\u00e9nicit\u00e9 de la laine vous permettent de rester au sec, frais et sans irritation, m\u00eame pendant les longs voyages ou les nuits humides.<\/p>\n<p>L'enveloppe ext\u00e9rieure est cousue \u00e0 partir de lin durable certifi\u00e9 OEKO-TEX. \u00c0 l'int\u00e9rieur, la doublure en soie de m\u00fbrier est douce et apaisante pour la peau. Elle att\u00e9nue naturellement les bruits de froissement, vous aidant ainsi \u00e0 vous endormir sans \u00eatre d\u00e9rang\u00e9. Les d\u00e9tails apportent \u00e0 la fois confort et fonctionnalit\u00e9 :<\/p>\n<ul>\n<li>Le tissu en soie de m\u00fbrier naturelle et le rembourrage en laine \u00e0 l'int\u00e9rieur de la capuche r\u00e9duisent le bruit et augmentent le confort.<\/li>\n<li>Capot fixe ou amovible en option<\/li>\n<li>Cordon de serrage sur la capuche et col isolant pour un ajustement facile<\/li>\n<li>Pochette \u00e0 monnaie \u00e0 l'int\u00e9rieur<\/li>\n<li>Boucles d'a\u00e9ration suspendues<\/li>\n<li>Sac de compression<\/li>\n<li>R\u00e9gulation climatique gr\u00e2ce \u00e0 une fermeture \u00e9clair centrale \u00e0 double sens<\/li>\n<li>La fermeture \u00e0 glissi\u00e8re YKK emp\u00eache le blocage du mat\u00e9riel<\/li>\n<li>Poche int\u00e9rieure pour ranger les objets de valeur<\/li>\n<li>Bo\u00eete \u00e0 pieds rectangulaire pour plus de confort sans poids suppl\u00e9mentaire<\/li>\n<\/ul>\n<p>Ce sac de couchage hypoallerg\u00e9nique est enti\u00e8rement naturel et ne contient ni COV, ni HAP, ni produits synth\u00e9tiques ou chimiques. Lavable en machine et con\u00e7u pour durer, c'est le sac de camping en laine id\u00e9al pour les tentes et les camping-cars. \u00c0 l'ext\u00e9rieur, il faut toujours l'utiliser avec un sac de bivouac. Fabriqu\u00e9 avec soin et con\u00e7u pour durer, il vous permet de vous reposer en toute tranquillit\u00e9, quel que soit l'endroit o\u00f9 la nuit vous attend.<\/p>","protected":false},"excerpt":{"rendered":"<p>Dormez en toute s\u00e9r\u00e9nit\u00e9, o\u00f9 que vos voyages vous m\u00e8nent, gr\u00e2ce \u00e0 notre sac de couchage en laine naturelle, qui fait partie de notre collection Nomad Heat. Rempli de pure laine et dot\u00e9 d'une enveloppe en lin et d'une doublure en soie de m\u00fbrier, c'est un sac de couchage respirant qui vous garde bien au chaud, au sec et \u00e0 l'aise. C'est l'\u00e9quipement id\u00e9al pour les campeurs qui accordent de l'importance \u00e0 la sant\u00e9, au confort et \u00e0 la durabilit\u00e9. Il est enti\u00e8rement personnalisable et vous pouvez choisir le niveau de chaleur et la taille, entre autres d\u00e9tails.<\/p>","protected":false},"featured_media":225368,"template":"","meta":{"_acf_changed":false},"product_brand":[],"product_cat":[315,282],"product_tag":[],"class_list":{"0":"post-217555","1":"product","2":"type-product","3":"status-publish","4":"has-post-thumbnail","6":"product_cat-nomad-heat-sleeping-bags","7":"product_cat-overlanding-camping","9":"first","10":"instock","11":"shipping-taxable","12":"purchasable","13":"product-type-variable"},"acf":[],"yoast_head":"<!-- This site is optimized with the Yoast SEO Premium plugin v27.3 (Yoast SEO v27.3) - https:\/\/yoast.com\/product\/yoast-seo-premium-wordpress\/ -->\n<title>Sleeping Bag \u2013 Camp, Ultimate Camping Comfort | Home of Wool<\/title>\n<meta name=\"description\" content=\"The Sleeping Bag Camp is made with breathable wool for eco-friendly comfort. Hypoallergenic and toxin-free, it ensures sustainable, safe rest during outdoor trips and adventures.\" \/>\n<meta name=\"robots\" content=\"index, follow, max-snippet:-1, max-image-preview:large, max-video-preview:-1\" \/>\n<link rel=\"canonical\" href=\"https:\/\/homeofwool.com\/fr\/boutique\/sac-de-couchage-en-laine-camp\/\" \/>\n<meta property=\"og:locale\" content=\"fr_FR\" \/>\n<meta property=\"og:type\" content=\"article\" \/>\n<meta property=\"og:title\" content=\"Wool Sleeping Bag \u2013 Camp\" \/>\n<meta property=\"og:description\" content=\"The Sleeping Bag Camp is made with breathable wool for eco-friendly comfort. Hypoallergenic and toxin-free, it ensures sustainable, safe rest during outdoor trips and adventures.\" \/>\n<meta property=\"og:url\" content=\"https:\/\/homeofwool.com\/fr\/boutique\/sac-de-couchage-en-laine-camp\/\" \/>\n<meta property=\"og:site_name\" content=\"Home of Wool\" \/>\n<meta property=\"article:publisher\" content=\"https:\/\/facebook.com\/HomeOfWoolOfficial\" \/>\n<meta property=\"article:modified_time\" content=\"2026-02-17T10:35:21+00:00\" \/>\n<meta property=\"og:image\" content=\"https:\/\/homeofwool.com\/wp-content\/uploads\/2025\/09\/home-of-wool-wool-sleeping-bag-1-main-1.jpg\" \/>\n\t<meta property=\"og:image:width\" content=\"1920\" \/>\n\t<meta property=\"og:image:height\" content=\"1536\" \/>\n\t<meta property=\"og:image:type\" content=\"image\/jpeg\" \/>\n<meta name=\"twitter:card\" content=\"summary_large_image\" \/>\n<meta name=\"twitter:label1\" content=\"Dur\u00e9e de lecture estim\u00e9e\" \/>\n\t<meta name=\"twitter:data1\" content=\"2 minutes\" \/>\n<script type=\"application\/ld+json\" class=\"yoast-schema-graph\">{\"@context\":\"https:\\\/\\\/schema.org\",\"@graph\":[{\"@type\":\"WebPage\",\"@id\":\"https:\\\/\\\/homeofwool.com\\\/shop\\\/wool-sleeping-bag-camp\\\/\",\"url\":\"https:\\\/\\\/homeofwool.com\\\/shop\\\/wool-sleeping-bag-camp\\\/\",\"name\":\"Sleeping Bag \u2013 Camp, Ultimate Camping Comfort | Home of Wool\",\"isPartOf\":{\"@id\":\"https:\\\/\\\/homeofwool.com\\\/#website\"},\"primaryImageOfPage\":{\"@id\":\"https:\\\/\\\/homeofwool.com\\\/shop\\\/wool-sleeping-bag-camp\\\/#primaryimage\"},\"image\":{\"@id\":\"https:\\\/\\\/homeofwool.com\\\/shop\\\/wool-sleeping-bag-camp\\\/#primaryimage\"},\"thumbnailUrl\":\"https:\\\/\\\/homeofwool.com\\\/wp-content\\\/uploads\\\/2025\\\/09\\\/home-of-wool-wool-sleeping-bag-1-main-1.jpg\",\"datePublished\":\"2025-09-02T12:00:57+00:00\",\"dateModified\":\"2026-02-17T10:35:21+00:00\",\"description\":\"The Sleeping Bag Camp is made with breathable wool for eco-friendly comfort. Hypoallergenic and toxin-free, it ensures sustainable, safe rest during outdoor trips and adventures.\",\"breadcrumb\":{\"@id\":\"https:\\\/\\\/homeofwool.com\\\/shop\\\/wool-sleeping-bag-camp\\\/#breadcrumb\"},\"inLanguage\":\"fr-FR\",\"potentialAction\":[{\"@type\":\"ReadAction\",\"target\":[\"https:\\\/\\\/homeofwool.com\\\/shop\\\/wool-sleeping-bag-camp\\\/\"]}]},{\"@type\":\"ImageObject\",\"inLanguage\":\"fr-FR\",\"@id\":\"https:\\\/\\\/homeofwool.com\\\/shop\\\/wool-sleeping-bag-camp\\\/#primaryimage\",\"url\":\"https:\\\/\\\/homeofwool.com\\\/wp-content\\\/uploads\\\/2025\\\/09\\\/home-of-wool-wool-sleeping-bag-1-main-1.jpg\",\"contentUrl\":\"https:\\\/\\\/homeofwool.com\\\/wp-content\\\/uploads\\\/2025\\\/09\\\/home-of-wool-wool-sleeping-bag-1-main-1.jpg\",\"width\":1920,\"height\":1536,\"caption\":\"wool sleeping bag set with a bag\"},{\"@type\":\"BreadcrumbList\",\"@id\":\"https:\\\/\\\/homeofwool.com\\\/shop\\\/wool-sleeping-bag-camp\\\/#breadcrumb\",\"itemListElement\":[{\"@type\":\"ListItem\",\"position\":1,\"name\":\"Home\",\"item\":\"https:\\\/\\\/homeofwool.com\\\/\"},{\"@type\":\"ListItem\",\"position\":2,\"name\":\"Products\",\"item\":\"https:\\\/\\\/homeofwool.com\\\/header-search-2\\\/\"},{\"@type\":\"ListItem\",\"position\":3,\"name\":\"Wool Sleeping Bag \u2013 Camp\"}]},{\"@type\":\"WebSite\",\"@id\":\"https:\\\/\\\/homeofwool.com\\\/#website\",\"url\":\"https:\\\/\\\/homeofwool.com\\\/\",\"name\":\"Home of Wool\",\"description\":\"\",\"publisher\":{\"@id\":\"https:\\\/\\\/homeofwool.com\\\/#organization\"},\"potentialAction\":[{\"@type\":\"SearchAction\",\"target\":{\"@type\":\"EntryPoint\",\"urlTemplate\":\"https:\\\/\\\/homeofwool.com\\\/?s={search_term_string}\"},\"query-input\":{\"@type\":\"PropertyValueSpecification\",\"valueRequired\":true,\"valueName\":\"search_term_string\"}}],\"inLanguage\":\"fr-FR\"},{\"@type\":\"Organization\",\"@id\":\"https:\\\/\\\/homeofwool.com\\\/#organization\",\"name\":\"Home of Wool\",\"url\":\"https:\\\/\\\/homeofwool.com\\\/\",\"logo\":{\"@type\":\"ImageObject\",\"inLanguage\":\"fr-FR\",\"@id\":\"https:\\\/\\\/homeofwool.com\\\/#\\\/schema\\\/logo\\\/image\\\/\",\"url\":\"https:\\\/\\\/homeofwool.com\\\/wp-content\\\/uploads\\\/2025\\\/09\\\/WhatsApp-Image-2025-12-02-at-16.23.20.jpeg\",\"contentUrl\":\"https:\\\/\\\/homeofwool.com\\\/wp-content\\\/uploads\\\/2025\\\/09\\\/WhatsApp-Image-2025-12-02-at-16.23.20.jpeg\",\"width\":700,\"height\":247,\"caption\":\"Home of Wool\"},\"image\":{\"@id\":\"https:\\\/\\\/homeofwool.com\\\/#\\\/schema\\\/logo\\\/image\\\/\"},\"sameAs\":[\"https:\\\/\\\/facebook.com\\\/HomeOfWoolOfficial\"]}]}<\/script>\n<!-- \/ Yoast SEO Premium plugin. -->","yoast_head_json":{"title":"Sac de couchage - Camp, le confort ultime en camping | Home of Wool","description":"Le sac de couchage Camp est fabriqu\u00e9 en laine respirante pour un confort respectueux de l'environnement. Hypoallerg\u00e9nique et sans toxines, il garantit un repos durable et s\u00fbr lors des voyages et aventures en plein air.","robots":{"index":"index","follow":"follow","max-snippet":"max-snippet:-1","max-image-preview":"max-image-preview:large","max-video-preview":"max-video-preview:-1"},"canonical":"https:\/\/homeofwool.com\/fr\/boutique\/sac-de-couchage-en-laine-camp\/","og_locale":"fr_FR","og_type":"article","og_title":"Wool Sleeping Bag \u2013 Camp","og_description":"The Sleeping Bag Camp is made with breathable wool for eco-friendly comfort. Hypoallergenic and toxin-free, it ensures sustainable, safe rest during outdoor trips and adventures.","og_url":"https:\/\/homeofwool.com\/fr\/boutique\/sac-de-couchage-en-laine-camp\/","og_site_name":"Home of Wool","article_publisher":"https:\/\/facebook.com\/HomeOfWoolOfficial","article_modified_time":"2026-02-17T10:35:21+00:00","og_image":[{"width":1920,"height":1536,"url":"https:\/\/homeofwool.com\/wp-content\/uploads\/2025\/09\/home-of-wool-wool-sleeping-bag-1-main-1.jpg","type":"image\/jpeg"}],"twitter_card":"summary_large_image","twitter_misc":{"Dur\u00e9e de lecture estim\u00e9e":"2 minutes"},"schema":{"@context":"https:\/\/schema.org","@graph":[{"@type":"WebPage","@id":"https:\/\/homeofwool.com\/shop\/wool-sleeping-bag-camp\/","url":"https:\/\/homeofwool.com\/shop\/wool-sleeping-bag-camp\/","name":"Sac de couchage - Camp, le confort ultime en camping | Home of Wool","isPartOf":{"@id":"https:\/\/homeofwool.com\/#website"},"primaryImageOfPage":{"@id":"https:\/\/homeofwool.com\/shop\/wool-sleeping-bag-camp\/#primaryimage"},"image":{"@id":"https:\/\/homeofwool.com\/shop\/wool-sleeping-bag-camp\/#primaryimage"},"thumbnailUrl":"https:\/\/homeofwool.com\/wp-content\/uploads\/2025\/09\/home-of-wool-wool-sleeping-bag-1-main-1.jpg","datePublished":"2025-09-02T12:00:57+00:00","dateModified":"2026-02-17T10:35:21+00:00","description":"Le sac de couchage Camp est fabriqu\u00e9 en laine respirante pour un confort respectueux de l'environnement. Hypoallerg\u00e9nique et sans toxines, il garantit un repos durable et s\u00fbr lors des voyages et aventures en plein air.","breadcrumb":{"@id":"https:\/\/homeofwool.com\/shop\/wool-sleeping-bag-camp\/#breadcrumb"},"inLanguage":"fr-FR","potentialAction":[{"@type":"ReadAction","target":["https:\/\/homeofwool.com\/shop\/wool-sleeping-bag-camp\/"]}]},{"@type":"ImageObject","inLanguage":"fr-FR","@id":"https:\/\/homeofwool.com\/shop\/wool-sleeping-bag-camp\/#primaryimage","url":"https:\/\/homeofwool.com\/wp-content\/uploads\/2025\/09\/home-of-wool-wool-sleeping-bag-1-main-1.jpg","contentUrl":"https:\/\/homeofwool.com\/wp-content\/uploads\/2025\/09\/home-of-wool-wool-sleeping-bag-1-main-1.jpg","width":1920,"height":1536,"caption":"wool sleeping bag set with a bag"},{"@type":"BreadcrumbList","@id":"https:\/\/homeofwool.com\/shop\/wool-sleeping-bag-camp\/#breadcrumb","itemListElement":[{"@type":"ListItem","position":1,"name":"Home","item":"https:\/\/homeofwool.com\/"},{"@type":"ListItem","position":2,"name":"Products","item":"https:\/\/homeofwool.com\/header-search-2\/"},{"@type":"ListItem","position":3,"name":"Wool Sleeping Bag \u2013 Camp"}]},{"@type":"WebSite","@id":"https:\/\/homeofwool.com\/#website","url":"https:\/\/homeofwool.com\/","name":"La maison de la laine","description":"","publisher":{"@id":"https:\/\/homeofwool.com\/#organization"},"potentialAction":[{"@type":"SearchAction","target":{"@type":"EntryPoint","urlTemplate":"https:\/\/homeofwool.com\/?s={search_term_string}"},"query-input":{"@type":"PropertyValueSpecification","valueRequired":true,"valueName":"search_term_string"}}],"inLanguage":"fr-FR"},{"@type":"Organization","@id":"https:\/\/homeofwool.com\/#organization","name":"La maison de la laine","url":"https:\/\/homeofwool.com\/","logo":{"@type":"ImageObject","inLanguage":"fr-FR","@id":"https:\/\/homeofwool.com\/#\/schema\/logo\/image\/","url":"https:\/\/homeofwool.com\/wp-content\/uploads\/2025\/09\/WhatsApp-Image-2025-12-02-at-16.23.20.jpeg","contentUrl":"https:\/\/homeofwool.com\/wp-content\/uploads\/2025\/09\/WhatsApp-Image-2025-12-02-at-16.23.20.jpeg","width":700,"height":247,"caption":"Home of Wool"},"image":{"@id":"https:\/\/homeofwool.com\/#\/schema\/logo\/image\/"},"sameAs":["https:\/\/facebook.com\/HomeOfWoolOfficial"]}]}},"_links":{"self":[{"href":"https:\/\/homeofwool.com\/fr\/wp-json\/wp\/v2\/product\/217555","targetHints":{"allow":["GET"]}}],"collection":[{"href":"https:\/\/homeofwool.com\/fr\/wp-json\/wp\/v2\/product"}],"about":[{"href":"https:\/\/homeofwool.com\/fr\/wp-json\/wp\/v2\/types\/product"}],"version-history":[{"count":2,"href":"https:\/\/homeofwool.com\/fr\/wp-json\/wp\/v2\/product\/217555\/revisions"}],"predecessor-version":[{"id":228096,"href":"https:\/\/homeofwool.com\/fr\/wp-json\/wp\/v2\/product\/217555\/revisions\/228096"}],"wp:featuredmedia":[{"embeddable":true,"href":"https:\/\/homeofwool.com\/fr\/wp-json\/wp\/v2\/media\/225368"}],"wp:attachment":[{"href":"https:\/\/homeofwool.com\/fr\/wp-json\/wp\/v2\/media?parent=217555"}],"wp:term":[{"taxonomy":"product_brand","embeddable":true,"href":"https:\/\/homeofwool.com\/fr\/wp-json\/wp\/v2\/product_brand?post=217555"},{"taxonomy":"product_cat","embeddable":true,"href":"https:\/\/homeofwool.com\/fr\/wp-json\/wp\/v2\/product_cat?post=217555"},{"taxonomy":"product_tag","embeddable":true,"href":"https:\/\/homeofwool.com\/fr\/wp-json\/wp\/v2\/product_tag?post=217555"}],"curies":[{"name":"wp","href":"https:\/\/api.w.org\/{rel}","templated":true}]}}