{"id":217551,"date":"2025-09-02T12:00:57","date_gmt":"2025-09-02T12:00:57","guid":{"rendered":"https:\/\/homeofwool.com\/?post_type=product&#038;p=217551"},"modified":"2026-02-11T10:35:45","modified_gmt":"2026-02-11T10:35:45","slug":"coussin-pour-chaise-poang-avec-housse","status":"publish","type":"product","link":"https:\/\/homeofwool.com\/fr\/shop\/poang-chair-cushion-with-cover\/","title":{"rendered":"Coussin pour fauteuil \u00e0 bascule avec housse amovible \u2013 Pour Ikea Poang"},"content":{"rendered":"<p class=\"ql-block\" data-block-id=\"block-41ccd748-f0db-4651-a1d1-9e42cb799425\">Apportez un confort durable et une hygi\u00e8ne irr\u00e9prochable \u00e0 votre int\u00e9rieur gr\u00e2ce \u00e0 ce coussin en mati\u00e8re naturelle con\u00e7u pour l'embl\u00e9matique fauteuil Poang d'Ikea. Rembourr\u00e9 de pure laine et recouvert de coton biologique, ce coussin en laine r\u00e9sistant vous offre soutien et confort. Contrairement aux mousses synth\u00e9tiques, cet accessoire pour fauteuil est non toxique. Il ne contient aucun retardateur de flamme ni COV. Il est parfaitement s\u00fbr pour les enfants et les personnes allergiques.<\/p>\n<p class=\"ql-block\" data-block-id=\"block-0110cf67-672f-4259-aa40-ed43ac1b458c\">Les housses amovibles facilitent le lavage, tandis que les inserts en laine \u00e0 l'int\u00e9rieur peuvent simplement \u00eatre a\u00e9r\u00e9s au soleil pour les rafra\u00eechir naturellement. Ses fibres respirantes r\u00e9gulent la temp\u00e9rature et \u00e9vacuent l'humidit\u00e9, vous offrant un coussin respirant, confortable en hiver et frais en \u00e9t\u00e9.<\/p>\n<p class=\"ql-block\" data-block-id=\"block-4ab4ca36-0a17-4220-a0f2-65220eed71dd\">Con\u00e7u pour s'adapter parfaitement au fauteuil Poang, il est \u00e9galement livr\u00e9 avec des coussins d'accoudoirs en option et un petit coussin d\u00e9coratif en option pour un meilleur soutien lombaire. Dot\u00e9 de fermetures \u00e9clair m\u00e9talliques r\u00e9sistantes et d'une structure tuft\u00e9e \u00e0 la main, ce coussin de fauteuil facile d'entretien allie durabilit\u00e9 et style intemporel.<\/p>\n<h3 class=\"ql-heading\" data-block-id=\"block-2fc9e894-fbfa-428f-96af-4c7f3856c236\" data-collapse-state=\"expanded\">Coussin de si\u00e8ge<\/h3>\n<ul>\n<li>Dimensions : 48 \u00d7 56 \u00d7 8 cm (19 \u00d7 22 \u00d7 3 pouces)<\/li>\n<li>Rembourrage en pure laine<\/li>\n<li>Fermeture \u00e9clair r\u00e9sistante sur un c\u00f4t\u00e9 long<\/li>\n<li>Fermeture \u00e9clair suppl\u00e9mentaire pour une fixation s\u00e9curis\u00e9e au coussin dorsal<\/li>\n<\/ul>\n<h3 class=\"ql-heading\" data-block-id=\"block-650a31a8-776a-417c-b6af-dafd828fd59d\" data-collapse-state=\"expanded\">Coussin de dossier<\/h3>\n<ul>\n<li>Dimensions : 79 \u00d7 56 \u00d7 5 cm (31 \u00d7 22 \u00d7 2 pouces)<\/li>\n<li>Rembourrage en pure laine<\/li>\n<li>Fermeture \u00e0 glissi\u00e8re sur un c\u00f4t\u00e9 long<\/li>\n<\/ul>\n<h3 class=\"ql-heading\" data-block-id=\"block-7a3b29ed-1875-46eb-96f4-5933d94e9157\" data-collapse-state=\"expanded\">Accoudoirs (2 pi\u00e8ces, en option)<\/h3>\n<ul>\n<li>Dimensions : 43 \u00d7 6 \u00d7 3 cm (17 \u00d7 2,5 \u00d7 1 pouce) chacun<\/li>\n<li>Rembourr\u00e9 avec de la ouate de laine 100%<\/li>\n<li>Sangles Velcro pour une fixation s\u00fbre<\/li>\n<\/ul>\n<h3 class=\"ql-heading\" data-block-id=\"block-b520df6f-1026-499b-91bd-b423c4cb3571\" data-collapse-state=\"expanded\">Coussin d\u00e9coratif (facultatif)<\/h3>\n<ul>\n<li>Dimensions : 45 \u00d7 45 cm<\/li>\n<li>Rembourrage en pure laine<\/li>\n<\/ul>","protected":false},"excerpt":{"rendered":"<p>Am\u00e9liorez votre fauteuil Poang avec un coussin en laine fait main qui allie confort, puret\u00e9 et design pratique. Ce coussin sans COV est dot\u00e9 d'une housse amovible pour un entretien facile et d'un rembourrage en laine respirant et offrant un bon soutien pour un confort tout au long de l'ann\u00e9e.<\/p>","protected":false},"featured_media":227841,"template":"","meta":{"_acf_changed":false},"product_brand":[],"product_cat":[30],"product_tag":[290,291,292,293,294,295,149],"class_list":{"0":"post-217551","1":"product","2":"type-product","3":"status-publish","4":"has-post-thumbnail","6":"product_cat-cushions","7":"product_tag-moroccan-chair","8":"product_tag-natural-papasan-pad","9":"product_tag-patio-furniture","10":"product_tag-round-lounge-pillow","11":"product_tag-round-wicker-chair","12":"product_tag-scoop-swivel-chair","13":"product_tag-steps","15":"first","16":"instock","17":"shipping-taxable","18":"purchasable","19":"product-type-simple"},"acf":[],"yoast_head":"<!-- This site is optimized with the Yoast SEO Premium plugin v27.3 (Yoast SEO v27.3) - https:\/\/yoast.com\/product\/yoast-seo-premium-wordpress\/ -->\n<title>Rocking Chair Cushion With Removable Cover \u2013 For Ikea Poang | Home of Wool<\/title>\n<meta name=\"description\" content=\"Designed for Ikea Poang, the Rocking Chair Cushion With Removable Cover combines breathable wool comfort with toxin-free support. Easy to wash and durable for safe everyday relaxation.\" \/>\n<meta name=\"robots\" content=\"index, follow, max-snippet:-1, max-image-preview:large, max-video-preview:-1\" \/>\n<link rel=\"canonical\" href=\"https:\/\/homeofwool.com\/fr\/boutique\/coussin-pour-chaise-poang-avec-housse\/\" \/>\n<meta property=\"og:locale\" content=\"fr_FR\" \/>\n<meta property=\"og:type\" content=\"article\" \/>\n<meta property=\"og:title\" content=\"Rocking Chair Cushion With Removable Cover \u2013 For Ikea Poang\" \/>\n<meta property=\"og:description\" content=\"Designed for Ikea Poang, the Rocking Chair Cushion With Removable Cover combines breathable wool comfort with toxin-free support. Easy to wash and durable for safe everyday relaxation.\" \/>\n<meta property=\"og:url\" content=\"https:\/\/homeofwool.com\/fr\/boutique\/coussin-pour-chaise-poang-avec-housse\/\" \/>\n<meta property=\"og:site_name\" content=\"Home of Wool\" \/>\n<meta property=\"article:publisher\" content=\"https:\/\/facebook.com\/HomeOfWoolOfficial\" \/>\n<meta property=\"article:modified_time\" content=\"2026-02-11T10:35:45+00:00\" \/>\n<meta property=\"og:image\" content=\"https:\/\/homeofwool.com\/wp-content\/uploads\/2025\/09\/home-of-wool-wool-cushion-for-poang-chair-with-removable-cover-8.jpg\" \/>\n\t<meta property=\"og:image:width\" content=\"1920\" \/>\n\t<meta property=\"og:image:height\" content=\"1536\" \/>\n\t<meta property=\"og:image:type\" content=\"image\/jpeg\" \/>\n<meta name=\"twitter:card\" content=\"summary_large_image\" \/>\n<meta name=\"twitter:label1\" content=\"Dur\u00e9e de lecture estim\u00e9e\" \/>\n\t<meta name=\"twitter:data1\" content=\"2 minutes\" \/>\n<script type=\"application\/ld+json\" class=\"yoast-schema-graph\">{\"@context\":\"https:\\\/\\\/schema.org\",\"@graph\":[{\"@type\":\"WebPage\",\"@id\":\"https:\\\/\\\/homeofwool.com\\\/shop\\\/poang-chair-cushion-with-cover\\\/\",\"url\":\"https:\\\/\\\/homeofwool.com\\\/shop\\\/poang-chair-cushion-with-cover\\\/\",\"name\":\"Rocking Chair Cushion With Removable Cover \u2013 For Ikea Poang | Home of Wool\",\"isPartOf\":{\"@id\":\"https:\\\/\\\/homeofwool.com\\\/#website\"},\"primaryImageOfPage\":{\"@id\":\"https:\\\/\\\/homeofwool.com\\\/shop\\\/poang-chair-cushion-with-cover\\\/#primaryimage\"},\"image\":{\"@id\":\"https:\\\/\\\/homeofwool.com\\\/shop\\\/poang-chair-cushion-with-cover\\\/#primaryimage\"},\"thumbnailUrl\":\"https:\\\/\\\/homeofwool.com\\\/wp-content\\\/uploads\\\/2025\\\/09\\\/home-of-wool-wool-cushion-for-poang-chair-with-removable-cover-8.jpg\",\"datePublished\":\"2025-09-02T12:00:57+00:00\",\"dateModified\":\"2026-02-11T10:35:45+00:00\",\"description\":\"Designed for Ikea Poang, the Rocking Chair Cushion With Removable Cover combines breathable wool comfort with toxin-free support. Easy to wash and durable for safe everyday relaxation.\",\"breadcrumb\":{\"@id\":\"https:\\\/\\\/homeofwool.com\\\/shop\\\/poang-chair-cushion-with-cover\\\/#breadcrumb\"},\"inLanguage\":\"fr-FR\",\"potentialAction\":[{\"@type\":\"ReadAction\",\"target\":[\"https:\\\/\\\/homeofwool.com\\\/shop\\\/poang-chair-cushion-with-cover\\\/\"]}]},{\"@type\":\"ImageObject\",\"inLanguage\":\"fr-FR\",\"@id\":\"https:\\\/\\\/homeofwool.com\\\/shop\\\/poang-chair-cushion-with-cover\\\/#primaryimage\",\"url\":\"https:\\\/\\\/homeofwool.com\\\/wp-content\\\/uploads\\\/2025\\\/09\\\/home-of-wool-wool-cushion-for-poang-chair-with-removable-cover-8.jpg\",\"contentUrl\":\"https:\\\/\\\/homeofwool.com\\\/wp-content\\\/uploads\\\/2025\\\/09\\\/home-of-wool-wool-cushion-for-poang-chair-with-removable-cover-8.jpg\",\"width\":1920,\"height\":1536,\"caption\":\"rocking chair cushion with removable cover for ikea poang\"},{\"@type\":\"BreadcrumbList\",\"@id\":\"https:\\\/\\\/homeofwool.com\\\/shop\\\/poang-chair-cushion-with-cover\\\/#breadcrumb\",\"itemListElement\":[{\"@type\":\"ListItem\",\"position\":1,\"name\":\"Home\",\"item\":\"https:\\\/\\\/homeofwool.com\\\/\"},{\"@type\":\"ListItem\",\"position\":2,\"name\":\"Products\",\"item\":\"https:\\\/\\\/homeofwool.com\\\/header-search-2\\\/\"},{\"@type\":\"ListItem\",\"position\":3,\"name\":\"Rocking Chair Cushion With Removable Cover \u2013 For Ikea Poang\"}]},{\"@type\":\"WebSite\",\"@id\":\"https:\\\/\\\/homeofwool.com\\\/#website\",\"url\":\"https:\\\/\\\/homeofwool.com\\\/\",\"name\":\"Home of Wool\",\"description\":\"\",\"publisher\":{\"@id\":\"https:\\\/\\\/homeofwool.com\\\/#organization\"},\"potentialAction\":[{\"@type\":\"SearchAction\",\"target\":{\"@type\":\"EntryPoint\",\"urlTemplate\":\"https:\\\/\\\/homeofwool.com\\\/?s={search_term_string}\"},\"query-input\":{\"@type\":\"PropertyValueSpecification\",\"valueRequired\":true,\"valueName\":\"search_term_string\"}}],\"inLanguage\":\"fr-FR\"},{\"@type\":\"Organization\",\"@id\":\"https:\\\/\\\/homeofwool.com\\\/#organization\",\"name\":\"Home of Wool\",\"url\":\"https:\\\/\\\/homeofwool.com\\\/\",\"logo\":{\"@type\":\"ImageObject\",\"inLanguage\":\"fr-FR\",\"@id\":\"https:\\\/\\\/homeofwool.com\\\/#\\\/schema\\\/logo\\\/image\\\/\",\"url\":\"https:\\\/\\\/homeofwool.com\\\/wp-content\\\/uploads\\\/2025\\\/09\\\/WhatsApp-Image-2025-12-02-at-16.23.20.jpeg\",\"contentUrl\":\"https:\\\/\\\/homeofwool.com\\\/wp-content\\\/uploads\\\/2025\\\/09\\\/WhatsApp-Image-2025-12-02-at-16.23.20.jpeg\",\"width\":700,\"height\":247,\"caption\":\"Home of Wool\"},\"image\":{\"@id\":\"https:\\\/\\\/homeofwool.com\\\/#\\\/schema\\\/logo\\\/image\\\/\"},\"sameAs\":[\"https:\\\/\\\/facebook.com\\\/HomeOfWoolOfficial\"]}]}<\/script>\n<!-- \/ Yoast SEO Premium plugin. -->","yoast_head_json":{"title":"Coussin pour fauteuil \u00e0 bascule avec housse amovible \u2013 Pour Ikea Poang | Home of Wool","description":"Con\u00e7u pour Ikea Poang, le coussin pour fauteuil \u00e0 bascule avec housse amovible allie le confort de la laine respirante \u00e0 un soutien sans toxines. Facile \u00e0 laver et durable, il vous permet de vous d\u00e9tendre en toute s\u00e9curit\u00e9 au quotidien.","robots":{"index":"index","follow":"follow","max-snippet":"max-snippet:-1","max-image-preview":"max-image-preview:large","max-video-preview":"max-video-preview:-1"},"canonical":"https:\/\/homeofwool.com\/fr\/boutique\/coussin-pour-chaise-poang-avec-housse\/","og_locale":"fr_FR","og_type":"article","og_title":"Rocking Chair Cushion With Removable Cover \u2013 For Ikea Poang","og_description":"Designed for Ikea Poang, the Rocking Chair Cushion With Removable Cover combines breathable wool comfort with toxin-free support. Easy to wash and durable for safe everyday relaxation.","og_url":"https:\/\/homeofwool.com\/fr\/boutique\/coussin-pour-chaise-poang-avec-housse\/","og_site_name":"Home of Wool","article_publisher":"https:\/\/facebook.com\/HomeOfWoolOfficial","article_modified_time":"2026-02-11T10:35:45+00:00","og_image":[{"width":1920,"height":1536,"url":"https:\/\/homeofwool.com\/wp-content\/uploads\/2025\/09\/home-of-wool-wool-cushion-for-poang-chair-with-removable-cover-8.jpg","type":"image\/jpeg"}],"twitter_card":"summary_large_image","twitter_misc":{"Dur\u00e9e de lecture estim\u00e9e":"2 minutes"},"schema":{"@context":"https:\/\/schema.org","@graph":[{"@type":"WebPage","@id":"https:\/\/homeofwool.com\/shop\/poang-chair-cushion-with-cover\/","url":"https:\/\/homeofwool.com\/shop\/poang-chair-cushion-with-cover\/","name":"Coussin pour fauteuil \u00e0 bascule avec housse amovible \u2013 Pour Ikea Poang | Home of Wool","isPartOf":{"@id":"https:\/\/homeofwool.com\/#website"},"primaryImageOfPage":{"@id":"https:\/\/homeofwool.com\/shop\/poang-chair-cushion-with-cover\/#primaryimage"},"image":{"@id":"https:\/\/homeofwool.com\/shop\/poang-chair-cushion-with-cover\/#primaryimage"},"thumbnailUrl":"https:\/\/homeofwool.com\/wp-content\/uploads\/2025\/09\/home-of-wool-wool-cushion-for-poang-chair-with-removable-cover-8.jpg","datePublished":"2025-09-02T12:00:57+00:00","dateModified":"2026-02-11T10:35:45+00:00","description":"Con\u00e7u pour Ikea Poang, le coussin pour fauteuil \u00e0 bascule avec housse amovible allie le confort de la laine respirante \u00e0 un soutien sans toxines. Facile \u00e0 laver et durable, il vous permet de vous d\u00e9tendre en toute s\u00e9curit\u00e9 au quotidien.","breadcrumb":{"@id":"https:\/\/homeofwool.com\/shop\/poang-chair-cushion-with-cover\/#breadcrumb"},"inLanguage":"fr-FR","potentialAction":[{"@type":"ReadAction","target":["https:\/\/homeofwool.com\/shop\/poang-chair-cushion-with-cover\/"]}]},{"@type":"ImageObject","inLanguage":"fr-FR","@id":"https:\/\/homeofwool.com\/shop\/poang-chair-cushion-with-cover\/#primaryimage","url":"https:\/\/homeofwool.com\/wp-content\/uploads\/2025\/09\/home-of-wool-wool-cushion-for-poang-chair-with-removable-cover-8.jpg","contentUrl":"https:\/\/homeofwool.com\/wp-content\/uploads\/2025\/09\/home-of-wool-wool-cushion-for-poang-chair-with-removable-cover-8.jpg","width":1920,"height":1536,"caption":"rocking chair cushion with removable cover for ikea poang"},{"@type":"BreadcrumbList","@id":"https:\/\/homeofwool.com\/shop\/poang-chair-cushion-with-cover\/#breadcrumb","itemListElement":[{"@type":"ListItem","position":1,"name":"Home","item":"https:\/\/homeofwool.com\/"},{"@type":"ListItem","position":2,"name":"Products","item":"https:\/\/homeofwool.com\/header-search-2\/"},{"@type":"ListItem","position":3,"name":"Rocking Chair Cushion With Removable Cover \u2013 For Ikea Poang"}]},{"@type":"WebSite","@id":"https:\/\/homeofwool.com\/#website","url":"https:\/\/homeofwool.com\/","name":"La maison de la laine","description":"","publisher":{"@id":"https:\/\/homeofwool.com\/#organization"},"potentialAction":[{"@type":"SearchAction","target":{"@type":"EntryPoint","urlTemplate":"https:\/\/homeofwool.com\/?s={search_term_string}"},"query-input":{"@type":"PropertyValueSpecification","valueRequired":true,"valueName":"search_term_string"}}],"inLanguage":"fr-FR"},{"@type":"Organization","@id":"https:\/\/homeofwool.com\/#organization","name":"La maison de la laine","url":"https:\/\/homeofwool.com\/","logo":{"@type":"ImageObject","inLanguage":"fr-FR","@id":"https:\/\/homeofwool.com\/#\/schema\/logo\/image\/","url":"https:\/\/homeofwool.com\/wp-content\/uploads\/2025\/09\/WhatsApp-Image-2025-12-02-at-16.23.20.jpeg","contentUrl":"https:\/\/homeofwool.com\/wp-content\/uploads\/2025\/09\/WhatsApp-Image-2025-12-02-at-16.23.20.jpeg","width":700,"height":247,"caption":"Home of Wool"},"image":{"@id":"https:\/\/homeofwool.com\/#\/schema\/logo\/image\/"},"sameAs":["https:\/\/facebook.com\/HomeOfWoolOfficial"]}]}},"_links":{"self":[{"href":"https:\/\/homeofwool.com\/fr\/wp-json\/wp\/v2\/product\/217551","targetHints":{"allow":["GET"]}}],"collection":[{"href":"https:\/\/homeofwool.com\/fr\/wp-json\/wp\/v2\/product"}],"about":[{"href":"https:\/\/homeofwool.com\/fr\/wp-json\/wp\/v2\/types\/product"}],"version-history":[{"count":1,"href":"https:\/\/homeofwool.com\/fr\/wp-json\/wp\/v2\/product\/217551\/revisions"}],"predecessor-version":[{"id":226729,"href":"https:\/\/homeofwool.com\/fr\/wp-json\/wp\/v2\/product\/217551\/revisions\/226729"}],"wp:featuredmedia":[{"embeddable":true,"href":"https:\/\/homeofwool.com\/fr\/wp-json\/wp\/v2\/media\/227841"}],"wp:attachment":[{"href":"https:\/\/homeofwool.com\/fr\/wp-json\/wp\/v2\/media?parent=217551"}],"wp:term":[{"taxonomy":"product_brand","embeddable":true,"href":"https:\/\/homeofwool.com\/fr\/wp-json\/wp\/v2\/product_brand?post=217551"},{"taxonomy":"product_cat","embeddable":true,"href":"https:\/\/homeofwool.com\/fr\/wp-json\/wp\/v2\/product_cat?post=217551"},{"taxonomy":"product_tag","embeddable":true,"href":"https:\/\/homeofwool.com\/fr\/wp-json\/wp\/v2\/product_tag?post=217551"}],"curies":[{"name":"wp","href":"https:\/\/api.w.org\/{rel}","templated":true}]}}