{"id":217548,"date":"2025-09-02T12:00:57","date_gmt":"2025-09-02T12:00:57","guid":{"rendered":"https:\/\/homeofwool.com\/?post_type=product&#038;p=217548"},"modified":"2026-02-11T10:35:53","modified_gmt":"2026-02-11T10:35:53","slug":"pouf-rond","status":"publish","type":"product","link":"https:\/\/homeofwool.com\/fr\/shop\/round-ottoman\/","title":{"rendered":"Coussin d'ottoman rond en laine"},"content":{"rendered":"<p>Le coussin ottoman naturel Home of Wool est con\u00e7u pour \u00eatre \u00e0 la fois esth\u00e9tique et pratique, apportant une touche polyvalente \u00e0 n'importe quelle pi\u00e8ce. Nous le remplissons de pure laine et l'enveloppons dans des tissus biologiques de votre choix. Sans produits chimiques ni synth\u00e9tiques. Un coussin sans COV qui favorise un environnement domestique sain et votre sant\u00e9. La laine r\u00e9siste naturellement aux acariens et aux bact\u00e9ries. C'est pourquoi elle constitue un excellent choix pour les personnes souffrant d'allergies.<\/p>\n<p>Doux mais offrant un soutien optimal, ce coussin en laine biologique s'adapte facilement \u00e0 votre style de vie. Placez-le dans le salon comme coussin polyvalent pour offrir des si\u00e8ges suppl\u00e9mentaires lorsque vous recevez des invit\u00e9s, utilisez-le comme pouf confortable pour reposer vos pieds ou posez-le comme coussin rond au sol pour m\u00e9diter ou lire. Gr\u00e2ce \u00e0 son rembourrage en laine respirante, il vous aide \u00e0 rester au chaud sans avoir trop chaud.<\/p>\n<p>La housse amovible et lavable facilite grandement l'entretien. Les fermetures \u00e9clair discr\u00e8tes vous permettent d'ajuster le rembourrage selon la fermet\u00e9 que vous pr\u00e9f\u00e9rez. Nous avons ajout\u00e9 des poign\u00e9es robustes afin que vous puissiez le d\u00e9placer facilement l\u00e0 o\u00f9 vous en avez besoin. Ce coussin \u00e9cologique est aussi fonctionnel qu'\u00e9l\u00e9gant, un article que vous ch\u00e9rirez pendant de nombreuses ann\u00e9es.<\/p>","protected":false},"excerpt":{"rendered":"<p>Ajoutez de la chaleur et du confort \u00e0 votre int\u00e9rieur avec ce coussin rond en laine, fabriqu\u00e9 \u00e0 la main \u00e0 partir des mat\u00e9riaux naturels les plus purs. Que vous l'utilisiez comme coussin rond de sol, comme si\u00e8ge ou comme coussin ottoman confortable, il apporte une beaut\u00e9 organique et un mode de vie sain \u00e0 votre maison.<\/p>\n<div class=\"global-icon-set\">\n<div class=\"global-icon-set__items\">\n<div class=\"global-icon-set__item\">\n<div class=\"global-icon-set__image\">\n                                    <img decoding=\"async\" src=\"https:\/\/homeofwool.com\/wp-content\/uploads\/2025\/09\/handmade-icon-300x300.png\" alt=\"ic\u00f4ne artisanale\" \/>\n                                <\/div>\n<div class=\"global-icon-set__title\">Fait \u00e0 la main<\/div>\n<\/p><\/div>\n<div class=\"global-icon-set__item\">\n<div class=\"global-icon-set__image\">\n                                    <img decoding=\"async\" src=\"https:\/\/homeofwool.com\/wp-content\/uploads\/2025\/09\/VOCs-min-300x300.png\" alt=\"vocs libre\" \/>\n                                <\/div>\n<div class=\"global-icon-set__title\">Sans COV<\/div>\n<\/p><\/div>\n<div class=\"global-icon-set__item\">\n<div class=\"global-icon-set__image\">\n                                    <img decoding=\"async\" src=\"https:\/\/homeofwool.com\/wp-content\/uploads\/2025\/09\/FR-min-300x300.png\" alt=\"ic\u00f4ne de r\u00e9sistance au feu\" \/>\n                                <\/div>\n<div class=\"global-icon-set__title\">R\u00e9sistant \u00e0 la flamme<\/div>\n<\/p><\/div>\n<div class=\"global-icon-set__item\">\n<div class=\"global-icon-set__image\">\n                                    <img decoding=\"async\" src=\"https:\/\/homeofwool.com\/wp-content\/uploads\/2025\/09\/Hypoallergenic-min-300x300.png\" alt=\"ic\u00f4ne hypoallerg\u00e9nique\" \/>\n                                <\/div>\n<div class=\"global-icon-set__title\">Hypoallerg\u00e9nique<\/div>\n<\/p><\/div>\n<div class=\"global-icon-set__item\">\n<div class=\"global-icon-set__image\">\n                                    <img decoding=\"async\" src=\"https:\/\/homeofwool.com\/wp-content\/uploads\/2025\/09\/free-of-synthetics-icon-300x300.png\" alt=\"sans mati\u00e8res synth\u00e9tiques ic\u00f4ne\" \/>\n                                <\/div>\n<div class=\"global-icon-set__title\">Sans mati\u00e8res synth\u00e9tiques<\/div>\n<\/p><\/div>\n<div class=\"global-icon-set__item\">\n<div class=\"global-icon-set__image\">\n                                    <img decoding=\"async\" src=\"https:\/\/homeofwool.com\/wp-content\/uploads\/2025\/09\/anti-bacterial-icon-300x300.png\" alt=\"ic\u00f4ne anti-bact\u00e9rien\" \/>\n                                <\/div>\n<div class=\"global-icon-set__title\">Anti-microbien et anti-bact\u00e9rien<\/div>\n<\/p><\/div>\n<div class=\"global-icon-set__item\">\n<div class=\"global-icon-set__image\">\n                                    <img decoding=\"async\" src=\"https:\/\/homeofwool.com\/wp-content\/uploads\/2025\/09\/certified-materials-icon-300x300.png\" alt=\"ic\u00f4ne des mat\u00e9riaux certifi\u00e9s\" \/>\n                                <\/div>\n<div class=\"global-icon-set__title\">100% Mat\u00e9riaux certifi\u00e9s purs<\/div>\n<\/p><\/div>\n<div class=\"global-icon-set__item\">\n<div class=\"global-icon-set__image\">\n                                    <img decoding=\"async\" src=\"https:\/\/homeofwool.com\/wp-content\/uploads\/2025\/09\/chemical-free-icon-300x300.png\" alt=\"ic\u00f4ne de l&#039;absence de produits chimiques\" \/>\n                                <\/div>\n<div class=\"global-icon-set__title\">Sans produits chimiques<\/div>\n<\/p><\/div>\n<\/p><\/div>\n<\/p><\/div>","protected":false},"featured_media":226804,"template":"","meta":{"_acf_changed":false},"product_brand":[],"product_cat":[1342,20],"product_tag":[212,213,214,215,216,217,218,219,220,221,149],"class_list":{"0":"post-217548","1":"product","2":"type-product","3":"status-publish","4":"has-post-thumbnail","6":"product_cat-garden","7":"product_cat-pillows-poufs","8":"product_tag-custom-pouf","9":"product_tag-floor-pillow","10":"product_tag-foot-stool","11":"product_tag-handmade-cushion","12":"product_tag-living-room-stool","13":"product_tag-ottoman-chair","14":"product_tag-ottoman-pouf","15":"product_tag-ottoman-seat","16":"product_tag-patio-chair-cushions","17":"product_tag-pouf-ottoman","18":"product_tag-steps","20":"first","21":"instock","22":"shipping-taxable","23":"purchasable","24":"product-type-simple"},"acf":[],"yoast_head":"<!-- This site is optimized with the Yoast SEO Premium plugin v27.3 (Yoast SEO v27.3) - https:\/\/yoast.com\/product\/yoast-seo-premium-wordpress\/ -->\n<title>Round Ottoman \u2013 Tufted Floor Cushion | Home of Wool<\/title>\n<meta name=\"description\" content=\"The Round Ottoman features hand-tufted wool filling for breathable, durable comfort. Hypoallergenic and toxin-free, it brings timeless natural style into sustainable, modern living spaces.\" \/>\n<meta name=\"robots\" content=\"index, follow, max-snippet:-1, max-image-preview:large, max-video-preview:-1\" \/>\n<link rel=\"canonical\" href=\"https:\/\/homeofwool.com\/fr\/boutique\/pouf-rond\/\" \/>\n<meta property=\"og:locale\" content=\"fr_FR\" \/>\n<meta property=\"og:type\" content=\"article\" \/>\n<meta property=\"og:title\" content=\"Wool Round Ottoman Cushion\" \/>\n<meta property=\"og:description\" content=\"The Round Ottoman features hand-tufted wool filling for breathable, durable comfort. Hypoallergenic and toxin-free, it brings timeless natural style into sustainable, modern living spaces.\" \/>\n<meta property=\"og:url\" content=\"https:\/\/homeofwool.com\/fr\/boutique\/pouf-rond\/\" \/>\n<meta property=\"og:site_name\" content=\"Home of Wool\" \/>\n<meta property=\"article:publisher\" content=\"https:\/\/facebook.com\/HomeOfWoolOfficial\" \/>\n<meta property=\"article:modified_time\" content=\"2026-02-11T10:35:53+00:00\" \/>\n<meta property=\"og:image\" content=\"https:\/\/homeofwool.com\/wp-content\/uploads\/2025\/09\/home-of-wool-wool-round-ottoman-cushion-1-mainn.jpg\" \/>\n\t<meta property=\"og:image:width\" content=\"1080\" \/>\n\t<meta property=\"og:image:height\" content=\"864\" \/>\n\t<meta property=\"og:image:type\" content=\"image\/jpeg\" \/>\n<meta name=\"twitter:card\" content=\"summary_large_image\" \/>\n<meta name=\"twitter:label1\" content=\"Dur\u00e9e de lecture estim\u00e9e\" \/>\n\t<meta name=\"twitter:data1\" content=\"2 minutes\" \/>\n<script type=\"application\/ld+json\" class=\"yoast-schema-graph\">{\"@context\":\"https:\\\/\\\/schema.org\",\"@graph\":[{\"@type\":\"WebPage\",\"@id\":\"https:\\\/\\\/homeofwool.com\\\/shop\\\/round-ottoman\\\/\",\"url\":\"https:\\\/\\\/homeofwool.com\\\/shop\\\/round-ottoman\\\/\",\"name\":\"Round Ottoman \u2013 Tufted Floor Cushion | Home of Wool\",\"isPartOf\":{\"@id\":\"https:\\\/\\\/homeofwool.com\\\/#website\"},\"primaryImageOfPage\":{\"@id\":\"https:\\\/\\\/homeofwool.com\\\/shop\\\/round-ottoman\\\/#primaryimage\"},\"image\":{\"@id\":\"https:\\\/\\\/homeofwool.com\\\/shop\\\/round-ottoman\\\/#primaryimage\"},\"thumbnailUrl\":\"https:\\\/\\\/homeofwool.com\\\/wp-content\\\/uploads\\\/2025\\\/09\\\/home-of-wool-wool-round-ottoman-cushion-1-mainn.jpg\",\"datePublished\":\"2025-09-02T12:00:57+00:00\",\"dateModified\":\"2026-02-11T10:35:53+00:00\",\"description\":\"The Round Ottoman features hand-tufted wool filling for breathable, durable comfort. Hypoallergenic and toxin-free, it brings timeless natural style into sustainable, modern living spaces.\",\"breadcrumb\":{\"@id\":\"https:\\\/\\\/homeofwool.com\\\/shop\\\/round-ottoman\\\/#breadcrumb\"},\"inLanguage\":\"fr-FR\",\"potentialAction\":[{\"@type\":\"ReadAction\",\"target\":[\"https:\\\/\\\/homeofwool.com\\\/shop\\\/round-ottoman\\\/\"]}]},{\"@type\":\"ImageObject\",\"inLanguage\":\"fr-FR\",\"@id\":\"https:\\\/\\\/homeofwool.com\\\/shop\\\/round-ottoman\\\/#primaryimage\",\"url\":\"https:\\\/\\\/homeofwool.com\\\/wp-content\\\/uploads\\\/2025\\\/09\\\/home-of-wool-wool-round-ottoman-cushion-1-mainn.jpg\",\"contentUrl\":\"https:\\\/\\\/homeofwool.com\\\/wp-content\\\/uploads\\\/2025\\\/09\\\/home-of-wool-wool-round-ottoman-cushion-1-mainn.jpg\",\"width\":1080,\"height\":864,\"caption\":\"wool ottoman cushion\"},{\"@type\":\"BreadcrumbList\",\"@id\":\"https:\\\/\\\/homeofwool.com\\\/shop\\\/round-ottoman\\\/#breadcrumb\",\"itemListElement\":[{\"@type\":\"ListItem\",\"position\":1,\"name\":\"Home\",\"item\":\"https:\\\/\\\/homeofwool.com\\\/\"},{\"@type\":\"ListItem\",\"position\":2,\"name\":\"Products\",\"item\":\"https:\\\/\\\/homeofwool.com\\\/header-search-2\\\/\"},{\"@type\":\"ListItem\",\"position\":3,\"name\":\"Wool Round Ottoman Cushion\"}]},{\"@type\":\"WebSite\",\"@id\":\"https:\\\/\\\/homeofwool.com\\\/#website\",\"url\":\"https:\\\/\\\/homeofwool.com\\\/\",\"name\":\"Home of Wool\",\"description\":\"\",\"publisher\":{\"@id\":\"https:\\\/\\\/homeofwool.com\\\/#organization\"},\"potentialAction\":[{\"@type\":\"SearchAction\",\"target\":{\"@type\":\"EntryPoint\",\"urlTemplate\":\"https:\\\/\\\/homeofwool.com\\\/?s={search_term_string}\"},\"query-input\":{\"@type\":\"PropertyValueSpecification\",\"valueRequired\":true,\"valueName\":\"search_term_string\"}}],\"inLanguage\":\"fr-FR\"},{\"@type\":\"Organization\",\"@id\":\"https:\\\/\\\/homeofwool.com\\\/#organization\",\"name\":\"Home of Wool\",\"url\":\"https:\\\/\\\/homeofwool.com\\\/\",\"logo\":{\"@type\":\"ImageObject\",\"inLanguage\":\"fr-FR\",\"@id\":\"https:\\\/\\\/homeofwool.com\\\/#\\\/schema\\\/logo\\\/image\\\/\",\"url\":\"https:\\\/\\\/homeofwool.com\\\/wp-content\\\/uploads\\\/2025\\\/09\\\/WhatsApp-Image-2025-12-02-at-16.23.20.jpeg\",\"contentUrl\":\"https:\\\/\\\/homeofwool.com\\\/wp-content\\\/uploads\\\/2025\\\/09\\\/WhatsApp-Image-2025-12-02-at-16.23.20.jpeg\",\"width\":700,\"height\":247,\"caption\":\"Home of Wool\"},\"image\":{\"@id\":\"https:\\\/\\\/homeofwool.com\\\/#\\\/schema\\\/logo\\\/image\\\/\"},\"sameAs\":[\"https:\\\/\\\/facebook.com\\\/HomeOfWoolOfficial\"]}]}<\/script>\n<!-- \/ Yoast SEO Premium plugin. -->","yoast_head_json":{"title":"Pouf rond \u2013 Coussin de sol capitonn\u00e9 | Home of Wool","description":"Le pouf rond est rembourr\u00e9 de laine tuft\u00e9e \u00e0 la main pour un confort respirant et durable. Hypoallerg\u00e9nique et sans toxines, il apporte un style naturel intemporel aux espaces de vie modernes et durables.","robots":{"index":"index","follow":"follow","max-snippet":"max-snippet:-1","max-image-preview":"max-image-preview:large","max-video-preview":"max-video-preview:-1"},"canonical":"https:\/\/homeofwool.com\/fr\/boutique\/pouf-rond\/","og_locale":"fr_FR","og_type":"article","og_title":"Wool Round Ottoman Cushion","og_description":"The Round Ottoman features hand-tufted wool filling for breathable, durable comfort. Hypoallergenic and toxin-free, it brings timeless natural style into sustainable, modern living spaces.","og_url":"https:\/\/homeofwool.com\/fr\/boutique\/pouf-rond\/","og_site_name":"Home of Wool","article_publisher":"https:\/\/facebook.com\/HomeOfWoolOfficial","article_modified_time":"2026-02-11T10:35:53+00:00","og_image":[{"width":1080,"height":864,"url":"https:\/\/homeofwool.com\/wp-content\/uploads\/2025\/09\/home-of-wool-wool-round-ottoman-cushion-1-mainn.jpg","type":"image\/jpeg"}],"twitter_card":"summary_large_image","twitter_misc":{"Dur\u00e9e de lecture estim\u00e9e":"2 minutes"},"schema":{"@context":"https:\/\/schema.org","@graph":[{"@type":"WebPage","@id":"https:\/\/homeofwool.com\/shop\/round-ottoman\/","url":"https:\/\/homeofwool.com\/shop\/round-ottoman\/","name":"Pouf rond \u2013 Coussin de sol capitonn\u00e9 | Home of Wool","isPartOf":{"@id":"https:\/\/homeofwool.com\/#website"},"primaryImageOfPage":{"@id":"https:\/\/homeofwool.com\/shop\/round-ottoman\/#primaryimage"},"image":{"@id":"https:\/\/homeofwool.com\/shop\/round-ottoman\/#primaryimage"},"thumbnailUrl":"https:\/\/homeofwool.com\/wp-content\/uploads\/2025\/09\/home-of-wool-wool-round-ottoman-cushion-1-mainn.jpg","datePublished":"2025-09-02T12:00:57+00:00","dateModified":"2026-02-11T10:35:53+00:00","description":"Le pouf rond est rembourr\u00e9 de laine tuft\u00e9e \u00e0 la main pour un confort respirant et durable. Hypoallerg\u00e9nique et sans toxines, il apporte un style naturel intemporel aux espaces de vie modernes et durables.","breadcrumb":{"@id":"https:\/\/homeofwool.com\/shop\/round-ottoman\/#breadcrumb"},"inLanguage":"fr-FR","potentialAction":[{"@type":"ReadAction","target":["https:\/\/homeofwool.com\/shop\/round-ottoman\/"]}]},{"@type":"ImageObject","inLanguage":"fr-FR","@id":"https:\/\/homeofwool.com\/shop\/round-ottoman\/#primaryimage","url":"https:\/\/homeofwool.com\/wp-content\/uploads\/2025\/09\/home-of-wool-wool-round-ottoman-cushion-1-mainn.jpg","contentUrl":"https:\/\/homeofwool.com\/wp-content\/uploads\/2025\/09\/home-of-wool-wool-round-ottoman-cushion-1-mainn.jpg","width":1080,"height":864,"caption":"wool ottoman cushion"},{"@type":"BreadcrumbList","@id":"https:\/\/homeofwool.com\/shop\/round-ottoman\/#breadcrumb","itemListElement":[{"@type":"ListItem","position":1,"name":"Home","item":"https:\/\/homeofwool.com\/"},{"@type":"ListItem","position":2,"name":"Products","item":"https:\/\/homeofwool.com\/header-search-2\/"},{"@type":"ListItem","position":3,"name":"Wool Round Ottoman Cushion"}]},{"@type":"WebSite","@id":"https:\/\/homeofwool.com\/#website","url":"https:\/\/homeofwool.com\/","name":"La maison de la laine","description":"","publisher":{"@id":"https:\/\/homeofwool.com\/#organization"},"potentialAction":[{"@type":"SearchAction","target":{"@type":"EntryPoint","urlTemplate":"https:\/\/homeofwool.com\/?s={search_term_string}"},"query-input":{"@type":"PropertyValueSpecification","valueRequired":true,"valueName":"search_term_string"}}],"inLanguage":"fr-FR"},{"@type":"Organization","@id":"https:\/\/homeofwool.com\/#organization","name":"La maison de la laine","url":"https:\/\/homeofwool.com\/","logo":{"@type":"ImageObject","inLanguage":"fr-FR","@id":"https:\/\/homeofwool.com\/#\/schema\/logo\/image\/","url":"https:\/\/homeofwool.com\/wp-content\/uploads\/2025\/09\/WhatsApp-Image-2025-12-02-at-16.23.20.jpeg","contentUrl":"https:\/\/homeofwool.com\/wp-content\/uploads\/2025\/09\/WhatsApp-Image-2025-12-02-at-16.23.20.jpeg","width":700,"height":247,"caption":"Home of Wool"},"image":{"@id":"https:\/\/homeofwool.com\/#\/schema\/logo\/image\/"},"sameAs":["https:\/\/facebook.com\/HomeOfWoolOfficial"]}]}},"_links":{"self":[{"href":"https:\/\/homeofwool.com\/fr\/wp-json\/wp\/v2\/product\/217548","targetHints":{"allow":["GET"]}}],"collection":[{"href":"https:\/\/homeofwool.com\/fr\/wp-json\/wp\/v2\/product"}],"about":[{"href":"https:\/\/homeofwool.com\/fr\/wp-json\/wp\/v2\/types\/product"}],"version-history":[{"count":2,"href":"https:\/\/homeofwool.com\/fr\/wp-json\/wp\/v2\/product\/217548\/revisions"}],"predecessor-version":[{"id":226805,"href":"https:\/\/homeofwool.com\/fr\/wp-json\/wp\/v2\/product\/217548\/revisions\/226805"}],"wp:featuredmedia":[{"embeddable":true,"href":"https:\/\/homeofwool.com\/fr\/wp-json\/wp\/v2\/media\/226804"}],"wp:attachment":[{"href":"https:\/\/homeofwool.com\/fr\/wp-json\/wp\/v2\/media?parent=217548"}],"wp:term":[{"taxonomy":"product_brand","embeddable":true,"href":"https:\/\/homeofwool.com\/fr\/wp-json\/wp\/v2\/product_brand?post=217548"},{"taxonomy":"product_cat","embeddable":true,"href":"https:\/\/homeofwool.com\/fr\/wp-json\/wp\/v2\/product_cat?post=217548"},{"taxonomy":"product_tag","embeddable":true,"href":"https:\/\/homeofwool.com\/fr\/wp-json\/wp\/v2\/product_tag?post=217548"}],"curies":[{"name":"wp","href":"https:\/\/api.w.org\/{rel}","templated":true}]}}