{"id":217543,"date":"2025-09-02T12:00:57","date_gmt":"2025-09-02T12:00:57","guid":{"rendered":"https:\/\/homeofwool.com\/?post_type=product&#038;p=217543"},"modified":"2026-04-03T11:53:12","modified_gmt":"2026-04-03T11:53:12","slug":"matelas-en-laine-pour-lit-bebe","status":"publish","type":"product","link":"https:\/\/homeofwool.com\/fr\/shop\/crib-wool-mattress\/","title":{"rendered":"Matelas en laine pour lit d'enfant"},"content":{"rendered":"<p>Tous les parents veulent que le lit de leur b\u00e9b\u00e9 soit un endroit confortable et s\u00fbr. Ce matelas naturel pour b\u00e9b\u00e9 est fabriqu\u00e9 en pure laine, offrant \u00e0 votre tout-petit une surface de sommeil douce, confortable et naturellement respirante. La laine s'adapte aux saisons. Elle garde votre b\u00e9b\u00e9 au chaud lorsqu'il fait froid et lui offre une agr\u00e9able sensation de fra\u00eecheur lorsqu'il fait chaud. C'est ainsi que votre b\u00e9b\u00e9 dort paisiblement toute l'ann\u00e9e gr\u00e2ce \u00e0 la laine.<\/p>\n<p>Ce matelas biologique pour b\u00e9b\u00e9 est fabriqu\u00e9 \u00e0 partir de laine pure et d'autres mat\u00e9riaux naturels, sans produits synth\u00e9tiques, colles ou retardateurs de flamme. La r\u00e9sistance naturelle de la laine au feu assure la s\u00e9curit\u00e9 de votre b\u00e9b\u00e9. Exempt de produits chimiques nocifs, ce matelas pour lit de b\u00e9b\u00e9 sans produits chimiques aide \u00e9galement \u00e0 \u00e9loigner les acariens, emp\u00eache la formation de moisissures et reste frais sans d\u00e9gagement gazeux ni COV. Doux et hypoallerg\u00e9nique, il est id\u00e9al pour les b\u00e9b\u00e9s souffrant d'allergies ou ayant la peau sensible.<\/p>\n<p>Nous tuftons \u00e0 la main chaque matelas avec du fil de lin naturel afin que la laine reste r\u00e9partie uniform\u00e9ment \u00e0 l'int\u00e9rieur. De solides fermetures \u00e9clair lat\u00e9rales vous permettent d'ajuster, d'ajouter ou de retirer de la laine pour obtenir le confort parfait. Nous proposons des matelas de taille standard pour lit b\u00e9b\u00e9, mais nous pouvons \u00e9galement cr\u00e9er un matelas personnalis\u00e9 sp\u00e9cialement pour vous. Les options suppl\u00e9mentaires comprennent une housse amovible facile \u00e0 laver, un prot\u00e8ge-matelas en laine et des draps-housses. Des ajouts tr\u00e8s pratiques, en particulier pour les tailles personnalis\u00e9es.<\/p>\n<p>Lorsque votre b\u00e9b\u00e9 passe \u00e0 un lit plus grand, le matelas peut avoir une seconde vie en tant que coussin pour coin lecture ou coussin de sol. Fabriqu\u00e9 avec soin, une fabrication robuste et des mat\u00e9riaux naturels de premi\u00e8re qualit\u00e9, ce matelas de lit b\u00e9b\u00e9 respirant servira \u00e0 votre famille bien au-del\u00e0 des ann\u00e9es de lit b\u00e9b\u00e9.<\/p>","protected":false},"excerpt":{"rendered":"<p>Le premier lit de votre b\u00e9b\u00e9 doit \u00eatre aussi s\u00fbr et confortable que vos bras. Notre matelas en laine pour lit b\u00e9b\u00e9 est fabriqu\u00e9 \u00e0 la main \u00e0 partir de mat\u00e9riaux naturels de premi\u00e8re qualit\u00e9 pour un sommeil sain et r\u00e9parateur. Ce matelas non toxique est compos\u00e9 de laine pure, sans produits chimiques, colles ou mati\u00e8res synth\u00e9tiques, et offre \u00e0 votre b\u00e9b\u00e9 un soutien tout en douceur tout au long de l'ann\u00e9e. Naturellement respirant et con\u00e7u pour les peaux sensibles, ce matelas hypoallerg\u00e9nique peut \u00eatre personnalis\u00e9 pour s'adapter parfaitement \u00e0 votre chambre d'enfant.<\/p>\n<div class=\"global-icon-set\">\n<div class=\"global-icon-set__items\">\n<div class=\"global-icon-set__item\">\n<div class=\"global-icon-set__image\">\n                                    <img decoding=\"async\" src=\"https:\/\/homeofwool.com\/wp-content\/uploads\/2025\/09\/handmade-icon-300x300.png\" alt=\"ic\u00f4ne artisanale\" \/>\n                                <\/div>\n<div class=\"global-icon-set__title\">Fait \u00e0 la main<\/div>\n<\/p><\/div>\n<div class=\"global-icon-set__item\">\n<div class=\"global-icon-set__image\">\n                                    <img decoding=\"async\" src=\"https:\/\/homeofwool.com\/wp-content\/uploads\/2025\/09\/Exceptionally-Supportive-min-300x300.png\" alt=\"ic\u00f4ne exceptionnellement encourageante\" \/>\n                                <\/div>\n<div class=\"global-icon-set__title\">Soutien exceptionnel<\/div>\n<\/p><\/div>\n<div class=\"global-icon-set__item\">\n<div class=\"global-icon-set__image\">\n                                    <img decoding=\"async\" src=\"https:\/\/homeofwool.com\/wp-content\/uploads\/2025\/09\/wicks-moisture-away-300x300.png\" alt=\"\u00e9vacue l&#039;humidit\u00e9\" \/>\n                                <\/div>\n<div class=\"global-icon-set__title\">Evacue l'humidit\u00e9<\/div>\n<\/p><\/div>\n<div class=\"global-icon-set__item\">\n<div class=\"global-icon-set__image\">\n                                    <img decoding=\"async\" src=\"https:\/\/homeofwool.com\/wp-content\/uploads\/2025\/09\/VOCs-min-300x300.png\" alt=\"vocs libre\" \/>\n                                <\/div>\n<div class=\"global-icon-set__title\">Sans COV<\/div>\n<\/p><\/div>\n<div class=\"global-icon-set__item\">\n<div class=\"global-icon-set__image\">\n                                    <img decoding=\"async\" src=\"https:\/\/homeofwool.com\/wp-content\/uploads\/2025\/09\/FR-min-300x300.png\" alt=\"ic\u00f4ne de r\u00e9sistance au feu\" \/>\n                                <\/div>\n<div class=\"global-icon-set__title\">R\u00e9sistant \u00e0 la flamme<\/div>\n<\/p><\/div>\n<div class=\"global-icon-set__item\">\n<div class=\"global-icon-set__image\">\n                                    <img decoding=\"async\" src=\"https:\/\/homeofwool.com\/wp-content\/uploads\/2025\/09\/Hypoallergenic-min-300x300.png\" alt=\"ic\u00f4ne hypoallerg\u00e9nique\" \/>\n                                <\/div>\n<div class=\"global-icon-set__title\">Hypoallerg\u00e9nique<\/div>\n<\/p><\/div>\n<div class=\"global-icon-set__item\">\n<div class=\"global-icon-set__image\">\n                                    <img decoding=\"async\" src=\"https:\/\/homeofwool.com\/wp-content\/uploads\/2025\/09\/free-of-synthetics-icon-300x300.png\" alt=\"sans mati\u00e8res synth\u00e9tiques ic\u00f4ne\" \/>\n                                <\/div>\n<div class=\"global-icon-set__title\">Sans mati\u00e8res synth\u00e9tiques<\/div>\n<\/p><\/div>\n<div class=\"global-icon-set__item\">\n<div class=\"global-icon-set__image\">\n                                    <img decoding=\"async\" src=\"https:\/\/homeofwool.com\/wp-content\/uploads\/2025\/09\/chemical-free-icon-300x300.png\" alt=\"ic\u00f4ne de l&#039;absence de produits chimiques\" \/>\n                                <\/div>\n<div class=\"global-icon-set__title\">Sans produits chimiques<\/div>\n<\/p><\/div>\n<div class=\"global-icon-set__item\">\n<div class=\"global-icon-set__image\">\n                                    <img decoding=\"async\" src=\"https:\/\/homeofwool.com\/wp-content\/uploads\/2025\/09\/anti-bacterial-icon-300x300.png\" alt=\"ic\u00f4ne anti-bact\u00e9rien\" \/>\n                                <\/div>\n<div class=\"global-icon-set__title\">Anti-microbien et anti-bact\u00e9rien<\/div>\n<\/p><\/div>\n<div class=\"global-icon-set__item\">\n<div class=\"global-icon-set__image\">\n                                    <img decoding=\"async\" src=\"https:\/\/homeofwool.com\/wp-content\/uploads\/2025\/09\/certified-materials-icon-300x300.png\" alt=\"ic\u00f4ne des mat\u00e9riaux certifi\u00e9s\" \/>\n                                <\/div>\n<div class=\"global-icon-set__title\">100% Mat\u00e9riaux certifi\u00e9s purs<\/div>\n<\/p><\/div>\n<\/p><\/div>\n<\/p><\/div>","protected":false},"featured_media":226486,"template":"","meta":{"_acf_changed":false},"product_brand":[],"product_cat":[459],"product_tag":[460,461,462,463,464,465,193,466,467,468,469,195,470,149,471,472,473,474,475,476],"class_list":{"0":"post-217543","1":"product","2":"type-product","3":"status-publish","4":"has-post-thumbnail","6":"product_cat-mattresses-toppers","7":"product_tag-baby-bedding","8":"product_tag-baby-mattress","9":"product_tag-cot-mattress","10":"product_tag-ikea-kura-slakt","11":"product_tag-ikea-sniglar-bed","12":"product_tag-mini-crib-mattress","13":"product_tag-natural-mattress","14":"product_tag-natural-nursery","15":"product_tag-newborn-baby-pad","16":"product_tag-non-toxic-nursery","17":"product_tag-organic-baby-cot","18":"product_tag-organic-mattress","19":"product_tag-oval-toddler-futon","20":"product_tag-steps","21":"product_tag-stokke-crib-mattress","22":"product_tag-stokke-sleepi-bed","23":"product_tag-stokke-sleepi-junior","24":"product_tag-stokke-sleepi-mattress","25":"product_tag-stokke-sleepi-mini","26":"product_tag-toddler-mattress","28":"first","29":"instock","30":"shipping-taxable","31":"purchasable","32":"product-type-simple"},"acf":[],"yoast_head":"<!-- This site is optimized with the Yoast SEO Premium plugin v27.4 (Yoast SEO v27.4) - https:\/\/yoast.com\/product\/yoast-seo-premium-wordpress\/ -->\n<title>Organic Crib Mattress \u2013 Natural &amp; Breathable Baby Mattress | Home of Wool<\/title>\n<meta name=\"description\" content=\"Breathable, hypoallergenic, and chemical-free, the Wool Crib Mattress offers natural comfort and support. Pure wool provides safe, customizable sleep for babies year-round.\" \/>\n<meta name=\"robots\" content=\"index, follow, max-snippet:-1, max-image-preview:large, max-video-preview:-1\" \/>\n<link rel=\"canonical\" href=\"https:\/\/homeofwool.com\/fr\/boutique\/matelas-en-laine-pour-lit-bebe\/\" \/>\n<meta property=\"og:locale\" content=\"fr_FR\" \/>\n<meta property=\"og:type\" content=\"article\" \/>\n<meta property=\"og:title\" content=\"Wool Crib Mattress\" \/>\n<meta property=\"og:description\" content=\"Breathable, hypoallergenic, and chemical-free, the Wool Crib Mattress offers natural comfort and support. Pure wool provides safe, customizable sleep for babies year-round.\" \/>\n<meta property=\"og:url\" content=\"https:\/\/homeofwool.com\/fr\/boutique\/matelas-en-laine-pour-lit-bebe\/\" \/>\n<meta property=\"og:site_name\" content=\"Home of Wool\" \/>\n<meta property=\"article:publisher\" content=\"https:\/\/facebook.com\/HomeOfWoolOfficial\" \/>\n<meta property=\"article:modified_time\" content=\"2026-04-03T11:53:12+00:00\" \/>\n<meta property=\"og:image\" content=\"https:\/\/homeofwool.com\/wp-content\/uploads\/2025\/09\/home-of-wool-crib-mattress-mainn.jpg\" \/>\n\t<meta property=\"og:image:width\" content=\"1920\" \/>\n\t<meta property=\"og:image:height\" content=\"1536\" \/>\n\t<meta property=\"og:image:type\" content=\"image\/jpeg\" \/>\n<meta name=\"twitter:card\" content=\"summary_large_image\" \/>\n<meta name=\"twitter:label1\" content=\"Dur\u00e9e de lecture estim\u00e9e\" \/>\n\t<meta name=\"twitter:data1\" content=\"2 minutes\" \/>\n<script type=\"application\/ld+json\" class=\"yoast-schema-graph\">{\"@context\":\"https:\\\/\\\/schema.org\",\"@graph\":[{\"@type\":\"WebPage\",\"@id\":\"https:\\\/\\\/homeofwool.com\\\/shop\\\/crib-wool-mattress\\\/\",\"url\":\"https:\\\/\\\/homeofwool.com\\\/shop\\\/crib-wool-mattress\\\/\",\"name\":\"Organic Crib Mattress \u2013 Natural & Breathable Baby Mattress | Home of Wool\",\"isPartOf\":{\"@id\":\"https:\\\/\\\/homeofwool.com\\\/#website\"},\"primaryImageOfPage\":{\"@id\":\"https:\\\/\\\/homeofwool.com\\\/shop\\\/crib-wool-mattress\\\/#primaryimage\"},\"image\":{\"@id\":\"https:\\\/\\\/homeofwool.com\\\/shop\\\/crib-wool-mattress\\\/#primaryimage\"},\"thumbnailUrl\":\"https:\\\/\\\/homeofwool.com\\\/wp-content\\\/uploads\\\/2025\\\/09\\\/home-of-wool-crib-mattress-mainn.jpg\",\"datePublished\":\"2025-09-02T12:00:57+00:00\",\"dateModified\":\"2026-04-03T11:53:12+00:00\",\"description\":\"Breathable, hypoallergenic, and chemical-free, the Wool Crib Mattress offers natural comfort and support. Pure wool provides safe, customizable sleep for babies year-round.\",\"breadcrumb\":{\"@id\":\"https:\\\/\\\/homeofwool.com\\\/shop\\\/crib-wool-mattress\\\/#breadcrumb\"},\"inLanguage\":\"fr-FR\",\"potentialAction\":[{\"@type\":\"ReadAction\",\"target\":[\"https:\\\/\\\/homeofwool.com\\\/shop\\\/crib-wool-mattress\\\/\"]}]},{\"@type\":\"ImageObject\",\"inLanguage\":\"fr-FR\",\"@id\":\"https:\\\/\\\/homeofwool.com\\\/shop\\\/crib-wool-mattress\\\/#primaryimage\",\"url\":\"https:\\\/\\\/homeofwool.com\\\/wp-content\\\/uploads\\\/2025\\\/09\\\/home-of-wool-crib-mattress-mainn.jpg\",\"contentUrl\":\"https:\\\/\\\/homeofwool.com\\\/wp-content\\\/uploads\\\/2025\\\/09\\\/home-of-wool-crib-mattress-mainn.jpg\",\"width\":1920,\"height\":1536,\"caption\":\"wool crib mattress for babies and kids\"},{\"@type\":\"BreadcrumbList\",\"@id\":\"https:\\\/\\\/homeofwool.com\\\/shop\\\/crib-wool-mattress\\\/#breadcrumb\",\"itemListElement\":[{\"@type\":\"ListItem\",\"position\":1,\"name\":\"Home\",\"item\":\"https:\\\/\\\/homeofwool.com\\\/\"},{\"@type\":\"ListItem\",\"position\":2,\"name\":\"Products\",\"item\":\"https:\\\/\\\/homeofwool.com\\\/header-search-2\\\/\"},{\"@type\":\"ListItem\",\"position\":3,\"name\":\"Wool Crib Mattress\"}]},{\"@type\":\"WebSite\",\"@id\":\"https:\\\/\\\/homeofwool.com\\\/#website\",\"url\":\"https:\\\/\\\/homeofwool.com\\\/\",\"name\":\"Home of Wool\",\"description\":\"\",\"publisher\":{\"@id\":\"https:\\\/\\\/homeofwool.com\\\/#organization\"},\"potentialAction\":[{\"@type\":\"SearchAction\",\"target\":{\"@type\":\"EntryPoint\",\"urlTemplate\":\"https:\\\/\\\/homeofwool.com\\\/?s={search_term_string}\"},\"query-input\":{\"@type\":\"PropertyValueSpecification\",\"valueRequired\":true,\"valueName\":\"search_term_string\"}}],\"inLanguage\":\"fr-FR\"},{\"@type\":\"Organization\",\"@id\":\"https:\\\/\\\/homeofwool.com\\\/#organization\",\"name\":\"Home of Wool\",\"url\":\"https:\\\/\\\/homeofwool.com\\\/\",\"logo\":{\"@type\":\"ImageObject\",\"inLanguage\":\"fr-FR\",\"@id\":\"https:\\\/\\\/homeofwool.com\\\/#\\\/schema\\\/logo\\\/image\\\/\",\"url\":\"https:\\\/\\\/homeofwool.com\\\/wp-content\\\/uploads\\\/2025\\\/09\\\/WhatsApp-Image-2025-12-02-at-16.23.20.jpeg\",\"contentUrl\":\"https:\\\/\\\/homeofwool.com\\\/wp-content\\\/uploads\\\/2025\\\/09\\\/WhatsApp-Image-2025-12-02-at-16.23.20.jpeg\",\"width\":700,\"height\":247,\"caption\":\"Home of Wool\"},\"image\":{\"@id\":\"https:\\\/\\\/homeofwool.com\\\/#\\\/schema\\\/logo\\\/image\\\/\"},\"sameAs\":[\"https:\\\/\\\/facebook.com\\\/HomeOfWoolOfficial\"]}]}<\/script>\n<!-- \/ Yoast SEO Premium plugin. -->","yoast_head_json":{"title":"Matelas bio pour lit b\u00e9b\u00e9 \u2013 Matelas naturel et respirant pour b\u00e9b\u00e9 | Home of Wool","description":"Respirant, hypoallerg\u00e9nique et sans produits chimiques, le matelas en laine pour lit b\u00e9b\u00e9 offre un confort et un soutien naturels. La laine pure garantit un sommeil s\u00fbr et personnalisable pour les b\u00e9b\u00e9s tout au long de l'ann\u00e9e.","robots":{"index":"index","follow":"follow","max-snippet":"max-snippet:-1","max-image-preview":"max-image-preview:large","max-video-preview":"max-video-preview:-1"},"canonical":"https:\/\/homeofwool.com\/fr\/boutique\/matelas-en-laine-pour-lit-bebe\/","og_locale":"fr_FR","og_type":"article","og_title":"Wool Crib Mattress","og_description":"Breathable, hypoallergenic, and chemical-free, the Wool Crib Mattress offers natural comfort and support. Pure wool provides safe, customizable sleep for babies year-round.","og_url":"https:\/\/homeofwool.com\/fr\/boutique\/matelas-en-laine-pour-lit-bebe\/","og_site_name":"Home of Wool","article_publisher":"https:\/\/facebook.com\/HomeOfWoolOfficial","article_modified_time":"2026-04-03T11:53:12+00:00","og_image":[{"width":1920,"height":1536,"url":"https:\/\/homeofwool.com\/wp-content\/uploads\/2025\/09\/home-of-wool-crib-mattress-mainn.jpg","type":"image\/jpeg"}],"twitter_card":"summary_large_image","twitter_misc":{"Dur\u00e9e de lecture estim\u00e9e":"2 minutes"},"schema":{"@context":"https:\/\/schema.org","@graph":[{"@type":"WebPage","@id":"https:\/\/homeofwool.com\/shop\/crib-wool-mattress\/","url":"https:\/\/homeofwool.com\/shop\/crib-wool-mattress\/","name":"Matelas bio pour lit b\u00e9b\u00e9 \u2013 Matelas naturel et respirant pour b\u00e9b\u00e9 | Home of Wool","isPartOf":{"@id":"https:\/\/homeofwool.com\/#website"},"primaryImageOfPage":{"@id":"https:\/\/homeofwool.com\/shop\/crib-wool-mattress\/#primaryimage"},"image":{"@id":"https:\/\/homeofwool.com\/shop\/crib-wool-mattress\/#primaryimage"},"thumbnailUrl":"https:\/\/homeofwool.com\/wp-content\/uploads\/2025\/09\/home-of-wool-crib-mattress-mainn.jpg","datePublished":"2025-09-02T12:00:57+00:00","dateModified":"2026-04-03T11:53:12+00:00","description":"Respirant, hypoallerg\u00e9nique et sans produits chimiques, le matelas en laine pour lit b\u00e9b\u00e9 offre un confort et un soutien naturels. La laine pure garantit un sommeil s\u00fbr et personnalisable pour les b\u00e9b\u00e9s tout au long de l'ann\u00e9e.","breadcrumb":{"@id":"https:\/\/homeofwool.com\/shop\/crib-wool-mattress\/#breadcrumb"},"inLanguage":"fr-FR","potentialAction":[{"@type":"ReadAction","target":["https:\/\/homeofwool.com\/shop\/crib-wool-mattress\/"]}]},{"@type":"ImageObject","inLanguage":"fr-FR","@id":"https:\/\/homeofwool.com\/shop\/crib-wool-mattress\/#primaryimage","url":"https:\/\/homeofwool.com\/wp-content\/uploads\/2025\/09\/home-of-wool-crib-mattress-mainn.jpg","contentUrl":"https:\/\/homeofwool.com\/wp-content\/uploads\/2025\/09\/home-of-wool-crib-mattress-mainn.jpg","width":1920,"height":1536,"caption":"wool crib mattress for babies and kids"},{"@type":"BreadcrumbList","@id":"https:\/\/homeofwool.com\/shop\/crib-wool-mattress\/#breadcrumb","itemListElement":[{"@type":"ListItem","position":1,"name":"Home","item":"https:\/\/homeofwool.com\/"},{"@type":"ListItem","position":2,"name":"Products","item":"https:\/\/homeofwool.com\/header-search-2\/"},{"@type":"ListItem","position":3,"name":"Wool Crib Mattress"}]},{"@type":"WebSite","@id":"https:\/\/homeofwool.com\/#website","url":"https:\/\/homeofwool.com\/","name":"La maison de la laine","description":"","publisher":{"@id":"https:\/\/homeofwool.com\/#organization"},"potentialAction":[{"@type":"SearchAction","target":{"@type":"EntryPoint","urlTemplate":"https:\/\/homeofwool.com\/?s={search_term_string}"},"query-input":{"@type":"PropertyValueSpecification","valueRequired":true,"valueName":"search_term_string"}}],"inLanguage":"fr-FR"},{"@type":"Organization","@id":"https:\/\/homeofwool.com\/#organization","name":"La maison de la laine","url":"https:\/\/homeofwool.com\/","logo":{"@type":"ImageObject","inLanguage":"fr-FR","@id":"https:\/\/homeofwool.com\/#\/schema\/logo\/image\/","url":"https:\/\/homeofwool.com\/wp-content\/uploads\/2025\/09\/WhatsApp-Image-2025-12-02-at-16.23.20.jpeg","contentUrl":"https:\/\/homeofwool.com\/wp-content\/uploads\/2025\/09\/WhatsApp-Image-2025-12-02-at-16.23.20.jpeg","width":700,"height":247,"caption":"Home of Wool"},"image":{"@id":"https:\/\/homeofwool.com\/#\/schema\/logo\/image\/"},"sameAs":["https:\/\/facebook.com\/HomeOfWoolOfficial"]}]}},"_links":{"self":[{"href":"https:\/\/homeofwool.com\/fr\/wp-json\/wp\/v2\/product\/217543","targetHints":{"allow":["GET"]}}],"collection":[{"href":"https:\/\/homeofwool.com\/fr\/wp-json\/wp\/v2\/product"}],"about":[{"href":"https:\/\/homeofwool.com\/fr\/wp-json\/wp\/v2\/types\/product"}],"version-history":[{"count":2,"href":"https:\/\/homeofwool.com\/fr\/wp-json\/wp\/v2\/product\/217543\/revisions"}],"predecessor-version":[{"id":226483,"href":"https:\/\/homeofwool.com\/fr\/wp-json\/wp\/v2\/product\/217543\/revisions\/226483"}],"wp:featuredmedia":[{"embeddable":true,"href":"https:\/\/homeofwool.com\/fr\/wp-json\/wp\/v2\/media\/226486"}],"wp:attachment":[{"href":"https:\/\/homeofwool.com\/fr\/wp-json\/wp\/v2\/media?parent=217543"}],"wp:term":[{"taxonomy":"product_brand","embeddable":true,"href":"https:\/\/homeofwool.com\/fr\/wp-json\/wp\/v2\/product_brand?post=217543"},{"taxonomy":"product_cat","embeddable":true,"href":"https:\/\/homeofwool.com\/fr\/wp-json\/wp\/v2\/product_cat?post=217543"},{"taxonomy":"product_tag","embeddable":true,"href":"https:\/\/homeofwool.com\/fr\/wp-json\/wp\/v2\/product_tag?post=217543"}],"curies":[{"name":"wp","href":"https:\/\/api.w.org\/{rel}","templated":true}]}}