{"id":217541,"date":"2025-09-02T12:00:57","date_gmt":"2025-09-02T12:00:57","guid":{"rendered":"https:\/\/homeofwool.com\/?post_type=product&#038;p=217541"},"modified":"2026-02-09T13:01:56","modified_gmt":"2026-02-09T13:01:56","slug":"fil-de-lin-blanc","status":"publish","type":"product","link":"https:\/\/homeofwool.com\/fr\/shop\/linen-thread-white\/","title":{"rendered":"Fil de lin \u2013 Blanc"},"content":{"rendered":"<p>Fabriqu\u00e9 en Hongrie \u00e0 partir de fil de lin semi-humide, ce fil de lin blanc offre une qualit\u00e9 et une int\u00e9grit\u00e9 exceptionnelles pour le tissage, la couture et d'autres travaux textiles. Le lin est naturellement durable, avec des fibres 30% plus r\u00e9sistantes que le coton, ce qui permet \u00e0 vos cr\u00e9ations de durer plus longtemps et de conserver leur beaut\u00e9 au fil du temps. Ce fil absorbe l'humidit\u00e9 et r\u00e9siste \u00e0 la salet\u00e9. C'est un choix s\u00fbr pour les personnes sensibles.<\/p>\n<p>Chaque bobine est soigneusement fabriqu\u00e9e \u00e0 partir de lin europ\u00e9en tra\u00e7able et b\u00e9n\u00e9ficie de certifications reconnues :<\/p>\n<ul>\n<li>Norme OEKO-TEX\u00ae Standard 100<\/li>\n<li>Lin europ\u00e9en\u00ae<\/li>\n<li>GOTS\u00ae<\/li>\n<li>Ma\u00eetres du Lin\u00ae<\/li>\n<\/ul>\n<p>Les certifications garantissent que le fil est propre et issu d'une source responsable. Le lin est solide et durable. La culture du lin a \u00e9galement un impact moindre sur l'environnement que de nombreuses autres cultures. C'est un excellent choix pour tous vos projets de tissage et de couture.<\/p>","protected":false},"excerpt":{"rendered":"<p>Ce fil de lin blanc est fabriqu\u00e9 \u00e0 partir de fil de lin semi-humide, ce qui lui conf\u00e8re une structure fine mais r\u00e9sistante, id\u00e9ale pour le tissage, la couture et les projets artisanaux. Il ne comporte aucun rev\u00eatement chimique. Certifi\u00e9 \u00e0 chaque \u00e9tape, c'est un choix fiable pour le tissage ou la couture.<\/p>\n<p><strong>Prendre le temps<\/strong>: 1 \u00e0 3 jours<br \/>\n<strong>D\u00e9lai de livraison<\/strong>: 1 \u00e0 4 semaines<\/p>\n<div class=\"global-icon-set\">\n<div class=\"global-icon-set__items\">\n<div class=\"global-icon-set__item\">\n<div class=\"global-icon-set__image\">\n                                    <img decoding=\"async\" src=\"https:\/\/homeofwool.com\/wp-content\/uploads\/2025\/09\/VOCs-min-300x300.png\" alt=\"vocs libre\" \/>\n                                <\/div>\n<div class=\"global-icon-set__title\">Sans COV<\/div>\n<\/p><\/div>\n<div class=\"global-icon-set__item\">\n<div class=\"global-icon-set__image\">\n                                    <img decoding=\"async\" src=\"https:\/\/homeofwool.com\/wp-content\/uploads\/2025\/09\/free-of-synthetics-icon-300x300.png\" alt=\"sans mati\u00e8res synth\u00e9tiques ic\u00f4ne\" \/>\n                                <\/div>\n<div class=\"global-icon-set__title\">Sans mati\u00e8res synth\u00e9tiques<\/div>\n<\/p><\/div>\n<div class=\"global-icon-set__item\">\n<div class=\"global-icon-set__image\">\n                                    <img decoding=\"async\" src=\"https:\/\/homeofwool.com\/wp-content\/uploads\/2025\/09\/chemical-free-icon-300x300.png\" alt=\"ic\u00f4ne de l&#039;absence de produits chimiques\" \/>\n                                <\/div>\n<div class=\"global-icon-set__title\">Sans produits chimiques<\/div>\n<\/p><\/div>\n<\/p><\/div>\n<\/p><\/div>","protected":false},"featured_media":223036,"template":"","meta":{"_acf_changed":false},"product_brand":[],"product_cat":[25],"product_tag":[1370],"class_list":{"0":"post-217541","1":"product","2":"type-product","3":"status-publish","4":"has-post-thumbnail","6":"product_cat-wool-fabrics-batting","7":"product_tag-nosteps","9":"first","10":"instock","11":"shipping-taxable","12":"purchasable","13":"product-type-simple"},"acf":[],"yoast_head":"<!-- This site is optimized with the Yoast SEO Premium plugin v27.3 (Yoast SEO v27.3) - https:\/\/yoast.com\/product\/yoast-seo-premium-wordpress\/ -->\n<title>White Linen Thread \u2013 All Natural &amp; Durable | Home of Wool<\/title>\n<meta name=\"description\" content=\"Strong and natural, the White Linen Thread is breathable and eco-friendly. Durable and toxin-free, it\u2019s a reliable choice for upholstery, bedding, and sustainable, long-lasting DIY projects.\" \/>\n<meta name=\"robots\" content=\"index, follow, max-snippet:-1, max-image-preview:large, max-video-preview:-1\" \/>\n<link rel=\"canonical\" href=\"https:\/\/homeofwool.com\/fr\/boutique\/fil-de-lin-blanc\/\" \/>\n<meta property=\"og:locale\" content=\"fr_FR\" \/>\n<meta property=\"og:type\" content=\"article\" \/>\n<meta property=\"og:title\" content=\"Linen Thread \u2013 White\" \/>\n<meta property=\"og:description\" content=\"Strong and natural, the White Linen Thread is breathable and eco-friendly. Durable and toxin-free, it\u2019s a reliable choice for upholstery, bedding, and sustainable, long-lasting DIY projects.\" \/>\n<meta property=\"og:url\" content=\"https:\/\/homeofwool.com\/fr\/boutique\/fil-de-lin-blanc\/\" \/>\n<meta property=\"og:site_name\" content=\"Home of Wool\" \/>\n<meta property=\"article:publisher\" content=\"https:\/\/facebook.com\/HomeOfWoolOfficial\" \/>\n<meta property=\"article:modified_time\" content=\"2026-02-09T13:01:56+00:00\" \/>\n<meta property=\"og:image\" content=\"https:\/\/homeofwool.com\/wp-content\/uploads\/2025\/09\/home-of-wool-linen-thread-\u2013-white-img_8397.jpg\" \/>\n\t<meta property=\"og:image:width\" content=\"2000\" \/>\n\t<meta property=\"og:image:height\" content=\"1600\" \/>\n\t<meta property=\"og:image:type\" content=\"image\/jpeg\" \/>\n<meta name=\"twitter:card\" content=\"summary_large_image\" \/>\n<meta name=\"twitter:label1\" content=\"Dur\u00e9e de lecture estim\u00e9e\" \/>\n\t<meta name=\"twitter:data1\" content=\"1 minute\" \/>\n<script type=\"application\/ld+json\" class=\"yoast-schema-graph\">{\"@context\":\"https:\\\/\\\/schema.org\",\"@graph\":[{\"@type\":\"WebPage\",\"@id\":\"https:\\\/\\\/homeofwool.com\\\/it\\\/negozio\\\/filo-di-lino-bianco\\\/\",\"url\":\"https:\\\/\\\/homeofwool.com\\\/it\\\/negozio\\\/filo-di-lino-bianco\\\/\",\"name\":\"White Linen Thread \u2013 All Natural & Durable | Home of Wool\",\"isPartOf\":{\"@id\":\"https:\\\/\\\/homeofwool.com\\\/#website\"},\"primaryImageOfPage\":{\"@id\":\"https:\\\/\\\/homeofwool.com\\\/it\\\/negozio\\\/filo-di-lino-bianco\\\/#primaryimage\"},\"image\":{\"@id\":\"https:\\\/\\\/homeofwool.com\\\/it\\\/negozio\\\/filo-di-lino-bianco\\\/#primaryimage\"},\"thumbnailUrl\":\"https:\\\/\\\/homeofwool.com\\\/wp-content\\\/uploads\\\/2025\\\/09\\\/home-of-wool-linen-thread-\u2013-white-img_8397.jpg\",\"datePublished\":\"2025-09-02T12:00:57+00:00\",\"dateModified\":\"2026-02-09T13:01:56+00:00\",\"description\":\"Strong and natural, the White Linen Thread is breathable and eco-friendly. Durable and toxin-free, it\u2019s a reliable choice for upholstery, bedding, and sustainable, long-lasting DIY projects.\",\"breadcrumb\":{\"@id\":\"https:\\\/\\\/homeofwool.com\\\/it\\\/negozio\\\/filo-di-lino-bianco\\\/#breadcrumb\"},\"inLanguage\":\"fr-FR\",\"potentialAction\":[{\"@type\":\"ReadAction\",\"target\":[\"https:\\\/\\\/homeofwool.com\\\/it\\\/negozio\\\/filo-di-lino-bianco\\\/\"]}]},{\"@type\":\"ImageObject\",\"inLanguage\":\"fr-FR\",\"@id\":\"https:\\\/\\\/homeofwool.com\\\/it\\\/negozio\\\/filo-di-lino-bianco\\\/#primaryimage\",\"url\":\"https:\\\/\\\/homeofwool.com\\\/wp-content\\\/uploads\\\/2025\\\/09\\\/home-of-wool-linen-thread-\u2013-white-img_8397.jpg\",\"contentUrl\":\"https:\\\/\\\/homeofwool.com\\\/wp-content\\\/uploads\\\/2025\\\/09\\\/home-of-wool-linen-thread-\u2013-white-img_8397.jpg\",\"width\":2000,\"height\":1600,\"caption\":\"linen thread roll\"},{\"@type\":\"BreadcrumbList\",\"@id\":\"https:\\\/\\\/homeofwool.com\\\/it\\\/negozio\\\/filo-di-lino-bianco\\\/#breadcrumb\",\"itemListElement\":[{\"@type\":\"ListItem\",\"position\":1,\"name\":\"Home\",\"item\":\"https:\\\/\\\/homeofwool.com\\\/\"},{\"@type\":\"ListItem\",\"position\":2,\"name\":\"Products\",\"item\":\"https:\\\/\\\/homeofwool.com\\\/header-search-2\\\/\"},{\"@type\":\"ListItem\",\"position\":3,\"name\":\"Linen Thread \u2013 White\"}]},{\"@type\":\"WebSite\",\"@id\":\"https:\\\/\\\/homeofwool.com\\\/#website\",\"url\":\"https:\\\/\\\/homeofwool.com\\\/\",\"name\":\"Home of Wool\",\"description\":\"\",\"publisher\":{\"@id\":\"https:\\\/\\\/homeofwool.com\\\/#organization\"},\"potentialAction\":[{\"@type\":\"SearchAction\",\"target\":{\"@type\":\"EntryPoint\",\"urlTemplate\":\"https:\\\/\\\/homeofwool.com\\\/?s={search_term_string}\"},\"query-input\":{\"@type\":\"PropertyValueSpecification\",\"valueRequired\":true,\"valueName\":\"search_term_string\"}}],\"inLanguage\":\"fr-FR\"},{\"@type\":\"Organization\",\"@id\":\"https:\\\/\\\/homeofwool.com\\\/#organization\",\"name\":\"Home of Wool\",\"url\":\"https:\\\/\\\/homeofwool.com\\\/\",\"logo\":{\"@type\":\"ImageObject\",\"inLanguage\":\"fr-FR\",\"@id\":\"https:\\\/\\\/homeofwool.com\\\/#\\\/schema\\\/logo\\\/image\\\/\",\"url\":\"https:\\\/\\\/homeofwool.com\\\/wp-content\\\/uploads\\\/2025\\\/09\\\/WhatsApp-Image-2025-12-02-at-16.23.20.jpeg\",\"contentUrl\":\"https:\\\/\\\/homeofwool.com\\\/wp-content\\\/uploads\\\/2025\\\/09\\\/WhatsApp-Image-2025-12-02-at-16.23.20.jpeg\",\"width\":700,\"height\":247,\"caption\":\"Home of Wool\"},\"image\":{\"@id\":\"https:\\\/\\\/homeofwool.com\\\/#\\\/schema\\\/logo\\\/image\\\/\"},\"sameAs\":[\"https:\\\/\\\/facebook.com\\\/HomeOfWoolOfficial\"]}]}<\/script>\n<!-- \/ Yoast SEO Premium plugin. -->","yoast_head_json":{"title":"Fil de lin blanc \u2013 Enti\u00e8rement naturel et durable | Home of Wool","description":"Solide et naturel, le fil de lin blanc est respirant et \u00e9cologique. Durable et sans toxines, c'est un choix fiable pour l'ameublement, la literie et les projets de bricolage durables et r\u00e9sistants.","robots":{"index":"index","follow":"follow","max-snippet":"max-snippet:-1","max-image-preview":"max-image-preview:large","max-video-preview":"max-video-preview:-1"},"canonical":"https:\/\/homeofwool.com\/fr\/boutique\/fil-de-lin-blanc\/","og_locale":"fr_FR","og_type":"article","og_title":"Linen Thread \u2013 White","og_description":"Strong and natural, the White Linen Thread is breathable and eco-friendly. Durable and toxin-free, it\u2019s a reliable choice for upholstery, bedding, and sustainable, long-lasting DIY projects.","og_url":"https:\/\/homeofwool.com\/fr\/boutique\/fil-de-lin-blanc\/","og_site_name":"Home of Wool","article_publisher":"https:\/\/facebook.com\/HomeOfWoolOfficial","article_modified_time":"2026-02-09T13:01:56+00:00","og_image":[{"width":2000,"height":1600,"url":"https:\/\/homeofwool.com\/wp-content\/uploads\/2025\/09\/home-of-wool-linen-thread-\u2013-white-img_8397.jpg","type":"image\/jpeg"}],"twitter_card":"summary_large_image","twitter_misc":{"Dur\u00e9e de lecture estim\u00e9e":"1 minute"},"schema":{"@context":"https:\/\/schema.org","@graph":[{"@type":"WebPage","@id":"https:\/\/homeofwool.com\/it\/negozio\/filo-di-lino-bianco\/","url":"https:\/\/homeofwool.com\/it\/negozio\/filo-di-lino-bianco\/","name":"Fil de lin blanc \u2013 Enti\u00e8rement naturel et durable | Home of Wool","isPartOf":{"@id":"https:\/\/homeofwool.com\/#website"},"primaryImageOfPage":{"@id":"https:\/\/homeofwool.com\/it\/negozio\/filo-di-lino-bianco\/#primaryimage"},"image":{"@id":"https:\/\/homeofwool.com\/it\/negozio\/filo-di-lino-bianco\/#primaryimage"},"thumbnailUrl":"https:\/\/homeofwool.com\/wp-content\/uploads\/2025\/09\/home-of-wool-linen-thread-\u2013-white-img_8397.jpg","datePublished":"2025-09-02T12:00:57+00:00","dateModified":"2026-02-09T13:01:56+00:00","description":"Solide et naturel, le fil de lin blanc est respirant et \u00e9cologique. Durable et sans toxines, c'est un choix fiable pour l'ameublement, la literie et les projets de bricolage durables et r\u00e9sistants.","breadcrumb":{"@id":"https:\/\/homeofwool.com\/it\/negozio\/filo-di-lino-bianco\/#breadcrumb"},"inLanguage":"fr-FR","potentialAction":[{"@type":"ReadAction","target":["https:\/\/homeofwool.com\/it\/negozio\/filo-di-lino-bianco\/"]}]},{"@type":"ImageObject","inLanguage":"fr-FR","@id":"https:\/\/homeofwool.com\/it\/negozio\/filo-di-lino-bianco\/#primaryimage","url":"https:\/\/homeofwool.com\/wp-content\/uploads\/2025\/09\/home-of-wool-linen-thread-\u2013-white-img_8397.jpg","contentUrl":"https:\/\/homeofwool.com\/wp-content\/uploads\/2025\/09\/home-of-wool-linen-thread-\u2013-white-img_8397.jpg","width":2000,"height":1600,"caption":"linen thread roll"},{"@type":"BreadcrumbList","@id":"https:\/\/homeofwool.com\/it\/negozio\/filo-di-lino-bianco\/#breadcrumb","itemListElement":[{"@type":"ListItem","position":1,"name":"Home","item":"https:\/\/homeofwool.com\/"},{"@type":"ListItem","position":2,"name":"Products","item":"https:\/\/homeofwool.com\/header-search-2\/"},{"@type":"ListItem","position":3,"name":"Linen Thread \u2013 White"}]},{"@type":"WebSite","@id":"https:\/\/homeofwool.com\/#website","url":"https:\/\/homeofwool.com\/","name":"La maison de la laine","description":"","publisher":{"@id":"https:\/\/homeofwool.com\/#organization"},"potentialAction":[{"@type":"SearchAction","target":{"@type":"EntryPoint","urlTemplate":"https:\/\/homeofwool.com\/?s={search_term_string}"},"query-input":{"@type":"PropertyValueSpecification","valueRequired":true,"valueName":"search_term_string"}}],"inLanguage":"fr-FR"},{"@type":"Organization","@id":"https:\/\/homeofwool.com\/#organization","name":"La maison de la laine","url":"https:\/\/homeofwool.com\/","logo":{"@type":"ImageObject","inLanguage":"fr-FR","@id":"https:\/\/homeofwool.com\/#\/schema\/logo\/image\/","url":"https:\/\/homeofwool.com\/wp-content\/uploads\/2025\/09\/WhatsApp-Image-2025-12-02-at-16.23.20.jpeg","contentUrl":"https:\/\/homeofwool.com\/wp-content\/uploads\/2025\/09\/WhatsApp-Image-2025-12-02-at-16.23.20.jpeg","width":700,"height":247,"caption":"Home of Wool"},"image":{"@id":"https:\/\/homeofwool.com\/#\/schema\/logo\/image\/"},"sameAs":["https:\/\/facebook.com\/HomeOfWoolOfficial"]}]}},"_links":{"self":[{"href":"https:\/\/homeofwool.com\/fr\/wp-json\/wp\/v2\/product\/217541","targetHints":{"allow":["GET"]}}],"collection":[{"href":"https:\/\/homeofwool.com\/fr\/wp-json\/wp\/v2\/product"}],"about":[{"href":"https:\/\/homeofwool.com\/fr\/wp-json\/wp\/v2\/types\/product"}],"version-history":[{"count":1,"href":"https:\/\/homeofwool.com\/fr\/wp-json\/wp\/v2\/product\/217541\/revisions"}],"predecessor-version":[{"id":227858,"href":"https:\/\/homeofwool.com\/fr\/wp-json\/wp\/v2\/product\/217541\/revisions\/227858"}],"wp:featuredmedia":[{"embeddable":true,"href":"https:\/\/homeofwool.com\/fr\/wp-json\/wp\/v2\/media\/223036"}],"wp:attachment":[{"href":"https:\/\/homeofwool.com\/fr\/wp-json\/wp\/v2\/media?parent=217541"}],"wp:term":[{"taxonomy":"product_brand","embeddable":true,"href":"https:\/\/homeofwool.com\/fr\/wp-json\/wp\/v2\/product_brand?post=217541"},{"taxonomy":"product_cat","embeddable":true,"href":"https:\/\/homeofwool.com\/fr\/wp-json\/wp\/v2\/product_cat?post=217541"},{"taxonomy":"product_tag","embeddable":true,"href":"https:\/\/homeofwool.com\/fr\/wp-json\/wp\/v2\/product_tag?post=217541"}],"curies":[{"name":"wp","href":"https:\/\/api.w.org\/{rel}","templated":true}]}}