{"id":217533,"date":"2025-09-02T12:00:56","date_gmt":"2025-09-02T12:00:56","guid":{"rendered":"https:\/\/homeofwool.com\/?post_type=product&#038;p=217533"},"modified":"2026-01-26T14:39:25","modified_gmt":"2026-01-26T14:39:25","slug":"echantillon-de-matelas","status":"publish","type":"product","link":"https:\/\/homeofwool.com\/fr\/shop\/mattress-sample\/","title":{"rendered":"\u00c9chantillon de matelas avec \u00e9chantillon de prot\u00e8ge-matelas"},"content":{"rendered":"<p>Le choix du matelas id\u00e9al est une d\u00e9cision personnelle, et nous voulons que vous soyez s\u00fbr de votre choix. Gr\u00e2ce \u00e0 notre \u00e9chantillon de matelas, vous pouvez d\u00e9couvrir l'aspect, le confort et la qualit\u00e9 de fabrication de nos matelas rembourr\u00e9s de laine chez vous avant d'investir dans un matelas de taille normale.<\/p>\n<p>Chaque \u00e9chantillon mesure 40 x 40 cm et comprend les m\u00eames mat\u00e9riaux durables et d\u00e9tails artisanaux que le produit fini. Pour compl\u00e9ter votre essai, le colis contient un \u00e9chantillon de protection, vous permettant d'avoir l'esprit tranquille quant \u00e0 l'entretien et la maintenance quotidiens. <span class=\"ql-badge ql-badge-green\">L'\u00e9chantillon de matelas comprend toutes les finitions de bord disponibles et est fabriqu\u00e9 avec deux des trois options de tissu, le coton et le lin, afin que vous puissiez les voir et les toucher avant de prendre une d\u00e9cision. L'option laine est pr\u00e9sent\u00e9e dans l'\u00e9chantillon de prot\u00e8ge-matelas, ce qui vous permet d'en appr\u00e9cier directement la texture et la qualit\u00e9.<\/span><\/p>\n<p>De nombreux clients trouvent \u00e9galement cet \u00e9chantillon pratique au-del\u00e0 des tests. Il peut parfaitement servir de petit coussin de sol ou m\u00eame de lit douillet pour un animal de compagnie ador\u00e9.<\/p>\n<p>Lorsque vous d\u00e9cidez d'acheter votre premier matelas en laine, le co\u00fbt d'un \u00e9chantillon vous est enti\u00e8rement rembours\u00e9, ce qui vous permet de faire votre choix sans aucun risque. Veuillez noter que le remboursement n'est valable que pour les matelas standard et ne s'applique pas aux articles de notre gamme Zero Waste Mission.<\/p>","protected":false},"excerpt":{"rendered":"<p>D\u00e9couvrez le confort de nos matelas en laine naturelle avant de faire votre choix. Cet \u00e9chantillon de matelas est accompagn\u00e9 d'un \u00e9chantillon gratuit de prot\u00e8ge-matelas, afin que vous puissiez l'essayer avant de vous engager en toute confiance.<\/p>\n<p>Choisissez l'option qui vous convient le mieux et nous vous rembourserons le prix d'un \u00e9chantillon par client, lors de votre premier achat d'un matelas chez nous.*<br \/>\n<strong>Taille<\/strong>: 40 x 40 cm<br \/>\n<strong>Prendre le temps<\/strong>: 1 semaine<br \/>\n<strong>D\u00e9lai de livraison<\/strong>: 1 \u00e0 4 semaines \/ 3 jours<\/p>\n<p>*Valable uniquement pour les matelas standard et c\u00f4te \u00e0 c\u00f4te, \u00e0 l'exclusion de la campagne Z\u00e9ro d\u00e9chet.<\/p>","protected":false},"featured_media":226221,"template":"","meta":{"_acf_changed":false},"product_brand":[],"product_cat":[253,252],"product_tag":[175,192,193,195,203],"class_list":{"0":"post-217533","1":"product","2":"type-product","3":"status-publish","4":"has-post-thumbnail","6":"product_cat-product-samples","7":"product_cat-mattresses","8":"product_tag-affordable-natural-mattress","9":"product_tag-mattress-without-flame-retardant","10":"product_tag-natural-mattress","11":"product_tag-organic-mattress","12":"product_tag-wool-mattress","14":"first","15":"instock","16":"shipping-taxable","17":"purchasable","18":"product-type-variable"},"acf":[],"yoast_head":"<!-- This site is optimized with the Yoast SEO Premium plugin v27.3 (Yoast SEO v27.3) - https:\/\/yoast.com\/product\/yoast-seo-premium-wordpress\/ -->\n<title>Wool Mattress Sample with Protector Sample \u2013 Try Before Buying | Home of Wool<\/title>\n<meta name=\"description\" content=\"The Wool Mattress Sample with Protector Sample lets you test breathable wool comfort. Hypoallergenic and toxin-free, it provides safe organic sleep before choosing the full mattress.\" \/>\n<meta name=\"robots\" content=\"index, follow, max-snippet:-1, max-image-preview:large, max-video-preview:-1\" \/>\n<link rel=\"canonical\" href=\"https:\/\/homeofwool.com\/fr\/boutique\/echantillon-de-matelas\/\" \/>\n<meta property=\"og:locale\" content=\"fr_FR\" \/>\n<meta property=\"og:type\" content=\"article\" \/>\n<meta property=\"og:title\" content=\"Mattress Sample with Protector Sample\" \/>\n<meta property=\"og:description\" content=\"The Wool Mattress Sample with Protector Sample lets you test breathable wool comfort. Hypoallergenic and toxin-free, it provides safe organic sleep before choosing the full mattress.\" \/>\n<meta property=\"og:url\" content=\"https:\/\/homeofwool.com\/fr\/boutique\/echantillon-de-matelas\/\" \/>\n<meta property=\"og:site_name\" content=\"Home of Wool\" \/>\n<meta property=\"article:publisher\" content=\"https:\/\/facebook.com\/HomeOfWoolOfficial\" \/>\n<meta property=\"article:modified_time\" content=\"2026-01-26T14:39:25+00:00\" \/>\n<meta property=\"og:image\" content=\"https:\/\/homeofwool.com\/wp-content\/uploads\/2025\/09\/home-of-wool-mattress-sample-with-protector-sample-11.jpg\" \/>\n\t<meta property=\"og:image:width\" content=\"1920\" \/>\n\t<meta property=\"og:image:height\" content=\"1536\" \/>\n\t<meta property=\"og:image:type\" content=\"image\/jpeg\" \/>\n<meta name=\"twitter:card\" content=\"summary_large_image\" \/>\n<meta name=\"twitter:label1\" content=\"Dur\u00e9e de lecture estim\u00e9e\" \/>\n\t<meta name=\"twitter:data1\" content=\"1 minute\" \/>\n<script type=\"application\/ld+json\" class=\"yoast-schema-graph\">{\"@context\":\"https:\\\/\\\/schema.org\",\"@graph\":[{\"@type\":\"WebPage\",\"@id\":\"https:\\\/\\\/homeofwool.com\\\/shop\\\/mattress-sample\\\/\",\"url\":\"https:\\\/\\\/homeofwool.com\\\/shop\\\/mattress-sample\\\/\",\"name\":\"Wool Mattress Sample with Protector Sample \u2013 Try Before Buying | Home of Wool\",\"isPartOf\":{\"@id\":\"https:\\\/\\\/homeofwool.com\\\/#website\"},\"primaryImageOfPage\":{\"@id\":\"https:\\\/\\\/homeofwool.com\\\/shop\\\/mattress-sample\\\/#primaryimage\"},\"image\":{\"@id\":\"https:\\\/\\\/homeofwool.com\\\/shop\\\/mattress-sample\\\/#primaryimage\"},\"thumbnailUrl\":\"https:\\\/\\\/homeofwool.com\\\/wp-content\\\/uploads\\\/2025\\\/09\\\/home-of-wool-mattress-sample-with-protector-sample-11.jpg\",\"datePublished\":\"2025-09-02T12:00:56+00:00\",\"dateModified\":\"2026-01-26T14:39:25+00:00\",\"description\":\"The Wool Mattress Sample with Protector Sample lets you test breathable wool comfort. Hypoallergenic and toxin-free, it provides safe organic sleep before choosing the full mattress.\",\"breadcrumb\":{\"@id\":\"https:\\\/\\\/homeofwool.com\\\/shop\\\/mattress-sample\\\/#breadcrumb\"},\"inLanguage\":\"fr-FR\",\"potentialAction\":[{\"@type\":\"ReadAction\",\"target\":[\"https:\\\/\\\/homeofwool.com\\\/shop\\\/mattress-sample\\\/\"]}]},{\"@type\":\"ImageObject\",\"inLanguage\":\"fr-FR\",\"@id\":\"https:\\\/\\\/homeofwool.com\\\/shop\\\/mattress-sample\\\/#primaryimage\",\"url\":\"https:\\\/\\\/homeofwool.com\\\/wp-content\\\/uploads\\\/2025\\\/09\\\/home-of-wool-mattress-sample-with-protector-sample-11.jpg\",\"contentUrl\":\"https:\\\/\\\/homeofwool.com\\\/wp-content\\\/uploads\\\/2025\\\/09\\\/home-of-wool-mattress-sample-with-protector-sample-11.jpg\",\"width\":1920,\"height\":1536,\"caption\":\"wool mattress sample full view\"},{\"@type\":\"BreadcrumbList\",\"@id\":\"https:\\\/\\\/homeofwool.com\\\/shop\\\/mattress-sample\\\/#breadcrumb\",\"itemListElement\":[{\"@type\":\"ListItem\",\"position\":1,\"name\":\"Home\",\"item\":\"https:\\\/\\\/homeofwool.com\\\/\"},{\"@type\":\"ListItem\",\"position\":2,\"name\":\"Products\",\"item\":\"https:\\\/\\\/homeofwool.com\\\/header-search-2\\\/\"},{\"@type\":\"ListItem\",\"position\":3,\"name\":\"Mattress Sample with Protector Sample\"}]},{\"@type\":\"WebSite\",\"@id\":\"https:\\\/\\\/homeofwool.com\\\/#website\",\"url\":\"https:\\\/\\\/homeofwool.com\\\/\",\"name\":\"Home of Wool\",\"description\":\"\",\"publisher\":{\"@id\":\"https:\\\/\\\/homeofwool.com\\\/#organization\"},\"potentialAction\":[{\"@type\":\"SearchAction\",\"target\":{\"@type\":\"EntryPoint\",\"urlTemplate\":\"https:\\\/\\\/homeofwool.com\\\/?s={search_term_string}\"},\"query-input\":{\"@type\":\"PropertyValueSpecification\",\"valueRequired\":true,\"valueName\":\"search_term_string\"}}],\"inLanguage\":\"fr-FR\"},{\"@type\":\"Organization\",\"@id\":\"https:\\\/\\\/homeofwool.com\\\/#organization\",\"name\":\"Home of Wool\",\"url\":\"https:\\\/\\\/homeofwool.com\\\/\",\"logo\":{\"@type\":\"ImageObject\",\"inLanguage\":\"fr-FR\",\"@id\":\"https:\\\/\\\/homeofwool.com\\\/#\\\/schema\\\/logo\\\/image\\\/\",\"url\":\"https:\\\/\\\/homeofwool.com\\\/wp-content\\\/uploads\\\/2025\\\/09\\\/WhatsApp-Image-2025-12-02-at-16.23.20.jpeg\",\"contentUrl\":\"https:\\\/\\\/homeofwool.com\\\/wp-content\\\/uploads\\\/2025\\\/09\\\/WhatsApp-Image-2025-12-02-at-16.23.20.jpeg\",\"width\":700,\"height\":247,\"caption\":\"Home of Wool\"},\"image\":{\"@id\":\"https:\\\/\\\/homeofwool.com\\\/#\\\/schema\\\/logo\\\/image\\\/\"},\"sameAs\":[\"https:\\\/\\\/facebook.com\\\/HomeOfWoolOfficial\"]}]}<\/script>\n<!-- \/ Yoast SEO Premium plugin. -->","yoast_head_json":{"title":"\u00c9chantillon de matelas en laine avec prot\u00e8ge-matelas \u2013 Essayez avant d'acheter | Home of Wool","description":"L'\u00e9chantillon de matelas en laine avec prot\u00e8ge-matelas vous permet de tester le confort respirant de la laine. Hypoallerg\u00e9nique et sans toxines, il vous offre un sommeil biologique en toute s\u00e9curit\u00e9 avant de choisir le matelas complet.","robots":{"index":"index","follow":"follow","max-snippet":"max-snippet:-1","max-image-preview":"max-image-preview:large","max-video-preview":"max-video-preview:-1"},"canonical":"https:\/\/homeofwool.com\/fr\/boutique\/echantillon-de-matelas\/","og_locale":"fr_FR","og_type":"article","og_title":"Mattress Sample with Protector Sample","og_description":"The Wool Mattress Sample with Protector Sample lets you test breathable wool comfort. Hypoallergenic and toxin-free, it provides safe organic sleep before choosing the full mattress.","og_url":"https:\/\/homeofwool.com\/fr\/boutique\/echantillon-de-matelas\/","og_site_name":"Home of Wool","article_publisher":"https:\/\/facebook.com\/HomeOfWoolOfficial","article_modified_time":"2026-01-26T14:39:25+00:00","og_image":[{"width":1920,"height":1536,"url":"https:\/\/homeofwool.com\/wp-content\/uploads\/2025\/09\/home-of-wool-mattress-sample-with-protector-sample-11.jpg","type":"image\/jpeg"}],"twitter_card":"summary_large_image","twitter_misc":{"Dur\u00e9e de lecture estim\u00e9e":"1 minute"},"schema":{"@context":"https:\/\/schema.org","@graph":[{"@type":"WebPage","@id":"https:\/\/homeofwool.com\/shop\/mattress-sample\/","url":"https:\/\/homeofwool.com\/shop\/mattress-sample\/","name":"\u00c9chantillon de matelas en laine avec prot\u00e8ge-matelas \u2013 Essayez avant d'acheter | Home of Wool","isPartOf":{"@id":"https:\/\/homeofwool.com\/#website"},"primaryImageOfPage":{"@id":"https:\/\/homeofwool.com\/shop\/mattress-sample\/#primaryimage"},"image":{"@id":"https:\/\/homeofwool.com\/shop\/mattress-sample\/#primaryimage"},"thumbnailUrl":"https:\/\/homeofwool.com\/wp-content\/uploads\/2025\/09\/home-of-wool-mattress-sample-with-protector-sample-11.jpg","datePublished":"2025-09-02T12:00:56+00:00","dateModified":"2026-01-26T14:39:25+00:00","description":"L'\u00e9chantillon de matelas en laine avec prot\u00e8ge-matelas vous permet de tester le confort respirant de la laine. Hypoallerg\u00e9nique et sans toxines, il vous offre un sommeil biologique en toute s\u00e9curit\u00e9 avant de choisir le matelas complet.","breadcrumb":{"@id":"https:\/\/homeofwool.com\/shop\/mattress-sample\/#breadcrumb"},"inLanguage":"fr-FR","potentialAction":[{"@type":"ReadAction","target":["https:\/\/homeofwool.com\/shop\/mattress-sample\/"]}]},{"@type":"ImageObject","inLanguage":"fr-FR","@id":"https:\/\/homeofwool.com\/shop\/mattress-sample\/#primaryimage","url":"https:\/\/homeofwool.com\/wp-content\/uploads\/2025\/09\/home-of-wool-mattress-sample-with-protector-sample-11.jpg","contentUrl":"https:\/\/homeofwool.com\/wp-content\/uploads\/2025\/09\/home-of-wool-mattress-sample-with-protector-sample-11.jpg","width":1920,"height":1536,"caption":"wool mattress sample full view"},{"@type":"BreadcrumbList","@id":"https:\/\/homeofwool.com\/shop\/mattress-sample\/#breadcrumb","itemListElement":[{"@type":"ListItem","position":1,"name":"Home","item":"https:\/\/homeofwool.com\/"},{"@type":"ListItem","position":2,"name":"Products","item":"https:\/\/homeofwool.com\/header-search-2\/"},{"@type":"ListItem","position":3,"name":"Mattress Sample with Protector Sample"}]},{"@type":"WebSite","@id":"https:\/\/homeofwool.com\/#website","url":"https:\/\/homeofwool.com\/","name":"La maison de la laine","description":"","publisher":{"@id":"https:\/\/homeofwool.com\/#organization"},"potentialAction":[{"@type":"SearchAction","target":{"@type":"EntryPoint","urlTemplate":"https:\/\/homeofwool.com\/?s={search_term_string}"},"query-input":{"@type":"PropertyValueSpecification","valueRequired":true,"valueName":"search_term_string"}}],"inLanguage":"fr-FR"},{"@type":"Organization","@id":"https:\/\/homeofwool.com\/#organization","name":"La maison de la laine","url":"https:\/\/homeofwool.com\/","logo":{"@type":"ImageObject","inLanguage":"fr-FR","@id":"https:\/\/homeofwool.com\/#\/schema\/logo\/image\/","url":"https:\/\/homeofwool.com\/wp-content\/uploads\/2025\/09\/WhatsApp-Image-2025-12-02-at-16.23.20.jpeg","contentUrl":"https:\/\/homeofwool.com\/wp-content\/uploads\/2025\/09\/WhatsApp-Image-2025-12-02-at-16.23.20.jpeg","width":700,"height":247,"caption":"Home of Wool"},"image":{"@id":"https:\/\/homeofwool.com\/#\/schema\/logo\/image\/"},"sameAs":["https:\/\/facebook.com\/HomeOfWoolOfficial"]}]}},"_links":{"self":[{"href":"https:\/\/homeofwool.com\/fr\/wp-json\/wp\/v2\/product\/217533","targetHints":{"allow":["GET"]}}],"collection":[{"href":"https:\/\/homeofwool.com\/fr\/wp-json\/wp\/v2\/product"}],"about":[{"href":"https:\/\/homeofwool.com\/fr\/wp-json\/wp\/v2\/types\/product"}],"version-history":[{"count":3,"href":"https:\/\/homeofwool.com\/fr\/wp-json\/wp\/v2\/product\/217533\/revisions"}],"predecessor-version":[{"id":227647,"href":"https:\/\/homeofwool.com\/fr\/wp-json\/wp\/v2\/product\/217533\/revisions\/227647"}],"wp:featuredmedia":[{"embeddable":true,"href":"https:\/\/homeofwool.com\/fr\/wp-json\/wp\/v2\/media\/226221"}],"wp:attachment":[{"href":"https:\/\/homeofwool.com\/fr\/wp-json\/wp\/v2\/media?parent=217533"}],"wp:term":[{"taxonomy":"product_brand","embeddable":true,"href":"https:\/\/homeofwool.com\/fr\/wp-json\/wp\/v2\/product_brand?post=217533"},{"taxonomy":"product_cat","embeddable":true,"href":"https:\/\/homeofwool.com\/fr\/wp-json\/wp\/v2\/product_cat?post=217533"},{"taxonomy":"product_tag","embeddable":true,"href":"https:\/\/homeofwool.com\/fr\/wp-json\/wp\/v2\/product_tag?post=217533"}],"curies":[{"name":"wp","href":"https:\/\/api.w.org\/{rel}","templated":true}]}}