{"id":217532,"date":"2025-09-02T12:00:56","date_gmt":"2025-09-02T12:00:56","guid":{"rendered":"https:\/\/homeofwool.com\/?post_type=product&#038;p=217532"},"modified":"2026-02-11T10:35:39","modified_gmt":"2026-02-11T10:35:39","slug":"housse-amovible","status":"publish","type":"product","link":"https:\/\/homeofwool.com\/fr\/shop\/zip-off-cover\/","title":{"rendered":"Housse pour matelas et coussins avec fermeture \u00e9clair"},"content":{"rendered":"<p>Notre housse de matelas et de coussin amovible est con\u00e7ue pour ceux qui accordent autant d'importance \u00e0 la sant\u00e9, au confort et \u00e0 la durabilit\u00e9. Cousue \u00e0 partir de tissus naturels sans traitement chimique, elle est totalement exempte de toxines.<\/p>\n<p>Naturellement hypoallerg\u00e9nique, il aide les personnes souffrant d'allergies ou de sensibilit\u00e9s chimiques multiples en r\u00e9sistant aux acariens et aux bact\u00e9ries sans traitement suppl\u00e9mentaire.<\/p>\n<p>Tous nos tissus naturels respirent facilement, ce qui permet \u00e0 votre lit de rester frais, sec et confortable tout au long de la nuit. Chaque housse est dot\u00e9e d'une fermeture \u00e9clair sur trois c\u00f4t\u00e9s pour faciliter l'installation et le retrait, ce qui permet de la laver ou de la remplacer sans difficult\u00e9 chaque fois que n\u00e9cessaire.<\/p>\n<p>Que vous remplaciez une housse us\u00e9e ou ajoutiez une couche protectrice \u00e0 un nouveau coussin ou matelas, la housse Home of Wool apporte un confort propre et une sensation de fra\u00eecheur.<\/p>","protected":false},"excerpt":{"rendered":"<p>Prot\u00e9gez votre literie avec une housse hypoallerg\u00e9nique et sans toxines, aussi belle que fonctionnelle. Cette housse amovible pour matelas et coussins est fabriqu\u00e9e uniquement \u00e0 partir de mat\u00e9riaux naturels et durables, pour vous offrir confort et tranquillit\u00e9 d'esprit.<\/p>\n<div class=\"global-icon-set\">\n<div class=\"global-icon-set__items\">\n<div class=\"global-icon-set__item\">\n<div class=\"global-icon-set__image\">\n                                    <img decoding=\"async\" src=\"https:\/\/homeofwool.com\/wp-content\/uploads\/2025\/09\/handmade-icon-300x300.png\" alt=\"ic\u00f4ne artisanale\" \/>\n                                <\/div>\n<div class=\"global-icon-set__title\">Fait \u00e0 la main<\/div>\n<\/p><\/div>\n<div class=\"global-icon-set__item\">\n<div class=\"global-icon-set__image\">\n                                    <img decoding=\"async\" src=\"https:\/\/homeofwool.com\/wp-content\/uploads\/2025\/09\/wicks-moisture-away-300x300.png\" alt=\"\u00e9vacue l&#039;humidit\u00e9\" \/>\n                                <\/div>\n<div class=\"global-icon-set__title\">Evacue l'humidit\u00e9<\/div>\n<\/p><\/div>\n<div class=\"global-icon-set__item\">\n<div class=\"global-icon-set__image\">\n                                    <img decoding=\"async\" src=\"https:\/\/homeofwool.com\/wp-content\/uploads\/2025\/09\/VOCs-min-300x300.png\" alt=\"vocs libre\" \/>\n                                <\/div>\n<div class=\"global-icon-set__title\">Sans COV<\/div>\n<\/p><\/div>\n<div class=\"global-icon-set__item\">\n<div class=\"global-icon-set__image\">\n                                    <img decoding=\"async\" src=\"https:\/\/homeofwool.com\/wp-content\/uploads\/2025\/09\/FR-min-300x300.png\" alt=\"ic\u00f4ne de r\u00e9sistance au feu\" \/>\n                                <\/div>\n<div class=\"global-icon-set__title\">R\u00e9sistant \u00e0 la flamme<\/div>\n<\/p><\/div>\n<div class=\"global-icon-set__item\">\n<div class=\"global-icon-set__image\">\n                                    <img decoding=\"async\" src=\"https:\/\/homeofwool.com\/wp-content\/uploads\/2025\/09\/Hypoallergenic-min-300x300.png\" alt=\"ic\u00f4ne hypoallerg\u00e9nique\" \/>\n                                <\/div>\n<div class=\"global-icon-set__title\">Hypoallerg\u00e9nique<\/div>\n<\/p><\/div>\n<div class=\"global-icon-set__item\">\n<div class=\"global-icon-set__image\">\n                                    <img decoding=\"async\" src=\"https:\/\/homeofwool.com\/wp-content\/uploads\/2025\/09\/free-of-synthetics-icon-300x300.png\" alt=\"sans mati\u00e8res synth\u00e9tiques ic\u00f4ne\" \/>\n                                <\/div>\n<div class=\"global-icon-set__title\">Sans mati\u00e8res synth\u00e9tiques<\/div>\n<\/p><\/div>\n<div class=\"global-icon-set__item\">\n<div class=\"global-icon-set__image\">\n                                    <img decoding=\"async\" src=\"https:\/\/homeofwool.com\/wp-content\/uploads\/2025\/09\/chemical-free-icon-300x300.png\" alt=\"ic\u00f4ne de l&#039;absence de produits chimiques\" \/>\n                                <\/div>\n<div class=\"global-icon-set__title\">Sans produits chimiques<\/div>\n<\/p><\/div>\n<div class=\"global-icon-set__item\">\n<div class=\"global-icon-set__image\">\n                                    <img decoding=\"async\" src=\"https:\/\/homeofwool.com\/wp-content\/uploads\/2025\/09\/anti-bacterial-icon-300x300.png\" alt=\"ic\u00f4ne anti-bact\u00e9rien\" \/>\n                                <\/div>\n<div class=\"global-icon-set__title\">Anti-microbien et anti-bact\u00e9rien<\/div>\n<\/p><\/div>\n<div class=\"global-icon-set__item\">\n<div class=\"global-icon-set__image\">\n                                    <img decoding=\"async\" src=\"https:\/\/homeofwool.com\/wp-content\/uploads\/2025\/09\/certified-materials-icon-300x300.png\" alt=\"ic\u00f4ne des mat\u00e9riaux certifi\u00e9s\" \/>\n                                <\/div>\n<div class=\"global-icon-set__title\">100% Mat\u00e9riaux certifi\u00e9s purs<\/div>\n<\/p><\/div>\n<\/p><\/div>\n<\/p><\/div>","protected":false},"featured_media":227645,"template":"","meta":{"_acf_changed":false},"product_brand":[],"product_cat":[406],"product_tag":[422,423,424,425,149,411,426,427],"class_list":{"0":"post-217532","1":"product","2":"type-product","3":"status-publish","4":"has-post-thumbnail","6":"product_cat-protectors-covers-sheets","7":"product_tag-custom-outer-case","8":"product_tag-daybed-cushion-cover","9":"product_tag-futon-mattress-cover","10":"product_tag-mattress-cover","11":"product_tag-steps","12":"product_tag-waterproof-bed-cover","13":"product_tag-zip-off-bed-cover","14":"product_tag-zippered-encasement","16":"first","17":"instock","18":"shipping-taxable","19":"purchasable","20":"product-type-simple"},"acf":[],"yoast_head":"<!-- This site is optimized with the Yoast SEO Premium plugin v27.3 (Yoast SEO v27.3) - https:\/\/yoast.com\/product\/yoast-seo-premium-wordpress\/ -->\n<title>Cover for Mattresses and Cushions with Zipper | Home of Wool<\/title>\n<meta name=\"description\" content=\"Made from natural fabrics, the Cover for Mattresses and Cushions with Zipper provides breathable, durable, and toxin-free protection. Eco-friendly and practical for everyday use.\" \/>\n<meta name=\"robots\" content=\"index, follow, max-snippet:-1, max-image-preview:large, max-video-preview:-1\" \/>\n<link rel=\"canonical\" href=\"https:\/\/homeofwool.com\/fr\/boutique\/housse-amovible\/\" \/>\n<meta property=\"og:locale\" content=\"fr_FR\" \/>\n<meta property=\"og:type\" content=\"article\" \/>\n<meta property=\"og:title\" content=\"Cover for Mattresses and Cushions with Zipper\" \/>\n<meta property=\"og:description\" content=\"Made from natural fabrics, the Cover for Mattresses and Cushions with Zipper provides breathable, durable, and toxin-free protection. Eco-friendly and practical for everyday use.\" \/>\n<meta property=\"og:url\" content=\"https:\/\/homeofwool.com\/fr\/boutique\/housse-amovible\/\" \/>\n<meta property=\"og:site_name\" content=\"Home of Wool\" \/>\n<meta property=\"article:publisher\" content=\"https:\/\/facebook.com\/HomeOfWoolOfficial\" \/>\n<meta property=\"article:modified_time\" content=\"2026-02-11T10:35:39+00:00\" \/>\n<meta property=\"og:image\" content=\"https:\/\/homeofwool.com\/wp-content\/uploads\/2025\/09\/home-of-wool-cover-for-mattresses-and-cushions-with-zipper-2-detail.jpg\" \/>\n\t<meta property=\"og:image:width\" content=\"1920\" \/>\n\t<meta property=\"og:image:height\" content=\"1536\" \/>\n\t<meta property=\"og:image:type\" content=\"image\/jpeg\" \/>\n<meta name=\"twitter:card\" content=\"summary_large_image\" \/>\n<meta name=\"twitter:label1\" content=\"Dur\u00e9e de lecture estim\u00e9e\" \/>\n\t<meta name=\"twitter:data1\" content=\"1 minute\" \/>\n<script type=\"application\/ld+json\" class=\"yoast-schema-graph\">{\"@context\":\"https:\\\/\\\/schema.org\",\"@graph\":[{\"@type\":\"WebPage\",\"@id\":\"https:\\\/\\\/homeofwool.com\\\/shop\\\/zip-off-cover\\\/\",\"url\":\"https:\\\/\\\/homeofwool.com\\\/shop\\\/zip-off-cover\\\/\",\"name\":\"Cover for Mattresses and Cushions with Zipper | Home of Wool\",\"isPartOf\":{\"@id\":\"https:\\\/\\\/homeofwool.com\\\/#website\"},\"primaryImageOfPage\":{\"@id\":\"https:\\\/\\\/homeofwool.com\\\/shop\\\/zip-off-cover\\\/#primaryimage\"},\"image\":{\"@id\":\"https:\\\/\\\/homeofwool.com\\\/shop\\\/zip-off-cover\\\/#primaryimage\"},\"thumbnailUrl\":\"https:\\\/\\\/homeofwool.com\\\/wp-content\\\/uploads\\\/2025\\\/09\\\/home-of-wool-cover-for-mattresses-and-cushions-with-zipper-2-detail.jpg\",\"datePublished\":\"2025-09-02T12:00:56+00:00\",\"dateModified\":\"2026-02-11T10:35:39+00:00\",\"description\":\"Made from natural fabrics, the Cover for Mattresses and Cushions with Zipper provides breathable, durable, and toxin-free protection. Eco-friendly and practical for everyday use.\",\"breadcrumb\":{\"@id\":\"https:\\\/\\\/homeofwool.com\\\/shop\\\/zip-off-cover\\\/#breadcrumb\"},\"inLanguage\":\"fr-FR\",\"potentialAction\":[{\"@type\":\"ReadAction\",\"target\":[\"https:\\\/\\\/homeofwool.com\\\/shop\\\/zip-off-cover\\\/\"]}]},{\"@type\":\"ImageObject\",\"inLanguage\":\"fr-FR\",\"@id\":\"https:\\\/\\\/homeofwool.com\\\/shop\\\/zip-off-cover\\\/#primaryimage\",\"url\":\"https:\\\/\\\/homeofwool.com\\\/wp-content\\\/uploads\\\/2025\\\/09\\\/home-of-wool-cover-for-mattresses-and-cushions-with-zipper-2-detail.jpg\",\"contentUrl\":\"https:\\\/\\\/homeofwool.com\\\/wp-content\\\/uploads\\\/2025\\\/09\\\/home-of-wool-cover-for-mattresses-and-cushions-with-zipper-2-detail.jpg\",\"width\":1920,\"height\":1536,\"caption\":\"detail of cotton cover for mattresses and cushions with zipper\"},{\"@type\":\"BreadcrumbList\",\"@id\":\"https:\\\/\\\/homeofwool.com\\\/shop\\\/zip-off-cover\\\/#breadcrumb\",\"itemListElement\":[{\"@type\":\"ListItem\",\"position\":1,\"name\":\"Home\",\"item\":\"https:\\\/\\\/homeofwool.com\\\/\"},{\"@type\":\"ListItem\",\"position\":2,\"name\":\"Products\",\"item\":\"https:\\\/\\\/homeofwool.com\\\/header-search-2\\\/\"},{\"@type\":\"ListItem\",\"position\":3,\"name\":\"Cover for Mattresses and Cushions with Zipper\"}]},{\"@type\":\"WebSite\",\"@id\":\"https:\\\/\\\/homeofwool.com\\\/#website\",\"url\":\"https:\\\/\\\/homeofwool.com\\\/\",\"name\":\"Home of Wool\",\"description\":\"\",\"publisher\":{\"@id\":\"https:\\\/\\\/homeofwool.com\\\/#organization\"},\"potentialAction\":[{\"@type\":\"SearchAction\",\"target\":{\"@type\":\"EntryPoint\",\"urlTemplate\":\"https:\\\/\\\/homeofwool.com\\\/?s={search_term_string}\"},\"query-input\":{\"@type\":\"PropertyValueSpecification\",\"valueRequired\":true,\"valueName\":\"search_term_string\"}}],\"inLanguage\":\"fr-FR\"},{\"@type\":\"Organization\",\"@id\":\"https:\\\/\\\/homeofwool.com\\\/#organization\",\"name\":\"Home of Wool\",\"url\":\"https:\\\/\\\/homeofwool.com\\\/\",\"logo\":{\"@type\":\"ImageObject\",\"inLanguage\":\"fr-FR\",\"@id\":\"https:\\\/\\\/homeofwool.com\\\/#\\\/schema\\\/logo\\\/image\\\/\",\"url\":\"https:\\\/\\\/homeofwool.com\\\/wp-content\\\/uploads\\\/2025\\\/09\\\/WhatsApp-Image-2025-12-02-at-16.23.20.jpeg\",\"contentUrl\":\"https:\\\/\\\/homeofwool.com\\\/wp-content\\\/uploads\\\/2025\\\/09\\\/WhatsApp-Image-2025-12-02-at-16.23.20.jpeg\",\"width\":700,\"height\":247,\"caption\":\"Home of Wool\"},\"image\":{\"@id\":\"https:\\\/\\\/homeofwool.com\\\/#\\\/schema\\\/logo\\\/image\\\/\"},\"sameAs\":[\"https:\\\/\\\/facebook.com\\\/HomeOfWoolOfficial\"]}]}<\/script>\n<!-- \/ Yoast SEO Premium plugin. -->","yoast_head_json":{"title":"Housse pour matelas et coussins avec fermeture \u00e9clair | Home of Wool","description":"Fabriqu\u00e9e \u00e0 partir de tissus naturels, la housse pour matelas et coussins avec fermeture \u00e9clair offre une protection respirante, durable et sans toxines. \u00c9cologique et pratique pour un usage quotidien.","robots":{"index":"index","follow":"follow","max-snippet":"max-snippet:-1","max-image-preview":"max-image-preview:large","max-video-preview":"max-video-preview:-1"},"canonical":"https:\/\/homeofwool.com\/fr\/boutique\/housse-amovible\/","og_locale":"fr_FR","og_type":"article","og_title":"Cover for Mattresses and Cushions with Zipper","og_description":"Made from natural fabrics, the Cover for Mattresses and Cushions with Zipper provides breathable, durable, and toxin-free protection. Eco-friendly and practical for everyday use.","og_url":"https:\/\/homeofwool.com\/fr\/boutique\/housse-amovible\/","og_site_name":"Home of Wool","article_publisher":"https:\/\/facebook.com\/HomeOfWoolOfficial","article_modified_time":"2026-02-11T10:35:39+00:00","og_image":[{"width":1920,"height":1536,"url":"https:\/\/homeofwool.com\/wp-content\/uploads\/2025\/09\/home-of-wool-cover-for-mattresses-and-cushions-with-zipper-2-detail.jpg","type":"image\/jpeg"}],"twitter_card":"summary_large_image","twitter_misc":{"Dur\u00e9e de lecture estim\u00e9e":"1 minute"},"schema":{"@context":"https:\/\/schema.org","@graph":[{"@type":"WebPage","@id":"https:\/\/homeofwool.com\/shop\/zip-off-cover\/","url":"https:\/\/homeofwool.com\/shop\/zip-off-cover\/","name":"Housse pour matelas et coussins avec fermeture \u00e9clair | Home of Wool","isPartOf":{"@id":"https:\/\/homeofwool.com\/#website"},"primaryImageOfPage":{"@id":"https:\/\/homeofwool.com\/shop\/zip-off-cover\/#primaryimage"},"image":{"@id":"https:\/\/homeofwool.com\/shop\/zip-off-cover\/#primaryimage"},"thumbnailUrl":"https:\/\/homeofwool.com\/wp-content\/uploads\/2025\/09\/home-of-wool-cover-for-mattresses-and-cushions-with-zipper-2-detail.jpg","datePublished":"2025-09-02T12:00:56+00:00","dateModified":"2026-02-11T10:35:39+00:00","description":"Fabriqu\u00e9e \u00e0 partir de tissus naturels, la housse pour matelas et coussins avec fermeture \u00e9clair offre une protection respirante, durable et sans toxines. \u00c9cologique et pratique pour un usage quotidien.","breadcrumb":{"@id":"https:\/\/homeofwool.com\/shop\/zip-off-cover\/#breadcrumb"},"inLanguage":"fr-FR","potentialAction":[{"@type":"ReadAction","target":["https:\/\/homeofwool.com\/shop\/zip-off-cover\/"]}]},{"@type":"ImageObject","inLanguage":"fr-FR","@id":"https:\/\/homeofwool.com\/shop\/zip-off-cover\/#primaryimage","url":"https:\/\/homeofwool.com\/wp-content\/uploads\/2025\/09\/home-of-wool-cover-for-mattresses-and-cushions-with-zipper-2-detail.jpg","contentUrl":"https:\/\/homeofwool.com\/wp-content\/uploads\/2025\/09\/home-of-wool-cover-for-mattresses-and-cushions-with-zipper-2-detail.jpg","width":1920,"height":1536,"caption":"detail of cotton cover for mattresses and cushions with zipper"},{"@type":"BreadcrumbList","@id":"https:\/\/homeofwool.com\/shop\/zip-off-cover\/#breadcrumb","itemListElement":[{"@type":"ListItem","position":1,"name":"Home","item":"https:\/\/homeofwool.com\/"},{"@type":"ListItem","position":2,"name":"Products","item":"https:\/\/homeofwool.com\/header-search-2\/"},{"@type":"ListItem","position":3,"name":"Cover for Mattresses and Cushions with Zipper"}]},{"@type":"WebSite","@id":"https:\/\/homeofwool.com\/#website","url":"https:\/\/homeofwool.com\/","name":"La maison de la laine","description":"","publisher":{"@id":"https:\/\/homeofwool.com\/#organization"},"potentialAction":[{"@type":"SearchAction","target":{"@type":"EntryPoint","urlTemplate":"https:\/\/homeofwool.com\/?s={search_term_string}"},"query-input":{"@type":"PropertyValueSpecification","valueRequired":true,"valueName":"search_term_string"}}],"inLanguage":"fr-FR"},{"@type":"Organization","@id":"https:\/\/homeofwool.com\/#organization","name":"La maison de la laine","url":"https:\/\/homeofwool.com\/","logo":{"@type":"ImageObject","inLanguage":"fr-FR","@id":"https:\/\/homeofwool.com\/#\/schema\/logo\/image\/","url":"https:\/\/homeofwool.com\/wp-content\/uploads\/2025\/09\/WhatsApp-Image-2025-12-02-at-16.23.20.jpeg","contentUrl":"https:\/\/homeofwool.com\/wp-content\/uploads\/2025\/09\/WhatsApp-Image-2025-12-02-at-16.23.20.jpeg","width":700,"height":247,"caption":"Home of Wool"},"image":{"@id":"https:\/\/homeofwool.com\/#\/schema\/logo\/image\/"},"sameAs":["https:\/\/facebook.com\/HomeOfWoolOfficial"]}]}},"_links":{"self":[{"href":"https:\/\/homeofwool.com\/fr\/wp-json\/wp\/v2\/product\/217532","targetHints":{"allow":["GET"]}}],"collection":[{"href":"https:\/\/homeofwool.com\/fr\/wp-json\/wp\/v2\/product"}],"about":[{"href":"https:\/\/homeofwool.com\/fr\/wp-json\/wp\/v2\/types\/product"}],"version-history":[{"count":2,"href":"https:\/\/homeofwool.com\/fr\/wp-json\/wp\/v2\/product\/217532\/revisions"}],"predecessor-version":[{"id":227646,"href":"https:\/\/homeofwool.com\/fr\/wp-json\/wp\/v2\/product\/217532\/revisions\/227646"}],"wp:featuredmedia":[{"embeddable":true,"href":"https:\/\/homeofwool.com\/fr\/wp-json\/wp\/v2\/media\/227645"}],"wp:attachment":[{"href":"https:\/\/homeofwool.com\/fr\/wp-json\/wp\/v2\/media?parent=217532"}],"wp:term":[{"taxonomy":"product_brand","embeddable":true,"href":"https:\/\/homeofwool.com\/fr\/wp-json\/wp\/v2\/product_brand?post=217532"},{"taxonomy":"product_cat","embeddable":true,"href":"https:\/\/homeofwool.com\/fr\/wp-json\/wp\/v2\/product_cat?post=217532"},{"taxonomy":"product_tag","embeddable":true,"href":"https:\/\/homeofwool.com\/fr\/wp-json\/wp\/v2\/product_tag?post=217532"}],"curies":[{"name":"wp","href":"https:\/\/api.w.org\/{rel}","templated":true}]}}