{"id":217530,"date":"2025-09-02T12:00:56","date_gmt":"2025-09-02T12:00:56","guid":{"rendered":"https:\/\/homeofwool.com\/?post_type=product&#038;p=217530"},"modified":"2026-03-26T13:50:11","modified_gmt":"2026-03-26T13:50:11","slug":"housse-de-couette","status":"publish","type":"product","link":"https:\/\/homeofwool.com\/fr\/shop\/duvet-cover\/","title":{"rendered":"Housse de couette"},"content":{"rendered":"<p>La housse de couette Home of Wool allie des mati\u00e8res naturelles et un savoir-faire durable pour vous offrir un confort de sommeil absolu. Vous appr\u00e9cierez peut-\u00eatre la sensation de l\u00e9g\u00e8ret\u00e9 d'une housse de couette en lin, le confort polyvalent d'un m\u00e9lange lin-coton ou la douceur gracieuse d'une housse de couette en soie. Quel que soit votre choix, chaque tissu est pur et naturel du d\u00e9but \u00e0 la fin. Fabriqu\u00e9 sans colorants et sans COV. Parfait pour les dormeurs qui ont besoin de soulager leurs allergies et de profiter d'un sommeil vraiment r\u00e9parateur.<\/p>\n<p>Nous confectionnons chaque pi\u00e8ce uniquement apr\u00e8s r\u00e9ception de votre commande. Votre housse peut \u00eatre r\u00e9alis\u00e9e dans le tissu, la taille et la fermeture que vous pr\u00e9f\u00e9rez. Si votre couette n'est pas de taille standard, nous en fabriquerons une qui s'adaptera parfaitement. Et si vous souhaitez une touche plus personnelle avec une broderie, nous pouvons \u00e9galement l'ajouter. Pour un ensemble parfait, vous pouvez compl\u00e9ter votre literie avec des taies d'oreiller en option. L'ajout de taies d'oreiller transforme votre housse en un ensemble, donnant \u00e0 votre lit un aspect soign\u00e9. Et lorsque vous les commandez ensemble, vous pouvez \u00e9conomiser jusqu'\u00e0 50% sur le prix des taies d'oreiller.<\/p>\n<p>Cette housse est fabriqu\u00e9e \u00e0 partir de fibres naturelles qui respirent avec vous. Elle reste confortable saison apr\u00e8s saison. Elle ne contient aucun produit chimique cach\u00e9 et ne d\u00e9gage aucun gaz. Profitez de mat\u00e9riaux sains que vous pouvez int\u00e9grer \u00e0 votre int\u00e9rieur en toute s\u00e9r\u00e9nit\u00e9.<\/p>","protected":false},"excerpt":{"rendered":"<p>Offrez \u00e0 votre couette une couche de confort naturel gr\u00e2ce \u00e0 notre housse de couette haut de gamme. Que vous aimiez la fra\u00eecheur du lin, la douceur de la soie de m\u00fbrier ou que vous pr\u00e9f\u00e9riez un m\u00e9lange d\u00e9licat entre les deux, nous avons le tissu qui correspond \u00e0 votre fa\u00e7on de dormir. Chaque option est exempte de mati\u00e8res synth\u00e9tiques ou de produits chimiques, ce qui en fait l'une des meilleures options de housses de couette pour des nuits saines et reposantes.<\/p>\n<div class=\"global-icon-set\">\n<div class=\"global-icon-set__items\">\n<div class=\"global-icon-set__item\">\n<div class=\"global-icon-set__image\">\n                                    <img decoding=\"async\" src=\"https:\/\/homeofwool.com\/wp-content\/uploads\/2025\/09\/handmade-icon-300x300.png\" alt=\"ic\u00f4ne artisanale\" \/>\n                                <\/div>\n<div class=\"global-icon-set__title\">Fait \u00e0 la main<\/div>\n<\/p><\/div>\n<div class=\"global-icon-set__item\">\n<div class=\"global-icon-set__image\">\n                                    <img decoding=\"async\" src=\"https:\/\/homeofwool.com\/wp-content\/uploads\/2025\/09\/VOCs-min-300x300.png\" alt=\"vocs libre\" \/>\n                                <\/div>\n<div class=\"global-icon-set__title\">Sans COV<\/div>\n<\/p><\/div>\n<div class=\"global-icon-set__item\">\n<div class=\"global-icon-set__image\">\n                                    <img decoding=\"async\" src=\"https:\/\/homeofwool.com\/wp-content\/uploads\/2025\/09\/FR-min-300x300.png\" alt=\"ic\u00f4ne de r\u00e9sistance au feu\" \/>\n                                <\/div>\n<div class=\"global-icon-set__title\">R\u00e9sistant \u00e0 la flamme<\/div>\n<\/p><\/div>\n<div class=\"global-icon-set__item\">\n<div class=\"global-icon-set__image\">\n                                    <img decoding=\"async\" src=\"https:\/\/homeofwool.com\/wp-content\/uploads\/2025\/09\/Hypoallergenic-min-300x300.png\" alt=\"ic\u00f4ne hypoallerg\u00e9nique\" \/>\n                                <\/div>\n<div class=\"global-icon-set__title\">Hypoallerg\u00e9nique<\/div>\n<\/p><\/div>\n<div class=\"global-icon-set__item\">\n<div class=\"global-icon-set__image\">\n                                    <img decoding=\"async\" src=\"https:\/\/homeofwool.com\/wp-content\/uploads\/2025\/09\/free-of-synthetics-icon-300x300.png\" alt=\"sans mati\u00e8res synth\u00e9tiques ic\u00f4ne\" \/>\n                                <\/div>\n<div class=\"global-icon-set__title\">Sans mati\u00e8res synth\u00e9tiques<\/div>\n<\/p><\/div>\n<div class=\"global-icon-set__item\">\n<div class=\"global-icon-set__image\">\n                                    <img decoding=\"async\" src=\"https:\/\/homeofwool.com\/wp-content\/uploads\/2025\/09\/chemical-free-icon-300x300.png\" alt=\"ic\u00f4ne de l&#039;absence de produits chimiques\" \/>\n                                <\/div>\n<div class=\"global-icon-set__title\">Sans produits chimiques<\/div>\n<\/p><\/div>\n<div class=\"global-icon-set__item\">\n<div class=\"global-icon-set__image\">\n                                    <img decoding=\"async\" src=\"https:\/\/homeofwool.com\/wp-content\/uploads\/2025\/09\/certified-materials-icon-300x300.png\" alt=\"ic\u00f4ne des mat\u00e9riaux certifi\u00e9s\" \/>\n                                <\/div>\n<div class=\"global-icon-set__title\">100% Mat\u00e9riaux certifi\u00e9s purs<\/div>\n<\/p><\/div>\n<\/p><\/div>\n<\/p><\/div>","protected":false},"featured_media":223700,"template":"","meta":{"_acf_changed":false},"product_brand":[],"product_cat":[60,406],"product_tag":[428,435,436,430,433,149],"class_list":{"0":"post-217530","1":"product","2":"type-product","3":"status-publish","4":"has-post-thumbnail","6":"product_cat-blankets-duvets","7":"product_cat-protectors-covers-sheets","8":"product_tag-custom-comforter","9":"product_tag-duvet-cover-king","10":"product_tag-duvet-cover-queen","11":"product_tag-duvet-insert","12":"product_tag-quilt-covers","13":"product_tag-steps","15":"first","16":"instock","17":"shipping-taxable","18":"purchasable","19":"product-type-simple"},"acf":[],"yoast_head":"<!-- This site is optimized with the Yoast SEO Premium plugin v27.3 (Yoast SEO v27.3) - https:\/\/yoast.com\/product\/yoast-seo-premium-wordpress\/ -->\n<title>Duvet Cover \u2013 Silk, Linen, Wool, Natural Fabrics | Home of Wool<\/title>\n<meta name=\"description\" content=\"Natural, breathable, and chemical-free, the Duvet Cover adds eco-friendly comfort to your bed. Choose linen, silk, or blends for healthy, restful sleep with pure materials.\" \/>\n<meta name=\"robots\" content=\"index, follow, max-snippet:-1, max-image-preview:large, max-video-preview:-1\" \/>\n<link rel=\"canonical\" href=\"https:\/\/homeofwool.com\/fr\/boutique\/housse-de-couette\/\" \/>\n<meta property=\"og:locale\" content=\"fr_FR\" \/>\n<meta property=\"og:type\" content=\"article\" \/>\n<meta property=\"og:title\" content=\"Duvet Cover\" \/>\n<meta property=\"og:description\" content=\"Natural, breathable, and chemical-free, the Duvet Cover adds eco-friendly comfort to your bed. Choose linen, silk, or blends for healthy, restful sleep with pure materials.\" \/>\n<meta property=\"og:url\" content=\"https:\/\/homeofwool.com\/fr\/boutique\/housse-de-couette\/\" \/>\n<meta property=\"og:site_name\" content=\"Home of Wool\" \/>\n<meta property=\"article:publisher\" content=\"https:\/\/facebook.com\/HomeOfWoolOfficial\" \/>\n<meta property=\"article:modified_time\" content=\"2026-03-26T13:50:11+00:00\" \/>\n<meta property=\"og:image\" content=\"https:\/\/homeofwool.com\/wp-content\/uploads\/2025\/09\/home-of-wool-duvet-cover-1-main.jpg\" \/>\n\t<meta property=\"og:image:width\" content=\"1905\" \/>\n\t<meta property=\"og:image:height\" content=\"1524\" \/>\n\t<meta property=\"og:image:type\" content=\"image\/jpeg\" \/>\n<meta name=\"twitter:card\" content=\"summary_large_image\" \/>\n<meta name=\"twitter:label1\" content=\"Dur\u00e9e de lecture estim\u00e9e\" \/>\n\t<meta name=\"twitter:data1\" content=\"2 minutes\" \/>\n<script type=\"application\/ld+json\" class=\"yoast-schema-graph\">{\"@context\":\"https:\\\/\\\/schema.org\",\"@graph\":[{\"@type\":\"WebPage\",\"@id\":\"https:\\\/\\\/homeofwool.com\\\/shop\\\/duvet-cover\\\/\",\"url\":\"https:\\\/\\\/homeofwool.com\\\/shop\\\/duvet-cover\\\/\",\"name\":\"Duvet Cover \u2013 Silk, Linen, Wool, Natural Fabrics | Home of Wool\",\"isPartOf\":{\"@id\":\"https:\\\/\\\/homeofwool.com\\\/#website\"},\"primaryImageOfPage\":{\"@id\":\"https:\\\/\\\/homeofwool.com\\\/shop\\\/duvet-cover\\\/#primaryimage\"},\"image\":{\"@id\":\"https:\\\/\\\/homeofwool.com\\\/shop\\\/duvet-cover\\\/#primaryimage\"},\"thumbnailUrl\":\"https:\\\/\\\/homeofwool.com\\\/wp-content\\\/uploads\\\/2025\\\/09\\\/home-of-wool-duvet-cover-1-main.jpg\",\"datePublished\":\"2025-09-02T12:00:56+00:00\",\"dateModified\":\"2026-03-26T13:50:11+00:00\",\"description\":\"Natural, breathable, and chemical-free, the Duvet Cover adds eco-friendly comfort to your bed. Choose linen, silk, or blends for healthy, restful sleep with pure materials.\",\"breadcrumb\":{\"@id\":\"https:\\\/\\\/homeofwool.com\\\/shop\\\/duvet-cover\\\/#breadcrumb\"},\"inLanguage\":\"fr-FR\",\"potentialAction\":[{\"@type\":\"ReadAction\",\"target\":[\"https:\\\/\\\/homeofwool.com\\\/shop\\\/duvet-cover\\\/\"]}]},{\"@type\":\"ImageObject\",\"inLanguage\":\"fr-FR\",\"@id\":\"https:\\\/\\\/homeofwool.com\\\/shop\\\/duvet-cover\\\/#primaryimage\",\"url\":\"https:\\\/\\\/homeofwool.com\\\/wp-content\\\/uploads\\\/2025\\\/09\\\/home-of-wool-duvet-cover-1-main.jpg\",\"contentUrl\":\"https:\\\/\\\/homeofwool.com\\\/wp-content\\\/uploads\\\/2025\\\/09\\\/home-of-wool-duvet-cover-1-main.jpg\",\"width\":1905,\"height\":1524,\"caption\":\"Wool duvet cover, in a bedroom setting\"},{\"@type\":\"BreadcrumbList\",\"@id\":\"https:\\\/\\\/homeofwool.com\\\/shop\\\/duvet-cover\\\/#breadcrumb\",\"itemListElement\":[{\"@type\":\"ListItem\",\"position\":1,\"name\":\"Home\",\"item\":\"https:\\\/\\\/homeofwool.com\\\/\"},{\"@type\":\"ListItem\",\"position\":2,\"name\":\"Products\",\"item\":\"https:\\\/\\\/homeofwool.com\\\/header-search-2\\\/\"},{\"@type\":\"ListItem\",\"position\":3,\"name\":\"Duvet Cover\"}]},{\"@type\":\"WebSite\",\"@id\":\"https:\\\/\\\/homeofwool.com\\\/#website\",\"url\":\"https:\\\/\\\/homeofwool.com\\\/\",\"name\":\"Home of Wool\",\"description\":\"\",\"publisher\":{\"@id\":\"https:\\\/\\\/homeofwool.com\\\/#organization\"},\"potentialAction\":[{\"@type\":\"SearchAction\",\"target\":{\"@type\":\"EntryPoint\",\"urlTemplate\":\"https:\\\/\\\/homeofwool.com\\\/?s={search_term_string}\"},\"query-input\":{\"@type\":\"PropertyValueSpecification\",\"valueRequired\":true,\"valueName\":\"search_term_string\"}}],\"inLanguage\":\"fr-FR\"},{\"@type\":\"Organization\",\"@id\":\"https:\\\/\\\/homeofwool.com\\\/#organization\",\"name\":\"Home of Wool\",\"url\":\"https:\\\/\\\/homeofwool.com\\\/\",\"logo\":{\"@type\":\"ImageObject\",\"inLanguage\":\"fr-FR\",\"@id\":\"https:\\\/\\\/homeofwool.com\\\/#\\\/schema\\\/logo\\\/image\\\/\",\"url\":\"https:\\\/\\\/homeofwool.com\\\/wp-content\\\/uploads\\\/2025\\\/09\\\/WhatsApp-Image-2025-12-02-at-16.23.20.jpeg\",\"contentUrl\":\"https:\\\/\\\/homeofwool.com\\\/wp-content\\\/uploads\\\/2025\\\/09\\\/WhatsApp-Image-2025-12-02-at-16.23.20.jpeg\",\"width\":700,\"height\":247,\"caption\":\"Home of Wool\"},\"image\":{\"@id\":\"https:\\\/\\\/homeofwool.com\\\/#\\\/schema\\\/logo\\\/image\\\/\"},\"sameAs\":[\"https:\\\/\\\/facebook.com\\\/HomeOfWoolOfficial\"]}]}<\/script>\n<!-- \/ Yoast SEO Premium plugin. -->","yoast_head_json":{"title":"Housse de couette \u2013 Soie, lin, laine, tissus naturels | Home of Wool","description":"Naturelle, respirante et sans produits chimiques, la housse de couette apporte un confort \u00e9cologique \u00e0 votre lit. Choisissez entre le lin, la soie ou des m\u00e9langes pour un sommeil sain et r\u00e9parateur gr\u00e2ce \u00e0 des mati\u00e8res pures.","robots":{"index":"index","follow":"follow","max-snippet":"max-snippet:-1","max-image-preview":"max-image-preview:large","max-video-preview":"max-video-preview:-1"},"canonical":"https:\/\/homeofwool.com\/fr\/boutique\/housse-de-couette\/","og_locale":"fr_FR","og_type":"article","og_title":"Duvet Cover","og_description":"Natural, breathable, and chemical-free, the Duvet Cover adds eco-friendly comfort to your bed. Choose linen, silk, or blends for healthy, restful sleep with pure materials.","og_url":"https:\/\/homeofwool.com\/fr\/boutique\/housse-de-couette\/","og_site_name":"Home of Wool","article_publisher":"https:\/\/facebook.com\/HomeOfWoolOfficial","article_modified_time":"2026-03-26T13:50:11+00:00","og_image":[{"width":1905,"height":1524,"url":"https:\/\/homeofwool.com\/wp-content\/uploads\/2025\/09\/home-of-wool-duvet-cover-1-main.jpg","type":"image\/jpeg"}],"twitter_card":"summary_large_image","twitter_misc":{"Dur\u00e9e de lecture estim\u00e9e":"2 minutes"},"schema":{"@context":"https:\/\/schema.org","@graph":[{"@type":"WebPage","@id":"https:\/\/homeofwool.com\/shop\/duvet-cover\/","url":"https:\/\/homeofwool.com\/shop\/duvet-cover\/","name":"Housse de couette \u2013 Soie, lin, laine, tissus naturels | Home of Wool","isPartOf":{"@id":"https:\/\/homeofwool.com\/#website"},"primaryImageOfPage":{"@id":"https:\/\/homeofwool.com\/shop\/duvet-cover\/#primaryimage"},"image":{"@id":"https:\/\/homeofwool.com\/shop\/duvet-cover\/#primaryimage"},"thumbnailUrl":"https:\/\/homeofwool.com\/wp-content\/uploads\/2025\/09\/home-of-wool-duvet-cover-1-main.jpg","datePublished":"2025-09-02T12:00:56+00:00","dateModified":"2026-03-26T13:50:11+00:00","description":"Naturelle, respirante et sans produits chimiques, la housse de couette apporte un confort \u00e9cologique \u00e0 votre lit. Choisissez entre le lin, la soie ou des m\u00e9langes pour un sommeil sain et r\u00e9parateur gr\u00e2ce \u00e0 des mati\u00e8res pures.","breadcrumb":{"@id":"https:\/\/homeofwool.com\/shop\/duvet-cover\/#breadcrumb"},"inLanguage":"fr-FR","potentialAction":[{"@type":"ReadAction","target":["https:\/\/homeofwool.com\/shop\/duvet-cover\/"]}]},{"@type":"ImageObject","inLanguage":"fr-FR","@id":"https:\/\/homeofwool.com\/shop\/duvet-cover\/#primaryimage","url":"https:\/\/homeofwool.com\/wp-content\/uploads\/2025\/09\/home-of-wool-duvet-cover-1-main.jpg","contentUrl":"https:\/\/homeofwool.com\/wp-content\/uploads\/2025\/09\/home-of-wool-duvet-cover-1-main.jpg","width":1905,"height":1524,"caption":"Wool duvet cover, in a bedroom setting"},{"@type":"BreadcrumbList","@id":"https:\/\/homeofwool.com\/shop\/duvet-cover\/#breadcrumb","itemListElement":[{"@type":"ListItem","position":1,"name":"Home","item":"https:\/\/homeofwool.com\/"},{"@type":"ListItem","position":2,"name":"Products","item":"https:\/\/homeofwool.com\/header-search-2\/"},{"@type":"ListItem","position":3,"name":"Duvet Cover"}]},{"@type":"WebSite","@id":"https:\/\/homeofwool.com\/#website","url":"https:\/\/homeofwool.com\/","name":"La maison de la laine","description":"","publisher":{"@id":"https:\/\/homeofwool.com\/#organization"},"potentialAction":[{"@type":"SearchAction","target":{"@type":"EntryPoint","urlTemplate":"https:\/\/homeofwool.com\/?s={search_term_string}"},"query-input":{"@type":"PropertyValueSpecification","valueRequired":true,"valueName":"search_term_string"}}],"inLanguage":"fr-FR"},{"@type":"Organization","@id":"https:\/\/homeofwool.com\/#organization","name":"La maison de la laine","url":"https:\/\/homeofwool.com\/","logo":{"@type":"ImageObject","inLanguage":"fr-FR","@id":"https:\/\/homeofwool.com\/#\/schema\/logo\/image\/","url":"https:\/\/homeofwool.com\/wp-content\/uploads\/2025\/09\/WhatsApp-Image-2025-12-02-at-16.23.20.jpeg","contentUrl":"https:\/\/homeofwool.com\/wp-content\/uploads\/2025\/09\/WhatsApp-Image-2025-12-02-at-16.23.20.jpeg","width":700,"height":247,"caption":"Home of Wool"},"image":{"@id":"https:\/\/homeofwool.com\/#\/schema\/logo\/image\/"},"sameAs":["https:\/\/facebook.com\/HomeOfWoolOfficial"]}]}},"_links":{"self":[{"href":"https:\/\/homeofwool.com\/fr\/wp-json\/wp\/v2\/product\/217530","targetHints":{"allow":["GET"]}}],"collection":[{"href":"https:\/\/homeofwool.com\/fr\/wp-json\/wp\/v2\/product"}],"about":[{"href":"https:\/\/homeofwool.com\/fr\/wp-json\/wp\/v2\/types\/product"}],"version-history":[{"count":2,"href":"https:\/\/homeofwool.com\/fr\/wp-json\/wp\/v2\/product\/217530\/revisions"}],"predecessor-version":[{"id":227743,"href":"https:\/\/homeofwool.com\/fr\/wp-json\/wp\/v2\/product\/217530\/revisions\/227743"}],"wp:featuredmedia":[{"embeddable":true,"href":"https:\/\/homeofwool.com\/fr\/wp-json\/wp\/v2\/media\/223700"}],"wp:attachment":[{"href":"https:\/\/homeofwool.com\/fr\/wp-json\/wp\/v2\/media?parent=217530"}],"wp:term":[{"taxonomy":"product_brand","embeddable":true,"href":"https:\/\/homeofwool.com\/fr\/wp-json\/wp\/v2\/product_brand?post=217530"},{"taxonomy":"product_cat","embeddable":true,"href":"https:\/\/homeofwool.com\/fr\/wp-json\/wp\/v2\/product_cat?post=217530"},{"taxonomy":"product_tag","embeddable":true,"href":"https:\/\/homeofwool.com\/fr\/wp-json\/wp\/v2\/product_tag?post=217530"}],"curies":[{"name":"wp","href":"https:\/\/api.w.org\/{rel}","templated":true}]}}