{"id":217529,"date":"2025-09-02T12:00:56","date_gmt":"2025-09-02T12:00:56","guid":{"rendered":"https:\/\/homeofwool.com\/?post_type=product&#038;p=217529"},"modified":"2026-02-25T13:51:29","modified_gmt":"2026-02-25T13:51:29","slug":"lots-de-literie-complementaire","status":"publish","type":"product","link":"https:\/\/homeofwool.com\/fr\/shop\/bundle-complementary-bedding\/","title":{"rendered":"Ensemble : Housse de protection + oreiller + housse de couette"},"content":{"rendered":"<p>Am\u00e9liorez votre sommeil et vos \u00e9conomies gr\u00e2ce \u00e0 notre\u00a0<strong>Ensemble : Prot\u00e8ge-matelas + oreiller + housse de couette. A<\/strong> prime mais\u00a0<strong>Literie naturelle \u00e0 prix r\u00e9duit<\/strong>\u00a0con\u00e7u pour le confort et un meilleur sommeil. Chaque\u00a0<strong>Ensemble de lit sans produits chimiques<\/strong>\u00a0est fabriqu\u00e9 \u00e0 partir de mat\u00e9riaux purs et respirants qui aident \u00e0 r\u00e9guler la temp\u00e9rature, \u00e0 \u00e9vacuer l'humidit\u00e9 et \u00e0 r\u00e9sister aux acariens, pour que vous dormiez dans un espace plus propre et plus sain.<\/p>\n<h3>Options de l'offre group\u00e9e<\/h3>\n<div class=\"ql-block\" data-block-id=\"block-1ae6349e-3f80-4d94-8ef3-0e932a6e533d\"><strong>LOT DE DEUX<\/strong><\/div>\n<ul>\n<li class=\"ql-block\" data-block-id=\"block-fb5a85da-65fa-4690-953a-df1f16b73fdd\">Prot\u00e8ge-matelas : 38\u2033 x 75\u2033 (97 x 190 cm) - 100% laine vierge, \u00e9lastiques d'angle<\/li>\n<li class=\"ql-block\" data-block-id=\"block-cefe71f3-1bad-423b-bb2d-5aaf573b40ff\">Oreiller : 1 Standard 20\u2033 x 26\u2033 (51 x 66 cm) - rembourrage en laine organique, fermet\u00e9 r\u00e9glable<\/li>\n<li class=\"ql-block\" data-block-id=\"block-53b321e9-e60a-4985-b9f7-cebdc0daefdb\">Enveloppe de couette : 64\u2033 x 89\u2033 (162 x 226 cm) - poids d'hiver, molleton de laine biologique, tissu de coton biologique<\/li>\n<\/ul>\n<div class=\"ql-block\" data-block-id=\"block-43f817f6-4290-4e76-87eb-bd221c274fbf\"><strong>BUNDLE TWIN XL<\/strong><\/div>\n<ul>\n<li class=\"ql-block\" data-block-id=\"block-952905e9-13de-4a2d-9667-32ec18dc79c0\">Prot\u00e8ge-matelas : 38\u2033 x 80\u2033 (97 x 203 cm) - 100% laine vierge, \u00e9lastiques d'angle<\/li>\n<li class=\"ql-block\" data-block-id=\"block-3dfe2513-00f6-414b-96ae-b72010c9973a\">Oreiller : 1 Standard 20\u2033 x 26\u2033 (51 x 66 cm) - rembourrage en laine organique, fermet\u00e9 r\u00e9glable<\/li>\n<li class=\"ql-block\" data-block-id=\"block-d0eac117-1641-49c6-9f72-b7c29a2ca811\">Enveloppe de couette : 74\u2033 x 98\u2033 (188 x 249 cm) - poids d'hiver, molleton de laine biologique, tissu de coton biologique<\/li>\n<\/ul>\n<div class=\"ql-block\" data-block-id=\"block-16c6717c-0ff4-4bc3-bc4b-00bef0d36248\"><strong>BUNDLE COMPLET<\/strong><\/div>\n<ul>\n<li class=\"ql-block\" data-block-id=\"block-5e1f3ab1-97ff-4765-8e85-74c7e35c53f2\">Prot\u00e8ge-matelas : 53\u2033 x 75\u2033 (135 x 190 cm) - 100% laine vierge, \u00e9lastiques d'angle<\/li>\n<li class=\"ql-block\" data-block-id=\"block-790cb076-4a00-417d-a580-1ffd8447e3cc\">Oreiller : 1 Standard 20\u2033 x 26\u2033 (51 x 66 cm) - rembourrage en laine organique, fermet\u00e9 r\u00e9glable<\/li>\n<li class=\"ql-block\" data-block-id=\"block-0f5e4bec-0e5d-4553-86ac-a31824ca36a6\">Enveloppe de couette : 95\u2033 x 98\u2033 (241 x 249 cm) - poids d'hiver, molleton de laine biologique, tissu de coton biologique<\/li>\n<\/ul>\n<div class=\"ql-block\" data-block-id=\"block-9372693c-5221-4cf5-af49-083c8a46670d\"><strong>FULL XL BUNDLE<\/strong><\/div>\n<ul>\n<li class=\"ql-block\" data-block-id=\"block-8b24cc12-92f9-4b84-914a-c299d24ba497\">Prot\u00e8ge-matelas : 53\u2033 x 80\u2033 (135 x 203 cm) - 100% laine vierge, \u00e9lastiques d'angle<\/li>\n<li class=\"ql-block\" data-block-id=\"block-8d495bd6-1fd7-4a39-a960-5038fbf932f8\">Oreiller : 1 Standard 20\u2033 x 26\u2033 (51 x 66 cm) - rembourrage en laine organique, fermet\u00e9 r\u00e9glable<\/li>\n<li class=\"ql-block\" data-block-id=\"block-b516b81b-5df1-47f4-9219-36c4a7ad1aa4\">Enveloppe de couette : 95\u2033 x 98\u2033 (241 x 249 cm) - poids d'hiver, molleton de laine biologique, tissu de coton biologique<\/li>\n<\/ul>\n<div class=\"ql-block\" data-block-id=\"block-f15d9381-3d15-4fc5-9cef-4f0e97008388\"><strong>BUNDLE DE REINE<\/strong><\/div>\n<ul>\n<li class=\"ql-block\" data-block-id=\"block-9af42401-645a-4884-a809-f40d60e48deb\">Prot\u00e8ge-matelas : 60\u2033 x 80\u2033 (152 x 203 cm) - 100% laine vierge, \u00e9lastiques d'angle<\/li>\n<li class=\"ql-block\" data-block-id=\"block-01f3b027-4d47-45b3-8ad7-21f321d1bd21\">Oreillers : 2 Queen 20\u2033 x 30\u2033 (51 x 76 cm) - rembourrage en laine organique, fermet\u00e9 r\u00e9glable<\/li>\n<li class=\"ql-block\" data-block-id=\"block-a5f1928e-4369-470d-94d0-83643d5de16f\">Enveloppe de couette : 88\u2033 x 90\u2033 (224 x 229 cm) - poids d'hiver, molleton de laine biologique, tissu de coton biologique<\/li>\n<\/ul>\n<div class=\"ql-block\" data-block-id=\"block-5f853f5f-86ab-4e2f-b098-916b6840c158\"><strong>LIASSE REINE OLYMPIQUE<\/strong><\/div>\n<ul>\n<li class=\"ql-block\" data-block-id=\"block-8c804c78-96ec-403d-aa3d-0e7f1899d9fd\">Prot\u00e8ge-matelas : 66\u2033 x 80\u2033 (168 x 203 cm) - 100% laine vierge, \u00e9lastiques d'angle<\/li>\n<li class=\"ql-block\" data-block-id=\"block-400ba917-070b-4068-8a1d-f9f522e75d22\">Oreillers : 2 Queen 20\u2033 x 30\u2033 (51 x 76 cm) - rembourrage en laine organique, fermet\u00e9 r\u00e9glable<\/li>\n<li class=\"ql-block\" data-block-id=\"block-ac4610ef-254d-49ac-a161-6180a0a962ae\">Enveloppe de couette : 88\u2033 x 90\u2033 (224 x 229 cm) - poids d'hiver, molleton de laine biologique, tissu de coton biologique<\/li>\n<\/ul>\n<div class=\"ql-block\" data-block-id=\"block-60a29845-c38b-4876-976a-12722a0a46e8\"><strong>BUNDLE ROI<\/strong><\/div>\n<ul>\n<li class=\"ql-block\" data-block-id=\"block-ba3d89a8-2c55-462f-9624-2c87b97ea364\">Prot\u00e8ge-matelas : 76\u2033 x 80\u2033 (193 x 203 cm) - 100% laine vierge, \u00e9lastiques d'angle<\/li>\n<li class=\"ql-block\" data-block-id=\"block-7f0c3956-a99a-4f2d-a625-0ea2f35a4826\">Oreillers : 2 King 20\u2033 x 36\u2033 (51 x 91 cm) - rembourrage en laine organique, fermet\u00e9 r\u00e9glable<\/li>\n<li class=\"ql-block\" data-block-id=\"block-dec231b6-2176-403a-89d8-aca8982591c1\">Enveloppe de couette : 104\u2033 x 90\u2033 (264 x 229 cm) - poids d'hiver, molleton de laine biologique, tissu de coton biologique<\/li>\n<\/ul>\n<div class=\"ql-block\" data-block-id=\"block-843256d4-767d-4f9e-b395-95a3631e8022\"><strong>BUNDLE CAL KING<\/strong><\/div>\n<ul>\n<li class=\"ql-block\" data-block-id=\"block-6bf8115b-e1e7-4a1f-ae13-7b34694e7e23\">Prot\u00e8ge-matelas : 72\u2033 x 84\u2033 (183 x 213 cm) - 100% laine vierge, \u00e9lastiques d'angle<\/li>\n<li class=\"ql-block\" data-block-id=\"block-ba99777e-5252-4f8f-8410-24b0e7d6c0af\">Oreillers : 2 King 20\u2033 x 36\u2033 (51 x 91 cm) - rembourrage en laine organique, fermet\u00e9 r\u00e9glable<\/li>\n<li class=\"ql-block\" data-block-id=\"block-3ffed8fd-3c02-4e4d-9394-cdc8dae8b941\">Enveloppe de couette : 111\u2033 x 98\u2033 (282 x 249 cm) - poids d'hiver, molleton de laine biologique, tissu de coton biologique<\/li>\n<\/ul>\n<p>Fabriqu\u00e9 en laine biologique 100% et en coton certifi\u00e9 GOTS, ce v\u00eatement est un mod\u00e8le d'\u00e9l\u00e9gance.\u00a0<strong>kit de sommeil bio<\/strong>\u00a0est naturellement hypoallerg\u00e9nique, respirant et durable.<\/p>\n<p>Les oreillers de ce set sont r\u00e9glables. Cela vous permet d'ajouter ou de retirer du rembourrage jusqu'\u00e0 ce qu'ils vous conviennent parfaitement. C'est ce qui en fait une option de literie vraiment personnalisable. Un confort adapt\u00e9 \u00e0 votre style de sommeil.<\/p>\n<p>Choisissez l'offre group\u00e9e et \u00e9conomisez 10%.<\/p>","protected":false},"excerpt":{"rendered":"<p>Dormez plus profond\u00e9ment et \u00e9conomisez davantage gr\u00e2ce \u00e0 notre ensemble de literie naturelle. Cet ensemble de literie durable comprend un prot\u00e8ge-matelas en laine, des oreillers remplis de laine et une housse de couette pour l'hiver. Fabriqu\u00e9e \u00e0 partir de laine 100% et de coton biologique, cette literie non toxique r\u00e9gule la temp\u00e9rature, est hypoallerg\u00e9nique et \u00e9vacue naturellement l'humidit\u00e9. Achetez l'ensemble sommeil bio et profitez de 10% de r\u00e9duction tout en vous enveloppant dans la sant\u00e9 et le confort d'une literie vraiment \u00e9cologique.<\/p>","protected":false},"featured_media":228533,"template":"","meta":{"_acf_changed":false},"product_brand":[],"product_cat":[248,247,60],"product_tag":[249,250,251],"class_list":{"0":"post-217529","1":"product","2":"type-product","3":"status-publish","4":"has-post-thumbnail","6":"product_cat-bundles","7":"product_cat-offers","8":"product_cat-blankets-duvets","9":"product_tag-bedding-bundles","10":"product_tag-bedding-sets","11":"product_tag-bedding-sets-queen","13":"first","14":"instock","15":"shipping-taxable","16":"purchasable","17":"product-type-variable"},"acf":[],"yoast_head":"<!-- This site is optimized with the Yoast SEO Premium plugin v27.4 (Yoast SEO v27.4) - https:\/\/yoast.com\/product\/yoast-seo-premium-wordpress\/ -->\n<title>Organic Wool Sleep Bundle: Protector + Pillows + Winter Duvet | Save 10%<\/title>\n<meta name=\"description\" content=\"Sleep deeper with our organic wool bedding bundle\u2014protector, adjustable wool pillows, winter duvet insert. Hypoallergenic, moisture-wicking. Save 10% today.\" \/>\n<meta name=\"robots\" content=\"index, follow, max-snippet:-1, max-image-preview:large, max-video-preview:-1\" \/>\n<link rel=\"canonical\" href=\"https:\/\/homeofwool.com\/fr\/boutique\/lots-de-literie-complementaire\/\" \/>\n<meta property=\"og:locale\" content=\"fr_FR\" \/>\n<meta property=\"og:type\" content=\"article\" \/>\n<meta property=\"og:title\" content=\"Bundle: Protector + Pillow + Duvet Insert\" \/>\n<meta property=\"og:description\" content=\"Sleep deeper with our organic wool bedding bundle\u2014protector, adjustable wool pillows, winter duvet insert. Hypoallergenic, moisture-wicking. Save 10% today.\" \/>\n<meta property=\"og:url\" content=\"https:\/\/homeofwool.com\/fr\/boutique\/lots-de-literie-complementaire\/\" \/>\n<meta property=\"og:site_name\" content=\"Home of Wool\" \/>\n<meta property=\"article:publisher\" content=\"https:\/\/facebook.com\/HomeOfWoolOfficial\" \/>\n<meta property=\"article:modified_time\" content=\"2026-02-25T13:51:29+00:00\" \/>\n<meta property=\"og:image\" content=\"https:\/\/homeofwool.com\/wp-content\/uploads\/2025\/09\/bundle-home-ofwool-01.jpg\" \/>\n\t<meta property=\"og:image:width\" content=\"1600\" \/>\n\t<meta property=\"og:image:height\" content=\"1280\" \/>\n\t<meta property=\"og:image:type\" content=\"image\/jpeg\" \/>\n<meta name=\"twitter:card\" content=\"summary_large_image\" \/>\n<meta name=\"twitter:label1\" content=\"Dur\u00e9e de lecture estim\u00e9e\" \/>\n\t<meta name=\"twitter:data1\" content=\"3 minutes\" \/>\n<script type=\"application\/ld+json\" class=\"yoast-schema-graph\">{\"@context\":\"https:\\\/\\\/schema.org\",\"@graph\":[{\"@type\":\"WebPage\",\"@id\":\"https:\\\/\\\/homeofwool.com\\\/shop\\\/bundle-complementary-bedding\\\/\",\"url\":\"https:\\\/\\\/homeofwool.com\\\/shop\\\/bundle-complementary-bedding\\\/\",\"name\":\"Organic Wool Sleep Bundle: Protector + Pillows + Winter Duvet | Save 10%\",\"isPartOf\":{\"@id\":\"https:\\\/\\\/homeofwool.com\\\/#website\"},\"primaryImageOfPage\":{\"@id\":\"https:\\\/\\\/homeofwool.com\\\/shop\\\/bundle-complementary-bedding\\\/#primaryimage\"},\"image\":{\"@id\":\"https:\\\/\\\/homeofwool.com\\\/shop\\\/bundle-complementary-bedding\\\/#primaryimage\"},\"thumbnailUrl\":\"https:\\\/\\\/homeofwool.com\\\/wp-content\\\/uploads\\\/2025\\\/09\\\/bundle-home-ofwool-01.jpg\",\"datePublished\":\"2025-09-02T12:00:56+00:00\",\"dateModified\":\"2026-02-25T13:51:29+00:00\",\"description\":\"Sleep deeper with our organic wool bedding bundle\u2014protector, adjustable wool pillows, winter duvet insert. Hypoallergenic, moisture-wicking. Save 10% today.\",\"breadcrumb\":{\"@id\":\"https:\\\/\\\/homeofwool.com\\\/shop\\\/bundle-complementary-bedding\\\/#breadcrumb\"},\"inLanguage\":\"fr-FR\",\"potentialAction\":[{\"@type\":\"ReadAction\",\"target\":[\"https:\\\/\\\/homeofwool.com\\\/shop\\\/bundle-complementary-bedding\\\/\"]}]},{\"@type\":\"ImageObject\",\"inLanguage\":\"fr-FR\",\"@id\":\"https:\\\/\\\/homeofwool.com\\\/shop\\\/bundle-complementary-bedding\\\/#primaryimage\",\"url\":\"https:\\\/\\\/homeofwool.com\\\/wp-content\\\/uploads\\\/2025\\\/09\\\/bundle-home-ofwool-01.jpg\",\"contentUrl\":\"https:\\\/\\\/homeofwool.com\\\/wp-content\\\/uploads\\\/2025\\\/09\\\/bundle-home-ofwool-01.jpg\",\"width\":1600,\"height\":1280,\"caption\":\"home of wool duvet, protector and pillow bundle on grey background\"},{\"@type\":\"BreadcrumbList\",\"@id\":\"https:\\\/\\\/homeofwool.com\\\/shop\\\/bundle-complementary-bedding\\\/#breadcrumb\",\"itemListElement\":[{\"@type\":\"ListItem\",\"position\":1,\"name\":\"Home\",\"item\":\"https:\\\/\\\/homeofwool.com\\\/\"},{\"@type\":\"ListItem\",\"position\":2,\"name\":\"Products\",\"item\":\"https:\\\/\\\/homeofwool.com\\\/header-search-2\\\/\"},{\"@type\":\"ListItem\",\"position\":3,\"name\":\"Bundle: Protector + Pillow + Duvet Insert\"}]},{\"@type\":\"WebSite\",\"@id\":\"https:\\\/\\\/homeofwool.com\\\/#website\",\"url\":\"https:\\\/\\\/homeofwool.com\\\/\",\"name\":\"Home of Wool\",\"description\":\"\",\"publisher\":{\"@id\":\"https:\\\/\\\/homeofwool.com\\\/#organization\"},\"potentialAction\":[{\"@type\":\"SearchAction\",\"target\":{\"@type\":\"EntryPoint\",\"urlTemplate\":\"https:\\\/\\\/homeofwool.com\\\/?s={search_term_string}\"},\"query-input\":{\"@type\":\"PropertyValueSpecification\",\"valueRequired\":true,\"valueName\":\"search_term_string\"}}],\"inLanguage\":\"fr-FR\"},{\"@type\":\"Organization\",\"@id\":\"https:\\\/\\\/homeofwool.com\\\/#organization\",\"name\":\"Home of Wool\",\"url\":\"https:\\\/\\\/homeofwool.com\\\/\",\"logo\":{\"@type\":\"ImageObject\",\"inLanguage\":\"fr-FR\",\"@id\":\"https:\\\/\\\/homeofwool.com\\\/#\\\/schema\\\/logo\\\/image\\\/\",\"url\":\"https:\\\/\\\/homeofwool.com\\\/wp-content\\\/uploads\\\/2025\\\/09\\\/WhatsApp-Image-2025-12-02-at-16.23.20.jpeg\",\"contentUrl\":\"https:\\\/\\\/homeofwool.com\\\/wp-content\\\/uploads\\\/2025\\\/09\\\/WhatsApp-Image-2025-12-02-at-16.23.20.jpeg\",\"width\":700,\"height\":247,\"caption\":\"Home of Wool\"},\"image\":{\"@id\":\"https:\\\/\\\/homeofwool.com\\\/#\\\/schema\\\/logo\\\/image\\\/\"},\"sameAs\":[\"https:\\\/\\\/facebook.com\\\/HomeOfWoolOfficial\"]}]}<\/script>\n<!-- \/ Yoast SEO Premium plugin. -->","yoast_head_json":{"title":"Ensemble de sommeil en laine biologique : Protecteur + Oreillers + Couette d'hiver | Economisez 10%","description":"Dormez plus profond\u00e9ment avec notre ensemble de literie en laine biologique - protecteur, oreillers en laine r\u00e9glables, insert de couette d'hiver. Hypoallerg\u00e9nique, \u00e9vacuation de l'humidit\u00e9. Economisez 10% aujourd'hui.","robots":{"index":"index","follow":"follow","max-snippet":"max-snippet:-1","max-image-preview":"max-image-preview:large","max-video-preview":"max-video-preview:-1"},"canonical":"https:\/\/homeofwool.com\/fr\/boutique\/lots-de-literie-complementaire\/","og_locale":"fr_FR","og_type":"article","og_title":"Bundle: Protector + Pillow + Duvet Insert","og_description":"Sleep deeper with our organic wool bedding bundle\u2014protector, adjustable wool pillows, winter duvet insert. Hypoallergenic, moisture-wicking. Save 10% today.","og_url":"https:\/\/homeofwool.com\/fr\/boutique\/lots-de-literie-complementaire\/","og_site_name":"Home of Wool","article_publisher":"https:\/\/facebook.com\/HomeOfWoolOfficial","article_modified_time":"2026-02-25T13:51:29+00:00","og_image":[{"width":1600,"height":1280,"url":"https:\/\/homeofwool.com\/wp-content\/uploads\/2025\/09\/bundle-home-ofwool-01.jpg","type":"image\/jpeg"}],"twitter_card":"summary_large_image","twitter_misc":{"Dur\u00e9e de lecture estim\u00e9e":"3 minutes"},"schema":{"@context":"https:\/\/schema.org","@graph":[{"@type":"WebPage","@id":"https:\/\/homeofwool.com\/shop\/bundle-complementary-bedding\/","url":"https:\/\/homeofwool.com\/shop\/bundle-complementary-bedding\/","name":"Ensemble de sommeil en laine biologique : Protecteur + Oreillers + Couette d'hiver | Economisez 10%","isPartOf":{"@id":"https:\/\/homeofwool.com\/#website"},"primaryImageOfPage":{"@id":"https:\/\/homeofwool.com\/shop\/bundle-complementary-bedding\/#primaryimage"},"image":{"@id":"https:\/\/homeofwool.com\/shop\/bundle-complementary-bedding\/#primaryimage"},"thumbnailUrl":"https:\/\/homeofwool.com\/wp-content\/uploads\/2025\/09\/bundle-home-ofwool-01.jpg","datePublished":"2025-09-02T12:00:56+00:00","dateModified":"2026-02-25T13:51:29+00:00","description":"Dormez plus profond\u00e9ment avec notre ensemble de literie en laine biologique - protecteur, oreillers en laine r\u00e9glables, insert de couette d'hiver. Hypoallerg\u00e9nique, \u00e9vacuation de l'humidit\u00e9. Economisez 10% aujourd'hui.","breadcrumb":{"@id":"https:\/\/homeofwool.com\/shop\/bundle-complementary-bedding\/#breadcrumb"},"inLanguage":"fr-FR","potentialAction":[{"@type":"ReadAction","target":["https:\/\/homeofwool.com\/shop\/bundle-complementary-bedding\/"]}]},{"@type":"ImageObject","inLanguage":"fr-FR","@id":"https:\/\/homeofwool.com\/shop\/bundle-complementary-bedding\/#primaryimage","url":"https:\/\/homeofwool.com\/wp-content\/uploads\/2025\/09\/bundle-home-ofwool-01.jpg","contentUrl":"https:\/\/homeofwool.com\/wp-content\/uploads\/2025\/09\/bundle-home-ofwool-01.jpg","width":1600,"height":1280,"caption":"home of wool duvet, protector and pillow bundle on grey background"},{"@type":"BreadcrumbList","@id":"https:\/\/homeofwool.com\/shop\/bundle-complementary-bedding\/#breadcrumb","itemListElement":[{"@type":"ListItem","position":1,"name":"Home","item":"https:\/\/homeofwool.com\/"},{"@type":"ListItem","position":2,"name":"Products","item":"https:\/\/homeofwool.com\/header-search-2\/"},{"@type":"ListItem","position":3,"name":"Bundle: Protector + Pillow + Duvet Insert"}]},{"@type":"WebSite","@id":"https:\/\/homeofwool.com\/#website","url":"https:\/\/homeofwool.com\/","name":"La maison de la laine","description":"","publisher":{"@id":"https:\/\/homeofwool.com\/#organization"},"potentialAction":[{"@type":"SearchAction","target":{"@type":"EntryPoint","urlTemplate":"https:\/\/homeofwool.com\/?s={search_term_string}"},"query-input":{"@type":"PropertyValueSpecification","valueRequired":true,"valueName":"search_term_string"}}],"inLanguage":"fr-FR"},{"@type":"Organization","@id":"https:\/\/homeofwool.com\/#organization","name":"La maison de la laine","url":"https:\/\/homeofwool.com\/","logo":{"@type":"ImageObject","inLanguage":"fr-FR","@id":"https:\/\/homeofwool.com\/#\/schema\/logo\/image\/","url":"https:\/\/homeofwool.com\/wp-content\/uploads\/2025\/09\/WhatsApp-Image-2025-12-02-at-16.23.20.jpeg","contentUrl":"https:\/\/homeofwool.com\/wp-content\/uploads\/2025\/09\/WhatsApp-Image-2025-12-02-at-16.23.20.jpeg","width":700,"height":247,"caption":"Home of Wool"},"image":{"@id":"https:\/\/homeofwool.com\/#\/schema\/logo\/image\/"},"sameAs":["https:\/\/facebook.com\/HomeOfWoolOfficial"]}]}},"_links":{"self":[{"href":"https:\/\/homeofwool.com\/fr\/wp-json\/wp\/v2\/product\/217529","targetHints":{"allow":["GET"]}}],"collection":[{"href":"https:\/\/homeofwool.com\/fr\/wp-json\/wp\/v2\/product"}],"about":[{"href":"https:\/\/homeofwool.com\/fr\/wp-json\/wp\/v2\/types\/product"}],"version-history":[{"count":2,"href":"https:\/\/homeofwool.com\/fr\/wp-json\/wp\/v2\/product\/217529\/revisions"}],"predecessor-version":[{"id":226752,"href":"https:\/\/homeofwool.com\/fr\/wp-json\/wp\/v2\/product\/217529\/revisions\/226752"}],"wp:featuredmedia":[{"embeddable":true,"href":"https:\/\/homeofwool.com\/fr\/wp-json\/wp\/v2\/media\/228533"}],"wp:attachment":[{"href":"https:\/\/homeofwool.com\/fr\/wp-json\/wp\/v2\/media?parent=217529"}],"wp:term":[{"taxonomy":"product_brand","embeddable":true,"href":"https:\/\/homeofwool.com\/fr\/wp-json\/wp\/v2\/product_brand?post=217529"},{"taxonomy":"product_cat","embeddable":true,"href":"https:\/\/homeofwool.com\/fr\/wp-json\/wp\/v2\/product_cat?post=217529"},{"taxonomy":"product_tag","embeddable":true,"href":"https:\/\/homeofwool.com\/fr\/wp-json\/wp\/v2\/product_tag?post=217529"}],"curies":[{"name":"wp","href":"https:\/\/api.w.org\/{rel}","templated":true}]}}