{"id":217526,"date":"2025-09-02T12:00:51","date_gmt":"2025-09-02T12:00:51","guid":{"rendered":"https:\/\/homeofwool.com\/?post_type=product&#038;p=217526"},"modified":"2025-10-15T08:04:06","modified_gmt":"2025-10-15T08:04:06","slug":"tissu-50-lin-50-coton","status":"publish","type":"product","link":"https:\/\/homeofwool.com\/fr\/shop\/50-linen-50-cotton-blend-fabric\/","title":{"rendered":"50% Lin \/ 50% Tissu m\u00e9lang\u00e9 coton"},"content":{"rendered":"<p>Vous pouvez ressentir l'histoire de ce tissu en lin et coton d\u00e8s que vous le touchez. Le lin lui conf\u00e8re une texture l\u00e9g\u00e8rement craquante, tandis que le coton lui apporte de la douceur. Ensemble, ils cr\u00e9ent un tissu stable, calme, un peu rustique mais raffin\u00e9.<\/p>\n<p>Sans rev\u00eatement, sans finition. Un tissu v\u00e9ritablement exempt de produits chimiques. Sa teinte est celle des fibres elles-m\u00eames. P\u00e2le, brute et non polie. Il respire facilement. L'air le traverse sans effort, laissant une sensation de fra\u00eecheur et de s\u00e9cheresse au toucher. Avec le temps, il se d\u00e9tend, se plisse doucement et devient plus doux au toucher. Il reste n\u00e9anmoins un tissu durable, suffisamment r\u00e9sistant pour durer des ann\u00e9es, tout en \u00e9tant chaud et agr\u00e9able au contact de la peau.<\/p>\n<p>Chaque pi\u00e8ce est coup\u00e9e en longueur et d'un seul tenant. Un tissu d'ameublement organique qui inspire la sinc\u00e9rit\u00e9 et l'authenticit\u00e9, un luxe discret dans sa forme la plus naturelle.<\/p>\n<p><strong>Poids<\/strong>: 200 g\/m\u00b2<br \/>\n<strong>Largeur<\/strong>: 150 cm (59 pouces)<br \/>\nNous d\u00e9couperons toute quantit\u00e9 command\u00e9e en un seul long morceau.<\/p>","protected":false},"excerpt":{"rendered":"<p>Un tissu simple et authentique, m\u00e9lange de lin et de coton. Moiti\u00e9 lin, moiti\u00e9 coton. Il est pur, \u00e9quilibr\u00e9 et r\u00e9sistant. Ce tissu sans produits chimiques n'est pas teint, il est agr\u00e9able au toucher et naturellement respirant.<\/p>\n<div class=\"global-icon-set\">\n<div class=\"global-icon-set__items\">\n<div class=\"global-icon-set__item\">\n<div class=\"global-icon-set__image\">\n                                    <img decoding=\"async\" src=\"https:\/\/homeofwool.com\/wp-content\/uploads\/2025\/09\/VOCs-min-300x300.png\" alt=\"vocs libre\" \/>\n                                <\/div>\n<div class=\"global-icon-set__title\">Sans COV<\/div>\n<\/p><\/div>\n<div class=\"global-icon-set__item\">\n<div class=\"global-icon-set__image\">\n                                    <img decoding=\"async\" src=\"https:\/\/homeofwool.com\/wp-content\/uploads\/2025\/09\/free-of-synthetics-icon-300x300.png\" alt=\"sans mati\u00e8res synth\u00e9tiques ic\u00f4ne\" \/>\n                                <\/div>\n<div class=\"global-icon-set__title\">Sans mati\u00e8res synth\u00e9tiques<\/div>\n<\/p><\/div>\n<\/p><\/div>\n<\/p><\/div>","protected":false},"featured_media":218471,"template":"","meta":{"_acf_changed":false},"product_brand":[],"product_cat":[25],"product_tag":[83,85,86,87,88,89,90,91,92,93,97,94,95],"class_list":{"0":"post-217526","1":"product","2":"type-product","3":"status-publish","4":"has-post-thumbnail","6":"product_cat-wool-fabrics-batting","7":"product_tag-cotton-fabric","8":"product_tag-craft-supplies","9":"product_tag-eco-friendly-textile","10":"product_tag-flax-linen-fabric","11":"product_tag-flax-linen-fabric-by-the-yard-or-meter","12":"product_tag-linen-cotton-blend-fabric","13":"product_tag-linen-fabric","14":"product_tag-natural-linen","15":"product_tag-prewashed-linen","16":"product_tag-pure-flax-linen","17":"product_tag-pure-linen","18":"product_tag-sewing-supply","19":"product_tag-undyed-fibers","21":"first","22":"instock","23":"shipping-taxable","24":"purchasable","25":"product-type-variable"},"acf":[],"yoast_head":"<!-- This site is optimized with the Yoast SEO Premium plugin v27.3 (Yoast SEO v27.3) - https:\/\/yoast.com\/product\/yoast-seo-premium-wordpress\/ -->\n<title>50% Linen \/ 50% Cotton Blend Fabric \u2013 100% Natural | Home of Wool<\/title>\n<meta name=\"description\" content=\"The 50% Linen \/ 50% Cotton Blend Fabric is 100% natural, breathable, and durable. Toxin-free and sustainable, it\u2019s perfect for upholstery, bedding, and eco-friendly DIY projects.\" \/>\n<meta name=\"robots\" content=\"index, follow, max-snippet:-1, max-image-preview:large, max-video-preview:-1\" \/>\n<link rel=\"canonical\" href=\"https:\/\/homeofwool.com\/fr\/boutique\/tissu-50-lin-50-coton\/\" \/>\n<meta property=\"og:locale\" content=\"fr_FR\" \/>\n<meta property=\"og:type\" content=\"article\" \/>\n<meta property=\"og:title\" content=\"50% Linen \/ 50% Cotton Blend Fabric\" \/>\n<meta property=\"og:description\" content=\"The 50% Linen \/ 50% Cotton Blend Fabric is 100% natural, breathable, and durable. Toxin-free and sustainable, it\u2019s perfect for upholstery, bedding, and eco-friendly DIY projects.\" \/>\n<meta property=\"og:url\" content=\"https:\/\/homeofwool.com\/fr\/boutique\/tissu-50-lin-50-coton\/\" \/>\n<meta property=\"og:site_name\" content=\"Home of Wool\" \/>\n<meta property=\"article:publisher\" content=\"https:\/\/facebook.com\/HomeOfWoolOfficial\" \/>\n<meta property=\"article:modified_time\" content=\"2025-10-15T08:04:06+00:00\" \/>\n<meta property=\"og:image\" content=\"https:\/\/homeofwool.com\/wp-content\/uploads\/2025\/09\/home-of-wool-50-linen-50-cotton-close-up.jpg\" \/>\n\t<meta property=\"og:image:width\" content=\"1900\" \/>\n\t<meta property=\"og:image:height\" content=\"1520\" \/>\n\t<meta property=\"og:image:type\" content=\"image\/jpeg\" \/>\n<meta name=\"twitter:card\" content=\"summary_large_image\" \/>\n<meta name=\"twitter:label1\" content=\"Dur\u00e9e de lecture estim\u00e9e\" \/>\n\t<meta name=\"twitter:data1\" content=\"1 minute\" \/>\n<script type=\"application\/ld+json\" class=\"yoast-schema-graph\">{\"@context\":\"https:\\\/\\\/schema.org\",\"@graph\":[{\"@type\":\"WebPage\",\"@id\":\"https:\\\/\\\/homeofwool.com\\\/shop\\\/50-linen-50-cotton-blend-fabric\\\/\",\"url\":\"https:\\\/\\\/homeofwool.com\\\/shop\\\/50-linen-50-cotton-blend-fabric\\\/\",\"name\":\"50% Linen \\\/ 50% Cotton Blend Fabric \u2013 100% Natural | Home of Wool\",\"isPartOf\":{\"@id\":\"https:\\\/\\\/homeofwool.com\\\/#website\"},\"primaryImageOfPage\":{\"@id\":\"https:\\\/\\\/homeofwool.com\\\/shop\\\/50-linen-50-cotton-blend-fabric\\\/#primaryimage\"},\"image\":{\"@id\":\"https:\\\/\\\/homeofwool.com\\\/shop\\\/50-linen-50-cotton-blend-fabric\\\/#primaryimage\"},\"thumbnailUrl\":\"https:\\\/\\\/homeofwool.com\\\/wp-content\\\/uploads\\\/2025\\\/09\\\/home-of-wool-50-linen-50-cotton-close-up.jpg\",\"datePublished\":\"2025-09-02T12:00:51+00:00\",\"dateModified\":\"2025-10-15T08:04:06+00:00\",\"description\":\"The 50% Linen \\\/ 50% Cotton Blend Fabric is 100% natural, breathable, and durable. Toxin-free and sustainable, it\u2019s perfect for upholstery, bedding, and eco-friendly DIY projects.\",\"breadcrumb\":{\"@id\":\"https:\\\/\\\/homeofwool.com\\\/shop\\\/50-linen-50-cotton-blend-fabric\\\/#breadcrumb\"},\"inLanguage\":\"fr-FR\",\"potentialAction\":[{\"@type\":\"ReadAction\",\"target\":[\"https:\\\/\\\/homeofwool.com\\\/shop\\\/50-linen-50-cotton-blend-fabric\\\/\"]}]},{\"@type\":\"ImageObject\",\"inLanguage\":\"fr-FR\",\"@id\":\"https:\\\/\\\/homeofwool.com\\\/shop\\\/50-linen-50-cotton-blend-fabric\\\/#primaryimage\",\"url\":\"https:\\\/\\\/homeofwool.com\\\/wp-content\\\/uploads\\\/2025\\\/09\\\/home-of-wool-50-linen-50-cotton-close-up.jpg\",\"contentUrl\":\"https:\\\/\\\/homeofwool.com\\\/wp-content\\\/uploads\\\/2025\\\/09\\\/home-of-wool-50-linen-50-cotton-close-up.jpg\",\"width\":1900,\"height\":1520,\"caption\":\"50% linen & 50% cotton fabric by the yard\"},{\"@type\":\"BreadcrumbList\",\"@id\":\"https:\\\/\\\/homeofwool.com\\\/shop\\\/50-linen-50-cotton-blend-fabric\\\/#breadcrumb\",\"itemListElement\":[{\"@type\":\"ListItem\",\"position\":1,\"name\":\"Home\",\"item\":\"https:\\\/\\\/homeofwool.com\\\/\"},{\"@type\":\"ListItem\",\"position\":2,\"name\":\"Products\",\"item\":\"https:\\\/\\\/homeofwool.com\\\/header-search-2\\\/\"},{\"@type\":\"ListItem\",\"position\":3,\"name\":\"50% Linen \\\/ 50% Cotton Blend Fabric\"}]},{\"@type\":\"WebSite\",\"@id\":\"https:\\\/\\\/homeofwool.com\\\/#website\",\"url\":\"https:\\\/\\\/homeofwool.com\\\/\",\"name\":\"Home of Wool\",\"description\":\"\",\"publisher\":{\"@id\":\"https:\\\/\\\/homeofwool.com\\\/#organization\"},\"potentialAction\":[{\"@type\":\"SearchAction\",\"target\":{\"@type\":\"EntryPoint\",\"urlTemplate\":\"https:\\\/\\\/homeofwool.com\\\/?s={search_term_string}\"},\"query-input\":{\"@type\":\"PropertyValueSpecification\",\"valueRequired\":true,\"valueName\":\"search_term_string\"}}],\"inLanguage\":\"fr-FR\"},{\"@type\":\"Organization\",\"@id\":\"https:\\\/\\\/homeofwool.com\\\/#organization\",\"name\":\"Home of Wool\",\"url\":\"https:\\\/\\\/homeofwool.com\\\/\",\"logo\":{\"@type\":\"ImageObject\",\"inLanguage\":\"fr-FR\",\"@id\":\"https:\\\/\\\/homeofwool.com\\\/#\\\/schema\\\/logo\\\/image\\\/\",\"url\":\"https:\\\/\\\/homeofwool.com\\\/wp-content\\\/uploads\\\/2025\\\/09\\\/WhatsApp-Image-2025-12-02-at-16.23.20.jpeg\",\"contentUrl\":\"https:\\\/\\\/homeofwool.com\\\/wp-content\\\/uploads\\\/2025\\\/09\\\/WhatsApp-Image-2025-12-02-at-16.23.20.jpeg\",\"width\":700,\"height\":247,\"caption\":\"Home of Wool\"},\"image\":{\"@id\":\"https:\\\/\\\/homeofwool.com\\\/#\\\/schema\\\/logo\\\/image\\\/\"},\"sameAs\":[\"https:\\\/\\\/facebook.com\\\/HomeOfWoolOfficial\"]}]}<\/script>\n<!-- \/ Yoast SEO Premium plugin. -->","yoast_head_json":{"title":"50% Lin \/ 50% Tissu m\u00e9lang\u00e9 coton \u2013 100% Naturel | Home of Wool","description":"Le tissu 50% en lin \/ coton m\u00e9lang\u00e9 est 100% naturel, respirant et durable. Sans toxines et durable, il est parfait pour l'ameublement, la literie et les projets de bricolage \u00e9cologiques.","robots":{"index":"index","follow":"follow","max-snippet":"max-snippet:-1","max-image-preview":"max-image-preview:large","max-video-preview":"max-video-preview:-1"},"canonical":"https:\/\/homeofwool.com\/fr\/boutique\/tissu-50-lin-50-coton\/","og_locale":"fr_FR","og_type":"article","og_title":"50% Linen \/ 50% Cotton Blend Fabric","og_description":"The 50% Linen \/ 50% Cotton Blend Fabric is 100% natural, breathable, and durable. Toxin-free and sustainable, it\u2019s perfect for upholstery, bedding, and eco-friendly DIY projects.","og_url":"https:\/\/homeofwool.com\/fr\/boutique\/tissu-50-lin-50-coton\/","og_site_name":"Home of Wool","article_publisher":"https:\/\/facebook.com\/HomeOfWoolOfficial","article_modified_time":"2025-10-15T08:04:06+00:00","og_image":[{"width":1900,"height":1520,"url":"https:\/\/homeofwool.com\/wp-content\/uploads\/2025\/09\/home-of-wool-50-linen-50-cotton-close-up.jpg","type":"image\/jpeg"}],"twitter_card":"summary_large_image","twitter_misc":{"Dur\u00e9e de lecture estim\u00e9e":"1 minute"},"schema":{"@context":"https:\/\/schema.org","@graph":[{"@type":"WebPage","@id":"https:\/\/homeofwool.com\/shop\/50-linen-50-cotton-blend-fabric\/","url":"https:\/\/homeofwool.com\/shop\/50-linen-50-cotton-blend-fabric\/","name":"50% Lin \/ 50% Tissu m\u00e9lang\u00e9 coton \u2013 100% Naturel | Home of Wool","isPartOf":{"@id":"https:\/\/homeofwool.com\/#website"},"primaryImageOfPage":{"@id":"https:\/\/homeofwool.com\/shop\/50-linen-50-cotton-blend-fabric\/#primaryimage"},"image":{"@id":"https:\/\/homeofwool.com\/shop\/50-linen-50-cotton-blend-fabric\/#primaryimage"},"thumbnailUrl":"https:\/\/homeofwool.com\/wp-content\/uploads\/2025\/09\/home-of-wool-50-linen-50-cotton-close-up.jpg","datePublished":"2025-09-02T12:00:51+00:00","dateModified":"2025-10-15T08:04:06+00:00","description":"Le tissu 50% en lin \/ coton m\u00e9lang\u00e9 est 100% naturel, respirant et durable. Sans toxines et durable, il est parfait pour l'ameublement, la literie et les projets de bricolage \u00e9cologiques.","breadcrumb":{"@id":"https:\/\/homeofwool.com\/shop\/50-linen-50-cotton-blend-fabric\/#breadcrumb"},"inLanguage":"fr-FR","potentialAction":[{"@type":"ReadAction","target":["https:\/\/homeofwool.com\/shop\/50-linen-50-cotton-blend-fabric\/"]}]},{"@type":"ImageObject","inLanguage":"fr-FR","@id":"https:\/\/homeofwool.com\/shop\/50-linen-50-cotton-blend-fabric\/#primaryimage","url":"https:\/\/homeofwool.com\/wp-content\/uploads\/2025\/09\/home-of-wool-50-linen-50-cotton-close-up.jpg","contentUrl":"https:\/\/homeofwool.com\/wp-content\/uploads\/2025\/09\/home-of-wool-50-linen-50-cotton-close-up.jpg","width":1900,"height":1520,"caption":"50% linen & 50% cotton fabric by the yard"},{"@type":"BreadcrumbList","@id":"https:\/\/homeofwool.com\/shop\/50-linen-50-cotton-blend-fabric\/#breadcrumb","itemListElement":[{"@type":"ListItem","position":1,"name":"Home","item":"https:\/\/homeofwool.com\/"},{"@type":"ListItem","position":2,"name":"Products","item":"https:\/\/homeofwool.com\/header-search-2\/"},{"@type":"ListItem","position":3,"name":"50% Linen \/ 50% Cotton Blend Fabric"}]},{"@type":"WebSite","@id":"https:\/\/homeofwool.com\/#website","url":"https:\/\/homeofwool.com\/","name":"La maison de la laine","description":"","publisher":{"@id":"https:\/\/homeofwool.com\/#organization"},"potentialAction":[{"@type":"SearchAction","target":{"@type":"EntryPoint","urlTemplate":"https:\/\/homeofwool.com\/?s={search_term_string}"},"query-input":{"@type":"PropertyValueSpecification","valueRequired":true,"valueName":"search_term_string"}}],"inLanguage":"fr-FR"},{"@type":"Organization","@id":"https:\/\/homeofwool.com\/#organization","name":"La maison de la laine","url":"https:\/\/homeofwool.com\/","logo":{"@type":"ImageObject","inLanguage":"fr-FR","@id":"https:\/\/homeofwool.com\/#\/schema\/logo\/image\/","url":"https:\/\/homeofwool.com\/wp-content\/uploads\/2025\/09\/WhatsApp-Image-2025-12-02-at-16.23.20.jpeg","contentUrl":"https:\/\/homeofwool.com\/wp-content\/uploads\/2025\/09\/WhatsApp-Image-2025-12-02-at-16.23.20.jpeg","width":700,"height":247,"caption":"Home of Wool"},"image":{"@id":"https:\/\/homeofwool.com\/#\/schema\/logo\/image\/"},"sameAs":["https:\/\/facebook.com\/HomeOfWoolOfficial"]}]}},"_links":{"self":[{"href":"https:\/\/homeofwool.com\/fr\/wp-json\/wp\/v2\/product\/217526","targetHints":{"allow":["GET"]}}],"collection":[{"href":"https:\/\/homeofwool.com\/fr\/wp-json\/wp\/v2\/product"}],"about":[{"href":"https:\/\/homeofwool.com\/fr\/wp-json\/wp\/v2\/types\/product"}],"version-history":[{"count":0,"href":"https:\/\/homeofwool.com\/fr\/wp-json\/wp\/v2\/product\/217526\/revisions"}],"wp:featuredmedia":[{"embeddable":true,"href":"https:\/\/homeofwool.com\/fr\/wp-json\/wp\/v2\/media\/218471"}],"wp:attachment":[{"href":"https:\/\/homeofwool.com\/fr\/wp-json\/wp\/v2\/media?parent=217526"}],"wp:term":[{"taxonomy":"product_brand","embeddable":true,"href":"https:\/\/homeofwool.com\/fr\/wp-json\/wp\/v2\/product_brand?post=217526"},{"taxonomy":"product_cat","embeddable":true,"href":"https:\/\/homeofwool.com\/fr\/wp-json\/wp\/v2\/product_cat?post=217526"},{"taxonomy":"product_tag","embeddable":true,"href":"https:\/\/homeofwool.com\/fr\/wp-json\/wp\/v2\/product_tag?post=217526"}],"curies":[{"name":"wp","href":"https:\/\/api.w.org\/{rel}","templated":true}]}}