{"id":217520,"date":"2025-09-02T12:00:51","date_gmt":"2025-09-02T12:00:51","guid":{"rendered":"https:\/\/homeofwool.com\/?post_type=product&#038;p=217520"},"modified":"2026-02-11T10:35:36","modified_gmt":"2026-02-11T10:35:36","slug":"oreiller-de-corps","status":"publish","type":"product","link":"https:\/\/homeofwool.com\/fr\/shop\/body-pillow\/","title":{"rendered":"Oreiller de corps en laine"},"content":{"rendered":"<p>Doux mais offrant un bon soutien, cet oreiller en laine est l'accessoire id\u00e9al pour vous sentir parfaitement \u00e0 l'aise. Qu'il s'agisse d'un oreiller pour les personnes dormant sur le c\u00f4t\u00e9, d'un compagnon fid\u00e8le pendant la grossesse ou d'un long oreiller \u00e0 serrer contre soi, il offre un confort l\u00e0 o\u00f9 votre corps en a le plus besoin. Les fibres de laine s'adaptent \u00e0 votre morphologie, vous offrant un soutien l\u00e0 o\u00f9 vous en avez le plus besoin et vous permettant de vous r\u00e9veiller plus facilement en pleine forme.<\/p>\n<p>La laine r\u00e9gule la temp\u00e9rature pour cr\u00e9er un environnement de sommeil optimal. Elle vous garde au frais lorsque la pi\u00e8ce est chaude et au chaud lorsqu'il fait plus froid. Elle \u00e9vacue \u00e9galement l'humidit\u00e9 et reste fra\u00eeche nuit apr\u00e8s nuit. Sans mati\u00e8res synth\u00e9tiques ni produits chimiques, cet oreiller non toxique est un choix s\u00fbr pour les personnes allergiques. Ses qualit\u00e9s hypoallerg\u00e9niques garantissent un air plus pur et un espace de sommeil plus calme.<\/p>\n<p>Chaque oreiller est fabriqu\u00e9 \u00e0 la main avec soin. Il est dot\u00e9 d'une fermeture \u00e9clair discr\u00e8te qui vous permet d'ajuster le rembourrage \u00e0 votre convenance. Des \u00e9chantillons sont disponibles si vous souhaitez d\u00e9couvrir les tissus et le rembourrage avant de faire votre choix.<\/p>","protected":false},"excerpt":{"rendered":"<p>L'oreiller en laine est con\u00e7u pour les personnes qui dorment sur le c\u00f4t\u00e9, les femmes enceintes ou toute personne qui souhaite profiter d'un soutien doux et r\u00e9confortant pendant la nuit. Rempli \u00e0 la main de pure laine, il offre un alignement naturel et constitue une alternative saine, non toxique et hypoallerg\u00e9nique aux oreillers traditionnels.<\/p>","protected":false},"featured_media":226501,"template":"","meta":{"_acf_changed":false},"product_brand":[],"product_cat":[316,264,254,143],"product_tag":[453,454,144,455,456,457,458,146,148,149],"class_list":{"0":"post-217520","1":"product","2":"type-product","3":"status-publish","4":"has-post-thumbnail","6":"product_cat-mothers-day","7":"product_cat-kids","8":"product_cat-pillows-pillowcases","9":"product_cat-moms-pregnancy-pillows","10":"product_tag-best-body-pillow","11":"product_tag-best-body-pillow-for-pregnancy","12":"product_tag-body-pillow","13":"product_tag-body-pillow-benefits","14":"product_tag-body-pillow-covers","15":"product_tag-custom-body-pillow","16":"product_tag-full-length-pregnancy-pillow","17":"product_tag-maternity-pillow","18":"product_tag-pregnancy-support-pillow","19":"product_tag-steps","21":"first","22":"instock","23":"shipping-taxable","24":"purchasable","25":"product-type-simple"},"acf":[],"yoast_head":"<!-- This site is optimized with the Yoast SEO Premium plugin v27.4 (Yoast SEO v27.4) - https:\/\/yoast.com\/product\/yoast-seo-premium-wordpress\/ -->\n<title>Body Pillow \u2013 Hypoallergenic &amp; Non-toxic Cuddle Pillow | Home of Wool<\/title>\n<meta name=\"description\" content=\"Soft and hypoallergenic, the Body Pillow is filled with breathable wool. Toxin-free and supportive, it offers sustainable cuddle comfort while promoting restful alignment and natural sleep.\" \/>\n<meta name=\"robots\" content=\"index, follow, max-snippet:-1, max-image-preview:large, max-video-preview:-1\" \/>\n<link rel=\"canonical\" href=\"https:\/\/homeofwool.com\/fr\/boutique\/oreiller-de-corps\/\" \/>\n<meta property=\"og:locale\" content=\"fr_FR\" \/>\n<meta property=\"og:type\" content=\"article\" \/>\n<meta property=\"og:title\" content=\"Wool Body Pillow\" \/>\n<meta property=\"og:description\" content=\"Soft and hypoallergenic, the Body Pillow is filled with breathable wool. Toxin-free and supportive, it offers sustainable cuddle comfort while promoting restful alignment and natural sleep.\" \/>\n<meta property=\"og:url\" content=\"https:\/\/homeofwool.com\/fr\/boutique\/oreiller-de-corps\/\" \/>\n<meta property=\"og:site_name\" content=\"Home of Wool\" \/>\n<meta property=\"article:publisher\" content=\"https:\/\/facebook.com\/HomeOfWoolOfficial\" \/>\n<meta property=\"article:modified_time\" content=\"2026-02-11T10:35:36+00:00\" \/>\n<meta property=\"og:image\" content=\"https:\/\/homeofwool.com\/wp-content\/uploads\/2025\/09\/home-of-wool-wool-body-pillow-11.jpg\" \/>\n\t<meta property=\"og:image:width\" content=\"1900\" \/>\n\t<meta property=\"og:image:height\" content=\"1520\" \/>\n\t<meta property=\"og:image:type\" content=\"image\/jpeg\" \/>\n<meta name=\"twitter:card\" content=\"summary_large_image\" \/>\n<meta name=\"twitter:label1\" content=\"Dur\u00e9e de lecture estim\u00e9e\" \/>\n\t<meta name=\"twitter:data1\" content=\"1 minute\" \/>\n<script type=\"application\/ld+json\" class=\"yoast-schema-graph\">{\"@context\":\"https:\\\/\\\/schema.org\",\"@graph\":[{\"@type\":\"WebPage\",\"@id\":\"https:\\\/\\\/homeofwool.com\\\/shop\\\/body-pillow\\\/\",\"url\":\"https:\\\/\\\/homeofwool.com\\\/shop\\\/body-pillow\\\/\",\"name\":\"Body Pillow \u2013 Hypoallergenic & Non-toxic Cuddle Pillow | Home of Wool\",\"isPartOf\":{\"@id\":\"https:\\\/\\\/homeofwool.com\\\/#website\"},\"primaryImageOfPage\":{\"@id\":\"https:\\\/\\\/homeofwool.com\\\/shop\\\/body-pillow\\\/#primaryimage\"},\"image\":{\"@id\":\"https:\\\/\\\/homeofwool.com\\\/shop\\\/body-pillow\\\/#primaryimage\"},\"thumbnailUrl\":\"https:\\\/\\\/homeofwool.com\\\/wp-content\\\/uploads\\\/2025\\\/09\\\/home-of-wool-wool-body-pillow-11.jpg\",\"datePublished\":\"2025-09-02T12:00:51+00:00\",\"dateModified\":\"2026-02-11T10:35:36+00:00\",\"description\":\"Soft and hypoallergenic, the Body Pillow is filled with breathable wool. Toxin-free and supportive, it offers sustainable cuddle comfort while promoting restful alignment and natural sleep.\",\"breadcrumb\":{\"@id\":\"https:\\\/\\\/homeofwool.com\\\/shop\\\/body-pillow\\\/#breadcrumb\"},\"inLanguage\":\"fr-FR\",\"potentialAction\":[{\"@type\":\"ReadAction\",\"target\":[\"https:\\\/\\\/homeofwool.com\\\/shop\\\/body-pillow\\\/\"]}]},{\"@type\":\"ImageObject\",\"inLanguage\":\"fr-FR\",\"@id\":\"https:\\\/\\\/homeofwool.com\\\/shop\\\/body-pillow\\\/#primaryimage\",\"url\":\"https:\\\/\\\/homeofwool.com\\\/wp-content\\\/uploads\\\/2025\\\/09\\\/home-of-wool-wool-body-pillow-11.jpg\",\"contentUrl\":\"https:\\\/\\\/homeofwool.com\\\/wp-content\\\/uploads\\\/2025\\\/09\\\/home-of-wool-wool-body-pillow-11.jpg\",\"width\":1900,\"height\":1520,\"caption\":\"Wool body pillow\"},{\"@type\":\"BreadcrumbList\",\"@id\":\"https:\\\/\\\/homeofwool.com\\\/shop\\\/body-pillow\\\/#breadcrumb\",\"itemListElement\":[{\"@type\":\"ListItem\",\"position\":1,\"name\":\"Home\",\"item\":\"https:\\\/\\\/homeofwool.com\\\/\"},{\"@type\":\"ListItem\",\"position\":2,\"name\":\"Products\",\"item\":\"https:\\\/\\\/homeofwool.com\\\/header-search-2\\\/\"},{\"@type\":\"ListItem\",\"position\":3,\"name\":\"Wool Body Pillow\"}]},{\"@type\":\"WebSite\",\"@id\":\"https:\\\/\\\/homeofwool.com\\\/#website\",\"url\":\"https:\\\/\\\/homeofwool.com\\\/\",\"name\":\"Home of Wool\",\"description\":\"\",\"publisher\":{\"@id\":\"https:\\\/\\\/homeofwool.com\\\/#organization\"},\"potentialAction\":[{\"@type\":\"SearchAction\",\"target\":{\"@type\":\"EntryPoint\",\"urlTemplate\":\"https:\\\/\\\/homeofwool.com\\\/?s={search_term_string}\"},\"query-input\":{\"@type\":\"PropertyValueSpecification\",\"valueRequired\":true,\"valueName\":\"search_term_string\"}}],\"inLanguage\":\"fr-FR\"},{\"@type\":\"Organization\",\"@id\":\"https:\\\/\\\/homeofwool.com\\\/#organization\",\"name\":\"Home of Wool\",\"url\":\"https:\\\/\\\/homeofwool.com\\\/\",\"logo\":{\"@type\":\"ImageObject\",\"inLanguage\":\"fr-FR\",\"@id\":\"https:\\\/\\\/homeofwool.com\\\/#\\\/schema\\\/logo\\\/image\\\/\",\"url\":\"https:\\\/\\\/homeofwool.com\\\/wp-content\\\/uploads\\\/2025\\\/09\\\/WhatsApp-Image-2025-12-02-at-16.23.20.jpeg\",\"contentUrl\":\"https:\\\/\\\/homeofwool.com\\\/wp-content\\\/uploads\\\/2025\\\/09\\\/WhatsApp-Image-2025-12-02-at-16.23.20.jpeg\",\"width\":700,\"height\":247,\"caption\":\"Home of Wool\"},\"image\":{\"@id\":\"https:\\\/\\\/homeofwool.com\\\/#\\\/schema\\\/logo\\\/image\\\/\"},\"sameAs\":[\"https:\\\/\\\/facebook.com\\\/HomeOfWoolOfficial\"]}]}<\/script>\n<!-- \/ Yoast SEO Premium plugin. -->","yoast_head_json":{"title":"Oreiller corporel \u2013 Oreiller hypoallerg\u00e9nique et non toxique | Home of Wool","description":"Doux et hypoallerg\u00e9nique, le coussin Body Pillow est rembourr\u00e9 de laine respirante. Sans toxines et offrant un bon soutien, il procure un confort durable tout en favorisant un alignement reposant et un sommeil naturel.","robots":{"index":"index","follow":"follow","max-snippet":"max-snippet:-1","max-image-preview":"max-image-preview:large","max-video-preview":"max-video-preview:-1"},"canonical":"https:\/\/homeofwool.com\/fr\/boutique\/oreiller-de-corps\/","og_locale":"fr_FR","og_type":"article","og_title":"Wool Body Pillow","og_description":"Soft and hypoallergenic, the Body Pillow is filled with breathable wool. Toxin-free and supportive, it offers sustainable cuddle comfort while promoting restful alignment and natural sleep.","og_url":"https:\/\/homeofwool.com\/fr\/boutique\/oreiller-de-corps\/","og_site_name":"Home of Wool","article_publisher":"https:\/\/facebook.com\/HomeOfWoolOfficial","article_modified_time":"2026-02-11T10:35:36+00:00","og_image":[{"width":1900,"height":1520,"url":"https:\/\/homeofwool.com\/wp-content\/uploads\/2025\/09\/home-of-wool-wool-body-pillow-11.jpg","type":"image\/jpeg"}],"twitter_card":"summary_large_image","twitter_misc":{"Dur\u00e9e de lecture estim\u00e9e":"1 minute"},"schema":{"@context":"https:\/\/schema.org","@graph":[{"@type":"WebPage","@id":"https:\/\/homeofwool.com\/shop\/body-pillow\/","url":"https:\/\/homeofwool.com\/shop\/body-pillow\/","name":"Oreiller corporel \u2013 Oreiller hypoallerg\u00e9nique et non toxique | Home of Wool","isPartOf":{"@id":"https:\/\/homeofwool.com\/#website"},"primaryImageOfPage":{"@id":"https:\/\/homeofwool.com\/shop\/body-pillow\/#primaryimage"},"image":{"@id":"https:\/\/homeofwool.com\/shop\/body-pillow\/#primaryimage"},"thumbnailUrl":"https:\/\/homeofwool.com\/wp-content\/uploads\/2025\/09\/home-of-wool-wool-body-pillow-11.jpg","datePublished":"2025-09-02T12:00:51+00:00","dateModified":"2026-02-11T10:35:36+00:00","description":"Doux et hypoallerg\u00e9nique, le coussin Body Pillow est rembourr\u00e9 de laine respirante. Sans toxines et offrant un bon soutien, il procure un confort durable tout en favorisant un alignement reposant et un sommeil naturel.","breadcrumb":{"@id":"https:\/\/homeofwool.com\/shop\/body-pillow\/#breadcrumb"},"inLanguage":"fr-FR","potentialAction":[{"@type":"ReadAction","target":["https:\/\/homeofwool.com\/shop\/body-pillow\/"]}]},{"@type":"ImageObject","inLanguage":"fr-FR","@id":"https:\/\/homeofwool.com\/shop\/body-pillow\/#primaryimage","url":"https:\/\/homeofwool.com\/wp-content\/uploads\/2025\/09\/home-of-wool-wool-body-pillow-11.jpg","contentUrl":"https:\/\/homeofwool.com\/wp-content\/uploads\/2025\/09\/home-of-wool-wool-body-pillow-11.jpg","width":1900,"height":1520,"caption":"Wool body pillow"},{"@type":"BreadcrumbList","@id":"https:\/\/homeofwool.com\/shop\/body-pillow\/#breadcrumb","itemListElement":[{"@type":"ListItem","position":1,"name":"Home","item":"https:\/\/homeofwool.com\/"},{"@type":"ListItem","position":2,"name":"Products","item":"https:\/\/homeofwool.com\/header-search-2\/"},{"@type":"ListItem","position":3,"name":"Wool Body Pillow"}]},{"@type":"WebSite","@id":"https:\/\/homeofwool.com\/#website","url":"https:\/\/homeofwool.com\/","name":"La maison de la laine","description":"","publisher":{"@id":"https:\/\/homeofwool.com\/#organization"},"potentialAction":[{"@type":"SearchAction","target":{"@type":"EntryPoint","urlTemplate":"https:\/\/homeofwool.com\/?s={search_term_string}"},"query-input":{"@type":"PropertyValueSpecification","valueRequired":true,"valueName":"search_term_string"}}],"inLanguage":"fr-FR"},{"@type":"Organization","@id":"https:\/\/homeofwool.com\/#organization","name":"La maison de la laine","url":"https:\/\/homeofwool.com\/","logo":{"@type":"ImageObject","inLanguage":"fr-FR","@id":"https:\/\/homeofwool.com\/#\/schema\/logo\/image\/","url":"https:\/\/homeofwool.com\/wp-content\/uploads\/2025\/09\/WhatsApp-Image-2025-12-02-at-16.23.20.jpeg","contentUrl":"https:\/\/homeofwool.com\/wp-content\/uploads\/2025\/09\/WhatsApp-Image-2025-12-02-at-16.23.20.jpeg","width":700,"height":247,"caption":"Home of Wool"},"image":{"@id":"https:\/\/homeofwool.com\/#\/schema\/logo\/image\/"},"sameAs":["https:\/\/facebook.com\/HomeOfWoolOfficial"]}]}},"_links":{"self":[{"href":"https:\/\/homeofwool.com\/fr\/wp-json\/wp\/v2\/product\/217520","targetHints":{"allow":["GET"]}}],"collection":[{"href":"https:\/\/homeofwool.com\/fr\/wp-json\/wp\/v2\/product"}],"about":[{"href":"https:\/\/homeofwool.com\/fr\/wp-json\/wp\/v2\/types\/product"}],"version-history":[{"count":1,"href":"https:\/\/homeofwool.com\/fr\/wp-json\/wp\/v2\/product\/217520\/revisions"}],"predecessor-version":[{"id":226507,"href":"https:\/\/homeofwool.com\/fr\/wp-json\/wp\/v2\/product\/217520\/revisions\/226507"}],"wp:featuredmedia":[{"embeddable":true,"href":"https:\/\/homeofwool.com\/fr\/wp-json\/wp\/v2\/media\/226501"}],"wp:attachment":[{"href":"https:\/\/homeofwool.com\/fr\/wp-json\/wp\/v2\/media?parent=217520"}],"wp:term":[{"taxonomy":"product_brand","embeddable":true,"href":"https:\/\/homeofwool.com\/fr\/wp-json\/wp\/v2\/product_brand?post=217520"},{"taxonomy":"product_cat","embeddable":true,"href":"https:\/\/homeofwool.com\/fr\/wp-json\/wp\/v2\/product_cat?post=217520"},{"taxonomy":"product_tag","embeddable":true,"href":"https:\/\/homeofwool.com\/fr\/wp-json\/wp\/v2\/product_tag?post=217520"}],"curies":[{"name":"wp","href":"https:\/\/api.w.org\/{rel}","templated":true}]}}