{"id":217519,"date":"2025-09-02T12:00:51","date_gmt":"2025-09-02T12:00:51","guid":{"rendered":"https:\/\/homeofwool.com\/?post_type=product&#038;p=217519"},"modified":"2026-02-11T10:35:37","modified_gmt":"2026-02-11T10:35:37","slug":"oreiller-de-grossesse-en-forme-de-c","status":"publish","type":"product","link":"https:\/\/homeofwool.com\/fr\/shop\/c-shaped-pregnancy-pillow\/","title":{"rendered":"Coussin de grossesse en laine (forme C)"},"content":{"rendered":"<p>La grossesse apporte beaucoup de joies, mais aussi le d\u00e9fi de trouver une position confortable nuit apr\u00e8s nuit. L'oreiller de grossesse en forme de C Home of Wool a \u00e9t\u00e9 con\u00e7u pour rendre ces neuf mois plus reposants. Un ventre qui s'arrondit, des hanches douloureuses et des tensions dorsales peuvent rendre difficile un sommeil r\u00e9parateur. Cet oreiller de grossesse en forme de C soulage la pression en soutenant \u00e0 la fois votre t\u00eate, votre ventre et vos hanches, vous aidant ainsi \u00e0 trouver une position naturelle et confortable.<\/p>\n<p>Le rembourrage est en pure laine. L'une des propri\u00e9t\u00e9s \u00e9tonnantes de la laine est sa capacit\u00e9 \u00e0 aider votre corps \u00e0 maintenir une temp\u00e9rature id\u00e9ale. Pendant la grossesse, beaucoup de femmes remarquent qu'elles ont facilement trop chaud. La laine r\u00e9sout ce probl\u00e8me en \u00e9vacuant l'exc\u00e8s de chaleur et d'humidit\u00e9 de votre peau.<\/p>\n<p>Comme il s'agit d'un oreiller de grossesse hypoallerg\u00e9nique, il est \u00e9galement id\u00e9al pour les dormeurs sensibles ou les personnes souffrant d'allergies. La taie d'oreiller amovible en mati\u00e8re biologique, disponible en option, facilite l'entretien. Nous avons \u00e9galement ajout\u00e9 une fermeture \u00e9clair sur la housse de l'insert, qui vous permet d'ajuster le rembourrage en laine jusqu'\u00e0 obtenir le confort souhait\u00e9.<\/p>\n<p>Plus qu'un simple oreiller de maternit\u00e9, c'est un oreiller de grossesse confortable con\u00e7u pour votre sant\u00e9. Sans produits chimiques ni synth\u00e9tiques, il vous offre un sommeil paisible pendant votre grossesse et vous aide \u00e0 vous r\u00e9veiller plus repos\u00e9e. Mesurant 152,4 x 63,5 x 18 cm, il vous enveloppe d'un soutien ergonomique tout au long de la nuit.<\/p>","protected":false},"excerpt":{"rendered":"<p>Neuf mois, c'est un long voyage, et un bon repos fait toute la diff\u00e9rence. Notre oreiller de grossesse en forme de C s'enroule autour de votre corps pour vous offrir le confort et le soutien dont vous avez besoin pour un sommeil plus profond et plus r\u00e9parateur. Cet oreiller de maternit\u00e9 non toxique est s\u00fbr, naturel et con\u00e7u pour faciliter le repos pendant la grossesse. Et il est enti\u00e8rement rembourr\u00e9 de laine pure !<\/p>\n<div class=\"global-icon-set\">\n<div class=\"global-icon-set__items\">\n<div class=\"global-icon-set__item\">\n<div class=\"global-icon-set__image\">\n                                    <img decoding=\"async\" src=\"https:\/\/homeofwool.com\/wp-content\/uploads\/2025\/09\/handmade-icon-300x300.png\" alt=\"ic\u00f4ne artisanale\" \/>\n                                <\/div>\n<div class=\"global-icon-set__title\">Fait \u00e0 la main<\/div>\n<\/p><\/div>\n<div class=\"global-icon-set__item\">\n<div class=\"global-icon-set__image\">\n                                    <img decoding=\"async\" src=\"https:\/\/homeofwool.com\/wp-content\/uploads\/2025\/09\/Exceptionally-Supportive-min-300x300.png\" alt=\"ic\u00f4ne exceptionnellement encourageante\" \/>\n                                <\/div>\n<div class=\"global-icon-set__title\">Soutien exceptionnel<\/div>\n<\/p><\/div>\n<div class=\"global-icon-set__item\">\n<div class=\"global-icon-set__image\">\n                                    <img decoding=\"async\" src=\"https:\/\/homeofwool.com\/wp-content\/uploads\/2025\/09\/wicks-moisture-away-300x300.png\" alt=\"\u00e9vacue l&#039;humidit\u00e9\" \/>\n                                <\/div>\n<div class=\"global-icon-set__title\">Evacue l'humidit\u00e9<\/div>\n<\/p><\/div>\n<div class=\"global-icon-set__item\">\n<div class=\"global-icon-set__image\">\n                                    <img decoding=\"async\" src=\"https:\/\/homeofwool.com\/wp-content\/uploads\/2025\/09\/VOCs-min-300x300.png\" alt=\"vocs libre\" \/>\n                                <\/div>\n<div class=\"global-icon-set__title\">Sans COV<\/div>\n<\/p><\/div>\n<div class=\"global-icon-set__item\">\n<div class=\"global-icon-set__image\">\n                                    <img decoding=\"async\" src=\"https:\/\/homeofwool.com\/wp-content\/uploads\/2025\/09\/FR-min-300x300.png\" alt=\"ic\u00f4ne de r\u00e9sistance au feu\" \/>\n                                <\/div>\n<div class=\"global-icon-set__title\">R\u00e9sistant \u00e0 la flamme<\/div>\n<\/p><\/div>\n<div class=\"global-icon-set__item\">\n<div class=\"global-icon-set__image\">\n                                    <img decoding=\"async\" src=\"https:\/\/homeofwool.com\/wp-content\/uploads\/2025\/09\/Hypoallergenic-min-300x300.png\" alt=\"ic\u00f4ne hypoallerg\u00e9nique\" \/>\n                                <\/div>\n<div class=\"global-icon-set__title\">Hypoallerg\u00e9nique<\/div>\n<\/p><\/div>\n<div class=\"global-icon-set__item\">\n<div class=\"global-icon-set__image\">\n                                    <img decoding=\"async\" src=\"https:\/\/homeofwool.com\/wp-content\/uploads\/2025\/09\/free-of-synthetics-icon-300x300.png\" alt=\"sans mati\u00e8res synth\u00e9tiques ic\u00f4ne\" \/>\n                                <\/div>\n<div class=\"global-icon-set__title\">Sans mati\u00e8res synth\u00e9tiques<\/div>\n<\/p><\/div>\n<div class=\"global-icon-set__item\">\n<div class=\"global-icon-set__image\">\n                                    <img decoding=\"async\" src=\"https:\/\/homeofwool.com\/wp-content\/uploads\/2025\/09\/chemical-free-icon-300x300.png\" alt=\"ic\u00f4ne de l&#039;absence de produits chimiques\" \/>\n                                <\/div>\n<div class=\"global-icon-set__title\">Sans produits chimiques<\/div>\n<\/p><\/div>\n<div class=\"global-icon-set__item\">\n<div class=\"global-icon-set__image\">\n                                    <img decoding=\"async\" src=\"https:\/\/homeofwool.com\/wp-content\/uploads\/2025\/09\/anti-bacterial-icon-300x300.png\" alt=\"ic\u00f4ne anti-bact\u00e9rien\" \/>\n                                <\/div>\n<div class=\"global-icon-set__title\">Anti-microbien et anti-bact\u00e9rien<\/div>\n<\/p><\/div>\n<div class=\"global-icon-set__item\">\n<div class=\"global-icon-set__image\">\n                                    <img decoding=\"async\" src=\"https:\/\/homeofwool.com\/wp-content\/uploads\/2025\/09\/certified-materials-icon-300x300.png\" alt=\"ic\u00f4ne des mat\u00e9riaux certifi\u00e9s\" \/>\n                                <\/div>\n<div class=\"global-icon-set__title\">100% Mat\u00e9riaux certifi\u00e9s purs<\/div>\n<\/p><\/div>\n<\/p><\/div>\n<\/p><\/div>","protected":false},"featured_media":219616,"template":"","meta":{"_acf_changed":false},"product_brand":[],"product_cat":[264,143],"product_tag":[144,145,146,147,148,149],"class_list":{"0":"post-217519","1":"product","2":"type-product","3":"status-publish","4":"has-post-thumbnail","6":"product_cat-kids","7":"product_cat-moms-pregnancy-pillows","8":"product_tag-body-pillow","9":"product_tag-c-shaped-body-pillow","10":"product_tag-maternity-pillow","11":"product_tag-natural-wool-bedding","12":"product_tag-pregnancy-support-pillow","13":"product_tag-steps","15":"first","16":"instock","17":"shipping-taxable","18":"purchasable","19":"product-type-simple"},"acf":[],"yoast_head":"<!-- This site is optimized with the Yoast SEO Premium plugin v27.3 (Yoast SEO v27.3) - https:\/\/yoast.com\/product\/yoast-seo-premium-wordpress\/ -->\n<title>C-shaped Pregnancy Pillow \u2013 Hypoallergenic Maternity Pillow | Home of Wool<\/title>\n<meta name=\"description\" content=\"The C-Shaped Pregnancy Pillow surrounds the body in breathable wool comfort. Hypoallergenic and toxin-free, it delivers supportive, natural rest for mothers during maternity sleep.\" \/>\n<meta name=\"robots\" content=\"index, follow, max-snippet:-1, max-image-preview:large, max-video-preview:-1\" \/>\n<link rel=\"canonical\" href=\"https:\/\/homeofwool.com\/fr\/boutique\/oreiller-de-grossesse-en-forme-de-c\/\" \/>\n<meta property=\"og:locale\" content=\"fr_FR\" \/>\n<meta property=\"og:type\" content=\"article\" \/>\n<meta property=\"og:title\" content=\"Wool Pregnancy Pillow (C-Shaped)\" \/>\n<meta property=\"og:description\" content=\"The C-Shaped Pregnancy Pillow surrounds the body in breathable wool comfort. Hypoallergenic and toxin-free, it delivers supportive, natural rest for mothers during maternity sleep.\" \/>\n<meta property=\"og:url\" content=\"https:\/\/homeofwool.com\/fr\/boutique\/oreiller-de-grossesse-en-forme-de-c\/\" \/>\n<meta property=\"og:site_name\" content=\"Home of Wool\" \/>\n<meta property=\"article:publisher\" content=\"https:\/\/facebook.com\/HomeOfWoolOfficial\" \/>\n<meta property=\"article:modified_time\" content=\"2026-02-11T10:35:37+00:00\" \/>\n<meta property=\"og:image\" content=\"https:\/\/homeofwool.com\/wp-content\/uploads\/2025\/09\/home-of-wool-wool-pregnancy-pillow-c-shaped-3-.jpg\" \/>\n\t<meta property=\"og:image:width\" content=\"2000\" \/>\n\t<meta property=\"og:image:height\" content=\"1600\" \/>\n\t<meta property=\"og:image:type\" content=\"image\/jpeg\" \/>\n<meta name=\"twitter:card\" content=\"summary_large_image\" \/>\n<meta name=\"twitter:label1\" content=\"Dur\u00e9e de lecture estim\u00e9e\" \/>\n\t<meta name=\"twitter:data1\" content=\"2 minutes\" \/>\n<script type=\"application\/ld+json\" class=\"yoast-schema-graph\">{\"@context\":\"https:\\\/\\\/schema.org\",\"@graph\":[{\"@type\":\"WebPage\",\"@id\":\"https:\\\/\\\/homeofwool.com\\\/shop\\\/c-shaped-pregnancy-pillow\\\/\",\"url\":\"https:\\\/\\\/homeofwool.com\\\/shop\\\/c-shaped-pregnancy-pillow\\\/\",\"name\":\"C-shaped Pregnancy Pillow \u2013 Hypoallergenic Maternity Pillow | Home of Wool\",\"isPartOf\":{\"@id\":\"https:\\\/\\\/homeofwool.com\\\/#website\"},\"primaryImageOfPage\":{\"@id\":\"https:\\\/\\\/homeofwool.com\\\/shop\\\/c-shaped-pregnancy-pillow\\\/#primaryimage\"},\"image\":{\"@id\":\"https:\\\/\\\/homeofwool.com\\\/shop\\\/c-shaped-pregnancy-pillow\\\/#primaryimage\"},\"thumbnailUrl\":\"https:\\\/\\\/homeofwool.com\\\/wp-content\\\/uploads\\\/2025\\\/09\\\/home-of-wool-wool-pregnancy-pillow-c-shaped-3-.jpg\",\"datePublished\":\"2025-09-02T12:00:51+00:00\",\"dateModified\":\"2026-02-11T10:35:37+00:00\",\"description\":\"The C-Shaped Pregnancy Pillow surrounds the body in breathable wool comfort. Hypoallergenic and toxin-free, it delivers supportive, natural rest for mothers during maternity sleep.\",\"breadcrumb\":{\"@id\":\"https:\\\/\\\/homeofwool.com\\\/shop\\\/c-shaped-pregnancy-pillow\\\/#breadcrumb\"},\"inLanguage\":\"fr-FR\",\"potentialAction\":[{\"@type\":\"ReadAction\",\"target\":[\"https:\\\/\\\/homeofwool.com\\\/shop\\\/c-shaped-pregnancy-pillow\\\/\"]}]},{\"@type\":\"ImageObject\",\"inLanguage\":\"fr-FR\",\"@id\":\"https:\\\/\\\/homeofwool.com\\\/shop\\\/c-shaped-pregnancy-pillow\\\/#primaryimage\",\"url\":\"https:\\\/\\\/homeofwool.com\\\/wp-content\\\/uploads\\\/2025\\\/09\\\/home-of-wool-wool-pregnancy-pillow-c-shaped-3-.jpg\",\"contentUrl\":\"https:\\\/\\\/homeofwool.com\\\/wp-content\\\/uploads\\\/2025\\\/09\\\/home-of-wool-wool-pregnancy-pillow-c-shaped-3-.jpg\",\"width\":2000,\"height\":1600,\"caption\":\"wool pregnancy pillow c shaped\"},{\"@type\":\"BreadcrumbList\",\"@id\":\"https:\\\/\\\/homeofwool.com\\\/shop\\\/c-shaped-pregnancy-pillow\\\/#breadcrumb\",\"itemListElement\":[{\"@type\":\"ListItem\",\"position\":1,\"name\":\"Home\",\"item\":\"https:\\\/\\\/homeofwool.com\\\/\"},{\"@type\":\"ListItem\",\"position\":2,\"name\":\"Products\",\"item\":\"https:\\\/\\\/homeofwool.com\\\/header-search-2\\\/\"},{\"@type\":\"ListItem\",\"position\":3,\"name\":\"Wool Pregnancy Pillow (C-Shaped)\"}]},{\"@type\":\"WebSite\",\"@id\":\"https:\\\/\\\/homeofwool.com\\\/#website\",\"url\":\"https:\\\/\\\/homeofwool.com\\\/\",\"name\":\"Home of Wool\",\"description\":\"\",\"publisher\":{\"@id\":\"https:\\\/\\\/homeofwool.com\\\/#organization\"},\"potentialAction\":[{\"@type\":\"SearchAction\",\"target\":{\"@type\":\"EntryPoint\",\"urlTemplate\":\"https:\\\/\\\/homeofwool.com\\\/?s={search_term_string}\"},\"query-input\":{\"@type\":\"PropertyValueSpecification\",\"valueRequired\":true,\"valueName\":\"search_term_string\"}}],\"inLanguage\":\"fr-FR\"},{\"@type\":\"Organization\",\"@id\":\"https:\\\/\\\/homeofwool.com\\\/#organization\",\"name\":\"Home of Wool\",\"url\":\"https:\\\/\\\/homeofwool.com\\\/\",\"logo\":{\"@type\":\"ImageObject\",\"inLanguage\":\"fr-FR\",\"@id\":\"https:\\\/\\\/homeofwool.com\\\/#\\\/schema\\\/logo\\\/image\\\/\",\"url\":\"https:\\\/\\\/homeofwool.com\\\/wp-content\\\/uploads\\\/2025\\\/09\\\/WhatsApp-Image-2025-12-02-at-16.23.20.jpeg\",\"contentUrl\":\"https:\\\/\\\/homeofwool.com\\\/wp-content\\\/uploads\\\/2025\\\/09\\\/WhatsApp-Image-2025-12-02-at-16.23.20.jpeg\",\"width\":700,\"height\":247,\"caption\":\"Home of Wool\"},\"image\":{\"@id\":\"https:\\\/\\\/homeofwool.com\\\/#\\\/schema\\\/logo\\\/image\\\/\"},\"sameAs\":[\"https:\\\/\\\/facebook.com\\\/HomeOfWoolOfficial\"]}]}<\/script>\n<!-- \/ Yoast SEO Premium plugin. -->","yoast_head_json":{"title":"Oreiller de grossesse en forme de C \u2013 Oreiller de maternit\u00e9 hypoallerg\u00e9nique | Home of Wool","description":"L'oreiller de grossesse en forme de C enveloppe le corps dans le confort respirant de la laine. Hypoallerg\u00e9nique et sans toxines, il offre un soutien naturel aux m\u00e8res pendant leur sommeil.","robots":{"index":"index","follow":"follow","max-snippet":"max-snippet:-1","max-image-preview":"max-image-preview:large","max-video-preview":"max-video-preview:-1"},"canonical":"https:\/\/homeofwool.com\/fr\/boutique\/oreiller-de-grossesse-en-forme-de-c\/","og_locale":"fr_FR","og_type":"article","og_title":"Wool Pregnancy Pillow (C-Shaped)","og_description":"The C-Shaped Pregnancy Pillow surrounds the body in breathable wool comfort. Hypoallergenic and toxin-free, it delivers supportive, natural rest for mothers during maternity sleep.","og_url":"https:\/\/homeofwool.com\/fr\/boutique\/oreiller-de-grossesse-en-forme-de-c\/","og_site_name":"Home of Wool","article_publisher":"https:\/\/facebook.com\/HomeOfWoolOfficial","article_modified_time":"2026-02-11T10:35:37+00:00","og_image":[{"width":2000,"height":1600,"url":"https:\/\/homeofwool.com\/wp-content\/uploads\/2025\/09\/home-of-wool-wool-pregnancy-pillow-c-shaped-3-.jpg","type":"image\/jpeg"}],"twitter_card":"summary_large_image","twitter_misc":{"Dur\u00e9e de lecture estim\u00e9e":"2 minutes"},"schema":{"@context":"https:\/\/schema.org","@graph":[{"@type":"WebPage","@id":"https:\/\/homeofwool.com\/shop\/c-shaped-pregnancy-pillow\/","url":"https:\/\/homeofwool.com\/shop\/c-shaped-pregnancy-pillow\/","name":"Oreiller de grossesse en forme de C \u2013 Oreiller de maternit\u00e9 hypoallerg\u00e9nique | Home of Wool","isPartOf":{"@id":"https:\/\/homeofwool.com\/#website"},"primaryImageOfPage":{"@id":"https:\/\/homeofwool.com\/shop\/c-shaped-pregnancy-pillow\/#primaryimage"},"image":{"@id":"https:\/\/homeofwool.com\/shop\/c-shaped-pregnancy-pillow\/#primaryimage"},"thumbnailUrl":"https:\/\/homeofwool.com\/wp-content\/uploads\/2025\/09\/home-of-wool-wool-pregnancy-pillow-c-shaped-3-.jpg","datePublished":"2025-09-02T12:00:51+00:00","dateModified":"2026-02-11T10:35:37+00:00","description":"L'oreiller de grossesse en forme de C enveloppe le corps dans le confort respirant de la laine. Hypoallerg\u00e9nique et sans toxines, il offre un soutien naturel aux m\u00e8res pendant leur sommeil.","breadcrumb":{"@id":"https:\/\/homeofwool.com\/shop\/c-shaped-pregnancy-pillow\/#breadcrumb"},"inLanguage":"fr-FR","potentialAction":[{"@type":"ReadAction","target":["https:\/\/homeofwool.com\/shop\/c-shaped-pregnancy-pillow\/"]}]},{"@type":"ImageObject","inLanguage":"fr-FR","@id":"https:\/\/homeofwool.com\/shop\/c-shaped-pregnancy-pillow\/#primaryimage","url":"https:\/\/homeofwool.com\/wp-content\/uploads\/2025\/09\/home-of-wool-wool-pregnancy-pillow-c-shaped-3-.jpg","contentUrl":"https:\/\/homeofwool.com\/wp-content\/uploads\/2025\/09\/home-of-wool-wool-pregnancy-pillow-c-shaped-3-.jpg","width":2000,"height":1600,"caption":"wool pregnancy pillow c shaped"},{"@type":"BreadcrumbList","@id":"https:\/\/homeofwool.com\/shop\/c-shaped-pregnancy-pillow\/#breadcrumb","itemListElement":[{"@type":"ListItem","position":1,"name":"Home","item":"https:\/\/homeofwool.com\/"},{"@type":"ListItem","position":2,"name":"Products","item":"https:\/\/homeofwool.com\/header-search-2\/"},{"@type":"ListItem","position":3,"name":"Wool Pregnancy Pillow (C-Shaped)"}]},{"@type":"WebSite","@id":"https:\/\/homeofwool.com\/#website","url":"https:\/\/homeofwool.com\/","name":"La maison de la laine","description":"","publisher":{"@id":"https:\/\/homeofwool.com\/#organization"},"potentialAction":[{"@type":"SearchAction","target":{"@type":"EntryPoint","urlTemplate":"https:\/\/homeofwool.com\/?s={search_term_string}"},"query-input":{"@type":"PropertyValueSpecification","valueRequired":true,"valueName":"search_term_string"}}],"inLanguage":"fr-FR"},{"@type":"Organization","@id":"https:\/\/homeofwool.com\/#organization","name":"La maison de la laine","url":"https:\/\/homeofwool.com\/","logo":{"@type":"ImageObject","inLanguage":"fr-FR","@id":"https:\/\/homeofwool.com\/#\/schema\/logo\/image\/","url":"https:\/\/homeofwool.com\/wp-content\/uploads\/2025\/09\/WhatsApp-Image-2025-12-02-at-16.23.20.jpeg","contentUrl":"https:\/\/homeofwool.com\/wp-content\/uploads\/2025\/09\/WhatsApp-Image-2025-12-02-at-16.23.20.jpeg","width":700,"height":247,"caption":"Home of Wool"},"image":{"@id":"https:\/\/homeofwool.com\/#\/schema\/logo\/image\/"},"sameAs":["https:\/\/facebook.com\/HomeOfWoolOfficial"]}]}},"_links":{"self":[{"href":"https:\/\/homeofwool.com\/fr\/wp-json\/wp\/v2\/product\/217519","targetHints":{"allow":["GET"]}}],"collection":[{"href":"https:\/\/homeofwool.com\/fr\/wp-json\/wp\/v2\/product"}],"about":[{"href":"https:\/\/homeofwool.com\/fr\/wp-json\/wp\/v2\/types\/product"}],"version-history":[{"count":2,"href":"https:\/\/homeofwool.com\/fr\/wp-json\/wp\/v2\/product\/217519\/revisions"}],"predecessor-version":[{"id":226511,"href":"https:\/\/homeofwool.com\/fr\/wp-json\/wp\/v2\/product\/217519\/revisions\/226511"}],"wp:featuredmedia":[{"embeddable":true,"href":"https:\/\/homeofwool.com\/fr\/wp-json\/wp\/v2\/media\/219616"}],"wp:attachment":[{"href":"https:\/\/homeofwool.com\/fr\/wp-json\/wp\/v2\/media?parent=217519"}],"wp:term":[{"taxonomy":"product_brand","embeddable":true,"href":"https:\/\/homeofwool.com\/fr\/wp-json\/wp\/v2\/product_brand?post=217519"},{"taxonomy":"product_cat","embeddable":true,"href":"https:\/\/homeofwool.com\/fr\/wp-json\/wp\/v2\/product_cat?post=217519"},{"taxonomy":"product_tag","embeddable":true,"href":"https:\/\/homeofwool.com\/fr\/wp-json\/wp\/v2\/product_tag?post=217519"}],"curies":[{"name":"wp","href":"https:\/\/api.w.org\/{rel}","templated":true}]}}