{"id":217517,"date":"2025-09-02T12:00:51","date_gmt":"2025-09-02T12:00:51","guid":{"rendered":"https:\/\/homeofwool.com\/?post_type=product&#038;p=217517"},"modified":"2026-02-17T10:41:56","modified_gmt":"2026-02-17T10:41:56","slug":"carte-cadeau","status":"publish","type":"product","link":"https:\/\/homeofwool.com\/fr\/shop\/gift-card\/","title":{"rendered":"Carte cadeau"},"content":{"rendered":"<p>Offrez \u00e0 vos proches ce qu'ils veulent vraiment et laissez-les choisir eux-m\u00eames gr\u00e2ce \u00e0 la carte cadeau Home of Wool ! C'est le cadeau id\u00e9al pour toutes les occasions : anniversaires, naissances, \u00e9v\u00e9nements sp\u00e9ciaux ou f\u00eates !<\/p>\n<p>Vous pouvez acheter la carte cadeau comme n'importe quel autre produit de notre boutique. Il vous suffit de s\u00e9lectionner le montant souhait\u00e9 et nous vous enverrons la carte cadeau \u00e0 l'adresse e-mail fournie.<\/p>\n<p>C'est aussi simple que \u00e7a !<\/p>\n<p>*Chaque ch\u00e8que-cadeau sera valable pendant 1 an \u00e0 compter de la date d'achat.<\/p>\n<p>&nbsp;<\/p>","protected":false},"excerpt":{"rendered":"<p>Treat the ones you love to what they really want and let them choose for themselves with Home of Wool gift card! This is the ultimate present you can give for any occasion \u2013 birthdays, anniversaries, newborns, special events, or holidays! You can purchase the gift card like any other product from our shop, just [&hellip;]<\/p>\n","protected":false},"featured_media":225824,"template":"","meta":{"_acf_changed":false},"product_brand":[],"product_cat":[1354,1366],"product_tag":[123,124,125,126,127,128,129,130,131,132],"class_list":{"0":"post-217517","1":"product","2":"type-product","3":"status-publish","4":"has-post-thumbnail","6":"product_cat-gift-cards","7":"product_cat-womens-day","8":"product_tag-baby-shower-gift","9":"product_tag-birthday-gift-idea","10":"product_tag-engagement-gift-idea","11":"product_tag-gift-card","12":"product_tag-gift-voucher","13":"product_tag-mothers-day-gift-idea","14":"product_tag-unique-gift-ideas","15":"product_tag-valentines-day-gift-idea","16":"product_tag-wedding-anniversary-gift-idea","17":"product_tag-wedding-gift-idea","19":"first","20":"instock","21":"shipping-taxable","22":"purchasable","23":"product-type-pw-gift-card","24":"has-default-attributes"},"acf":[],"yoast_head":"<!-- This site is optimized with the Yoast SEO Premium plugin v27.3 (Yoast SEO v27.3) - https:\/\/yoast.com\/product\/yoast-seo-premium-wordpress\/ -->\n<title>Gift Card \/ Voucher for Home of Wool \u2013 Natural Mattresses &amp; Bedding<\/title>\n<meta name=\"description\" content=\"Give the gift of natural, eco-friendly sleep with a Home of Wool gift card. Redeemable for mattresses, bedding, and sustainable bedroom essentials.\" \/>\n<meta name=\"robots\" content=\"index, follow, max-snippet:-1, max-image-preview:large, max-video-preview:-1\" \/>\n<link rel=\"canonical\" href=\"https:\/\/homeofwool.com\/fr\/boutique\/carte-cadeau\/\" \/>\n<meta property=\"og:locale\" content=\"fr_FR\" \/>\n<meta property=\"og:type\" content=\"article\" \/>\n<meta property=\"og:title\" content=\"Gift Card\" \/>\n<meta property=\"og:description\" content=\"Give the gift of natural, eco-friendly sleep with a Home of Wool gift card. Redeemable for mattresses, bedding, and sustainable bedroom essentials.\" \/>\n<meta property=\"og:url\" content=\"https:\/\/homeofwool.com\/fr\/boutique\/carte-cadeau\/\" \/>\n<meta property=\"og:site_name\" content=\"Home of Wool\" \/>\n<meta property=\"article:publisher\" content=\"https:\/\/facebook.com\/HomeOfWoolOfficial\" \/>\n<meta property=\"article:modified_time\" content=\"2026-02-17T10:41:56+00:00\" \/>\n<meta property=\"og:image\" content=\"https:\/\/homeofwool.com\/wp-content\/uploads\/2025\/11\/home-of-wool-gift-card.webp\" \/>\n\t<meta property=\"og:image:width\" content=\"1500\" \/>\n\t<meta property=\"og:image:height\" content=\"1001\" \/>\n\t<meta property=\"og:image:type\" content=\"image\/webp\" \/>\n<meta name=\"twitter:card\" content=\"summary_large_image\" \/>\n<meta name=\"twitter:label1\" content=\"Dur\u00e9e de lecture estim\u00e9e\" \/>\n\t<meta name=\"twitter:data1\" content=\"1 minute\" \/>\n<script type=\"application\/ld+json\" class=\"yoast-schema-graph\">{\"@context\":\"https:\\\/\\\/schema.org\",\"@graph\":[{\"@type\":\"WebPage\",\"@id\":\"https:\\\/\\\/homeofwool.com\\\/shop\\\/gift-card\\\/\",\"url\":\"https:\\\/\\\/homeofwool.com\\\/shop\\\/gift-card\\\/\",\"name\":\"Gift Card \\\/ Voucher for Home of Wool \u2013 Natural Mattresses & Bedding\",\"isPartOf\":{\"@id\":\"https:\\\/\\\/homeofwool.com\\\/#website\"},\"primaryImageOfPage\":{\"@id\":\"https:\\\/\\\/homeofwool.com\\\/shop\\\/gift-card\\\/#primaryimage\"},\"image\":{\"@id\":\"https:\\\/\\\/homeofwool.com\\\/shop\\\/gift-card\\\/#primaryimage\"},\"thumbnailUrl\":\"https:\\\/\\\/homeofwool.com\\\/wp-content\\\/uploads\\\/2025\\\/11\\\/home-of-wool-gift-card.webp\",\"datePublished\":\"2025-09-02T12:00:51+00:00\",\"dateModified\":\"2026-02-17T10:41:56+00:00\",\"description\":\"Give the gift of natural, eco-friendly sleep with a Home of Wool gift card. Redeemable for mattresses, bedding, and sustainable bedroom essentials.\",\"breadcrumb\":{\"@id\":\"https:\\\/\\\/homeofwool.com\\\/shop\\\/gift-card\\\/#breadcrumb\"},\"inLanguage\":\"fr-FR\",\"potentialAction\":[{\"@type\":\"ReadAction\",\"target\":[\"https:\\\/\\\/homeofwool.com\\\/shop\\\/gift-card\\\/\"]}]},{\"@type\":\"ImageObject\",\"inLanguage\":\"fr-FR\",\"@id\":\"https:\\\/\\\/homeofwool.com\\\/shop\\\/gift-card\\\/#primaryimage\",\"url\":\"https:\\\/\\\/homeofwool.com\\\/wp-content\\\/uploads\\\/2025\\\/11\\\/home-of-wool-gift-card.webp\",\"contentUrl\":\"https:\\\/\\\/homeofwool.com\\\/wp-content\\\/uploads\\\/2025\\\/11\\\/home-of-wool-gift-card.webp\",\"width\":1500,\"height\":1001,\"caption\":\"somebody holding a bunch of wool close to their body, text that reads \\\"gift card\\\" \\\"Specially for you\\\"\"},{\"@type\":\"BreadcrumbList\",\"@id\":\"https:\\\/\\\/homeofwool.com\\\/shop\\\/gift-card\\\/#breadcrumb\",\"itemListElement\":[{\"@type\":\"ListItem\",\"position\":1,\"name\":\"Home\",\"item\":\"https:\\\/\\\/homeofwool.com\\\/\"},{\"@type\":\"ListItem\",\"position\":2,\"name\":\"Products\",\"item\":\"https:\\\/\\\/homeofwool.com\\\/header-search-2\\\/\"},{\"@type\":\"ListItem\",\"position\":3,\"name\":\"Gift Card\"}]},{\"@type\":\"WebSite\",\"@id\":\"https:\\\/\\\/homeofwool.com\\\/#website\",\"url\":\"https:\\\/\\\/homeofwool.com\\\/\",\"name\":\"Home of Wool\",\"description\":\"\",\"publisher\":{\"@id\":\"https:\\\/\\\/homeofwool.com\\\/#organization\"},\"potentialAction\":[{\"@type\":\"SearchAction\",\"target\":{\"@type\":\"EntryPoint\",\"urlTemplate\":\"https:\\\/\\\/homeofwool.com\\\/?s={search_term_string}\"},\"query-input\":{\"@type\":\"PropertyValueSpecification\",\"valueRequired\":true,\"valueName\":\"search_term_string\"}}],\"inLanguage\":\"fr-FR\"},{\"@type\":\"Organization\",\"@id\":\"https:\\\/\\\/homeofwool.com\\\/#organization\",\"name\":\"Home of Wool\",\"url\":\"https:\\\/\\\/homeofwool.com\\\/\",\"logo\":{\"@type\":\"ImageObject\",\"inLanguage\":\"fr-FR\",\"@id\":\"https:\\\/\\\/homeofwool.com\\\/#\\\/schema\\\/logo\\\/image\\\/\",\"url\":\"https:\\\/\\\/homeofwool.com\\\/wp-content\\\/uploads\\\/2025\\\/09\\\/WhatsApp-Image-2025-12-02-at-16.23.20.jpeg\",\"contentUrl\":\"https:\\\/\\\/homeofwool.com\\\/wp-content\\\/uploads\\\/2025\\\/09\\\/WhatsApp-Image-2025-12-02-at-16.23.20.jpeg\",\"width\":700,\"height\":247,\"caption\":\"Home of Wool\"},\"image\":{\"@id\":\"https:\\\/\\\/homeofwool.com\\\/#\\\/schema\\\/logo\\\/image\\\/\"},\"sameAs\":[\"https:\\\/\\\/facebook.com\\\/HomeOfWoolOfficial\"]}]}<\/script>\n<!-- \/ Yoast SEO Premium plugin. -->","yoast_head_json":{"title":"Carte cadeau \/ Bon d'achat pour Home of Wool \u2013 Matelas et literie naturels","description":"Offrez un sommeil naturel et respectueux de l'environnement avec une carte cadeau Home of Wool. \u00c9changeable contre des matelas, de la literie et des articles de literie durables.","robots":{"index":"index","follow":"follow","max-snippet":"max-snippet:-1","max-image-preview":"max-image-preview:large","max-video-preview":"max-video-preview:-1"},"canonical":"https:\/\/homeofwool.com\/fr\/boutique\/carte-cadeau\/","og_locale":"fr_FR","og_type":"article","og_title":"Gift Card","og_description":"Give the gift of natural, eco-friendly sleep with a Home of Wool gift card. Redeemable for mattresses, bedding, and sustainable bedroom essentials.","og_url":"https:\/\/homeofwool.com\/fr\/boutique\/carte-cadeau\/","og_site_name":"Home of Wool","article_publisher":"https:\/\/facebook.com\/HomeOfWoolOfficial","article_modified_time":"2026-02-17T10:41:56+00:00","og_image":[{"width":1500,"height":1001,"url":"https:\/\/homeofwool.com\/wp-content\/uploads\/2025\/11\/home-of-wool-gift-card.webp","type":"image\/webp"}],"twitter_card":"summary_large_image","twitter_misc":{"Dur\u00e9e de lecture estim\u00e9e":"1 minute"},"schema":{"@context":"https:\/\/schema.org","@graph":[{"@type":"WebPage","@id":"https:\/\/homeofwool.com\/shop\/gift-card\/","url":"https:\/\/homeofwool.com\/shop\/gift-card\/","name":"Carte cadeau \/ Bon d'achat pour Home of Wool \u2013 Matelas et literie naturels","isPartOf":{"@id":"https:\/\/homeofwool.com\/#website"},"primaryImageOfPage":{"@id":"https:\/\/homeofwool.com\/shop\/gift-card\/#primaryimage"},"image":{"@id":"https:\/\/homeofwool.com\/shop\/gift-card\/#primaryimage"},"thumbnailUrl":"https:\/\/homeofwool.com\/wp-content\/uploads\/2025\/11\/home-of-wool-gift-card.webp","datePublished":"2025-09-02T12:00:51+00:00","dateModified":"2026-02-17T10:41:56+00:00","description":"Offrez un sommeil naturel et respectueux de l'environnement avec une carte cadeau Home of Wool. \u00c9changeable contre des matelas, de la literie et des articles de literie durables.","breadcrumb":{"@id":"https:\/\/homeofwool.com\/shop\/gift-card\/#breadcrumb"},"inLanguage":"fr-FR","potentialAction":[{"@type":"ReadAction","target":["https:\/\/homeofwool.com\/shop\/gift-card\/"]}]},{"@type":"ImageObject","inLanguage":"fr-FR","@id":"https:\/\/homeofwool.com\/shop\/gift-card\/#primaryimage","url":"https:\/\/homeofwool.com\/wp-content\/uploads\/2025\/11\/home-of-wool-gift-card.webp","contentUrl":"https:\/\/homeofwool.com\/wp-content\/uploads\/2025\/11\/home-of-wool-gift-card.webp","width":1500,"height":1001,"caption":"somebody holding a bunch of wool close to their body, text that reads \"gift card\" \"Specially for you\""},{"@type":"BreadcrumbList","@id":"https:\/\/homeofwool.com\/shop\/gift-card\/#breadcrumb","itemListElement":[{"@type":"ListItem","position":1,"name":"Home","item":"https:\/\/homeofwool.com\/"},{"@type":"ListItem","position":2,"name":"Products","item":"https:\/\/homeofwool.com\/header-search-2\/"},{"@type":"ListItem","position":3,"name":"Gift Card"}]},{"@type":"WebSite","@id":"https:\/\/homeofwool.com\/#website","url":"https:\/\/homeofwool.com\/","name":"La maison de la laine","description":"","publisher":{"@id":"https:\/\/homeofwool.com\/#organization"},"potentialAction":[{"@type":"SearchAction","target":{"@type":"EntryPoint","urlTemplate":"https:\/\/homeofwool.com\/?s={search_term_string}"},"query-input":{"@type":"PropertyValueSpecification","valueRequired":true,"valueName":"search_term_string"}}],"inLanguage":"fr-FR"},{"@type":"Organization","@id":"https:\/\/homeofwool.com\/#organization","name":"La maison de la laine","url":"https:\/\/homeofwool.com\/","logo":{"@type":"ImageObject","inLanguage":"fr-FR","@id":"https:\/\/homeofwool.com\/#\/schema\/logo\/image\/","url":"https:\/\/homeofwool.com\/wp-content\/uploads\/2025\/09\/WhatsApp-Image-2025-12-02-at-16.23.20.jpeg","contentUrl":"https:\/\/homeofwool.com\/wp-content\/uploads\/2025\/09\/WhatsApp-Image-2025-12-02-at-16.23.20.jpeg","width":700,"height":247,"caption":"Home of Wool"},"image":{"@id":"https:\/\/homeofwool.com\/#\/schema\/logo\/image\/"},"sameAs":["https:\/\/facebook.com\/HomeOfWoolOfficial"]}]}},"_links":{"self":[{"href":"https:\/\/homeofwool.com\/fr\/wp-json\/wp\/v2\/product\/217517","targetHints":{"allow":["GET"]}}],"collection":[{"href":"https:\/\/homeofwool.com\/fr\/wp-json\/wp\/v2\/product"}],"about":[{"href":"https:\/\/homeofwool.com\/fr\/wp-json\/wp\/v2\/types\/product"}],"version-history":[{"count":1,"href":"https:\/\/homeofwool.com\/fr\/wp-json\/wp\/v2\/product\/217517\/revisions"}],"predecessor-version":[{"id":228354,"href":"https:\/\/homeofwool.com\/fr\/wp-json\/wp\/v2\/product\/217517\/revisions\/228354"}],"wp:featuredmedia":[{"embeddable":true,"href":"https:\/\/homeofwool.com\/fr\/wp-json\/wp\/v2\/media\/225824"}],"wp:attachment":[{"href":"https:\/\/homeofwool.com\/fr\/wp-json\/wp\/v2\/media?parent=217517"}],"wp:term":[{"taxonomy":"product_brand","embeddable":true,"href":"https:\/\/homeofwool.com\/fr\/wp-json\/wp\/v2\/product_brand?post=217517"},{"taxonomy":"product_cat","embeddable":true,"href":"https:\/\/homeofwool.com\/fr\/wp-json\/wp\/v2\/product_cat?post=217517"},{"taxonomy":"product_tag","embeddable":true,"href":"https:\/\/homeofwool.com\/fr\/wp-json\/wp\/v2\/product_tag?post=217517"}],"curies":[{"name":"wp","href":"https:\/\/api.w.org\/{rel}","templated":true}]}}