{"id":217516,"date":"2025-09-02T12:00:51","date_gmt":"2025-09-02T12:00:51","guid":{"rendered":"https:\/\/homeofwool.com\/?post_type=product&#038;p=217516"},"modified":"2026-03-27T08:54:15","modified_gmt":"2026-03-27T08:54:15","slug":"echantillons-de-frappe","status":"publish","type":"product","link":"https:\/\/homeofwool.com\/fr\/shop\/batting-samples\/","title":{"rendered":"\u00c9chantillons de rembourrage en laine"},"content":{"rendered":"<p>Si vous \u00eates amateur de quilting, passionn\u00e9 de bricolage ou simplement quelqu'un qui appr\u00e9cie les mat\u00e9riaux de qualit\u00e9 pour vos cr\u00e9ations, les \u00e9chantillons de molleton en laine sont le moyen id\u00e9al de d\u00e9couvrir notre laine haut de gamme certifi\u00e9e GOTS avant de passer une commande plus importante. Chaque morceau de 10 cm x 10 cm est en pur molleton de laine. Sans produits chimiques, sans colorants. Il convient aux personnes allergiques.<\/p>\n<p>Notre laine est respirante et r\u00e9gule naturellement la temp\u00e9rature. Elle poss\u00e8de un gonflant \u00e9lastique qui convient parfaitement \u00e0 de nombreux projets. Des couettes et tissus d'ameublement aux travaux manuels, en passant par l'isolation, etc.<\/p>\n<p>Nous proposons trois options de poids afin que vous puissiez choisir l'\u00e9paisseur et la densit\u00e9 qui conviennent le mieux \u00e0 votre projet :<\/p>\n<ol>\n<li>250 gr.\/sq. m (7.37 oz\/yd\u00b2)<br \/>\n\u00c9paisseur : 0,8 cm (3\/10 po)<\/li>\n<li>500 gr.\/sq. m (14.75 oz\/yd\u00b2)<br \/>\nThickness: 1.6 cm (6\/10\u2033)<\/li>\n<li><del datetime=\"2025-11-21T06:30:29+00:00\">900 g\/m\u00b2 (1,774 lb\/yd\u00b2)<br \/>\n\u00c9paisseur : 1,5 cm (6\/10 po)<\/del> <em>Actuellement indisponible<\/em><\/li>\n<\/ol>\n<p>La structure naturelle de la laine lui conf\u00e8re une excellente r\u00e9silience et durabilit\u00e9. Mais elle est \u00e9galement enti\u00e8rement biod\u00e9gradable et respectueuse de l'environnement.<\/p>\n<p>Que vous testiez le toucher d'une couette faite main ou que vous choisissiez un rembourrage en fibres naturelles pour vos tissus d'ameublement, notre \u00e9chantillon de ouate de laine vous offre un aper\u00e7u concret et tactile de la qualit\u00e9 qui donnera vie \u00e0 vos cr\u00e9ations.<\/p>","protected":false},"excerpt":{"rendered":"<p>Nos \u00e9chantillons de rembourrage en laine vous permettent de sentir la diff\u00e9rence d'une laine v\u00e9ritablement pure et certifi\u00e9e GOTS avant de vous lancer dans votre prochain projet. Parfaits pour les amateurs de quilting, les passionn\u00e9s de bricolage ou toute personne \u00e0 la recherche d'un rembourrage en fibres naturelles, ces \u00e9chantillons sont exempts de produits chimiques et conviennent parfaitement aux utilisateurs sensibles.<\/p>\n<div class=\"global-icon-set\">\n<div class=\"global-icon-set__items\">\n<div class=\"global-icon-set__item\">\n<div class=\"global-icon-set__image\">\n                                    <img decoding=\"async\" src=\"https:\/\/homeofwool.com\/wp-content\/uploads\/2025\/09\/VOCs-min-300x300.png\" alt=\"vocs libre\" \/>\n                                <\/div>\n<div class=\"global-icon-set__title\">Sans COV<\/div>\n<\/p><\/div>\n<div class=\"global-icon-set__item\">\n<div class=\"global-icon-set__image\">\n                                    <img decoding=\"async\" src=\"https:\/\/homeofwool.com\/wp-content\/uploads\/2025\/09\/FR-min-300x300.png\" alt=\"ic\u00f4ne de r\u00e9sistance au feu\" \/>\n                                <\/div>\n<div class=\"global-icon-set__title\">R\u00e9sistant \u00e0 la flamme<\/div>\n<\/p><\/div>\n<div class=\"global-icon-set__item\">\n<div class=\"global-icon-set__image\">\n                                    <img decoding=\"async\" src=\"https:\/\/homeofwool.com\/wp-content\/uploads\/2025\/09\/Hypoallergenic-min-300x300.png\" alt=\"ic\u00f4ne hypoallerg\u00e9nique\" \/>\n                                <\/div>\n<div class=\"global-icon-set__title\">Hypoallerg\u00e9nique<\/div>\n<\/p><\/div>\n<div class=\"global-icon-set__item\">\n<div class=\"global-icon-set__image\">\n                                    <img decoding=\"async\" src=\"https:\/\/homeofwool.com\/wp-content\/uploads\/2025\/09\/free-of-synthetics-icon-300x300.png\" alt=\"sans mati\u00e8res synth\u00e9tiques ic\u00f4ne\" \/>\n                                <\/div>\n<div class=\"global-icon-set__title\">Sans mati\u00e8res synth\u00e9tiques<\/div>\n<\/p><\/div>\n<div class=\"global-icon-set__item\">\n<div class=\"global-icon-set__image\">\n                                    <img decoding=\"async\" src=\"https:\/\/homeofwool.com\/wp-content\/uploads\/2025\/09\/chemical-free-icon-300x300.png\" alt=\"ic\u00f4ne de l&#039;absence de produits chimiques\" \/>\n                                <\/div>\n<div class=\"global-icon-set__title\">Sans produits chimiques<\/div>\n<\/p><\/div>\n<div class=\"global-icon-set__item\">\n<div class=\"global-icon-set__image\">\n                                    <img decoding=\"async\" src=\"https:\/\/homeofwool.com\/wp-content\/uploads\/2025\/09\/anti-bacterial-icon-300x300.png\" alt=\"ic\u00f4ne anti-bact\u00e9rien\" \/>\n                                <\/div>\n<div class=\"global-icon-set__title\">Anti-microbien et anti-bact\u00e9rien<\/div>\n<\/p><\/div>\n<\/p><\/div>\n<\/p><\/div>","protected":false},"featured_media":219260,"template":"","meta":{"_acf_changed":false},"product_brand":[],"product_cat":[253,25],"product_tag":[74,111,112,113,1370,114,115,116,117,118,119,120,121],"class_list":{"0":"post-217516","1":"product","2":"type-product","3":"status-publish","4":"has-post-thumbnail","6":"product_cat-product-samples","7":"product_cat-wool-fabrics-batting","8":"product_tag-crafts-supplies","9":"product_tag-diy-supplies","10":"product_tag-felted-wool-projects","11":"product_tag-non-toxic-stuffing","12":"product_tag-nosteps","13":"product_tag-organic-wool-batting","14":"product_tag-pure-wool-batting","15":"product_tag-quilting","16":"product_tag-quilting-supplies","17":"product_tag-stuffed-toys-filling","18":"product_tag-upholstery-batting","19":"product_tag-wadded-cushions","20":"product_tag-wool-batt-insulation","22":"first","23":"instock","24":"shipping-taxable","25":"purchasable","26":"product-type-simple"},"acf":[],"yoast_head":"<!-- This site is optimized with the Yoast SEO Premium plugin v27.3 (Yoast SEO v27.3) - https:\/\/yoast.com\/product\/yoast-seo-premium-wordpress\/ -->\n<title>100% Wool Batting Samples \u2013 Natural Fiber Stuffing | Home of Wool<\/title>\n<meta name=\"description\" content=\"Pure, breathable, and chemical-free, the Wool Batting Samples let you feel GOTS-certified wool before your project. Ideal for quilting, DIY, or natural fiber stuffing with sensitive-skin safety.\" \/>\n<meta name=\"robots\" content=\"index, follow, max-snippet:-1, max-image-preview:large, max-video-preview:-1\" \/>\n<link rel=\"canonical\" href=\"https:\/\/homeofwool.com\/fr\/boutique\/echantillons-de-frappe\/\" \/>\n<meta property=\"og:locale\" content=\"fr_FR\" \/>\n<meta property=\"og:type\" content=\"article\" \/>\n<meta property=\"og:title\" content=\"Wool Batting Samples\" \/>\n<meta property=\"og:description\" content=\"Pure, breathable, and chemical-free, the Wool Batting Samples let you feel GOTS-certified wool before your project. Ideal for quilting, DIY, or natural fiber stuffing with sensitive-skin safety.\" \/>\n<meta property=\"og:url\" content=\"https:\/\/homeofwool.com\/fr\/boutique\/echantillons-de-frappe\/\" \/>\n<meta property=\"og:site_name\" content=\"Home of Wool\" \/>\n<meta property=\"article:publisher\" content=\"https:\/\/facebook.com\/HomeOfWoolOfficial\" \/>\n<meta property=\"article:modified_time\" content=\"2026-03-27T08:54:15+00:00\" \/>\n<meta property=\"og:image\" content=\"https:\/\/homeofwool.com\/wp-content\/uploads\/2025\/09\/home-of-wool-batting-sample-1-main.jpg\" \/>\n\t<meta property=\"og:image:width\" content=\"1520\" \/>\n\t<meta property=\"og:image:height\" content=\"1900\" \/>\n\t<meta property=\"og:image:type\" content=\"image\/jpeg\" \/>\n<meta name=\"twitter:card\" content=\"summary_large_image\" \/>\n<meta name=\"twitter:label1\" content=\"Dur\u00e9e de lecture estim\u00e9e\" \/>\n\t<meta name=\"twitter:data1\" content=\"2 minutes\" \/>\n<script type=\"application\/ld+json\" class=\"yoast-schema-graph\">{\"@context\":\"https:\\\/\\\/schema.org\",\"@graph\":[{\"@type\":\"WebPage\",\"@id\":\"https:\\\/\\\/homeofwool.com\\\/shop\\\/batting-samples\\\/\",\"url\":\"https:\\\/\\\/homeofwool.com\\\/shop\\\/batting-samples\\\/\",\"name\":\"100% Wool Batting Samples \u2013 Natural Fiber Stuffing | Home of Wool\",\"isPartOf\":{\"@id\":\"https:\\\/\\\/homeofwool.com\\\/#website\"},\"primaryImageOfPage\":{\"@id\":\"https:\\\/\\\/homeofwool.com\\\/shop\\\/batting-samples\\\/#primaryimage\"},\"image\":{\"@id\":\"https:\\\/\\\/homeofwool.com\\\/shop\\\/batting-samples\\\/#primaryimage\"},\"thumbnailUrl\":\"https:\\\/\\\/homeofwool.com\\\/wp-content\\\/uploads\\\/2025\\\/09\\\/home-of-wool-batting-sample-1-main.jpg\",\"datePublished\":\"2025-09-02T12:00:51+00:00\",\"dateModified\":\"2026-03-27T08:54:15+00:00\",\"description\":\"Pure, breathable, and chemical-free, the Wool Batting Samples let you feel GOTS-certified wool before your project. Ideal for quilting, DIY, or natural fiber stuffing with sensitive-skin safety.\",\"breadcrumb\":{\"@id\":\"https:\\\/\\\/homeofwool.com\\\/shop\\\/batting-samples\\\/#breadcrumb\"},\"inLanguage\":\"fr-FR\",\"potentialAction\":[{\"@type\":\"ReadAction\",\"target\":[\"https:\\\/\\\/homeofwool.com\\\/shop\\\/batting-samples\\\/\"]}]},{\"@type\":\"ImageObject\",\"inLanguage\":\"fr-FR\",\"@id\":\"https:\\\/\\\/homeofwool.com\\\/shop\\\/batting-samples\\\/#primaryimage\",\"url\":\"https:\\\/\\\/homeofwool.com\\\/wp-content\\\/uploads\\\/2025\\\/09\\\/home-of-wool-batting-sample-1-main.jpg\",\"contentUrl\":\"https:\\\/\\\/homeofwool.com\\\/wp-content\\\/uploads\\\/2025\\\/09\\\/home-of-wool-batting-sample-1-main.jpg\",\"width\":1520,\"height\":1900,\"caption\":\"home of wool batting samples\"},{\"@type\":\"BreadcrumbList\",\"@id\":\"https:\\\/\\\/homeofwool.com\\\/shop\\\/batting-samples\\\/#breadcrumb\",\"itemListElement\":[{\"@type\":\"ListItem\",\"position\":1,\"name\":\"Home\",\"item\":\"https:\\\/\\\/homeofwool.com\\\/\"},{\"@type\":\"ListItem\",\"position\":2,\"name\":\"Products\",\"item\":\"https:\\\/\\\/homeofwool.com\\\/header-search-2\\\/\"},{\"@type\":\"ListItem\",\"position\":3,\"name\":\"Wool Batting Samples\"}]},{\"@type\":\"WebSite\",\"@id\":\"https:\\\/\\\/homeofwool.com\\\/#website\",\"url\":\"https:\\\/\\\/homeofwool.com\\\/\",\"name\":\"Home of Wool\",\"description\":\"\",\"publisher\":{\"@id\":\"https:\\\/\\\/homeofwool.com\\\/#organization\"},\"potentialAction\":[{\"@type\":\"SearchAction\",\"target\":{\"@type\":\"EntryPoint\",\"urlTemplate\":\"https:\\\/\\\/homeofwool.com\\\/?s={search_term_string}\"},\"query-input\":{\"@type\":\"PropertyValueSpecification\",\"valueRequired\":true,\"valueName\":\"search_term_string\"}}],\"inLanguage\":\"fr-FR\"},{\"@type\":\"Organization\",\"@id\":\"https:\\\/\\\/homeofwool.com\\\/#organization\",\"name\":\"Home of Wool\",\"url\":\"https:\\\/\\\/homeofwool.com\\\/\",\"logo\":{\"@type\":\"ImageObject\",\"inLanguage\":\"fr-FR\",\"@id\":\"https:\\\/\\\/homeofwool.com\\\/#\\\/schema\\\/logo\\\/image\\\/\",\"url\":\"https:\\\/\\\/homeofwool.com\\\/wp-content\\\/uploads\\\/2025\\\/09\\\/WhatsApp-Image-2025-12-02-at-16.23.20.jpeg\",\"contentUrl\":\"https:\\\/\\\/homeofwool.com\\\/wp-content\\\/uploads\\\/2025\\\/09\\\/WhatsApp-Image-2025-12-02-at-16.23.20.jpeg\",\"width\":700,\"height\":247,\"caption\":\"Home of Wool\"},\"image\":{\"@id\":\"https:\\\/\\\/homeofwool.com\\\/#\\\/schema\\\/logo\\\/image\\\/\"},\"sameAs\":[\"https:\\\/\\\/facebook.com\\\/HomeOfWoolOfficial\"]}]}<\/script>\n<!-- \/ Yoast SEO Premium plugin. -->","yoast_head_json":{"title":"\u00c9chantillons de rembourrage en laine 100% \u2013 Rembourrage en fibres naturelles | Home of Wool","description":"Pures, respirantes et sans produits chimiques, les \u00e9chantillons de rembourrage en laine vous permettent de d\u00e9couvrir la laine certifi\u00e9e GOTS avant de vous lancer dans votre projet. Id\u00e9ales pour le matelassage, le bricolage ou le rembourrage en fibres naturelles, elles conviennent aux peaux sensibles.","robots":{"index":"index","follow":"follow","max-snippet":"max-snippet:-1","max-image-preview":"max-image-preview:large","max-video-preview":"max-video-preview:-1"},"canonical":"https:\/\/homeofwool.com\/fr\/boutique\/echantillons-de-frappe\/","og_locale":"fr_FR","og_type":"article","og_title":"Wool Batting Samples","og_description":"Pure, breathable, and chemical-free, the Wool Batting Samples let you feel GOTS-certified wool before your project. Ideal for quilting, DIY, or natural fiber stuffing with sensitive-skin safety.","og_url":"https:\/\/homeofwool.com\/fr\/boutique\/echantillons-de-frappe\/","og_site_name":"Home of Wool","article_publisher":"https:\/\/facebook.com\/HomeOfWoolOfficial","article_modified_time":"2026-03-27T08:54:15+00:00","og_image":[{"width":1520,"height":1900,"url":"https:\/\/homeofwool.com\/wp-content\/uploads\/2025\/09\/home-of-wool-batting-sample-1-main.jpg","type":"image\/jpeg"}],"twitter_card":"summary_large_image","twitter_misc":{"Dur\u00e9e de lecture estim\u00e9e":"2 minutes"},"schema":{"@context":"https:\/\/schema.org","@graph":[{"@type":"WebPage","@id":"https:\/\/homeofwool.com\/shop\/batting-samples\/","url":"https:\/\/homeofwool.com\/shop\/batting-samples\/","name":"\u00c9chantillons de rembourrage en laine 100% \u2013 Rembourrage en fibres naturelles | Home of Wool","isPartOf":{"@id":"https:\/\/homeofwool.com\/#website"},"primaryImageOfPage":{"@id":"https:\/\/homeofwool.com\/shop\/batting-samples\/#primaryimage"},"image":{"@id":"https:\/\/homeofwool.com\/shop\/batting-samples\/#primaryimage"},"thumbnailUrl":"https:\/\/homeofwool.com\/wp-content\/uploads\/2025\/09\/home-of-wool-batting-sample-1-main.jpg","datePublished":"2025-09-02T12:00:51+00:00","dateModified":"2026-03-27T08:54:15+00:00","description":"Pures, respirantes et sans produits chimiques, les \u00e9chantillons de rembourrage en laine vous permettent de d\u00e9couvrir la laine certifi\u00e9e GOTS avant de vous lancer dans votre projet. Id\u00e9ales pour le matelassage, le bricolage ou le rembourrage en fibres naturelles, elles conviennent aux peaux sensibles.","breadcrumb":{"@id":"https:\/\/homeofwool.com\/shop\/batting-samples\/#breadcrumb"},"inLanguage":"fr-FR","potentialAction":[{"@type":"ReadAction","target":["https:\/\/homeofwool.com\/shop\/batting-samples\/"]}]},{"@type":"ImageObject","inLanguage":"fr-FR","@id":"https:\/\/homeofwool.com\/shop\/batting-samples\/#primaryimage","url":"https:\/\/homeofwool.com\/wp-content\/uploads\/2025\/09\/home-of-wool-batting-sample-1-main.jpg","contentUrl":"https:\/\/homeofwool.com\/wp-content\/uploads\/2025\/09\/home-of-wool-batting-sample-1-main.jpg","width":1520,"height":1900,"caption":"home of wool batting samples"},{"@type":"BreadcrumbList","@id":"https:\/\/homeofwool.com\/shop\/batting-samples\/#breadcrumb","itemListElement":[{"@type":"ListItem","position":1,"name":"Home","item":"https:\/\/homeofwool.com\/"},{"@type":"ListItem","position":2,"name":"Products","item":"https:\/\/homeofwool.com\/header-search-2\/"},{"@type":"ListItem","position":3,"name":"Wool Batting Samples"}]},{"@type":"WebSite","@id":"https:\/\/homeofwool.com\/#website","url":"https:\/\/homeofwool.com\/","name":"La maison de la laine","description":"","publisher":{"@id":"https:\/\/homeofwool.com\/#organization"},"potentialAction":[{"@type":"SearchAction","target":{"@type":"EntryPoint","urlTemplate":"https:\/\/homeofwool.com\/?s={search_term_string}"},"query-input":{"@type":"PropertyValueSpecification","valueRequired":true,"valueName":"search_term_string"}}],"inLanguage":"fr-FR"},{"@type":"Organization","@id":"https:\/\/homeofwool.com\/#organization","name":"La maison de la laine","url":"https:\/\/homeofwool.com\/","logo":{"@type":"ImageObject","inLanguage":"fr-FR","@id":"https:\/\/homeofwool.com\/#\/schema\/logo\/image\/","url":"https:\/\/homeofwool.com\/wp-content\/uploads\/2025\/09\/WhatsApp-Image-2025-12-02-at-16.23.20.jpeg","contentUrl":"https:\/\/homeofwool.com\/wp-content\/uploads\/2025\/09\/WhatsApp-Image-2025-12-02-at-16.23.20.jpeg","width":700,"height":247,"caption":"Home of Wool"},"image":{"@id":"https:\/\/homeofwool.com\/#\/schema\/logo\/image\/"},"sameAs":["https:\/\/facebook.com\/HomeOfWoolOfficial"]}]}},"_links":{"self":[{"href":"https:\/\/homeofwool.com\/fr\/wp-json\/wp\/v2\/product\/217516","targetHints":{"allow":["GET"]}}],"collection":[{"href":"https:\/\/homeofwool.com\/fr\/wp-json\/wp\/v2\/product"}],"about":[{"href":"https:\/\/homeofwool.com\/fr\/wp-json\/wp\/v2\/types\/product"}],"version-history":[{"count":2,"href":"https:\/\/homeofwool.com\/fr\/wp-json\/wp\/v2\/product\/217516\/revisions"}],"predecessor-version":[{"id":229095,"href":"https:\/\/homeofwool.com\/fr\/wp-json\/wp\/v2\/product\/217516\/revisions\/229095"}],"wp:featuredmedia":[{"embeddable":true,"href":"https:\/\/homeofwool.com\/fr\/wp-json\/wp\/v2\/media\/219260"}],"wp:attachment":[{"href":"https:\/\/homeofwool.com\/fr\/wp-json\/wp\/v2\/media?parent=217516"}],"wp:term":[{"taxonomy":"product_brand","embeddable":true,"href":"https:\/\/homeofwool.com\/fr\/wp-json\/wp\/v2\/product_brand?post=217516"},{"taxonomy":"product_cat","embeddable":true,"href":"https:\/\/homeofwool.com\/fr\/wp-json\/wp\/v2\/product_cat?post=217516"},{"taxonomy":"product_tag","embeddable":true,"href":"https:\/\/homeofwool.com\/fr\/wp-json\/wp\/v2\/product_tag?post=217516"}],"curies":[{"name":"wp","href":"https:\/\/api.w.org\/{rel}","templated":true}]}}