{"id":217515,"date":"2025-09-02T12:00:51","date_gmt":"2025-09-02T12:00:51","guid":{"rendered":"https:\/\/homeofwool.com\/?post_type=product&#038;p=217515"},"modified":"2026-02-16T09:41:10","modified_gmt":"2026-02-16T09:41:10","slug":"tissu-en-lin-a-fines-rayures-grises","status":"publish","type":"product","link":"https:\/\/homeofwool.com\/fr\/shop\/linen-fabric-thin-gray-stripes\/","title":{"rendered":"Tissu en lin \u00e0 fines rayures grises"},"content":{"rendered":"<p>Le tissu en lin Home of Wool \u00e0 fines rayures grises est id\u00e9al pour cr\u00e9er des articles de literie essentiels tels que des taies d'oreiller, des draps et des housses de couette. Doux au toucher et exempt de toxines, c'est un tissu sur lequel les parents peuvent compter pour la premi\u00e8re literie de leur b\u00e9b\u00e9. Fabriqu\u00e9 \u00e0 partir de lin biologique, il est exempt de rev\u00eatements et de toxines. Il est s\u00fbr et garantit un tissu de literie non toxique pour toute la famille, des nouveau-n\u00e9s aux adultes.<\/p>\n<p>En tant que textile en lin respirant, il aide \u00e0 r\u00e9guler la temp\u00e9rature corporelle, gardant les dormeurs au frais en \u00e9t\u00e9 et confortablement au chaud en hiver. Naturellement r\u00e9sistant et durable, ce tissu en lin \u00e9cologique devient plus doux \u00e0 chaque lavage. Ses propri\u00e9t\u00e9s hypoallerg\u00e9niques soulagent les personnes souffrant d'allergies et ayant la peau sensible.<\/p>\n<p>En plus de la literie, ce tissu convient parfaitement \u00e0 la confection de tissus d'ameublement l\u00e9gers, de housses de coussins et \u00e0 d'autres projets d'int\u00e9rieur qui exigent un style intemporel et une grande durabilit\u00e9.<\/p>\n<p>Que ce soit pour la literie des chambres d'adultes ou pour la literie la plus d\u00e9licate des chambres d'enfants, ce linge de maison sans produits chimiques garantit un sommeil frais et agr\u00e9able. Des \u00e9chantillons sont disponibles \u00e0 l'achat si vous souhaitez sentir la texture et voir les rayures tiss\u00e9es avant de commander au m\u00e8tre.<\/p>","protected":false},"excerpt":{"rendered":"<p>Ce tissu en lin \u00e0 fines rayures grises est id\u00e9al pour les draps, les taies d'oreiller et m\u00eame la literie d\u00e9licate pour nouveau-n\u00e9s. Fabriqu\u00e9 \u00e0 partir de lin naturel, il est doux et respirant. Tiss\u00e9 selon les normes les plus strictes de certification OEKO-TEX, il garantit puret\u00e9 et s\u00e9curit\u00e9 pour la literie de tous les jours et les articles d\u00e9licats destin\u00e9s \u00e0 la chambre de b\u00e9b\u00e9.<\/p>\n<p><strong>Poids :<\/strong> 185 g\/m\u00b2<br \/>\n<strong>Largeur<\/strong>: 59\u2033 ou 118\u2033 (150 cm ou 300 cm)<br \/>\nR\u00e9tr\u00e9cissement apr\u00e8s le premier lavage :<br \/>\n<strong>Dans le sens de la longueur :<\/strong> jusqu'\u00e0 10%<\/p>","protected":false},"featured_media":219244,"template":"","meta":{"_acf_changed":false},"product_brand":[],"product_cat":[25],"product_tag":[85,86,87,99,90,91,92,93,97,94,98,95],"class_list":{"0":"post-217515","1":"product","2":"type-product","3":"status-publish","4":"has-post-thumbnail","6":"product_cat-wool-fabrics-batting","7":"product_tag-craft-supplies","8":"product_tag-eco-friendly-textile","9":"product_tag-flax-linen-fabric","10":"product_tag-flax-linen-fabric-by-the-yard-or-metre","11":"product_tag-linen-fabric","12":"product_tag-natural-linen","13":"product_tag-prewashed-linen","14":"product_tag-pure-flax-linen","15":"product_tag-pure-linen","16":"product_tag-sewing-supply","17":"product_tag-striped-linen-fabric","18":"product_tag-undyed-fibers","20":"first","21":"instock","22":"shipping-taxable","23":"purchasable","24":"product-type-variable"},"acf":[],"yoast_head":"<!-- This site is optimized with the Yoast SEO Premium plugin v27.3 (Yoast SEO v27.3) - https:\/\/yoast.com\/product\/yoast-seo-premium-wordpress\/ -->\n<title>Linen Fabric with Thin Grey Stripes \u2013 Oeko-Tex Certified | Home of Wool<\/title>\n<meta name=\"description\" content=\"Eco-friendly and breathable, this natural, toxin-free linen with thin grey stripes is durable and versatile. Perfect for newborn bedding, sheets, cushions, and light upholstery.\" \/>\n<meta name=\"robots\" content=\"index, follow, max-snippet:-1, max-image-preview:large, max-video-preview:-1\" \/>\n<link rel=\"canonical\" href=\"https:\/\/homeofwool.com\/fr\/boutique\/tissu-en-lin-a-fines-rayures-grises\/\" \/>\n<meta property=\"og:locale\" content=\"fr_FR\" \/>\n<meta property=\"og:type\" content=\"article\" \/>\n<meta property=\"og:title\" content=\"Linen Fabric with Thin Grey Stripes\" \/>\n<meta property=\"og:description\" content=\"Eco-friendly and breathable, this natural, toxin-free linen with thin grey stripes is durable and versatile. Perfect for newborn bedding, sheets, cushions, and light upholstery.\" \/>\n<meta property=\"og:url\" content=\"https:\/\/homeofwool.com\/fr\/boutique\/tissu-en-lin-a-fines-rayures-grises\/\" \/>\n<meta property=\"og:site_name\" content=\"Home of Wool\" \/>\n<meta property=\"article:publisher\" content=\"https:\/\/facebook.com\/HomeOfWoolOfficial\" \/>\n<meta property=\"article:modified_time\" content=\"2026-02-16T09:41:10+00:00\" \/>\n<meta property=\"og:image\" content=\"https:\/\/homeofwool.com\/wp-content\/uploads\/2025\/09\/home-of-wool-linen-fabric-with-thin-grey-stripes-1-main.jpg\" \/>\n\t<meta property=\"og:image:width\" content=\"2000\" \/>\n\t<meta property=\"og:image:height\" content=\"1600\" \/>\n\t<meta property=\"og:image:type\" content=\"image\/jpeg\" \/>\n<meta name=\"twitter:card\" content=\"summary_large_image\" \/>\n<meta name=\"twitter:label1\" content=\"Dur\u00e9e de lecture estim\u00e9e\" \/>\n\t<meta name=\"twitter:data1\" content=\"2 minutes\" \/>\n<script type=\"application\/ld+json\" class=\"yoast-schema-graph\">{\"@context\":\"https:\\\/\\\/schema.org\",\"@graph\":[{\"@type\":\"WebPage\",\"@id\":\"https:\\\/\\\/homeofwool.com\\\/it\\\/negozio\\\/tessuto-di-lino-a-righe-sottili-grigie\\\/\",\"url\":\"https:\\\/\\\/homeofwool.com\\\/it\\\/negozio\\\/tessuto-di-lino-a-righe-sottili-grigie\\\/\",\"name\":\"Linen Fabric with Thin Grey Stripes \u2013 Oeko-Tex Certified | Home of Wool\",\"isPartOf\":{\"@id\":\"https:\\\/\\\/homeofwool.com\\\/#website\"},\"primaryImageOfPage\":{\"@id\":\"https:\\\/\\\/homeofwool.com\\\/it\\\/negozio\\\/tessuto-di-lino-a-righe-sottili-grigie\\\/#primaryimage\"},\"image\":{\"@id\":\"https:\\\/\\\/homeofwool.com\\\/it\\\/negozio\\\/tessuto-di-lino-a-righe-sottili-grigie\\\/#primaryimage\"},\"thumbnailUrl\":\"https:\\\/\\\/homeofwool.com\\\/wp-content\\\/uploads\\\/2025\\\/09\\\/home-of-wool-linen-fabric-with-thin-grey-stripes-1-main.jpg\",\"datePublished\":\"2025-09-02T12:00:51+00:00\",\"dateModified\":\"2026-02-16T09:41:10+00:00\",\"description\":\"Eco-friendly and breathable, this natural, toxin-free linen with thin grey stripes is durable and versatile. Perfect for newborn bedding, sheets, cushions, and light upholstery.\",\"breadcrumb\":{\"@id\":\"https:\\\/\\\/homeofwool.com\\\/it\\\/negozio\\\/tessuto-di-lino-a-righe-sottili-grigie\\\/#breadcrumb\"},\"inLanguage\":\"fr-FR\",\"potentialAction\":[{\"@type\":\"ReadAction\",\"target\":[\"https:\\\/\\\/homeofwool.com\\\/it\\\/negozio\\\/tessuto-di-lino-a-righe-sottili-grigie\\\/\"]}]},{\"@type\":\"ImageObject\",\"inLanguage\":\"fr-FR\",\"@id\":\"https:\\\/\\\/homeofwool.com\\\/it\\\/negozio\\\/tessuto-di-lino-a-righe-sottili-grigie\\\/#primaryimage\",\"url\":\"https:\\\/\\\/homeofwool.com\\\/wp-content\\\/uploads\\\/2025\\\/09\\\/home-of-wool-linen-fabric-with-thin-grey-stripes-1-main.jpg\",\"contentUrl\":\"https:\\\/\\\/homeofwool.com\\\/wp-content\\\/uploads\\\/2025\\\/09\\\/home-of-wool-linen-fabric-with-thin-grey-stripes-1-main.jpg\",\"width\":2000,\"height\":1600,\"caption\":\"linen fabric with thin grey stripes close up\"},{\"@type\":\"BreadcrumbList\",\"@id\":\"https:\\\/\\\/homeofwool.com\\\/it\\\/negozio\\\/tessuto-di-lino-a-righe-sottili-grigie\\\/#breadcrumb\",\"itemListElement\":[{\"@type\":\"ListItem\",\"position\":1,\"name\":\"Home\",\"item\":\"https:\\\/\\\/homeofwool.com\\\/\"},{\"@type\":\"ListItem\",\"position\":2,\"name\":\"Products\",\"item\":\"https:\\\/\\\/homeofwool.com\\\/header-search-2\\\/\"},{\"@type\":\"ListItem\",\"position\":3,\"name\":\"Linen Fabric with Thin Grey Stripes\"}]},{\"@type\":\"WebSite\",\"@id\":\"https:\\\/\\\/homeofwool.com\\\/#website\",\"url\":\"https:\\\/\\\/homeofwool.com\\\/\",\"name\":\"Home of Wool\",\"description\":\"\",\"publisher\":{\"@id\":\"https:\\\/\\\/homeofwool.com\\\/#organization\"},\"potentialAction\":[{\"@type\":\"SearchAction\",\"target\":{\"@type\":\"EntryPoint\",\"urlTemplate\":\"https:\\\/\\\/homeofwool.com\\\/?s={search_term_string}\"},\"query-input\":{\"@type\":\"PropertyValueSpecification\",\"valueRequired\":true,\"valueName\":\"search_term_string\"}}],\"inLanguage\":\"fr-FR\"},{\"@type\":\"Organization\",\"@id\":\"https:\\\/\\\/homeofwool.com\\\/#organization\",\"name\":\"Home of Wool\",\"url\":\"https:\\\/\\\/homeofwool.com\\\/\",\"logo\":{\"@type\":\"ImageObject\",\"inLanguage\":\"fr-FR\",\"@id\":\"https:\\\/\\\/homeofwool.com\\\/#\\\/schema\\\/logo\\\/image\\\/\",\"url\":\"https:\\\/\\\/homeofwool.com\\\/wp-content\\\/uploads\\\/2025\\\/09\\\/WhatsApp-Image-2025-12-02-at-16.23.20.jpeg\",\"contentUrl\":\"https:\\\/\\\/homeofwool.com\\\/wp-content\\\/uploads\\\/2025\\\/09\\\/WhatsApp-Image-2025-12-02-at-16.23.20.jpeg\",\"width\":700,\"height\":247,\"caption\":\"Home of Wool\"},\"image\":{\"@id\":\"https:\\\/\\\/homeofwool.com\\\/#\\\/schema\\\/logo\\\/image\\\/\"},\"sameAs\":[\"https:\\\/\\\/facebook.com\\\/HomeOfWoolOfficial\"]}]}<\/script>\n<!-- \/ Yoast SEO Premium plugin. -->","yoast_head_json":{"title":"Tissu en lin \u00e0 fines rayures grises \u2013 Certifi\u00e9 Oeko-Tex | Home of Wool","description":"\u00c9cologique et respirant, ce lin naturel sans toxines, orn\u00e9 de fines rayures grises, est durable et polyvalent. Id\u00e9al pour la literie des nouveau-n\u00e9s, les draps, les coussins et les tissus d'ameublement l\u00e9gers.","robots":{"index":"index","follow":"follow","max-snippet":"max-snippet:-1","max-image-preview":"max-image-preview:large","max-video-preview":"max-video-preview:-1"},"canonical":"https:\/\/homeofwool.com\/fr\/boutique\/tissu-en-lin-a-fines-rayures-grises\/","og_locale":"fr_FR","og_type":"article","og_title":"Linen Fabric with Thin Grey Stripes","og_description":"Eco-friendly and breathable, this natural, toxin-free linen with thin grey stripes is durable and versatile. Perfect for newborn bedding, sheets, cushions, and light upholstery.","og_url":"https:\/\/homeofwool.com\/fr\/boutique\/tissu-en-lin-a-fines-rayures-grises\/","og_site_name":"Home of Wool","article_publisher":"https:\/\/facebook.com\/HomeOfWoolOfficial","article_modified_time":"2026-02-16T09:41:10+00:00","og_image":[{"width":2000,"height":1600,"url":"https:\/\/homeofwool.com\/wp-content\/uploads\/2025\/09\/home-of-wool-linen-fabric-with-thin-grey-stripes-1-main.jpg","type":"image\/jpeg"}],"twitter_card":"summary_large_image","twitter_misc":{"Dur\u00e9e de lecture estim\u00e9e":"2 minutes"},"schema":{"@context":"https:\/\/schema.org","@graph":[{"@type":"WebPage","@id":"https:\/\/homeofwool.com\/it\/negozio\/tessuto-di-lino-a-righe-sottili-grigie\/","url":"https:\/\/homeofwool.com\/it\/negozio\/tessuto-di-lino-a-righe-sottili-grigie\/","name":"Tissu en lin \u00e0 fines rayures grises \u2013 Certifi\u00e9 Oeko-Tex | Home of Wool","isPartOf":{"@id":"https:\/\/homeofwool.com\/#website"},"primaryImageOfPage":{"@id":"https:\/\/homeofwool.com\/it\/negozio\/tessuto-di-lino-a-righe-sottili-grigie\/#primaryimage"},"image":{"@id":"https:\/\/homeofwool.com\/it\/negozio\/tessuto-di-lino-a-righe-sottili-grigie\/#primaryimage"},"thumbnailUrl":"https:\/\/homeofwool.com\/wp-content\/uploads\/2025\/09\/home-of-wool-linen-fabric-with-thin-grey-stripes-1-main.jpg","datePublished":"2025-09-02T12:00:51+00:00","dateModified":"2026-02-16T09:41:10+00:00","description":"\u00c9cologique et respirant, ce lin naturel sans toxines, orn\u00e9 de fines rayures grises, est durable et polyvalent. Id\u00e9al pour la literie des nouveau-n\u00e9s, les draps, les coussins et les tissus d'ameublement l\u00e9gers.","breadcrumb":{"@id":"https:\/\/homeofwool.com\/it\/negozio\/tessuto-di-lino-a-righe-sottili-grigie\/#breadcrumb"},"inLanguage":"fr-FR","potentialAction":[{"@type":"ReadAction","target":["https:\/\/homeofwool.com\/it\/negozio\/tessuto-di-lino-a-righe-sottili-grigie\/"]}]},{"@type":"ImageObject","inLanguage":"fr-FR","@id":"https:\/\/homeofwool.com\/it\/negozio\/tessuto-di-lino-a-righe-sottili-grigie\/#primaryimage","url":"https:\/\/homeofwool.com\/wp-content\/uploads\/2025\/09\/home-of-wool-linen-fabric-with-thin-grey-stripes-1-main.jpg","contentUrl":"https:\/\/homeofwool.com\/wp-content\/uploads\/2025\/09\/home-of-wool-linen-fabric-with-thin-grey-stripes-1-main.jpg","width":2000,"height":1600,"caption":"linen fabric with thin grey stripes close up"},{"@type":"BreadcrumbList","@id":"https:\/\/homeofwool.com\/it\/negozio\/tessuto-di-lino-a-righe-sottili-grigie\/#breadcrumb","itemListElement":[{"@type":"ListItem","position":1,"name":"Home","item":"https:\/\/homeofwool.com\/"},{"@type":"ListItem","position":2,"name":"Products","item":"https:\/\/homeofwool.com\/header-search-2\/"},{"@type":"ListItem","position":3,"name":"Linen Fabric with Thin Grey Stripes"}]},{"@type":"WebSite","@id":"https:\/\/homeofwool.com\/#website","url":"https:\/\/homeofwool.com\/","name":"La maison de la laine","description":"","publisher":{"@id":"https:\/\/homeofwool.com\/#organization"},"potentialAction":[{"@type":"SearchAction","target":{"@type":"EntryPoint","urlTemplate":"https:\/\/homeofwool.com\/?s={search_term_string}"},"query-input":{"@type":"PropertyValueSpecification","valueRequired":true,"valueName":"search_term_string"}}],"inLanguage":"fr-FR"},{"@type":"Organization","@id":"https:\/\/homeofwool.com\/#organization","name":"La maison de la laine","url":"https:\/\/homeofwool.com\/","logo":{"@type":"ImageObject","inLanguage":"fr-FR","@id":"https:\/\/homeofwool.com\/#\/schema\/logo\/image\/","url":"https:\/\/homeofwool.com\/wp-content\/uploads\/2025\/09\/WhatsApp-Image-2025-12-02-at-16.23.20.jpeg","contentUrl":"https:\/\/homeofwool.com\/wp-content\/uploads\/2025\/09\/WhatsApp-Image-2025-12-02-at-16.23.20.jpeg","width":700,"height":247,"caption":"Home of Wool"},"image":{"@id":"https:\/\/homeofwool.com\/#\/schema\/logo\/image\/"},"sameAs":["https:\/\/facebook.com\/HomeOfWoolOfficial"]}]}},"_links":{"self":[{"href":"https:\/\/homeofwool.com\/fr\/wp-json\/wp\/v2\/product\/217515","targetHints":{"allow":["GET"]}}],"collection":[{"href":"https:\/\/homeofwool.com\/fr\/wp-json\/wp\/v2\/product"}],"about":[{"href":"https:\/\/homeofwool.com\/fr\/wp-json\/wp\/v2\/types\/product"}],"version-history":[{"count":2,"href":"https:\/\/homeofwool.com\/fr\/wp-json\/wp\/v2\/product\/217515\/revisions"}],"predecessor-version":[{"id":228298,"href":"https:\/\/homeofwool.com\/fr\/wp-json\/wp\/v2\/product\/217515\/revisions\/228298"}],"wp:featuredmedia":[{"embeddable":true,"href":"https:\/\/homeofwool.com\/fr\/wp-json\/wp\/v2\/media\/219244"}],"wp:attachment":[{"href":"https:\/\/homeofwool.com\/fr\/wp-json\/wp\/v2\/media?parent=217515"}],"wp:term":[{"taxonomy":"product_brand","embeddable":true,"href":"https:\/\/homeofwool.com\/fr\/wp-json\/wp\/v2\/product_brand?post=217515"},{"taxonomy":"product_cat","embeddable":true,"href":"https:\/\/homeofwool.com\/fr\/wp-json\/wp\/v2\/product_cat?post=217515"},{"taxonomy":"product_tag","embeddable":true,"href":"https:\/\/homeofwool.com\/fr\/wp-json\/wp\/v2\/product_tag?post=217515"}],"curies":[{"name":"wp","href":"https:\/\/api.w.org\/{rel}","templated":true}]}}